{"id":4091,"date":"2023-10-02T16:46:40","date_gmt":"2023-10-02T16:46:40","guid":{"rendered":"https:\/\/abaa.mx\/tienda\/?post_type=product&#038;p=4091"},"modified":"2023-10-02T16:46:40","modified_gmt":"2023-10-02T16:46:40","slug":"mitutoyo-102-331-10-serie-101-micrometro-exterior-2-a-3-parada-de-trinquete","status":"publish","type":"product","link":"https:\/\/abaa.mx\/tienda\/mitutoyo-102-331-10-serie-101-micrometro-exterior-2-a-3-parada-de-trinquete\/","title":{"rendered":"Mitutoyo 102-331-10 serie 101 micr\u00f3metro exterior, 2 a 3&#8243;, parada de trinquete"},"content":{"rendered":"<div class=\"row-fluid\">\n<div class=\"span12\">\n<div class=\"row-fluid\">\n<div class=\"span10\">\n<div class=\"mhide ipad-view-setting\">\n<div class=\"row-fluid ProductTabs\">\n<div class=\"span12\">\n<div class=\"tab-content\">\n<div id=\"tab0\" class=\"product-tabs tab-pane  active\">\n<h4>Mitutoyo 102-331-10<\/h4>\n<p>Con este micr\u00f3metro exterior Mitutoyo 101-119 serie 101, puede tomar medidas precisas en espacios reducidos gracias a su dise\u00f1o c\u00f3nico en el lado del yunque. El micr\u00f3metro cuenta con una cara de medici\u00f3n con punta de carburo y un acabado en cromo satinado.<\/p>\n<p><strong>Funciones<\/strong><\/p>\n<ul>\n<li>Dise\u00f1o c\u00f3nico en el lado del yunque para mediciones en lugares dif\u00edciles de alcanzar<\/li>\n<li>Cuenta con una parada de trinquete<\/li>\n<li>Caras de medici\u00f3n con punta de carburo<\/li>\n<li>El marco con acabado en cromo satinado ofrece mayor durabilidad<\/li>\n<li>Guarde el medidor en la caja de pl\u00e1stico equipada incluida<\/li>\n<\/ul>\n<h4>Especificaciones<\/h4>\n<table class=\"table table-striped\">\n<tbody>\n<tr>\n<td>Terminar<\/td>\n<td>Cromo satinado<\/td>\n<\/tr>\n<tr>\n<td>Gama<\/td>\n<td>2 a 3&#8243; (50,8 a 76,2 mm)<\/td>\n<\/tr>\n<tr>\n<td>Exactitud<\/td>\n<td>\u00b10,0001&#8243; (2,54 \u03bcm)<\/td>\n<\/tr>\n<tr>\n<td>Graduaci\u00f3n<\/td>\n<td>0,0001&#8243; (2,54 \u03bcm)<\/td>\n<\/tr>\n<tr>\n<td>Llanura<\/td>\n<td>0,000024&#8243; (0,61 \u03bcm)<\/td>\n<\/tr>\n<tr>\n<td>Paralelismo<\/td>\n<td>0,00008&#8243; (2,03 \u03bcm)<\/td>\n<\/tr>\n<tr>\n<td>Medici\u00f3n de la cara<\/td>\n<td>Carburo con punta<\/td>\n<\/tr>\n<tr>\n<td>Peso del producto<\/td>\n<td>14,46 onzas (410 g)<\/td>\n<\/tr>\n<\/tbody>\n<\/table>\n<\/div>\n<\/div>\n<\/div>\n<\/div>\n<\/div>\n<\/div>\n<\/div>\n<\/div>\n<\/div>\n","protected":false},"excerpt":{"rendered":"<p class=\"short-description mhide ipad-view-setting\">Tome medidas precisas con este micr\u00f3metro. El dise\u00f1o c\u00f3nico en el lado del yunque es ideal para espacios reducidos.<\/p>\n<p class=\"comment-tag-product\">\n<div class=\"row-fluid\">\n<div class=\"span12 mobile-pricing-box-padding\">\n<form id=\"123181\" accept-charset=\"utf-8\" action=\"https:\/\/www.globaltestsupply.com\/shop\/add\" method=\"post\" name=\"addTocartFunction\">\n<div><\/div>\n<div><\/div>\n<\/form>\n<\/div>\n<\/div>\n<p class=\"comment-tag-product\">\n<div class=\"row-fluid\">\n<div class=\"span12 mobile-pricing-box-padding\">\n<form id=\"123181\" accept-charset=\"utf-8\" action=\"https:\/\/www.globaltestsupply.com\/shop\/add\" method=\"post\" name=\"addTocartFunction\">\n<div><\/div>\n<\/form>\n<\/div>\n<\/div>\n","protected":false},"featured_media":4117,"comment_status":"open","ping_status":"closed","template":"","meta":{"_joinchat":[]},"product_brand":[],"product_cat":[15],"product_tag":[],"class_list":{"0":"post-4091","1":"product","2":"type-product","3":"status-publish","4":"has-post-thumbnail","6":"product_cat-sin-categorizar","8":"first","9":"instock","10":"shipping-taxable","11":"product-type-simple"},"yoast_head":"<!-- This site is optimized with the Yoast SEO plugin v26.4 - https:\/\/yoast.com\/wordpress\/plugins\/seo\/ -->\n<title>Mitutoyo 102-331-10 serie 101 micr\u00f3metro exterior, 2 a 3&quot;, parada de trinquete - Abaa tienda online<\/title>\n<meta name=\"robots\" content=\"index, follow, max-snippet:-1, max-image-preview:large, max-video-preview:-1\" \/>\n<link rel=\"canonical\" href=\"https:\/\/abaa.mx\/tienda\/mitutoyo-102-331-10-serie-101-micrometro-exterior-2-a-3-parada-de-trinquete\/\" \/>\n<meta property=\"og:locale\" content=\"es_MX\" \/>\n<meta property=\"og:type\" content=\"article\" \/>\n<meta property=\"og:title\" content=\"Mitutoyo 102-331-10 serie 101 micr\u00f3metro exterior, 2 a 3&quot;, parada de trinquete - Abaa tienda online\" \/>\n<meta property=\"og:description\" content=\"Tome medidas precisas con este micr\u00f3metro. El dise\u00f1o c\u00f3nico en el lado del yunque es ideal para espacios reducidos.\" \/>\n<meta property=\"og:url\" content=\"https:\/\/abaa.mx\/tienda\/mitutoyo-102-331-10-serie-101-micrometro-exterior-2-a-3-parada-de-trinquete\/\" \/>\n<meta property=\"og:site_name\" content=\"Abaa tienda online\" \/>\n<meta property=\"og:image\" content=\"https:\/\/abaa.mx\/tienda\/wp-content\/uploads\/2023\/10\/102-331-10.jpg\" \/>\n\t<meta property=\"og:image:width\" content=\"474\" \/>\n\t<meta property=\"og:image:height\" content=\"258\" \/>\n\t<meta property=\"og:image:type\" content=\"image\/jpeg\" \/>\n<meta name=\"twitter:card\" content=\"summary_large_image\" \/>\n<meta name=\"twitter:label1\" content=\"Tiempo de lectura\" \/>\n\t<meta name=\"twitter:data1\" content=\"1 minuto\" \/>\n<script type=\"application\/ld+json\" class=\"yoast-schema-graph\">{\"@context\":\"https:\/\/schema.org\",\"@graph\":[{\"@type\":\"WebPage\",\"@id\":\"https:\/\/abaa.mx\/tienda\/mitutoyo-102-331-10-serie-101-micrometro-exterior-2-a-3-parada-de-trinquete\/\",\"url\":\"https:\/\/abaa.mx\/tienda\/mitutoyo-102-331-10-serie-101-micrometro-exterior-2-a-3-parada-de-trinquete\/\",\"name\":\"Mitutoyo 102-331-10 serie 101 micr\u00f3metro exterior, 2 a 3\\\", parada de trinquete - Abaa tienda online\",\"isPartOf\":{\"@id\":\"https:\/\/abaa.mx\/tienda\/#website\"},\"primaryImageOfPage\":{\"@id\":\"https:\/\/abaa.mx\/tienda\/mitutoyo-102-331-10-serie-101-micrometro-exterior-2-a-3-parada-de-trinquete\/#primaryimage\"},\"image\":{\"@id\":\"https:\/\/abaa.mx\/tienda\/mitutoyo-102-331-10-serie-101-micrometro-exterior-2-a-3-parada-de-trinquete\/#primaryimage\"},\"thumbnailUrl\":\"https:\/\/abaa.mx\/tienda\/wp-content\/uploads\/2023\/10\/102-331-10.jpg\",\"datePublished\":\"2023-10-02T16:46:40+00:00\",\"breadcrumb\":{\"@id\":\"https:\/\/abaa.mx\/tienda\/mitutoyo-102-331-10-serie-101-micrometro-exterior-2-a-3-parada-de-trinquete\/#breadcrumb\"},\"inLanguage\":\"es\",\"potentialAction\":[{\"@type\":\"ReadAction\",\"target\":[\"https:\/\/abaa.mx\/tienda\/mitutoyo-102-331-10-serie-101-micrometro-exterior-2-a-3-parada-de-trinquete\/\"]}]},{\"@type\":\"ImageObject\",\"inLanguage\":\"es\",\"@id\":\"https:\/\/abaa.mx\/tienda\/mitutoyo-102-331-10-serie-101-micrometro-exterior-2-a-3-parada-de-trinquete\/#primaryimage\",\"url\":\"https:\/\/abaa.mx\/tienda\/wp-content\/uploads\/2023\/10\/102-331-10.jpg\",\"contentUrl\":\"https:\/\/abaa.mx\/tienda\/wp-content\/uploads\/2023\/10\/102-331-10.jpg\",\"width\":474,\"height\":258,\"caption\":\"mitutoyo-102-331-10-serie-101-micrometro-exterior-2-a-3-parada-de-trinquete\"},{\"@type\":\"BreadcrumbList\",\"@id\":\"https:\/\/abaa.mx\/tienda\/mitutoyo-102-331-10-serie-101-micrometro-exterior-2-a-3-parada-de-trinquete\/#breadcrumb\",\"itemListElement\":[{\"@type\":\"ListItem\",\"position\":1,\"name\":\"Inicio\",\"item\":\"https:\/\/abaa.mx\/tienda\/\"},{\"@type\":\"ListItem\",\"position\":2,\"name\":\"Tienda\",\"item\":\"https:\/\/abaa.mx\/tienda\/\"},{\"@type\":\"ListItem\",\"position\":3,\"name\":\"Mitutoyo 102-331-10 serie 101 micr\u00f3metro exterior, 2 a 3&#8243;, parada de trinquete\"}]},{\"@type\":\"WebSite\",\"@id\":\"https:\/\/abaa.mx\/tienda\/#website\",\"url\":\"https:\/\/abaa.mx\/tienda\/\",\"name\":\"Abaa tienda online\",\"description\":\"Instrumentos de medici\u00f3n\",\"publisher\":{\"@id\":\"https:\/\/abaa.mx\/tienda\/#organization\"},\"potentialAction\":[{\"@type\":\"SearchAction\",\"target\":{\"@type\":\"EntryPoint\",\"urlTemplate\":\"https:\/\/abaa.mx\/tienda\/?s={search_term_string}\"},\"query-input\":{\"@type\":\"PropertyValueSpecification\",\"valueRequired\":true,\"valueName\":\"search_term_string\"}}],\"inLanguage\":\"es\"},{\"@type\":\"Organization\",\"@id\":\"https:\/\/abaa.mx\/tienda\/#organization\",\"name\":\"Abaa tienda online\",\"url\":\"https:\/\/abaa.mx\/tienda\/\",\"logo\":{\"@type\":\"ImageObject\",\"inLanguage\":\"es\",\"@id\":\"https:\/\/abaa.mx\/tienda\/#\/schema\/logo\/image\/\",\"url\":\"https:\/\/abaa.mx\/tienda\/wp-content\/uploads\/2024\/01\/abaa-metrologia-tienda.png\",\"contentUrl\":\"https:\/\/abaa.mx\/tienda\/wp-content\/uploads\/2024\/01\/abaa-metrologia-tienda.png\",\"width\":300,\"height\":141,\"caption\":\"Abaa tienda online\"},\"image\":{\"@id\":\"https:\/\/abaa.mx\/tienda\/#\/schema\/logo\/image\/\"}}]}<\/script>\n<!-- \/ Yoast SEO plugin. -->","yoast_head_json":{"title":"Mitutoyo 102-331-10 serie 101 micr\u00f3metro exterior, 2 a 3\", parada de trinquete - Abaa tienda online","robots":{"index":"index","follow":"follow","max-snippet":"max-snippet:-1","max-image-preview":"max-image-preview:large","max-video-preview":"max-video-preview:-1"},"canonical":"https:\/\/abaa.mx\/tienda\/mitutoyo-102-331-10-serie-101-micrometro-exterior-2-a-3-parada-de-trinquete\/","og_locale":"es_MX","og_type":"article","og_title":"Mitutoyo 102-331-10 serie 101 micr\u00f3metro exterior, 2 a 3\", parada de trinquete - Abaa tienda online","og_description":"Tome medidas precisas con este micr\u00f3metro. El dise\u00f1o c\u00f3nico en el lado del yunque es ideal para espacios reducidos.","og_url":"https:\/\/abaa.mx\/tienda\/mitutoyo-102-331-10-serie-101-micrometro-exterior-2-a-3-parada-de-trinquete\/","og_site_name":"Abaa tienda online","og_image":[{"width":474,"height":258,"url":"https:\/\/abaa.mx\/tienda\/wp-content\/uploads\/2023\/10\/102-331-10.jpg","type":"image\/jpeg"}],"twitter_card":"summary_large_image","twitter_misc":{"Tiempo de lectura":"1 minuto"},"schema":{"@context":"https:\/\/schema.org","@graph":[{"@type":"WebPage","@id":"https:\/\/abaa.mx\/tienda\/mitutoyo-102-331-10-serie-101-micrometro-exterior-2-a-3-parada-de-trinquete\/","url":"https:\/\/abaa.mx\/tienda\/mitutoyo-102-331-10-serie-101-micrometro-exterior-2-a-3-parada-de-trinquete\/","name":"Mitutoyo 102-331-10 serie 101 micr\u00f3metro exterior, 2 a 3\", parada de trinquete - Abaa tienda online","isPartOf":{"@id":"https:\/\/abaa.mx\/tienda\/#website"},"primaryImageOfPage":{"@id":"https:\/\/abaa.mx\/tienda\/mitutoyo-102-331-10-serie-101-micrometro-exterior-2-a-3-parada-de-trinquete\/#primaryimage"},"image":{"@id":"https:\/\/abaa.mx\/tienda\/mitutoyo-102-331-10-serie-101-micrometro-exterior-2-a-3-parada-de-trinquete\/#primaryimage"},"thumbnailUrl":"https:\/\/abaa.mx\/tienda\/wp-content\/uploads\/2023\/10\/102-331-10.jpg","datePublished":"2023-10-02T16:46:40+00:00","breadcrumb":{"@id":"https:\/\/abaa.mx\/tienda\/mitutoyo-102-331-10-serie-101-micrometro-exterior-2-a-3-parada-de-trinquete\/#breadcrumb"},"inLanguage":"es","potentialAction":[{"@type":"ReadAction","target":["https:\/\/abaa.mx\/tienda\/mitutoyo-102-331-10-serie-101-micrometro-exterior-2-a-3-parada-de-trinquete\/"]}]},{"@type":"ImageObject","inLanguage":"es","@id":"https:\/\/abaa.mx\/tienda\/mitutoyo-102-331-10-serie-101-micrometro-exterior-2-a-3-parada-de-trinquete\/#primaryimage","url":"https:\/\/abaa.mx\/tienda\/wp-content\/uploads\/2023\/10\/102-331-10.jpg","contentUrl":"https:\/\/abaa.mx\/tienda\/wp-content\/uploads\/2023\/10\/102-331-10.jpg","width":474,"height":258,"caption":"mitutoyo-102-331-10-serie-101-micrometro-exterior-2-a-3-parada-de-trinquete"},{"@type":"BreadcrumbList","@id":"https:\/\/abaa.mx\/tienda\/mitutoyo-102-331-10-serie-101-micrometro-exterior-2-a-3-parada-de-trinquete\/#breadcrumb","itemListElement":[{"@type":"ListItem","position":1,"name":"Inicio","item":"https:\/\/abaa.mx\/tienda\/"},{"@type":"ListItem","position":2,"name":"Tienda","item":"https:\/\/abaa.mx\/tienda\/"},{"@type":"ListItem","position":3,"name":"Mitutoyo 102-331-10 serie 101 micr\u00f3metro exterior, 2 a 3&#8243;, parada de trinquete"}]},{"@type":"WebSite","@id":"https:\/\/abaa.mx\/tienda\/#website","url":"https:\/\/abaa.mx\/tienda\/","name":"Abaa tienda online","description":"Instrumentos de medici\u00f3n","publisher":{"@id":"https:\/\/abaa.mx\/tienda\/#organization"},"potentialAction":[{"@type":"SearchAction","target":{"@type":"EntryPoint","urlTemplate":"https:\/\/abaa.mx\/tienda\/?s={search_term_string}"},"query-input":{"@type":"PropertyValueSpecification","valueRequired":true,"valueName":"search_term_string"}}],"inLanguage":"es"},{"@type":"Organization","@id":"https:\/\/abaa.mx\/tienda\/#organization","name":"Abaa tienda online","url":"https:\/\/abaa.mx\/tienda\/","logo":{"@type":"ImageObject","inLanguage":"es","@id":"https:\/\/abaa.mx\/tienda\/#\/schema\/logo\/image\/","url":"https:\/\/abaa.mx\/tienda\/wp-content\/uploads\/2024\/01\/abaa-metrologia-tienda.png","contentUrl":"https:\/\/abaa.mx\/tienda\/wp-content\/uploads\/2024\/01\/abaa-metrologia-tienda.png","width":300,"height":141,"caption":"Abaa tienda online"},"image":{"@id":"https:\/\/abaa.mx\/tienda\/#\/schema\/logo\/image\/"}}]}},"_links":{"self":[{"href":"https:\/\/abaa.mx\/tienda\/wp-json\/wp\/v2\/product\/4091","targetHints":{"allow":["GET"]}}],"collection":[{"href":"https:\/\/abaa.mx\/tienda\/wp-json\/wp\/v2\/product"}],"about":[{"href":"https:\/\/abaa.mx\/tienda\/wp-json\/wp\/v2\/types\/product"}],"replies":[{"embeddable":true,"href":"https:\/\/abaa.mx\/tienda\/wp-json\/wp\/v2\/comments?post=4091"}],"wp:featuredmedia":[{"embeddable":true,"href":"https:\/\/abaa.mx\/tienda\/wp-json\/wp\/v2\/media\/4117"}],"wp:attachment":[{"href":"https:\/\/abaa.mx\/tienda\/wp-json\/wp\/v2\/media?parent=4091"}],"wp:term":[{"taxonomy":"product_brand","embeddable":true,"href":"https:\/\/abaa.mx\/tienda\/wp-json\/wp\/v2\/product_brand?post=4091"},{"taxonomy":"product_cat","embeddable":true,"href":"https:\/\/abaa.mx\/tienda\/wp-json\/wp\/v2\/product_cat?post=4091"},{"taxonomy":"product_tag","embeddable":true,"href":"https:\/\/abaa.mx\/tienda\/wp-json\/wp\/v2\/product_tag?post=4091"}],"curies":[{"name":"wp","href":"https:\/\/api.w.org\/{rel}","templated":true}]}}