{"id":4069,"date":"2023-10-02T15:36:19","date_gmt":"2023-10-02T15:36:19","guid":{"rendered":"https:\/\/abaa.mx\/tienda\/?post_type=product&#038;p=4069"},"modified":"2023-12-07T19:22:27","modified_gmt":"2023-12-07T19:22:27","slug":"dwyer-605-0-transmisor-indicador-diferencial-magnehelico-0-50w-c","status":"publish","type":"product","link":"https:\/\/abaa.mx\/tienda\/dwyer-605-0-transmisor-indicador-diferencial-magnehelico-0-50w-c\/","title":{"rendered":"Dwyer 605-0 transmisor indicador diferencial magneh\u00e9lico (0-.50-w.c.)&#8221;"},"content":{"rendered":"<h4>Dwyer 605-0 MAGNEHELIC, TRANSMISOR INDICADOR, 0-.50<\/h4>\n<ul>\n<li>El medidor de dial f\u00e1cil de leer se complementa con la se\u00f1al de control de dos hilos y 4-20 mA que utiliza el dise\u00f1o mec\u00e1nico del medidor Dwyer Magnehelic y la tecnolog\u00eda de transmisor de la Serie 600.<\/li>\n<li>El dise\u00f1o de dos hilos con regleta de terminales en la parte trasera simplifica la conexi\u00f3n en cualquier bucle de control de 4-20 mA alimentado por una fuente de alimentaci\u00f3n de 10-35 VCC.<\/li>\n<\/ul>\n<p><strong>Especificaciones del medidor:<\/strong><\/p>\n<p>Servicio: Aire y gases no combustibles, compatibles.<br \/>\nPrecisi\u00f3n: +\/- 3%.<br \/>\nEstabilidad: \u00b11% F.S.\/a\u00f1o.L\u00edmites<br \/>\nde presi\u00f3n: 25 psi (1,7 bar).<br \/>\nL\u00edmites de temperatura: 20 a 120 \u00b0 F (-6.67 a 48.9 \u00b0 C).<br \/>\nConexiones de proceso: 1\/8&#8243; hembra NPT.<br \/>\nTama\u00f1o: 4&#8243; (101,6 mm) de esfera de marca, 5&#8243; (127 mm) de di\u00e1metro exterior 2-11\/16&#8243; (68,3 mm).<br \/>\nPeso: 1 lb, 12.6 oz (811 g).<br \/>\nAprobaciones de agencia: CE.<\/p>\n<p><strong>Especificaciones del transmisor:<\/strong><\/p>\n<p>Precisi\u00f3n: +\/- 2% (incluye linealidad, hist\u00e9resis, repetibilidad).<br \/>\nL\u00edmites de temperatura: 20 a 120 \u00b0 F (-6.67 a 48.9 \u00b0 C).<br \/>\nRango de temperatura compensado: 32 a 120 \u00b0 F (0 a 48.9 \u00b0 C).<br \/>\nEfecto t\u00e9rmico: \u00b10.025% F.S.\/\u00b0F (0.045% F.S.\/\u00b0C).<br \/>\nRequisitos de alimentaci\u00f3n: 10-35 VCC (2 hilos).<br \/>\nSe\u00f1al de salida: 4 a 20 mA.<br \/>\nAjustes de cero y span: potenci\u00f3metros protegidos.<br \/>\nResistencia al bucle: DC; 0-1250 ohmios m\u00e1ximo.<br \/>\nConsumo de corriente: DC; 38 mA m\u00e1ximo.<br \/>\nConexiones el\u00e9ctricas: Bloque de terminales de tornillo.<br \/>\nOrientaci\u00f3n de montaje: Diafragma en posici\u00f3n vertical.<\/p>\n<h4>Dwyer 605-0 Especificaciones<\/h4>\n<table class=\"table table-striped\">\n<tbody>\n<tr>\n<td colspan=\"2\"><strong>Calibre<\/strong><\/td>\n<\/tr>\n<tr>\n<td>Servicio<\/td>\n<td>Aire y gases no combustibles, compatibles<\/td>\n<\/tr>\n<tr>\n<td>Estabilidad<\/td>\n<td>\u00b11% FS\/a\u00f1o<\/td>\n<\/tr>\n<tr>\n<td>L\u00edmites de temperatura<\/td>\n<td>20 a 120\u00b0F (-6.67 a 48.9\u00b0C)<\/td>\n<\/tr>\n<tr>\n<td>Conexiones de proceso<\/td>\n<td>1\/8&#8243; NPT hembra<\/td>\n<\/tr>\n<tr>\n<td>Tama\u00f1o<\/td>\n<td>Esfera de 4&#8243; (101,6 mm), di\u00e1metro exterior de 5&#8243; (127 mm) x 2,11 mm (16-68\/3&#8243;)<\/td>\n<\/tr>\n<tr>\n<td>Peso<\/td>\n<td>1 lb, 12,6 onzas (811 g)<\/td>\n<\/tr>\n<tr>\n<td>Aprobaciones de agencias<\/td>\n<td>Despu\u00e9s de Cristo<\/td>\n<\/tr>\n<tr>\n<td colspan=\"2\"><strong>Transmisor<\/strong><\/td>\n<\/tr>\n<tr>\n<td>L\u00edmites de temperatura<\/td>\n<td>20 a 120\u00b0F (-6.67 a 48.9\u00b0C)<\/td>\n<\/tr>\n<tr>\n<td>Rango de temperatura compensada<\/td>\n<td>32 a 120\u00b0F (0 a 48.9\u00b0C)<\/td>\n<\/tr>\n<tr>\n<td>Efecto t\u00e9rmico<\/td>\n<td>\u00b10,025% FS\/\u00b0F (0,045% FS\/\u00b0C)<\/td>\n<\/tr>\n<tr>\n<td>Requisitos de alimentaci\u00f3n<\/td>\n<td>De 10 a 35 VCC (2 hilos)<\/td>\n<\/tr>\n<tr>\n<td>Se\u00f1al de salida<\/td>\n<td>4 a 20 mA<\/td>\n<\/tr>\n<tr>\n<td>Ajustes de cero y span<\/td>\n<td>Potenci\u00f3metros protegidos<\/td>\n<\/tr>\n<tr>\n<td>Resistencia al bucle<\/td>\n<td>DC: 0 a 1250 \u03a9 m\u00e1ximo<\/td>\n<\/tr>\n<tr>\n<td>Consumo de corriente<\/td>\n<td>CC: 38 mA m\u00e1ximo<\/td>\n<\/tr>\n<tr>\n<td>Conexiones el\u00e9ctricas<\/td>\n<td>Bloque de terminales de tornillo<\/td>\n<\/tr>\n<tr>\n<td>Orientaci\u00f3n de montaje<\/td>\n<td>Diafragma en posici\u00f3n vertical<\/td>\n<\/tr>\n<\/tbody>\n<\/table>\n","protected":false},"excerpt":{"rendered":"<p class=\"short-description mhide ipad-view-setting\">Proporciona tanto monitoreo visual como control electr\u00f3nico de presi\u00f3n diferencial muy baja. Ideal para aplicaciones de control en la construcci\u00f3n de sistemas HVAC\/R donde se desea una indicaci\u00f3n local durante las comprobaciones de mantenimiento de rutina o es necesaria cuando se solucionan problemas del sistema.<\/p>\n<div class=\"row-fluid\">\n<div class=\"span12 mobile-pricing-box-padding\">\n<form id=\"51381\" accept-charset=\"utf-8\" action=\"https:\/\/www.globaltestsupply.com\/shop\/add\" method=\"post\" name=\"addTocartFunction\">\n<div><\/div>\n<\/form>\n<\/div>\n<\/div>\n","protected":false},"featured_media":4080,"comment_status":"open","ping_status":"closed","template":"","meta":{"_joinchat":[]},"product_brand":[],"product_cat":[15],"product_tag":[],"class_list":{"0":"post-4069","1":"product","2":"type-product","3":"status-publish","4":"has-post-thumbnail","6":"product_cat-sin-categorizar","8":"first","9":"instock","10":"shipping-taxable","11":"product-type-simple"},"yoast_head":"<!-- This site is optimized with the Yoast SEO plugin v26.4 - https:\/\/yoast.com\/wordpress\/plugins\/seo\/ -->\n<title>Dwyer 605-0 transmisor indicador diferencial magneh\u00e9lico (0-.50-w.c.)&quot; - Abaa tienda online<\/title>\n<meta name=\"robots\" content=\"index, follow, max-snippet:-1, max-image-preview:large, max-video-preview:-1\" \/>\n<link rel=\"canonical\" href=\"https:\/\/abaa.mx\/tienda\/dwyer-605-0-transmisor-indicador-diferencial-magnehelico-0-50w-c\/\" \/>\n<meta property=\"og:locale\" content=\"es_MX\" \/>\n<meta property=\"og:type\" content=\"article\" \/>\n<meta property=\"og:title\" content=\"Dwyer 605-0 transmisor indicador diferencial magneh\u00e9lico (0-.50-w.c.)&quot; - Abaa tienda online\" \/>\n<meta property=\"og:description\" content=\"Proporciona tanto monitoreo visual como control electr\u00f3nico de presi\u00f3n diferencial muy baja. Ideal para aplicaciones de control en la construcci\u00f3n de sistemas HVAC\/R donde se desea una indicaci\u00f3n local durante las comprobaciones de mantenimiento de rutina o es necesaria cuando se solucionan problemas del sistema.\" \/>\n<meta property=\"og:url\" content=\"https:\/\/abaa.mx\/tienda\/dwyer-605-0-transmisor-indicador-diferencial-magnehelico-0-50w-c\/\" \/>\n<meta property=\"og:site_name\" content=\"Abaa tienda online\" \/>\n<meta property=\"article:modified_time\" content=\"2023-12-07T19:22:27+00:00\" \/>\n<meta property=\"og:image\" content=\"https:\/\/abaa.mx\/tienda\/wp-content\/uploads\/2023\/10\/605-0.jpg\" \/>\n\t<meta property=\"og:image:width\" content=\"270\" \/>\n\t<meta property=\"og:image:height\" content=\"270\" \/>\n\t<meta property=\"og:image:type\" content=\"image\/jpeg\" \/>\n<meta name=\"twitter:card\" content=\"summary_large_image\" \/>\n<meta name=\"twitter:label1\" content=\"Tiempo de lectura\" \/>\n\t<meta name=\"twitter:data1\" content=\"2 minutos\" \/>\n<script type=\"application\/ld+json\" class=\"yoast-schema-graph\">{\"@context\":\"https:\/\/schema.org\",\"@graph\":[{\"@type\":\"WebPage\",\"@id\":\"https:\/\/abaa.mx\/tienda\/dwyer-605-0-transmisor-indicador-diferencial-magnehelico-0-50w-c\/\",\"url\":\"https:\/\/abaa.mx\/tienda\/dwyer-605-0-transmisor-indicador-diferencial-magnehelico-0-50w-c\/\",\"name\":\"Dwyer 605-0 transmisor indicador diferencial magneh\u00e9lico (0-.50-w.c.)\\\" - Abaa tienda online\",\"isPartOf\":{\"@id\":\"https:\/\/abaa.mx\/tienda\/#website\"},\"primaryImageOfPage\":{\"@id\":\"https:\/\/abaa.mx\/tienda\/dwyer-605-0-transmisor-indicador-diferencial-magnehelico-0-50w-c\/#primaryimage\"},\"image\":{\"@id\":\"https:\/\/abaa.mx\/tienda\/dwyer-605-0-transmisor-indicador-diferencial-magnehelico-0-50w-c\/#primaryimage\"},\"thumbnailUrl\":\"https:\/\/abaa.mx\/tienda\/wp-content\/uploads\/2023\/10\/605-0.jpg\",\"datePublished\":\"2023-10-02T15:36:19+00:00\",\"dateModified\":\"2023-12-07T19:22:27+00:00\",\"breadcrumb\":{\"@id\":\"https:\/\/abaa.mx\/tienda\/dwyer-605-0-transmisor-indicador-diferencial-magnehelico-0-50w-c\/#breadcrumb\"},\"inLanguage\":\"es\",\"potentialAction\":[{\"@type\":\"ReadAction\",\"target\":[\"https:\/\/abaa.mx\/tienda\/dwyer-605-0-transmisor-indicador-diferencial-magnehelico-0-50w-c\/\"]}]},{\"@type\":\"ImageObject\",\"inLanguage\":\"es\",\"@id\":\"https:\/\/abaa.mx\/tienda\/dwyer-605-0-transmisor-indicador-diferencial-magnehelico-0-50w-c\/#primaryimage\",\"url\":\"https:\/\/abaa.mx\/tienda\/wp-content\/uploads\/2023\/10\/605-0.jpg\",\"contentUrl\":\"https:\/\/abaa.mx\/tienda\/wp-content\/uploads\/2023\/10\/605-0.jpg\",\"width\":270,\"height\":270,\"caption\":\"605-0\"},{\"@type\":\"BreadcrumbList\",\"@id\":\"https:\/\/abaa.mx\/tienda\/dwyer-605-0-transmisor-indicador-diferencial-magnehelico-0-50w-c\/#breadcrumb\",\"itemListElement\":[{\"@type\":\"ListItem\",\"position\":1,\"name\":\"Inicio\",\"item\":\"https:\/\/abaa.mx\/tienda\/\"},{\"@type\":\"ListItem\",\"position\":2,\"name\":\"Tienda\",\"item\":\"https:\/\/abaa.mx\/tienda\/\"},{\"@type\":\"ListItem\",\"position\":3,\"name\":\"Dwyer 605-0 transmisor indicador diferencial magneh\u00e9lico (0-.50-w.c.)&#8221;\"}]},{\"@type\":\"WebSite\",\"@id\":\"https:\/\/abaa.mx\/tienda\/#website\",\"url\":\"https:\/\/abaa.mx\/tienda\/\",\"name\":\"Abaa tienda online\",\"description\":\"Instrumentos de medici\u00f3n\",\"publisher\":{\"@id\":\"https:\/\/abaa.mx\/tienda\/#organization\"},\"potentialAction\":[{\"@type\":\"SearchAction\",\"target\":{\"@type\":\"EntryPoint\",\"urlTemplate\":\"https:\/\/abaa.mx\/tienda\/?s={search_term_string}\"},\"query-input\":{\"@type\":\"PropertyValueSpecification\",\"valueRequired\":true,\"valueName\":\"search_term_string\"}}],\"inLanguage\":\"es\"},{\"@type\":\"Organization\",\"@id\":\"https:\/\/abaa.mx\/tienda\/#organization\",\"name\":\"Abaa tienda online\",\"url\":\"https:\/\/abaa.mx\/tienda\/\",\"logo\":{\"@type\":\"ImageObject\",\"inLanguage\":\"es\",\"@id\":\"https:\/\/abaa.mx\/tienda\/#\/schema\/logo\/image\/\",\"url\":\"https:\/\/abaa.mx\/tienda\/wp-content\/uploads\/2024\/01\/abaa-metrologia-tienda.png\",\"contentUrl\":\"https:\/\/abaa.mx\/tienda\/wp-content\/uploads\/2024\/01\/abaa-metrologia-tienda.png\",\"width\":300,\"height\":141,\"caption\":\"Abaa tienda online\"},\"image\":{\"@id\":\"https:\/\/abaa.mx\/tienda\/#\/schema\/logo\/image\/\"}}]}<\/script>\n<!-- \/ Yoast SEO plugin. -->","yoast_head_json":{"title":"Dwyer 605-0 transmisor indicador diferencial magneh\u00e9lico (0-.50-w.c.)\" - Abaa tienda online","robots":{"index":"index","follow":"follow","max-snippet":"max-snippet:-1","max-image-preview":"max-image-preview:large","max-video-preview":"max-video-preview:-1"},"canonical":"https:\/\/abaa.mx\/tienda\/dwyer-605-0-transmisor-indicador-diferencial-magnehelico-0-50w-c\/","og_locale":"es_MX","og_type":"article","og_title":"Dwyer 605-0 transmisor indicador diferencial magneh\u00e9lico (0-.50-w.c.)\" - Abaa tienda online","og_description":"Proporciona tanto monitoreo visual como control electr\u00f3nico de presi\u00f3n diferencial muy baja. Ideal para aplicaciones de control en la construcci\u00f3n de sistemas HVAC\/R donde se desea una indicaci\u00f3n local durante las comprobaciones de mantenimiento de rutina o es necesaria cuando se solucionan problemas del sistema.","og_url":"https:\/\/abaa.mx\/tienda\/dwyer-605-0-transmisor-indicador-diferencial-magnehelico-0-50w-c\/","og_site_name":"Abaa tienda online","article_modified_time":"2023-12-07T19:22:27+00:00","og_image":[{"width":270,"height":270,"url":"https:\/\/abaa.mx\/tienda\/wp-content\/uploads\/2023\/10\/605-0.jpg","type":"image\/jpeg"}],"twitter_card":"summary_large_image","twitter_misc":{"Tiempo de lectura":"2 minutos"},"schema":{"@context":"https:\/\/schema.org","@graph":[{"@type":"WebPage","@id":"https:\/\/abaa.mx\/tienda\/dwyer-605-0-transmisor-indicador-diferencial-magnehelico-0-50w-c\/","url":"https:\/\/abaa.mx\/tienda\/dwyer-605-0-transmisor-indicador-diferencial-magnehelico-0-50w-c\/","name":"Dwyer 605-0 transmisor indicador diferencial magneh\u00e9lico (0-.50-w.c.)\" - Abaa tienda online","isPartOf":{"@id":"https:\/\/abaa.mx\/tienda\/#website"},"primaryImageOfPage":{"@id":"https:\/\/abaa.mx\/tienda\/dwyer-605-0-transmisor-indicador-diferencial-magnehelico-0-50w-c\/#primaryimage"},"image":{"@id":"https:\/\/abaa.mx\/tienda\/dwyer-605-0-transmisor-indicador-diferencial-magnehelico-0-50w-c\/#primaryimage"},"thumbnailUrl":"https:\/\/abaa.mx\/tienda\/wp-content\/uploads\/2023\/10\/605-0.jpg","datePublished":"2023-10-02T15:36:19+00:00","dateModified":"2023-12-07T19:22:27+00:00","breadcrumb":{"@id":"https:\/\/abaa.mx\/tienda\/dwyer-605-0-transmisor-indicador-diferencial-magnehelico-0-50w-c\/#breadcrumb"},"inLanguage":"es","potentialAction":[{"@type":"ReadAction","target":["https:\/\/abaa.mx\/tienda\/dwyer-605-0-transmisor-indicador-diferencial-magnehelico-0-50w-c\/"]}]},{"@type":"ImageObject","inLanguage":"es","@id":"https:\/\/abaa.mx\/tienda\/dwyer-605-0-transmisor-indicador-diferencial-magnehelico-0-50w-c\/#primaryimage","url":"https:\/\/abaa.mx\/tienda\/wp-content\/uploads\/2023\/10\/605-0.jpg","contentUrl":"https:\/\/abaa.mx\/tienda\/wp-content\/uploads\/2023\/10\/605-0.jpg","width":270,"height":270,"caption":"605-0"},{"@type":"BreadcrumbList","@id":"https:\/\/abaa.mx\/tienda\/dwyer-605-0-transmisor-indicador-diferencial-magnehelico-0-50w-c\/#breadcrumb","itemListElement":[{"@type":"ListItem","position":1,"name":"Inicio","item":"https:\/\/abaa.mx\/tienda\/"},{"@type":"ListItem","position":2,"name":"Tienda","item":"https:\/\/abaa.mx\/tienda\/"},{"@type":"ListItem","position":3,"name":"Dwyer 605-0 transmisor indicador diferencial magneh\u00e9lico (0-.50-w.c.)&#8221;"}]},{"@type":"WebSite","@id":"https:\/\/abaa.mx\/tienda\/#website","url":"https:\/\/abaa.mx\/tienda\/","name":"Abaa tienda online","description":"Instrumentos de medici\u00f3n","publisher":{"@id":"https:\/\/abaa.mx\/tienda\/#organization"},"potentialAction":[{"@type":"SearchAction","target":{"@type":"EntryPoint","urlTemplate":"https:\/\/abaa.mx\/tienda\/?s={search_term_string}"},"query-input":{"@type":"PropertyValueSpecification","valueRequired":true,"valueName":"search_term_string"}}],"inLanguage":"es"},{"@type":"Organization","@id":"https:\/\/abaa.mx\/tienda\/#organization","name":"Abaa tienda online","url":"https:\/\/abaa.mx\/tienda\/","logo":{"@type":"ImageObject","inLanguage":"es","@id":"https:\/\/abaa.mx\/tienda\/#\/schema\/logo\/image\/","url":"https:\/\/abaa.mx\/tienda\/wp-content\/uploads\/2024\/01\/abaa-metrologia-tienda.png","contentUrl":"https:\/\/abaa.mx\/tienda\/wp-content\/uploads\/2024\/01\/abaa-metrologia-tienda.png","width":300,"height":141,"caption":"Abaa tienda online"},"image":{"@id":"https:\/\/abaa.mx\/tienda\/#\/schema\/logo\/image\/"}}]}},"_links":{"self":[{"href":"https:\/\/abaa.mx\/tienda\/wp-json\/wp\/v2\/product\/4069","targetHints":{"allow":["GET"]}}],"collection":[{"href":"https:\/\/abaa.mx\/tienda\/wp-json\/wp\/v2\/product"}],"about":[{"href":"https:\/\/abaa.mx\/tienda\/wp-json\/wp\/v2\/types\/product"}],"replies":[{"embeddable":true,"href":"https:\/\/abaa.mx\/tienda\/wp-json\/wp\/v2\/comments?post=4069"}],"wp:featuredmedia":[{"embeddable":true,"href":"https:\/\/abaa.mx\/tienda\/wp-json\/wp\/v2\/media\/4080"}],"wp:attachment":[{"href":"https:\/\/abaa.mx\/tienda\/wp-json\/wp\/v2\/media?parent=4069"}],"wp:term":[{"taxonomy":"product_brand","embeddable":true,"href":"https:\/\/abaa.mx\/tienda\/wp-json\/wp\/v2\/product_brand?post=4069"},{"taxonomy":"product_cat","embeddable":true,"href":"https:\/\/abaa.mx\/tienda\/wp-json\/wp\/v2\/product_cat?post=4069"},{"taxonomy":"product_tag","embeddable":true,"href":"https:\/\/abaa.mx\/tienda\/wp-json\/wp\/v2\/product_tag?post=4069"}],"curies":[{"name":"wp","href":"https:\/\/api.w.org\/{rel}","templated":true}]}}