{"id":4037,"date":"2023-10-02T15:10:32","date_gmt":"2023-10-02T15:10:32","guid":{"rendered":"https:\/\/abaa.mx\/tienda\/?post_type=product&#038;p=4037"},"modified":"2023-12-07T19:25:37","modified_gmt":"2023-12-07T19:25:37","slug":"dwyer-616wl-12-transmisor-de-presion-diferencial-resistente-a-la-intemperie-0-25-0-0-25-w-c","status":"publish","type":"product","link":"https:\/\/abaa.mx\/tienda\/dwyer-616wl-12-transmisor-de-presion-diferencial-resistente-a-la-intemperie-0-25-0-0-25-w-c\/","title":{"rendered":"Dwyer 616wl-12 transmisor de presi\u00f3n diferencial resistente a la intemperie (0.25-0-0.25 &#8220;w.c.)"},"content":{"rendered":"<h4>TRANSMISOR DE PRESI\u00d3N DIFERENCIAL DWYER 616WL-12, 0.25-0-0.25<\/h4>\n<ul>\n<li>Esta unidad resistente a la intemperie est\u00e1 encerrada en una caja de policarbonato, dise\u00f1ada para cumplir con (IP66 \/ NEMA 4X).<\/li>\n<li>El pulsador digital interno cero y span permiten una calibraci\u00f3n de campo r\u00e1pida y sencilla.<\/li>\n<\/ul>\n<p><strong>Caracter\u00edsticas t\u00e9cnicas:<\/strong><\/p>\n<p>Servicio: Aire y gases no combustibles, compatibles.<br \/>\nPrecisi\u00f3n: \u00b10.50% FS, precisi\u00f3n de pantalla \u00b10.5%.<br \/>\nEstabilidad: \u00b11% F.S.\/a\u00f1o.L\u00edmites de temperatura: 0 a 140\u00b0F (-17.8<br \/>\na 60\u00b0C).<br \/>\nL\u00edmites de temperatura compensados: 20 a 120 \u00b0 F (-6.67 a 48.9 \u00b0 C).<br \/>\nL\u00edmites de presi\u00f3n: 2 psig.<br \/>\nEfecto t\u00e9rmico: \u00b10.02% F.S.\/\u00b0F (0.036% F.S.\/\u00b0C).<br \/>\nRequisitos de alimentaci\u00f3n: 12-30 VCC (2 hilos).<br \/>\nSe\u00f1al de salida: 4 a 20 mA.<br \/>\nAjustes de cero y span: digital, bot\u00f3n pulsador Adj.Loop<br \/>\nResistencia: DC; 0-900 ohmios m\u00e1ximo.<br \/>\nConsumo de corriente: DC; 38 mA m\u00e1ximo.<br \/>\nConexiones el\u00e9ctricas: Bloque de terminales tipo tornillo.<br \/>\nConexiones de proceso: P\u00faas, tama\u00f1o doble para adaptarse a tubos de caucho o vinilo de 1\/8&#8243; y 3\/16&#8243; (3.12 y 4.76 mm).<br \/>\nClasificaci\u00f3n de la carcasa: NEMA 4X (IP66).<br \/>\nOrientaci\u00f3n de montaje: vertical.<br \/>\nPeso: Sin LCD 17 oz (482 g).<br \/>\nAprobaciones de agencia: CE.<\/p>\n<h4>Dwyer 616WL-12 Especificaciones<\/h4>\n<table class=\"table table-striped\">\n<tbody>\n<tr>\n<td>Servicio<\/td>\n<td>Aire y gases no combustibles, compatibles<\/td>\n<\/tr>\n<tr>\n<td>Materiales h\u00famedos<\/td>\n<td>Consultar f\u00e1brica<\/td>\n<\/tr>\n<tr>\n<td>Exactitud<\/td>\n<td>\u00b10.50% FS, precisi\u00f3n de pantalla \u00b10.5%<\/td>\n<\/tr>\n<tr>\n<td>Estabilidad<\/td>\n<td>\u00b11% F.S.\/a\u00f1o<\/td>\n<\/tr>\n<tr>\n<td>L\u00edmites de temperatura<\/td>\n<td>0 a 140\u00b0F (-17.8 a 60\u00b0C)<\/td>\n<\/tr>\n<tr>\n<td>L\u00edmites de temperatura compensados<\/td>\n<td>20 a 120\u00b0F (-6.67 a 48.9\u00b0C)<\/td>\n<\/tr>\n<tr>\n<td>Efecto t\u00e9rmico<\/td>\n<td>\u00b10.02% F.S.\/\u00b0F (0.036% F.S.\/\u00b0C)<\/td>\n<\/tr>\n<tr>\n<td>Requisitos de alimentaci\u00f3n<\/td>\n<td>12 a 30 VCC (2 hilos)<\/td>\n<\/tr>\n<tr>\n<td>Se\u00f1al de salida<\/td>\n<td>4 a 20 mA<\/td>\n<\/tr>\n<tr>\n<td>Ajustes de cero y span<\/td>\n<td>Digital, bot\u00f3n Adj<\/td>\n<\/tr>\n<tr>\n<td>Resistencia al bucle<\/td>\n<td>DC: 0 a 900 \u03a9 m\u00e1ximo<\/td>\n<\/tr>\n<tr>\n<td>Consumo de corriente<\/td>\n<td>CC: 38 mA m\u00e1ximo<\/td>\n<\/tr>\n<tr>\n<td>Conexiones el\u00e9ctricas<\/td>\n<td>Bloque de terminales tipo tornillo<\/td>\n<\/tr>\n<tr>\n<td>Conexiones de proceso<\/td>\n<td>P\u00faas, tama\u00f1o doble para caber 1\/8 &#8220;y\u00a0<sup>3<\/sup>\u2044<sub>16<\/sub>&#8221; (3,12 y 4,76 mm) Tubos de caucho o vinilo<\/td>\n<\/tr>\n<tr>\n<td>Clasificaci\u00f3n de la carcasa<\/td>\n<td>NEMA 4X (IP66)<\/td>\n<\/tr>\n<tr>\n<td>Orientaci\u00f3n de montaje<\/td>\n<td>Vertical, consulte a f\u00e1brica para otras orientaciones de posici\u00f3n<\/td>\n<\/tr>\n<tr>\n<td>Peso<\/td>\n<td>Sin LCD 17 oz (482 g) Con LCD 18 oz (510 g)<\/td>\n<\/tr>\n<tr>\n<td>Aprobaciones de agencias<\/td>\n<td>Despu\u00e9s de Cristo<\/td>\n<\/tr>\n<\/tbody>\n<\/table>\n","protected":false},"excerpt":{"rendered":"<p class=\"short-description mhide ipad-view-setting\">Detecta presiones muy bajas de aire y gases compatibles no combustibles y env\u00eda una se\u00f1al de salida est\u00e1ndar de 4-20 mA. Las presiones positivas, negativas y diferenciales se pueden medir con una precisi\u00f3n total de \u00b10.50%.<\/p>\n<div class=\"row-fluid\">\n<div class=\"span12 mobile-pricing-box-padding\">\n<form id=\"51466\" accept-charset=\"utf-8\" action=\"https:\/\/www.globaltestsupply.com\/shop\/add\" method=\"post\" name=\"addTocartFunction\">\n<div><\/div>\n<\/form>\n<\/div>\n<\/div>\n","protected":false},"featured_media":4063,"comment_status":"open","ping_status":"closed","template":"","meta":{"_joinchat":[]},"product_brand":[],"product_cat":[15],"product_tag":[],"class_list":{"0":"post-4037","1":"product","2":"type-product","3":"status-publish","4":"has-post-thumbnail","6":"product_cat-sin-categorizar","8":"first","9":"instock","10":"shipping-taxable","11":"product-type-simple"},"yoast_head":"<!-- This site is optimized with the Yoast SEO plugin v26.4 - https:\/\/yoast.com\/wordpress\/plugins\/seo\/ -->\n<title>Dwyer 616wl-12 transmisor de presi\u00f3n diferencial resistente a la intemperie (0.25-0-0.25 &quot;w.c.) - Abaa tienda online<\/title>\n<meta name=\"robots\" content=\"index, follow, max-snippet:-1, max-image-preview:large, max-video-preview:-1\" \/>\n<link rel=\"canonical\" href=\"https:\/\/abaa.mx\/tienda\/dwyer-616wl-12-transmisor-de-presion-diferencial-resistente-a-la-intemperie-0-25-0-0-25-w-c\/\" \/>\n<meta property=\"og:locale\" content=\"es_MX\" \/>\n<meta property=\"og:type\" content=\"article\" \/>\n<meta property=\"og:title\" content=\"Dwyer 616wl-12 transmisor de presi\u00f3n diferencial resistente a la intemperie (0.25-0-0.25 &quot;w.c.) - Abaa tienda online\" \/>\n<meta property=\"og:description\" content=\"Detecta presiones muy bajas de aire y gases compatibles no combustibles y env\u00eda una se\u00f1al de salida est\u00e1ndar de 4-20 mA. Las presiones positivas, negativas y diferenciales se pueden medir con una precisi\u00f3n total de \u00b10.50%.\" \/>\n<meta property=\"og:url\" content=\"https:\/\/abaa.mx\/tienda\/dwyer-616wl-12-transmisor-de-presion-diferencial-resistente-a-la-intemperie-0-25-0-0-25-w-c\/\" \/>\n<meta property=\"og:site_name\" content=\"Abaa tienda online\" \/>\n<meta property=\"article:modified_time\" content=\"2023-12-07T19:25:37+00:00\" \/>\n<meta property=\"og:image\" content=\"https:\/\/abaa.mx\/tienda\/wp-content\/uploads\/2023\/10\/616WL-12.jpg\" \/>\n\t<meta property=\"og:image:width\" content=\"270\" \/>\n\t<meta property=\"og:image:height\" content=\"270\" \/>\n\t<meta property=\"og:image:type\" content=\"image\/jpeg\" \/>\n<meta name=\"twitter:card\" content=\"summary_large_image\" \/>\n<meta name=\"twitter:label1\" content=\"Tiempo de lectura\" \/>\n\t<meta name=\"twitter:data1\" content=\"2 minutos\" \/>\n<script type=\"application\/ld+json\" class=\"yoast-schema-graph\">{\"@context\":\"https:\/\/schema.org\",\"@graph\":[{\"@type\":\"WebPage\",\"@id\":\"https:\/\/abaa.mx\/tienda\/dwyer-616wl-12-transmisor-de-presion-diferencial-resistente-a-la-intemperie-0-25-0-0-25-w-c\/\",\"url\":\"https:\/\/abaa.mx\/tienda\/dwyer-616wl-12-transmisor-de-presion-diferencial-resistente-a-la-intemperie-0-25-0-0-25-w-c\/\",\"name\":\"Dwyer 616wl-12 transmisor de presi\u00f3n diferencial resistente a la intemperie (0.25-0-0.25 \\\"w.c.) - Abaa tienda online\",\"isPartOf\":{\"@id\":\"https:\/\/abaa.mx\/tienda\/#website\"},\"primaryImageOfPage\":{\"@id\":\"https:\/\/abaa.mx\/tienda\/dwyer-616wl-12-transmisor-de-presion-diferencial-resistente-a-la-intemperie-0-25-0-0-25-w-c\/#primaryimage\"},\"image\":{\"@id\":\"https:\/\/abaa.mx\/tienda\/dwyer-616wl-12-transmisor-de-presion-diferencial-resistente-a-la-intemperie-0-25-0-0-25-w-c\/#primaryimage\"},\"thumbnailUrl\":\"https:\/\/abaa.mx\/tienda\/wp-content\/uploads\/2023\/10\/616WL-12.jpg\",\"datePublished\":\"2023-10-02T15:10:32+00:00\",\"dateModified\":\"2023-12-07T19:25:37+00:00\",\"breadcrumb\":{\"@id\":\"https:\/\/abaa.mx\/tienda\/dwyer-616wl-12-transmisor-de-presion-diferencial-resistente-a-la-intemperie-0-25-0-0-25-w-c\/#breadcrumb\"},\"inLanguage\":\"es\",\"potentialAction\":[{\"@type\":\"ReadAction\",\"target\":[\"https:\/\/abaa.mx\/tienda\/dwyer-616wl-12-transmisor-de-presion-diferencial-resistente-a-la-intemperie-0-25-0-0-25-w-c\/\"]}]},{\"@type\":\"ImageObject\",\"inLanguage\":\"es\",\"@id\":\"https:\/\/abaa.mx\/tienda\/dwyer-616wl-12-transmisor-de-presion-diferencial-resistente-a-la-intemperie-0-25-0-0-25-w-c\/#primaryimage\",\"url\":\"https:\/\/abaa.mx\/tienda\/wp-content\/uploads\/2023\/10\/616WL-12.jpg\",\"contentUrl\":\"https:\/\/abaa.mx\/tienda\/wp-content\/uploads\/2023\/10\/616WL-12.jpg\",\"width\":270,\"height\":270,\"caption\":\"616WL-12\"},{\"@type\":\"BreadcrumbList\",\"@id\":\"https:\/\/abaa.mx\/tienda\/dwyer-616wl-12-transmisor-de-presion-diferencial-resistente-a-la-intemperie-0-25-0-0-25-w-c\/#breadcrumb\",\"itemListElement\":[{\"@type\":\"ListItem\",\"position\":1,\"name\":\"Inicio\",\"item\":\"https:\/\/abaa.mx\/tienda\/\"},{\"@type\":\"ListItem\",\"position\":2,\"name\":\"Tienda\",\"item\":\"https:\/\/abaa.mx\/tienda\/\"},{\"@type\":\"ListItem\",\"position\":3,\"name\":\"Dwyer 616wl-12 transmisor de presi\u00f3n diferencial resistente a la intemperie (0.25-0-0.25 &#8220;w.c.)\"}]},{\"@type\":\"WebSite\",\"@id\":\"https:\/\/abaa.mx\/tienda\/#website\",\"url\":\"https:\/\/abaa.mx\/tienda\/\",\"name\":\"Abaa tienda online\",\"description\":\"Instrumentos de medici\u00f3n\",\"publisher\":{\"@id\":\"https:\/\/abaa.mx\/tienda\/#organization\"},\"potentialAction\":[{\"@type\":\"SearchAction\",\"target\":{\"@type\":\"EntryPoint\",\"urlTemplate\":\"https:\/\/abaa.mx\/tienda\/?s={search_term_string}\"},\"query-input\":{\"@type\":\"PropertyValueSpecification\",\"valueRequired\":true,\"valueName\":\"search_term_string\"}}],\"inLanguage\":\"es\"},{\"@type\":\"Organization\",\"@id\":\"https:\/\/abaa.mx\/tienda\/#organization\",\"name\":\"Abaa tienda online\",\"url\":\"https:\/\/abaa.mx\/tienda\/\",\"logo\":{\"@type\":\"ImageObject\",\"inLanguage\":\"es\",\"@id\":\"https:\/\/abaa.mx\/tienda\/#\/schema\/logo\/image\/\",\"url\":\"https:\/\/abaa.mx\/tienda\/wp-content\/uploads\/2024\/01\/abaa-metrologia-tienda.png\",\"contentUrl\":\"https:\/\/abaa.mx\/tienda\/wp-content\/uploads\/2024\/01\/abaa-metrologia-tienda.png\",\"width\":300,\"height\":141,\"caption\":\"Abaa tienda online\"},\"image\":{\"@id\":\"https:\/\/abaa.mx\/tienda\/#\/schema\/logo\/image\/\"}}]}<\/script>\n<!-- \/ Yoast SEO plugin. -->","yoast_head_json":{"title":"Dwyer 616wl-12 transmisor de presi\u00f3n diferencial resistente a la intemperie (0.25-0-0.25 \"w.c.) - Abaa tienda online","robots":{"index":"index","follow":"follow","max-snippet":"max-snippet:-1","max-image-preview":"max-image-preview:large","max-video-preview":"max-video-preview:-1"},"canonical":"https:\/\/abaa.mx\/tienda\/dwyer-616wl-12-transmisor-de-presion-diferencial-resistente-a-la-intemperie-0-25-0-0-25-w-c\/","og_locale":"es_MX","og_type":"article","og_title":"Dwyer 616wl-12 transmisor de presi\u00f3n diferencial resistente a la intemperie (0.25-0-0.25 \"w.c.) - Abaa tienda online","og_description":"Detecta presiones muy bajas de aire y gases compatibles no combustibles y env\u00eda una se\u00f1al de salida est\u00e1ndar de 4-20 mA. Las presiones positivas, negativas y diferenciales se pueden medir con una precisi\u00f3n total de \u00b10.50%.","og_url":"https:\/\/abaa.mx\/tienda\/dwyer-616wl-12-transmisor-de-presion-diferencial-resistente-a-la-intemperie-0-25-0-0-25-w-c\/","og_site_name":"Abaa tienda online","article_modified_time":"2023-12-07T19:25:37+00:00","og_image":[{"width":270,"height":270,"url":"https:\/\/abaa.mx\/tienda\/wp-content\/uploads\/2023\/10\/616WL-12.jpg","type":"image\/jpeg"}],"twitter_card":"summary_large_image","twitter_misc":{"Tiempo de lectura":"2 minutos"},"schema":{"@context":"https:\/\/schema.org","@graph":[{"@type":"WebPage","@id":"https:\/\/abaa.mx\/tienda\/dwyer-616wl-12-transmisor-de-presion-diferencial-resistente-a-la-intemperie-0-25-0-0-25-w-c\/","url":"https:\/\/abaa.mx\/tienda\/dwyer-616wl-12-transmisor-de-presion-diferencial-resistente-a-la-intemperie-0-25-0-0-25-w-c\/","name":"Dwyer 616wl-12 transmisor de presi\u00f3n diferencial resistente a la intemperie (0.25-0-0.25 \"w.c.) - Abaa tienda online","isPartOf":{"@id":"https:\/\/abaa.mx\/tienda\/#website"},"primaryImageOfPage":{"@id":"https:\/\/abaa.mx\/tienda\/dwyer-616wl-12-transmisor-de-presion-diferencial-resistente-a-la-intemperie-0-25-0-0-25-w-c\/#primaryimage"},"image":{"@id":"https:\/\/abaa.mx\/tienda\/dwyer-616wl-12-transmisor-de-presion-diferencial-resistente-a-la-intemperie-0-25-0-0-25-w-c\/#primaryimage"},"thumbnailUrl":"https:\/\/abaa.mx\/tienda\/wp-content\/uploads\/2023\/10\/616WL-12.jpg","datePublished":"2023-10-02T15:10:32+00:00","dateModified":"2023-12-07T19:25:37+00:00","breadcrumb":{"@id":"https:\/\/abaa.mx\/tienda\/dwyer-616wl-12-transmisor-de-presion-diferencial-resistente-a-la-intemperie-0-25-0-0-25-w-c\/#breadcrumb"},"inLanguage":"es","potentialAction":[{"@type":"ReadAction","target":["https:\/\/abaa.mx\/tienda\/dwyer-616wl-12-transmisor-de-presion-diferencial-resistente-a-la-intemperie-0-25-0-0-25-w-c\/"]}]},{"@type":"ImageObject","inLanguage":"es","@id":"https:\/\/abaa.mx\/tienda\/dwyer-616wl-12-transmisor-de-presion-diferencial-resistente-a-la-intemperie-0-25-0-0-25-w-c\/#primaryimage","url":"https:\/\/abaa.mx\/tienda\/wp-content\/uploads\/2023\/10\/616WL-12.jpg","contentUrl":"https:\/\/abaa.mx\/tienda\/wp-content\/uploads\/2023\/10\/616WL-12.jpg","width":270,"height":270,"caption":"616WL-12"},{"@type":"BreadcrumbList","@id":"https:\/\/abaa.mx\/tienda\/dwyer-616wl-12-transmisor-de-presion-diferencial-resistente-a-la-intemperie-0-25-0-0-25-w-c\/#breadcrumb","itemListElement":[{"@type":"ListItem","position":1,"name":"Inicio","item":"https:\/\/abaa.mx\/tienda\/"},{"@type":"ListItem","position":2,"name":"Tienda","item":"https:\/\/abaa.mx\/tienda\/"},{"@type":"ListItem","position":3,"name":"Dwyer 616wl-12 transmisor de presi\u00f3n diferencial resistente a la intemperie (0.25-0-0.25 &#8220;w.c.)"}]},{"@type":"WebSite","@id":"https:\/\/abaa.mx\/tienda\/#website","url":"https:\/\/abaa.mx\/tienda\/","name":"Abaa tienda online","description":"Instrumentos de medici\u00f3n","publisher":{"@id":"https:\/\/abaa.mx\/tienda\/#organization"},"potentialAction":[{"@type":"SearchAction","target":{"@type":"EntryPoint","urlTemplate":"https:\/\/abaa.mx\/tienda\/?s={search_term_string}"},"query-input":{"@type":"PropertyValueSpecification","valueRequired":true,"valueName":"search_term_string"}}],"inLanguage":"es"},{"@type":"Organization","@id":"https:\/\/abaa.mx\/tienda\/#organization","name":"Abaa tienda online","url":"https:\/\/abaa.mx\/tienda\/","logo":{"@type":"ImageObject","inLanguage":"es","@id":"https:\/\/abaa.mx\/tienda\/#\/schema\/logo\/image\/","url":"https:\/\/abaa.mx\/tienda\/wp-content\/uploads\/2024\/01\/abaa-metrologia-tienda.png","contentUrl":"https:\/\/abaa.mx\/tienda\/wp-content\/uploads\/2024\/01\/abaa-metrologia-tienda.png","width":300,"height":141,"caption":"Abaa tienda online"},"image":{"@id":"https:\/\/abaa.mx\/tienda\/#\/schema\/logo\/image\/"}}]}},"_links":{"self":[{"href":"https:\/\/abaa.mx\/tienda\/wp-json\/wp\/v2\/product\/4037","targetHints":{"allow":["GET"]}}],"collection":[{"href":"https:\/\/abaa.mx\/tienda\/wp-json\/wp\/v2\/product"}],"about":[{"href":"https:\/\/abaa.mx\/tienda\/wp-json\/wp\/v2\/types\/product"}],"replies":[{"embeddable":true,"href":"https:\/\/abaa.mx\/tienda\/wp-json\/wp\/v2\/comments?post=4037"}],"wp:featuredmedia":[{"embeddable":true,"href":"https:\/\/abaa.mx\/tienda\/wp-json\/wp\/v2\/media\/4063"}],"wp:attachment":[{"href":"https:\/\/abaa.mx\/tienda\/wp-json\/wp\/v2\/media?parent=4037"}],"wp:term":[{"taxonomy":"product_brand","embeddable":true,"href":"https:\/\/abaa.mx\/tienda\/wp-json\/wp\/v2\/product_brand?post=4037"},{"taxonomy":"product_cat","embeddable":true,"href":"https:\/\/abaa.mx\/tienda\/wp-json\/wp\/v2\/product_cat?post=4037"},{"taxonomy":"product_tag","embeddable":true,"href":"https:\/\/abaa.mx\/tienda\/wp-json\/wp\/v2\/product_tag?post=4037"}],"curies":[{"name":"wp","href":"https:\/\/api.w.org\/{rel}","templated":true}]}}