{"id":4034,"date":"2023-10-02T14:59:54","date_gmt":"2023-10-02T14:59:54","guid":{"rendered":"https:\/\/abaa.mx\/tienda\/?post_type=product&#038;p=4034"},"modified":"2023-12-07T19:26:06","modified_gmt":"2023-12-07T19:26:06","slug":"dwyer-616w-2-lcd-transmisor-de-presion-diferencial-resistente-a-la-intemperie-0-6-w-c-con-lcd","status":"publish","type":"product","link":"https:\/\/abaa.mx\/tienda\/dwyer-616w-2-lcd-transmisor-de-presion-diferencial-resistente-a-la-intemperie-0-6-w-c-con-lcd\/","title":{"rendered":"Dwyer 616w-2-lcd transmisor de presi\u00f3n diferencial resistente a la intemperie (0-6 &#8220;w.c.) con lcd"},"content":{"rendered":"<div class=\"span10\">\n<div class=\"mhide ipad-view-setting\">\n<div class=\"row-fluid ProductTabs\">\n<div class=\"span12\">\n<div class=\"tab-content\">\n<div id=\"tab0\" class=\"product-tabs tab-pane active\">\n<h4>TRANSMISOR DE PRESI\u00d3N DIFERENCIAL DWYER 616W-2-LCD, 0\/6, W\/LC<\/h4>\n<ul>\n<li>El dise\u00f1o permite el funcionamiento en bucles de corriente de 2 hilos.<\/li>\n<li>Una amplia gama de modelos est\u00e1n disponibles calibrados de f\u00e1brica para rangos espec\u00edficos.<\/li>\n<li>Los controles span y zero son para usar cuando se verifica la calibraci\u00f3n.<\/li>\n<li>No est\u00e1n destinados a reubicarse a un rango significativamente diferente.<\/li>\n<li>La pantalla LCD (como se muestra a la izquierda) permite la indicaci\u00f3n local de la presi\u00f3n.<\/li>\n<\/ul>\n<p><strong>Caracter\u00edsticas t\u00e9cnicas:<\/strong><\/p>\n<p>Servicio: Aire y gases no combustibles, compatibles.<br \/>\nPrecisi\u00f3n: \u00b10.25% FS, precisi\u00f3n de pantalla \u00b10.5%.<br \/>\nEstabilidad: \u00b11% F.S.\/a\u00f1o.L\u00edmites de temperatura: 0 a 140\u00b0F (-17.8<br \/>\na 60\u00b0C).<br \/>\nL\u00edmites de temperatura compensados: 20 a 120 \u00b0 F (-6.67 a 48.9 \u00b0 C).<br \/>\nL\u00edmites de presi\u00f3n: 5 psig.<br \/>\nEfecto t\u00e9rmico: \u00b10.02% F.S.\/\u00b0F (0.0012% F.S.\/\u00b0C).<br \/>\nRequisitos de alimentaci\u00f3n: 10-35 VCC (2 hilos).<br \/>\nSe\u00f1al de salida: 4 a 20 mA.<br \/>\nAjustes de cero y span: potenci\u00f3metros para cero y span.<br \/>\nResistencia al bucle: DC; 0-1250 ohmios m\u00e1ximo.<br \/>\nConsumo de corriente: DC; 38 mA m\u00e1ximo.<br \/>\nConexiones el\u00e9ctricas: Bloque de terminales tipo tornillo.<br \/>\nConexiones de proceso: P\u00faas, tama\u00f1o doble para adaptarse a tubos de caucho o vinilo de 1\/8&#8243; y 3\/16&#8243; (3.12 mm y 4.76 mm).<br \/>\nClasificaci\u00f3n de la carcasa: NEMA 4X.Orientaci\u00f3n de montaje: vertical, consulte de f\u00e1brica para otras orientaciones de posici\u00f3n.<\/p>\n<p>Peso: Con LCD 9.6 oz (272 g).<br \/>\nAprobaciones de agencia: CE.<\/p>\n<div class=\"span10\">\n<div class=\"mhide ipad-view-setting\">\n<div class=\"row-fluid ProductTabs\">\n<div class=\"span12\">\n<div class=\"tab-content\">\n<div id=\"tab1\" class=\"product-tabs tab-pane active\">\n<h4>Dwyer 616W-2-LCD Especificaciones<\/h4>\n<table class=\"table table-striped\">\n<tbody>\n<tr>\n<td>Servicio<\/td>\n<td>Aire y gases no combustibles, compatibles<\/td>\n<\/tr>\n<tr>\n<td>Materiales h\u00famedos<\/td>\n<td>Consultar f\u00e1brica<\/td>\n<\/tr>\n<tr>\n<td>Exactitud<\/td>\n<td>\u00b10,25 % FS a 77 \u00b0F (25 \u00b0C), precisi\u00f3n de pantalla \u00b10,5 %<\/td>\n<\/tr>\n<tr>\n<td>Estabilidad<\/td>\n<td>\u00b11% FS\/a\u00f1o<\/td>\n<\/tr>\n<tr>\n<td>L\u00edmites de temperatura<\/td>\n<td>14 a 185\u00b0F (-10 a 85\u00b0C)<\/td>\n<\/tr>\n<tr>\n<td>L\u00edmites de presi\u00f3n<\/td>\n<td>Consulte el gr\u00e1fico del modelo en la p\u00e1gina del cat\u00e1logo<\/td>\n<\/tr>\n<tr>\n<td>Requisitos de alimentaci\u00f3n<\/td>\n<td>10 a 35 VCC (2 hilos), 17 a 36 VCC o aislado de 21,6 a 33 VCA (3 hilos)<\/td>\n<\/tr>\n<tr>\n<td>Se\u00f1al de salida<\/td>\n<td>De 4 a 20 mA (2 hilos), de 0 a 5 VCC o de 0 a 10 VCC (3 hilos)<\/td>\n<\/tr>\n<tr>\n<td>Ajustes de cero y span<\/td>\n<td>Botones<\/td>\n<\/tr>\n<tr>\n<td>Resistencia al bucle<\/td>\n<td>Salida de corriente: 0 a 1250 \u03a9 m\u00e1x.<br \/>\nSalida de voltaje: Resistencia de carga 1 k\u03a9 (min)<\/td>\n<\/tr>\n<tr>\n<td>Consumo de corriente<\/td>\n<td>40 mA (m\u00e1x.)<\/td>\n<\/tr>\n<tr>\n<td>Conexiones el\u00e9ctricas<\/td>\n<td>Bloque de terminales extra\u00edble de estilo europeo de 3 hilos para 16 a 26 AWG<\/td>\n<\/tr>\n<tr>\n<td>Conexiones de proceso<\/td>\n<td>Tubos de goma o vinilo de 1\/8&#8243; y 3\/16&#8243; (3.12 y 4.76 mm)<\/td>\n<\/tr>\n<tr>\n<td>Clasificaci\u00f3n de la carcasa<\/td>\n<td>NEMA 4X (IP66)<\/td>\n<\/tr>\n<tr>\n<td>Orientaci\u00f3n de montaje<\/td>\n<td>Cualquier orientaci\u00f3n<\/td>\n<\/tr>\n<tr>\n<td>Peso<\/td>\n<td>Sin LCD 8,8 onzas (249 g) Con LCD 9,6 onzas (272 g)<\/td>\n<\/tr>\n<tr>\n<td>Aprobaciones de agencias<\/td>\n<td>Despu\u00e9s de Cristo<\/td>\n<\/tr>\n<\/tbody>\n<\/table>\n<\/div>\n<\/div>\n<\/div>\n<\/div>\n<\/div>\n<\/div>\n<\/div>\n<\/div>\n<\/div>\n<\/div>\n<\/div>\n<\/div>\n<div class=\"row-fluid\">\n<div class=\"span12 mobile-pricing-box-padding\">\n<form id=\"51452\" accept-charset=\"utf-8\" action=\"https:\/\/www.globaltestsupply.com\/shop\/add\" method=\"post\" name=\"addTocartFunction\">\n<div><\/div>\n<\/form>\n<\/div>\n<\/div>\n","protected":false},"excerpt":{"rendered":"<p class=\"short-description mhide ipad-view-setting\">Las presiones positivas, negativas y diferenciales se pueden medir con una precisi\u00f3n total de \u00b10,25. Las unidades est\u00e1n encerradas en una caja de policarbonato, clasificada NEMA 4X (IP66) y funcionan detectando la presi\u00f3n del aire y los gases compatibles y luego enviando una se\u00f1al de salida est\u00e1ndar de 4-20 mA.<\/p>\n<div class=\"row-fluid\">\n<div class=\"span12 mobile-pricing-box-padding\">\n<form id=\"51452\" accept-charset=\"utf-8\" action=\"https:\/\/www.globaltestsupply.com\/shop\/add\" method=\"post\" name=\"addTocartFunction\">\n<div><\/div>\n<\/form>\n<\/div>\n<\/div>\n","protected":false},"featured_media":4053,"comment_status":"open","ping_status":"closed","template":"","meta":{"_joinchat":[]},"product_brand":[],"product_cat":[15],"product_tag":[],"class_list":{"0":"post-4034","1":"product","2":"type-product","3":"status-publish","4":"has-post-thumbnail","6":"product_cat-sin-categorizar","8":"first","9":"instock","10":"shipping-taxable","11":"product-type-simple"},"yoast_head":"<!-- This site is optimized with the Yoast SEO plugin v26.4 - https:\/\/yoast.com\/wordpress\/plugins\/seo\/ -->\n<title>Dwyer 616w-2-lcd transmisor de presi\u00f3n diferencial resistente a la intemperie (0-6 &quot;w.c.) con lcd - Abaa tienda online<\/title>\n<meta name=\"robots\" content=\"index, follow, max-snippet:-1, max-image-preview:large, max-video-preview:-1\" \/>\n<link rel=\"canonical\" href=\"https:\/\/abaa.mx\/tienda\/dwyer-616w-2-lcd-transmisor-de-presion-diferencial-resistente-a-la-intemperie-0-6-w-c-con-lcd\/\" \/>\n<meta property=\"og:locale\" content=\"es_MX\" \/>\n<meta property=\"og:type\" content=\"article\" \/>\n<meta property=\"og:title\" content=\"Dwyer 616w-2-lcd transmisor de presi\u00f3n diferencial resistente a la intemperie (0-6 &quot;w.c.) con lcd - Abaa tienda online\" \/>\n<meta property=\"og:description\" content=\"Las presiones positivas, negativas y diferenciales se pueden medir con una precisi\u00f3n total de \u00b10,25. Las unidades est\u00e1n encerradas en una caja de policarbonato, clasificada NEMA 4X (IP66) y funcionan detectando la presi\u00f3n del aire y los gases compatibles y luego enviando una se\u00f1al de salida est\u00e1ndar de 4-20 mA.\" \/>\n<meta property=\"og:url\" content=\"https:\/\/abaa.mx\/tienda\/dwyer-616w-2-lcd-transmisor-de-presion-diferencial-resistente-a-la-intemperie-0-6-w-c-con-lcd\/\" \/>\n<meta property=\"og:site_name\" content=\"Abaa tienda online\" \/>\n<meta property=\"article:modified_time\" content=\"2023-12-07T19:26:06+00:00\" \/>\n<meta property=\"og:image\" content=\"https:\/\/abaa.mx\/tienda\/wp-content\/uploads\/2023\/10\/616W-2-LCD.jpg\" \/>\n\t<meta property=\"og:image:width\" content=\"270\" \/>\n\t<meta property=\"og:image:height\" content=\"270\" \/>\n\t<meta property=\"og:image:type\" content=\"image\/jpeg\" \/>\n<meta name=\"twitter:card\" content=\"summary_large_image\" \/>\n<meta name=\"twitter:label1\" content=\"Tiempo de lectura\" \/>\n\t<meta name=\"twitter:data1\" content=\"2 minutos\" \/>\n<script type=\"application\/ld+json\" class=\"yoast-schema-graph\">{\"@context\":\"https:\/\/schema.org\",\"@graph\":[{\"@type\":\"WebPage\",\"@id\":\"https:\/\/abaa.mx\/tienda\/dwyer-616w-2-lcd-transmisor-de-presion-diferencial-resistente-a-la-intemperie-0-6-w-c-con-lcd\/\",\"url\":\"https:\/\/abaa.mx\/tienda\/dwyer-616w-2-lcd-transmisor-de-presion-diferencial-resistente-a-la-intemperie-0-6-w-c-con-lcd\/\",\"name\":\"Dwyer 616w-2-lcd transmisor de presi\u00f3n diferencial resistente a la intemperie (0-6 \\\"w.c.) con lcd - Abaa tienda online\",\"isPartOf\":{\"@id\":\"https:\/\/abaa.mx\/tienda\/#website\"},\"primaryImageOfPage\":{\"@id\":\"https:\/\/abaa.mx\/tienda\/dwyer-616w-2-lcd-transmisor-de-presion-diferencial-resistente-a-la-intemperie-0-6-w-c-con-lcd\/#primaryimage\"},\"image\":{\"@id\":\"https:\/\/abaa.mx\/tienda\/dwyer-616w-2-lcd-transmisor-de-presion-diferencial-resistente-a-la-intemperie-0-6-w-c-con-lcd\/#primaryimage\"},\"thumbnailUrl\":\"https:\/\/abaa.mx\/tienda\/wp-content\/uploads\/2023\/10\/616W-2-LCD.jpg\",\"datePublished\":\"2023-10-02T14:59:54+00:00\",\"dateModified\":\"2023-12-07T19:26:06+00:00\",\"breadcrumb\":{\"@id\":\"https:\/\/abaa.mx\/tienda\/dwyer-616w-2-lcd-transmisor-de-presion-diferencial-resistente-a-la-intemperie-0-6-w-c-con-lcd\/#breadcrumb\"},\"inLanguage\":\"es\",\"potentialAction\":[{\"@type\":\"ReadAction\",\"target\":[\"https:\/\/abaa.mx\/tienda\/dwyer-616w-2-lcd-transmisor-de-presion-diferencial-resistente-a-la-intemperie-0-6-w-c-con-lcd\/\"]}]},{\"@type\":\"ImageObject\",\"inLanguage\":\"es\",\"@id\":\"https:\/\/abaa.mx\/tienda\/dwyer-616w-2-lcd-transmisor-de-presion-diferencial-resistente-a-la-intemperie-0-6-w-c-con-lcd\/#primaryimage\",\"url\":\"https:\/\/abaa.mx\/tienda\/wp-content\/uploads\/2023\/10\/616W-2-LCD.jpg\",\"contentUrl\":\"https:\/\/abaa.mx\/tienda\/wp-content\/uploads\/2023\/10\/616W-2-LCD.jpg\",\"width\":270,\"height\":270,\"caption\":\"616W-2-LCD\"},{\"@type\":\"BreadcrumbList\",\"@id\":\"https:\/\/abaa.mx\/tienda\/dwyer-616w-2-lcd-transmisor-de-presion-diferencial-resistente-a-la-intemperie-0-6-w-c-con-lcd\/#breadcrumb\",\"itemListElement\":[{\"@type\":\"ListItem\",\"position\":1,\"name\":\"Inicio\",\"item\":\"https:\/\/abaa.mx\/tienda\/\"},{\"@type\":\"ListItem\",\"position\":2,\"name\":\"Tienda\",\"item\":\"https:\/\/abaa.mx\/tienda\/\"},{\"@type\":\"ListItem\",\"position\":3,\"name\":\"Dwyer 616w-2-lcd transmisor de presi\u00f3n diferencial resistente a la intemperie (0-6 &#8220;w.c.) con lcd\"}]},{\"@type\":\"WebSite\",\"@id\":\"https:\/\/abaa.mx\/tienda\/#website\",\"url\":\"https:\/\/abaa.mx\/tienda\/\",\"name\":\"Abaa tienda online\",\"description\":\"Instrumentos de medici\u00f3n\",\"publisher\":{\"@id\":\"https:\/\/abaa.mx\/tienda\/#organization\"},\"potentialAction\":[{\"@type\":\"SearchAction\",\"target\":{\"@type\":\"EntryPoint\",\"urlTemplate\":\"https:\/\/abaa.mx\/tienda\/?s={search_term_string}\"},\"query-input\":{\"@type\":\"PropertyValueSpecification\",\"valueRequired\":true,\"valueName\":\"search_term_string\"}}],\"inLanguage\":\"es\"},{\"@type\":\"Organization\",\"@id\":\"https:\/\/abaa.mx\/tienda\/#organization\",\"name\":\"Abaa tienda online\",\"url\":\"https:\/\/abaa.mx\/tienda\/\",\"logo\":{\"@type\":\"ImageObject\",\"inLanguage\":\"es\",\"@id\":\"https:\/\/abaa.mx\/tienda\/#\/schema\/logo\/image\/\",\"url\":\"https:\/\/abaa.mx\/tienda\/wp-content\/uploads\/2024\/01\/abaa-metrologia-tienda.png\",\"contentUrl\":\"https:\/\/abaa.mx\/tienda\/wp-content\/uploads\/2024\/01\/abaa-metrologia-tienda.png\",\"width\":300,\"height\":141,\"caption\":\"Abaa tienda online\"},\"image\":{\"@id\":\"https:\/\/abaa.mx\/tienda\/#\/schema\/logo\/image\/\"}}]}<\/script>\n<!-- \/ Yoast SEO plugin. -->","yoast_head_json":{"title":"Dwyer 616w-2-lcd transmisor de presi\u00f3n diferencial resistente a la intemperie (0-6 \"w.c.) con lcd - Abaa tienda online","robots":{"index":"index","follow":"follow","max-snippet":"max-snippet:-1","max-image-preview":"max-image-preview:large","max-video-preview":"max-video-preview:-1"},"canonical":"https:\/\/abaa.mx\/tienda\/dwyer-616w-2-lcd-transmisor-de-presion-diferencial-resistente-a-la-intemperie-0-6-w-c-con-lcd\/","og_locale":"es_MX","og_type":"article","og_title":"Dwyer 616w-2-lcd transmisor de presi\u00f3n diferencial resistente a la intemperie (0-6 \"w.c.) con lcd - Abaa tienda online","og_description":"Las presiones positivas, negativas y diferenciales se pueden medir con una precisi\u00f3n total de \u00b10,25. Las unidades est\u00e1n encerradas en una caja de policarbonato, clasificada NEMA 4X (IP66) y funcionan detectando la presi\u00f3n del aire y los gases compatibles y luego enviando una se\u00f1al de salida est\u00e1ndar de 4-20 mA.","og_url":"https:\/\/abaa.mx\/tienda\/dwyer-616w-2-lcd-transmisor-de-presion-diferencial-resistente-a-la-intemperie-0-6-w-c-con-lcd\/","og_site_name":"Abaa tienda online","article_modified_time":"2023-12-07T19:26:06+00:00","og_image":[{"width":270,"height":270,"url":"https:\/\/abaa.mx\/tienda\/wp-content\/uploads\/2023\/10\/616W-2-LCD.jpg","type":"image\/jpeg"}],"twitter_card":"summary_large_image","twitter_misc":{"Tiempo de lectura":"2 minutos"},"schema":{"@context":"https:\/\/schema.org","@graph":[{"@type":"WebPage","@id":"https:\/\/abaa.mx\/tienda\/dwyer-616w-2-lcd-transmisor-de-presion-diferencial-resistente-a-la-intemperie-0-6-w-c-con-lcd\/","url":"https:\/\/abaa.mx\/tienda\/dwyer-616w-2-lcd-transmisor-de-presion-diferencial-resistente-a-la-intemperie-0-6-w-c-con-lcd\/","name":"Dwyer 616w-2-lcd transmisor de presi\u00f3n diferencial resistente a la intemperie (0-6 \"w.c.) con lcd - Abaa tienda online","isPartOf":{"@id":"https:\/\/abaa.mx\/tienda\/#website"},"primaryImageOfPage":{"@id":"https:\/\/abaa.mx\/tienda\/dwyer-616w-2-lcd-transmisor-de-presion-diferencial-resistente-a-la-intemperie-0-6-w-c-con-lcd\/#primaryimage"},"image":{"@id":"https:\/\/abaa.mx\/tienda\/dwyer-616w-2-lcd-transmisor-de-presion-diferencial-resistente-a-la-intemperie-0-6-w-c-con-lcd\/#primaryimage"},"thumbnailUrl":"https:\/\/abaa.mx\/tienda\/wp-content\/uploads\/2023\/10\/616W-2-LCD.jpg","datePublished":"2023-10-02T14:59:54+00:00","dateModified":"2023-12-07T19:26:06+00:00","breadcrumb":{"@id":"https:\/\/abaa.mx\/tienda\/dwyer-616w-2-lcd-transmisor-de-presion-diferencial-resistente-a-la-intemperie-0-6-w-c-con-lcd\/#breadcrumb"},"inLanguage":"es","potentialAction":[{"@type":"ReadAction","target":["https:\/\/abaa.mx\/tienda\/dwyer-616w-2-lcd-transmisor-de-presion-diferencial-resistente-a-la-intemperie-0-6-w-c-con-lcd\/"]}]},{"@type":"ImageObject","inLanguage":"es","@id":"https:\/\/abaa.mx\/tienda\/dwyer-616w-2-lcd-transmisor-de-presion-diferencial-resistente-a-la-intemperie-0-6-w-c-con-lcd\/#primaryimage","url":"https:\/\/abaa.mx\/tienda\/wp-content\/uploads\/2023\/10\/616W-2-LCD.jpg","contentUrl":"https:\/\/abaa.mx\/tienda\/wp-content\/uploads\/2023\/10\/616W-2-LCD.jpg","width":270,"height":270,"caption":"616W-2-LCD"},{"@type":"BreadcrumbList","@id":"https:\/\/abaa.mx\/tienda\/dwyer-616w-2-lcd-transmisor-de-presion-diferencial-resistente-a-la-intemperie-0-6-w-c-con-lcd\/#breadcrumb","itemListElement":[{"@type":"ListItem","position":1,"name":"Inicio","item":"https:\/\/abaa.mx\/tienda\/"},{"@type":"ListItem","position":2,"name":"Tienda","item":"https:\/\/abaa.mx\/tienda\/"},{"@type":"ListItem","position":3,"name":"Dwyer 616w-2-lcd transmisor de presi\u00f3n diferencial resistente a la intemperie (0-6 &#8220;w.c.) con lcd"}]},{"@type":"WebSite","@id":"https:\/\/abaa.mx\/tienda\/#website","url":"https:\/\/abaa.mx\/tienda\/","name":"Abaa tienda online","description":"Instrumentos de medici\u00f3n","publisher":{"@id":"https:\/\/abaa.mx\/tienda\/#organization"},"potentialAction":[{"@type":"SearchAction","target":{"@type":"EntryPoint","urlTemplate":"https:\/\/abaa.mx\/tienda\/?s={search_term_string}"},"query-input":{"@type":"PropertyValueSpecification","valueRequired":true,"valueName":"search_term_string"}}],"inLanguage":"es"},{"@type":"Organization","@id":"https:\/\/abaa.mx\/tienda\/#organization","name":"Abaa tienda online","url":"https:\/\/abaa.mx\/tienda\/","logo":{"@type":"ImageObject","inLanguage":"es","@id":"https:\/\/abaa.mx\/tienda\/#\/schema\/logo\/image\/","url":"https:\/\/abaa.mx\/tienda\/wp-content\/uploads\/2024\/01\/abaa-metrologia-tienda.png","contentUrl":"https:\/\/abaa.mx\/tienda\/wp-content\/uploads\/2024\/01\/abaa-metrologia-tienda.png","width":300,"height":141,"caption":"Abaa tienda online"},"image":{"@id":"https:\/\/abaa.mx\/tienda\/#\/schema\/logo\/image\/"}}]}},"_links":{"self":[{"href":"https:\/\/abaa.mx\/tienda\/wp-json\/wp\/v2\/product\/4034","targetHints":{"allow":["GET"]}}],"collection":[{"href":"https:\/\/abaa.mx\/tienda\/wp-json\/wp\/v2\/product"}],"about":[{"href":"https:\/\/abaa.mx\/tienda\/wp-json\/wp\/v2\/types\/product"}],"replies":[{"embeddable":true,"href":"https:\/\/abaa.mx\/tienda\/wp-json\/wp\/v2\/comments?post=4034"}],"wp:featuredmedia":[{"embeddable":true,"href":"https:\/\/abaa.mx\/tienda\/wp-json\/wp\/v2\/media\/4053"}],"wp:attachment":[{"href":"https:\/\/abaa.mx\/tienda\/wp-json\/wp\/v2\/media?parent=4034"}],"wp:term":[{"taxonomy":"product_brand","embeddable":true,"href":"https:\/\/abaa.mx\/tienda\/wp-json\/wp\/v2\/product_brand?post=4034"},{"taxonomy":"product_cat","embeddable":true,"href":"https:\/\/abaa.mx\/tienda\/wp-json\/wp\/v2\/product_cat?post=4034"},{"taxonomy":"product_tag","embeddable":true,"href":"https:\/\/abaa.mx\/tienda\/wp-json\/wp\/v2\/product_tag?post=4034"}],"curies":[{"name":"wp","href":"https:\/\/api.w.org\/{rel}","templated":true}]}}