{"id":3989,"date":"2023-09-29T21:50:29","date_gmt":"2023-09-29T21:50:29","guid":{"rendered":"https:\/\/abaa.mx\/tienda\/?post_type=product&#038;p=3989"},"modified":"2023-12-01T19:18:36","modified_gmt":"2023-12-01T19:18:36","slug":"mitutoyo-543-858a-absolute-digimatic-high-indicator-id-f-0-a-2-0-a-50-8-mm","status":"publish","type":"product","link":"https:\/\/abaa.mx\/tienda\/mitutoyo-543-858a-absolute-digimatic-high-indicator-id-f-0-a-2-0-a-50-8-mm\/","title":{"rendered":"Mitutoyo 543-858a absolute digimatic high indicator id-f, 0 a 2&#8243;-0 a 50.8 mm"},"content":{"rendered":"<h4>Mitutoyo 543-858A<\/h4>\n<p>Ideal para medir distancias lineales para aplicaciones en casi todas las industrias, este indicador digital proporciona lecturas precisas en una pantalla LED f\u00e1cil de leer y ofrece una bater\u00eda de larga duraci\u00f3n. Cuenta con una pantalla LCD retroiluminada y f\u00e1cil de leer que cambia de verde a rojo cuando se exceden las tolerancias definidas por el usuario, lo que permite que los juicios Go \/ No-Go sean m\u00e1s r\u00e1pidos y f\u00e1ciles sin sacrificar la precisi\u00f3n o la confiabilidad. Adem\u00e1s, un indicador de barra anal\u00f3gica integrado maneja el l\u00edmite superior e inferior que se acerca y el enfoque cero.<\/p>\n<h5><strong>Funciones<\/strong><\/h5>\n<ul>\n<li>Capacidades de salida SPC: permite una gesti\u00f3n de datos m\u00e1s f\u00e1cil y r\u00e1pida en tiempo real<\/li>\n<li>Los juicios de Go\/No-Go se realizan estableciendo las tolerancias superior e inferior; La pantalla cambia de verde a rojo cuando se supera una tolerancia<\/li>\n<li>La escala lineal ABSOLUTE (ABS) elimina la necesidad de ajustar el punto de origen cada vez que se enciende el micr\u00f3metro<\/li>\n<li>El restablecimiento de origen no es necesario incluso cuando los datos se vuelven a mostrar despu\u00e9s de la desaparici\u00f3n debido a una iluminaci\u00f3n insuficiente durante el uso<\/li>\n<li>Las funciones incluyen: conjunto \/ preajuste de origen, conjunto cero, juicio Go \/ No-Go, retenci\u00f3n de valor m\u00e1ximo \/ m\u00ednimo, barra anal\u00f3gica, medici\u00f3n de desgaste, cambio de resoluci\u00f3n, conmutaci\u00f3n de direcci\u00f3n de conteo, encendido \/ apagado, salida de datos y conversi\u00f3n de pulgadas \/ mm<\/li>\n<li>Alarma: Baja tensi\u00f3n, error de composici\u00f3n de valores de conteo, error de desbordamiento y error de ajuste de l\u00edmite de tolerancia<\/li>\n<li>La velocidad de respuesta ilimitada elimina los errores de exceso de velocidad<\/li>\n<li>Un indicador de barra anal\u00f3gica integrado maneja el l\u00edmite superior e inferior que se acerca y el acercamiento a cero<\/li>\n<li>Carcasa sellada cumple con la clasificaci\u00f3n IP30 para protecci\u00f3n contra el polvo y el agua<\/li>\n<\/ul>\n<h5><strong>Aplicaciones<\/strong><\/h5>\n<ul>\n<li>Fabricaci\u00f3n general<\/li>\n<li>Aeroespacial<\/li>\n<li>Automotor<\/li>\n<li>Defensa<\/li>\n<li>Electr\u00f3nica<\/li>\n<li>Energ\u00eda<\/li>\n<li>Pl\u00e1sticos y caucho<\/li>\n<\/ul>\n<h4>Especificaciones<\/h4>\n<table class=\"table table-striped\">\n<tbody>\n<tr>\n<td>Rango de medici\u00f3n<\/td>\n<td>0 a 2&#8243;\/0 a 50,8 mm<\/td>\n<\/tr>\n<tr>\n<td>Resoluci\u00f3n<\/td>\n<td>0,0001, 0,0005, 0,00005, 0,001&#8243;\/0,001, 0,01 mm<\/td>\n<\/tr>\n<tr>\n<td>Exactitud<\/td>\n<td>\u00b10,00012&#8243;<\/td>\n<\/tr>\n<tr>\n<td>Fuerza de medici\u00f3n<\/td>\n<td>2.3 N o menos<\/td>\n<\/tr>\n<tr>\n<td>Velocidad m\u00e1xima de respuesta<\/td>\n<td>Ilimitado<\/td>\n<\/tr>\n<tr>\n<td>Resoluci\u00f3n seleccionable<\/td>\n<td>S\u00ed<\/td>\n<\/tr>\n<tr>\n<td>Salida SPC<\/td>\n<td>S\u00ed<\/td>\n<\/tr>\n<tr>\n<td>Monitor<\/td>\n<td>LCD<\/td>\n<\/tr>\n<tr>\n<td>Longitud est\u00e1ndar<\/td>\n<td>Codificador lineal de capacitancia electrost\u00e1tica ABSOLUTE<\/td>\n<\/tr>\n<tr>\n<td>Fuente de alimentaci\u00f3n<\/td>\n<td>9 V CC<\/td>\n<\/tr>\n<tr>\n<td>Tipo de espalda<\/td>\n<td>Espalda plana<\/td>\n<\/tr>\n<tr>\n<td>Di\u00e1metro del v\u00e1stago<\/td>\n<td>\u215c&#8221;<\/td>\n<\/tr>\n<tr>\n<td>Tipo de rosca<\/td>\n<td>4-48 Fundaci\u00f3n de las Naciones Unidas<\/td>\n<\/tr>\n<\/tbody>\n<\/table>\n","protected":false},"excerpt":{"rendered":"<p class=\"short-description mhide ipad-view-setting\">Combina una gran precisi\u00f3n y funcionalidad con una pantalla LCD retroiluminada para lecturas r\u00e1pidas de Go \/ No-Go, este indicador presenta un rango de medici\u00f3n de 0 a 2 &#8220;\/ 0 a 50.8 mm. Cuenta con seis resoluciones seleccionables por el usuario y viene equipado con capacidades de salida SPC.<\/p>\n<div class=\"row-fluid\">\n<div class=\"span12 mobile-pricing-box-padding\">\n<form id=\"53846\" accept-charset=\"utf-8\" action=\"https:\/\/www.globaltestsupply.com\/shop\/add\" method=\"post\" name=\"addTocartFunction\">\n<div><\/div>\n<\/form>\n<\/div>\n<\/div>\n","protected":false},"featured_media":4013,"comment_status":"open","ping_status":"closed","template":"","meta":{"_joinchat":[]},"product_brand":[],"product_cat":[15],"product_tag":[],"class_list":{"0":"post-3989","1":"product","2":"type-product","3":"status-publish","4":"has-post-thumbnail","6":"product_cat-sin-categorizar","8":"first","9":"instock","10":"shipping-taxable","11":"product-type-simple"},"yoast_head":"<!-- This site is optimized with the Yoast SEO plugin v26.4 - https:\/\/yoast.com\/wordpress\/plugins\/seo\/ -->\n<title>Mitutoyo 543-858a absolute digimatic high indicator id-f, 0 a 2&quot;-0 a 50.8 mm - Abaa tienda online<\/title>\n<meta name=\"robots\" content=\"index, follow, max-snippet:-1, max-image-preview:large, max-video-preview:-1\" \/>\n<link rel=\"canonical\" href=\"https:\/\/abaa.mx\/tienda\/mitutoyo-543-858a-absolute-digimatic-high-indicator-id-f-0-a-2-0-a-50-8-mm\/\" \/>\n<meta property=\"og:locale\" content=\"es_MX\" \/>\n<meta property=\"og:type\" content=\"article\" \/>\n<meta property=\"og:title\" content=\"Mitutoyo 543-858a absolute digimatic high indicator id-f, 0 a 2&quot;-0 a 50.8 mm - Abaa tienda online\" \/>\n<meta property=\"og:description\" content=\"Combina una gran precisi\u00f3n y funcionalidad con una pantalla LCD retroiluminada para lecturas r\u00e1pidas de Go \/ No-Go, este indicador presenta un rango de medici\u00f3n de 0 a 2 &quot;\/ 0 a 50.8 mm. Cuenta con seis resoluciones seleccionables por el usuario y viene equipado con capacidades de salida SPC.\" \/>\n<meta property=\"og:url\" content=\"https:\/\/abaa.mx\/tienda\/mitutoyo-543-858a-absolute-digimatic-high-indicator-id-f-0-a-2-0-a-50-8-mm\/\" \/>\n<meta property=\"og:site_name\" content=\"Abaa tienda online\" \/>\n<meta property=\"article:modified_time\" content=\"2023-12-01T19:18:36+00:00\" \/>\n<meta property=\"og:image\" content=\"https:\/\/abaa.mx\/tienda\/wp-content\/uploads\/2023\/09\/543-858A.jpg\" \/>\n\t<meta property=\"og:image:width\" content=\"270\" \/>\n\t<meta property=\"og:image:height\" content=\"500\" \/>\n\t<meta property=\"og:image:type\" content=\"image\/jpeg\" \/>\n<meta name=\"twitter:card\" content=\"summary_large_image\" \/>\n<meta name=\"twitter:label1\" content=\"Tiempo de lectura\" \/>\n\t<meta name=\"twitter:data1\" content=\"2 minutos\" \/>\n<script type=\"application\/ld+json\" class=\"yoast-schema-graph\">{\"@context\":\"https:\/\/schema.org\",\"@graph\":[{\"@type\":\"WebPage\",\"@id\":\"https:\/\/abaa.mx\/tienda\/mitutoyo-543-858a-absolute-digimatic-high-indicator-id-f-0-a-2-0-a-50-8-mm\/\",\"url\":\"https:\/\/abaa.mx\/tienda\/mitutoyo-543-858a-absolute-digimatic-high-indicator-id-f-0-a-2-0-a-50-8-mm\/\",\"name\":\"Mitutoyo 543-858a absolute digimatic high indicator id-f, 0 a 2\\\"-0 a 50.8 mm - Abaa tienda online\",\"isPartOf\":{\"@id\":\"https:\/\/abaa.mx\/tienda\/#website\"},\"primaryImageOfPage\":{\"@id\":\"https:\/\/abaa.mx\/tienda\/mitutoyo-543-858a-absolute-digimatic-high-indicator-id-f-0-a-2-0-a-50-8-mm\/#primaryimage\"},\"image\":{\"@id\":\"https:\/\/abaa.mx\/tienda\/mitutoyo-543-858a-absolute-digimatic-high-indicator-id-f-0-a-2-0-a-50-8-mm\/#primaryimage\"},\"thumbnailUrl\":\"https:\/\/abaa.mx\/tienda\/wp-content\/uploads\/2023\/09\/543-858A.jpg\",\"datePublished\":\"2023-09-29T21:50:29+00:00\",\"dateModified\":\"2023-12-01T19:18:36+00:00\",\"breadcrumb\":{\"@id\":\"https:\/\/abaa.mx\/tienda\/mitutoyo-543-858a-absolute-digimatic-high-indicator-id-f-0-a-2-0-a-50-8-mm\/#breadcrumb\"},\"inLanguage\":\"es\",\"potentialAction\":[{\"@type\":\"ReadAction\",\"target\":[\"https:\/\/abaa.mx\/tienda\/mitutoyo-543-858a-absolute-digimatic-high-indicator-id-f-0-a-2-0-a-50-8-mm\/\"]}]},{\"@type\":\"ImageObject\",\"inLanguage\":\"es\",\"@id\":\"https:\/\/abaa.mx\/tienda\/mitutoyo-543-858a-absolute-digimatic-high-indicator-id-f-0-a-2-0-a-50-8-mm\/#primaryimage\",\"url\":\"https:\/\/abaa.mx\/tienda\/wp-content\/uploads\/2023\/09\/543-858A.jpg\",\"contentUrl\":\"https:\/\/abaa.mx\/tienda\/wp-content\/uploads\/2023\/09\/543-858A.jpg\",\"width\":270,\"height\":500,\"caption\":\"mitutoyo-543-858a-absolute-digimatic-high-indicator-id-f-0-a-2-0-a-50-8-mm\"},{\"@type\":\"BreadcrumbList\",\"@id\":\"https:\/\/abaa.mx\/tienda\/mitutoyo-543-858a-absolute-digimatic-high-indicator-id-f-0-a-2-0-a-50-8-mm\/#breadcrumb\",\"itemListElement\":[{\"@type\":\"ListItem\",\"position\":1,\"name\":\"Inicio\",\"item\":\"https:\/\/abaa.mx\/tienda\/\"},{\"@type\":\"ListItem\",\"position\":2,\"name\":\"Tienda\",\"item\":\"https:\/\/abaa.mx\/tienda\/\"},{\"@type\":\"ListItem\",\"position\":3,\"name\":\"Mitutoyo 543-858a absolute digimatic high indicator id-f, 0 a 2&#8243;-0 a 50.8 mm\"}]},{\"@type\":\"WebSite\",\"@id\":\"https:\/\/abaa.mx\/tienda\/#website\",\"url\":\"https:\/\/abaa.mx\/tienda\/\",\"name\":\"Abaa tienda online\",\"description\":\"Instrumentos de medici\u00f3n\",\"publisher\":{\"@id\":\"https:\/\/abaa.mx\/tienda\/#organization\"},\"potentialAction\":[{\"@type\":\"SearchAction\",\"target\":{\"@type\":\"EntryPoint\",\"urlTemplate\":\"https:\/\/abaa.mx\/tienda\/?s={search_term_string}\"},\"query-input\":{\"@type\":\"PropertyValueSpecification\",\"valueRequired\":true,\"valueName\":\"search_term_string\"}}],\"inLanguage\":\"es\"},{\"@type\":\"Organization\",\"@id\":\"https:\/\/abaa.mx\/tienda\/#organization\",\"name\":\"Abaa tienda online\",\"url\":\"https:\/\/abaa.mx\/tienda\/\",\"logo\":{\"@type\":\"ImageObject\",\"inLanguage\":\"es\",\"@id\":\"https:\/\/abaa.mx\/tienda\/#\/schema\/logo\/image\/\",\"url\":\"https:\/\/abaa.mx\/tienda\/wp-content\/uploads\/2024\/01\/abaa-metrologia-tienda.png\",\"contentUrl\":\"https:\/\/abaa.mx\/tienda\/wp-content\/uploads\/2024\/01\/abaa-metrologia-tienda.png\",\"width\":300,\"height\":141,\"caption\":\"Abaa tienda online\"},\"image\":{\"@id\":\"https:\/\/abaa.mx\/tienda\/#\/schema\/logo\/image\/\"}}]}<\/script>\n<!-- \/ Yoast SEO plugin. -->","yoast_head_json":{"title":"Mitutoyo 543-858a absolute digimatic high indicator id-f, 0 a 2\"-0 a 50.8 mm - Abaa tienda online","robots":{"index":"index","follow":"follow","max-snippet":"max-snippet:-1","max-image-preview":"max-image-preview:large","max-video-preview":"max-video-preview:-1"},"canonical":"https:\/\/abaa.mx\/tienda\/mitutoyo-543-858a-absolute-digimatic-high-indicator-id-f-0-a-2-0-a-50-8-mm\/","og_locale":"es_MX","og_type":"article","og_title":"Mitutoyo 543-858a absolute digimatic high indicator id-f, 0 a 2\"-0 a 50.8 mm - Abaa tienda online","og_description":"Combina una gran precisi\u00f3n y funcionalidad con una pantalla LCD retroiluminada para lecturas r\u00e1pidas de Go \/ No-Go, este indicador presenta un rango de medici\u00f3n de 0 a 2 \"\/ 0 a 50.8 mm. Cuenta con seis resoluciones seleccionables por el usuario y viene equipado con capacidades de salida SPC.","og_url":"https:\/\/abaa.mx\/tienda\/mitutoyo-543-858a-absolute-digimatic-high-indicator-id-f-0-a-2-0-a-50-8-mm\/","og_site_name":"Abaa tienda online","article_modified_time":"2023-12-01T19:18:36+00:00","og_image":[{"width":270,"height":500,"url":"https:\/\/abaa.mx\/tienda\/wp-content\/uploads\/2023\/09\/543-858A.jpg","type":"image\/jpeg"}],"twitter_card":"summary_large_image","twitter_misc":{"Tiempo de lectura":"2 minutos"},"schema":{"@context":"https:\/\/schema.org","@graph":[{"@type":"WebPage","@id":"https:\/\/abaa.mx\/tienda\/mitutoyo-543-858a-absolute-digimatic-high-indicator-id-f-0-a-2-0-a-50-8-mm\/","url":"https:\/\/abaa.mx\/tienda\/mitutoyo-543-858a-absolute-digimatic-high-indicator-id-f-0-a-2-0-a-50-8-mm\/","name":"Mitutoyo 543-858a absolute digimatic high indicator id-f, 0 a 2\"-0 a 50.8 mm - Abaa tienda online","isPartOf":{"@id":"https:\/\/abaa.mx\/tienda\/#website"},"primaryImageOfPage":{"@id":"https:\/\/abaa.mx\/tienda\/mitutoyo-543-858a-absolute-digimatic-high-indicator-id-f-0-a-2-0-a-50-8-mm\/#primaryimage"},"image":{"@id":"https:\/\/abaa.mx\/tienda\/mitutoyo-543-858a-absolute-digimatic-high-indicator-id-f-0-a-2-0-a-50-8-mm\/#primaryimage"},"thumbnailUrl":"https:\/\/abaa.mx\/tienda\/wp-content\/uploads\/2023\/09\/543-858A.jpg","datePublished":"2023-09-29T21:50:29+00:00","dateModified":"2023-12-01T19:18:36+00:00","breadcrumb":{"@id":"https:\/\/abaa.mx\/tienda\/mitutoyo-543-858a-absolute-digimatic-high-indicator-id-f-0-a-2-0-a-50-8-mm\/#breadcrumb"},"inLanguage":"es","potentialAction":[{"@type":"ReadAction","target":["https:\/\/abaa.mx\/tienda\/mitutoyo-543-858a-absolute-digimatic-high-indicator-id-f-0-a-2-0-a-50-8-mm\/"]}]},{"@type":"ImageObject","inLanguage":"es","@id":"https:\/\/abaa.mx\/tienda\/mitutoyo-543-858a-absolute-digimatic-high-indicator-id-f-0-a-2-0-a-50-8-mm\/#primaryimage","url":"https:\/\/abaa.mx\/tienda\/wp-content\/uploads\/2023\/09\/543-858A.jpg","contentUrl":"https:\/\/abaa.mx\/tienda\/wp-content\/uploads\/2023\/09\/543-858A.jpg","width":270,"height":500,"caption":"mitutoyo-543-858a-absolute-digimatic-high-indicator-id-f-0-a-2-0-a-50-8-mm"},{"@type":"BreadcrumbList","@id":"https:\/\/abaa.mx\/tienda\/mitutoyo-543-858a-absolute-digimatic-high-indicator-id-f-0-a-2-0-a-50-8-mm\/#breadcrumb","itemListElement":[{"@type":"ListItem","position":1,"name":"Inicio","item":"https:\/\/abaa.mx\/tienda\/"},{"@type":"ListItem","position":2,"name":"Tienda","item":"https:\/\/abaa.mx\/tienda\/"},{"@type":"ListItem","position":3,"name":"Mitutoyo 543-858a absolute digimatic high indicator id-f, 0 a 2&#8243;-0 a 50.8 mm"}]},{"@type":"WebSite","@id":"https:\/\/abaa.mx\/tienda\/#website","url":"https:\/\/abaa.mx\/tienda\/","name":"Abaa tienda online","description":"Instrumentos de medici\u00f3n","publisher":{"@id":"https:\/\/abaa.mx\/tienda\/#organization"},"potentialAction":[{"@type":"SearchAction","target":{"@type":"EntryPoint","urlTemplate":"https:\/\/abaa.mx\/tienda\/?s={search_term_string}"},"query-input":{"@type":"PropertyValueSpecification","valueRequired":true,"valueName":"search_term_string"}}],"inLanguage":"es"},{"@type":"Organization","@id":"https:\/\/abaa.mx\/tienda\/#organization","name":"Abaa tienda online","url":"https:\/\/abaa.mx\/tienda\/","logo":{"@type":"ImageObject","inLanguage":"es","@id":"https:\/\/abaa.mx\/tienda\/#\/schema\/logo\/image\/","url":"https:\/\/abaa.mx\/tienda\/wp-content\/uploads\/2024\/01\/abaa-metrologia-tienda.png","contentUrl":"https:\/\/abaa.mx\/tienda\/wp-content\/uploads\/2024\/01\/abaa-metrologia-tienda.png","width":300,"height":141,"caption":"Abaa tienda online"},"image":{"@id":"https:\/\/abaa.mx\/tienda\/#\/schema\/logo\/image\/"}}]}},"_links":{"self":[{"href":"https:\/\/abaa.mx\/tienda\/wp-json\/wp\/v2\/product\/3989","targetHints":{"allow":["GET"]}}],"collection":[{"href":"https:\/\/abaa.mx\/tienda\/wp-json\/wp\/v2\/product"}],"about":[{"href":"https:\/\/abaa.mx\/tienda\/wp-json\/wp\/v2\/types\/product"}],"replies":[{"embeddable":true,"href":"https:\/\/abaa.mx\/tienda\/wp-json\/wp\/v2\/comments?post=3989"}],"wp:featuredmedia":[{"embeddable":true,"href":"https:\/\/abaa.mx\/tienda\/wp-json\/wp\/v2\/media\/4013"}],"wp:attachment":[{"href":"https:\/\/abaa.mx\/tienda\/wp-json\/wp\/v2\/media?parent=3989"}],"wp:term":[{"taxonomy":"product_brand","embeddable":true,"href":"https:\/\/abaa.mx\/tienda\/wp-json\/wp\/v2\/product_brand?post=3989"},{"taxonomy":"product_cat","embeddable":true,"href":"https:\/\/abaa.mx\/tienda\/wp-json\/wp\/v2\/product_cat?post=3989"},{"taxonomy":"product_tag","embeddable":true,"href":"https:\/\/abaa.mx\/tienda\/wp-json\/wp\/v2\/product_tag?post=3989"}],"curies":[{"name":"wp","href":"https:\/\/api.w.org\/{rel}","templated":true}]}}