{"id":3957,"date":"2023-09-29T20:50:04","date_gmt":"2023-09-29T20:50:04","guid":{"rendered":"https:\/\/abaa.mx\/tienda\/?post_type=product&#038;p=3957"},"modified":"2023-12-07T19:32:29","modified_gmt":"2023-12-07T19:32:29","slug":"dwyer-dpga-08-manometro-digital-para-aire-gas-con-1-de-precision-0-a-100-psi","status":"publish","type":"product","link":"https:\/\/abaa.mx\/tienda\/dwyer-dpga-08-manometro-digital-para-aire-gas-con-1-de-precision-0-a-100-psi\/","title":{"rendered":"Dwyer dpga-08 man\u00f3metro digital para aire &#8211; gas con 1% de precisi\u00f3n, 0 a 100 psi"},"content":{"rendered":"<h4>Ofertas de las series DPGA y DPGW de Dwyer<\/h4>\n<p><strong>Caracter\u00edsticas &#8211; Serie DPGA<\/strong><\/p>\n<ul>\n<li>\u00danico man\u00f3metro digital econ\u00f3mico con unidades de ingenier\u00eda seleccionables en el mercado<\/li>\n<li>Precisi\u00f3n del 1%<\/li>\n<li>Pulsador digital cero<\/li>\n<\/ul>\n<p><strong>Aplicaciones &#8211; Serie DPGA<\/strong><\/p>\n<ul>\n<li>Monitorizaci\u00f3n digital de las presiones del aire y gases compatibles<\/li>\n<li>Aplicaciones de proceso<\/li>\n<li>Puesta en marcha del proceso<\/li>\n<li>Aplicaciones OEM<\/li>\n<\/ul>\n<p><strong>Caracter\u00edsticas &#8211; Serie DPGW<\/strong><\/p>\n<ul>\n<li>\u00danico man\u00f3metro digital econ\u00f3mico para l\u00edquidos con la capacidad de seleccionar unidades de ingenier\u00eda en el mercado<\/li>\n<li>Precisi\u00f3n del 1%<\/li>\n<li>Pulsador digital cero<\/li>\n<\/ul>\n<p><strong>Aplicaciones &#8211; Serie DPGW<\/strong><\/p>\n<ul>\n<li>Monitorizaci\u00f3n digital de las presiones del aire y gases compatibles<\/li>\n<li>Aplicaciones de proceso<\/li>\n<li>Puesta en marcha del proceso<\/li>\n<li>Aplicaciones OEM<\/li>\n<\/ul>\n<h4>Dwyer DPGA-08 Especificaciones<\/h4>\n<table class=\"table table-striped\">\n<tbody>\n<tr>\n<td>Gama<\/td>\n<td>0 a 100 psi<\/td>\n<\/tr>\n<tr>\n<td>Unidades de ingenier\u00eda seleccionables<\/td>\n<td>100,0 psig, 7,03 kg\/cm<sup>2<\/sup>, 6.89 bar, 203.6&#8243; Hg<br \/>\n230.7 pies de peso, 689 kPa, 1600 oz\/in<sup>2<\/sup>, 2768&#8243; W.C.<\/td>\n<\/tr>\n<tr>\n<td>Resoluci\u00f3n<\/td>\n<td>0,1 psi<\/td>\n<\/tr>\n<tr>\n<td>Servicio<\/td>\n<td>Aire y gases compatibles<\/td>\n<\/tr>\n<tr>\n<td>Materiales h\u00famedos<\/td>\n<td>316L SS<\/td>\n<\/tr>\n<tr>\n<td>Materiales de la carcasa<\/td>\n<td>Pl\u00e1stico ABS<\/td>\n<\/tr>\n<tr>\n<td>L\u00edmites de presi\u00f3n<\/td>\n<td>2x Rango de presi\u00f3n<\/td>\n<\/tr>\n<tr>\n<td>Rango de vac\u00edo<\/td>\n<td>Presi\u00f3n m\u00e1xima: 30 psig<\/td>\n<\/tr>\n<tr>\n<td>L\u00edmites de temperatura<\/td>\n<td>30 a 120\u00b0F (-1 a 49\u00b0C)<\/td>\n<\/tr>\n<tr>\n<td>Efecto t\u00e9rmico<\/td>\n<td>0,05% FS\/\u00b0F<\/td>\n<\/tr>\n<tr>\n<td>Conexi\u00f3n de procesos<\/td>\n<td>1\/4&#8243; NPT macho<\/td>\n<\/tr>\n<tr>\n<td>Apagado autom\u00e1tico<\/td>\n<td>20 minutos<\/td>\n<\/tr>\n<tr>\n<td>Dimensiones<\/td>\n<td>2,62 x 1,52&#8243;<\/td>\n<\/tr>\n<tr>\n<td>Peso<\/td>\n<td>5,6 onzas (160 g)<\/td>\n<\/tr>\n<\/tbody>\n<\/table>\n","protected":false},"excerpt":{"rendered":"<p>El \u00fanico man\u00f3metro digital econ\u00f3mico con unidades de ingenier\u00eda seleccionables en el mercado. Con su precisi\u00f3n del 1% y su pulsador digital cero, es la elecci\u00f3n perfecta para monitorear digitalmente las presiones del aire y los gases compatibles.<\/p>\n","protected":false},"featured_media":3962,"comment_status":"open","ping_status":"closed","template":"","meta":{"_joinchat":[]},"product_brand":[],"product_cat":[15],"product_tag":[],"class_list":{"0":"post-3957","1":"product","2":"type-product","3":"status-publish","4":"has-post-thumbnail","6":"product_cat-sin-categorizar","8":"first","9":"instock","10":"shipping-taxable","11":"product-type-simple"},"yoast_head":"<!-- This site is optimized with the Yoast SEO plugin v26.4 - https:\/\/yoast.com\/wordpress\/plugins\/seo\/ -->\n<title>Dwyer dpga-08 man\u00f3metro digital para aire - gas con 1% de precisi\u00f3n, 0 a 100 psi - Abaa tienda online<\/title>\n<meta name=\"robots\" content=\"index, follow, max-snippet:-1, max-image-preview:large, max-video-preview:-1\" \/>\n<link rel=\"canonical\" href=\"https:\/\/abaa.mx\/tienda\/dwyer-dpga-08-manometro-digital-para-aire-gas-con-1-de-precision-0-a-100-psi\/\" \/>\n<meta property=\"og:locale\" content=\"es_MX\" \/>\n<meta property=\"og:type\" content=\"article\" \/>\n<meta property=\"og:title\" content=\"Dwyer dpga-08 man\u00f3metro digital para aire - gas con 1% de precisi\u00f3n, 0 a 100 psi - Abaa tienda online\" \/>\n<meta property=\"og:description\" content=\"El \u00fanico man\u00f3metro digital econ\u00f3mico con unidades de ingenier\u00eda seleccionables en el mercado. Con su precisi\u00f3n del 1% y su pulsador digital cero, es la elecci\u00f3n perfecta para monitorear digitalmente las presiones del aire y los gases compatibles.\" \/>\n<meta property=\"og:url\" content=\"https:\/\/abaa.mx\/tienda\/dwyer-dpga-08-manometro-digital-para-aire-gas-con-1-de-precision-0-a-100-psi\/\" \/>\n<meta property=\"og:site_name\" content=\"Abaa tienda online\" \/>\n<meta property=\"article:modified_time\" content=\"2023-12-07T19:32:29+00:00\" \/>\n<meta property=\"og:image\" content=\"https:\/\/abaa.mx\/tienda\/wp-content\/uploads\/2023\/09\/DPGA-08.jpg\" \/>\n\t<meta property=\"og:image:width\" content=\"270\" \/>\n\t<meta property=\"og:image:height\" content=\"333\" \/>\n\t<meta property=\"og:image:type\" content=\"image\/jpeg\" \/>\n<meta name=\"twitter:card\" content=\"summary_large_image\" \/>\n<meta name=\"twitter:label1\" content=\"Tiempo de lectura\" \/>\n\t<meta name=\"twitter:data1\" content=\"1 minuto\" \/>\n<script type=\"application\/ld+json\" class=\"yoast-schema-graph\">{\"@context\":\"https:\/\/schema.org\",\"@graph\":[{\"@type\":\"WebPage\",\"@id\":\"https:\/\/abaa.mx\/tienda\/dwyer-dpga-08-manometro-digital-para-aire-gas-con-1-de-precision-0-a-100-psi\/\",\"url\":\"https:\/\/abaa.mx\/tienda\/dwyer-dpga-08-manometro-digital-para-aire-gas-con-1-de-precision-0-a-100-psi\/\",\"name\":\"Dwyer dpga-08 man\u00f3metro digital para aire - gas con 1% de precisi\u00f3n, 0 a 100 psi - Abaa tienda online\",\"isPartOf\":{\"@id\":\"https:\/\/abaa.mx\/tienda\/#website\"},\"primaryImageOfPage\":{\"@id\":\"https:\/\/abaa.mx\/tienda\/dwyer-dpga-08-manometro-digital-para-aire-gas-con-1-de-precision-0-a-100-psi\/#primaryimage\"},\"image\":{\"@id\":\"https:\/\/abaa.mx\/tienda\/dwyer-dpga-08-manometro-digital-para-aire-gas-con-1-de-precision-0-a-100-psi\/#primaryimage\"},\"thumbnailUrl\":\"https:\/\/abaa.mx\/tienda\/wp-content\/uploads\/2023\/09\/DPGA-08.jpg\",\"datePublished\":\"2023-09-29T20:50:04+00:00\",\"dateModified\":\"2023-12-07T19:32:29+00:00\",\"breadcrumb\":{\"@id\":\"https:\/\/abaa.mx\/tienda\/dwyer-dpga-08-manometro-digital-para-aire-gas-con-1-de-precision-0-a-100-psi\/#breadcrumb\"},\"inLanguage\":\"es\",\"potentialAction\":[{\"@type\":\"ReadAction\",\"target\":[\"https:\/\/abaa.mx\/tienda\/dwyer-dpga-08-manometro-digital-para-aire-gas-con-1-de-precision-0-a-100-psi\/\"]}]},{\"@type\":\"ImageObject\",\"inLanguage\":\"es\",\"@id\":\"https:\/\/abaa.mx\/tienda\/dwyer-dpga-08-manometro-digital-para-aire-gas-con-1-de-precision-0-a-100-psi\/#primaryimage\",\"url\":\"https:\/\/abaa.mx\/tienda\/wp-content\/uploads\/2023\/09\/DPGA-08.jpg\",\"contentUrl\":\"https:\/\/abaa.mx\/tienda\/wp-content\/uploads\/2023\/09\/DPGA-08.jpg\",\"width\":270,\"height\":333,\"caption\":\"DPGA-08\"},{\"@type\":\"BreadcrumbList\",\"@id\":\"https:\/\/abaa.mx\/tienda\/dwyer-dpga-08-manometro-digital-para-aire-gas-con-1-de-precision-0-a-100-psi\/#breadcrumb\",\"itemListElement\":[{\"@type\":\"ListItem\",\"position\":1,\"name\":\"Inicio\",\"item\":\"https:\/\/abaa.mx\/tienda\/\"},{\"@type\":\"ListItem\",\"position\":2,\"name\":\"Tienda\",\"item\":\"https:\/\/abaa.mx\/tienda\/\"},{\"@type\":\"ListItem\",\"position\":3,\"name\":\"Dwyer dpga-08 man\u00f3metro digital para aire &#8211; gas con 1% de precisi\u00f3n, 0 a 100 psi\"}]},{\"@type\":\"WebSite\",\"@id\":\"https:\/\/abaa.mx\/tienda\/#website\",\"url\":\"https:\/\/abaa.mx\/tienda\/\",\"name\":\"Abaa tienda online\",\"description\":\"Instrumentos de medici\u00f3n\",\"publisher\":{\"@id\":\"https:\/\/abaa.mx\/tienda\/#organization\"},\"potentialAction\":[{\"@type\":\"SearchAction\",\"target\":{\"@type\":\"EntryPoint\",\"urlTemplate\":\"https:\/\/abaa.mx\/tienda\/?s={search_term_string}\"},\"query-input\":{\"@type\":\"PropertyValueSpecification\",\"valueRequired\":true,\"valueName\":\"search_term_string\"}}],\"inLanguage\":\"es\"},{\"@type\":\"Organization\",\"@id\":\"https:\/\/abaa.mx\/tienda\/#organization\",\"name\":\"Abaa tienda online\",\"url\":\"https:\/\/abaa.mx\/tienda\/\",\"logo\":{\"@type\":\"ImageObject\",\"inLanguage\":\"es\",\"@id\":\"https:\/\/abaa.mx\/tienda\/#\/schema\/logo\/image\/\",\"url\":\"https:\/\/abaa.mx\/tienda\/wp-content\/uploads\/2024\/01\/abaa-metrologia-tienda.png\",\"contentUrl\":\"https:\/\/abaa.mx\/tienda\/wp-content\/uploads\/2024\/01\/abaa-metrologia-tienda.png\",\"width\":300,\"height\":141,\"caption\":\"Abaa tienda online\"},\"image\":{\"@id\":\"https:\/\/abaa.mx\/tienda\/#\/schema\/logo\/image\/\"}}]}<\/script>\n<!-- \/ Yoast SEO plugin. -->","yoast_head_json":{"title":"Dwyer dpga-08 man\u00f3metro digital para aire - gas con 1% de precisi\u00f3n, 0 a 100 psi - Abaa tienda online","robots":{"index":"index","follow":"follow","max-snippet":"max-snippet:-1","max-image-preview":"max-image-preview:large","max-video-preview":"max-video-preview:-1"},"canonical":"https:\/\/abaa.mx\/tienda\/dwyer-dpga-08-manometro-digital-para-aire-gas-con-1-de-precision-0-a-100-psi\/","og_locale":"es_MX","og_type":"article","og_title":"Dwyer dpga-08 man\u00f3metro digital para aire - gas con 1% de precisi\u00f3n, 0 a 100 psi - Abaa tienda online","og_description":"El \u00fanico man\u00f3metro digital econ\u00f3mico con unidades de ingenier\u00eda seleccionables en el mercado. Con su precisi\u00f3n del 1% y su pulsador digital cero, es la elecci\u00f3n perfecta para monitorear digitalmente las presiones del aire y los gases compatibles.","og_url":"https:\/\/abaa.mx\/tienda\/dwyer-dpga-08-manometro-digital-para-aire-gas-con-1-de-precision-0-a-100-psi\/","og_site_name":"Abaa tienda online","article_modified_time":"2023-12-07T19:32:29+00:00","og_image":[{"width":270,"height":333,"url":"https:\/\/abaa.mx\/tienda\/wp-content\/uploads\/2023\/09\/DPGA-08.jpg","type":"image\/jpeg"}],"twitter_card":"summary_large_image","twitter_misc":{"Tiempo de lectura":"1 minuto"},"schema":{"@context":"https:\/\/schema.org","@graph":[{"@type":"WebPage","@id":"https:\/\/abaa.mx\/tienda\/dwyer-dpga-08-manometro-digital-para-aire-gas-con-1-de-precision-0-a-100-psi\/","url":"https:\/\/abaa.mx\/tienda\/dwyer-dpga-08-manometro-digital-para-aire-gas-con-1-de-precision-0-a-100-psi\/","name":"Dwyer dpga-08 man\u00f3metro digital para aire - gas con 1% de precisi\u00f3n, 0 a 100 psi - Abaa tienda online","isPartOf":{"@id":"https:\/\/abaa.mx\/tienda\/#website"},"primaryImageOfPage":{"@id":"https:\/\/abaa.mx\/tienda\/dwyer-dpga-08-manometro-digital-para-aire-gas-con-1-de-precision-0-a-100-psi\/#primaryimage"},"image":{"@id":"https:\/\/abaa.mx\/tienda\/dwyer-dpga-08-manometro-digital-para-aire-gas-con-1-de-precision-0-a-100-psi\/#primaryimage"},"thumbnailUrl":"https:\/\/abaa.mx\/tienda\/wp-content\/uploads\/2023\/09\/DPGA-08.jpg","datePublished":"2023-09-29T20:50:04+00:00","dateModified":"2023-12-07T19:32:29+00:00","breadcrumb":{"@id":"https:\/\/abaa.mx\/tienda\/dwyer-dpga-08-manometro-digital-para-aire-gas-con-1-de-precision-0-a-100-psi\/#breadcrumb"},"inLanguage":"es","potentialAction":[{"@type":"ReadAction","target":["https:\/\/abaa.mx\/tienda\/dwyer-dpga-08-manometro-digital-para-aire-gas-con-1-de-precision-0-a-100-psi\/"]}]},{"@type":"ImageObject","inLanguage":"es","@id":"https:\/\/abaa.mx\/tienda\/dwyer-dpga-08-manometro-digital-para-aire-gas-con-1-de-precision-0-a-100-psi\/#primaryimage","url":"https:\/\/abaa.mx\/tienda\/wp-content\/uploads\/2023\/09\/DPGA-08.jpg","contentUrl":"https:\/\/abaa.mx\/tienda\/wp-content\/uploads\/2023\/09\/DPGA-08.jpg","width":270,"height":333,"caption":"DPGA-08"},{"@type":"BreadcrumbList","@id":"https:\/\/abaa.mx\/tienda\/dwyer-dpga-08-manometro-digital-para-aire-gas-con-1-de-precision-0-a-100-psi\/#breadcrumb","itemListElement":[{"@type":"ListItem","position":1,"name":"Inicio","item":"https:\/\/abaa.mx\/tienda\/"},{"@type":"ListItem","position":2,"name":"Tienda","item":"https:\/\/abaa.mx\/tienda\/"},{"@type":"ListItem","position":3,"name":"Dwyer dpga-08 man\u00f3metro digital para aire &#8211; gas con 1% de precisi\u00f3n, 0 a 100 psi"}]},{"@type":"WebSite","@id":"https:\/\/abaa.mx\/tienda\/#website","url":"https:\/\/abaa.mx\/tienda\/","name":"Abaa tienda online","description":"Instrumentos de medici\u00f3n","publisher":{"@id":"https:\/\/abaa.mx\/tienda\/#organization"},"potentialAction":[{"@type":"SearchAction","target":{"@type":"EntryPoint","urlTemplate":"https:\/\/abaa.mx\/tienda\/?s={search_term_string}"},"query-input":{"@type":"PropertyValueSpecification","valueRequired":true,"valueName":"search_term_string"}}],"inLanguage":"es"},{"@type":"Organization","@id":"https:\/\/abaa.mx\/tienda\/#organization","name":"Abaa tienda online","url":"https:\/\/abaa.mx\/tienda\/","logo":{"@type":"ImageObject","inLanguage":"es","@id":"https:\/\/abaa.mx\/tienda\/#\/schema\/logo\/image\/","url":"https:\/\/abaa.mx\/tienda\/wp-content\/uploads\/2024\/01\/abaa-metrologia-tienda.png","contentUrl":"https:\/\/abaa.mx\/tienda\/wp-content\/uploads\/2024\/01\/abaa-metrologia-tienda.png","width":300,"height":141,"caption":"Abaa tienda online"},"image":{"@id":"https:\/\/abaa.mx\/tienda\/#\/schema\/logo\/image\/"}}]}},"_links":{"self":[{"href":"https:\/\/abaa.mx\/tienda\/wp-json\/wp\/v2\/product\/3957","targetHints":{"allow":["GET"]}}],"collection":[{"href":"https:\/\/abaa.mx\/tienda\/wp-json\/wp\/v2\/product"}],"about":[{"href":"https:\/\/abaa.mx\/tienda\/wp-json\/wp\/v2\/types\/product"}],"replies":[{"embeddable":true,"href":"https:\/\/abaa.mx\/tienda\/wp-json\/wp\/v2\/comments?post=3957"}],"wp:featuredmedia":[{"embeddable":true,"href":"https:\/\/abaa.mx\/tienda\/wp-json\/wp\/v2\/media\/3962"}],"wp:attachment":[{"href":"https:\/\/abaa.mx\/tienda\/wp-json\/wp\/v2\/media?parent=3957"}],"wp:term":[{"taxonomy":"product_brand","embeddable":true,"href":"https:\/\/abaa.mx\/tienda\/wp-json\/wp\/v2\/product_brand?post=3957"},{"taxonomy":"product_cat","embeddable":true,"href":"https:\/\/abaa.mx\/tienda\/wp-json\/wp\/v2\/product_cat?post=3957"},{"taxonomy":"product_tag","embeddable":true,"href":"https:\/\/abaa.mx\/tienda\/wp-json\/wp\/v2\/product_tag?post=3957"}],"curies":[{"name":"wp","href":"https:\/\/api.w.org\/{rel}","templated":true}]}}