{"id":3955,"date":"2023-09-29T21:15:16","date_gmt":"2023-09-29T21:15:16","guid":{"rendered":"https:\/\/abaa.mx\/tienda\/?post_type=product&#038;p=3955"},"modified":"2023-09-29T21:15:17","modified_gmt":"2023-09-29T21:15:17","slug":"mitutoyo-543-732b-indicador-digital-absoluto-id-c-0-2-0-50mm-salida-spc","status":"publish","type":"product","link":"https:\/\/abaa.mx\/tienda\/mitutoyo-543-732b-indicador-digital-absoluto-id-c-0-2-0-50mm-salida-spc\/","title":{"rendered":"Mitutoyo 543-732b indicador digital absoluto id-c, 0-2&#8243; (0-50mm), salida spc"},"content":{"rendered":"<h4>Mitutoyo 543-732B<\/h4>\n<h5><strong>Funciones<\/strong><\/h5>\n<ul>\n<li>El codificador absoluto garantiza que todos los ajustes y lecturas se mantengan durante la vida \u00fatil de la bater\u00eda (incluso cuando se apaga la alimentaci\u00f3n)<\/li>\n<li>Funciones Preset, zero-Set, pulgada\/mm, Plus\/-direction y GO\/\u00b1NG Salida SPC<\/li>\n<li>La cara gira 330\u00b0 para su uso en varios \u00e1ngulos<\/li>\n<li>La funci\u00f3n de c\u00e1lculo f(x)=Ax permite multiplicar la lectura del husillo por una constante (es decir, 2X o .5X)<\/li>\n<li>Duraci\u00f3n media de la bater\u00eda 7.000 horas con la bater\u00eda SR-44<\/li>\n<\/ul>\n<h4>Especificaciones<\/h4>\n<table class=\"table table-striped\">\n<tbody>\n<tr>\n<td>Gama<\/td>\n<td>2 pulgadas<\/td>\n<\/tr>\n<tr>\n<td>Paso digital<\/td>\n<td>0,00005&#8243;\/0,0001&#8243;\/0,005&#8243;\/0,001 mm\/0,01 mm<\/td>\n<\/tr>\n<tr>\n<td>Observaciones<\/td>\n<td>Tipo ANSI\/AGD<\/td>\n<\/tr>\n<tr>\n<td>Exactitud<\/td>\n<td>0,005 mm\/0,0002&#8243;<\/td>\n<\/tr>\n<tr>\n<td>Fuerza de medici\u00f3n<\/td>\n<td>\u2264 2,3 N<\/td>\n<\/tr>\n<tr>\n<td>Masa<\/td>\n<td>260 g<\/td>\n<\/tr>\n<tr>\n<td>Exactitud<\/td>\n<td>Consulte la lista de especificaciones (excluyendo el error de cuantificaci\u00f3n)<\/td>\n<\/tr>\n<tr>\n<td>Escama<\/td>\n<td>Tipo de capacitancia, codificador lineal ABSOLUTE<\/td>\n<\/tr>\n<tr>\n<td>Velocidad Max.Response<\/td>\n<td>Ilimitado<\/td>\n<\/tr>\n<tr>\n<td>Tallo<\/td>\n<td>\u00d8:8 mm<\/td>\n<\/tr>\n<tr>\n<td>Punto de contacto<\/td>\n<td>Bola de carburo, rosca M 2,5 x 0,45 mm<\/td>\n<\/tr>\n<tr>\n<td>Alarma<\/td>\n<td>Baja tensi\u00f3n, error de composici\u00f3n del valor de conteo, error de desbordamiento, error de ajuste del l\u00edmite de tolerancia<\/td>\n<\/tr>\n<tr>\n<td>Fuente de alimentaci\u00f3n<\/td>\n<td>Bater\u00eda SR-44<\/td>\n<\/tr>\n<tr>\n<td>Duraci\u00f3n de la bater\u00eda<\/td>\n<td>Aprox. 7000 horas<\/td>\n<\/tr>\n<tr>\n<td>Monitor<\/td>\n<td>Altura del car\u00e1cter LCD 11 mm giratorio 330\u00b0<\/td>\n<\/tr>\n<tr>\n<td>Cero\/ABS<\/td>\n<td>S\u00ed<\/td>\n<\/tr>\n<tr>\n<td>Sentencia GO\/\u00b1NG<\/td>\n<td>S\u00ed<\/td>\n<\/tr>\n<tr>\n<td>Salida de datos digimatic<\/td>\n<td>S\u00ed<\/td>\n<\/tr>\n<tr>\n<td>Encendido\/apagado<\/td>\n<td>S\u00ed<\/td>\n<\/tr>\n<tr>\n<td>Funci\u00f3n de bloqueo<\/td>\n<td>S\u00ed<\/td>\n<\/tr>\n<tr>\n<td>Prefijar<\/td>\n<td>S\u00ed<\/td>\n<\/tr>\n<tr>\n<td>Conmutable en direcci\u00f3n de conteo<\/td>\n<td>S\u00ed<\/td>\n<\/tr>\n<tr>\n<td>Funci\u00f3n de c\u00e1lculo<\/td>\n<td>S\u00ed<\/td>\n<\/tr>\n<tr>\n<td>Resoluci\u00f3n seleccionable<\/td>\n<td>S\u00ed<\/td>\n<\/tr>\n<tr>\n<td>Pulgada-M\u00e9trico<\/td>\n<td>Pulgada\/m\u00e9trica<\/td>\n<\/tr>\n<\/tbody>\n<\/table>\n","protected":false},"excerpt":{"rendered":"<p class=\"short-description mhide ipad-view-setting\">El indicador Digimatic absoluto Mitutoyo 543-492B IDC tiene una parte posterior plana, di\u00e1metro de v\u00e1stago de 3\/8&#8243; y rango de medici\u00f3n de 2&#8243;\/50mm con una resoluci\u00f3n de .00005&#8243;\/0.001mm y una fuerza de medici\u00f3n de 2.3N o menos.<\/p>\n<p class=\"comment-tag-product\">\n<div class=\"row-fluid\">\n<div class=\"span12 mobile-pricing-box-padding\">\n<form id=\"53844\" accept-charset=\"utf-8\" action=\"https:\/\/www.globaltestsupply.com\/shop\/add\" method=\"post\" name=\"addTocartFunction\">\n<div><\/div>\n<\/form>\n<\/div>\n<\/div>\n","protected":false},"featured_media":3984,"comment_status":"open","ping_status":"closed","template":"","meta":{"_joinchat":[]},"product_brand":[],"product_cat":[15],"product_tag":[],"class_list":{"0":"post-3955","1":"product","2":"type-product","3":"status-publish","4":"has-post-thumbnail","6":"product_cat-sin-categorizar","8":"first","9":"instock","10":"shipping-taxable","11":"product-type-simple"},"yoast_head":"<!-- This site is optimized with the Yoast SEO plugin v26.4 - https:\/\/yoast.com\/wordpress\/plugins\/seo\/ -->\n<title>Mitutoyo 543-732b indicador digital absoluto id-c, 0-2&quot; (0-50mm), salida spc - Abaa tienda online<\/title>\n<meta name=\"robots\" content=\"index, follow, max-snippet:-1, max-image-preview:large, max-video-preview:-1\" \/>\n<link rel=\"canonical\" href=\"https:\/\/abaa.mx\/tienda\/mitutoyo-543-732b-indicador-digital-absoluto-id-c-0-2-0-50mm-salida-spc\/\" \/>\n<meta property=\"og:locale\" content=\"es_MX\" \/>\n<meta property=\"og:type\" content=\"article\" \/>\n<meta property=\"og:title\" content=\"Mitutoyo 543-732b indicador digital absoluto id-c, 0-2&quot; (0-50mm), salida spc - Abaa tienda online\" \/>\n<meta property=\"og:description\" content=\"El indicador Digimatic absoluto Mitutoyo 543-492B IDC tiene una parte posterior plana, di\u00e1metro de v\u00e1stago de 3\/8&quot; y rango de medici\u00f3n de 2&quot;\/50mm con una resoluci\u00f3n de .00005&quot;\/0.001mm y una fuerza de medici\u00f3n de 2.3N o menos.\" \/>\n<meta property=\"og:url\" content=\"https:\/\/abaa.mx\/tienda\/mitutoyo-543-732b-indicador-digital-absoluto-id-c-0-2-0-50mm-salida-spc\/\" \/>\n<meta property=\"og:site_name\" content=\"Abaa tienda online\" \/>\n<meta property=\"article:modified_time\" content=\"2023-09-29T21:15:17+00:00\" \/>\n<meta property=\"og:image\" content=\"https:\/\/abaa.mx\/tienda\/wp-content\/uploads\/2023\/09\/543-732B.jpg\" \/>\n\t<meta property=\"og:image:width\" content=\"270\" \/>\n\t<meta property=\"og:image:height\" content=\"500\" \/>\n\t<meta property=\"og:image:type\" content=\"image\/jpeg\" \/>\n<meta name=\"twitter:card\" content=\"summary_large_image\" \/>\n<meta name=\"twitter:label1\" content=\"Tiempo de lectura\" \/>\n\t<meta name=\"twitter:data1\" content=\"1 minuto\" \/>\n<script type=\"application\/ld+json\" class=\"yoast-schema-graph\">{\"@context\":\"https:\/\/schema.org\",\"@graph\":[{\"@type\":\"WebPage\",\"@id\":\"https:\/\/abaa.mx\/tienda\/mitutoyo-543-732b-indicador-digital-absoluto-id-c-0-2-0-50mm-salida-spc\/\",\"url\":\"https:\/\/abaa.mx\/tienda\/mitutoyo-543-732b-indicador-digital-absoluto-id-c-0-2-0-50mm-salida-spc\/\",\"name\":\"Mitutoyo 543-732b indicador digital absoluto id-c, 0-2\\\" (0-50mm), salida spc - Abaa tienda online\",\"isPartOf\":{\"@id\":\"https:\/\/abaa.mx\/tienda\/#website\"},\"primaryImageOfPage\":{\"@id\":\"https:\/\/abaa.mx\/tienda\/mitutoyo-543-732b-indicador-digital-absoluto-id-c-0-2-0-50mm-salida-spc\/#primaryimage\"},\"image\":{\"@id\":\"https:\/\/abaa.mx\/tienda\/mitutoyo-543-732b-indicador-digital-absoluto-id-c-0-2-0-50mm-salida-spc\/#primaryimage\"},\"thumbnailUrl\":\"https:\/\/abaa.mx\/tienda\/wp-content\/uploads\/2023\/09\/543-732B.jpg\",\"datePublished\":\"2023-09-29T21:15:16+00:00\",\"dateModified\":\"2023-09-29T21:15:17+00:00\",\"breadcrumb\":{\"@id\":\"https:\/\/abaa.mx\/tienda\/mitutoyo-543-732b-indicador-digital-absoluto-id-c-0-2-0-50mm-salida-spc\/#breadcrumb\"},\"inLanguage\":\"es\",\"potentialAction\":[{\"@type\":\"ReadAction\",\"target\":[\"https:\/\/abaa.mx\/tienda\/mitutoyo-543-732b-indicador-digital-absoluto-id-c-0-2-0-50mm-salida-spc\/\"]}]},{\"@type\":\"ImageObject\",\"inLanguage\":\"es\",\"@id\":\"https:\/\/abaa.mx\/tienda\/mitutoyo-543-732b-indicador-digital-absoluto-id-c-0-2-0-50mm-salida-spc\/#primaryimage\",\"url\":\"https:\/\/abaa.mx\/tienda\/wp-content\/uploads\/2023\/09\/543-732B.jpg\",\"contentUrl\":\"https:\/\/abaa.mx\/tienda\/wp-content\/uploads\/2023\/09\/543-732B.jpg\",\"width\":270,\"height\":500,\"caption\":\"mitutoyo-543-732b-indicador-digital-absoluto-id-c-0-2-0-50mm-salida-spc\"},{\"@type\":\"BreadcrumbList\",\"@id\":\"https:\/\/abaa.mx\/tienda\/mitutoyo-543-732b-indicador-digital-absoluto-id-c-0-2-0-50mm-salida-spc\/#breadcrumb\",\"itemListElement\":[{\"@type\":\"ListItem\",\"position\":1,\"name\":\"Inicio\",\"item\":\"https:\/\/abaa.mx\/tienda\/\"},{\"@type\":\"ListItem\",\"position\":2,\"name\":\"Tienda\",\"item\":\"https:\/\/abaa.mx\/tienda\/\"},{\"@type\":\"ListItem\",\"position\":3,\"name\":\"Mitutoyo 543-732b indicador digital absoluto id-c, 0-2&#8243; (0-50mm), salida spc\"}]},{\"@type\":\"WebSite\",\"@id\":\"https:\/\/abaa.mx\/tienda\/#website\",\"url\":\"https:\/\/abaa.mx\/tienda\/\",\"name\":\"Abaa tienda online\",\"description\":\"Instrumentos de medici\u00f3n\",\"publisher\":{\"@id\":\"https:\/\/abaa.mx\/tienda\/#organization\"},\"potentialAction\":[{\"@type\":\"SearchAction\",\"target\":{\"@type\":\"EntryPoint\",\"urlTemplate\":\"https:\/\/abaa.mx\/tienda\/?s={search_term_string}\"},\"query-input\":{\"@type\":\"PropertyValueSpecification\",\"valueRequired\":true,\"valueName\":\"search_term_string\"}}],\"inLanguage\":\"es\"},{\"@type\":\"Organization\",\"@id\":\"https:\/\/abaa.mx\/tienda\/#organization\",\"name\":\"Abaa tienda online\",\"url\":\"https:\/\/abaa.mx\/tienda\/\",\"logo\":{\"@type\":\"ImageObject\",\"inLanguage\":\"es\",\"@id\":\"https:\/\/abaa.mx\/tienda\/#\/schema\/logo\/image\/\",\"url\":\"https:\/\/abaa.mx\/tienda\/wp-content\/uploads\/2024\/01\/abaa-metrologia-tienda.png\",\"contentUrl\":\"https:\/\/abaa.mx\/tienda\/wp-content\/uploads\/2024\/01\/abaa-metrologia-tienda.png\",\"width\":300,\"height\":141,\"caption\":\"Abaa tienda online\"},\"image\":{\"@id\":\"https:\/\/abaa.mx\/tienda\/#\/schema\/logo\/image\/\"}}]}<\/script>\n<!-- \/ Yoast SEO plugin. -->","yoast_head_json":{"title":"Mitutoyo 543-732b indicador digital absoluto id-c, 0-2\" (0-50mm), salida spc - Abaa tienda online","robots":{"index":"index","follow":"follow","max-snippet":"max-snippet:-1","max-image-preview":"max-image-preview:large","max-video-preview":"max-video-preview:-1"},"canonical":"https:\/\/abaa.mx\/tienda\/mitutoyo-543-732b-indicador-digital-absoluto-id-c-0-2-0-50mm-salida-spc\/","og_locale":"es_MX","og_type":"article","og_title":"Mitutoyo 543-732b indicador digital absoluto id-c, 0-2\" (0-50mm), salida spc - Abaa tienda online","og_description":"El indicador Digimatic absoluto Mitutoyo 543-492B IDC tiene una parte posterior plana, di\u00e1metro de v\u00e1stago de 3\/8\" y rango de medici\u00f3n de 2\"\/50mm con una resoluci\u00f3n de .00005\"\/0.001mm y una fuerza de medici\u00f3n de 2.3N o menos.","og_url":"https:\/\/abaa.mx\/tienda\/mitutoyo-543-732b-indicador-digital-absoluto-id-c-0-2-0-50mm-salida-spc\/","og_site_name":"Abaa tienda online","article_modified_time":"2023-09-29T21:15:17+00:00","og_image":[{"width":270,"height":500,"url":"https:\/\/abaa.mx\/tienda\/wp-content\/uploads\/2023\/09\/543-732B.jpg","type":"image\/jpeg"}],"twitter_card":"summary_large_image","twitter_misc":{"Tiempo de lectura":"1 minuto"},"schema":{"@context":"https:\/\/schema.org","@graph":[{"@type":"WebPage","@id":"https:\/\/abaa.mx\/tienda\/mitutoyo-543-732b-indicador-digital-absoluto-id-c-0-2-0-50mm-salida-spc\/","url":"https:\/\/abaa.mx\/tienda\/mitutoyo-543-732b-indicador-digital-absoluto-id-c-0-2-0-50mm-salida-spc\/","name":"Mitutoyo 543-732b indicador digital absoluto id-c, 0-2\" (0-50mm), salida spc - Abaa tienda online","isPartOf":{"@id":"https:\/\/abaa.mx\/tienda\/#website"},"primaryImageOfPage":{"@id":"https:\/\/abaa.mx\/tienda\/mitutoyo-543-732b-indicador-digital-absoluto-id-c-0-2-0-50mm-salida-spc\/#primaryimage"},"image":{"@id":"https:\/\/abaa.mx\/tienda\/mitutoyo-543-732b-indicador-digital-absoluto-id-c-0-2-0-50mm-salida-spc\/#primaryimage"},"thumbnailUrl":"https:\/\/abaa.mx\/tienda\/wp-content\/uploads\/2023\/09\/543-732B.jpg","datePublished":"2023-09-29T21:15:16+00:00","dateModified":"2023-09-29T21:15:17+00:00","breadcrumb":{"@id":"https:\/\/abaa.mx\/tienda\/mitutoyo-543-732b-indicador-digital-absoluto-id-c-0-2-0-50mm-salida-spc\/#breadcrumb"},"inLanguage":"es","potentialAction":[{"@type":"ReadAction","target":["https:\/\/abaa.mx\/tienda\/mitutoyo-543-732b-indicador-digital-absoluto-id-c-0-2-0-50mm-salida-spc\/"]}]},{"@type":"ImageObject","inLanguage":"es","@id":"https:\/\/abaa.mx\/tienda\/mitutoyo-543-732b-indicador-digital-absoluto-id-c-0-2-0-50mm-salida-spc\/#primaryimage","url":"https:\/\/abaa.mx\/tienda\/wp-content\/uploads\/2023\/09\/543-732B.jpg","contentUrl":"https:\/\/abaa.mx\/tienda\/wp-content\/uploads\/2023\/09\/543-732B.jpg","width":270,"height":500,"caption":"mitutoyo-543-732b-indicador-digital-absoluto-id-c-0-2-0-50mm-salida-spc"},{"@type":"BreadcrumbList","@id":"https:\/\/abaa.mx\/tienda\/mitutoyo-543-732b-indicador-digital-absoluto-id-c-0-2-0-50mm-salida-spc\/#breadcrumb","itemListElement":[{"@type":"ListItem","position":1,"name":"Inicio","item":"https:\/\/abaa.mx\/tienda\/"},{"@type":"ListItem","position":2,"name":"Tienda","item":"https:\/\/abaa.mx\/tienda\/"},{"@type":"ListItem","position":3,"name":"Mitutoyo 543-732b indicador digital absoluto id-c, 0-2&#8243; (0-50mm), salida spc"}]},{"@type":"WebSite","@id":"https:\/\/abaa.mx\/tienda\/#website","url":"https:\/\/abaa.mx\/tienda\/","name":"Abaa tienda online","description":"Instrumentos de medici\u00f3n","publisher":{"@id":"https:\/\/abaa.mx\/tienda\/#organization"},"potentialAction":[{"@type":"SearchAction","target":{"@type":"EntryPoint","urlTemplate":"https:\/\/abaa.mx\/tienda\/?s={search_term_string}"},"query-input":{"@type":"PropertyValueSpecification","valueRequired":true,"valueName":"search_term_string"}}],"inLanguage":"es"},{"@type":"Organization","@id":"https:\/\/abaa.mx\/tienda\/#organization","name":"Abaa tienda online","url":"https:\/\/abaa.mx\/tienda\/","logo":{"@type":"ImageObject","inLanguage":"es","@id":"https:\/\/abaa.mx\/tienda\/#\/schema\/logo\/image\/","url":"https:\/\/abaa.mx\/tienda\/wp-content\/uploads\/2024\/01\/abaa-metrologia-tienda.png","contentUrl":"https:\/\/abaa.mx\/tienda\/wp-content\/uploads\/2024\/01\/abaa-metrologia-tienda.png","width":300,"height":141,"caption":"Abaa tienda online"},"image":{"@id":"https:\/\/abaa.mx\/tienda\/#\/schema\/logo\/image\/"}}]}},"_links":{"self":[{"href":"https:\/\/abaa.mx\/tienda\/wp-json\/wp\/v2\/product\/3955","targetHints":{"allow":["GET"]}}],"collection":[{"href":"https:\/\/abaa.mx\/tienda\/wp-json\/wp\/v2\/product"}],"about":[{"href":"https:\/\/abaa.mx\/tienda\/wp-json\/wp\/v2\/types\/product"}],"replies":[{"embeddable":true,"href":"https:\/\/abaa.mx\/tienda\/wp-json\/wp\/v2\/comments?post=3955"}],"wp:featuredmedia":[{"embeddable":true,"href":"https:\/\/abaa.mx\/tienda\/wp-json\/wp\/v2\/media\/3984"}],"wp:attachment":[{"href":"https:\/\/abaa.mx\/tienda\/wp-json\/wp\/v2\/media?parent=3955"}],"wp:term":[{"taxonomy":"product_brand","embeddable":true,"href":"https:\/\/abaa.mx\/tienda\/wp-json\/wp\/v2\/product_brand?post=3955"},{"taxonomy":"product_cat","embeddable":true,"href":"https:\/\/abaa.mx\/tienda\/wp-json\/wp\/v2\/product_cat?post=3955"},{"taxonomy":"product_tag","embeddable":true,"href":"https:\/\/abaa.mx\/tienda\/wp-json\/wp\/v2\/product_tag?post=3955"}],"curies":[{"name":"wp","href":"https:\/\/api.w.org\/{rel}","templated":true}]}}