{"id":3939,"date":"2023-09-29T20:32:43","date_gmt":"2023-09-29T20:32:43","guid":{"rendered":"https:\/\/abaa.mx\/tienda\/?post_type=product&#038;p=3939"},"modified":"2023-12-07T19:32:44","modified_gmt":"2023-12-07T19:32:44","slug":"manometro-digital-dwyer-dpg-205-100-0psig-con-0-25-de-precision","status":"publish","type":"product","link":"https:\/\/abaa.mx\/tienda\/manometro-digital-dwyer-dpg-205-100-0psig-con-0-25-de-precision\/","title":{"rendered":"Dan\u00f3metro digital dwyer dpg-205 (100.0psig) con 0.25% de precisi\u00f3n"},"content":{"rendered":"<h4>Man\u00f3metro digital Dwyer DPG-205, unidades de ingenier\u00eda seleccionables: 30.00 psig<\/h4>\n<p>Especificaciones para el Dwyer DPG-205: Man\u00f3metro digital, unidades de ingenier\u00eda seleccionables: 30.00 psig, 2.109 kg\/cm\u00b2, 2.069 bar, 61.08&#8243; Hg, 69.21 ft w.c., 67.45 ft agua de mar @ 4\u00b0C, 206.9 kPa, 480 oz\/in\u00b2, 830.4&#8243; w.c., 2069 mbar, 2109 cm w.c., 1551 mm Hg.<\/p>\n<p><strong>El man\u00f3metro digital de la serie DPG-200<\/strong>\u00a0tiene una precisi\u00f3n precisa de \u00b10,25% a escala completa. La pantalla digital de 4 d\u00edgitos reducir\u00e1 el potencial de errores en las lecturas al eliminar el error de paralaje com\u00fanmente producido con medidores anal\u00f3gicos. El DPG-200 est\u00e1 empaquetado en una caja duradera de aluminio extruido dise\u00f1ada para cumplir con NEMA 4X (IP66). La unidad es alimentada por 12-24 VCC\/VCA y contiene dos puntos de ajuste de alarma junto con una salida de proceso de 4-20 mA. Un teclado de cuatro botones permite un f\u00e1cil acceso a las funciones. Estas caracter\u00edsticas incluyen retroiluminaci\u00f3n, pico y valle, auto cero y conversi\u00f3n de las unidades de presi\u00f3n.<\/p>\n<h4>Dwyer DPG-205 Especificaciones<\/h4>\n<table class=\"table table-striped\">\n<tbody>\n<tr>\n<td>Servicio<\/td>\n<td>L\u00edquidos y gases combustibles compatibles<\/td>\n<\/tr>\n<tr>\n<td>Materiales h\u00famedos<\/td>\n<td>Tipo 316L SS<\/td>\n<\/tr>\n<tr>\n<td>Materiales de la carcasa<\/td>\n<td>Cubierta frontal y trasera de policarbonato, carcasa extruida de aluminio anodizado con ranuras empotradas, superposici\u00f3n de policarbonato, juntas t\u00f3ricas Buna-N, construcci\u00f3n del sensor SS 316L<\/td>\n<\/tr>\n<tr>\n<td>Exactitud<\/td>\n<td>DPG-000: \u00b10,5% FS;<br \/>\nDPG100: 0,25% FS; \u00b11 d\u00edgito menos significativo a 70\u00b0F (21\u00b0C) (incluye linealidad, hist\u00e9resis, repetibilidad)<\/td>\n<\/tr>\n<tr>\n<td>L\u00edmite de presi\u00f3n<\/td>\n<td>Rango de presi\u00f3n 2x para modelos \u22641000 psi 5000 psi para rango de 3000 psi 7500 psi para rango<br \/>\nde<br \/>\n5000 psi<\/td>\n<\/tr>\n<tr>\n<td>Clasificaci\u00f3n de la carcasa<\/td>\n<td>Dise\u00f1ado para cumplir con NEMA 4\/4X (IP66)<\/td>\n<\/tr>\n<tr>\n<td>L\u00edmites de temperatura<\/td>\n<td>0 a 130\u00b0F (-18 a 55\u00b0C)<\/td>\n<\/tr>\n<tr>\n<td>Efecto t\u00e9rmico<\/td>\n<td>Entre 70 a 130 \u00b0 F es 0.016% \/ F Entre 32 a 70 \u00b0 F es 0.026% \/ F Entre 10 a 32 \u00b0 F es 0.09% \/ F<\/td>\n<\/tr>\n<tr>\n<td>Tama\u00f1o<\/td>\n<td>3.00&#8243; OD x 1.90&#8243; profundo (m\u00e1x.)<\/td>\n<\/tr>\n<tr>\n<td>Conexi\u00f3n de procesos<\/td>\n<td>1\/4&#8243; NPT macho<\/td>\n<\/tr>\n<tr>\n<td>Monitor<\/td>\n<td>4 d\u00edgitos (0,425 x 0,234&#8243; d\u00edgitos)<\/td>\n<\/tr>\n<tr>\n<td>Requisitos de alimentaci\u00f3n<\/td>\n<td>2 pilas alcalinas AAA, incluidas, reemplazables por el usuario<\/td>\n<\/tr>\n<tr>\n<td>Duraci\u00f3n de la bater\u00eda<\/td>\n<td>2000 horas t\u00edpicas; Indicador de bater\u00eda baja (60 horas en uso continuo)<\/td>\n<\/tr>\n<tr>\n<td>Apagado autom\u00e1tico<\/td>\n<td>Medidor: apagado autom\u00e1tico de 60 minutos. El apagado autom\u00e1tico puede estar desconectado; Luz de fondo: apagado autom\u00e1tico de 2 minutos<\/td>\n<\/tr>\n<tr>\n<td>Peso<\/td>\n<td>8,84 onzas (275 g)<\/td>\n<\/tr>\n<tr>\n<td>Aprobaciones de agencias<\/td>\n<td>DPG-000: CE DPG-100: CE<br \/>\n, FM aprobado para ser intr\u00ednsecamente seguro para Clase I, Divisi\u00f3n I, Grupos A, B, C y D, para rangos de 0 a 15 a 0 a 3000 psi<\/td>\n<\/tr>\n<\/tbody>\n<\/table>\n","protected":false},"excerpt":{"rendered":"<p class=\"short-description mhide ipad-view-setting\">\u00b10.25% de precisi\u00f3n de escala completa, carcasa NEMA 4X. La pantalla digital de 4 d\u00edgitos reducir\u00e1 el potencial de errores en las lecturas al eliminar el error de paralaje com\u00fanmente producido con medidores anal\u00f3gicos.<\/p>\n<div class=\"row-fluid\">\n<div class=\"span12 mobile-pricing-box-padding\">\n<form id=\"51721\" accept-charset=\"utf-8\" action=\"https:\/\/www.globaltestsupply.com\/shop\/add\" method=\"post\" name=\"addTocartFunction\">\n<div><\/div>\n<\/form>\n<\/div>\n<\/div>\n","protected":false},"featured_media":3942,"comment_status":"open","ping_status":"closed","template":"","meta":{"_joinchat":[]},"product_brand":[],"product_cat":[15],"product_tag":[],"class_list":{"0":"post-3939","1":"product","2":"type-product","3":"status-publish","4":"has-post-thumbnail","6":"product_cat-sin-categorizar","8":"first","9":"instock","10":"shipping-taxable","11":"product-type-simple"},"yoast_head":"<!-- This site is optimized with the Yoast SEO plugin v26.4 - https:\/\/yoast.com\/wordpress\/plugins\/seo\/ -->\n<title>Dan\u00f3metro digital dwyer dpg-205 (100.0psig) con 0.25% de precisi\u00f3n - Abaa tienda online<\/title>\n<meta name=\"robots\" content=\"index, follow, max-snippet:-1, max-image-preview:large, max-video-preview:-1\" \/>\n<link rel=\"canonical\" href=\"https:\/\/abaa.mx\/tienda\/manometro-digital-dwyer-dpg-205-100-0psig-con-0-25-de-precision\/\" \/>\n<meta property=\"og:locale\" content=\"es_MX\" \/>\n<meta property=\"og:type\" content=\"article\" \/>\n<meta property=\"og:title\" content=\"Dan\u00f3metro digital dwyer dpg-205 (100.0psig) con 0.25% de precisi\u00f3n - Abaa tienda online\" \/>\n<meta property=\"og:description\" content=\"\u00b10.25% de precisi\u00f3n de escala completa, carcasa NEMA 4X. La pantalla digital de 4 d\u00edgitos reducir\u00e1 el potencial de errores en las lecturas al eliminar el error de paralaje com\u00fanmente producido con medidores anal\u00f3gicos.\" \/>\n<meta property=\"og:url\" content=\"https:\/\/abaa.mx\/tienda\/manometro-digital-dwyer-dpg-205-100-0psig-con-0-25-de-precision\/\" \/>\n<meta property=\"og:site_name\" content=\"Abaa tienda online\" \/>\n<meta property=\"article:modified_time\" content=\"2023-12-07T19:32:44+00:00\" \/>\n<meta property=\"og:image\" content=\"https:\/\/abaa.mx\/tienda\/wp-content\/uploads\/2023\/09\/DPG-205.jpg\" \/>\n\t<meta property=\"og:image:width\" content=\"270\" \/>\n\t<meta property=\"og:image:height\" content=\"270\" \/>\n\t<meta property=\"og:image:type\" content=\"image\/jpeg\" \/>\n<meta name=\"twitter:card\" content=\"summary_large_image\" \/>\n<meta name=\"twitter:label1\" content=\"Tiempo de lectura\" \/>\n\t<meta name=\"twitter:data1\" content=\"2 minutos\" \/>\n<script type=\"application\/ld+json\" class=\"yoast-schema-graph\">{\"@context\":\"https:\/\/schema.org\",\"@graph\":[{\"@type\":\"WebPage\",\"@id\":\"https:\/\/abaa.mx\/tienda\/manometro-digital-dwyer-dpg-205-100-0psig-con-0-25-de-precision\/\",\"url\":\"https:\/\/abaa.mx\/tienda\/manometro-digital-dwyer-dpg-205-100-0psig-con-0-25-de-precision\/\",\"name\":\"Dan\u00f3metro digital dwyer dpg-205 (100.0psig) con 0.25% de precisi\u00f3n - Abaa tienda online\",\"isPartOf\":{\"@id\":\"https:\/\/abaa.mx\/tienda\/#website\"},\"primaryImageOfPage\":{\"@id\":\"https:\/\/abaa.mx\/tienda\/manometro-digital-dwyer-dpg-205-100-0psig-con-0-25-de-precision\/#primaryimage\"},\"image\":{\"@id\":\"https:\/\/abaa.mx\/tienda\/manometro-digital-dwyer-dpg-205-100-0psig-con-0-25-de-precision\/#primaryimage\"},\"thumbnailUrl\":\"https:\/\/abaa.mx\/tienda\/wp-content\/uploads\/2023\/09\/DPG-205.jpg\",\"datePublished\":\"2023-09-29T20:32:43+00:00\",\"dateModified\":\"2023-12-07T19:32:44+00:00\",\"breadcrumb\":{\"@id\":\"https:\/\/abaa.mx\/tienda\/manometro-digital-dwyer-dpg-205-100-0psig-con-0-25-de-precision\/#breadcrumb\"},\"inLanguage\":\"es\",\"potentialAction\":[{\"@type\":\"ReadAction\",\"target\":[\"https:\/\/abaa.mx\/tienda\/manometro-digital-dwyer-dpg-205-100-0psig-con-0-25-de-precision\/\"]}]},{\"@type\":\"ImageObject\",\"inLanguage\":\"es\",\"@id\":\"https:\/\/abaa.mx\/tienda\/manometro-digital-dwyer-dpg-205-100-0psig-con-0-25-de-precision\/#primaryimage\",\"url\":\"https:\/\/abaa.mx\/tienda\/wp-content\/uploads\/2023\/09\/DPG-205.jpg\",\"contentUrl\":\"https:\/\/abaa.mx\/tienda\/wp-content\/uploads\/2023\/09\/DPG-205.jpg\",\"width\":270,\"height\":270,\"caption\":\"DPG-205\"},{\"@type\":\"BreadcrumbList\",\"@id\":\"https:\/\/abaa.mx\/tienda\/manometro-digital-dwyer-dpg-205-100-0psig-con-0-25-de-precision\/#breadcrumb\",\"itemListElement\":[{\"@type\":\"ListItem\",\"position\":1,\"name\":\"Inicio\",\"item\":\"https:\/\/abaa.mx\/tienda\/\"},{\"@type\":\"ListItem\",\"position\":2,\"name\":\"Tienda\",\"item\":\"https:\/\/abaa.mx\/tienda\/\"},{\"@type\":\"ListItem\",\"position\":3,\"name\":\"Dan\u00f3metro digital dwyer dpg-205 (100.0psig) con 0.25% de precisi\u00f3n\"}]},{\"@type\":\"WebSite\",\"@id\":\"https:\/\/abaa.mx\/tienda\/#website\",\"url\":\"https:\/\/abaa.mx\/tienda\/\",\"name\":\"Abaa tienda online\",\"description\":\"Instrumentos de medici\u00f3n\",\"publisher\":{\"@id\":\"https:\/\/abaa.mx\/tienda\/#organization\"},\"potentialAction\":[{\"@type\":\"SearchAction\",\"target\":{\"@type\":\"EntryPoint\",\"urlTemplate\":\"https:\/\/abaa.mx\/tienda\/?s={search_term_string}\"},\"query-input\":{\"@type\":\"PropertyValueSpecification\",\"valueRequired\":true,\"valueName\":\"search_term_string\"}}],\"inLanguage\":\"es\"},{\"@type\":\"Organization\",\"@id\":\"https:\/\/abaa.mx\/tienda\/#organization\",\"name\":\"Abaa tienda online\",\"url\":\"https:\/\/abaa.mx\/tienda\/\",\"logo\":{\"@type\":\"ImageObject\",\"inLanguage\":\"es\",\"@id\":\"https:\/\/abaa.mx\/tienda\/#\/schema\/logo\/image\/\",\"url\":\"https:\/\/abaa.mx\/tienda\/wp-content\/uploads\/2024\/01\/abaa-metrologia-tienda.png\",\"contentUrl\":\"https:\/\/abaa.mx\/tienda\/wp-content\/uploads\/2024\/01\/abaa-metrologia-tienda.png\",\"width\":300,\"height\":141,\"caption\":\"Abaa tienda online\"},\"image\":{\"@id\":\"https:\/\/abaa.mx\/tienda\/#\/schema\/logo\/image\/\"}}]}<\/script>\n<!-- \/ Yoast SEO plugin. -->","yoast_head_json":{"title":"Dan\u00f3metro digital dwyer dpg-205 (100.0psig) con 0.25% de precisi\u00f3n - Abaa tienda online","robots":{"index":"index","follow":"follow","max-snippet":"max-snippet:-1","max-image-preview":"max-image-preview:large","max-video-preview":"max-video-preview:-1"},"canonical":"https:\/\/abaa.mx\/tienda\/manometro-digital-dwyer-dpg-205-100-0psig-con-0-25-de-precision\/","og_locale":"es_MX","og_type":"article","og_title":"Dan\u00f3metro digital dwyer dpg-205 (100.0psig) con 0.25% de precisi\u00f3n - Abaa tienda online","og_description":"\u00b10.25% de precisi\u00f3n de escala completa, carcasa NEMA 4X. La pantalla digital de 4 d\u00edgitos reducir\u00e1 el potencial de errores en las lecturas al eliminar el error de paralaje com\u00fanmente producido con medidores anal\u00f3gicos.","og_url":"https:\/\/abaa.mx\/tienda\/manometro-digital-dwyer-dpg-205-100-0psig-con-0-25-de-precision\/","og_site_name":"Abaa tienda online","article_modified_time":"2023-12-07T19:32:44+00:00","og_image":[{"width":270,"height":270,"url":"https:\/\/abaa.mx\/tienda\/wp-content\/uploads\/2023\/09\/DPG-205.jpg","type":"image\/jpeg"}],"twitter_card":"summary_large_image","twitter_misc":{"Tiempo de lectura":"2 minutos"},"schema":{"@context":"https:\/\/schema.org","@graph":[{"@type":"WebPage","@id":"https:\/\/abaa.mx\/tienda\/manometro-digital-dwyer-dpg-205-100-0psig-con-0-25-de-precision\/","url":"https:\/\/abaa.mx\/tienda\/manometro-digital-dwyer-dpg-205-100-0psig-con-0-25-de-precision\/","name":"Dan\u00f3metro digital dwyer dpg-205 (100.0psig) con 0.25% de precisi\u00f3n - Abaa tienda online","isPartOf":{"@id":"https:\/\/abaa.mx\/tienda\/#website"},"primaryImageOfPage":{"@id":"https:\/\/abaa.mx\/tienda\/manometro-digital-dwyer-dpg-205-100-0psig-con-0-25-de-precision\/#primaryimage"},"image":{"@id":"https:\/\/abaa.mx\/tienda\/manometro-digital-dwyer-dpg-205-100-0psig-con-0-25-de-precision\/#primaryimage"},"thumbnailUrl":"https:\/\/abaa.mx\/tienda\/wp-content\/uploads\/2023\/09\/DPG-205.jpg","datePublished":"2023-09-29T20:32:43+00:00","dateModified":"2023-12-07T19:32:44+00:00","breadcrumb":{"@id":"https:\/\/abaa.mx\/tienda\/manometro-digital-dwyer-dpg-205-100-0psig-con-0-25-de-precision\/#breadcrumb"},"inLanguage":"es","potentialAction":[{"@type":"ReadAction","target":["https:\/\/abaa.mx\/tienda\/manometro-digital-dwyer-dpg-205-100-0psig-con-0-25-de-precision\/"]}]},{"@type":"ImageObject","inLanguage":"es","@id":"https:\/\/abaa.mx\/tienda\/manometro-digital-dwyer-dpg-205-100-0psig-con-0-25-de-precision\/#primaryimage","url":"https:\/\/abaa.mx\/tienda\/wp-content\/uploads\/2023\/09\/DPG-205.jpg","contentUrl":"https:\/\/abaa.mx\/tienda\/wp-content\/uploads\/2023\/09\/DPG-205.jpg","width":270,"height":270,"caption":"DPG-205"},{"@type":"BreadcrumbList","@id":"https:\/\/abaa.mx\/tienda\/manometro-digital-dwyer-dpg-205-100-0psig-con-0-25-de-precision\/#breadcrumb","itemListElement":[{"@type":"ListItem","position":1,"name":"Inicio","item":"https:\/\/abaa.mx\/tienda\/"},{"@type":"ListItem","position":2,"name":"Tienda","item":"https:\/\/abaa.mx\/tienda\/"},{"@type":"ListItem","position":3,"name":"Dan\u00f3metro digital dwyer dpg-205 (100.0psig) con 0.25% de precisi\u00f3n"}]},{"@type":"WebSite","@id":"https:\/\/abaa.mx\/tienda\/#website","url":"https:\/\/abaa.mx\/tienda\/","name":"Abaa tienda online","description":"Instrumentos de medici\u00f3n","publisher":{"@id":"https:\/\/abaa.mx\/tienda\/#organization"},"potentialAction":[{"@type":"SearchAction","target":{"@type":"EntryPoint","urlTemplate":"https:\/\/abaa.mx\/tienda\/?s={search_term_string}"},"query-input":{"@type":"PropertyValueSpecification","valueRequired":true,"valueName":"search_term_string"}}],"inLanguage":"es"},{"@type":"Organization","@id":"https:\/\/abaa.mx\/tienda\/#organization","name":"Abaa tienda online","url":"https:\/\/abaa.mx\/tienda\/","logo":{"@type":"ImageObject","inLanguage":"es","@id":"https:\/\/abaa.mx\/tienda\/#\/schema\/logo\/image\/","url":"https:\/\/abaa.mx\/tienda\/wp-content\/uploads\/2024\/01\/abaa-metrologia-tienda.png","contentUrl":"https:\/\/abaa.mx\/tienda\/wp-content\/uploads\/2024\/01\/abaa-metrologia-tienda.png","width":300,"height":141,"caption":"Abaa tienda online"},"image":{"@id":"https:\/\/abaa.mx\/tienda\/#\/schema\/logo\/image\/"}}]}},"_links":{"self":[{"href":"https:\/\/abaa.mx\/tienda\/wp-json\/wp\/v2\/product\/3939","targetHints":{"allow":["GET"]}}],"collection":[{"href":"https:\/\/abaa.mx\/tienda\/wp-json\/wp\/v2\/product"}],"about":[{"href":"https:\/\/abaa.mx\/tienda\/wp-json\/wp\/v2\/types\/product"}],"replies":[{"embeddable":true,"href":"https:\/\/abaa.mx\/tienda\/wp-json\/wp\/v2\/comments?post=3939"}],"wp:featuredmedia":[{"embeddable":true,"href":"https:\/\/abaa.mx\/tienda\/wp-json\/wp\/v2\/media\/3942"}],"wp:attachment":[{"href":"https:\/\/abaa.mx\/tienda\/wp-json\/wp\/v2\/media?parent=3939"}],"wp:term":[{"taxonomy":"product_brand","embeddable":true,"href":"https:\/\/abaa.mx\/tienda\/wp-json\/wp\/v2\/product_brand?post=3939"},{"taxonomy":"product_cat","embeddable":true,"href":"https:\/\/abaa.mx\/tienda\/wp-json\/wp\/v2\/product_cat?post=3939"},{"taxonomy":"product_tag","embeddable":true,"href":"https:\/\/abaa.mx\/tienda\/wp-json\/wp\/v2\/product_tag?post=3939"}],"curies":[{"name":"wp","href":"https:\/\/api.w.org\/{rel}","templated":true}]}}