{"id":3917,"date":"2023-09-29T20:15:13","date_gmt":"2023-09-29T20:15:13","guid":{"rendered":"https:\/\/abaa.mx\/tienda\/?post_type=product&#038;p=3917"},"modified":"2023-12-07T19:33:24","modified_gmt":"2023-12-07T19:33:24","slug":"manometro-digital-dwyer-dpg-104-50-00-psig-con-0-25-de-precision","status":"publish","type":"product","link":"https:\/\/abaa.mx\/tienda\/manometro-digital-dwyer-dpg-104-50-00-psig-con-0-25-de-precision\/","title":{"rendered":"Man\u00f3metro digital dwyer dpg-104 (50.00 psig) con 0.25% de precisi\u00f3n"},"content":{"rendered":"<h4>MAN\u00d3METRO DWYER DPG-104, DIGITAL, 50PSI<\/h4>\n<ul>\n<li>\u00b10.25% de precisi\u00f3n de escala completa, carcasa NEMA 4X.<\/li>\n<li>La pantalla digital de 4 d\u00edgitos reducir\u00e1 el potencial de errores en las lecturas al eliminar el error de paralaje com\u00fanmente producido con medidores anal\u00f3gicos.<\/li>\n<li>Funciona con bater\u00eda y se apaga autom\u00e1ticamente para conservar la vida \u00fatil de la bater\u00eda.<\/li>\n<li>La duraci\u00f3n de la bater\u00eda, en promedio, durar\u00e1 2000 horas.<\/li>\n<li>Un teclado de 4 botones permite un f\u00e1cil acceso a las funciones sin la necesidad de trabajar a trav\u00e9s de men\u00fas complejos o combinaciones de teclas dif\u00edciles.<\/li>\n<li>Las caracter\u00edsticas incluyen retroiluminaci\u00f3n, pico y valle, tara o cero autom\u00e1tico y conversi\u00f3n de las unidades de presi\u00f3n.<\/li>\n<\/ul>\n<p><strong>Caracter\u00edsticas t\u00e9cnicas:<\/strong><\/p>\n<p>Servicio: L\u00edquidos y gases<br \/>\ncompatibles Materiales h\u00famedos: Tipo 316L SS; Gamas cer\u00e1micas: Tipo 316L SS, cer\u00e1mica, fluoroelast\u00f3mero<br \/>\nMateriales de la carcasa: cubierta frontal de policarbonato rojo y cubierta trasera de policarbonato negro, carcasa extruida de aluminio anodizado con ranuras empotradas, superposici\u00f3n de policarbonato, juntas t\u00f3ricas Buna-N, construcci\u00f3n<br \/>\ndel sensor SS 316L Precisi\u00f3n: 0.50% F.S. \u00b11 d\u00edgito menos significativo 32 a 130 \u00b0 F (0 a 55 \u00b0 C) (Incluye linealidad, hist\u00e9resis, repetibilidad.) \u00b12% F.S. @ 10 \u00b0 F \u00b15% F.S. @ 0 \u00b0 F<br \/>\nL\u00edmite de presi\u00f3n: rango de presi\u00f3n 2x para modelos \u22641000 psi; 5000 psi para un rango de 3000 psi; 7500 psi para un rango de 5000 psi, 10,000 psi para un rango<br \/>\nde 8000 psi Clasificaci\u00f3n de la carcasa: Dise\u00f1ado para cumplir con NEMA 4\/4X (IP65) L\u00edmites de temperatura: 0 a 130 \u00b0F (-18 a 55 \u00b0C)<\/p>\n<p>Efecto t\u00e9rmico: Entre 70 y 130 \u00b0F es 0.016% \/ F Entre 32 y 70 \u00b0 F es 0.026% \/ F Entre 10 y 32 \u00b0 F es 0.09% \/ F Entre 0 a 10 \u00b0 F es 0.50% \/ F<\/p>\n<p>Tama\u00f1o: 3.00&#8243; OD x 1.90&#8243; de profundidad (m\u00e1x.)<br \/>\nConexi\u00f3n del proceso: 1\/4&#8243; macho NPT<br \/>\nPeso: 8.84 oz (275 g) Pantalla: 4 d\u00edgitos (.425&#8243; H x .234&#8243; W d\u00edgitos)<\/p>\n<p>Requisitos de energ\u00eda: Dos pilas<br \/>\nAAA Duraci\u00f3n de la bater\u00eda: 2000 horas t\u00edpicas; Indicador<br \/>\nde bater\u00eda baja Apagado autom\u00e1tico: Indicador: 60 minutos de apagado autom\u00e1tico El apagado autom\u00e1tico puede estar desconectado<br \/>\nLuz de fondo: apagado<\/p>\n<p>autom\u00e1tico de 2 minutos Aprobaciones de la agencia: CE NOTA: Los medidores con sensor cer\u00e1mico no est\u00e1n aprobados por CE<\/p>\n<p>&nbsp;<\/p>\n<h4>Dwyer DPG-104 Specifications<\/h4>\n<table class=\"table table-striped\">\n<tbody>\n<tr>\n<td>Service<\/td>\n<td>Compatible liquids and combustible gases<\/td>\n<\/tr>\n<tr>\n<td>Wetted Materials<\/td>\n<td>Type 316L SS<\/td>\n<\/tr>\n<tr>\n<td>Housing Materials<\/td>\n<td>Polycarbonate front and back cover, anodized aluminum extruded housing with recessed grooves, polycarbonate overlay, Buna-N O-rings, 316L SS sensor construction<\/td>\n<\/tr>\n<tr>\n<td>Accuracy<\/td>\n<td>DPG-000: \u00b10.5% FS;<br \/>\nDPG100: 0.25% FS; \u00b11 least significant digit at 70\u00b0F (21\u00b0C) (includes linearity, hysteresis, repeatability)<\/td>\n<\/tr>\n<tr>\n<td>Pressure Limit<\/td>\n<td>2x pressure range for models \u22641000 psi<br \/>\n5000 psi for 3000 psi range<br \/>\n7500 psi for 5000 psi range<\/td>\n<\/tr>\n<tr>\n<td>Enclosure Rating<\/td>\n<td>Designed to meet NEMA 4\/4X (IP66)<\/td>\n<\/tr>\n<tr>\n<td>Temperature Limits<\/td>\n<td>0 to 130\u00b0F (-18 to 55\u00b0C)<\/td>\n<\/tr>\n<tr>\n<td>Thermal Effect<\/td>\n<td>Between 70 to 130\u00b0F is 0.016%\/F<br \/>\nBetween 32 to 70\u00b0F is 0.026%\/F<br \/>\nBetween 10 to 32\u00b0F is 0.09%\/F<\/td>\n<\/tr>\n<tr>\n<td>Size<\/td>\n<td>3.00&#8243; OD x 1.90&#8243; deep (max)<\/td>\n<\/tr>\n<tr>\n<td>Process Connection<\/td>\n<td>\u00bc&#8221; male NPT<\/td>\n<\/tr>\n<tr>\n<td>Display<\/td>\n<td>4 digit (0.425 x 0.234&#8243; digits)<\/td>\n<\/tr>\n<tr>\n<td>Power Requirements<\/td>\n<td>2 x AAA alkaline batteries, included, user replaceable<\/td>\n<\/tr>\n<tr>\n<td>Battery Life<\/td>\n<td>2000 hours typical; Low battery indicator (60 hours in continuous use)<\/td>\n<\/tr>\n<tr>\n<td>Auto Shut-Off<\/td>\n<td>Gauge: 60 minute auto shut off. Auto shut-off may be disengaged; Backlight: 2 minute auto shut-off<\/td>\n<\/tr>\n<tr>\n<td>Weight<\/td>\n<td>8.84 oz (275 g)<\/td>\n<\/tr>\n<tr>\n<td>Agency Approvals<\/td>\n<td>DPG-000: CE<br \/>\nDPG-100: CE, FM approved to be intrinsically safe for Class I, Division I, Groups A, B, C and D, for ranges 0 to 15 to 0 to 3000 psi<\/td>\n<\/tr>\n<\/tbody>\n<\/table>\n","protected":false},"excerpt":{"rendered":"<p>\u00b10.25% de precisi\u00f3n de escala completa, carcasa NEMA 4X. La pantalla digital de 4 d\u00edgitos reducir\u00e1 el potencial de errores en las lecturas al eliminar el error de paralaje com\u00fanmente producido con medidores anal\u00f3gicos.<\/p>\n","protected":false},"featured_media":3925,"comment_status":"open","ping_status":"closed","template":"","meta":{"_joinchat":[]},"product_brand":[],"product_cat":[15],"product_tag":[],"class_list":{"0":"post-3917","1":"product","2":"type-product","3":"status-publish","4":"has-post-thumbnail","6":"product_cat-sin-categorizar","8":"first","9":"instock","10":"shipping-taxable","11":"product-type-simple"},"yoast_head":"<!-- This site is optimized with the Yoast SEO plugin v26.4 - https:\/\/yoast.com\/wordpress\/plugins\/seo\/ -->\n<title>Man\u00f3metro digital dwyer dpg-104 (50.00 psig) con 0.25% de precisi\u00f3n - Abaa tienda online<\/title>\n<meta name=\"robots\" content=\"index, follow, max-snippet:-1, max-image-preview:large, max-video-preview:-1\" \/>\n<link rel=\"canonical\" href=\"https:\/\/abaa.mx\/tienda\/manometro-digital-dwyer-dpg-104-50-00-psig-con-0-25-de-precision\/\" \/>\n<meta property=\"og:locale\" content=\"es_MX\" \/>\n<meta property=\"og:type\" content=\"article\" \/>\n<meta property=\"og:title\" content=\"Man\u00f3metro digital dwyer dpg-104 (50.00 psig) con 0.25% de precisi\u00f3n - Abaa tienda online\" \/>\n<meta property=\"og:description\" content=\"\u00b10.25% de precisi\u00f3n de escala completa, carcasa NEMA 4X. La pantalla digital de 4 d\u00edgitos reducir\u00e1 el potencial de errores en las lecturas al eliminar el error de paralaje com\u00fanmente producido con medidores anal\u00f3gicos.\" \/>\n<meta property=\"og:url\" content=\"https:\/\/abaa.mx\/tienda\/manometro-digital-dwyer-dpg-104-50-00-psig-con-0-25-de-precision\/\" \/>\n<meta property=\"og:site_name\" content=\"Abaa tienda online\" \/>\n<meta property=\"article:modified_time\" content=\"2023-12-07T19:33:24+00:00\" \/>\n<meta property=\"og:image\" content=\"https:\/\/abaa.mx\/tienda\/wp-content\/uploads\/2023\/09\/DPG-104.jpg\" \/>\n\t<meta property=\"og:image:width\" content=\"270\" \/>\n\t<meta property=\"og:image:height\" content=\"270\" \/>\n\t<meta property=\"og:image:type\" content=\"image\/jpeg\" \/>\n<meta name=\"twitter:card\" content=\"summary_large_image\" \/>\n<meta name=\"twitter:label1\" content=\"Tiempo de lectura\" \/>\n\t<meta name=\"twitter:data1\" content=\"3 minutos\" \/>\n<script type=\"application\/ld+json\" class=\"yoast-schema-graph\">{\"@context\":\"https:\/\/schema.org\",\"@graph\":[{\"@type\":\"WebPage\",\"@id\":\"https:\/\/abaa.mx\/tienda\/manometro-digital-dwyer-dpg-104-50-00-psig-con-0-25-de-precision\/\",\"url\":\"https:\/\/abaa.mx\/tienda\/manometro-digital-dwyer-dpg-104-50-00-psig-con-0-25-de-precision\/\",\"name\":\"Man\u00f3metro digital dwyer dpg-104 (50.00 psig) con 0.25% de precisi\u00f3n - Abaa tienda online\",\"isPartOf\":{\"@id\":\"https:\/\/abaa.mx\/tienda\/#website\"},\"primaryImageOfPage\":{\"@id\":\"https:\/\/abaa.mx\/tienda\/manometro-digital-dwyer-dpg-104-50-00-psig-con-0-25-de-precision\/#primaryimage\"},\"image\":{\"@id\":\"https:\/\/abaa.mx\/tienda\/manometro-digital-dwyer-dpg-104-50-00-psig-con-0-25-de-precision\/#primaryimage\"},\"thumbnailUrl\":\"https:\/\/abaa.mx\/tienda\/wp-content\/uploads\/2023\/09\/DPG-104.jpg\",\"datePublished\":\"2023-09-29T20:15:13+00:00\",\"dateModified\":\"2023-12-07T19:33:24+00:00\",\"breadcrumb\":{\"@id\":\"https:\/\/abaa.mx\/tienda\/manometro-digital-dwyer-dpg-104-50-00-psig-con-0-25-de-precision\/#breadcrumb\"},\"inLanguage\":\"es\",\"potentialAction\":[{\"@type\":\"ReadAction\",\"target\":[\"https:\/\/abaa.mx\/tienda\/manometro-digital-dwyer-dpg-104-50-00-psig-con-0-25-de-precision\/\"]}]},{\"@type\":\"ImageObject\",\"inLanguage\":\"es\",\"@id\":\"https:\/\/abaa.mx\/tienda\/manometro-digital-dwyer-dpg-104-50-00-psig-con-0-25-de-precision\/#primaryimage\",\"url\":\"https:\/\/abaa.mx\/tienda\/wp-content\/uploads\/2023\/09\/DPG-104.jpg\",\"contentUrl\":\"https:\/\/abaa.mx\/tienda\/wp-content\/uploads\/2023\/09\/DPG-104.jpg\",\"width\":270,\"height\":270,\"caption\":\"DPG-104\"},{\"@type\":\"BreadcrumbList\",\"@id\":\"https:\/\/abaa.mx\/tienda\/manometro-digital-dwyer-dpg-104-50-00-psig-con-0-25-de-precision\/#breadcrumb\",\"itemListElement\":[{\"@type\":\"ListItem\",\"position\":1,\"name\":\"Inicio\",\"item\":\"https:\/\/abaa.mx\/tienda\/\"},{\"@type\":\"ListItem\",\"position\":2,\"name\":\"Tienda\",\"item\":\"https:\/\/abaa.mx\/tienda\/\"},{\"@type\":\"ListItem\",\"position\":3,\"name\":\"Man\u00f3metro digital dwyer dpg-104 (50.00 psig) con 0.25% de precisi\u00f3n\"}]},{\"@type\":\"WebSite\",\"@id\":\"https:\/\/abaa.mx\/tienda\/#website\",\"url\":\"https:\/\/abaa.mx\/tienda\/\",\"name\":\"Abaa tienda online\",\"description\":\"Instrumentos de medici\u00f3n\",\"publisher\":{\"@id\":\"https:\/\/abaa.mx\/tienda\/#organization\"},\"potentialAction\":[{\"@type\":\"SearchAction\",\"target\":{\"@type\":\"EntryPoint\",\"urlTemplate\":\"https:\/\/abaa.mx\/tienda\/?s={search_term_string}\"},\"query-input\":{\"@type\":\"PropertyValueSpecification\",\"valueRequired\":true,\"valueName\":\"search_term_string\"}}],\"inLanguage\":\"es\"},{\"@type\":\"Organization\",\"@id\":\"https:\/\/abaa.mx\/tienda\/#organization\",\"name\":\"Abaa tienda online\",\"url\":\"https:\/\/abaa.mx\/tienda\/\",\"logo\":{\"@type\":\"ImageObject\",\"inLanguage\":\"es\",\"@id\":\"https:\/\/abaa.mx\/tienda\/#\/schema\/logo\/image\/\",\"url\":\"https:\/\/abaa.mx\/tienda\/wp-content\/uploads\/2024\/01\/abaa-metrologia-tienda.png\",\"contentUrl\":\"https:\/\/abaa.mx\/tienda\/wp-content\/uploads\/2024\/01\/abaa-metrologia-tienda.png\",\"width\":300,\"height\":141,\"caption\":\"Abaa tienda online\"},\"image\":{\"@id\":\"https:\/\/abaa.mx\/tienda\/#\/schema\/logo\/image\/\"}}]}<\/script>\n<!-- \/ Yoast SEO plugin. -->","yoast_head_json":{"title":"Man\u00f3metro digital dwyer dpg-104 (50.00 psig) con 0.25% de precisi\u00f3n - Abaa tienda online","robots":{"index":"index","follow":"follow","max-snippet":"max-snippet:-1","max-image-preview":"max-image-preview:large","max-video-preview":"max-video-preview:-1"},"canonical":"https:\/\/abaa.mx\/tienda\/manometro-digital-dwyer-dpg-104-50-00-psig-con-0-25-de-precision\/","og_locale":"es_MX","og_type":"article","og_title":"Man\u00f3metro digital dwyer dpg-104 (50.00 psig) con 0.25% de precisi\u00f3n - Abaa tienda online","og_description":"\u00b10.25% de precisi\u00f3n de escala completa, carcasa NEMA 4X. La pantalla digital de 4 d\u00edgitos reducir\u00e1 el potencial de errores en las lecturas al eliminar el error de paralaje com\u00fanmente producido con medidores anal\u00f3gicos.","og_url":"https:\/\/abaa.mx\/tienda\/manometro-digital-dwyer-dpg-104-50-00-psig-con-0-25-de-precision\/","og_site_name":"Abaa tienda online","article_modified_time":"2023-12-07T19:33:24+00:00","og_image":[{"width":270,"height":270,"url":"https:\/\/abaa.mx\/tienda\/wp-content\/uploads\/2023\/09\/DPG-104.jpg","type":"image\/jpeg"}],"twitter_card":"summary_large_image","twitter_misc":{"Tiempo de lectura":"3 minutos"},"schema":{"@context":"https:\/\/schema.org","@graph":[{"@type":"WebPage","@id":"https:\/\/abaa.mx\/tienda\/manometro-digital-dwyer-dpg-104-50-00-psig-con-0-25-de-precision\/","url":"https:\/\/abaa.mx\/tienda\/manometro-digital-dwyer-dpg-104-50-00-psig-con-0-25-de-precision\/","name":"Man\u00f3metro digital dwyer dpg-104 (50.00 psig) con 0.25% de precisi\u00f3n - Abaa tienda online","isPartOf":{"@id":"https:\/\/abaa.mx\/tienda\/#website"},"primaryImageOfPage":{"@id":"https:\/\/abaa.mx\/tienda\/manometro-digital-dwyer-dpg-104-50-00-psig-con-0-25-de-precision\/#primaryimage"},"image":{"@id":"https:\/\/abaa.mx\/tienda\/manometro-digital-dwyer-dpg-104-50-00-psig-con-0-25-de-precision\/#primaryimage"},"thumbnailUrl":"https:\/\/abaa.mx\/tienda\/wp-content\/uploads\/2023\/09\/DPG-104.jpg","datePublished":"2023-09-29T20:15:13+00:00","dateModified":"2023-12-07T19:33:24+00:00","breadcrumb":{"@id":"https:\/\/abaa.mx\/tienda\/manometro-digital-dwyer-dpg-104-50-00-psig-con-0-25-de-precision\/#breadcrumb"},"inLanguage":"es","potentialAction":[{"@type":"ReadAction","target":["https:\/\/abaa.mx\/tienda\/manometro-digital-dwyer-dpg-104-50-00-psig-con-0-25-de-precision\/"]}]},{"@type":"ImageObject","inLanguage":"es","@id":"https:\/\/abaa.mx\/tienda\/manometro-digital-dwyer-dpg-104-50-00-psig-con-0-25-de-precision\/#primaryimage","url":"https:\/\/abaa.mx\/tienda\/wp-content\/uploads\/2023\/09\/DPG-104.jpg","contentUrl":"https:\/\/abaa.mx\/tienda\/wp-content\/uploads\/2023\/09\/DPG-104.jpg","width":270,"height":270,"caption":"DPG-104"},{"@type":"BreadcrumbList","@id":"https:\/\/abaa.mx\/tienda\/manometro-digital-dwyer-dpg-104-50-00-psig-con-0-25-de-precision\/#breadcrumb","itemListElement":[{"@type":"ListItem","position":1,"name":"Inicio","item":"https:\/\/abaa.mx\/tienda\/"},{"@type":"ListItem","position":2,"name":"Tienda","item":"https:\/\/abaa.mx\/tienda\/"},{"@type":"ListItem","position":3,"name":"Man\u00f3metro digital dwyer dpg-104 (50.00 psig) con 0.25% de precisi\u00f3n"}]},{"@type":"WebSite","@id":"https:\/\/abaa.mx\/tienda\/#website","url":"https:\/\/abaa.mx\/tienda\/","name":"Abaa tienda online","description":"Instrumentos de medici\u00f3n","publisher":{"@id":"https:\/\/abaa.mx\/tienda\/#organization"},"potentialAction":[{"@type":"SearchAction","target":{"@type":"EntryPoint","urlTemplate":"https:\/\/abaa.mx\/tienda\/?s={search_term_string}"},"query-input":{"@type":"PropertyValueSpecification","valueRequired":true,"valueName":"search_term_string"}}],"inLanguage":"es"},{"@type":"Organization","@id":"https:\/\/abaa.mx\/tienda\/#organization","name":"Abaa tienda online","url":"https:\/\/abaa.mx\/tienda\/","logo":{"@type":"ImageObject","inLanguage":"es","@id":"https:\/\/abaa.mx\/tienda\/#\/schema\/logo\/image\/","url":"https:\/\/abaa.mx\/tienda\/wp-content\/uploads\/2024\/01\/abaa-metrologia-tienda.png","contentUrl":"https:\/\/abaa.mx\/tienda\/wp-content\/uploads\/2024\/01\/abaa-metrologia-tienda.png","width":300,"height":141,"caption":"Abaa tienda online"},"image":{"@id":"https:\/\/abaa.mx\/tienda\/#\/schema\/logo\/image\/"}}]}},"_links":{"self":[{"href":"https:\/\/abaa.mx\/tienda\/wp-json\/wp\/v2\/product\/3917","targetHints":{"allow":["GET"]}}],"collection":[{"href":"https:\/\/abaa.mx\/tienda\/wp-json\/wp\/v2\/product"}],"about":[{"href":"https:\/\/abaa.mx\/tienda\/wp-json\/wp\/v2\/types\/product"}],"replies":[{"embeddable":true,"href":"https:\/\/abaa.mx\/tienda\/wp-json\/wp\/v2\/comments?post=3917"}],"wp:featuredmedia":[{"embeddable":true,"href":"https:\/\/abaa.mx\/tienda\/wp-json\/wp\/v2\/media\/3925"}],"wp:attachment":[{"href":"https:\/\/abaa.mx\/tienda\/wp-json\/wp\/v2\/media?parent=3917"}],"wp:term":[{"taxonomy":"product_brand","embeddable":true,"href":"https:\/\/abaa.mx\/tienda\/wp-json\/wp\/v2\/product_brand?post=3917"},{"taxonomy":"product_cat","embeddable":true,"href":"https:\/\/abaa.mx\/tienda\/wp-json\/wp\/v2\/product_cat?post=3917"},{"taxonomy":"product_tag","embeddable":true,"href":"https:\/\/abaa.mx\/tienda\/wp-json\/wp\/v2\/product_tag?post=3917"}],"curies":[{"name":"wp","href":"https:\/\/api.w.org\/{rel}","templated":true}]}}