{"id":3912,"date":"2023-11-23T17:41:28","date_gmt":"2023-11-23T17:41:28","guid":{"rendered":"https:\/\/abaa.mx\/tienda\/?post_type=product&#038;p=3912"},"modified":"2023-11-23T17:41:28","modified_gmt":"2023-11-23T17:41:28","slug":"refractometro-portatil-pal","status":"publish","type":"product","link":"https:\/\/abaa.mx\/tienda\/refractometro-portatil-pal\/","title":{"rendered":"Refract\u00f3metro Port\u00e1til PAL-"},"content":{"rendered":"<p>Refract\u00f3metro Port\u00e1til PAL.<\/p>\n","protected":false},"excerpt":{"rendered":"<p>El PAL-? es un modelo especial con un extenso rango de brix (0-85%) ofrecido a un precio realmente razonable. PAL-? es \u00fatil para medir la mayor\u00eda de las clases de muestras, tal como muestras que est\u00e1n en el desarrollo de cocci\u00f3n. Dise\u00f1ado con una caracter\u00edstica resistente al agua, el PAL-? se puede lavar con agua corriente. PAL-? est\u00e1 pertrechado con las mismas especificaciones que las otras unidades PAL.<\/p>\n<p><strong>Rango de Medida:<\/strong><\/p>\n<ul>\n<li>Brix 0.0 a 85.0% Temperatura 10.0 a 100\u00b0C<\/li>\n<\/ul>\n<p><strong>Exactitud de Medici\u00f3n:<\/strong><\/p>\n<ul>\n<li>Brix \u00b10.2 % Temperatura \u00b11\u00b0C.<\/li>\n<li>Tiempo de Medici\u00f3n:3 segundos.<\/li>\n<li>Temperatura de la Muestra:10 a 100\u00b0C (Compensaci\u00f3n Autom\u00e1tica de Temperatura).<\/li>\n<\/ul>\n<p><strong>Clase de protecci\u00f3n internacional:<\/strong><\/p>\n<ul>\n<li>IP65 Protegido del polvo y chorros de agua.<\/li>\n<\/ul>\n<p><strong>Resoluci\u00f3n:<\/strong><\/p>\n<ul>\n<li>Brix 0.1 % Temperatura 0.1\u00b0C.<\/li>\n<li>Temperatura Ambiente:10 a 40\u00b0C<\/li>\n<li>Volumen de la Muestra:0.3 ml<\/li>\n<li>Fuente de Poder:2 x Bater\u00edas tipo AAA<\/li>\n<\/ul>\n","protected":false},"featured_media":9215,"comment_status":"open","ping_status":"closed","template":"","meta":{"_joinchat":[]},"product_brand":[],"product_cat":[140],"product_tag":[],"class_list":{"0":"post-3912","1":"product","2":"type-product","3":"status-publish","4":"has-post-thumbnail","6":"product_cat-refractometros","8":"first","9":"instock","10":"shipping-taxable","11":"product-type-simple"},"yoast_head":"<!-- This site is optimized with the Yoast SEO plugin v26.4 - https:\/\/yoast.com\/wordpress\/plugins\/seo\/ -->\n<title>Refract\u00f3metro Port\u00e1til PAL- Abaa tienda online<\/title>\n<meta name=\"robots\" content=\"index, follow, max-snippet:-1, max-image-preview:large, max-video-preview:-1\" \/>\n<link rel=\"canonical\" href=\"https:\/\/abaa.mx\/tienda\/refractometro-portatil-pal\/\" \/>\n<meta property=\"og:locale\" content=\"es_MX\" \/>\n<meta property=\"og:type\" content=\"article\" \/>\n<meta property=\"og:title\" content=\"Refract\u00f3metro Port\u00e1til PAL- Abaa tienda online\" \/>\n<meta property=\"og:description\" content=\"El PAL-? es un modelo especial con un extenso rango de brix (0-85%) ofrecido a un precio realmente razonable. PAL-? es \u00fatil para medir la mayor\u00eda de las clases de muestras, tal como muestras que est\u00e1n en el desarrollo de cocci\u00f3n. Dise\u00f1ado con una caracter\u00edstica resistente al agua, el PAL-? se puede lavar con agua corriente. PAL-? est\u00e1 pertrechado con las mismas especificaciones que las otras unidades PAL.  Rango de Medida:   Brix 0.0 a 85.0% Temperatura 10.0 a 100\u00b0C  Exactitud de Medici\u00f3n:   Brix \u00b10.2 % Temperatura \u00b11\u00b0C.  Tiempo de Medici\u00f3n:3 segundos.  Temperatura de la Muestra:10 a 100\u00b0C (Compensaci\u00f3n Autom\u00e1tica de Temperatura).  Clase de protecci\u00f3n internacional:   IP65 Protegido del polvo y chorros de agua.  Resoluci\u00f3n:   Brix 0.1 % Temperatura 0.1\u00b0C.  Temperatura Ambiente:10 a 40\u00b0C  Volumen de la Muestra:0.3 ml  Fuente de Poder:2 x Bater\u00edas tipo AAA\" \/>\n<meta property=\"og:url\" content=\"https:\/\/abaa.mx\/tienda\/refractometro-portatil-pal\/\" \/>\n<meta property=\"og:site_name\" content=\"Abaa tienda online\" \/>\n<meta property=\"og:image\" content=\"https:\/\/abaa.mx\/tienda\/wp-content\/uploads\/2023\/11\/ATAGO-PORTATILPA.jpg\" \/>\n\t<meta property=\"og:image:width\" content=\"333\" \/>\n\t<meta property=\"og:image:height\" content=\"399\" \/>\n\t<meta property=\"og:image:type\" content=\"image\/jpeg\" \/>\n<meta name=\"twitter:card\" content=\"summary_large_image\" \/>\n<meta name=\"twitter:label1\" content=\"Tiempo de lectura\" \/>\n\t<meta name=\"twitter:data1\" content=\"1 minuto\" \/>\n<script type=\"application\/ld+json\" class=\"yoast-schema-graph\">{\"@context\":\"https:\/\/schema.org\",\"@graph\":[{\"@type\":\"WebPage\",\"@id\":\"https:\/\/abaa.mx\/tienda\/refractometro-portatil-pal\/\",\"url\":\"https:\/\/abaa.mx\/tienda\/refractometro-portatil-pal\/\",\"name\":\"Refract\u00f3metro Port\u00e1til PAL- Abaa tienda online\",\"isPartOf\":{\"@id\":\"https:\/\/abaa.mx\/tienda\/#website\"},\"primaryImageOfPage\":{\"@id\":\"https:\/\/abaa.mx\/tienda\/refractometro-portatil-pal\/#primaryimage\"},\"image\":{\"@id\":\"https:\/\/abaa.mx\/tienda\/refractometro-portatil-pal\/#primaryimage\"},\"thumbnailUrl\":\"https:\/\/abaa.mx\/tienda\/wp-content\/uploads\/2023\/11\/ATAGO-PORTATILPA.jpg\",\"datePublished\":\"2023-11-23T17:41:28+00:00\",\"breadcrumb\":{\"@id\":\"https:\/\/abaa.mx\/tienda\/refractometro-portatil-pal\/#breadcrumb\"},\"inLanguage\":\"es\",\"potentialAction\":[{\"@type\":\"ReadAction\",\"target\":[\"https:\/\/abaa.mx\/tienda\/refractometro-portatil-pal\/\"]}]},{\"@type\":\"ImageObject\",\"inLanguage\":\"es\",\"@id\":\"https:\/\/abaa.mx\/tienda\/refractometro-portatil-pal\/#primaryimage\",\"url\":\"https:\/\/abaa.mx\/tienda\/wp-content\/uploads\/2023\/11\/ATAGO-PORTATILPA.jpg\",\"contentUrl\":\"https:\/\/abaa.mx\/tienda\/wp-content\/uploads\/2023\/11\/ATAGO-PORTATILPA.jpg\",\"width\":333,\"height\":399,\"caption\":\"ATAGO-PORTATILPA\"},{\"@type\":\"BreadcrumbList\",\"@id\":\"https:\/\/abaa.mx\/tienda\/refractometro-portatil-pal\/#breadcrumb\",\"itemListElement\":[{\"@type\":\"ListItem\",\"position\":1,\"name\":\"Inicio\",\"item\":\"https:\/\/abaa.mx\/tienda\/\"},{\"@type\":\"ListItem\",\"position\":2,\"name\":\"Tienda\",\"item\":\"https:\/\/abaa.mx\/tienda\/\"},{\"@type\":\"ListItem\",\"position\":3,\"name\":\"Refract\u00f3metro Port\u00e1til PAL-\"}]},{\"@type\":\"WebSite\",\"@id\":\"https:\/\/abaa.mx\/tienda\/#website\",\"url\":\"https:\/\/abaa.mx\/tienda\/\",\"name\":\"Abaa tienda online\",\"description\":\"Instrumentos de medici\u00f3n\",\"publisher\":{\"@id\":\"https:\/\/abaa.mx\/tienda\/#organization\"},\"potentialAction\":[{\"@type\":\"SearchAction\",\"target\":{\"@type\":\"EntryPoint\",\"urlTemplate\":\"https:\/\/abaa.mx\/tienda\/?s={search_term_string}\"},\"query-input\":{\"@type\":\"PropertyValueSpecification\",\"valueRequired\":true,\"valueName\":\"search_term_string\"}}],\"inLanguage\":\"es\"},{\"@type\":\"Organization\",\"@id\":\"https:\/\/abaa.mx\/tienda\/#organization\",\"name\":\"Abaa tienda online\",\"url\":\"https:\/\/abaa.mx\/tienda\/\",\"logo\":{\"@type\":\"ImageObject\",\"inLanguage\":\"es\",\"@id\":\"https:\/\/abaa.mx\/tienda\/#\/schema\/logo\/image\/\",\"url\":\"https:\/\/abaa.mx\/tienda\/wp-content\/uploads\/2024\/01\/abaa-metrologia-tienda.png\",\"contentUrl\":\"https:\/\/abaa.mx\/tienda\/wp-content\/uploads\/2024\/01\/abaa-metrologia-tienda.png\",\"width\":300,\"height\":141,\"caption\":\"Abaa tienda online\"},\"image\":{\"@id\":\"https:\/\/abaa.mx\/tienda\/#\/schema\/logo\/image\/\"}}]}<\/script>\n<!-- \/ Yoast SEO plugin. -->","yoast_head_json":{"title":"Refract\u00f3metro Port\u00e1til PAL- Abaa tienda online","robots":{"index":"index","follow":"follow","max-snippet":"max-snippet:-1","max-image-preview":"max-image-preview:large","max-video-preview":"max-video-preview:-1"},"canonical":"https:\/\/abaa.mx\/tienda\/refractometro-portatil-pal\/","og_locale":"es_MX","og_type":"article","og_title":"Refract\u00f3metro Port\u00e1til PAL- Abaa tienda online","og_description":"El PAL-? es un modelo especial con un extenso rango de brix (0-85%) ofrecido a un precio realmente razonable. PAL-? es \u00fatil para medir la mayor\u00eda de las clases de muestras, tal como muestras que est\u00e1n en el desarrollo de cocci\u00f3n. Dise\u00f1ado con una caracter\u00edstica resistente al agua, el PAL-? se puede lavar con agua corriente. PAL-? est\u00e1 pertrechado con las mismas especificaciones que las otras unidades PAL.  Rango de Medida:   Brix 0.0 a 85.0% Temperatura 10.0 a 100\u00b0C  Exactitud de Medici\u00f3n:   Brix \u00b10.2 % Temperatura \u00b11\u00b0C.  Tiempo de Medici\u00f3n:3 segundos.  Temperatura de la Muestra:10 a 100\u00b0C (Compensaci\u00f3n Autom\u00e1tica de Temperatura).  Clase de protecci\u00f3n internacional:   IP65 Protegido del polvo y chorros de agua.  Resoluci\u00f3n:   Brix 0.1 % Temperatura 0.1\u00b0C.  Temperatura Ambiente:10 a 40\u00b0C  Volumen de la Muestra:0.3 ml  Fuente de Poder:2 x Bater\u00edas tipo AAA","og_url":"https:\/\/abaa.mx\/tienda\/refractometro-portatil-pal\/","og_site_name":"Abaa tienda online","og_image":[{"width":333,"height":399,"url":"https:\/\/abaa.mx\/tienda\/wp-content\/uploads\/2023\/11\/ATAGO-PORTATILPA.jpg","type":"image\/jpeg"}],"twitter_card":"summary_large_image","twitter_misc":{"Tiempo de lectura":"1 minuto"},"schema":{"@context":"https:\/\/schema.org","@graph":[{"@type":"WebPage","@id":"https:\/\/abaa.mx\/tienda\/refractometro-portatil-pal\/","url":"https:\/\/abaa.mx\/tienda\/refractometro-portatil-pal\/","name":"Refract\u00f3metro Port\u00e1til PAL- Abaa tienda online","isPartOf":{"@id":"https:\/\/abaa.mx\/tienda\/#website"},"primaryImageOfPage":{"@id":"https:\/\/abaa.mx\/tienda\/refractometro-portatil-pal\/#primaryimage"},"image":{"@id":"https:\/\/abaa.mx\/tienda\/refractometro-portatil-pal\/#primaryimage"},"thumbnailUrl":"https:\/\/abaa.mx\/tienda\/wp-content\/uploads\/2023\/11\/ATAGO-PORTATILPA.jpg","datePublished":"2023-11-23T17:41:28+00:00","breadcrumb":{"@id":"https:\/\/abaa.mx\/tienda\/refractometro-portatil-pal\/#breadcrumb"},"inLanguage":"es","potentialAction":[{"@type":"ReadAction","target":["https:\/\/abaa.mx\/tienda\/refractometro-portatil-pal\/"]}]},{"@type":"ImageObject","inLanguage":"es","@id":"https:\/\/abaa.mx\/tienda\/refractometro-portatil-pal\/#primaryimage","url":"https:\/\/abaa.mx\/tienda\/wp-content\/uploads\/2023\/11\/ATAGO-PORTATILPA.jpg","contentUrl":"https:\/\/abaa.mx\/tienda\/wp-content\/uploads\/2023\/11\/ATAGO-PORTATILPA.jpg","width":333,"height":399,"caption":"ATAGO-PORTATILPA"},{"@type":"BreadcrumbList","@id":"https:\/\/abaa.mx\/tienda\/refractometro-portatil-pal\/#breadcrumb","itemListElement":[{"@type":"ListItem","position":1,"name":"Inicio","item":"https:\/\/abaa.mx\/tienda\/"},{"@type":"ListItem","position":2,"name":"Tienda","item":"https:\/\/abaa.mx\/tienda\/"},{"@type":"ListItem","position":3,"name":"Refract\u00f3metro Port\u00e1til PAL-"}]},{"@type":"WebSite","@id":"https:\/\/abaa.mx\/tienda\/#website","url":"https:\/\/abaa.mx\/tienda\/","name":"Abaa tienda online","description":"Instrumentos de medici\u00f3n","publisher":{"@id":"https:\/\/abaa.mx\/tienda\/#organization"},"potentialAction":[{"@type":"SearchAction","target":{"@type":"EntryPoint","urlTemplate":"https:\/\/abaa.mx\/tienda\/?s={search_term_string}"},"query-input":{"@type":"PropertyValueSpecification","valueRequired":true,"valueName":"search_term_string"}}],"inLanguage":"es"},{"@type":"Organization","@id":"https:\/\/abaa.mx\/tienda\/#organization","name":"Abaa tienda online","url":"https:\/\/abaa.mx\/tienda\/","logo":{"@type":"ImageObject","inLanguage":"es","@id":"https:\/\/abaa.mx\/tienda\/#\/schema\/logo\/image\/","url":"https:\/\/abaa.mx\/tienda\/wp-content\/uploads\/2024\/01\/abaa-metrologia-tienda.png","contentUrl":"https:\/\/abaa.mx\/tienda\/wp-content\/uploads\/2024\/01\/abaa-metrologia-tienda.png","width":300,"height":141,"caption":"Abaa tienda online"},"image":{"@id":"https:\/\/abaa.mx\/tienda\/#\/schema\/logo\/image\/"}}]}},"_links":{"self":[{"href":"https:\/\/abaa.mx\/tienda\/wp-json\/wp\/v2\/product\/3912","targetHints":{"allow":["GET"]}}],"collection":[{"href":"https:\/\/abaa.mx\/tienda\/wp-json\/wp\/v2\/product"}],"about":[{"href":"https:\/\/abaa.mx\/tienda\/wp-json\/wp\/v2\/types\/product"}],"replies":[{"embeddable":true,"href":"https:\/\/abaa.mx\/tienda\/wp-json\/wp\/v2\/comments?post=3912"}],"wp:featuredmedia":[{"embeddable":true,"href":"https:\/\/abaa.mx\/tienda\/wp-json\/wp\/v2\/media\/9215"}],"wp:attachment":[{"href":"https:\/\/abaa.mx\/tienda\/wp-json\/wp\/v2\/media?parent=3912"}],"wp:term":[{"taxonomy":"product_brand","embeddable":true,"href":"https:\/\/abaa.mx\/tienda\/wp-json\/wp\/v2\/product_brand?post=3912"},{"taxonomy":"product_cat","embeddable":true,"href":"https:\/\/abaa.mx\/tienda\/wp-json\/wp\/v2\/product_cat?post=3912"},{"taxonomy":"product_tag","embeddable":true,"href":"https:\/\/abaa.mx\/tienda\/wp-json\/wp\/v2\/product_tag?post=3912"}],"curies":[{"name":"wp","href":"https:\/\/api.w.org\/{rel}","templated":true}]}}