{"id":3911,"date":"2023-09-29T20:36:24","date_gmt":"2023-09-29T20:36:24","guid":{"rendered":"https:\/\/abaa.mx\/tienda\/?post_type=product&#038;p=3911"},"modified":"2023-09-29T20:36:25","modified_gmt":"2023-09-29T20:36:25","slug":"mitutoyo-293-130-10-micrometro-digimatico-de-alta-precision-0-a-1","status":"publish","type":"product","link":"https:\/\/abaa.mx\/tienda\/mitutoyo-293-130-10-micrometro-digimatico-de-alta-precision-0-a-1\/","title":{"rendered":"Mitutoyo 293-130-10 micr\u00f3metro digim\u00e1tico de alta precisi\u00f3n, 0 a 1&#8243;"},"content":{"rendered":"<h5><strong>Funciones<\/strong><\/h5>\n<ul>\n<li>Permite la medici\u00f3n de resoluci\u00f3n de .000005&#8243;\/ 0.1\u03bcm<\/li>\n<li>Ideal para realizar mediciones de alta precisi\u00f3n con una herramienta de mano<\/li>\n<li>Un bastidor altamente r\u00edgido y un mecanismo de fuerza constante de alto rendimiento permiten una medici\u00f3n m\u00e1s estable, mientras que los clics emitidos mientras se mide la pieza de trabajo aseguran al operador que la medici\u00f3n avanza normalmente<\/li>\n<li>El calor corporal transferido al instrumento se reduce mediante un escudo t\u00e9rmico (extra\u00edble), minimizando el error causado por la expansi\u00f3n t\u00e9rmica del marco al realizar mediciones manuales.<\/li>\n<li>El sensor giratorio ABS (absoluto) tambi\u00e9n elimina la necesidad de realizar el ajuste de origen cada vez que se enciende la alimentaci\u00f3n, lo que le permite comenzar a medir de inmediato.<\/li>\n<li>Sin posibilidad de errores de exceso de velocidad, puede ofrecer un mayor nivel de fiabilidad<\/li>\n<\/ul>\n<h5><strong>Funciones<\/strong><\/h5>\n<ul>\n<li>Preajuste (sistema de medici\u00f3n ABS)<\/li>\n<li>Puesta a cero (sistema de medici\u00f3n INC)<\/li>\n<li>Espera, Cambio de resoluci\u00f3n, Bloqueo de funci\u00f3n, Encendido \/ apagado, Apagado autom\u00e1tico, Salida de datos de medici\u00f3n, Alarma de error<\/li>\n<\/ul>\n<h5><strong>Aplicaciones<\/strong><\/h5>\n<ul>\n<li>Medici\u00f3n precisa de objetos muy peque\u00f1os<\/li>\n<li>Ingenier\u00eda mec\u00e1nica<\/li>\n<li>Mecanizado<\/li>\n<\/ul>\n<p>&nbsp;<\/p>\n","protected":false},"excerpt":{"rendered":"<p>Este micr\u00f3metro es ideal para tomar mediciones de alta precisi\u00f3n. Cuenta con un marco r\u00edgido y un mecanismo de fuerza constante de alto rendimiento que permite mediciones estables. Cuenta con un escudo t\u00e9rmico extra\u00edble que minimiza el error causado por la dilataci\u00f3n t\u00e9rmica del marco y ofrece un rango de 0 a 1&#8243;.<\/p>\n","protected":false},"featured_media":3949,"comment_status":"open","ping_status":"closed","template":"","meta":{"_joinchat":[]},"product_brand":[],"product_cat":[15],"product_tag":[],"class_list":{"0":"post-3911","1":"product","2":"type-product","3":"status-publish","4":"has-post-thumbnail","6":"product_cat-sin-categorizar","8":"first","9":"instock","10":"shipping-taxable","11":"product-type-simple"},"yoast_head":"<!-- This site is optimized with the Yoast SEO plugin v26.4 - https:\/\/yoast.com\/wordpress\/plugins\/seo\/ -->\n<title>Mitutoyo 293-130-10 micr\u00f3metro digim\u00e1tico de alta precisi\u00f3n, 0 a 1&quot; - Abaa tienda online<\/title>\n<meta name=\"robots\" content=\"index, follow, max-snippet:-1, max-image-preview:large, max-video-preview:-1\" \/>\n<link rel=\"canonical\" href=\"https:\/\/abaa.mx\/tienda\/mitutoyo-293-130-10-micrometro-digimatico-de-alta-precision-0-a-1\/\" \/>\n<meta property=\"og:locale\" content=\"es_MX\" \/>\n<meta property=\"og:type\" content=\"article\" \/>\n<meta property=\"og:title\" content=\"Mitutoyo 293-130-10 micr\u00f3metro digim\u00e1tico de alta precisi\u00f3n, 0 a 1&quot; - Abaa tienda online\" \/>\n<meta property=\"og:description\" content=\"Este micr\u00f3metro es ideal para tomar mediciones de alta precisi\u00f3n. Cuenta con un marco r\u00edgido y un mecanismo de fuerza constante de alto rendimiento que permite mediciones estables. Cuenta con un escudo t\u00e9rmico extra\u00edble que minimiza el error causado por la dilataci\u00f3n t\u00e9rmica del marco y ofrece un rango de 0 a 1&quot;.\" \/>\n<meta property=\"og:url\" content=\"https:\/\/abaa.mx\/tienda\/mitutoyo-293-130-10-micrometro-digimatico-de-alta-precision-0-a-1\/\" \/>\n<meta property=\"og:site_name\" content=\"Abaa tienda online\" \/>\n<meta property=\"article:modified_time\" content=\"2023-09-29T20:36:25+00:00\" \/>\n<meta property=\"og:image\" content=\"https:\/\/abaa.mx\/tienda\/wp-content\/uploads\/2023\/09\/293-348-30.jpg\" \/>\n\t<meta property=\"og:image:width\" content=\"270\" \/>\n\t<meta property=\"og:image:height\" content=\"500\" \/>\n\t<meta property=\"og:image:type\" content=\"image\/jpeg\" \/>\n<meta name=\"twitter:card\" content=\"summary_large_image\" \/>\n<meta name=\"twitter:label1\" content=\"Tiempo de lectura\" \/>\n\t<meta name=\"twitter:data1\" content=\"1 minuto\" \/>\n<script type=\"application\/ld+json\" class=\"yoast-schema-graph\">{\"@context\":\"https:\/\/schema.org\",\"@graph\":[{\"@type\":\"WebPage\",\"@id\":\"https:\/\/abaa.mx\/tienda\/mitutoyo-293-130-10-micrometro-digimatico-de-alta-precision-0-a-1\/\",\"url\":\"https:\/\/abaa.mx\/tienda\/mitutoyo-293-130-10-micrometro-digimatico-de-alta-precision-0-a-1\/\",\"name\":\"Mitutoyo 293-130-10 micr\u00f3metro digim\u00e1tico de alta precisi\u00f3n, 0 a 1\\\" - Abaa tienda online\",\"isPartOf\":{\"@id\":\"https:\/\/abaa.mx\/tienda\/#website\"},\"primaryImageOfPage\":{\"@id\":\"https:\/\/abaa.mx\/tienda\/mitutoyo-293-130-10-micrometro-digimatico-de-alta-precision-0-a-1\/#primaryimage\"},\"image\":{\"@id\":\"https:\/\/abaa.mx\/tienda\/mitutoyo-293-130-10-micrometro-digimatico-de-alta-precision-0-a-1\/#primaryimage\"},\"thumbnailUrl\":\"https:\/\/abaa.mx\/tienda\/wp-content\/uploads\/2023\/09\/293-348-30.jpg\",\"datePublished\":\"2023-09-29T20:36:24+00:00\",\"dateModified\":\"2023-09-29T20:36:25+00:00\",\"breadcrumb\":{\"@id\":\"https:\/\/abaa.mx\/tienda\/mitutoyo-293-130-10-micrometro-digimatico-de-alta-precision-0-a-1\/#breadcrumb\"},\"inLanguage\":\"es\",\"potentialAction\":[{\"@type\":\"ReadAction\",\"target\":[\"https:\/\/abaa.mx\/tienda\/mitutoyo-293-130-10-micrometro-digimatico-de-alta-precision-0-a-1\/\"]}]},{\"@type\":\"ImageObject\",\"inLanguage\":\"es\",\"@id\":\"https:\/\/abaa.mx\/tienda\/mitutoyo-293-130-10-micrometro-digimatico-de-alta-precision-0-a-1\/#primaryimage\",\"url\":\"https:\/\/abaa.mx\/tienda\/wp-content\/uploads\/2023\/09\/293-348-30.jpg\",\"contentUrl\":\"https:\/\/abaa.mx\/tienda\/wp-content\/uploads\/2023\/09\/293-348-30.jpg\",\"width\":270,\"height\":500,\"caption\":\"mitutoyo-293-130-10-micrometro-digimatico-de-alta-precision-0-a-1\"},{\"@type\":\"BreadcrumbList\",\"@id\":\"https:\/\/abaa.mx\/tienda\/mitutoyo-293-130-10-micrometro-digimatico-de-alta-precision-0-a-1\/#breadcrumb\",\"itemListElement\":[{\"@type\":\"ListItem\",\"position\":1,\"name\":\"Inicio\",\"item\":\"https:\/\/abaa.mx\/tienda\/\"},{\"@type\":\"ListItem\",\"position\":2,\"name\":\"Tienda\",\"item\":\"https:\/\/abaa.mx\/tienda\/\"},{\"@type\":\"ListItem\",\"position\":3,\"name\":\"Mitutoyo 293-130-10 micr\u00f3metro digim\u00e1tico de alta precisi\u00f3n, 0 a 1&#8243;\"}]},{\"@type\":\"WebSite\",\"@id\":\"https:\/\/abaa.mx\/tienda\/#website\",\"url\":\"https:\/\/abaa.mx\/tienda\/\",\"name\":\"Abaa tienda online\",\"description\":\"Instrumentos de medici\u00f3n\",\"publisher\":{\"@id\":\"https:\/\/abaa.mx\/tienda\/#organization\"},\"potentialAction\":[{\"@type\":\"SearchAction\",\"target\":{\"@type\":\"EntryPoint\",\"urlTemplate\":\"https:\/\/abaa.mx\/tienda\/?s={search_term_string}\"},\"query-input\":{\"@type\":\"PropertyValueSpecification\",\"valueRequired\":true,\"valueName\":\"search_term_string\"}}],\"inLanguage\":\"es\"},{\"@type\":\"Organization\",\"@id\":\"https:\/\/abaa.mx\/tienda\/#organization\",\"name\":\"Abaa tienda online\",\"url\":\"https:\/\/abaa.mx\/tienda\/\",\"logo\":{\"@type\":\"ImageObject\",\"inLanguage\":\"es\",\"@id\":\"https:\/\/abaa.mx\/tienda\/#\/schema\/logo\/image\/\",\"url\":\"https:\/\/abaa.mx\/tienda\/wp-content\/uploads\/2024\/01\/abaa-metrologia-tienda.png\",\"contentUrl\":\"https:\/\/abaa.mx\/tienda\/wp-content\/uploads\/2024\/01\/abaa-metrologia-tienda.png\",\"width\":300,\"height\":141,\"caption\":\"Abaa tienda online\"},\"image\":{\"@id\":\"https:\/\/abaa.mx\/tienda\/#\/schema\/logo\/image\/\"}}]}<\/script>\n<!-- \/ Yoast SEO plugin. -->","yoast_head_json":{"title":"Mitutoyo 293-130-10 micr\u00f3metro digim\u00e1tico de alta precisi\u00f3n, 0 a 1\" - Abaa tienda online","robots":{"index":"index","follow":"follow","max-snippet":"max-snippet:-1","max-image-preview":"max-image-preview:large","max-video-preview":"max-video-preview:-1"},"canonical":"https:\/\/abaa.mx\/tienda\/mitutoyo-293-130-10-micrometro-digimatico-de-alta-precision-0-a-1\/","og_locale":"es_MX","og_type":"article","og_title":"Mitutoyo 293-130-10 micr\u00f3metro digim\u00e1tico de alta precisi\u00f3n, 0 a 1\" - Abaa tienda online","og_description":"Este micr\u00f3metro es ideal para tomar mediciones de alta precisi\u00f3n. Cuenta con un marco r\u00edgido y un mecanismo de fuerza constante de alto rendimiento que permite mediciones estables. Cuenta con un escudo t\u00e9rmico extra\u00edble que minimiza el error causado por la dilataci\u00f3n t\u00e9rmica del marco y ofrece un rango de 0 a 1\".","og_url":"https:\/\/abaa.mx\/tienda\/mitutoyo-293-130-10-micrometro-digimatico-de-alta-precision-0-a-1\/","og_site_name":"Abaa tienda online","article_modified_time":"2023-09-29T20:36:25+00:00","og_image":[{"width":270,"height":500,"url":"https:\/\/abaa.mx\/tienda\/wp-content\/uploads\/2023\/09\/293-348-30.jpg","type":"image\/jpeg"}],"twitter_card":"summary_large_image","twitter_misc":{"Tiempo de lectura":"1 minuto"},"schema":{"@context":"https:\/\/schema.org","@graph":[{"@type":"WebPage","@id":"https:\/\/abaa.mx\/tienda\/mitutoyo-293-130-10-micrometro-digimatico-de-alta-precision-0-a-1\/","url":"https:\/\/abaa.mx\/tienda\/mitutoyo-293-130-10-micrometro-digimatico-de-alta-precision-0-a-1\/","name":"Mitutoyo 293-130-10 micr\u00f3metro digim\u00e1tico de alta precisi\u00f3n, 0 a 1\" - Abaa tienda online","isPartOf":{"@id":"https:\/\/abaa.mx\/tienda\/#website"},"primaryImageOfPage":{"@id":"https:\/\/abaa.mx\/tienda\/mitutoyo-293-130-10-micrometro-digimatico-de-alta-precision-0-a-1\/#primaryimage"},"image":{"@id":"https:\/\/abaa.mx\/tienda\/mitutoyo-293-130-10-micrometro-digimatico-de-alta-precision-0-a-1\/#primaryimage"},"thumbnailUrl":"https:\/\/abaa.mx\/tienda\/wp-content\/uploads\/2023\/09\/293-348-30.jpg","datePublished":"2023-09-29T20:36:24+00:00","dateModified":"2023-09-29T20:36:25+00:00","breadcrumb":{"@id":"https:\/\/abaa.mx\/tienda\/mitutoyo-293-130-10-micrometro-digimatico-de-alta-precision-0-a-1\/#breadcrumb"},"inLanguage":"es","potentialAction":[{"@type":"ReadAction","target":["https:\/\/abaa.mx\/tienda\/mitutoyo-293-130-10-micrometro-digimatico-de-alta-precision-0-a-1\/"]}]},{"@type":"ImageObject","inLanguage":"es","@id":"https:\/\/abaa.mx\/tienda\/mitutoyo-293-130-10-micrometro-digimatico-de-alta-precision-0-a-1\/#primaryimage","url":"https:\/\/abaa.mx\/tienda\/wp-content\/uploads\/2023\/09\/293-348-30.jpg","contentUrl":"https:\/\/abaa.mx\/tienda\/wp-content\/uploads\/2023\/09\/293-348-30.jpg","width":270,"height":500,"caption":"mitutoyo-293-130-10-micrometro-digimatico-de-alta-precision-0-a-1"},{"@type":"BreadcrumbList","@id":"https:\/\/abaa.mx\/tienda\/mitutoyo-293-130-10-micrometro-digimatico-de-alta-precision-0-a-1\/#breadcrumb","itemListElement":[{"@type":"ListItem","position":1,"name":"Inicio","item":"https:\/\/abaa.mx\/tienda\/"},{"@type":"ListItem","position":2,"name":"Tienda","item":"https:\/\/abaa.mx\/tienda\/"},{"@type":"ListItem","position":3,"name":"Mitutoyo 293-130-10 micr\u00f3metro digim\u00e1tico de alta precisi\u00f3n, 0 a 1&#8243;"}]},{"@type":"WebSite","@id":"https:\/\/abaa.mx\/tienda\/#website","url":"https:\/\/abaa.mx\/tienda\/","name":"Abaa tienda online","description":"Instrumentos de medici\u00f3n","publisher":{"@id":"https:\/\/abaa.mx\/tienda\/#organization"},"potentialAction":[{"@type":"SearchAction","target":{"@type":"EntryPoint","urlTemplate":"https:\/\/abaa.mx\/tienda\/?s={search_term_string}"},"query-input":{"@type":"PropertyValueSpecification","valueRequired":true,"valueName":"search_term_string"}}],"inLanguage":"es"},{"@type":"Organization","@id":"https:\/\/abaa.mx\/tienda\/#organization","name":"Abaa tienda online","url":"https:\/\/abaa.mx\/tienda\/","logo":{"@type":"ImageObject","inLanguage":"es","@id":"https:\/\/abaa.mx\/tienda\/#\/schema\/logo\/image\/","url":"https:\/\/abaa.mx\/tienda\/wp-content\/uploads\/2024\/01\/abaa-metrologia-tienda.png","contentUrl":"https:\/\/abaa.mx\/tienda\/wp-content\/uploads\/2024\/01\/abaa-metrologia-tienda.png","width":300,"height":141,"caption":"Abaa tienda online"},"image":{"@id":"https:\/\/abaa.mx\/tienda\/#\/schema\/logo\/image\/"}}]}},"_links":{"self":[{"href":"https:\/\/abaa.mx\/tienda\/wp-json\/wp\/v2\/product\/3911","targetHints":{"allow":["GET"]}}],"collection":[{"href":"https:\/\/abaa.mx\/tienda\/wp-json\/wp\/v2\/product"}],"about":[{"href":"https:\/\/abaa.mx\/tienda\/wp-json\/wp\/v2\/types\/product"}],"replies":[{"embeddable":true,"href":"https:\/\/abaa.mx\/tienda\/wp-json\/wp\/v2\/comments?post=3911"}],"wp:featuredmedia":[{"embeddable":true,"href":"https:\/\/abaa.mx\/tienda\/wp-json\/wp\/v2\/media\/3949"}],"wp:attachment":[{"href":"https:\/\/abaa.mx\/tienda\/wp-json\/wp\/v2\/media?parent=3911"}],"wp:term":[{"taxonomy":"product_brand","embeddable":true,"href":"https:\/\/abaa.mx\/tienda\/wp-json\/wp\/v2\/product_brand?post=3911"},{"taxonomy":"product_cat","embeddable":true,"href":"https:\/\/abaa.mx\/tienda\/wp-json\/wp\/v2\/product_cat?post=3911"},{"taxonomy":"product_tag","embeddable":true,"href":"https:\/\/abaa.mx\/tienda\/wp-json\/wp\/v2\/product_tag?post=3911"}],"curies":[{"name":"wp","href":"https:\/\/api.w.org\/{rel}","templated":true}]}}