{"id":3884,"date":"2023-09-29T19:42:34","date_gmt":"2023-09-29T19:42:34","guid":{"rendered":"https:\/\/abaa.mx\/tienda\/?post_type=product&#038;p=3884"},"modified":"2023-09-29T19:42:35","modified_gmt":"2023-09-29T19:42:35","slug":"dwyer-490w-6-hkit-nist-manometro-de-presion-diferencial-hidronica-con-sensores-inalambricos-incluye-certificado-trazable","status":"publish","type":"product","link":"https:\/\/abaa.mx\/tienda\/dwyer-490w-6-hkit-nist-manometro-de-presion-diferencial-hidronica-con-sensores-inalambricos-incluye-certificado-trazable\/","title":{"rendered":"dwyer 490w-6-hkit-nist man\u00f3metro de presi\u00f3n diferencial hidr\u00f3nica con sensores inal\u00e1mbricos, incluye certificado trazable."},"content":{"rendered":"<h4>Dwyer 490W-6-HKIT-NIST Ofertas<\/h4>\n<p>Este producto incluye un certificado trazable con datos completos e incertidumbres.<\/p>\n<p><strong>Funciones<\/strong><\/p>\n<ul>\n<li>La robusta carcasa de mano resistente a la intemperie soporta una prueba de ca\u00edda de 1,5 m<\/li>\n<li>Medici\u00f3n inal\u00e1mbrica de presi\u00f3n diferencial, presi\u00f3n \u00fanica y flujo de aire<\/li>\n<li>Comparta datos registrados directamente desde la computadora de mano a trav\u00e9s de redes Wi-Fi, GSM o CDMA<\/li>\n<li>La comunicaci\u00f3n inal\u00e1mbrica directa Bluetooth proporciona un alcance de hasta 65&#8242; (19,8 m)<\/li>\n<li>El dise\u00f1o ergon\u00f3mico es mucho m\u00e1s ligero y f\u00e1cil de trabajar, proporcionando una mayor maniobrabilidad y una configuraci\u00f3n de instalaci\u00f3n r\u00e1pida.<\/li>\n<li>Software de aplicaci\u00f3n hidr\u00f3nica Dwyer<\/li>\n<\/ul>\n<p><strong>Aplicaciones<\/strong><\/p>\n<ul>\n<li>Pruebas de presi\u00f3n de refrigerante<\/li>\n<li>Equilibrado de v\u00e1lvulas hidr\u00f3nicas<\/li>\n<li>Mida la ca\u00edda de presi\u00f3n entre las bombas<\/li>\n<li>Mida la ca\u00edda de presi\u00f3n en el enfriador y las bobinas para protegerse contra la congelaci\u00f3n<\/li>\n<\/ul>\n<h4>Dwyer 490W-6-HKIT-NIST Especificaciones<\/h4>\n<table class=\"table table-striped\">\n<tbody>\n<tr>\n<td>Distancia inal\u00e1mbrica<\/td>\n<td>Hasta 65&#8242; (19,8 m)<\/td>\n<\/tr>\n<tr>\n<td>Servicio<\/td>\n<td>Gases y l\u00edquidos compatibles<\/td>\n<\/tr>\n<tr>\n<td>Materiales h\u00famedos<\/td>\n<td>316 SS, PTFE, lat\u00f3n<\/td>\n<\/tr>\n<tr>\n<td>Exactitud<\/td>\n<td>2% de la lectura, \u00b11 psi<\/td>\n<\/tr>\n<tr>\n<td>Rango de temperatura compensada<\/td>\n<td>14 a 140\u00b0F (-10 a 60\u00b0C)<\/td>\n<\/tr>\n<tr>\n<td>Hist\u00e9resis por presi\u00f3n<\/td>\n<td>\u00b10,25% FS<\/td>\n<\/tr>\n<tr>\n<td>L\u00edmites de presi\u00f3n<\/td>\n<td>0 a 50 psi y 0 a 200 psi<\/td>\n<\/tr>\n<tr>\n<td>L\u00edmites de temperatura del proceso<\/td>\n<td>-4 a 185\u00b0F (-20 a 85\u00b0C)<\/td>\n<\/tr>\n<tr>\n<td>Monitor<\/td>\n<td>5&#8243; Gorrilla\u00ae vidrio 3, pantalla t\u00e1ctil, 1280 x 720<\/td>\n<\/tr>\n<tr>\n<td>Resoluci\u00f3n<\/td>\n<td>0,01 psi<\/td>\n<\/tr>\n<tr>\n<td>Conexiones de proceso<\/td>\n<td>Dos NPT macho de 1\/4&#8243;<\/td>\n<\/tr>\n<tr>\n<td>Requisitos de alimentaci\u00f3n<\/td>\n<td>Bater\u00eda de litio CR2050, reemplazable por el usuario<\/td>\n<\/tr>\n<tr>\n<td>Peso<\/td>\n<td>2 libras (907 g)<\/td>\n<\/tr>\n<tr>\n<td>Aprobaciones de agencias<\/td>\n<td>CE, FCC<\/td>\n<\/tr>\n<\/tbody>\n<\/table>\n","protected":false},"excerpt":{"rendered":"<p>Con un man\u00f3metro preciso y f\u00e1cil de operar que utiliza tecnolog\u00eda m\u00f3vil para comunicarse a trav\u00e9s de una conexi\u00f3n Bluetooth, para monitorear la presi\u00f3n diferencial y el flujo a tres v\u00e1lvulas diferentes. Los transductores inal\u00e1mbricos y una computadora de mano vers\u00e1til permiten que un solo operador monitoree y equilibre un sistema hidr\u00f3nico en menos tiempo. Este producto incluye un certificado trazable con datos completos e incertidumbres.<\/p>\n","protected":false},"featured_media":3907,"comment_status":"open","ping_status":"closed","template":"","meta":{"_joinchat":[]},"product_brand":[],"product_cat":[15],"product_tag":[],"class_list":{"0":"post-3884","1":"product","2":"type-product","3":"status-publish","4":"has-post-thumbnail","6":"product_cat-sin-categorizar","8":"first","9":"instock","10":"shipping-taxable","11":"product-type-simple"},"yoast_head":"<!-- This site is optimized with the Yoast SEO plugin v26.4 - https:\/\/yoast.com\/wordpress\/plugins\/seo\/ -->\n<title>dwyer 490w-6-hkit-nist man\u00f3metro de presi\u00f3n diferencial hidr\u00f3nica con sensores inal\u00e1mbricos, incluye certificado trazable. - Abaa tienda online<\/title>\n<meta name=\"robots\" content=\"index, follow, max-snippet:-1, max-image-preview:large, max-video-preview:-1\" \/>\n<link rel=\"canonical\" href=\"https:\/\/abaa.mx\/tienda\/dwyer-490w-6-hkit-nist-manometro-de-presion-diferencial-hidronica-con-sensores-inalambricos-incluye-certificado-trazable\/\" \/>\n<meta property=\"og:locale\" content=\"es_MX\" \/>\n<meta property=\"og:type\" content=\"article\" \/>\n<meta property=\"og:title\" content=\"dwyer 490w-6-hkit-nist man\u00f3metro de presi\u00f3n diferencial hidr\u00f3nica con sensores inal\u00e1mbricos, incluye certificado trazable. - Abaa tienda online\" \/>\n<meta property=\"og:description\" content=\"Con un man\u00f3metro preciso y f\u00e1cil de operar que utiliza tecnolog\u00eda m\u00f3vil para comunicarse a trav\u00e9s de una conexi\u00f3n Bluetooth, para monitorear la presi\u00f3n diferencial y el flujo a tres v\u00e1lvulas diferentes. Los transductores inal\u00e1mbricos y una computadora de mano vers\u00e1til permiten que un solo operador monitoree y equilibre un sistema hidr\u00f3nico en menos tiempo. Este producto incluye un certificado trazable con datos completos e incertidumbres.\" \/>\n<meta property=\"og:url\" content=\"https:\/\/abaa.mx\/tienda\/dwyer-490w-6-hkit-nist-manometro-de-presion-diferencial-hidronica-con-sensores-inalambricos-incluye-certificado-trazable\/\" \/>\n<meta property=\"og:site_name\" content=\"Abaa tienda online\" \/>\n<meta property=\"article:modified_time\" content=\"2023-09-29T19:42:35+00:00\" \/>\n<meta property=\"og:image\" content=\"https:\/\/abaa.mx\/tienda\/wp-content\/uploads\/2023\/09\/490W-6-HKIT-NIST-1.jpg\" \/>\n\t<meta property=\"og:image:width\" content=\"460\" \/>\n\t<meta property=\"og:image:height\" content=\"381\" \/>\n\t<meta property=\"og:image:type\" content=\"image\/jpeg\" \/>\n<meta name=\"twitter:card\" content=\"summary_large_image\" \/>\n<meta name=\"twitter:label1\" content=\"Tiempo de lectura\" \/>\n\t<meta name=\"twitter:data1\" content=\"2 minutos\" \/>\n<script type=\"application\/ld+json\" class=\"yoast-schema-graph\">{\"@context\":\"https:\/\/schema.org\",\"@graph\":[{\"@type\":\"WebPage\",\"@id\":\"https:\/\/abaa.mx\/tienda\/dwyer-490w-6-hkit-nist-manometro-de-presion-diferencial-hidronica-con-sensores-inalambricos-incluye-certificado-trazable\/\",\"url\":\"https:\/\/abaa.mx\/tienda\/dwyer-490w-6-hkit-nist-manometro-de-presion-diferencial-hidronica-con-sensores-inalambricos-incluye-certificado-trazable\/\",\"name\":\"dwyer 490w-6-hkit-nist man\u00f3metro de presi\u00f3n diferencial hidr\u00f3nica con sensores inal\u00e1mbricos, incluye certificado trazable. - Abaa tienda online\",\"isPartOf\":{\"@id\":\"https:\/\/abaa.mx\/tienda\/#website\"},\"primaryImageOfPage\":{\"@id\":\"https:\/\/abaa.mx\/tienda\/dwyer-490w-6-hkit-nist-manometro-de-presion-diferencial-hidronica-con-sensores-inalambricos-incluye-certificado-trazable\/#primaryimage\"},\"image\":{\"@id\":\"https:\/\/abaa.mx\/tienda\/dwyer-490w-6-hkit-nist-manometro-de-presion-diferencial-hidronica-con-sensores-inalambricos-incluye-certificado-trazable\/#primaryimage\"},\"thumbnailUrl\":\"https:\/\/abaa.mx\/tienda\/wp-content\/uploads\/2023\/09\/490W-6-HKIT-NIST-1.jpg\",\"datePublished\":\"2023-09-29T19:42:34+00:00\",\"dateModified\":\"2023-09-29T19:42:35+00:00\",\"breadcrumb\":{\"@id\":\"https:\/\/abaa.mx\/tienda\/dwyer-490w-6-hkit-nist-manometro-de-presion-diferencial-hidronica-con-sensores-inalambricos-incluye-certificado-trazable\/#breadcrumb\"},\"inLanguage\":\"es\",\"potentialAction\":[{\"@type\":\"ReadAction\",\"target\":[\"https:\/\/abaa.mx\/tienda\/dwyer-490w-6-hkit-nist-manometro-de-presion-diferencial-hidronica-con-sensores-inalambricos-incluye-certificado-trazable\/\"]}]},{\"@type\":\"ImageObject\",\"inLanguage\":\"es\",\"@id\":\"https:\/\/abaa.mx\/tienda\/dwyer-490w-6-hkit-nist-manometro-de-presion-diferencial-hidronica-con-sensores-inalambricos-incluye-certificado-trazable\/#primaryimage\",\"url\":\"https:\/\/abaa.mx\/tienda\/wp-content\/uploads\/2023\/09\/490W-6-HKIT-NIST-1.jpg\",\"contentUrl\":\"https:\/\/abaa.mx\/tienda\/wp-content\/uploads\/2023\/09\/490W-6-HKIT-NIST-1.jpg\",\"width\":460,\"height\":381,\"caption\":\"490W-6-HKIT-NIST\"},{\"@type\":\"BreadcrumbList\",\"@id\":\"https:\/\/abaa.mx\/tienda\/dwyer-490w-6-hkit-nist-manometro-de-presion-diferencial-hidronica-con-sensores-inalambricos-incluye-certificado-trazable\/#breadcrumb\",\"itemListElement\":[{\"@type\":\"ListItem\",\"position\":1,\"name\":\"Inicio\",\"item\":\"https:\/\/abaa.mx\/tienda\/\"},{\"@type\":\"ListItem\",\"position\":2,\"name\":\"Tienda\",\"item\":\"https:\/\/abaa.mx\/tienda\/\"},{\"@type\":\"ListItem\",\"position\":3,\"name\":\"dwyer 490w-6-hkit-nist man\u00f3metro de presi\u00f3n diferencial hidr\u00f3nica con sensores inal\u00e1mbricos, incluye certificado trazable.\"}]},{\"@type\":\"WebSite\",\"@id\":\"https:\/\/abaa.mx\/tienda\/#website\",\"url\":\"https:\/\/abaa.mx\/tienda\/\",\"name\":\"Abaa tienda online\",\"description\":\"Instrumentos de medici\u00f3n\",\"publisher\":{\"@id\":\"https:\/\/abaa.mx\/tienda\/#organization\"},\"potentialAction\":[{\"@type\":\"SearchAction\",\"target\":{\"@type\":\"EntryPoint\",\"urlTemplate\":\"https:\/\/abaa.mx\/tienda\/?s={search_term_string}\"},\"query-input\":{\"@type\":\"PropertyValueSpecification\",\"valueRequired\":true,\"valueName\":\"search_term_string\"}}],\"inLanguage\":\"es\"},{\"@type\":\"Organization\",\"@id\":\"https:\/\/abaa.mx\/tienda\/#organization\",\"name\":\"Abaa tienda online\",\"url\":\"https:\/\/abaa.mx\/tienda\/\",\"logo\":{\"@type\":\"ImageObject\",\"inLanguage\":\"es\",\"@id\":\"https:\/\/abaa.mx\/tienda\/#\/schema\/logo\/image\/\",\"url\":\"https:\/\/abaa.mx\/tienda\/wp-content\/uploads\/2024\/01\/abaa-metrologia-tienda.png\",\"contentUrl\":\"https:\/\/abaa.mx\/tienda\/wp-content\/uploads\/2024\/01\/abaa-metrologia-tienda.png\",\"width\":300,\"height\":141,\"caption\":\"Abaa tienda online\"},\"image\":{\"@id\":\"https:\/\/abaa.mx\/tienda\/#\/schema\/logo\/image\/\"}}]}<\/script>\n<!-- \/ Yoast SEO plugin. -->","yoast_head_json":{"title":"dwyer 490w-6-hkit-nist man\u00f3metro de presi\u00f3n diferencial hidr\u00f3nica con sensores inal\u00e1mbricos, incluye certificado trazable. - Abaa tienda online","robots":{"index":"index","follow":"follow","max-snippet":"max-snippet:-1","max-image-preview":"max-image-preview:large","max-video-preview":"max-video-preview:-1"},"canonical":"https:\/\/abaa.mx\/tienda\/dwyer-490w-6-hkit-nist-manometro-de-presion-diferencial-hidronica-con-sensores-inalambricos-incluye-certificado-trazable\/","og_locale":"es_MX","og_type":"article","og_title":"dwyer 490w-6-hkit-nist man\u00f3metro de presi\u00f3n diferencial hidr\u00f3nica con sensores inal\u00e1mbricos, incluye certificado trazable. - Abaa tienda online","og_description":"Con un man\u00f3metro preciso y f\u00e1cil de operar que utiliza tecnolog\u00eda m\u00f3vil para comunicarse a trav\u00e9s de una conexi\u00f3n Bluetooth, para monitorear la presi\u00f3n diferencial y el flujo a tres v\u00e1lvulas diferentes. Los transductores inal\u00e1mbricos y una computadora de mano vers\u00e1til permiten que un solo operador monitoree y equilibre un sistema hidr\u00f3nico en menos tiempo. Este producto incluye un certificado trazable con datos completos e incertidumbres.","og_url":"https:\/\/abaa.mx\/tienda\/dwyer-490w-6-hkit-nist-manometro-de-presion-diferencial-hidronica-con-sensores-inalambricos-incluye-certificado-trazable\/","og_site_name":"Abaa tienda online","article_modified_time":"2023-09-29T19:42:35+00:00","og_image":[{"width":460,"height":381,"url":"https:\/\/abaa.mx\/tienda\/wp-content\/uploads\/2023\/09\/490W-6-HKIT-NIST-1.jpg","type":"image\/jpeg"}],"twitter_card":"summary_large_image","twitter_misc":{"Tiempo de lectura":"2 minutos"},"schema":{"@context":"https:\/\/schema.org","@graph":[{"@type":"WebPage","@id":"https:\/\/abaa.mx\/tienda\/dwyer-490w-6-hkit-nist-manometro-de-presion-diferencial-hidronica-con-sensores-inalambricos-incluye-certificado-trazable\/","url":"https:\/\/abaa.mx\/tienda\/dwyer-490w-6-hkit-nist-manometro-de-presion-diferencial-hidronica-con-sensores-inalambricos-incluye-certificado-trazable\/","name":"dwyer 490w-6-hkit-nist man\u00f3metro de presi\u00f3n diferencial hidr\u00f3nica con sensores inal\u00e1mbricos, incluye certificado trazable. - Abaa tienda online","isPartOf":{"@id":"https:\/\/abaa.mx\/tienda\/#website"},"primaryImageOfPage":{"@id":"https:\/\/abaa.mx\/tienda\/dwyer-490w-6-hkit-nist-manometro-de-presion-diferencial-hidronica-con-sensores-inalambricos-incluye-certificado-trazable\/#primaryimage"},"image":{"@id":"https:\/\/abaa.mx\/tienda\/dwyer-490w-6-hkit-nist-manometro-de-presion-diferencial-hidronica-con-sensores-inalambricos-incluye-certificado-trazable\/#primaryimage"},"thumbnailUrl":"https:\/\/abaa.mx\/tienda\/wp-content\/uploads\/2023\/09\/490W-6-HKIT-NIST-1.jpg","datePublished":"2023-09-29T19:42:34+00:00","dateModified":"2023-09-29T19:42:35+00:00","breadcrumb":{"@id":"https:\/\/abaa.mx\/tienda\/dwyer-490w-6-hkit-nist-manometro-de-presion-diferencial-hidronica-con-sensores-inalambricos-incluye-certificado-trazable\/#breadcrumb"},"inLanguage":"es","potentialAction":[{"@type":"ReadAction","target":["https:\/\/abaa.mx\/tienda\/dwyer-490w-6-hkit-nist-manometro-de-presion-diferencial-hidronica-con-sensores-inalambricos-incluye-certificado-trazable\/"]}]},{"@type":"ImageObject","inLanguage":"es","@id":"https:\/\/abaa.mx\/tienda\/dwyer-490w-6-hkit-nist-manometro-de-presion-diferencial-hidronica-con-sensores-inalambricos-incluye-certificado-trazable\/#primaryimage","url":"https:\/\/abaa.mx\/tienda\/wp-content\/uploads\/2023\/09\/490W-6-HKIT-NIST-1.jpg","contentUrl":"https:\/\/abaa.mx\/tienda\/wp-content\/uploads\/2023\/09\/490W-6-HKIT-NIST-1.jpg","width":460,"height":381,"caption":"490W-6-HKIT-NIST"},{"@type":"BreadcrumbList","@id":"https:\/\/abaa.mx\/tienda\/dwyer-490w-6-hkit-nist-manometro-de-presion-diferencial-hidronica-con-sensores-inalambricos-incluye-certificado-trazable\/#breadcrumb","itemListElement":[{"@type":"ListItem","position":1,"name":"Inicio","item":"https:\/\/abaa.mx\/tienda\/"},{"@type":"ListItem","position":2,"name":"Tienda","item":"https:\/\/abaa.mx\/tienda\/"},{"@type":"ListItem","position":3,"name":"dwyer 490w-6-hkit-nist man\u00f3metro de presi\u00f3n diferencial hidr\u00f3nica con sensores inal\u00e1mbricos, incluye certificado trazable."}]},{"@type":"WebSite","@id":"https:\/\/abaa.mx\/tienda\/#website","url":"https:\/\/abaa.mx\/tienda\/","name":"Abaa tienda online","description":"Instrumentos de medici\u00f3n","publisher":{"@id":"https:\/\/abaa.mx\/tienda\/#organization"},"potentialAction":[{"@type":"SearchAction","target":{"@type":"EntryPoint","urlTemplate":"https:\/\/abaa.mx\/tienda\/?s={search_term_string}"},"query-input":{"@type":"PropertyValueSpecification","valueRequired":true,"valueName":"search_term_string"}}],"inLanguage":"es"},{"@type":"Organization","@id":"https:\/\/abaa.mx\/tienda\/#organization","name":"Abaa tienda online","url":"https:\/\/abaa.mx\/tienda\/","logo":{"@type":"ImageObject","inLanguage":"es","@id":"https:\/\/abaa.mx\/tienda\/#\/schema\/logo\/image\/","url":"https:\/\/abaa.mx\/tienda\/wp-content\/uploads\/2024\/01\/abaa-metrologia-tienda.png","contentUrl":"https:\/\/abaa.mx\/tienda\/wp-content\/uploads\/2024\/01\/abaa-metrologia-tienda.png","width":300,"height":141,"caption":"Abaa tienda online"},"image":{"@id":"https:\/\/abaa.mx\/tienda\/#\/schema\/logo\/image\/"}}]}},"_links":{"self":[{"href":"https:\/\/abaa.mx\/tienda\/wp-json\/wp\/v2\/product\/3884","targetHints":{"allow":["GET"]}}],"collection":[{"href":"https:\/\/abaa.mx\/tienda\/wp-json\/wp\/v2\/product"}],"about":[{"href":"https:\/\/abaa.mx\/tienda\/wp-json\/wp\/v2\/types\/product"}],"replies":[{"embeddable":true,"href":"https:\/\/abaa.mx\/tienda\/wp-json\/wp\/v2\/comments?post=3884"}],"wp:featuredmedia":[{"embeddable":true,"href":"https:\/\/abaa.mx\/tienda\/wp-json\/wp\/v2\/media\/3907"}],"wp:attachment":[{"href":"https:\/\/abaa.mx\/tienda\/wp-json\/wp\/v2\/media?parent=3884"}],"wp:term":[{"taxonomy":"product_brand","embeddable":true,"href":"https:\/\/abaa.mx\/tienda\/wp-json\/wp\/v2\/product_brand?post=3884"},{"taxonomy":"product_cat","embeddable":true,"href":"https:\/\/abaa.mx\/tienda\/wp-json\/wp\/v2\/product_cat?post=3884"},{"taxonomy":"product_tag","embeddable":true,"href":"https:\/\/abaa.mx\/tienda\/wp-json\/wp\/v2\/product_tag?post=3884"}],"curies":[{"name":"wp","href":"https:\/\/api.w.org\/{rel}","templated":true}]}}