{"id":3869,"date":"2023-09-29T19:06:50","date_gmt":"2023-09-29T19:06:50","guid":{"rendered":"https:\/\/abaa.mx\/tienda\/?post_type=product&#038;p=3869"},"modified":"2023-12-06T15:26:14","modified_gmt":"2023-12-06T15:26:14","slug":"dwyer-490a-1-manometro-humedo-humedo-0-15-00-psig","status":"publish","type":"product","link":"https:\/\/abaa.mx\/tienda\/dwyer-490a-1-manometro-humedo-humedo-0-15-00-psig\/","title":{"rendered":"dwyer 490a-1 man\u00f3metro h\u00famedo-h\u00famedo (0-15.00 psig)"},"content":{"rendered":"<h4>Dwyer 490A-1<\/h4>\n<p><strong>Funciones<\/strong><\/p>\n<ul>\n<li>Siete unidades m\u00e9tricas e inglesas seleccionables por el usuario<\/li>\n<li>Almacena hasta 40 lecturas para su posterior recuperaci\u00f3n<\/li>\n<li>Luz de fondo para uso en \u00e1reas oscuras<\/li>\n<li>Amortiguaci\u00f3n digital para baja presi\u00f3n: precisi\u00f3n de registro de alta resoluci\u00f3n<\/li>\n<li>Ajuste autom\u00e1tico de la resoluci\u00f3n para un control m\u00e1s preciso<\/li>\n<\/ul>\n<p><strong>Aplicaciones<\/strong><\/p>\n<ul>\n<li>Enfriador a bobinas para protecci\u00f3n contra la congelaci\u00f3n<\/li>\n<li>Equilibrado de v\u00e1lvulas hidr\u00f3nicas<\/li>\n<li>Mida la ca\u00edda de presi\u00f3n entre las bombas<\/li>\n<li>Pruebas de presi\u00f3n de refrigerante<\/li>\n<\/ul>\n<h4>Dwyer 490A-1 Especificaciones<\/h4>\n<table class=\"table table-striped\">\n<tbody>\n<tr>\n<td>Servicio<\/td>\n<td>Gases y l\u00edquidos compatibles<\/td>\n<\/tr>\n<tr>\n<td>Materiales h\u00famedos<\/td>\n<td>Sin v\u00e1lvula: 316L SS -3V opci\u00f3n: 316LSS,<br \/>\nBuna-N, silicona, grasa, PTFE, lat\u00f3n 360, cobre, copol\u00edmero de acetal reforzado<\/td>\n<\/tr>\n<tr>\n<td>Exactitud<\/td>\n<td>\u00b10.5% FS, 60 a 78\u00b0F (15.6 a 25.6\u00b0C) \u00b11.5% FS de 32 a 60\u00b0F y 78 a 104\u00b0F (0 a 15.6\u00b0C y 25.6 a 40\u00b0C)<\/td>\n<\/tr>\n<tr>\n<td>Hist\u00e9resis por presi\u00f3n<\/td>\n<td>\u00b10,1% FS<\/td>\n<\/tr>\n<tr>\n<td>L\u00edmites electr\u00f3nicos de temperatura<\/td>\n<td>32 a 140\u00b0F (0 a 60\u00b0C)<\/td>\n<\/tr>\n<tr>\n<td>L\u00edmites de temperatura de proceso con -HKIT<\/td>\n<td>-20 a 180\u00b0F<\/td>\n<\/tr>\n<tr>\n<td>L\u00edmites de temperatura de almacenamiento<\/td>\n<td>-4 a 176\u00b0F (-20 a 80\u00b0C)<\/td>\n<\/tr>\n<tr>\n<td>Monitor<\/td>\n<td>LCD de 0 d\u00edgitos (42,10&#8243;) (6,4 mm)<\/td>\n<\/tr>\n<tr>\n<td>Conexiones de proceso<\/td>\n<td>Dos TNP hembra de 3\/18&#8243; (45,1 mm); -Opci\u00f3n HKIT: Dos macho 4 Flare &lt;&gt;\/&lt;&gt; &#8220;<\/td>\n<\/tr>\n<tr>\n<td>Requisitos de alimentaci\u00f3n<\/td>\n<td>Bater\u00eda alcalina de 9 V, instalada no funcional, reemplazable por el usuario<\/td>\n<\/tr>\n<tr>\n<td>Peso<\/td>\n<td>14.1 oz (400 g); -Opci\u00f3n HKIT: 3.6 lbs<\/td>\n<\/tr>\n<tr>\n<td>Aprobaciones de agencias<\/td>\n<td>Despu\u00e9s de Cristo<\/td>\n<\/tr>\n<\/tbody>\n<\/table>\n","protected":false},"excerpt":{"rendered":"<p class=\"short-description mhide ipad-view-setting\">Presi\u00f3n m\u00e1xima: 30 PSIG. Mide las presiones positivas y negativas. Funci\u00f3n de cero autom\u00e1tico con un bot\u00f3n.<\/p>\n<div class=\"row-fluid\">\n<div class=\"span12 mobile-pricing-box-padding\">\n<form id=\"51377\" accept-charset=\"utf-8\" action=\"https:\/\/www.globaltestsupply.com\/shop\/add\" method=\"post\" name=\"addTocartFunction\">\n<div><\/div>\n<\/form>\n<\/div>\n<\/div>\n","protected":false},"featured_media":3877,"comment_status":"open","ping_status":"closed","template":"","meta":{"_joinchat":[]},"product_brand":[],"product_cat":[15],"product_tag":[],"class_list":{"0":"post-3869","1":"product","2":"type-product","3":"status-publish","4":"has-post-thumbnail","6":"product_cat-sin-categorizar","8":"first","9":"instock","10":"shipping-taxable","11":"product-type-simple"},"yoast_head":"<!-- This site is optimized with the Yoast SEO plugin v26.4 - https:\/\/yoast.com\/wordpress\/plugins\/seo\/ -->\n<title>dwyer 490a-1 man\u00f3metro h\u00famedo-h\u00famedo (0-15.00 psig) - Abaa tienda online<\/title>\n<meta name=\"robots\" content=\"index, follow, max-snippet:-1, max-image-preview:large, max-video-preview:-1\" \/>\n<link rel=\"canonical\" href=\"https:\/\/abaa.mx\/tienda\/dwyer-490a-1-manometro-humedo-humedo-0-15-00-psig\/\" \/>\n<meta property=\"og:locale\" content=\"es_MX\" \/>\n<meta property=\"og:type\" content=\"article\" \/>\n<meta property=\"og:title\" content=\"dwyer 490a-1 man\u00f3metro h\u00famedo-h\u00famedo (0-15.00 psig) - Abaa tienda online\" \/>\n<meta property=\"og:description\" content=\"Presi\u00f3n m\u00e1xima: 30 PSIG. Mide las presiones positivas y negativas. Funci\u00f3n de cero autom\u00e1tico con un bot\u00f3n.\" \/>\n<meta property=\"og:url\" content=\"https:\/\/abaa.mx\/tienda\/dwyer-490a-1-manometro-humedo-humedo-0-15-00-psig\/\" \/>\n<meta property=\"og:site_name\" content=\"Abaa tienda online\" \/>\n<meta property=\"article:modified_time\" content=\"2023-12-06T15:26:14+00:00\" \/>\n<meta property=\"og:image\" content=\"https:\/\/abaa.mx\/tienda\/wp-content\/uploads\/2023\/09\/490A-1.jpg\" \/>\n\t<meta property=\"og:image:width\" content=\"270\" \/>\n\t<meta property=\"og:image:height\" content=\"270\" \/>\n\t<meta property=\"og:image:type\" content=\"image\/jpeg\" \/>\n<meta name=\"twitter:card\" content=\"summary_large_image\" \/>\n<meta name=\"twitter:label1\" content=\"Tiempo de lectura\" \/>\n\t<meta name=\"twitter:data1\" content=\"2 minutos\" \/>\n<script type=\"application\/ld+json\" class=\"yoast-schema-graph\">{\"@context\":\"https:\/\/schema.org\",\"@graph\":[{\"@type\":\"WebPage\",\"@id\":\"https:\/\/abaa.mx\/tienda\/dwyer-490a-1-manometro-humedo-humedo-0-15-00-psig\/\",\"url\":\"https:\/\/abaa.mx\/tienda\/dwyer-490a-1-manometro-humedo-humedo-0-15-00-psig\/\",\"name\":\"dwyer 490a-1 man\u00f3metro h\u00famedo-h\u00famedo (0-15.00 psig) - Abaa tienda online\",\"isPartOf\":{\"@id\":\"https:\/\/abaa.mx\/tienda\/#website\"},\"primaryImageOfPage\":{\"@id\":\"https:\/\/abaa.mx\/tienda\/dwyer-490a-1-manometro-humedo-humedo-0-15-00-psig\/#primaryimage\"},\"image\":{\"@id\":\"https:\/\/abaa.mx\/tienda\/dwyer-490a-1-manometro-humedo-humedo-0-15-00-psig\/#primaryimage\"},\"thumbnailUrl\":\"https:\/\/abaa.mx\/tienda\/wp-content\/uploads\/2023\/09\/490A-1.jpg\",\"datePublished\":\"2023-09-29T19:06:50+00:00\",\"dateModified\":\"2023-12-06T15:26:14+00:00\",\"breadcrumb\":{\"@id\":\"https:\/\/abaa.mx\/tienda\/dwyer-490a-1-manometro-humedo-humedo-0-15-00-psig\/#breadcrumb\"},\"inLanguage\":\"es\",\"potentialAction\":[{\"@type\":\"ReadAction\",\"target\":[\"https:\/\/abaa.mx\/tienda\/dwyer-490a-1-manometro-humedo-humedo-0-15-00-psig\/\"]}]},{\"@type\":\"ImageObject\",\"inLanguage\":\"es\",\"@id\":\"https:\/\/abaa.mx\/tienda\/dwyer-490a-1-manometro-humedo-humedo-0-15-00-psig\/#primaryimage\",\"url\":\"https:\/\/abaa.mx\/tienda\/wp-content\/uploads\/2023\/09\/490A-1.jpg\",\"contentUrl\":\"https:\/\/abaa.mx\/tienda\/wp-content\/uploads\/2023\/09\/490A-1.jpg\",\"width\":270,\"height\":270,\"caption\":\"490A-1\"},{\"@type\":\"BreadcrumbList\",\"@id\":\"https:\/\/abaa.mx\/tienda\/dwyer-490a-1-manometro-humedo-humedo-0-15-00-psig\/#breadcrumb\",\"itemListElement\":[{\"@type\":\"ListItem\",\"position\":1,\"name\":\"Inicio\",\"item\":\"https:\/\/abaa.mx\/tienda\/\"},{\"@type\":\"ListItem\",\"position\":2,\"name\":\"Tienda\",\"item\":\"https:\/\/abaa.mx\/tienda\/\"},{\"@type\":\"ListItem\",\"position\":3,\"name\":\"dwyer 490a-1 man\u00f3metro h\u00famedo-h\u00famedo (0-15.00 psig)\"}]},{\"@type\":\"WebSite\",\"@id\":\"https:\/\/abaa.mx\/tienda\/#website\",\"url\":\"https:\/\/abaa.mx\/tienda\/\",\"name\":\"Abaa tienda online\",\"description\":\"Instrumentos de medici\u00f3n\",\"publisher\":{\"@id\":\"https:\/\/abaa.mx\/tienda\/#organization\"},\"potentialAction\":[{\"@type\":\"SearchAction\",\"target\":{\"@type\":\"EntryPoint\",\"urlTemplate\":\"https:\/\/abaa.mx\/tienda\/?s={search_term_string}\"},\"query-input\":{\"@type\":\"PropertyValueSpecification\",\"valueRequired\":true,\"valueName\":\"search_term_string\"}}],\"inLanguage\":\"es\"},{\"@type\":\"Organization\",\"@id\":\"https:\/\/abaa.mx\/tienda\/#organization\",\"name\":\"Abaa tienda online\",\"url\":\"https:\/\/abaa.mx\/tienda\/\",\"logo\":{\"@type\":\"ImageObject\",\"inLanguage\":\"es\",\"@id\":\"https:\/\/abaa.mx\/tienda\/#\/schema\/logo\/image\/\",\"url\":\"https:\/\/abaa.mx\/tienda\/wp-content\/uploads\/2024\/01\/abaa-metrologia-tienda.png\",\"contentUrl\":\"https:\/\/abaa.mx\/tienda\/wp-content\/uploads\/2024\/01\/abaa-metrologia-tienda.png\",\"width\":300,\"height\":141,\"caption\":\"Abaa tienda online\"},\"image\":{\"@id\":\"https:\/\/abaa.mx\/tienda\/#\/schema\/logo\/image\/\"}}]}<\/script>\n<!-- \/ Yoast SEO plugin. -->","yoast_head_json":{"title":"dwyer 490a-1 man\u00f3metro h\u00famedo-h\u00famedo (0-15.00 psig) - Abaa tienda online","robots":{"index":"index","follow":"follow","max-snippet":"max-snippet:-1","max-image-preview":"max-image-preview:large","max-video-preview":"max-video-preview:-1"},"canonical":"https:\/\/abaa.mx\/tienda\/dwyer-490a-1-manometro-humedo-humedo-0-15-00-psig\/","og_locale":"es_MX","og_type":"article","og_title":"dwyer 490a-1 man\u00f3metro h\u00famedo-h\u00famedo (0-15.00 psig) - Abaa tienda online","og_description":"Presi\u00f3n m\u00e1xima: 30 PSIG. Mide las presiones positivas y negativas. Funci\u00f3n de cero autom\u00e1tico con un bot\u00f3n.","og_url":"https:\/\/abaa.mx\/tienda\/dwyer-490a-1-manometro-humedo-humedo-0-15-00-psig\/","og_site_name":"Abaa tienda online","article_modified_time":"2023-12-06T15:26:14+00:00","og_image":[{"width":270,"height":270,"url":"https:\/\/abaa.mx\/tienda\/wp-content\/uploads\/2023\/09\/490A-1.jpg","type":"image\/jpeg"}],"twitter_card":"summary_large_image","twitter_misc":{"Tiempo de lectura":"2 minutos"},"schema":{"@context":"https:\/\/schema.org","@graph":[{"@type":"WebPage","@id":"https:\/\/abaa.mx\/tienda\/dwyer-490a-1-manometro-humedo-humedo-0-15-00-psig\/","url":"https:\/\/abaa.mx\/tienda\/dwyer-490a-1-manometro-humedo-humedo-0-15-00-psig\/","name":"dwyer 490a-1 man\u00f3metro h\u00famedo-h\u00famedo (0-15.00 psig) - Abaa tienda online","isPartOf":{"@id":"https:\/\/abaa.mx\/tienda\/#website"},"primaryImageOfPage":{"@id":"https:\/\/abaa.mx\/tienda\/dwyer-490a-1-manometro-humedo-humedo-0-15-00-psig\/#primaryimage"},"image":{"@id":"https:\/\/abaa.mx\/tienda\/dwyer-490a-1-manometro-humedo-humedo-0-15-00-psig\/#primaryimage"},"thumbnailUrl":"https:\/\/abaa.mx\/tienda\/wp-content\/uploads\/2023\/09\/490A-1.jpg","datePublished":"2023-09-29T19:06:50+00:00","dateModified":"2023-12-06T15:26:14+00:00","breadcrumb":{"@id":"https:\/\/abaa.mx\/tienda\/dwyer-490a-1-manometro-humedo-humedo-0-15-00-psig\/#breadcrumb"},"inLanguage":"es","potentialAction":[{"@type":"ReadAction","target":["https:\/\/abaa.mx\/tienda\/dwyer-490a-1-manometro-humedo-humedo-0-15-00-psig\/"]}]},{"@type":"ImageObject","inLanguage":"es","@id":"https:\/\/abaa.mx\/tienda\/dwyer-490a-1-manometro-humedo-humedo-0-15-00-psig\/#primaryimage","url":"https:\/\/abaa.mx\/tienda\/wp-content\/uploads\/2023\/09\/490A-1.jpg","contentUrl":"https:\/\/abaa.mx\/tienda\/wp-content\/uploads\/2023\/09\/490A-1.jpg","width":270,"height":270,"caption":"490A-1"},{"@type":"BreadcrumbList","@id":"https:\/\/abaa.mx\/tienda\/dwyer-490a-1-manometro-humedo-humedo-0-15-00-psig\/#breadcrumb","itemListElement":[{"@type":"ListItem","position":1,"name":"Inicio","item":"https:\/\/abaa.mx\/tienda\/"},{"@type":"ListItem","position":2,"name":"Tienda","item":"https:\/\/abaa.mx\/tienda\/"},{"@type":"ListItem","position":3,"name":"dwyer 490a-1 man\u00f3metro h\u00famedo-h\u00famedo (0-15.00 psig)"}]},{"@type":"WebSite","@id":"https:\/\/abaa.mx\/tienda\/#website","url":"https:\/\/abaa.mx\/tienda\/","name":"Abaa tienda online","description":"Instrumentos de medici\u00f3n","publisher":{"@id":"https:\/\/abaa.mx\/tienda\/#organization"},"potentialAction":[{"@type":"SearchAction","target":{"@type":"EntryPoint","urlTemplate":"https:\/\/abaa.mx\/tienda\/?s={search_term_string}"},"query-input":{"@type":"PropertyValueSpecification","valueRequired":true,"valueName":"search_term_string"}}],"inLanguage":"es"},{"@type":"Organization","@id":"https:\/\/abaa.mx\/tienda\/#organization","name":"Abaa tienda online","url":"https:\/\/abaa.mx\/tienda\/","logo":{"@type":"ImageObject","inLanguage":"es","@id":"https:\/\/abaa.mx\/tienda\/#\/schema\/logo\/image\/","url":"https:\/\/abaa.mx\/tienda\/wp-content\/uploads\/2024\/01\/abaa-metrologia-tienda.png","contentUrl":"https:\/\/abaa.mx\/tienda\/wp-content\/uploads\/2024\/01\/abaa-metrologia-tienda.png","width":300,"height":141,"caption":"Abaa tienda online"},"image":{"@id":"https:\/\/abaa.mx\/tienda\/#\/schema\/logo\/image\/"}}]}},"_links":{"self":[{"href":"https:\/\/abaa.mx\/tienda\/wp-json\/wp\/v2\/product\/3869","targetHints":{"allow":["GET"]}}],"collection":[{"href":"https:\/\/abaa.mx\/tienda\/wp-json\/wp\/v2\/product"}],"about":[{"href":"https:\/\/abaa.mx\/tienda\/wp-json\/wp\/v2\/types\/product"}],"replies":[{"embeddable":true,"href":"https:\/\/abaa.mx\/tienda\/wp-json\/wp\/v2\/comments?post=3869"}],"wp:featuredmedia":[{"embeddable":true,"href":"https:\/\/abaa.mx\/tienda\/wp-json\/wp\/v2\/media\/3877"}],"wp:attachment":[{"href":"https:\/\/abaa.mx\/tienda\/wp-json\/wp\/v2\/media?parent=3869"}],"wp:term":[{"taxonomy":"product_brand","embeddable":true,"href":"https:\/\/abaa.mx\/tienda\/wp-json\/wp\/v2\/product_brand?post=3869"},{"taxonomy":"product_cat","embeddable":true,"href":"https:\/\/abaa.mx\/tienda\/wp-json\/wp\/v2\/product_cat?post=3869"},{"taxonomy":"product_tag","embeddable":true,"href":"https:\/\/abaa.mx\/tienda\/wp-json\/wp\/v2\/product_tag?post=3869"}],"curies":[{"name":"wp","href":"https:\/\/api.w.org\/{rel}","templated":true}]}}