{"id":3836,"date":"2023-09-29T17:27:49","date_gmt":"2023-09-29T17:27:49","guid":{"rendered":"https:\/\/abaa.mx\/tienda\/?post_type=product&#038;p=3836"},"modified":"2023-09-29T17:27:50","modified_gmt":"2023-09-29T17:27:50","slug":"manometro-digital-dwyer-477av-00-0-a-4-pulgadas-w-c","status":"publish","type":"product","link":"https:\/\/abaa.mx\/tienda\/manometro-digital-dwyer-477av-00-0-a-4-pulgadas-w-c\/","title":{"rendered":"man\u00f3metro digital dwyer 477av-00, 0 a 4 pulgadas w.c."},"content":{"rendered":"<p><strong>Funciones<\/strong><\/p>\n<ul>\n<li>Calcula y muestra la velocidad del aire y el flujo volum\u00e9trico de aire<\/li>\n<li>La robusta carcasa de aluminio protege el instrumento de da\u00f1os durante el transporte\/uso<\/li>\n<li>Nueve unidades seleccionables de ingl\u00e9s e ingenier\u00eda m\u00e9trica<\/li>\n<li>Pantalla grande y f\u00e1cil de leer con luz de fondo para su uso en \u00e1reas oscuras<\/li>\n<li>Almacena hasta 40 lecturas con estad\u00edsticas m\u00ednimas, m\u00e1ximas y medias<\/li>\n<\/ul>\n<p><strong>Aplicaciones<\/strong><\/p>\n<ul>\n<li>Monitoreo del flujo de aire, cuando se usa con un tubo pitot Dwyer (se vende por separado)<\/li>\n<li>Presi\u00f3n est\u00e1tica del conducto<\/li>\n<li>Equilibrado de aire comercial<\/li>\n<li>Presi\u00f3n en la zona de construcci\u00f3n<\/li>\n<\/ul>\n<h4>Dwyer 477AV-00 Especificaciones<\/h4>\n<table class=\"table table-striped\">\n<tbody>\n<tr>\n<td>Servicio<\/td>\n<td>Aire y gases compatibles<\/td>\n<\/tr>\n<tr>\n<td>Exactitud<\/td>\n<td>\u00b10.5% FS de 60 a 78\u00b0F (15.6 a 25.6\u00b0C); \u00b11.5% FS de 32 a 60 \u00b0 F y 78 a 104 \u00b0 F (0 a 15.6 \u00b0 C y 25.6 a 40 \u00b0 C)<\/td>\n<\/tr>\n<tr>\n<td>Hist\u00e9resis por presi\u00f3n<\/td>\n<td>\u00b10,1% FS<\/td>\n<\/tr>\n<tr>\n<td>L\u00edmites de temperatura<\/td>\n<td>0 a 140\u00b0F (-17.8 a 60\u00b0C)<\/td>\n<\/tr>\n<tr>\n<td>L\u00edmites de temperatura compensados<\/td>\n<td>32 a 104\u00b0F (0 a 40\u00b0C)<\/td>\n<\/tr>\n<tr>\n<td>L\u00edmites de temperatura de almacenamiento<\/td>\n<td>-4 a 176\u00b0F (-20 a 80\u00b0C)<\/td>\n<\/tr>\n<tr>\n<td>Monitor<\/td>\n<td>LCD de 0 d\u00edgitos (42,10&#8243;) (6,4 mm)<\/td>\n<\/tr>\n<tr>\n<td>Unidades de presi\u00f3n<\/td>\n<td><span>en w.c., ft w.c., en Hg, psi, oz\/in<\/span><sup>2<\/sup><span>, mm w.c., cm w.c., mm Hg, mbar, Pa, kPa, hPa<\/span><\/td>\n<\/tr>\n<tr>\n<td>Unidades de velocidad<\/td>\n<td>FPM, FPS, MPH, M\/H, M\/S, K\/H, NUDO<\/td>\n<\/tr>\n<tr>\n<td>Unidades de flujo<\/td>\n<td><span>CFM, M<\/span><sup>3<\/sup><span>\/h, m<\/span><sup>3<\/sup><span>\/s<\/span><\/td>\n<\/tr>\n<tr>\n<td>Requisitos de alimentaci\u00f3n<\/td>\n<td>Bater\u00eda alcalina de 9 V, instalada no funcional, reemplazable por el usuario<\/td>\n<\/tr>\n<tr>\n<td>Peso<\/td>\n<td>10,2 onzas (289 g)<\/td>\n<\/tr>\n<tr>\n<td>Conexiones de proceso<\/td>\n<td>Dos conexiones de p\u00faas para usar con tubos de identificaci\u00f3n de 3\/18&#8243; (3,16 mm) o 4\/76&#8243; (3,18 mm)<br \/>\nDos accesorios de compresi\u00f3n para usar con tubos de di\u00e1metro exterior de 6\/35&#8243; (477,7 mm) ID x 8\/&lt;&gt;&#8221; (&lt;&gt;,&lt;&gt; mm) para &lt;&gt;AV-&lt;&gt;, -&lt;&gt; solamente<\/td>\n<\/tr>\n<tr>\n<td>Aprobaciones de agencias<\/td>\n<td>Despu\u00e9s de Cristo<\/td>\n<\/tr>\n<\/tbody>\n<\/table>\n","protected":false},"excerpt":{"rendered":"<p>Cuenta con mediciones de presi\u00f3n, flujo y velocidad, junto con un rango de presi\u00f3n de 0 a 4 en w.c.. Los c\u00e1lculos integrados de velocidad del aire y flujo proporcionan precisi\u00f3n y ahorran tiempo y errores asociados con los c\u00e1lculos manuales. Los valores ajustables de cero y span permiten calibrar en el campo, y la amortiguaci\u00f3n compensa la fluctuaci\u00f3n de las lecturas.<\/p>\n","protected":false},"featured_media":3842,"comment_status":"open","ping_status":"closed","template":"","meta":{"_joinchat":[]},"product_brand":[],"product_cat":[15],"product_tag":[],"class_list":{"0":"post-3836","1":"product","2":"type-product","3":"status-publish","4":"has-post-thumbnail","6":"product_cat-sin-categorizar","8":"first","9":"instock","10":"shipping-taxable","11":"product-type-simple"},"yoast_head":"<!-- This site is optimized with the Yoast SEO plugin v26.4 - https:\/\/yoast.com\/wordpress\/plugins\/seo\/ -->\n<title>man\u00f3metro digital dwyer 477av-00, 0 a 4 pulgadas w.c. - Abaa tienda online<\/title>\n<meta name=\"robots\" content=\"index, follow, max-snippet:-1, max-image-preview:large, max-video-preview:-1\" \/>\n<link rel=\"canonical\" href=\"https:\/\/abaa.mx\/tienda\/manometro-digital-dwyer-477av-00-0-a-4-pulgadas-w-c\/\" \/>\n<meta property=\"og:locale\" content=\"es_MX\" \/>\n<meta property=\"og:type\" content=\"article\" \/>\n<meta property=\"og:title\" content=\"man\u00f3metro digital dwyer 477av-00, 0 a 4 pulgadas w.c. - Abaa tienda online\" \/>\n<meta property=\"og:description\" content=\"Cuenta con mediciones de presi\u00f3n, flujo y velocidad, junto con un rango de presi\u00f3n de 0 a 4 en w.c.. Los c\u00e1lculos integrados de velocidad del aire y flujo proporcionan precisi\u00f3n y ahorran tiempo y errores asociados con los c\u00e1lculos manuales. Los valores ajustables de cero y span permiten calibrar en el campo, y la amortiguaci\u00f3n compensa la fluctuaci\u00f3n de las lecturas.\" \/>\n<meta property=\"og:url\" content=\"https:\/\/abaa.mx\/tienda\/manometro-digital-dwyer-477av-00-0-a-4-pulgadas-w-c\/\" \/>\n<meta property=\"og:site_name\" content=\"Abaa tienda online\" \/>\n<meta property=\"article:modified_time\" content=\"2023-09-29T17:27:50+00:00\" \/>\n<meta property=\"og:image\" content=\"https:\/\/abaa.mx\/tienda\/wp-content\/uploads\/2023\/09\/477AV-00.jpg\" \/>\n\t<meta property=\"og:image:width\" content=\"270\" \/>\n\t<meta property=\"og:image:height\" content=\"500\" \/>\n\t<meta property=\"og:image:type\" content=\"image\/jpeg\" \/>\n<meta name=\"twitter:card\" content=\"summary_large_image\" \/>\n<meta name=\"twitter:label1\" content=\"Tiempo de lectura\" \/>\n\t<meta name=\"twitter:data1\" content=\"2 minutos\" \/>\n<script type=\"application\/ld+json\" class=\"yoast-schema-graph\">{\"@context\":\"https:\/\/schema.org\",\"@graph\":[{\"@type\":\"WebPage\",\"@id\":\"https:\/\/abaa.mx\/tienda\/manometro-digital-dwyer-477av-00-0-a-4-pulgadas-w-c\/\",\"url\":\"https:\/\/abaa.mx\/tienda\/manometro-digital-dwyer-477av-00-0-a-4-pulgadas-w-c\/\",\"name\":\"man\u00f3metro digital dwyer 477av-00, 0 a 4 pulgadas w.c. - Abaa tienda online\",\"isPartOf\":{\"@id\":\"https:\/\/abaa.mx\/tienda\/#website\"},\"primaryImageOfPage\":{\"@id\":\"https:\/\/abaa.mx\/tienda\/manometro-digital-dwyer-477av-00-0-a-4-pulgadas-w-c\/#primaryimage\"},\"image\":{\"@id\":\"https:\/\/abaa.mx\/tienda\/manometro-digital-dwyer-477av-00-0-a-4-pulgadas-w-c\/#primaryimage\"},\"thumbnailUrl\":\"https:\/\/abaa.mx\/tienda\/wp-content\/uploads\/2023\/09\/477AV-00.jpg\",\"datePublished\":\"2023-09-29T17:27:49+00:00\",\"dateModified\":\"2023-09-29T17:27:50+00:00\",\"breadcrumb\":{\"@id\":\"https:\/\/abaa.mx\/tienda\/manometro-digital-dwyer-477av-00-0-a-4-pulgadas-w-c\/#breadcrumb\"},\"inLanguage\":\"es\",\"potentialAction\":[{\"@type\":\"ReadAction\",\"target\":[\"https:\/\/abaa.mx\/tienda\/manometro-digital-dwyer-477av-00-0-a-4-pulgadas-w-c\/\"]}]},{\"@type\":\"ImageObject\",\"inLanguage\":\"es\",\"@id\":\"https:\/\/abaa.mx\/tienda\/manometro-digital-dwyer-477av-00-0-a-4-pulgadas-w-c\/#primaryimage\",\"url\":\"https:\/\/abaa.mx\/tienda\/wp-content\/uploads\/2023\/09\/477AV-00.jpg\",\"contentUrl\":\"https:\/\/abaa.mx\/tienda\/wp-content\/uploads\/2023\/09\/477AV-00.jpg\",\"width\":270,\"height\":500,\"caption\":\"477AV-00\"},{\"@type\":\"BreadcrumbList\",\"@id\":\"https:\/\/abaa.mx\/tienda\/manometro-digital-dwyer-477av-00-0-a-4-pulgadas-w-c\/#breadcrumb\",\"itemListElement\":[{\"@type\":\"ListItem\",\"position\":1,\"name\":\"Inicio\",\"item\":\"https:\/\/abaa.mx\/tienda\/\"},{\"@type\":\"ListItem\",\"position\":2,\"name\":\"Tienda\",\"item\":\"https:\/\/abaa.mx\/tienda\/\"},{\"@type\":\"ListItem\",\"position\":3,\"name\":\"man\u00f3metro digital dwyer 477av-00, 0 a 4 pulgadas w.c.\"}]},{\"@type\":\"WebSite\",\"@id\":\"https:\/\/abaa.mx\/tienda\/#website\",\"url\":\"https:\/\/abaa.mx\/tienda\/\",\"name\":\"Abaa tienda online\",\"description\":\"Instrumentos de medici\u00f3n\",\"publisher\":{\"@id\":\"https:\/\/abaa.mx\/tienda\/#organization\"},\"potentialAction\":[{\"@type\":\"SearchAction\",\"target\":{\"@type\":\"EntryPoint\",\"urlTemplate\":\"https:\/\/abaa.mx\/tienda\/?s={search_term_string}\"},\"query-input\":{\"@type\":\"PropertyValueSpecification\",\"valueRequired\":true,\"valueName\":\"search_term_string\"}}],\"inLanguage\":\"es\"},{\"@type\":\"Organization\",\"@id\":\"https:\/\/abaa.mx\/tienda\/#organization\",\"name\":\"Abaa tienda online\",\"url\":\"https:\/\/abaa.mx\/tienda\/\",\"logo\":{\"@type\":\"ImageObject\",\"inLanguage\":\"es\",\"@id\":\"https:\/\/abaa.mx\/tienda\/#\/schema\/logo\/image\/\",\"url\":\"https:\/\/abaa.mx\/tienda\/wp-content\/uploads\/2024\/01\/abaa-metrologia-tienda.png\",\"contentUrl\":\"https:\/\/abaa.mx\/tienda\/wp-content\/uploads\/2024\/01\/abaa-metrologia-tienda.png\",\"width\":300,\"height\":141,\"caption\":\"Abaa tienda online\"},\"image\":{\"@id\":\"https:\/\/abaa.mx\/tienda\/#\/schema\/logo\/image\/\"}}]}<\/script>\n<!-- \/ Yoast SEO plugin. -->","yoast_head_json":{"title":"man\u00f3metro digital dwyer 477av-00, 0 a 4 pulgadas w.c. - Abaa tienda online","robots":{"index":"index","follow":"follow","max-snippet":"max-snippet:-1","max-image-preview":"max-image-preview:large","max-video-preview":"max-video-preview:-1"},"canonical":"https:\/\/abaa.mx\/tienda\/manometro-digital-dwyer-477av-00-0-a-4-pulgadas-w-c\/","og_locale":"es_MX","og_type":"article","og_title":"man\u00f3metro digital dwyer 477av-00, 0 a 4 pulgadas w.c. - Abaa tienda online","og_description":"Cuenta con mediciones de presi\u00f3n, flujo y velocidad, junto con un rango de presi\u00f3n de 0 a 4 en w.c.. Los c\u00e1lculos integrados de velocidad del aire y flujo proporcionan precisi\u00f3n y ahorran tiempo y errores asociados con los c\u00e1lculos manuales. Los valores ajustables de cero y span permiten calibrar en el campo, y la amortiguaci\u00f3n compensa la fluctuaci\u00f3n de las lecturas.","og_url":"https:\/\/abaa.mx\/tienda\/manometro-digital-dwyer-477av-00-0-a-4-pulgadas-w-c\/","og_site_name":"Abaa tienda online","article_modified_time":"2023-09-29T17:27:50+00:00","og_image":[{"width":270,"height":500,"url":"https:\/\/abaa.mx\/tienda\/wp-content\/uploads\/2023\/09\/477AV-00.jpg","type":"image\/jpeg"}],"twitter_card":"summary_large_image","twitter_misc":{"Tiempo de lectura":"2 minutos"},"schema":{"@context":"https:\/\/schema.org","@graph":[{"@type":"WebPage","@id":"https:\/\/abaa.mx\/tienda\/manometro-digital-dwyer-477av-00-0-a-4-pulgadas-w-c\/","url":"https:\/\/abaa.mx\/tienda\/manometro-digital-dwyer-477av-00-0-a-4-pulgadas-w-c\/","name":"man\u00f3metro digital dwyer 477av-00, 0 a 4 pulgadas w.c. - Abaa tienda online","isPartOf":{"@id":"https:\/\/abaa.mx\/tienda\/#website"},"primaryImageOfPage":{"@id":"https:\/\/abaa.mx\/tienda\/manometro-digital-dwyer-477av-00-0-a-4-pulgadas-w-c\/#primaryimage"},"image":{"@id":"https:\/\/abaa.mx\/tienda\/manometro-digital-dwyer-477av-00-0-a-4-pulgadas-w-c\/#primaryimage"},"thumbnailUrl":"https:\/\/abaa.mx\/tienda\/wp-content\/uploads\/2023\/09\/477AV-00.jpg","datePublished":"2023-09-29T17:27:49+00:00","dateModified":"2023-09-29T17:27:50+00:00","breadcrumb":{"@id":"https:\/\/abaa.mx\/tienda\/manometro-digital-dwyer-477av-00-0-a-4-pulgadas-w-c\/#breadcrumb"},"inLanguage":"es","potentialAction":[{"@type":"ReadAction","target":["https:\/\/abaa.mx\/tienda\/manometro-digital-dwyer-477av-00-0-a-4-pulgadas-w-c\/"]}]},{"@type":"ImageObject","inLanguage":"es","@id":"https:\/\/abaa.mx\/tienda\/manometro-digital-dwyer-477av-00-0-a-4-pulgadas-w-c\/#primaryimage","url":"https:\/\/abaa.mx\/tienda\/wp-content\/uploads\/2023\/09\/477AV-00.jpg","contentUrl":"https:\/\/abaa.mx\/tienda\/wp-content\/uploads\/2023\/09\/477AV-00.jpg","width":270,"height":500,"caption":"477AV-00"},{"@type":"BreadcrumbList","@id":"https:\/\/abaa.mx\/tienda\/manometro-digital-dwyer-477av-00-0-a-4-pulgadas-w-c\/#breadcrumb","itemListElement":[{"@type":"ListItem","position":1,"name":"Inicio","item":"https:\/\/abaa.mx\/tienda\/"},{"@type":"ListItem","position":2,"name":"Tienda","item":"https:\/\/abaa.mx\/tienda\/"},{"@type":"ListItem","position":3,"name":"man\u00f3metro digital dwyer 477av-00, 0 a 4 pulgadas w.c."}]},{"@type":"WebSite","@id":"https:\/\/abaa.mx\/tienda\/#website","url":"https:\/\/abaa.mx\/tienda\/","name":"Abaa tienda online","description":"Instrumentos de medici\u00f3n","publisher":{"@id":"https:\/\/abaa.mx\/tienda\/#organization"},"potentialAction":[{"@type":"SearchAction","target":{"@type":"EntryPoint","urlTemplate":"https:\/\/abaa.mx\/tienda\/?s={search_term_string}"},"query-input":{"@type":"PropertyValueSpecification","valueRequired":true,"valueName":"search_term_string"}}],"inLanguage":"es"},{"@type":"Organization","@id":"https:\/\/abaa.mx\/tienda\/#organization","name":"Abaa tienda online","url":"https:\/\/abaa.mx\/tienda\/","logo":{"@type":"ImageObject","inLanguage":"es","@id":"https:\/\/abaa.mx\/tienda\/#\/schema\/logo\/image\/","url":"https:\/\/abaa.mx\/tienda\/wp-content\/uploads\/2024\/01\/abaa-metrologia-tienda.png","contentUrl":"https:\/\/abaa.mx\/tienda\/wp-content\/uploads\/2024\/01\/abaa-metrologia-tienda.png","width":300,"height":141,"caption":"Abaa tienda online"},"image":{"@id":"https:\/\/abaa.mx\/tienda\/#\/schema\/logo\/image\/"}}]}},"_links":{"self":[{"href":"https:\/\/abaa.mx\/tienda\/wp-json\/wp\/v2\/product\/3836","targetHints":{"allow":["GET"]}}],"collection":[{"href":"https:\/\/abaa.mx\/tienda\/wp-json\/wp\/v2\/product"}],"about":[{"href":"https:\/\/abaa.mx\/tienda\/wp-json\/wp\/v2\/types\/product"}],"replies":[{"embeddable":true,"href":"https:\/\/abaa.mx\/tienda\/wp-json\/wp\/v2\/comments?post=3836"}],"wp:featuredmedia":[{"embeddable":true,"href":"https:\/\/abaa.mx\/tienda\/wp-json\/wp\/v2\/media\/3842"}],"wp:attachment":[{"href":"https:\/\/abaa.mx\/tienda\/wp-json\/wp\/v2\/media?parent=3836"}],"wp:term":[{"taxonomy":"product_brand","embeddable":true,"href":"https:\/\/abaa.mx\/tienda\/wp-json\/wp\/v2\/product_brand?post=3836"},{"taxonomy":"product_cat","embeddable":true,"href":"https:\/\/abaa.mx\/tienda\/wp-json\/wp\/v2\/product_cat?post=3836"},{"taxonomy":"product_tag","embeddable":true,"href":"https:\/\/abaa.mx\/tienda\/wp-json\/wp\/v2\/product_tag?post=3836"}],"curies":[{"name":"wp","href":"https:\/\/api.w.org\/{rel}","templated":true}]}}