{"id":3828,"date":"2023-09-29T17:46:53","date_gmt":"2023-09-29T17:46:53","guid":{"rendered":"https:\/\/abaa.mx\/tienda\/?post_type=product&#038;p=3828"},"modified":"2023-09-29T17:46:53","modified_gmt":"2023-09-29T17:46:53","slug":"mitutoyo-543-722b-idc-digimatic-indicador","status":"publish","type":"product","link":"https:\/\/abaa.mx\/tienda\/mitutoyo-543-722b-idc-digimatic-indicador\/","title":{"rendered":"Mitutoyo 543-722b idc digimatic indicador"},"content":{"rendered":"<h4>Mitutoyo 543-472B IDC Digimatic Indicador<\/h4>\n<ul>\n<li>Absolute Encoder garantiza que todos los ajustes y lecturas se mantengan durante el ife de la bater\u00eda (incluso cuando se apaga la alimentaci\u00f3n)<\/li>\n<li>Preset, conjunto cero, pulgada\/m\u00e9trica, direcci\u00f3n m\u00e1s o menos y funciones Go\/plus o menos NG<\/li>\n<li>La cara gira 330 \u00b0 Para usar en varios \u00e1ngulos<\/li>\n<li>Di\u00e1metro del v\u00e1stago<\/li>\n<li>Inmune al error de exceso de velocidad<\/li>\n<li>Salida SPC proporcionada<\/li>\n<li>Duraci\u00f3n media de la bater\u00eda 7.000 horas con la bater\u00eda SR-44<\/li>\n<li>Funci\u00f3n de c\u00e1lculo F9x)=Ax<\/li>\n<li>Resoluci\u00f3n: .0005&#8243;\/.0001&#8243;\/0.001mm\/0.01mm<\/li>\n<li>Rango: 1.00 &#8220;\/ 25mm<\/li>\n<li>Tipo de espalda: plana<\/li>\n<\/ul>\n<p>&nbsp;<\/p>\n","protected":false},"excerpt":{"rendered":"<h5>Caracter\u00edsticas<\/h5>\n<ul>\n<li>Absolute Encoder garantiza que todos los ajustes y lecturas se mantengan durante el ife de la bater\u00eda (incluso cuando se apaga la alimentaci\u00f3n)<\/li>\n<li>Preset, conjunto cero, pulgada\/m\u00e9trica, direcci\u00f3n m\u00e1s o menos y funciones Go\/plus o menos NG<\/li>\n<li>La cara gira 330 \u00b0 Para usar en varios \u00e1ngulos<\/li>\n<li>Di\u00e1metro del v\u00e1stago<\/li>\n<li>Inmune al error de exceso de velocidad<\/li>\n<li>Salida SPC proporcionada<\/li>\n<li>Duraci\u00f3n media de la bater\u00eda 7.000 horas con la bater\u00eda SR-44<\/li>\n<li>Funci\u00f3n de c\u00e1lculo F9x)=Ax<\/li>\n<li>Resoluci\u00f3n: .0005&#8243;\/.0001&#8243;\/0.001mm\/0.01mm<\/li>\n<li>Rango: 1.00 &#8220;\/ 25mm<\/li>\n<li>Tipo de espalda: plana<\/li>\n<\/ul>\n","protected":false},"featured_media":3852,"comment_status":"open","ping_status":"closed","template":"","meta":{"_joinchat":[]},"product_brand":[],"product_cat":[15],"product_tag":[],"class_list":{"0":"post-3828","1":"product","2":"type-product","3":"status-publish","4":"has-post-thumbnail","6":"product_cat-sin-categorizar","8":"first","9":"instock","10":"shipping-taxable","11":"product-type-simple"},"yoast_head":"<!-- This site is optimized with the Yoast SEO plugin v26.4 - https:\/\/yoast.com\/wordpress\/plugins\/seo\/ -->\n<title>Mitutoyo 543-722b idc digimatic indicador - Abaa tienda online<\/title>\n<meta name=\"robots\" content=\"index, follow, max-snippet:-1, max-image-preview:large, max-video-preview:-1\" \/>\n<link rel=\"canonical\" href=\"https:\/\/abaa.mx\/tienda\/mitutoyo-543-722b-idc-digimatic-indicador\/\" \/>\n<meta property=\"og:locale\" content=\"es_MX\" \/>\n<meta property=\"og:type\" content=\"article\" \/>\n<meta property=\"og:title\" content=\"Mitutoyo 543-722b idc digimatic indicador - Abaa tienda online\" \/>\n<meta property=\"og:description\" content=\"Caracter\u00edsticas   Absolute Encoder garantiza que todos los ajustes y lecturas se mantengan durante el ife de la bater\u00eda (incluso cuando se apaga la alimentaci\u00f3n)  Preset, conjunto cero, pulgada\/m\u00e9trica, direcci\u00f3n m\u00e1s o menos y funciones Go\/plus o menos NG  La cara gira 330 \u00b0 Para usar en varios \u00e1ngulos  Di\u00e1metro del v\u00e1stago  Inmune al error de exceso de velocidad  Salida SPC proporcionada  Duraci\u00f3n media de la bater\u00eda 7.000 horas con la bater\u00eda SR-44  Funci\u00f3n de c\u00e1lculo F9x)=Ax  Resoluci\u00f3n: .0005&quot;\/.0001&quot;\/0.001mm\/0.01mm  Rango: 1.00 &quot;\/ 25mm  Tipo de espalda: plana\" \/>\n<meta property=\"og:url\" content=\"https:\/\/abaa.mx\/tienda\/mitutoyo-543-722b-idc-digimatic-indicador\/\" \/>\n<meta property=\"og:site_name\" content=\"Abaa tienda online\" \/>\n<meta property=\"og:image\" content=\"https:\/\/abaa.mx\/tienda\/wp-content\/uploads\/2023\/09\/543-722B.jpg\" \/>\n\t<meta property=\"og:image:width\" content=\"270\" \/>\n\t<meta property=\"og:image:height\" content=\"500\" \/>\n\t<meta property=\"og:image:type\" content=\"image\/jpeg\" \/>\n<meta name=\"twitter:card\" content=\"summary_large_image\" \/>\n<meta name=\"twitter:label1\" content=\"Tiempo de lectura\" \/>\n\t<meta name=\"twitter:data1\" content=\"1 minuto\" \/>\n<script type=\"application\/ld+json\" class=\"yoast-schema-graph\">{\"@context\":\"https:\/\/schema.org\",\"@graph\":[{\"@type\":\"WebPage\",\"@id\":\"https:\/\/abaa.mx\/tienda\/mitutoyo-543-722b-idc-digimatic-indicador\/\",\"url\":\"https:\/\/abaa.mx\/tienda\/mitutoyo-543-722b-idc-digimatic-indicador\/\",\"name\":\"Mitutoyo 543-722b idc digimatic indicador - Abaa tienda online\",\"isPartOf\":{\"@id\":\"https:\/\/abaa.mx\/tienda\/#website\"},\"primaryImageOfPage\":{\"@id\":\"https:\/\/abaa.mx\/tienda\/mitutoyo-543-722b-idc-digimatic-indicador\/#primaryimage\"},\"image\":{\"@id\":\"https:\/\/abaa.mx\/tienda\/mitutoyo-543-722b-idc-digimatic-indicador\/#primaryimage\"},\"thumbnailUrl\":\"https:\/\/abaa.mx\/tienda\/wp-content\/uploads\/2023\/09\/543-722B.jpg\",\"datePublished\":\"2023-09-29T17:46:53+00:00\",\"breadcrumb\":{\"@id\":\"https:\/\/abaa.mx\/tienda\/mitutoyo-543-722b-idc-digimatic-indicador\/#breadcrumb\"},\"inLanguage\":\"es\",\"potentialAction\":[{\"@type\":\"ReadAction\",\"target\":[\"https:\/\/abaa.mx\/tienda\/mitutoyo-543-722b-idc-digimatic-indicador\/\"]}]},{\"@type\":\"ImageObject\",\"inLanguage\":\"es\",\"@id\":\"https:\/\/abaa.mx\/tienda\/mitutoyo-543-722b-idc-digimatic-indicador\/#primaryimage\",\"url\":\"https:\/\/abaa.mx\/tienda\/wp-content\/uploads\/2023\/09\/543-722B.jpg\",\"contentUrl\":\"https:\/\/abaa.mx\/tienda\/wp-content\/uploads\/2023\/09\/543-722B.jpg\",\"width\":270,\"height\":500,\"caption\":\"mitutoyo-543-722b-idc-digimatic-indicador\"},{\"@type\":\"BreadcrumbList\",\"@id\":\"https:\/\/abaa.mx\/tienda\/mitutoyo-543-722b-idc-digimatic-indicador\/#breadcrumb\",\"itemListElement\":[{\"@type\":\"ListItem\",\"position\":1,\"name\":\"Inicio\",\"item\":\"https:\/\/abaa.mx\/tienda\/\"},{\"@type\":\"ListItem\",\"position\":2,\"name\":\"Tienda\",\"item\":\"https:\/\/abaa.mx\/tienda\/\"},{\"@type\":\"ListItem\",\"position\":3,\"name\":\"Mitutoyo 543-722b idc digimatic indicador\"}]},{\"@type\":\"WebSite\",\"@id\":\"https:\/\/abaa.mx\/tienda\/#website\",\"url\":\"https:\/\/abaa.mx\/tienda\/\",\"name\":\"Abaa tienda online\",\"description\":\"Instrumentos de medici\u00f3n\",\"publisher\":{\"@id\":\"https:\/\/abaa.mx\/tienda\/#organization\"},\"potentialAction\":[{\"@type\":\"SearchAction\",\"target\":{\"@type\":\"EntryPoint\",\"urlTemplate\":\"https:\/\/abaa.mx\/tienda\/?s={search_term_string}\"},\"query-input\":{\"@type\":\"PropertyValueSpecification\",\"valueRequired\":true,\"valueName\":\"search_term_string\"}}],\"inLanguage\":\"es\"},{\"@type\":\"Organization\",\"@id\":\"https:\/\/abaa.mx\/tienda\/#organization\",\"name\":\"Abaa tienda online\",\"url\":\"https:\/\/abaa.mx\/tienda\/\",\"logo\":{\"@type\":\"ImageObject\",\"inLanguage\":\"es\",\"@id\":\"https:\/\/abaa.mx\/tienda\/#\/schema\/logo\/image\/\",\"url\":\"https:\/\/abaa.mx\/tienda\/wp-content\/uploads\/2024\/01\/abaa-metrologia-tienda.png\",\"contentUrl\":\"https:\/\/abaa.mx\/tienda\/wp-content\/uploads\/2024\/01\/abaa-metrologia-tienda.png\",\"width\":300,\"height\":141,\"caption\":\"Abaa tienda online\"},\"image\":{\"@id\":\"https:\/\/abaa.mx\/tienda\/#\/schema\/logo\/image\/\"}}]}<\/script>\n<!-- \/ Yoast SEO plugin. -->","yoast_head_json":{"title":"Mitutoyo 543-722b idc digimatic indicador - Abaa tienda online","robots":{"index":"index","follow":"follow","max-snippet":"max-snippet:-1","max-image-preview":"max-image-preview:large","max-video-preview":"max-video-preview:-1"},"canonical":"https:\/\/abaa.mx\/tienda\/mitutoyo-543-722b-idc-digimatic-indicador\/","og_locale":"es_MX","og_type":"article","og_title":"Mitutoyo 543-722b idc digimatic indicador - Abaa tienda online","og_description":"Caracter\u00edsticas   Absolute Encoder garantiza que todos los ajustes y lecturas se mantengan durante el ife de la bater\u00eda (incluso cuando se apaga la alimentaci\u00f3n)  Preset, conjunto cero, pulgada\/m\u00e9trica, direcci\u00f3n m\u00e1s o menos y funciones Go\/plus o menos NG  La cara gira 330 \u00b0 Para usar en varios \u00e1ngulos  Di\u00e1metro del v\u00e1stago  Inmune al error de exceso de velocidad  Salida SPC proporcionada  Duraci\u00f3n media de la bater\u00eda 7.000 horas con la bater\u00eda SR-44  Funci\u00f3n de c\u00e1lculo F9x)=Ax  Resoluci\u00f3n: .0005\"\/.0001\"\/0.001mm\/0.01mm  Rango: 1.00 \"\/ 25mm  Tipo de espalda: plana","og_url":"https:\/\/abaa.mx\/tienda\/mitutoyo-543-722b-idc-digimatic-indicador\/","og_site_name":"Abaa tienda online","og_image":[{"width":270,"height":500,"url":"https:\/\/abaa.mx\/tienda\/wp-content\/uploads\/2023\/09\/543-722B.jpg","type":"image\/jpeg"}],"twitter_card":"summary_large_image","twitter_misc":{"Tiempo de lectura":"1 minuto"},"schema":{"@context":"https:\/\/schema.org","@graph":[{"@type":"WebPage","@id":"https:\/\/abaa.mx\/tienda\/mitutoyo-543-722b-idc-digimatic-indicador\/","url":"https:\/\/abaa.mx\/tienda\/mitutoyo-543-722b-idc-digimatic-indicador\/","name":"Mitutoyo 543-722b idc digimatic indicador - Abaa tienda online","isPartOf":{"@id":"https:\/\/abaa.mx\/tienda\/#website"},"primaryImageOfPage":{"@id":"https:\/\/abaa.mx\/tienda\/mitutoyo-543-722b-idc-digimatic-indicador\/#primaryimage"},"image":{"@id":"https:\/\/abaa.mx\/tienda\/mitutoyo-543-722b-idc-digimatic-indicador\/#primaryimage"},"thumbnailUrl":"https:\/\/abaa.mx\/tienda\/wp-content\/uploads\/2023\/09\/543-722B.jpg","datePublished":"2023-09-29T17:46:53+00:00","breadcrumb":{"@id":"https:\/\/abaa.mx\/tienda\/mitutoyo-543-722b-idc-digimatic-indicador\/#breadcrumb"},"inLanguage":"es","potentialAction":[{"@type":"ReadAction","target":["https:\/\/abaa.mx\/tienda\/mitutoyo-543-722b-idc-digimatic-indicador\/"]}]},{"@type":"ImageObject","inLanguage":"es","@id":"https:\/\/abaa.mx\/tienda\/mitutoyo-543-722b-idc-digimatic-indicador\/#primaryimage","url":"https:\/\/abaa.mx\/tienda\/wp-content\/uploads\/2023\/09\/543-722B.jpg","contentUrl":"https:\/\/abaa.mx\/tienda\/wp-content\/uploads\/2023\/09\/543-722B.jpg","width":270,"height":500,"caption":"mitutoyo-543-722b-idc-digimatic-indicador"},{"@type":"BreadcrumbList","@id":"https:\/\/abaa.mx\/tienda\/mitutoyo-543-722b-idc-digimatic-indicador\/#breadcrumb","itemListElement":[{"@type":"ListItem","position":1,"name":"Inicio","item":"https:\/\/abaa.mx\/tienda\/"},{"@type":"ListItem","position":2,"name":"Tienda","item":"https:\/\/abaa.mx\/tienda\/"},{"@type":"ListItem","position":3,"name":"Mitutoyo 543-722b idc digimatic indicador"}]},{"@type":"WebSite","@id":"https:\/\/abaa.mx\/tienda\/#website","url":"https:\/\/abaa.mx\/tienda\/","name":"Abaa tienda online","description":"Instrumentos de medici\u00f3n","publisher":{"@id":"https:\/\/abaa.mx\/tienda\/#organization"},"potentialAction":[{"@type":"SearchAction","target":{"@type":"EntryPoint","urlTemplate":"https:\/\/abaa.mx\/tienda\/?s={search_term_string}"},"query-input":{"@type":"PropertyValueSpecification","valueRequired":true,"valueName":"search_term_string"}}],"inLanguage":"es"},{"@type":"Organization","@id":"https:\/\/abaa.mx\/tienda\/#organization","name":"Abaa tienda online","url":"https:\/\/abaa.mx\/tienda\/","logo":{"@type":"ImageObject","inLanguage":"es","@id":"https:\/\/abaa.mx\/tienda\/#\/schema\/logo\/image\/","url":"https:\/\/abaa.mx\/tienda\/wp-content\/uploads\/2024\/01\/abaa-metrologia-tienda.png","contentUrl":"https:\/\/abaa.mx\/tienda\/wp-content\/uploads\/2024\/01\/abaa-metrologia-tienda.png","width":300,"height":141,"caption":"Abaa tienda online"},"image":{"@id":"https:\/\/abaa.mx\/tienda\/#\/schema\/logo\/image\/"}}]}},"_links":{"self":[{"href":"https:\/\/abaa.mx\/tienda\/wp-json\/wp\/v2\/product\/3828","targetHints":{"allow":["GET"]}}],"collection":[{"href":"https:\/\/abaa.mx\/tienda\/wp-json\/wp\/v2\/product"}],"about":[{"href":"https:\/\/abaa.mx\/tienda\/wp-json\/wp\/v2\/types\/product"}],"replies":[{"embeddable":true,"href":"https:\/\/abaa.mx\/tienda\/wp-json\/wp\/v2\/comments?post=3828"}],"wp:featuredmedia":[{"embeddable":true,"href":"https:\/\/abaa.mx\/tienda\/wp-json\/wp\/v2\/media\/3852"}],"wp:attachment":[{"href":"https:\/\/abaa.mx\/tienda\/wp-json\/wp\/v2\/media?parent=3828"}],"wp:term":[{"taxonomy":"product_brand","embeddable":true,"href":"https:\/\/abaa.mx\/tienda\/wp-json\/wp\/v2\/product_brand?post=3828"},{"taxonomy":"product_cat","embeddable":true,"href":"https:\/\/abaa.mx\/tienda\/wp-json\/wp\/v2\/product_cat?post=3828"},{"taxonomy":"product_tag","embeddable":true,"href":"https:\/\/abaa.mx\/tienda\/wp-json\/wp\/v2\/product_tag?post=3828"}],"curies":[{"name":"wp","href":"https:\/\/api.w.org\/{rel}","templated":true}]}}