{"id":3801,"date":"2023-09-29T17:06:20","date_gmt":"2023-09-29T17:06:20","guid":{"rendered":"https:\/\/abaa.mx\/tienda\/?post_type=product&#038;p=3801"},"modified":"2023-09-29T17:06:21","modified_gmt":"2023-09-29T17:06:21","slug":"dwyer-252-af-manometro-inclinado-indicador-de-filtro-de-aire-con-escala-inclinada-de-8-0-20-0-2","status":"publish","type":"product","link":"https:\/\/abaa.mx\/tienda\/dwyer-252-af-manometro-inclinado-indicador-de-filtro-de-aire-con-escala-inclinada-de-8-0-20-0-2\/","title":{"rendered":"dwyer 252-af man\u00f3metro inclinado indicador de filtro de aire con escala inclinada de 8&#8243;, 0.20-0-2&#8243;"},"content":{"rendered":"<h4>Dwyer 252-AF Ofertas<\/h4>\n<p><strong>Funciones<\/strong><\/p>\n<ul>\n<li>Alta precisi\u00f3n y f\u00e1cil de usar, lo que lo convierte en un dispositivo confiable durante muchos a\u00f1os de servicio<\/li>\n<li>La escala inclinada pulida f\u00e1cil de leer permite leer diferencias de presi\u00f3n m\u00ednimas<\/li>\n<li>Sin piezas m\u00f3viles significa que no hay calibraci\u00f3n o nada que se desgaste<\/li>\n<li>Pl\u00e1stico acr\u00edlico s\u00f3lido mecanizado con precisi\u00f3n de 1&#8243; (2,54 cm) de espesor, pr\u00e1cticamente irrompible y libre de distorsi\u00f3n<\/li>\n<li>El orificio del fluido se perfora con precisi\u00f3n hasta \u00b10.0002&#8243; (0.0005 cm) para garantizar una precisi\u00f3n de por vida<\/li>\n<li>Un nivel de alcohol de vidrio est\u00e1 integrado en el cuerpo y encapsulado para evitar da\u00f1os o manipulaciones.<\/li>\n<li>La escala es de lat\u00f3n cromado pulido espejo para asegurar una lectura libre de paralaje mediante la alineaci\u00f3n del menisco con su reflejo<\/li>\n<li>Las trampas de seguridad est\u00e1n incorporadas en el cuerpo para evitar la p\u00e9rdida de l\u00edquido debido a sobretensiones de presi\u00f3n.<\/li>\n<li>Las banderas de se\u00f1al rojas y verdes indican claramente cu\u00e1ndo es necesario un cambio de filtro<\/li>\n<li>Los medidores son adecuados para su uso en temperaturas ambiente de -20 a 150 \u00b0 F (-28.8 a 65.5 \u00b0 C)<\/li>\n<li>Los accesorios de conexi\u00f3n est\u00e1n sellados positivamente, pero se retiran f\u00e1cilmente para la puesta a cero o la adici\u00f3n de fluido<\/li>\n<\/ul>\n<p><strong>Aplicaciones<\/strong><\/p>\n<ul>\n<li>Indicador del filtro de aire<\/li>\n<\/ul>\n<h4>Dwyer 252-AF Especificaciones<\/h4>\n<table class=\"table table-striped\">\n<tbody>\n<tr>\n<td>Rango de columna de agua<\/td>\n<td>0.2-0-2&#8243;<\/td>\n<\/tr>\n<tr>\n<td>Divisiones menores<\/td>\n<td>0.2&#8243;<\/td>\n<\/tr>\n<tr>\n<td>Longitud de escala inclinada<\/td>\n<td>8,203 mm (2&#8243;)<\/td>\n<\/tr>\n<tr>\n<td>Exactitud<\/td>\n<td>\u00b11% de escala real<\/td>\n<\/tr>\n<tr>\n<td>Temperatura ambiente<\/td>\n<td>-20 a 150\u00b0F (-28.8 a 65.5\u00b0C)<\/td>\n<\/tr>\n<tr>\n<td>Dimensiones<\/td>\n<td>11,13 x 6,5 x 1&#8243; (282,58 x 165,1 x 25,4 mm)<\/td>\n<\/tr>\n<\/tbody>\n<\/table>\n","protected":false},"excerpt":{"rendered":"<p>Ideal para arquitectos e ingenieros, este medidor de filtro de aire de man\u00f3metro inclinado est\u00e1 hecho de acr\u00edlico s\u00f3lido, est\u00e1 mecanizado con precisi\u00f3n y tiene una precisi\u00f3n del \u00b11% de la escala completa. Adem\u00e1s, este medidor cuenta con un nivel de alcohol de vidrio encapsulado incorporado en el cuerpo para evitar da\u00f1os o manipulaciones.<\/p>\n","protected":false},"featured_media":3819,"comment_status":"open","ping_status":"closed","template":"","meta":{"_joinchat":[]},"product_brand":[],"product_cat":[15],"product_tag":[],"class_list":{"0":"post-3801","1":"product","2":"type-product","3":"status-publish","4":"has-post-thumbnail","6":"product_cat-sin-categorizar","8":"first","9":"instock","10":"shipping-taxable","11":"product-type-simple"},"yoast_head":"<!-- This site is optimized with the Yoast SEO plugin v26.4 - https:\/\/yoast.com\/wordpress\/plugins\/seo\/ -->\n<title>dwyer 252-af man\u00f3metro inclinado indicador de filtro de aire con escala inclinada de 8&quot;, 0.20-0-2&quot; - Abaa tienda online<\/title>\n<meta name=\"robots\" content=\"index, follow, max-snippet:-1, max-image-preview:large, max-video-preview:-1\" \/>\n<link rel=\"canonical\" href=\"https:\/\/abaa.mx\/tienda\/dwyer-252-af-manometro-inclinado-indicador-de-filtro-de-aire-con-escala-inclinada-de-8-0-20-0-2\/\" \/>\n<meta property=\"og:locale\" content=\"es_MX\" \/>\n<meta property=\"og:type\" content=\"article\" \/>\n<meta property=\"og:title\" content=\"dwyer 252-af man\u00f3metro inclinado indicador de filtro de aire con escala inclinada de 8&quot;, 0.20-0-2&quot; - Abaa tienda online\" \/>\n<meta property=\"og:description\" content=\"Ideal para arquitectos e ingenieros, este medidor de filtro de aire de man\u00f3metro inclinado est\u00e1 hecho de acr\u00edlico s\u00f3lido, est\u00e1 mecanizado con precisi\u00f3n y tiene una precisi\u00f3n del \u00b11% de la escala completa. Adem\u00e1s, este medidor cuenta con un nivel de alcohol de vidrio encapsulado incorporado en el cuerpo para evitar da\u00f1os o manipulaciones.\" \/>\n<meta property=\"og:url\" content=\"https:\/\/abaa.mx\/tienda\/dwyer-252-af-manometro-inclinado-indicador-de-filtro-de-aire-con-escala-inclinada-de-8-0-20-0-2\/\" \/>\n<meta property=\"og:site_name\" content=\"Abaa tienda online\" \/>\n<meta property=\"article:modified_time\" content=\"2023-09-29T17:06:21+00:00\" \/>\n<meta property=\"og:image\" content=\"https:\/\/abaa.mx\/tienda\/wp-content\/uploads\/2023\/09\/251-AF-1.jpg\" \/>\n\t<meta property=\"og:image:width\" content=\"270\" \/>\n\t<meta property=\"og:image:height\" content=\"270\" \/>\n\t<meta property=\"og:image:type\" content=\"image\/jpeg\" \/>\n<meta name=\"twitter:card\" content=\"summary_large_image\" \/>\n<meta name=\"twitter:label1\" content=\"Tiempo de lectura\" \/>\n\t<meta name=\"twitter:data1\" content=\"2 minutos\" \/>\n<script type=\"application\/ld+json\" class=\"yoast-schema-graph\">{\"@context\":\"https:\/\/schema.org\",\"@graph\":[{\"@type\":\"WebPage\",\"@id\":\"https:\/\/abaa.mx\/tienda\/dwyer-252-af-manometro-inclinado-indicador-de-filtro-de-aire-con-escala-inclinada-de-8-0-20-0-2\/\",\"url\":\"https:\/\/abaa.mx\/tienda\/dwyer-252-af-manometro-inclinado-indicador-de-filtro-de-aire-con-escala-inclinada-de-8-0-20-0-2\/\",\"name\":\"dwyer 252-af man\u00f3metro inclinado indicador de filtro de aire con escala inclinada de 8\\\", 0.20-0-2\\\" - Abaa tienda online\",\"isPartOf\":{\"@id\":\"https:\/\/abaa.mx\/tienda\/#website\"},\"primaryImageOfPage\":{\"@id\":\"https:\/\/abaa.mx\/tienda\/dwyer-252-af-manometro-inclinado-indicador-de-filtro-de-aire-con-escala-inclinada-de-8-0-20-0-2\/#primaryimage\"},\"image\":{\"@id\":\"https:\/\/abaa.mx\/tienda\/dwyer-252-af-manometro-inclinado-indicador-de-filtro-de-aire-con-escala-inclinada-de-8-0-20-0-2\/#primaryimage\"},\"thumbnailUrl\":\"https:\/\/abaa.mx\/tienda\/wp-content\/uploads\/2023\/09\/251-AF-1.jpg\",\"datePublished\":\"2023-09-29T17:06:20+00:00\",\"dateModified\":\"2023-09-29T17:06:21+00:00\",\"breadcrumb\":{\"@id\":\"https:\/\/abaa.mx\/tienda\/dwyer-252-af-manometro-inclinado-indicador-de-filtro-de-aire-con-escala-inclinada-de-8-0-20-0-2\/#breadcrumb\"},\"inLanguage\":\"es\",\"potentialAction\":[{\"@type\":\"ReadAction\",\"target\":[\"https:\/\/abaa.mx\/tienda\/dwyer-252-af-manometro-inclinado-indicador-de-filtro-de-aire-con-escala-inclinada-de-8-0-20-0-2\/\"]}]},{\"@type\":\"ImageObject\",\"inLanguage\":\"es\",\"@id\":\"https:\/\/abaa.mx\/tienda\/dwyer-252-af-manometro-inclinado-indicador-de-filtro-de-aire-con-escala-inclinada-de-8-0-20-0-2\/#primaryimage\",\"url\":\"https:\/\/abaa.mx\/tienda\/wp-content\/uploads\/2023\/09\/251-AF-1.jpg\",\"contentUrl\":\"https:\/\/abaa.mx\/tienda\/wp-content\/uploads\/2023\/09\/251-AF-1.jpg\",\"width\":270,\"height\":270,\"caption\":\"251-AF\"},{\"@type\":\"BreadcrumbList\",\"@id\":\"https:\/\/abaa.mx\/tienda\/dwyer-252-af-manometro-inclinado-indicador-de-filtro-de-aire-con-escala-inclinada-de-8-0-20-0-2\/#breadcrumb\",\"itemListElement\":[{\"@type\":\"ListItem\",\"position\":1,\"name\":\"Inicio\",\"item\":\"https:\/\/abaa.mx\/tienda\/\"},{\"@type\":\"ListItem\",\"position\":2,\"name\":\"Tienda\",\"item\":\"https:\/\/abaa.mx\/tienda\/\"},{\"@type\":\"ListItem\",\"position\":3,\"name\":\"dwyer 252-af man\u00f3metro inclinado indicador de filtro de aire con escala inclinada de 8&#8243;, 0.20-0-2&#8243;\"}]},{\"@type\":\"WebSite\",\"@id\":\"https:\/\/abaa.mx\/tienda\/#website\",\"url\":\"https:\/\/abaa.mx\/tienda\/\",\"name\":\"Abaa tienda online\",\"description\":\"Instrumentos de medici\u00f3n\",\"publisher\":{\"@id\":\"https:\/\/abaa.mx\/tienda\/#organization\"},\"potentialAction\":[{\"@type\":\"SearchAction\",\"target\":{\"@type\":\"EntryPoint\",\"urlTemplate\":\"https:\/\/abaa.mx\/tienda\/?s={search_term_string}\"},\"query-input\":{\"@type\":\"PropertyValueSpecification\",\"valueRequired\":true,\"valueName\":\"search_term_string\"}}],\"inLanguage\":\"es\"},{\"@type\":\"Organization\",\"@id\":\"https:\/\/abaa.mx\/tienda\/#organization\",\"name\":\"Abaa tienda online\",\"url\":\"https:\/\/abaa.mx\/tienda\/\",\"logo\":{\"@type\":\"ImageObject\",\"inLanguage\":\"es\",\"@id\":\"https:\/\/abaa.mx\/tienda\/#\/schema\/logo\/image\/\",\"url\":\"https:\/\/abaa.mx\/tienda\/wp-content\/uploads\/2024\/01\/abaa-metrologia-tienda.png\",\"contentUrl\":\"https:\/\/abaa.mx\/tienda\/wp-content\/uploads\/2024\/01\/abaa-metrologia-tienda.png\",\"width\":300,\"height\":141,\"caption\":\"Abaa tienda online\"},\"image\":{\"@id\":\"https:\/\/abaa.mx\/tienda\/#\/schema\/logo\/image\/\"}}]}<\/script>\n<!-- \/ Yoast SEO plugin. -->","yoast_head_json":{"title":"dwyer 252-af man\u00f3metro inclinado indicador de filtro de aire con escala inclinada de 8\", 0.20-0-2\" - Abaa tienda online","robots":{"index":"index","follow":"follow","max-snippet":"max-snippet:-1","max-image-preview":"max-image-preview:large","max-video-preview":"max-video-preview:-1"},"canonical":"https:\/\/abaa.mx\/tienda\/dwyer-252-af-manometro-inclinado-indicador-de-filtro-de-aire-con-escala-inclinada-de-8-0-20-0-2\/","og_locale":"es_MX","og_type":"article","og_title":"dwyer 252-af man\u00f3metro inclinado indicador de filtro de aire con escala inclinada de 8\", 0.20-0-2\" - Abaa tienda online","og_description":"Ideal para arquitectos e ingenieros, este medidor de filtro de aire de man\u00f3metro inclinado est\u00e1 hecho de acr\u00edlico s\u00f3lido, est\u00e1 mecanizado con precisi\u00f3n y tiene una precisi\u00f3n del \u00b11% de la escala completa. Adem\u00e1s, este medidor cuenta con un nivel de alcohol de vidrio encapsulado incorporado en el cuerpo para evitar da\u00f1os o manipulaciones.","og_url":"https:\/\/abaa.mx\/tienda\/dwyer-252-af-manometro-inclinado-indicador-de-filtro-de-aire-con-escala-inclinada-de-8-0-20-0-2\/","og_site_name":"Abaa tienda online","article_modified_time":"2023-09-29T17:06:21+00:00","og_image":[{"width":270,"height":270,"url":"https:\/\/abaa.mx\/tienda\/wp-content\/uploads\/2023\/09\/251-AF-1.jpg","type":"image\/jpeg"}],"twitter_card":"summary_large_image","twitter_misc":{"Tiempo de lectura":"2 minutos"},"schema":{"@context":"https:\/\/schema.org","@graph":[{"@type":"WebPage","@id":"https:\/\/abaa.mx\/tienda\/dwyer-252-af-manometro-inclinado-indicador-de-filtro-de-aire-con-escala-inclinada-de-8-0-20-0-2\/","url":"https:\/\/abaa.mx\/tienda\/dwyer-252-af-manometro-inclinado-indicador-de-filtro-de-aire-con-escala-inclinada-de-8-0-20-0-2\/","name":"dwyer 252-af man\u00f3metro inclinado indicador de filtro de aire con escala inclinada de 8\", 0.20-0-2\" - Abaa tienda online","isPartOf":{"@id":"https:\/\/abaa.mx\/tienda\/#website"},"primaryImageOfPage":{"@id":"https:\/\/abaa.mx\/tienda\/dwyer-252-af-manometro-inclinado-indicador-de-filtro-de-aire-con-escala-inclinada-de-8-0-20-0-2\/#primaryimage"},"image":{"@id":"https:\/\/abaa.mx\/tienda\/dwyer-252-af-manometro-inclinado-indicador-de-filtro-de-aire-con-escala-inclinada-de-8-0-20-0-2\/#primaryimage"},"thumbnailUrl":"https:\/\/abaa.mx\/tienda\/wp-content\/uploads\/2023\/09\/251-AF-1.jpg","datePublished":"2023-09-29T17:06:20+00:00","dateModified":"2023-09-29T17:06:21+00:00","breadcrumb":{"@id":"https:\/\/abaa.mx\/tienda\/dwyer-252-af-manometro-inclinado-indicador-de-filtro-de-aire-con-escala-inclinada-de-8-0-20-0-2\/#breadcrumb"},"inLanguage":"es","potentialAction":[{"@type":"ReadAction","target":["https:\/\/abaa.mx\/tienda\/dwyer-252-af-manometro-inclinado-indicador-de-filtro-de-aire-con-escala-inclinada-de-8-0-20-0-2\/"]}]},{"@type":"ImageObject","inLanguage":"es","@id":"https:\/\/abaa.mx\/tienda\/dwyer-252-af-manometro-inclinado-indicador-de-filtro-de-aire-con-escala-inclinada-de-8-0-20-0-2\/#primaryimage","url":"https:\/\/abaa.mx\/tienda\/wp-content\/uploads\/2023\/09\/251-AF-1.jpg","contentUrl":"https:\/\/abaa.mx\/tienda\/wp-content\/uploads\/2023\/09\/251-AF-1.jpg","width":270,"height":270,"caption":"251-AF"},{"@type":"BreadcrumbList","@id":"https:\/\/abaa.mx\/tienda\/dwyer-252-af-manometro-inclinado-indicador-de-filtro-de-aire-con-escala-inclinada-de-8-0-20-0-2\/#breadcrumb","itemListElement":[{"@type":"ListItem","position":1,"name":"Inicio","item":"https:\/\/abaa.mx\/tienda\/"},{"@type":"ListItem","position":2,"name":"Tienda","item":"https:\/\/abaa.mx\/tienda\/"},{"@type":"ListItem","position":3,"name":"dwyer 252-af man\u00f3metro inclinado indicador de filtro de aire con escala inclinada de 8&#8243;, 0.20-0-2&#8243;"}]},{"@type":"WebSite","@id":"https:\/\/abaa.mx\/tienda\/#website","url":"https:\/\/abaa.mx\/tienda\/","name":"Abaa tienda online","description":"Instrumentos de medici\u00f3n","publisher":{"@id":"https:\/\/abaa.mx\/tienda\/#organization"},"potentialAction":[{"@type":"SearchAction","target":{"@type":"EntryPoint","urlTemplate":"https:\/\/abaa.mx\/tienda\/?s={search_term_string}"},"query-input":{"@type":"PropertyValueSpecification","valueRequired":true,"valueName":"search_term_string"}}],"inLanguage":"es"},{"@type":"Organization","@id":"https:\/\/abaa.mx\/tienda\/#organization","name":"Abaa tienda online","url":"https:\/\/abaa.mx\/tienda\/","logo":{"@type":"ImageObject","inLanguage":"es","@id":"https:\/\/abaa.mx\/tienda\/#\/schema\/logo\/image\/","url":"https:\/\/abaa.mx\/tienda\/wp-content\/uploads\/2024\/01\/abaa-metrologia-tienda.png","contentUrl":"https:\/\/abaa.mx\/tienda\/wp-content\/uploads\/2024\/01\/abaa-metrologia-tienda.png","width":300,"height":141,"caption":"Abaa tienda online"},"image":{"@id":"https:\/\/abaa.mx\/tienda\/#\/schema\/logo\/image\/"}}]}},"_links":{"self":[{"href":"https:\/\/abaa.mx\/tienda\/wp-json\/wp\/v2\/product\/3801","targetHints":{"allow":["GET"]}}],"collection":[{"href":"https:\/\/abaa.mx\/tienda\/wp-json\/wp\/v2\/product"}],"about":[{"href":"https:\/\/abaa.mx\/tienda\/wp-json\/wp\/v2\/types\/product"}],"replies":[{"embeddable":true,"href":"https:\/\/abaa.mx\/tienda\/wp-json\/wp\/v2\/comments?post=3801"}],"wp:featuredmedia":[{"embeddable":true,"href":"https:\/\/abaa.mx\/tienda\/wp-json\/wp\/v2\/media\/3819"}],"wp:attachment":[{"href":"https:\/\/abaa.mx\/tienda\/wp-json\/wp\/v2\/media?parent=3801"}],"wp:term":[{"taxonomy":"product_brand","embeddable":true,"href":"https:\/\/abaa.mx\/tienda\/wp-json\/wp\/v2\/product_brand?post=3801"},{"taxonomy":"product_cat","embeddable":true,"href":"https:\/\/abaa.mx\/tienda\/wp-json\/wp\/v2\/product_cat?post=3801"},{"taxonomy":"product_tag","embeddable":true,"href":"https:\/\/abaa.mx\/tienda\/wp-json\/wp\/v2\/product_tag?post=3801"}],"curies":[{"name":"wp","href":"https:\/\/api.w.org\/{rel}","templated":true}]}}