{"id":3789,"date":"2023-09-29T17:06:24","date_gmt":"2023-09-29T17:06:24","guid":{"rendered":"https:\/\/abaa.mx\/tienda\/?post_type=product&#038;p=3789"},"modified":"2023-09-29T17:06:25","modified_gmt":"2023-09-29T17:06:25","slug":"mitutoyo-293-831-30-micrometro-digimatico-serie-293-mdc-lite","status":"publish","type":"product","link":"https:\/\/abaa.mx\/tienda\/mitutoyo-293-831-30-micrometro-digimatico-serie-293-mdc-lite\/","title":{"rendered":"Mitutoyo 293-831-30 micr\u00f3metro digim\u00e1tico serie 293 mdc-lite"},"content":{"rendered":"<h4>Mitutoyo 293-831-30 Micr\u00f3metro Digim\u00e1tico Serie 293 MDC-Lite<\/h4>\n<ul>\n<li>Se proporciona solo con una clave de conjunto cero para facilitar la configuraci\u00f3n del origen.<\/li>\n<li>Un tope de trinquete o un dedal de fricci\u00f3n para una fuerza de medici\u00f3n constante.<\/li>\n<li>Lectura de medici\u00f3n con caracteres grandes en la pantalla LCD.<\/li>\n<li>Sin abrazadera de husillo. Sin salida de datos<\/li>\n<li>Se suministra en caja de pl\u00e1stico ajustada<\/li>\n<\/ul>\n<p>Precisi\u00f3n de\u00a0<strong>los datos<\/strong><br \/>\nt\u00e9cnicos: Consulte la lista de especificaciones.<br \/>\n(excluyendo el error de cuantificaci\u00f3n) Resoluci\u00f3n: 0.001mm o .00005&#8243;\/0.001mm<br \/>\nPlanitud: 0.3\u03bcm \/ .000012&#8243; Paralelismo: 2\u03bcm \/ .00008&#8243;<\/p>\n<p>Caras de medici\u00f3n<br \/>\n: Punta de carburo Pantalla: LCD<br \/>\nBater\u00eda: SR44 (1 ud.),<strong>\u00a0938882<\/strong><br \/>\nDuraci\u00f3n de la bater\u00eda: Aprox. 1,2 a\u00f1os en uso<br \/>\nnormal\u00a0<strong>Funci\u00f3n<\/strong><br \/>\nOrigin-set, encendido \/ apagado autom\u00e1tico, conversi\u00f3n<br \/>\nde pulgadas \/ mm (modelos de pulgadas \/ mm)<\/p>\n<p>Alarma: Baja tensi\u00f3n, error de composici\u00f3n de valor de conteo<\/p>\n<p>&nbsp;<\/p>\n","protected":false},"excerpt":{"rendered":"<h5>Caracter\u00edsticas<\/h5>\n<ul>\n<li>Se proporciona solo con una clave de conjunto cero para facilitar la configuraci\u00f3n del origen.<\/li>\n<li>Un tope de trinquete o un dedal de fricci\u00f3n para una fuerza de medici\u00f3n constante.<\/li>\n<li>Lectura de medici\u00f3n con caracteres grandes en la pantalla LCD.<\/li>\n<li>Sin abrazadera de husillo. Sin salida de datos<\/li>\n<li>Se suministra en caja de pl\u00e1stico ajustada<\/li>\n<\/ul>\n","protected":false},"featured_media":3812,"comment_status":"open","ping_status":"closed","template":"","meta":{"_joinchat":[]},"product_brand":[],"product_cat":[15],"product_tag":[],"class_list":{"0":"post-3789","1":"product","2":"type-product","3":"status-publish","4":"has-post-thumbnail","6":"product_cat-sin-categorizar","8":"first","9":"instock","10":"shipping-taxable","11":"product-type-simple"},"yoast_head":"<!-- This site is optimized with the Yoast SEO plugin v26.4 - https:\/\/yoast.com\/wordpress\/plugins\/seo\/ -->\n<title>Mitutoyo 293-831-30 micr\u00f3metro digim\u00e1tico serie 293 mdc-lite - Abaa tienda online<\/title>\n<meta name=\"robots\" content=\"index, follow, max-snippet:-1, max-image-preview:large, max-video-preview:-1\" \/>\n<link rel=\"canonical\" href=\"https:\/\/abaa.mx\/tienda\/mitutoyo-293-831-30-micrometro-digimatico-serie-293-mdc-lite\/\" \/>\n<meta property=\"og:locale\" content=\"es_MX\" \/>\n<meta property=\"og:type\" content=\"article\" \/>\n<meta property=\"og:title\" content=\"Mitutoyo 293-831-30 micr\u00f3metro digim\u00e1tico serie 293 mdc-lite - Abaa tienda online\" \/>\n<meta property=\"og:description\" content=\"Caracter\u00edsticas   Se proporciona solo con una clave de conjunto cero para facilitar la configuraci\u00f3n del origen.  Un tope de trinquete o un dedal de fricci\u00f3n para una fuerza de medici\u00f3n constante.  Lectura de medici\u00f3n con caracteres grandes en la pantalla LCD.  Sin abrazadera de husillo. Sin salida de datos  Se suministra en caja de pl\u00e1stico ajustada\" \/>\n<meta property=\"og:url\" content=\"https:\/\/abaa.mx\/tienda\/mitutoyo-293-831-30-micrometro-digimatico-serie-293-mdc-lite\/\" \/>\n<meta property=\"og:site_name\" content=\"Abaa tienda online\" \/>\n<meta property=\"article:modified_time\" content=\"2023-09-29T17:06:25+00:00\" \/>\n<meta property=\"og:image\" content=\"https:\/\/abaa.mx\/tienda\/wp-content\/uploads\/2023\/09\/293-831-30.jpg\" \/>\n\t<meta property=\"og:image:width\" content=\"270\" \/>\n\t<meta property=\"og:image:height\" content=\"500\" \/>\n\t<meta property=\"og:image:type\" content=\"image\/jpeg\" \/>\n<meta name=\"twitter:card\" content=\"summary_large_image\" \/>\n<meta name=\"twitter:label1\" content=\"Tiempo de lectura\" \/>\n\t<meta name=\"twitter:data1\" content=\"1 minuto\" \/>\n<script type=\"application\/ld+json\" class=\"yoast-schema-graph\">{\"@context\":\"https:\/\/schema.org\",\"@graph\":[{\"@type\":\"WebPage\",\"@id\":\"https:\/\/abaa.mx\/tienda\/mitutoyo-293-831-30-micrometro-digimatico-serie-293-mdc-lite\/\",\"url\":\"https:\/\/abaa.mx\/tienda\/mitutoyo-293-831-30-micrometro-digimatico-serie-293-mdc-lite\/\",\"name\":\"Mitutoyo 293-831-30 micr\u00f3metro digim\u00e1tico serie 293 mdc-lite - Abaa tienda online\",\"isPartOf\":{\"@id\":\"https:\/\/abaa.mx\/tienda\/#website\"},\"primaryImageOfPage\":{\"@id\":\"https:\/\/abaa.mx\/tienda\/mitutoyo-293-831-30-micrometro-digimatico-serie-293-mdc-lite\/#primaryimage\"},\"image\":{\"@id\":\"https:\/\/abaa.mx\/tienda\/mitutoyo-293-831-30-micrometro-digimatico-serie-293-mdc-lite\/#primaryimage\"},\"thumbnailUrl\":\"https:\/\/abaa.mx\/tienda\/wp-content\/uploads\/2023\/09\/293-831-30.jpg\",\"datePublished\":\"2023-09-29T17:06:24+00:00\",\"dateModified\":\"2023-09-29T17:06:25+00:00\",\"breadcrumb\":{\"@id\":\"https:\/\/abaa.mx\/tienda\/mitutoyo-293-831-30-micrometro-digimatico-serie-293-mdc-lite\/#breadcrumb\"},\"inLanguage\":\"es\",\"potentialAction\":[{\"@type\":\"ReadAction\",\"target\":[\"https:\/\/abaa.mx\/tienda\/mitutoyo-293-831-30-micrometro-digimatico-serie-293-mdc-lite\/\"]}]},{\"@type\":\"ImageObject\",\"inLanguage\":\"es\",\"@id\":\"https:\/\/abaa.mx\/tienda\/mitutoyo-293-831-30-micrometro-digimatico-serie-293-mdc-lite\/#primaryimage\",\"url\":\"https:\/\/abaa.mx\/tienda\/wp-content\/uploads\/2023\/09\/293-831-30.jpg\",\"contentUrl\":\"https:\/\/abaa.mx\/tienda\/wp-content\/uploads\/2023\/09\/293-831-30.jpg\",\"width\":270,\"height\":500,\"caption\":\"mitutoyo-293-831-30-micrometro-digimatico-serie-293-mdc-lite\"},{\"@type\":\"BreadcrumbList\",\"@id\":\"https:\/\/abaa.mx\/tienda\/mitutoyo-293-831-30-micrometro-digimatico-serie-293-mdc-lite\/#breadcrumb\",\"itemListElement\":[{\"@type\":\"ListItem\",\"position\":1,\"name\":\"Inicio\",\"item\":\"https:\/\/abaa.mx\/tienda\/\"},{\"@type\":\"ListItem\",\"position\":2,\"name\":\"Tienda\",\"item\":\"https:\/\/abaa.mx\/tienda\/\"},{\"@type\":\"ListItem\",\"position\":3,\"name\":\"Mitutoyo 293-831-30 micr\u00f3metro digim\u00e1tico serie 293 mdc-lite\"}]},{\"@type\":\"WebSite\",\"@id\":\"https:\/\/abaa.mx\/tienda\/#website\",\"url\":\"https:\/\/abaa.mx\/tienda\/\",\"name\":\"Abaa tienda online\",\"description\":\"Instrumentos de medici\u00f3n\",\"publisher\":{\"@id\":\"https:\/\/abaa.mx\/tienda\/#organization\"},\"potentialAction\":[{\"@type\":\"SearchAction\",\"target\":{\"@type\":\"EntryPoint\",\"urlTemplate\":\"https:\/\/abaa.mx\/tienda\/?s={search_term_string}\"},\"query-input\":{\"@type\":\"PropertyValueSpecification\",\"valueRequired\":true,\"valueName\":\"search_term_string\"}}],\"inLanguage\":\"es\"},{\"@type\":\"Organization\",\"@id\":\"https:\/\/abaa.mx\/tienda\/#organization\",\"name\":\"Abaa tienda online\",\"url\":\"https:\/\/abaa.mx\/tienda\/\",\"logo\":{\"@type\":\"ImageObject\",\"inLanguage\":\"es\",\"@id\":\"https:\/\/abaa.mx\/tienda\/#\/schema\/logo\/image\/\",\"url\":\"https:\/\/abaa.mx\/tienda\/wp-content\/uploads\/2024\/01\/abaa-metrologia-tienda.png\",\"contentUrl\":\"https:\/\/abaa.mx\/tienda\/wp-content\/uploads\/2024\/01\/abaa-metrologia-tienda.png\",\"width\":300,\"height\":141,\"caption\":\"Abaa tienda online\"},\"image\":{\"@id\":\"https:\/\/abaa.mx\/tienda\/#\/schema\/logo\/image\/\"}}]}<\/script>\n<!-- \/ Yoast SEO plugin. -->","yoast_head_json":{"title":"Mitutoyo 293-831-30 micr\u00f3metro digim\u00e1tico serie 293 mdc-lite - Abaa tienda online","robots":{"index":"index","follow":"follow","max-snippet":"max-snippet:-1","max-image-preview":"max-image-preview:large","max-video-preview":"max-video-preview:-1"},"canonical":"https:\/\/abaa.mx\/tienda\/mitutoyo-293-831-30-micrometro-digimatico-serie-293-mdc-lite\/","og_locale":"es_MX","og_type":"article","og_title":"Mitutoyo 293-831-30 micr\u00f3metro digim\u00e1tico serie 293 mdc-lite - Abaa tienda online","og_description":"Caracter\u00edsticas   Se proporciona solo con una clave de conjunto cero para facilitar la configuraci\u00f3n del origen.  Un tope de trinquete o un dedal de fricci\u00f3n para una fuerza de medici\u00f3n constante.  Lectura de medici\u00f3n con caracteres grandes en la pantalla LCD.  Sin abrazadera de husillo. Sin salida de datos  Se suministra en caja de pl\u00e1stico ajustada","og_url":"https:\/\/abaa.mx\/tienda\/mitutoyo-293-831-30-micrometro-digimatico-serie-293-mdc-lite\/","og_site_name":"Abaa tienda online","article_modified_time":"2023-09-29T17:06:25+00:00","og_image":[{"width":270,"height":500,"url":"https:\/\/abaa.mx\/tienda\/wp-content\/uploads\/2023\/09\/293-831-30.jpg","type":"image\/jpeg"}],"twitter_card":"summary_large_image","twitter_misc":{"Tiempo de lectura":"1 minuto"},"schema":{"@context":"https:\/\/schema.org","@graph":[{"@type":"WebPage","@id":"https:\/\/abaa.mx\/tienda\/mitutoyo-293-831-30-micrometro-digimatico-serie-293-mdc-lite\/","url":"https:\/\/abaa.mx\/tienda\/mitutoyo-293-831-30-micrometro-digimatico-serie-293-mdc-lite\/","name":"Mitutoyo 293-831-30 micr\u00f3metro digim\u00e1tico serie 293 mdc-lite - Abaa tienda online","isPartOf":{"@id":"https:\/\/abaa.mx\/tienda\/#website"},"primaryImageOfPage":{"@id":"https:\/\/abaa.mx\/tienda\/mitutoyo-293-831-30-micrometro-digimatico-serie-293-mdc-lite\/#primaryimage"},"image":{"@id":"https:\/\/abaa.mx\/tienda\/mitutoyo-293-831-30-micrometro-digimatico-serie-293-mdc-lite\/#primaryimage"},"thumbnailUrl":"https:\/\/abaa.mx\/tienda\/wp-content\/uploads\/2023\/09\/293-831-30.jpg","datePublished":"2023-09-29T17:06:24+00:00","dateModified":"2023-09-29T17:06:25+00:00","breadcrumb":{"@id":"https:\/\/abaa.mx\/tienda\/mitutoyo-293-831-30-micrometro-digimatico-serie-293-mdc-lite\/#breadcrumb"},"inLanguage":"es","potentialAction":[{"@type":"ReadAction","target":["https:\/\/abaa.mx\/tienda\/mitutoyo-293-831-30-micrometro-digimatico-serie-293-mdc-lite\/"]}]},{"@type":"ImageObject","inLanguage":"es","@id":"https:\/\/abaa.mx\/tienda\/mitutoyo-293-831-30-micrometro-digimatico-serie-293-mdc-lite\/#primaryimage","url":"https:\/\/abaa.mx\/tienda\/wp-content\/uploads\/2023\/09\/293-831-30.jpg","contentUrl":"https:\/\/abaa.mx\/tienda\/wp-content\/uploads\/2023\/09\/293-831-30.jpg","width":270,"height":500,"caption":"mitutoyo-293-831-30-micrometro-digimatico-serie-293-mdc-lite"},{"@type":"BreadcrumbList","@id":"https:\/\/abaa.mx\/tienda\/mitutoyo-293-831-30-micrometro-digimatico-serie-293-mdc-lite\/#breadcrumb","itemListElement":[{"@type":"ListItem","position":1,"name":"Inicio","item":"https:\/\/abaa.mx\/tienda\/"},{"@type":"ListItem","position":2,"name":"Tienda","item":"https:\/\/abaa.mx\/tienda\/"},{"@type":"ListItem","position":3,"name":"Mitutoyo 293-831-30 micr\u00f3metro digim\u00e1tico serie 293 mdc-lite"}]},{"@type":"WebSite","@id":"https:\/\/abaa.mx\/tienda\/#website","url":"https:\/\/abaa.mx\/tienda\/","name":"Abaa tienda online","description":"Instrumentos de medici\u00f3n","publisher":{"@id":"https:\/\/abaa.mx\/tienda\/#organization"},"potentialAction":[{"@type":"SearchAction","target":{"@type":"EntryPoint","urlTemplate":"https:\/\/abaa.mx\/tienda\/?s={search_term_string}"},"query-input":{"@type":"PropertyValueSpecification","valueRequired":true,"valueName":"search_term_string"}}],"inLanguage":"es"},{"@type":"Organization","@id":"https:\/\/abaa.mx\/tienda\/#organization","name":"Abaa tienda online","url":"https:\/\/abaa.mx\/tienda\/","logo":{"@type":"ImageObject","inLanguage":"es","@id":"https:\/\/abaa.mx\/tienda\/#\/schema\/logo\/image\/","url":"https:\/\/abaa.mx\/tienda\/wp-content\/uploads\/2024\/01\/abaa-metrologia-tienda.png","contentUrl":"https:\/\/abaa.mx\/tienda\/wp-content\/uploads\/2024\/01\/abaa-metrologia-tienda.png","width":300,"height":141,"caption":"Abaa tienda online"},"image":{"@id":"https:\/\/abaa.mx\/tienda\/#\/schema\/logo\/image\/"}}]}},"_links":{"self":[{"href":"https:\/\/abaa.mx\/tienda\/wp-json\/wp\/v2\/product\/3789","targetHints":{"allow":["GET"]}}],"collection":[{"href":"https:\/\/abaa.mx\/tienda\/wp-json\/wp\/v2\/product"}],"about":[{"href":"https:\/\/abaa.mx\/tienda\/wp-json\/wp\/v2\/types\/product"}],"replies":[{"embeddable":true,"href":"https:\/\/abaa.mx\/tienda\/wp-json\/wp\/v2\/comments?post=3789"}],"wp:featuredmedia":[{"embeddable":true,"href":"https:\/\/abaa.mx\/tienda\/wp-json\/wp\/v2\/media\/3812"}],"wp:attachment":[{"href":"https:\/\/abaa.mx\/tienda\/wp-json\/wp\/v2\/media?parent=3789"}],"wp:term":[{"taxonomy":"product_brand","embeddable":true,"href":"https:\/\/abaa.mx\/tienda\/wp-json\/wp\/v2\/product_brand?post=3789"},{"taxonomy":"product_cat","embeddable":true,"href":"https:\/\/abaa.mx\/tienda\/wp-json\/wp\/v2\/product_cat?post=3789"},{"taxonomy":"product_tag","embeddable":true,"href":"https:\/\/abaa.mx\/tienda\/wp-json\/wp\/v2\/product_tag?post=3789"}],"curies":[{"name":"wp","href":"https:\/\/api.w.org\/{rel}","templated":true}]}}