{"id":3787,"date":"2023-09-29T16:55:16","date_gmt":"2023-09-29T16:55:16","guid":{"rendered":"https:\/\/abaa.mx\/tienda\/?post_type=product&#038;p=3787"},"modified":"2023-12-06T15:35:47","modified_gmt":"2023-12-06T15:35:47","slug":"dwyer-250-af-manometro-inclinado-indicador-de-filtro-de-aire-10-0-1-0-w-c-con-escala-de-5-1-2","status":"publish","type":"product","link":"https:\/\/abaa.mx\/tienda\/dwyer-250-af-manometro-inclinado-indicador-de-filtro-de-aire-10-0-1-0-w-c-con-escala-de-5-1-2\/","title":{"rendered":"dwyer 250-af man\u00f3metro inclinado indicador de filtro de aire (.10-0-1.0 &#8220;w.c.) con escala de 5-1-2&#8221;"},"content":{"rendered":"<h4>MEDIDOR DE FILTRO DE AIRE MAN\u00d3METRO DWYER 250-AF, .10-0-1.0<\/h4>\n<p><strong>ESPECIFICACI\u00d3N:<\/strong><\/p>\n<ul>\n<li>Altamente preciso, f\u00e1cil de usar, casi indestructible, infalible y confiable.<\/li>\n<li>No hay partes m\u00f3viles, ni enlaces mec\u00e1nicos, nada que se desgaste, atasque o deteriore por la vibraci\u00f3n.<\/li>\n<li>Nunca necesitan calibraci\u00f3n.<\/li>\n<li>Pl\u00e1stico acr\u00edlico s\u00f3lido de 1&#8243; de espesor mecanizado con precisi\u00f3n, pr\u00e1cticamente irrompible y libre de distorsi\u00f3n.<\/li>\n<li>El orificio del fluido se perfora con precisi\u00f3n a \u00b1.0002&#8243; para garantizar una precisi\u00f3n de por vida.<\/li>\n<li>Un nivel de alcohol de vidrio est\u00e1 integrado en el cuerpo y encapsulado para evitar da\u00f1os o manipulaciones.<\/li>\n<li>La escala es de lat\u00f3n cromado pulido espejo para asegurar una lectura libre de paralaje mediante la alineaci\u00f3n del menisco con su reflejo.<\/li>\n<li>Las trampas de seguridad est\u00e1n incorporadas en el cuerpo para evitar la p\u00e9rdida de l\u00edquido debido a los aumentos repentinos de presi\u00f3n.<\/li>\n<li>Las banderas de se\u00f1al rojas y verdes indican claramente cu\u00e1ndo es necesario un cambio de filtro.<\/li>\n<li>Los medidores son adecuados para su uso en temperaturas ambiente de -20 a 150 \u00b0 F.<\/li>\n<li>Los accesorios de conexi\u00f3n est\u00e1n sellados positivamente por anillos &#8220;O&#8221;, pero se retiran f\u00e1cilmente para poner a cero o agregar fluido.<\/li>\n<li>Amueblado completo con instrucciones.<\/li>\n<\/ul>\n","protected":false},"excerpt":{"rendered":"<p><strong>Altamente preciso, f\u00e1cil de usar, casi indestructible, infalible y confiable. No hay partes m\u00f3viles, ni enlaces mec\u00e1nicos, nada que se desgaste, atasque o deteriore por la vibraci\u00f3n. Nunca necesitan calibraci\u00f3n.<\/strong><\/p>\n","protected":false},"featured_media":3809,"comment_status":"open","ping_status":"closed","template":"","meta":{"_joinchat":[]},"product_brand":[],"product_cat":[15],"product_tag":[],"class_list":{"0":"post-3787","1":"product","2":"type-product","3":"status-publish","4":"has-post-thumbnail","6":"product_cat-sin-categorizar","8":"first","9":"instock","10":"shipping-taxable","11":"product-type-simple"},"yoast_head":"<!-- This site is optimized with the Yoast SEO plugin v26.4 - https:\/\/yoast.com\/wordpress\/plugins\/seo\/ -->\n<title>dwyer 250-af man\u00f3metro inclinado indicador de filtro de aire (.10-0-1.0 &quot;w.c.) con escala de 5-1-2&quot; - Abaa tienda online<\/title>\n<meta name=\"robots\" content=\"index, follow, max-snippet:-1, max-image-preview:large, max-video-preview:-1\" \/>\n<link rel=\"canonical\" href=\"https:\/\/abaa.mx\/tienda\/dwyer-250-af-manometro-inclinado-indicador-de-filtro-de-aire-10-0-1-0-w-c-con-escala-de-5-1-2\/\" \/>\n<meta property=\"og:locale\" content=\"es_MX\" \/>\n<meta property=\"og:type\" content=\"article\" \/>\n<meta property=\"og:title\" content=\"dwyer 250-af man\u00f3metro inclinado indicador de filtro de aire (.10-0-1.0 &quot;w.c.) con escala de 5-1-2&quot; - Abaa tienda online\" \/>\n<meta property=\"og:description\" content=\"Altamente preciso, f\u00e1cil de usar, casi indestructible, infalible y confiable. No hay partes m\u00f3viles, ni enlaces mec\u00e1nicos, nada que se desgaste, atasque o deteriore por la vibraci\u00f3n. Nunca necesitan calibraci\u00f3n.\" \/>\n<meta property=\"og:url\" content=\"https:\/\/abaa.mx\/tienda\/dwyer-250-af-manometro-inclinado-indicador-de-filtro-de-aire-10-0-1-0-w-c-con-escala-de-5-1-2\/\" \/>\n<meta property=\"og:site_name\" content=\"Abaa tienda online\" \/>\n<meta property=\"article:modified_time\" content=\"2023-12-06T15:35:47+00:00\" \/>\n<meta property=\"og:image\" content=\"https:\/\/abaa.mx\/tienda\/wp-content\/uploads\/2023\/09\/250-AF.jpg\" \/>\n\t<meta property=\"og:image:width\" content=\"270\" \/>\n\t<meta property=\"og:image:height\" content=\"270\" \/>\n\t<meta property=\"og:image:type\" content=\"image\/jpeg\" \/>\n<meta name=\"twitter:card\" content=\"summary_large_image\" \/>\n<meta name=\"twitter:label1\" content=\"Tiempo de lectura\" \/>\n\t<meta name=\"twitter:data1\" content=\"1 minuto\" \/>\n<script type=\"application\/ld+json\" class=\"yoast-schema-graph\">{\"@context\":\"https:\/\/schema.org\",\"@graph\":[{\"@type\":\"WebPage\",\"@id\":\"https:\/\/abaa.mx\/tienda\/dwyer-250-af-manometro-inclinado-indicador-de-filtro-de-aire-10-0-1-0-w-c-con-escala-de-5-1-2\/\",\"url\":\"https:\/\/abaa.mx\/tienda\/dwyer-250-af-manometro-inclinado-indicador-de-filtro-de-aire-10-0-1-0-w-c-con-escala-de-5-1-2\/\",\"name\":\"dwyer 250-af man\u00f3metro inclinado indicador de filtro de aire (.10-0-1.0 \\\"w.c.) con escala de 5-1-2\\\" - Abaa tienda online\",\"isPartOf\":{\"@id\":\"https:\/\/abaa.mx\/tienda\/#website\"},\"primaryImageOfPage\":{\"@id\":\"https:\/\/abaa.mx\/tienda\/dwyer-250-af-manometro-inclinado-indicador-de-filtro-de-aire-10-0-1-0-w-c-con-escala-de-5-1-2\/#primaryimage\"},\"image\":{\"@id\":\"https:\/\/abaa.mx\/tienda\/dwyer-250-af-manometro-inclinado-indicador-de-filtro-de-aire-10-0-1-0-w-c-con-escala-de-5-1-2\/#primaryimage\"},\"thumbnailUrl\":\"https:\/\/abaa.mx\/tienda\/wp-content\/uploads\/2023\/09\/250-AF.jpg\",\"datePublished\":\"2023-09-29T16:55:16+00:00\",\"dateModified\":\"2023-12-06T15:35:47+00:00\",\"breadcrumb\":{\"@id\":\"https:\/\/abaa.mx\/tienda\/dwyer-250-af-manometro-inclinado-indicador-de-filtro-de-aire-10-0-1-0-w-c-con-escala-de-5-1-2\/#breadcrumb\"},\"inLanguage\":\"es\",\"potentialAction\":[{\"@type\":\"ReadAction\",\"target\":[\"https:\/\/abaa.mx\/tienda\/dwyer-250-af-manometro-inclinado-indicador-de-filtro-de-aire-10-0-1-0-w-c-con-escala-de-5-1-2\/\"]}]},{\"@type\":\"ImageObject\",\"inLanguage\":\"es\",\"@id\":\"https:\/\/abaa.mx\/tienda\/dwyer-250-af-manometro-inclinado-indicador-de-filtro-de-aire-10-0-1-0-w-c-con-escala-de-5-1-2\/#primaryimage\",\"url\":\"https:\/\/abaa.mx\/tienda\/wp-content\/uploads\/2023\/09\/250-AF.jpg\",\"contentUrl\":\"https:\/\/abaa.mx\/tienda\/wp-content\/uploads\/2023\/09\/250-AF.jpg\",\"width\":270,\"height\":270,\"caption\":\"250-AF\"},{\"@type\":\"BreadcrumbList\",\"@id\":\"https:\/\/abaa.mx\/tienda\/dwyer-250-af-manometro-inclinado-indicador-de-filtro-de-aire-10-0-1-0-w-c-con-escala-de-5-1-2\/#breadcrumb\",\"itemListElement\":[{\"@type\":\"ListItem\",\"position\":1,\"name\":\"Inicio\",\"item\":\"https:\/\/abaa.mx\/tienda\/\"},{\"@type\":\"ListItem\",\"position\":2,\"name\":\"Tienda\",\"item\":\"https:\/\/abaa.mx\/tienda\/\"},{\"@type\":\"ListItem\",\"position\":3,\"name\":\"dwyer 250-af man\u00f3metro inclinado indicador de filtro de aire (.10-0-1.0 &#8220;w.c.) con escala de 5-1-2&#8221;\"}]},{\"@type\":\"WebSite\",\"@id\":\"https:\/\/abaa.mx\/tienda\/#website\",\"url\":\"https:\/\/abaa.mx\/tienda\/\",\"name\":\"Abaa tienda online\",\"description\":\"Instrumentos de medici\u00f3n\",\"publisher\":{\"@id\":\"https:\/\/abaa.mx\/tienda\/#organization\"},\"potentialAction\":[{\"@type\":\"SearchAction\",\"target\":{\"@type\":\"EntryPoint\",\"urlTemplate\":\"https:\/\/abaa.mx\/tienda\/?s={search_term_string}\"},\"query-input\":{\"@type\":\"PropertyValueSpecification\",\"valueRequired\":true,\"valueName\":\"search_term_string\"}}],\"inLanguage\":\"es\"},{\"@type\":\"Organization\",\"@id\":\"https:\/\/abaa.mx\/tienda\/#organization\",\"name\":\"Abaa tienda online\",\"url\":\"https:\/\/abaa.mx\/tienda\/\",\"logo\":{\"@type\":\"ImageObject\",\"inLanguage\":\"es\",\"@id\":\"https:\/\/abaa.mx\/tienda\/#\/schema\/logo\/image\/\",\"url\":\"https:\/\/abaa.mx\/tienda\/wp-content\/uploads\/2024\/01\/abaa-metrologia-tienda.png\",\"contentUrl\":\"https:\/\/abaa.mx\/tienda\/wp-content\/uploads\/2024\/01\/abaa-metrologia-tienda.png\",\"width\":300,\"height\":141,\"caption\":\"Abaa tienda online\"},\"image\":{\"@id\":\"https:\/\/abaa.mx\/tienda\/#\/schema\/logo\/image\/\"}}]}<\/script>\n<!-- \/ Yoast SEO plugin. -->","yoast_head_json":{"title":"dwyer 250-af man\u00f3metro inclinado indicador de filtro de aire (.10-0-1.0 \"w.c.) con escala de 5-1-2\" - Abaa tienda online","robots":{"index":"index","follow":"follow","max-snippet":"max-snippet:-1","max-image-preview":"max-image-preview:large","max-video-preview":"max-video-preview:-1"},"canonical":"https:\/\/abaa.mx\/tienda\/dwyer-250-af-manometro-inclinado-indicador-de-filtro-de-aire-10-0-1-0-w-c-con-escala-de-5-1-2\/","og_locale":"es_MX","og_type":"article","og_title":"dwyer 250-af man\u00f3metro inclinado indicador de filtro de aire (.10-0-1.0 \"w.c.) con escala de 5-1-2\" - Abaa tienda online","og_description":"Altamente preciso, f\u00e1cil de usar, casi indestructible, infalible y confiable. No hay partes m\u00f3viles, ni enlaces mec\u00e1nicos, nada que se desgaste, atasque o deteriore por la vibraci\u00f3n. Nunca necesitan calibraci\u00f3n.","og_url":"https:\/\/abaa.mx\/tienda\/dwyer-250-af-manometro-inclinado-indicador-de-filtro-de-aire-10-0-1-0-w-c-con-escala-de-5-1-2\/","og_site_name":"Abaa tienda online","article_modified_time":"2023-12-06T15:35:47+00:00","og_image":[{"width":270,"height":270,"url":"https:\/\/abaa.mx\/tienda\/wp-content\/uploads\/2023\/09\/250-AF.jpg","type":"image\/jpeg"}],"twitter_card":"summary_large_image","twitter_misc":{"Tiempo de lectura":"1 minuto"},"schema":{"@context":"https:\/\/schema.org","@graph":[{"@type":"WebPage","@id":"https:\/\/abaa.mx\/tienda\/dwyer-250-af-manometro-inclinado-indicador-de-filtro-de-aire-10-0-1-0-w-c-con-escala-de-5-1-2\/","url":"https:\/\/abaa.mx\/tienda\/dwyer-250-af-manometro-inclinado-indicador-de-filtro-de-aire-10-0-1-0-w-c-con-escala-de-5-1-2\/","name":"dwyer 250-af man\u00f3metro inclinado indicador de filtro de aire (.10-0-1.0 \"w.c.) con escala de 5-1-2\" - Abaa tienda online","isPartOf":{"@id":"https:\/\/abaa.mx\/tienda\/#website"},"primaryImageOfPage":{"@id":"https:\/\/abaa.mx\/tienda\/dwyer-250-af-manometro-inclinado-indicador-de-filtro-de-aire-10-0-1-0-w-c-con-escala-de-5-1-2\/#primaryimage"},"image":{"@id":"https:\/\/abaa.mx\/tienda\/dwyer-250-af-manometro-inclinado-indicador-de-filtro-de-aire-10-0-1-0-w-c-con-escala-de-5-1-2\/#primaryimage"},"thumbnailUrl":"https:\/\/abaa.mx\/tienda\/wp-content\/uploads\/2023\/09\/250-AF.jpg","datePublished":"2023-09-29T16:55:16+00:00","dateModified":"2023-12-06T15:35:47+00:00","breadcrumb":{"@id":"https:\/\/abaa.mx\/tienda\/dwyer-250-af-manometro-inclinado-indicador-de-filtro-de-aire-10-0-1-0-w-c-con-escala-de-5-1-2\/#breadcrumb"},"inLanguage":"es","potentialAction":[{"@type":"ReadAction","target":["https:\/\/abaa.mx\/tienda\/dwyer-250-af-manometro-inclinado-indicador-de-filtro-de-aire-10-0-1-0-w-c-con-escala-de-5-1-2\/"]}]},{"@type":"ImageObject","inLanguage":"es","@id":"https:\/\/abaa.mx\/tienda\/dwyer-250-af-manometro-inclinado-indicador-de-filtro-de-aire-10-0-1-0-w-c-con-escala-de-5-1-2\/#primaryimage","url":"https:\/\/abaa.mx\/tienda\/wp-content\/uploads\/2023\/09\/250-AF.jpg","contentUrl":"https:\/\/abaa.mx\/tienda\/wp-content\/uploads\/2023\/09\/250-AF.jpg","width":270,"height":270,"caption":"250-AF"},{"@type":"BreadcrumbList","@id":"https:\/\/abaa.mx\/tienda\/dwyer-250-af-manometro-inclinado-indicador-de-filtro-de-aire-10-0-1-0-w-c-con-escala-de-5-1-2\/#breadcrumb","itemListElement":[{"@type":"ListItem","position":1,"name":"Inicio","item":"https:\/\/abaa.mx\/tienda\/"},{"@type":"ListItem","position":2,"name":"Tienda","item":"https:\/\/abaa.mx\/tienda\/"},{"@type":"ListItem","position":3,"name":"dwyer 250-af man\u00f3metro inclinado indicador de filtro de aire (.10-0-1.0 &#8220;w.c.) con escala de 5-1-2&#8221;"}]},{"@type":"WebSite","@id":"https:\/\/abaa.mx\/tienda\/#website","url":"https:\/\/abaa.mx\/tienda\/","name":"Abaa tienda online","description":"Instrumentos de medici\u00f3n","publisher":{"@id":"https:\/\/abaa.mx\/tienda\/#organization"},"potentialAction":[{"@type":"SearchAction","target":{"@type":"EntryPoint","urlTemplate":"https:\/\/abaa.mx\/tienda\/?s={search_term_string}"},"query-input":{"@type":"PropertyValueSpecification","valueRequired":true,"valueName":"search_term_string"}}],"inLanguage":"es"},{"@type":"Organization","@id":"https:\/\/abaa.mx\/tienda\/#organization","name":"Abaa tienda online","url":"https:\/\/abaa.mx\/tienda\/","logo":{"@type":"ImageObject","inLanguage":"es","@id":"https:\/\/abaa.mx\/tienda\/#\/schema\/logo\/image\/","url":"https:\/\/abaa.mx\/tienda\/wp-content\/uploads\/2024\/01\/abaa-metrologia-tienda.png","contentUrl":"https:\/\/abaa.mx\/tienda\/wp-content\/uploads\/2024\/01\/abaa-metrologia-tienda.png","width":300,"height":141,"caption":"Abaa tienda online"},"image":{"@id":"https:\/\/abaa.mx\/tienda\/#\/schema\/logo\/image\/"}}]}},"_links":{"self":[{"href":"https:\/\/abaa.mx\/tienda\/wp-json\/wp\/v2\/product\/3787","targetHints":{"allow":["GET"]}}],"collection":[{"href":"https:\/\/abaa.mx\/tienda\/wp-json\/wp\/v2\/product"}],"about":[{"href":"https:\/\/abaa.mx\/tienda\/wp-json\/wp\/v2\/types\/product"}],"replies":[{"embeddable":true,"href":"https:\/\/abaa.mx\/tienda\/wp-json\/wp\/v2\/comments?post=3787"}],"wp:featuredmedia":[{"embeddable":true,"href":"https:\/\/abaa.mx\/tienda\/wp-json\/wp\/v2\/media\/3809"}],"wp:attachment":[{"href":"https:\/\/abaa.mx\/tienda\/wp-json\/wp\/v2\/media?parent=3787"}],"wp:term":[{"taxonomy":"product_brand","embeddable":true,"href":"https:\/\/abaa.mx\/tienda\/wp-json\/wp\/v2\/product_brand?post=3787"},{"taxonomy":"product_cat","embeddable":true,"href":"https:\/\/abaa.mx\/tienda\/wp-json\/wp\/v2\/product_cat?post=3787"},{"taxonomy":"product_tag","embeddable":true,"href":"https:\/\/abaa.mx\/tienda\/wp-json\/wp\/v2\/product_tag?post=3787"}],"curies":[{"name":"wp","href":"https:\/\/api.w.org\/{rel}","templated":true}]}}