{"id":3776,"date":"2023-09-29T16:35:25","date_gmt":"2023-09-29T16:35:25","guid":{"rendered":"https:\/\/abaa.mx\/tienda\/?post_type=product&#038;p=3776"},"modified":"2023-09-29T16:35:26","modified_gmt":"2023-09-29T16:35:26","slug":"manometro-tipo-pozo-dwyer-1230-12-d-montaje-en-pared-0-12w-c-con-liquido-de-calibre-rojo","status":"publish","type":"product","link":"https:\/\/abaa.mx\/tienda\/manometro-tipo-pozo-dwyer-1230-12-d-montaje-en-pared-0-12w-c-con-liquido-de-calibre-rojo\/","title":{"rendered":"man\u00f3metro tipo pozo dwyer 1230-12-d, montaje en pared (0-12&#8243;w.c.) con l\u00edquido de calibre rojo"},"content":{"rendered":"<h4>DWYER 1230-12-D MAN\u00d3METRO TIPO POZO, MONTAJE EN PARED .826G RED GAGE OIL, 0-12<\/h4>\n<p><strong>Caracter\u00edsticas t\u00e9cnicas:<\/strong><\/p>\n<ul>\n<li>Tipo de montaje en pared, con orificios de montaje para una f\u00e1cil instalaci\u00f3n.<\/li>\n<li>Tambi\u00e9n se puede utilizar como man\u00f3metros port\u00e1tiles y se puede colgar o fijar a cualquier superficie vertical de acero mediante clips de montaje magn\u00e9ticos.<\/li>\n<li>Todas las piezas son totalmente visibles y f\u00e1cilmente accesibles para su limpieza.<\/li>\n<li>Dise\u00f1ado para satisfacer la necesidad de un instrumento de lectura directa de una sola columna que proporcione lecturas de presi\u00f3n altamente precisas; positivo, negativo o diferencial.<\/li>\n<li>Construido con tubos de pl\u00e1stico transparente a prueba de roturas unidos permanentemente a conjuntos de pozos con juntas pegadas a prueba de fugas.<\/li>\n<li>Los ensamblajes de pozos se mecanizan con precisi\u00f3n a partir de pl\u00e1stico acr\u00edlico s\u00f3lido.<\/li>\n<li>Las trampas de seguridad de sobrepresi\u00f3n aseguran la protecci\u00f3n contra la p\u00e9rdida de l\u00edquido.<\/li>\n<li>Las pesadas escamas de pl\u00e1stico acr\u00edlico blanco puro tienen figuras afiladas de serigraf\u00eda negra y graduaciones selladas con un revestimiento de mylar transparente.<\/li>\n<li>Las escalas se ajustan con un mecanismo positivo de acci\u00f3n r\u00e1pida.<\/li>\n<li>Las placas traseras de aluminio tratado t\u00e9rmicamente pesado tienen un acabado martilloide gris duradero.<\/li>\n<li>Estos man\u00f3metros tienen una potencia nominal de 100 psig (6,89 bar).<\/li>\n<li>No se recomienda para el servicio de vac\u00edo m\u00e1s all\u00e1 de 5&#8243; Hg (68&#8243; w.c.).<\/li>\n<\/ul>\n","protected":false},"excerpt":{"rendered":"<p>Tipo de montaje en pared, con orificios de montaje para una f\u00e1cil instalaci\u00f3n. Tambi\u00e9n se puede utilizar como man\u00f3metros port\u00e1tiles y se puede colgar o fijar a cualquier superficie vertical de acero mediante clips de montaje magn\u00e9ticos.<\/p>\n","protected":false},"featured_media":3786,"comment_status":"open","ping_status":"closed","template":"","meta":{"_joinchat":[]},"product_brand":[],"product_cat":[15],"product_tag":[],"class_list":{"0":"post-3776","1":"product","2":"type-product","3":"status-publish","4":"has-post-thumbnail","6":"product_cat-sin-categorizar","8":"first","9":"instock","10":"shipping-taxable","11":"product-type-simple"},"yoast_head":"<!-- This site is optimized with the Yoast SEO plugin v26.4 - https:\/\/yoast.com\/wordpress\/plugins\/seo\/ -->\n<title>man\u00f3metro tipo pozo dwyer 1230-12-d, montaje en pared (0-12&quot;w.c.) con l\u00edquido de calibre rojo - Abaa tienda online<\/title>\n<meta name=\"robots\" content=\"index, follow, max-snippet:-1, max-image-preview:large, max-video-preview:-1\" \/>\n<link rel=\"canonical\" href=\"https:\/\/abaa.mx\/tienda\/manometro-tipo-pozo-dwyer-1230-12-d-montaje-en-pared-0-12w-c-con-liquido-de-calibre-rojo\/\" \/>\n<meta property=\"og:locale\" content=\"es_MX\" \/>\n<meta property=\"og:type\" content=\"article\" \/>\n<meta property=\"og:title\" content=\"man\u00f3metro tipo pozo dwyer 1230-12-d, montaje en pared (0-12&quot;w.c.) con l\u00edquido de calibre rojo - Abaa tienda online\" \/>\n<meta property=\"og:description\" content=\"Tipo de montaje en pared, con orificios de montaje para una f\u00e1cil instalaci\u00f3n. Tambi\u00e9n se puede utilizar como man\u00f3metros port\u00e1tiles y se puede colgar o fijar a cualquier superficie vertical de acero mediante clips de montaje magn\u00e9ticos.\" \/>\n<meta property=\"og:url\" content=\"https:\/\/abaa.mx\/tienda\/manometro-tipo-pozo-dwyer-1230-12-d-montaje-en-pared-0-12w-c-con-liquido-de-calibre-rojo\/\" \/>\n<meta property=\"og:site_name\" content=\"Abaa tienda online\" \/>\n<meta property=\"article:modified_time\" content=\"2023-09-29T16:35:26+00:00\" \/>\n<meta property=\"og:image\" content=\"https:\/\/abaa.mx\/tienda\/wp-content\/uploads\/2023\/09\/1230-12-D.jpg\" \/>\n\t<meta property=\"og:image:width\" content=\"270\" \/>\n\t<meta property=\"og:image:height\" content=\"270\" \/>\n\t<meta property=\"og:image:type\" content=\"image\/jpeg\" \/>\n<meta name=\"twitter:card\" content=\"summary_large_image\" \/>\n<meta name=\"twitter:label1\" content=\"Tiempo de lectura\" \/>\n\t<meta name=\"twitter:data1\" content=\"1 minuto\" \/>\n<script type=\"application\/ld+json\" class=\"yoast-schema-graph\">{\"@context\":\"https:\/\/schema.org\",\"@graph\":[{\"@type\":\"WebPage\",\"@id\":\"https:\/\/abaa.mx\/tienda\/manometro-tipo-pozo-dwyer-1230-12-d-montaje-en-pared-0-12w-c-con-liquido-de-calibre-rojo\/\",\"url\":\"https:\/\/abaa.mx\/tienda\/manometro-tipo-pozo-dwyer-1230-12-d-montaje-en-pared-0-12w-c-con-liquido-de-calibre-rojo\/\",\"name\":\"man\u00f3metro tipo pozo dwyer 1230-12-d, montaje en pared (0-12\\\"w.c.) con l\u00edquido de calibre rojo - Abaa tienda online\",\"isPartOf\":{\"@id\":\"https:\/\/abaa.mx\/tienda\/#website\"},\"primaryImageOfPage\":{\"@id\":\"https:\/\/abaa.mx\/tienda\/manometro-tipo-pozo-dwyer-1230-12-d-montaje-en-pared-0-12w-c-con-liquido-de-calibre-rojo\/#primaryimage\"},\"image\":{\"@id\":\"https:\/\/abaa.mx\/tienda\/manometro-tipo-pozo-dwyer-1230-12-d-montaje-en-pared-0-12w-c-con-liquido-de-calibre-rojo\/#primaryimage\"},\"thumbnailUrl\":\"https:\/\/abaa.mx\/tienda\/wp-content\/uploads\/2023\/09\/1230-12-D.jpg\",\"datePublished\":\"2023-09-29T16:35:25+00:00\",\"dateModified\":\"2023-09-29T16:35:26+00:00\",\"breadcrumb\":{\"@id\":\"https:\/\/abaa.mx\/tienda\/manometro-tipo-pozo-dwyer-1230-12-d-montaje-en-pared-0-12w-c-con-liquido-de-calibre-rojo\/#breadcrumb\"},\"inLanguage\":\"es\",\"potentialAction\":[{\"@type\":\"ReadAction\",\"target\":[\"https:\/\/abaa.mx\/tienda\/manometro-tipo-pozo-dwyer-1230-12-d-montaje-en-pared-0-12w-c-con-liquido-de-calibre-rojo\/\"]}]},{\"@type\":\"ImageObject\",\"inLanguage\":\"es\",\"@id\":\"https:\/\/abaa.mx\/tienda\/manometro-tipo-pozo-dwyer-1230-12-d-montaje-en-pared-0-12w-c-con-liquido-de-calibre-rojo\/#primaryimage\",\"url\":\"https:\/\/abaa.mx\/tienda\/wp-content\/uploads\/2023\/09\/1230-12-D.jpg\",\"contentUrl\":\"https:\/\/abaa.mx\/tienda\/wp-content\/uploads\/2023\/09\/1230-12-D.jpg\",\"width\":270,\"height\":270,\"caption\":\"1230-12-D\"},{\"@type\":\"BreadcrumbList\",\"@id\":\"https:\/\/abaa.mx\/tienda\/manometro-tipo-pozo-dwyer-1230-12-d-montaje-en-pared-0-12w-c-con-liquido-de-calibre-rojo\/#breadcrumb\",\"itemListElement\":[{\"@type\":\"ListItem\",\"position\":1,\"name\":\"Inicio\",\"item\":\"https:\/\/abaa.mx\/tienda\/\"},{\"@type\":\"ListItem\",\"position\":2,\"name\":\"Tienda\",\"item\":\"https:\/\/abaa.mx\/tienda\/\"},{\"@type\":\"ListItem\",\"position\":3,\"name\":\"man\u00f3metro tipo pozo dwyer 1230-12-d, montaje en pared (0-12&#8243;w.c.) con l\u00edquido de calibre rojo\"}]},{\"@type\":\"WebSite\",\"@id\":\"https:\/\/abaa.mx\/tienda\/#website\",\"url\":\"https:\/\/abaa.mx\/tienda\/\",\"name\":\"Abaa tienda online\",\"description\":\"Instrumentos de medici\u00f3n\",\"publisher\":{\"@id\":\"https:\/\/abaa.mx\/tienda\/#organization\"},\"potentialAction\":[{\"@type\":\"SearchAction\",\"target\":{\"@type\":\"EntryPoint\",\"urlTemplate\":\"https:\/\/abaa.mx\/tienda\/?s={search_term_string}\"},\"query-input\":{\"@type\":\"PropertyValueSpecification\",\"valueRequired\":true,\"valueName\":\"search_term_string\"}}],\"inLanguage\":\"es\"},{\"@type\":\"Organization\",\"@id\":\"https:\/\/abaa.mx\/tienda\/#organization\",\"name\":\"Abaa tienda online\",\"url\":\"https:\/\/abaa.mx\/tienda\/\",\"logo\":{\"@type\":\"ImageObject\",\"inLanguage\":\"es\",\"@id\":\"https:\/\/abaa.mx\/tienda\/#\/schema\/logo\/image\/\",\"url\":\"https:\/\/abaa.mx\/tienda\/wp-content\/uploads\/2024\/01\/abaa-metrologia-tienda.png\",\"contentUrl\":\"https:\/\/abaa.mx\/tienda\/wp-content\/uploads\/2024\/01\/abaa-metrologia-tienda.png\",\"width\":300,\"height\":141,\"caption\":\"Abaa tienda online\"},\"image\":{\"@id\":\"https:\/\/abaa.mx\/tienda\/#\/schema\/logo\/image\/\"}}]}<\/script>\n<!-- \/ Yoast SEO plugin. -->","yoast_head_json":{"title":"man\u00f3metro tipo pozo dwyer 1230-12-d, montaje en pared (0-12\"w.c.) con l\u00edquido de calibre rojo - Abaa tienda online","robots":{"index":"index","follow":"follow","max-snippet":"max-snippet:-1","max-image-preview":"max-image-preview:large","max-video-preview":"max-video-preview:-1"},"canonical":"https:\/\/abaa.mx\/tienda\/manometro-tipo-pozo-dwyer-1230-12-d-montaje-en-pared-0-12w-c-con-liquido-de-calibre-rojo\/","og_locale":"es_MX","og_type":"article","og_title":"man\u00f3metro tipo pozo dwyer 1230-12-d, montaje en pared (0-12\"w.c.) con l\u00edquido de calibre rojo - Abaa tienda online","og_description":"Tipo de montaje en pared, con orificios de montaje para una f\u00e1cil instalaci\u00f3n. Tambi\u00e9n se puede utilizar como man\u00f3metros port\u00e1tiles y se puede colgar o fijar a cualquier superficie vertical de acero mediante clips de montaje magn\u00e9ticos.","og_url":"https:\/\/abaa.mx\/tienda\/manometro-tipo-pozo-dwyer-1230-12-d-montaje-en-pared-0-12w-c-con-liquido-de-calibre-rojo\/","og_site_name":"Abaa tienda online","article_modified_time":"2023-09-29T16:35:26+00:00","og_image":[{"width":270,"height":270,"url":"https:\/\/abaa.mx\/tienda\/wp-content\/uploads\/2023\/09\/1230-12-D.jpg","type":"image\/jpeg"}],"twitter_card":"summary_large_image","twitter_misc":{"Tiempo de lectura":"1 minuto"},"schema":{"@context":"https:\/\/schema.org","@graph":[{"@type":"WebPage","@id":"https:\/\/abaa.mx\/tienda\/manometro-tipo-pozo-dwyer-1230-12-d-montaje-en-pared-0-12w-c-con-liquido-de-calibre-rojo\/","url":"https:\/\/abaa.mx\/tienda\/manometro-tipo-pozo-dwyer-1230-12-d-montaje-en-pared-0-12w-c-con-liquido-de-calibre-rojo\/","name":"man\u00f3metro tipo pozo dwyer 1230-12-d, montaje en pared (0-12\"w.c.) con l\u00edquido de calibre rojo - Abaa tienda online","isPartOf":{"@id":"https:\/\/abaa.mx\/tienda\/#website"},"primaryImageOfPage":{"@id":"https:\/\/abaa.mx\/tienda\/manometro-tipo-pozo-dwyer-1230-12-d-montaje-en-pared-0-12w-c-con-liquido-de-calibre-rojo\/#primaryimage"},"image":{"@id":"https:\/\/abaa.mx\/tienda\/manometro-tipo-pozo-dwyer-1230-12-d-montaje-en-pared-0-12w-c-con-liquido-de-calibre-rojo\/#primaryimage"},"thumbnailUrl":"https:\/\/abaa.mx\/tienda\/wp-content\/uploads\/2023\/09\/1230-12-D.jpg","datePublished":"2023-09-29T16:35:25+00:00","dateModified":"2023-09-29T16:35:26+00:00","breadcrumb":{"@id":"https:\/\/abaa.mx\/tienda\/manometro-tipo-pozo-dwyer-1230-12-d-montaje-en-pared-0-12w-c-con-liquido-de-calibre-rojo\/#breadcrumb"},"inLanguage":"es","potentialAction":[{"@type":"ReadAction","target":["https:\/\/abaa.mx\/tienda\/manometro-tipo-pozo-dwyer-1230-12-d-montaje-en-pared-0-12w-c-con-liquido-de-calibre-rojo\/"]}]},{"@type":"ImageObject","inLanguage":"es","@id":"https:\/\/abaa.mx\/tienda\/manometro-tipo-pozo-dwyer-1230-12-d-montaje-en-pared-0-12w-c-con-liquido-de-calibre-rojo\/#primaryimage","url":"https:\/\/abaa.mx\/tienda\/wp-content\/uploads\/2023\/09\/1230-12-D.jpg","contentUrl":"https:\/\/abaa.mx\/tienda\/wp-content\/uploads\/2023\/09\/1230-12-D.jpg","width":270,"height":270,"caption":"1230-12-D"},{"@type":"BreadcrumbList","@id":"https:\/\/abaa.mx\/tienda\/manometro-tipo-pozo-dwyer-1230-12-d-montaje-en-pared-0-12w-c-con-liquido-de-calibre-rojo\/#breadcrumb","itemListElement":[{"@type":"ListItem","position":1,"name":"Inicio","item":"https:\/\/abaa.mx\/tienda\/"},{"@type":"ListItem","position":2,"name":"Tienda","item":"https:\/\/abaa.mx\/tienda\/"},{"@type":"ListItem","position":3,"name":"man\u00f3metro tipo pozo dwyer 1230-12-d, montaje en pared (0-12&#8243;w.c.) con l\u00edquido de calibre rojo"}]},{"@type":"WebSite","@id":"https:\/\/abaa.mx\/tienda\/#website","url":"https:\/\/abaa.mx\/tienda\/","name":"Abaa tienda online","description":"Instrumentos de medici\u00f3n","publisher":{"@id":"https:\/\/abaa.mx\/tienda\/#organization"},"potentialAction":[{"@type":"SearchAction","target":{"@type":"EntryPoint","urlTemplate":"https:\/\/abaa.mx\/tienda\/?s={search_term_string}"},"query-input":{"@type":"PropertyValueSpecification","valueRequired":true,"valueName":"search_term_string"}}],"inLanguage":"es"},{"@type":"Organization","@id":"https:\/\/abaa.mx\/tienda\/#organization","name":"Abaa tienda online","url":"https:\/\/abaa.mx\/tienda\/","logo":{"@type":"ImageObject","inLanguage":"es","@id":"https:\/\/abaa.mx\/tienda\/#\/schema\/logo\/image\/","url":"https:\/\/abaa.mx\/tienda\/wp-content\/uploads\/2024\/01\/abaa-metrologia-tienda.png","contentUrl":"https:\/\/abaa.mx\/tienda\/wp-content\/uploads\/2024\/01\/abaa-metrologia-tienda.png","width":300,"height":141,"caption":"Abaa tienda online"},"image":{"@id":"https:\/\/abaa.mx\/tienda\/#\/schema\/logo\/image\/"}}]}},"_links":{"self":[{"href":"https:\/\/abaa.mx\/tienda\/wp-json\/wp\/v2\/product\/3776","targetHints":{"allow":["GET"]}}],"collection":[{"href":"https:\/\/abaa.mx\/tienda\/wp-json\/wp\/v2\/product"}],"about":[{"href":"https:\/\/abaa.mx\/tienda\/wp-json\/wp\/v2\/types\/product"}],"replies":[{"embeddable":true,"href":"https:\/\/abaa.mx\/tienda\/wp-json\/wp\/v2\/comments?post=3776"}],"wp:featuredmedia":[{"embeddable":true,"href":"https:\/\/abaa.mx\/tienda\/wp-json\/wp\/v2\/media\/3786"}],"wp:attachment":[{"href":"https:\/\/abaa.mx\/tienda\/wp-json\/wp\/v2\/media?parent=3776"}],"wp:term":[{"taxonomy":"product_brand","embeddable":true,"href":"https:\/\/abaa.mx\/tienda\/wp-json\/wp\/v2\/product_brand?post=3776"},{"taxonomy":"product_cat","embeddable":true,"href":"https:\/\/abaa.mx\/tienda\/wp-json\/wp\/v2\/product_cat?post=3776"},{"taxonomy":"product_tag","embeddable":true,"href":"https:\/\/abaa.mx\/tienda\/wp-json\/wp\/v2\/product_tag?post=3776"}],"curies":[{"name":"wp","href":"https:\/\/api.w.org\/{rel}","templated":true}]}}