{"id":3756,"date":"2023-09-29T16:35:11","date_gmt":"2023-09-29T16:35:11","guid":{"rendered":"https:\/\/abaa.mx\/tienda\/?post_type=product&#038;p=3756"},"modified":"2023-09-29T16:35:13","modified_gmt":"2023-09-29T16:35:13","slug":"mitutoyo-293-341-30-refrigerante-a-prueba-ip65-micrometro-1-2-25-4-50-8mm","status":"publish","type":"product","link":"https:\/\/abaa.mx\/tienda\/mitutoyo-293-341-30-refrigerante-a-prueba-ip65-micrometro-1-2-25-4-50-8mm\/","title":{"rendered":"Mitutoyo 293-341-30 refrigerante a prueba ip65 micr\u00f3metro, 1-2&#8243; (25.4-50.8mm)"},"content":{"rendered":"<h5><strong>Funciones<\/strong><\/h5>\n<ul>\n<li>A prueba de refrigerante<\/li>\n<li>Bater\u00eda dos veces m\u00e1s larga que antes y mejora dr\u00e1stica en la eficiencia de medici\u00f3n<\/li>\n<li>Nivel de protecci\u00f3n IP65, que permite su uso en entornos expuestos al aceite de corte, etc. (se requiere tratamiento anticorrosi\u00f3n despu\u00e9s del uso)<\/li>\n<li>Funci\u00f3n de encendido\/apagado autom\u00e1tico<\/li>\n<li>Pantalla LCD<\/li>\n<li>Caras de medici\u00f3n con punta de carburo<\/li>\n<li>Parada de trinquete<\/li>\n<\/ul>\n","protected":false},"excerpt":{"rendered":"<p class=\"short-description mhide ipad-view-setting\">Este micr\u00f3metro es a prueba de polvo \/ agua y cumple con el nivel IP65, lo que le permite ser utilizado en entornos expuestos al aceite de corte.<\/p>\n<p class=\"comment-tag-product\">\n<div class=\"row-fluid\">\n<div class=\"span12 mobile-pricing-box-padding\">\n<form id=\"87509\" accept-charset=\"utf-8\" action=\"https:\/\/www.globaltestsupply.com\/shop\/add\" method=\"post\" name=\"addTocartFunction\">\n<div><\/div>\n<\/form>\n<\/div>\n<\/div>\n","protected":false},"featured_media":3784,"comment_status":"open","ping_status":"closed","template":"","meta":{"_joinchat":[]},"product_brand":[],"product_cat":[15],"product_tag":[],"class_list":{"0":"post-3756","1":"product","2":"type-product","3":"status-publish","4":"has-post-thumbnail","6":"product_cat-sin-categorizar","8":"first","9":"instock","10":"shipping-taxable","11":"product-type-simple"},"yoast_head":"<!-- This site is optimized with the Yoast SEO plugin v26.4 - https:\/\/yoast.com\/wordpress\/plugins\/seo\/ -->\n<title>Mitutoyo 293-341-30 refrigerante a prueba ip65 micr\u00f3metro, 1-2&quot; (25.4-50.8mm) - Abaa tienda online<\/title>\n<meta name=\"robots\" content=\"index, follow, max-snippet:-1, max-image-preview:large, max-video-preview:-1\" \/>\n<link rel=\"canonical\" href=\"https:\/\/abaa.mx\/tienda\/mitutoyo-293-341-30-refrigerante-a-prueba-ip65-micrometro-1-2-25-4-50-8mm\/\" \/>\n<meta property=\"og:locale\" content=\"es_MX\" \/>\n<meta property=\"og:type\" content=\"article\" \/>\n<meta property=\"og:title\" content=\"Mitutoyo 293-341-30 refrigerante a prueba ip65 micr\u00f3metro, 1-2&quot; (25.4-50.8mm) - Abaa tienda online\" \/>\n<meta property=\"og:description\" content=\"Este micr\u00f3metro es a prueba de polvo \/ agua y cumple con el nivel IP65, lo que le permite ser utilizado en entornos expuestos al aceite de corte.\" \/>\n<meta property=\"og:url\" content=\"https:\/\/abaa.mx\/tienda\/mitutoyo-293-341-30-refrigerante-a-prueba-ip65-micrometro-1-2-25-4-50-8mm\/\" \/>\n<meta property=\"og:site_name\" content=\"Abaa tienda online\" \/>\n<meta property=\"article:modified_time\" content=\"2023-09-29T16:35:13+00:00\" \/>\n<meta property=\"og:image\" content=\"https:\/\/abaa.mx\/tienda\/wp-content\/uploads\/2023\/09\/293-341-30.jpg\" \/>\n\t<meta property=\"og:image:width\" content=\"270\" \/>\n\t<meta property=\"og:image:height\" content=\"500\" \/>\n\t<meta property=\"og:image:type\" content=\"image\/jpeg\" \/>\n<meta name=\"twitter:card\" content=\"summary_large_image\" \/>\n<meta name=\"twitter:label1\" content=\"Tiempo de lectura\" \/>\n\t<meta name=\"twitter:data1\" content=\"1 minuto\" \/>\n<script type=\"application\/ld+json\" class=\"yoast-schema-graph\">{\"@context\":\"https:\/\/schema.org\",\"@graph\":[{\"@type\":\"WebPage\",\"@id\":\"https:\/\/abaa.mx\/tienda\/mitutoyo-293-341-30-refrigerante-a-prueba-ip65-micrometro-1-2-25-4-50-8mm\/\",\"url\":\"https:\/\/abaa.mx\/tienda\/mitutoyo-293-341-30-refrigerante-a-prueba-ip65-micrometro-1-2-25-4-50-8mm\/\",\"name\":\"Mitutoyo 293-341-30 refrigerante a prueba ip65 micr\u00f3metro, 1-2\\\" (25.4-50.8mm) - Abaa tienda online\",\"isPartOf\":{\"@id\":\"https:\/\/abaa.mx\/tienda\/#website\"},\"primaryImageOfPage\":{\"@id\":\"https:\/\/abaa.mx\/tienda\/mitutoyo-293-341-30-refrigerante-a-prueba-ip65-micrometro-1-2-25-4-50-8mm\/#primaryimage\"},\"image\":{\"@id\":\"https:\/\/abaa.mx\/tienda\/mitutoyo-293-341-30-refrigerante-a-prueba-ip65-micrometro-1-2-25-4-50-8mm\/#primaryimage\"},\"thumbnailUrl\":\"https:\/\/abaa.mx\/tienda\/wp-content\/uploads\/2023\/09\/293-341-30.jpg\",\"datePublished\":\"2023-09-29T16:35:11+00:00\",\"dateModified\":\"2023-09-29T16:35:13+00:00\",\"breadcrumb\":{\"@id\":\"https:\/\/abaa.mx\/tienda\/mitutoyo-293-341-30-refrigerante-a-prueba-ip65-micrometro-1-2-25-4-50-8mm\/#breadcrumb\"},\"inLanguage\":\"es\",\"potentialAction\":[{\"@type\":\"ReadAction\",\"target\":[\"https:\/\/abaa.mx\/tienda\/mitutoyo-293-341-30-refrigerante-a-prueba-ip65-micrometro-1-2-25-4-50-8mm\/\"]}]},{\"@type\":\"ImageObject\",\"inLanguage\":\"es\",\"@id\":\"https:\/\/abaa.mx\/tienda\/mitutoyo-293-341-30-refrigerante-a-prueba-ip65-micrometro-1-2-25-4-50-8mm\/#primaryimage\",\"url\":\"https:\/\/abaa.mx\/tienda\/wp-content\/uploads\/2023\/09\/293-341-30.jpg\",\"contentUrl\":\"https:\/\/abaa.mx\/tienda\/wp-content\/uploads\/2023\/09\/293-341-30.jpg\",\"width\":270,\"height\":500,\"caption\":\"mitutoyo-293-341-30-refrigerante-a-prueba-ip65-micrometro-1-2-25-4-50-8mm\"},{\"@type\":\"BreadcrumbList\",\"@id\":\"https:\/\/abaa.mx\/tienda\/mitutoyo-293-341-30-refrigerante-a-prueba-ip65-micrometro-1-2-25-4-50-8mm\/#breadcrumb\",\"itemListElement\":[{\"@type\":\"ListItem\",\"position\":1,\"name\":\"Inicio\",\"item\":\"https:\/\/abaa.mx\/tienda\/\"},{\"@type\":\"ListItem\",\"position\":2,\"name\":\"Tienda\",\"item\":\"https:\/\/abaa.mx\/tienda\/\"},{\"@type\":\"ListItem\",\"position\":3,\"name\":\"Mitutoyo 293-341-30 refrigerante a prueba ip65 micr\u00f3metro, 1-2&#8243; (25.4-50.8mm)\"}]},{\"@type\":\"WebSite\",\"@id\":\"https:\/\/abaa.mx\/tienda\/#website\",\"url\":\"https:\/\/abaa.mx\/tienda\/\",\"name\":\"Abaa tienda online\",\"description\":\"Instrumentos de medici\u00f3n\",\"publisher\":{\"@id\":\"https:\/\/abaa.mx\/tienda\/#organization\"},\"potentialAction\":[{\"@type\":\"SearchAction\",\"target\":{\"@type\":\"EntryPoint\",\"urlTemplate\":\"https:\/\/abaa.mx\/tienda\/?s={search_term_string}\"},\"query-input\":{\"@type\":\"PropertyValueSpecification\",\"valueRequired\":true,\"valueName\":\"search_term_string\"}}],\"inLanguage\":\"es\"},{\"@type\":\"Organization\",\"@id\":\"https:\/\/abaa.mx\/tienda\/#organization\",\"name\":\"Abaa tienda online\",\"url\":\"https:\/\/abaa.mx\/tienda\/\",\"logo\":{\"@type\":\"ImageObject\",\"inLanguage\":\"es\",\"@id\":\"https:\/\/abaa.mx\/tienda\/#\/schema\/logo\/image\/\",\"url\":\"https:\/\/abaa.mx\/tienda\/wp-content\/uploads\/2024\/01\/abaa-metrologia-tienda.png\",\"contentUrl\":\"https:\/\/abaa.mx\/tienda\/wp-content\/uploads\/2024\/01\/abaa-metrologia-tienda.png\",\"width\":300,\"height\":141,\"caption\":\"Abaa tienda online\"},\"image\":{\"@id\":\"https:\/\/abaa.mx\/tienda\/#\/schema\/logo\/image\/\"}}]}<\/script>\n<!-- \/ Yoast SEO plugin. -->","yoast_head_json":{"title":"Mitutoyo 293-341-30 refrigerante a prueba ip65 micr\u00f3metro, 1-2\" (25.4-50.8mm) - Abaa tienda online","robots":{"index":"index","follow":"follow","max-snippet":"max-snippet:-1","max-image-preview":"max-image-preview:large","max-video-preview":"max-video-preview:-1"},"canonical":"https:\/\/abaa.mx\/tienda\/mitutoyo-293-341-30-refrigerante-a-prueba-ip65-micrometro-1-2-25-4-50-8mm\/","og_locale":"es_MX","og_type":"article","og_title":"Mitutoyo 293-341-30 refrigerante a prueba ip65 micr\u00f3metro, 1-2\" (25.4-50.8mm) - Abaa tienda online","og_description":"Este micr\u00f3metro es a prueba de polvo \/ agua y cumple con el nivel IP65, lo que le permite ser utilizado en entornos expuestos al aceite de corte.","og_url":"https:\/\/abaa.mx\/tienda\/mitutoyo-293-341-30-refrigerante-a-prueba-ip65-micrometro-1-2-25-4-50-8mm\/","og_site_name":"Abaa tienda online","article_modified_time":"2023-09-29T16:35:13+00:00","og_image":[{"width":270,"height":500,"url":"https:\/\/abaa.mx\/tienda\/wp-content\/uploads\/2023\/09\/293-341-30.jpg","type":"image\/jpeg"}],"twitter_card":"summary_large_image","twitter_misc":{"Tiempo de lectura":"1 minuto"},"schema":{"@context":"https:\/\/schema.org","@graph":[{"@type":"WebPage","@id":"https:\/\/abaa.mx\/tienda\/mitutoyo-293-341-30-refrigerante-a-prueba-ip65-micrometro-1-2-25-4-50-8mm\/","url":"https:\/\/abaa.mx\/tienda\/mitutoyo-293-341-30-refrigerante-a-prueba-ip65-micrometro-1-2-25-4-50-8mm\/","name":"Mitutoyo 293-341-30 refrigerante a prueba ip65 micr\u00f3metro, 1-2\" (25.4-50.8mm) - Abaa tienda online","isPartOf":{"@id":"https:\/\/abaa.mx\/tienda\/#website"},"primaryImageOfPage":{"@id":"https:\/\/abaa.mx\/tienda\/mitutoyo-293-341-30-refrigerante-a-prueba-ip65-micrometro-1-2-25-4-50-8mm\/#primaryimage"},"image":{"@id":"https:\/\/abaa.mx\/tienda\/mitutoyo-293-341-30-refrigerante-a-prueba-ip65-micrometro-1-2-25-4-50-8mm\/#primaryimage"},"thumbnailUrl":"https:\/\/abaa.mx\/tienda\/wp-content\/uploads\/2023\/09\/293-341-30.jpg","datePublished":"2023-09-29T16:35:11+00:00","dateModified":"2023-09-29T16:35:13+00:00","breadcrumb":{"@id":"https:\/\/abaa.mx\/tienda\/mitutoyo-293-341-30-refrigerante-a-prueba-ip65-micrometro-1-2-25-4-50-8mm\/#breadcrumb"},"inLanguage":"es","potentialAction":[{"@type":"ReadAction","target":["https:\/\/abaa.mx\/tienda\/mitutoyo-293-341-30-refrigerante-a-prueba-ip65-micrometro-1-2-25-4-50-8mm\/"]}]},{"@type":"ImageObject","inLanguage":"es","@id":"https:\/\/abaa.mx\/tienda\/mitutoyo-293-341-30-refrigerante-a-prueba-ip65-micrometro-1-2-25-4-50-8mm\/#primaryimage","url":"https:\/\/abaa.mx\/tienda\/wp-content\/uploads\/2023\/09\/293-341-30.jpg","contentUrl":"https:\/\/abaa.mx\/tienda\/wp-content\/uploads\/2023\/09\/293-341-30.jpg","width":270,"height":500,"caption":"mitutoyo-293-341-30-refrigerante-a-prueba-ip65-micrometro-1-2-25-4-50-8mm"},{"@type":"BreadcrumbList","@id":"https:\/\/abaa.mx\/tienda\/mitutoyo-293-341-30-refrigerante-a-prueba-ip65-micrometro-1-2-25-4-50-8mm\/#breadcrumb","itemListElement":[{"@type":"ListItem","position":1,"name":"Inicio","item":"https:\/\/abaa.mx\/tienda\/"},{"@type":"ListItem","position":2,"name":"Tienda","item":"https:\/\/abaa.mx\/tienda\/"},{"@type":"ListItem","position":3,"name":"Mitutoyo 293-341-30 refrigerante a prueba ip65 micr\u00f3metro, 1-2&#8243; (25.4-50.8mm)"}]},{"@type":"WebSite","@id":"https:\/\/abaa.mx\/tienda\/#website","url":"https:\/\/abaa.mx\/tienda\/","name":"Abaa tienda online","description":"Instrumentos de medici\u00f3n","publisher":{"@id":"https:\/\/abaa.mx\/tienda\/#organization"},"potentialAction":[{"@type":"SearchAction","target":{"@type":"EntryPoint","urlTemplate":"https:\/\/abaa.mx\/tienda\/?s={search_term_string}"},"query-input":{"@type":"PropertyValueSpecification","valueRequired":true,"valueName":"search_term_string"}}],"inLanguage":"es"},{"@type":"Organization","@id":"https:\/\/abaa.mx\/tienda\/#organization","name":"Abaa tienda online","url":"https:\/\/abaa.mx\/tienda\/","logo":{"@type":"ImageObject","inLanguage":"es","@id":"https:\/\/abaa.mx\/tienda\/#\/schema\/logo\/image\/","url":"https:\/\/abaa.mx\/tienda\/wp-content\/uploads\/2024\/01\/abaa-metrologia-tienda.png","contentUrl":"https:\/\/abaa.mx\/tienda\/wp-content\/uploads\/2024\/01\/abaa-metrologia-tienda.png","width":300,"height":141,"caption":"Abaa tienda online"},"image":{"@id":"https:\/\/abaa.mx\/tienda\/#\/schema\/logo\/image\/"}}]}},"_links":{"self":[{"href":"https:\/\/abaa.mx\/tienda\/wp-json\/wp\/v2\/product\/3756","targetHints":{"allow":["GET"]}}],"collection":[{"href":"https:\/\/abaa.mx\/tienda\/wp-json\/wp\/v2\/product"}],"about":[{"href":"https:\/\/abaa.mx\/tienda\/wp-json\/wp\/v2\/types\/product"}],"replies":[{"embeddable":true,"href":"https:\/\/abaa.mx\/tienda\/wp-json\/wp\/v2\/comments?post=3756"}],"wp:featuredmedia":[{"embeddable":true,"href":"https:\/\/abaa.mx\/tienda\/wp-json\/wp\/v2\/media\/3784"}],"wp:attachment":[{"href":"https:\/\/abaa.mx\/tienda\/wp-json\/wp\/v2\/media?parent=3756"}],"wp:term":[{"taxonomy":"product_brand","embeddable":true,"href":"https:\/\/abaa.mx\/tienda\/wp-json\/wp\/v2\/product_brand?post=3756"},{"taxonomy":"product_cat","embeddable":true,"href":"https:\/\/abaa.mx\/tienda\/wp-json\/wp\/v2\/product_cat?post=3756"},{"taxonomy":"product_tag","embeddable":true,"href":"https:\/\/abaa.mx\/tienda\/wp-json\/wp\/v2\/product_tag?post=3756"}],"curies":[{"name":"wp","href":"https:\/\/api.w.org\/{rel}","templated":true}]}}