{"id":3752,"date":"2023-09-29T16:35:02","date_gmt":"2023-09-29T16:35:02","guid":{"rendered":"https:\/\/abaa.mx\/tienda\/?post_type=product&#038;p=3752"},"modified":"2023-12-01T19:48:21","modified_gmt":"2023-12-01T19:48:21","slug":"mitutoyo-293-183-30-quantumike-micrometer-con-spc-3-a-4-76-2-a-101-6-mm","status":"publish","type":"product","link":"https:\/\/abaa.mx\/tienda\/mitutoyo-293-183-30-quantumike-micrometer-con-spc-3-a-4-76-2-a-101-6-mm\/","title":{"rendered":"Mitutoyo 293-183-30 quantumike micrometer con spc, 3 a 4&#8243;- 76.2 a 101.6 mm"},"content":{"rendered":"<h4>Mitutoyo 293-183-30<\/h4>\n<p>El QuantuMike es el micr\u00f3metro a prueba de refrigerante de pr\u00f3xima generaci\u00f3n que ofrece una excelente experiencia de medici\u00f3n con mayor velocidad, calidad y estabilidad.<\/p>\n<h5><strong>Funciones<\/strong><\/h5>\n<ul>\n<li>Medici\u00f3n m\u00e1s r\u00e1pida con 2 mm por revolucion en lugar de los 0,5 est\u00e1ndar<\/li>\n<li>Un mecanismo patentado de dedal de trinquete ayuda a garantizar la repetibilidad<\/li>\n<li>Un bloqueo de funci\u00f3n ayuda a evitar errores de nivel de protecci\u00f3n IP-65<\/li>\n<li>Otras funciones incluyen: ajuste del punto de origen, ajuste cero, retenci\u00f3n, encendido \/ apagado autom\u00e1tico, salida de datos y alarma de error<\/li>\n<li>Se proporciona un certificado de inspecci\u00f3n<\/li>\n<\/ul>\n<h4>Especificaciones<\/h4>\n<table class=\"table table-striped\">\n<tbody>\n<tr>\n<td>Exactitud<\/td>\n<td>.0001&#8243;<\/td>\n<\/tr>\n<tr>\n<td>Resoluci\u00f3n<\/td>\n<td>.00005&#8243;\/0,001 mm<\/td>\n<\/tr>\n<tr>\n<td>Gama<\/td>\n<td>3 a 4&#8243;<\/td>\n<\/tr>\n<tr>\n<td>Llanura<\/td>\n<td>.000012&#8243;<\/td>\n<\/tr>\n<tr>\n<td>Paralelismo<\/td>\n<td>2 \u03bcm\/.00008&#8243;<\/td>\n<\/tr>\n<tr>\n<td>Medici\u00f3n de caras<\/td>\n<td>Carburo con punta<\/td>\n<\/tr>\n<tr>\n<td>Monitor<\/td>\n<td>LCD<\/td>\n<\/tr>\n<tr>\n<td>Bater\u00eda<\/td>\n<td>SR44 1 ud.<\/td>\n<\/tr>\n<tr>\n<td>Duraci\u00f3n de la bater\u00eda<\/td>\n<td>Aprox. 1,2 a\u00f1os bajo uso normal<\/td>\n<\/tr>\n<tr>\n<td>Nivel de protecci\u00f3n contra el polvo\/agua<\/td>\n<td>IP65<\/td>\n<\/tr>\n<\/tbody>\n<\/table>\n","protected":false},"excerpt":{"rendered":"<p class=\"short-description mhide ipad-view-setting\">Un micr\u00f3metro digim\u00e1tico con conversi\u00f3n pulgada\/m\u00e9trica y rangos de medici\u00f3n de 3 a 4&#8243;\/ 76.2 a 101.6 mm. Cuenta con un nivel de protecci\u00f3n IP65 y un puerto de salida para la transferencia SPC de datos de medici\u00f3n.<\/p>\n<div class=\"row-fluid\">\n<div class=\"span12 mobile-pricing-box-padding\">\n<form id=\"140291\" accept-charset=\"utf-8\" action=\"https:\/\/www.globaltestsupply.com\/shop\/add\" method=\"post\" name=\"addTocartFunction\">\n<div><\/div>\n<\/form>\n<\/div>\n<\/div>\n","protected":false},"featured_media":3780,"comment_status":"open","ping_status":"closed","template":"","meta":{"_joinchat":[]},"product_brand":[],"product_cat":[15],"product_tag":[],"class_list":{"0":"post-3752","1":"product","2":"type-product","3":"status-publish","4":"has-post-thumbnail","6":"product_cat-sin-categorizar","8":"first","9":"instock","10":"shipping-taxable","11":"product-type-simple"},"yoast_head":"<!-- This site is optimized with the Yoast SEO plugin v26.4 - https:\/\/yoast.com\/wordpress\/plugins\/seo\/ -->\n<title>Mitutoyo 293-183-30 quantumike micrometer con spc, 3 a 4&quot;- 76.2 a 101.6 mm - Abaa tienda online<\/title>\n<meta name=\"robots\" content=\"index, follow, max-snippet:-1, max-image-preview:large, max-video-preview:-1\" \/>\n<link rel=\"canonical\" href=\"https:\/\/abaa.mx\/tienda\/mitutoyo-293-183-30-quantumike-micrometer-con-spc-3-a-4-76-2-a-101-6-mm\/\" \/>\n<meta property=\"og:locale\" content=\"es_MX\" \/>\n<meta property=\"og:type\" content=\"article\" \/>\n<meta property=\"og:title\" content=\"Mitutoyo 293-183-30 quantumike micrometer con spc, 3 a 4&quot;- 76.2 a 101.6 mm - Abaa tienda online\" \/>\n<meta property=\"og:description\" content=\"Un micr\u00f3metro digim\u00e1tico con conversi\u00f3n pulgada\/m\u00e9trica y rangos de medici\u00f3n de 3 a 4&quot;\/ 76.2 a 101.6 mm. Cuenta con un nivel de protecci\u00f3n IP65 y un puerto de salida para la transferencia SPC de datos de medici\u00f3n.\" \/>\n<meta property=\"og:url\" content=\"https:\/\/abaa.mx\/tienda\/mitutoyo-293-183-30-quantumike-micrometer-con-spc-3-a-4-76-2-a-101-6-mm\/\" \/>\n<meta property=\"og:site_name\" content=\"Abaa tienda online\" \/>\n<meta property=\"article:modified_time\" content=\"2023-12-01T19:48:21+00:00\" \/>\n<meta property=\"og:image\" content=\"https:\/\/abaa.mx\/tienda\/wp-content\/uploads\/2023\/09\/293-183-30.jpg\" \/>\n\t<meta property=\"og:image:width\" content=\"500\" \/>\n\t<meta property=\"og:image:height\" content=\"500\" \/>\n\t<meta property=\"og:image:type\" content=\"image\/jpeg\" \/>\n<meta name=\"twitter:card\" content=\"summary_large_image\" \/>\n<meta name=\"twitter:label1\" content=\"Tiempo de lectura\" \/>\n\t<meta name=\"twitter:data1\" content=\"1 minuto\" \/>\n<script type=\"application\/ld+json\" class=\"yoast-schema-graph\">{\"@context\":\"https:\/\/schema.org\",\"@graph\":[{\"@type\":\"WebPage\",\"@id\":\"https:\/\/abaa.mx\/tienda\/mitutoyo-293-183-30-quantumike-micrometer-con-spc-3-a-4-76-2-a-101-6-mm\/\",\"url\":\"https:\/\/abaa.mx\/tienda\/mitutoyo-293-183-30-quantumike-micrometer-con-spc-3-a-4-76-2-a-101-6-mm\/\",\"name\":\"Mitutoyo 293-183-30 quantumike micrometer con spc, 3 a 4\\\"- 76.2 a 101.6 mm - Abaa tienda online\",\"isPartOf\":{\"@id\":\"https:\/\/abaa.mx\/tienda\/#website\"},\"primaryImageOfPage\":{\"@id\":\"https:\/\/abaa.mx\/tienda\/mitutoyo-293-183-30-quantumike-micrometer-con-spc-3-a-4-76-2-a-101-6-mm\/#primaryimage\"},\"image\":{\"@id\":\"https:\/\/abaa.mx\/tienda\/mitutoyo-293-183-30-quantumike-micrometer-con-spc-3-a-4-76-2-a-101-6-mm\/#primaryimage\"},\"thumbnailUrl\":\"https:\/\/abaa.mx\/tienda\/wp-content\/uploads\/2023\/09\/293-183-30.jpg\",\"datePublished\":\"2023-09-29T16:35:02+00:00\",\"dateModified\":\"2023-12-01T19:48:21+00:00\",\"breadcrumb\":{\"@id\":\"https:\/\/abaa.mx\/tienda\/mitutoyo-293-183-30-quantumike-micrometer-con-spc-3-a-4-76-2-a-101-6-mm\/#breadcrumb\"},\"inLanguage\":\"es\",\"potentialAction\":[{\"@type\":\"ReadAction\",\"target\":[\"https:\/\/abaa.mx\/tienda\/mitutoyo-293-183-30-quantumike-micrometer-con-spc-3-a-4-76-2-a-101-6-mm\/\"]}]},{\"@type\":\"ImageObject\",\"inLanguage\":\"es\",\"@id\":\"https:\/\/abaa.mx\/tienda\/mitutoyo-293-183-30-quantumike-micrometer-con-spc-3-a-4-76-2-a-101-6-mm\/#primaryimage\",\"url\":\"https:\/\/abaa.mx\/tienda\/wp-content\/uploads\/2023\/09\/293-183-30.jpg\",\"contentUrl\":\"https:\/\/abaa.mx\/tienda\/wp-content\/uploads\/2023\/09\/293-183-30.jpg\",\"width\":500,\"height\":500,\"caption\":\"mitutoyo-293-183-30-quantumike-micrometer-con-spc-3-a-4-76-2-a-101-6-mm\"},{\"@type\":\"BreadcrumbList\",\"@id\":\"https:\/\/abaa.mx\/tienda\/mitutoyo-293-183-30-quantumike-micrometer-con-spc-3-a-4-76-2-a-101-6-mm\/#breadcrumb\",\"itemListElement\":[{\"@type\":\"ListItem\",\"position\":1,\"name\":\"Inicio\",\"item\":\"https:\/\/abaa.mx\/tienda\/\"},{\"@type\":\"ListItem\",\"position\":2,\"name\":\"Tienda\",\"item\":\"https:\/\/abaa.mx\/tienda\/\"},{\"@type\":\"ListItem\",\"position\":3,\"name\":\"Mitutoyo 293-183-30 quantumike micrometer con spc, 3 a 4&#8243;- 76.2 a 101.6 mm\"}]},{\"@type\":\"WebSite\",\"@id\":\"https:\/\/abaa.mx\/tienda\/#website\",\"url\":\"https:\/\/abaa.mx\/tienda\/\",\"name\":\"Abaa tienda online\",\"description\":\"Instrumentos de medici\u00f3n\",\"publisher\":{\"@id\":\"https:\/\/abaa.mx\/tienda\/#organization\"},\"potentialAction\":[{\"@type\":\"SearchAction\",\"target\":{\"@type\":\"EntryPoint\",\"urlTemplate\":\"https:\/\/abaa.mx\/tienda\/?s={search_term_string}\"},\"query-input\":{\"@type\":\"PropertyValueSpecification\",\"valueRequired\":true,\"valueName\":\"search_term_string\"}}],\"inLanguage\":\"es\"},{\"@type\":\"Organization\",\"@id\":\"https:\/\/abaa.mx\/tienda\/#organization\",\"name\":\"Abaa tienda online\",\"url\":\"https:\/\/abaa.mx\/tienda\/\",\"logo\":{\"@type\":\"ImageObject\",\"inLanguage\":\"es\",\"@id\":\"https:\/\/abaa.mx\/tienda\/#\/schema\/logo\/image\/\",\"url\":\"https:\/\/abaa.mx\/tienda\/wp-content\/uploads\/2024\/01\/abaa-metrologia-tienda.png\",\"contentUrl\":\"https:\/\/abaa.mx\/tienda\/wp-content\/uploads\/2024\/01\/abaa-metrologia-tienda.png\",\"width\":300,\"height\":141,\"caption\":\"Abaa tienda online\"},\"image\":{\"@id\":\"https:\/\/abaa.mx\/tienda\/#\/schema\/logo\/image\/\"}}]}<\/script>\n<!-- \/ Yoast SEO plugin. -->","yoast_head_json":{"title":"Mitutoyo 293-183-30 quantumike micrometer con spc, 3 a 4\"- 76.2 a 101.6 mm - Abaa tienda online","robots":{"index":"index","follow":"follow","max-snippet":"max-snippet:-1","max-image-preview":"max-image-preview:large","max-video-preview":"max-video-preview:-1"},"canonical":"https:\/\/abaa.mx\/tienda\/mitutoyo-293-183-30-quantumike-micrometer-con-spc-3-a-4-76-2-a-101-6-mm\/","og_locale":"es_MX","og_type":"article","og_title":"Mitutoyo 293-183-30 quantumike micrometer con spc, 3 a 4\"- 76.2 a 101.6 mm - Abaa tienda online","og_description":"Un micr\u00f3metro digim\u00e1tico con conversi\u00f3n pulgada\/m\u00e9trica y rangos de medici\u00f3n de 3 a 4\"\/ 76.2 a 101.6 mm. Cuenta con un nivel de protecci\u00f3n IP65 y un puerto de salida para la transferencia SPC de datos de medici\u00f3n.","og_url":"https:\/\/abaa.mx\/tienda\/mitutoyo-293-183-30-quantumike-micrometer-con-spc-3-a-4-76-2-a-101-6-mm\/","og_site_name":"Abaa tienda online","article_modified_time":"2023-12-01T19:48:21+00:00","og_image":[{"width":500,"height":500,"url":"https:\/\/abaa.mx\/tienda\/wp-content\/uploads\/2023\/09\/293-183-30.jpg","type":"image\/jpeg"}],"twitter_card":"summary_large_image","twitter_misc":{"Tiempo de lectura":"1 minuto"},"schema":{"@context":"https:\/\/schema.org","@graph":[{"@type":"WebPage","@id":"https:\/\/abaa.mx\/tienda\/mitutoyo-293-183-30-quantumike-micrometer-con-spc-3-a-4-76-2-a-101-6-mm\/","url":"https:\/\/abaa.mx\/tienda\/mitutoyo-293-183-30-quantumike-micrometer-con-spc-3-a-4-76-2-a-101-6-mm\/","name":"Mitutoyo 293-183-30 quantumike micrometer con spc, 3 a 4\"- 76.2 a 101.6 mm - Abaa tienda online","isPartOf":{"@id":"https:\/\/abaa.mx\/tienda\/#website"},"primaryImageOfPage":{"@id":"https:\/\/abaa.mx\/tienda\/mitutoyo-293-183-30-quantumike-micrometer-con-spc-3-a-4-76-2-a-101-6-mm\/#primaryimage"},"image":{"@id":"https:\/\/abaa.mx\/tienda\/mitutoyo-293-183-30-quantumike-micrometer-con-spc-3-a-4-76-2-a-101-6-mm\/#primaryimage"},"thumbnailUrl":"https:\/\/abaa.mx\/tienda\/wp-content\/uploads\/2023\/09\/293-183-30.jpg","datePublished":"2023-09-29T16:35:02+00:00","dateModified":"2023-12-01T19:48:21+00:00","breadcrumb":{"@id":"https:\/\/abaa.mx\/tienda\/mitutoyo-293-183-30-quantumike-micrometer-con-spc-3-a-4-76-2-a-101-6-mm\/#breadcrumb"},"inLanguage":"es","potentialAction":[{"@type":"ReadAction","target":["https:\/\/abaa.mx\/tienda\/mitutoyo-293-183-30-quantumike-micrometer-con-spc-3-a-4-76-2-a-101-6-mm\/"]}]},{"@type":"ImageObject","inLanguage":"es","@id":"https:\/\/abaa.mx\/tienda\/mitutoyo-293-183-30-quantumike-micrometer-con-spc-3-a-4-76-2-a-101-6-mm\/#primaryimage","url":"https:\/\/abaa.mx\/tienda\/wp-content\/uploads\/2023\/09\/293-183-30.jpg","contentUrl":"https:\/\/abaa.mx\/tienda\/wp-content\/uploads\/2023\/09\/293-183-30.jpg","width":500,"height":500,"caption":"mitutoyo-293-183-30-quantumike-micrometer-con-spc-3-a-4-76-2-a-101-6-mm"},{"@type":"BreadcrumbList","@id":"https:\/\/abaa.mx\/tienda\/mitutoyo-293-183-30-quantumike-micrometer-con-spc-3-a-4-76-2-a-101-6-mm\/#breadcrumb","itemListElement":[{"@type":"ListItem","position":1,"name":"Inicio","item":"https:\/\/abaa.mx\/tienda\/"},{"@type":"ListItem","position":2,"name":"Tienda","item":"https:\/\/abaa.mx\/tienda\/"},{"@type":"ListItem","position":3,"name":"Mitutoyo 293-183-30 quantumike micrometer con spc, 3 a 4&#8243;- 76.2 a 101.6 mm"}]},{"@type":"WebSite","@id":"https:\/\/abaa.mx\/tienda\/#website","url":"https:\/\/abaa.mx\/tienda\/","name":"Abaa tienda online","description":"Instrumentos de medici\u00f3n","publisher":{"@id":"https:\/\/abaa.mx\/tienda\/#organization"},"potentialAction":[{"@type":"SearchAction","target":{"@type":"EntryPoint","urlTemplate":"https:\/\/abaa.mx\/tienda\/?s={search_term_string}"},"query-input":{"@type":"PropertyValueSpecification","valueRequired":true,"valueName":"search_term_string"}}],"inLanguage":"es"},{"@type":"Organization","@id":"https:\/\/abaa.mx\/tienda\/#organization","name":"Abaa tienda online","url":"https:\/\/abaa.mx\/tienda\/","logo":{"@type":"ImageObject","inLanguage":"es","@id":"https:\/\/abaa.mx\/tienda\/#\/schema\/logo\/image\/","url":"https:\/\/abaa.mx\/tienda\/wp-content\/uploads\/2024\/01\/abaa-metrologia-tienda.png","contentUrl":"https:\/\/abaa.mx\/tienda\/wp-content\/uploads\/2024\/01\/abaa-metrologia-tienda.png","width":300,"height":141,"caption":"Abaa tienda online"},"image":{"@id":"https:\/\/abaa.mx\/tienda\/#\/schema\/logo\/image\/"}}]}},"_links":{"self":[{"href":"https:\/\/abaa.mx\/tienda\/wp-json\/wp\/v2\/product\/3752","targetHints":{"allow":["GET"]}}],"collection":[{"href":"https:\/\/abaa.mx\/tienda\/wp-json\/wp\/v2\/product"}],"about":[{"href":"https:\/\/abaa.mx\/tienda\/wp-json\/wp\/v2\/types\/product"}],"replies":[{"embeddable":true,"href":"https:\/\/abaa.mx\/tienda\/wp-json\/wp\/v2\/comments?post=3752"}],"wp:featuredmedia":[{"embeddable":true,"href":"https:\/\/abaa.mx\/tienda\/wp-json\/wp\/v2\/media\/3780"}],"wp:attachment":[{"href":"https:\/\/abaa.mx\/tienda\/wp-json\/wp\/v2\/media?parent=3752"}],"wp:term":[{"taxonomy":"product_brand","embeddable":true,"href":"https:\/\/abaa.mx\/tienda\/wp-json\/wp\/v2\/product_brand?post=3752"},{"taxonomy":"product_cat","embeddable":true,"href":"https:\/\/abaa.mx\/tienda\/wp-json\/wp\/v2\/product_cat?post=3752"},{"taxonomy":"product_tag","embeddable":true,"href":"https:\/\/abaa.mx\/tienda\/wp-json\/wp\/v2\/product_tag?post=3752"}],"curies":[{"name":"wp","href":"https:\/\/api.w.org\/{rel}","templated":true}]}}