{"id":3735,"date":"2023-09-29T16:01:21","date_gmt":"2023-09-29T16:01:21","guid":{"rendered":"https:\/\/abaa.mx\/tienda\/?post_type=product&#038;p=3735"},"modified":"2023-09-29T16:01:22","modified_gmt":"2023-09-29T16:01:22","slug":"manometro-de-tubo-en-u-dwyer-1222-36-d-18-0-18w-c-usando-liquido-de-calibre-rojo","status":"publish","type":"product","link":"https:\/\/abaa.mx\/tienda\/manometro-de-tubo-en-u-dwyer-1222-36-d-18-0-18w-c-usando-liquido-de-calibre-rojo\/","title":{"rendered":"man\u00f3metro de tubo en u dwyer 1222-36-d (18-0-18&#8243;w.c.) usando l\u00edquido de calibre rojo"},"content":{"rendered":"<h4>Dwyer 1222-36-D MAN\u00d3METRO U-TUBE 18-0-18<\/h4>\n<p><strong>CARACTER\u00cdSTICAS T\u00c9CNICAS:<\/strong><\/p>\n<ul>\n<li>Mide presiones positivas, negativas y diferenciales.<\/li>\n<li>Combine la precisi\u00f3n inherente del simple tubo en &#8220;U&#8221; con la durabilidad de la construcci\u00f3n de pl\u00e1stico resistente y duradera.<\/li>\n<li>U-gage b\u00e1sico.<\/li>\n<li>Man\u00f3metro de tubo en U confiable que resiste el uso intensivo y proporciona lecturas precisas y de alta visibilidad.<\/li>\n<li>Para usar con agua, mercurio o aceite de calibre rojo.<\/li>\n<li>Para man\u00f3metros llenos de mercurio, una barra de abrazadera de incrustaci\u00f3n, Dwyer Parte No. Se recomienda A-363 (disponible como extra para la Serie 1221 &#8211; y est\u00e1ndar en la Serie 1222).<\/li>\n<li>Un par de enchufes de transporte y un par de conectores de tubo de vinilo no torcidos se incluyen con cada man\u00f3metro.<\/li>\n<li>Las columnas son de .375 &#8220;O.D. flexible y a prueba de roturas de tubos de butirato transparente.<\/li>\n<li>Son f\u00e1cilmente accesibles para la limpieza.<\/li>\n<li>El tubo indicador est\u00e1 respaldado por un canal de escala blanca para proporcionar el m\u00e1ximo contraste de color.<\/li>\n<li>Las escamas son de pl\u00e1stico poliestireno extruido de alto impacto, formado para mantener las columnas en perfecta alineaci\u00f3n.<\/li>\n<li>Las escalas blancas tienen graduaciones y n\u00fameros serigrafiados en negro para una m\u00e1xima legibilidad.<\/li>\n<li>Puede elegir entre numerosos modelos y caracter\u00edsticas, incluidas trampas de seguridad de sobrepresi\u00f3n, en rangos de escala completa de 8 &#8220;a 36&#8221; de agua o mercurio.<\/li>\n<li>Todos son adecuados para presiones totales de hasta 100 psi, para determinar la velocidad y las presiones est\u00e1ticas, las fugas, la eficiencia del ventilador y el soplador, la resistencia del filtro y las presiones de gas.<\/li>\n<li>Ideal donde se necesite un man\u00f3metro port\u00e1til de lectura directa.<\/li>\n<li>Rangos y marcas est\u00e1ndar como se muestra, o rangos especiales, colores, logotipos y nombres de marcas para pedidos de cantidad OEM est\u00e1n disponibles.<\/li>\n<li>Las divisiones menores de la columna de agua de 1\/10&#8243; (o la columna de agua de 2 mm en unidades m\u00e9tricas) se serigrafian en negro azabache en escala blanca para una definici\u00f3n positiva.<\/li>\n<li>F\u00e1ciles de leer, incluso a distancia, est\u00e1n recubiertos de acr\u00edlico para la permanencia.<\/li>\n<li>Viene con una botella de 3\/4 onzas de concentrado de color verde fluoresce\u00edna con agente humectante especial para los modelos W\/M, o una botella de 3\/4 onza de aceite de calibre rojo para unidades &#8220;D&#8221;.<\/li>\n<\/ul>\n<p>&nbsp;<\/p>\n","protected":false},"excerpt":{"rendered":"<p>Mide presiones positivas, negativas y diferenciales. Combine la precisi\u00f3n inherente del simple tubo en &#8220;U&#8221; con la durabilidad de la construcci\u00f3n de pl\u00e1stico resistente y duradera.<\/p>\n","protected":false},"featured_media":3740,"comment_status":"open","ping_status":"closed","template":"","meta":{"_joinchat":[]},"product_brand":[],"product_cat":[15],"product_tag":[],"class_list":{"0":"post-3735","1":"product","2":"type-product","3":"status-publish","4":"has-post-thumbnail","6":"product_cat-sin-categorizar","8":"first","9":"instock","10":"shipping-taxable","11":"product-type-simple"},"yoast_head":"<!-- This site is optimized with the Yoast SEO plugin v26.4 - https:\/\/yoast.com\/wordpress\/plugins\/seo\/ -->\n<title>man\u00f3metro de tubo en u dwyer 1222-36-d (18-0-18&quot;w.c.) usando l\u00edquido de calibre rojo - Abaa tienda online<\/title>\n<meta name=\"robots\" content=\"index, follow, max-snippet:-1, max-image-preview:large, max-video-preview:-1\" \/>\n<link rel=\"canonical\" href=\"https:\/\/abaa.mx\/tienda\/manometro-de-tubo-en-u-dwyer-1222-36-d-18-0-18w-c-usando-liquido-de-calibre-rojo\/\" \/>\n<meta property=\"og:locale\" content=\"es_MX\" \/>\n<meta property=\"og:type\" content=\"article\" \/>\n<meta property=\"og:title\" content=\"man\u00f3metro de tubo en u dwyer 1222-36-d (18-0-18&quot;w.c.) usando l\u00edquido de calibre rojo - Abaa tienda online\" \/>\n<meta property=\"og:description\" content=\"Mide presiones positivas, negativas y diferenciales. Combine la precisi\u00f3n inherente del simple tubo en &quot;U&quot; con la durabilidad de la construcci\u00f3n de pl\u00e1stico resistente y duradera.\" \/>\n<meta property=\"og:url\" content=\"https:\/\/abaa.mx\/tienda\/manometro-de-tubo-en-u-dwyer-1222-36-d-18-0-18w-c-usando-liquido-de-calibre-rojo\/\" \/>\n<meta property=\"og:site_name\" content=\"Abaa tienda online\" \/>\n<meta property=\"article:modified_time\" content=\"2023-09-29T16:01:22+00:00\" \/>\n<meta property=\"og:image\" content=\"https:\/\/abaa.mx\/tienda\/wp-content\/uploads\/2023\/09\/1222-36-D.jpg\" \/>\n\t<meta property=\"og:image:width\" content=\"270\" \/>\n\t<meta property=\"og:image:height\" content=\"500\" \/>\n\t<meta property=\"og:image:type\" content=\"image\/jpeg\" \/>\n<meta name=\"twitter:card\" content=\"summary_large_image\" \/>\n<meta name=\"twitter:label1\" content=\"Tiempo de lectura\" \/>\n\t<meta name=\"twitter:data1\" content=\"2 minutos\" \/>\n<script type=\"application\/ld+json\" class=\"yoast-schema-graph\">{\"@context\":\"https:\/\/schema.org\",\"@graph\":[{\"@type\":\"WebPage\",\"@id\":\"https:\/\/abaa.mx\/tienda\/manometro-de-tubo-en-u-dwyer-1222-36-d-18-0-18w-c-usando-liquido-de-calibre-rojo\/\",\"url\":\"https:\/\/abaa.mx\/tienda\/manometro-de-tubo-en-u-dwyer-1222-36-d-18-0-18w-c-usando-liquido-de-calibre-rojo\/\",\"name\":\"man\u00f3metro de tubo en u dwyer 1222-36-d (18-0-18\\\"w.c.) usando l\u00edquido de calibre rojo - Abaa tienda online\",\"isPartOf\":{\"@id\":\"https:\/\/abaa.mx\/tienda\/#website\"},\"primaryImageOfPage\":{\"@id\":\"https:\/\/abaa.mx\/tienda\/manometro-de-tubo-en-u-dwyer-1222-36-d-18-0-18w-c-usando-liquido-de-calibre-rojo\/#primaryimage\"},\"image\":{\"@id\":\"https:\/\/abaa.mx\/tienda\/manometro-de-tubo-en-u-dwyer-1222-36-d-18-0-18w-c-usando-liquido-de-calibre-rojo\/#primaryimage\"},\"thumbnailUrl\":\"https:\/\/abaa.mx\/tienda\/wp-content\/uploads\/2023\/09\/1222-36-D.jpg\",\"datePublished\":\"2023-09-29T16:01:21+00:00\",\"dateModified\":\"2023-09-29T16:01:22+00:00\",\"breadcrumb\":{\"@id\":\"https:\/\/abaa.mx\/tienda\/manometro-de-tubo-en-u-dwyer-1222-36-d-18-0-18w-c-usando-liquido-de-calibre-rojo\/#breadcrumb\"},\"inLanguage\":\"es\",\"potentialAction\":[{\"@type\":\"ReadAction\",\"target\":[\"https:\/\/abaa.mx\/tienda\/manometro-de-tubo-en-u-dwyer-1222-36-d-18-0-18w-c-usando-liquido-de-calibre-rojo\/\"]}]},{\"@type\":\"ImageObject\",\"inLanguage\":\"es\",\"@id\":\"https:\/\/abaa.mx\/tienda\/manometro-de-tubo-en-u-dwyer-1222-36-d-18-0-18w-c-usando-liquido-de-calibre-rojo\/#primaryimage\",\"url\":\"https:\/\/abaa.mx\/tienda\/wp-content\/uploads\/2023\/09\/1222-36-D.jpg\",\"contentUrl\":\"https:\/\/abaa.mx\/tienda\/wp-content\/uploads\/2023\/09\/1222-36-D.jpg\",\"width\":270,\"height\":500,\"caption\":\"1222-36-D\"},{\"@type\":\"BreadcrumbList\",\"@id\":\"https:\/\/abaa.mx\/tienda\/manometro-de-tubo-en-u-dwyer-1222-36-d-18-0-18w-c-usando-liquido-de-calibre-rojo\/#breadcrumb\",\"itemListElement\":[{\"@type\":\"ListItem\",\"position\":1,\"name\":\"Inicio\",\"item\":\"https:\/\/abaa.mx\/tienda\/\"},{\"@type\":\"ListItem\",\"position\":2,\"name\":\"Tienda\",\"item\":\"https:\/\/abaa.mx\/tienda\/\"},{\"@type\":\"ListItem\",\"position\":3,\"name\":\"man\u00f3metro de tubo en u dwyer 1222-36-d (18-0-18&#8243;w.c.) usando l\u00edquido de calibre rojo\"}]},{\"@type\":\"WebSite\",\"@id\":\"https:\/\/abaa.mx\/tienda\/#website\",\"url\":\"https:\/\/abaa.mx\/tienda\/\",\"name\":\"Abaa tienda online\",\"description\":\"Instrumentos de medici\u00f3n\",\"publisher\":{\"@id\":\"https:\/\/abaa.mx\/tienda\/#organization\"},\"potentialAction\":[{\"@type\":\"SearchAction\",\"target\":{\"@type\":\"EntryPoint\",\"urlTemplate\":\"https:\/\/abaa.mx\/tienda\/?s={search_term_string}\"},\"query-input\":{\"@type\":\"PropertyValueSpecification\",\"valueRequired\":true,\"valueName\":\"search_term_string\"}}],\"inLanguage\":\"es\"},{\"@type\":\"Organization\",\"@id\":\"https:\/\/abaa.mx\/tienda\/#organization\",\"name\":\"Abaa tienda online\",\"url\":\"https:\/\/abaa.mx\/tienda\/\",\"logo\":{\"@type\":\"ImageObject\",\"inLanguage\":\"es\",\"@id\":\"https:\/\/abaa.mx\/tienda\/#\/schema\/logo\/image\/\",\"url\":\"https:\/\/abaa.mx\/tienda\/wp-content\/uploads\/2024\/01\/abaa-metrologia-tienda.png\",\"contentUrl\":\"https:\/\/abaa.mx\/tienda\/wp-content\/uploads\/2024\/01\/abaa-metrologia-tienda.png\",\"width\":300,\"height\":141,\"caption\":\"Abaa tienda online\"},\"image\":{\"@id\":\"https:\/\/abaa.mx\/tienda\/#\/schema\/logo\/image\/\"}}]}<\/script>\n<!-- \/ Yoast SEO plugin. -->","yoast_head_json":{"title":"man\u00f3metro de tubo en u dwyer 1222-36-d (18-0-18\"w.c.) usando l\u00edquido de calibre rojo - Abaa tienda online","robots":{"index":"index","follow":"follow","max-snippet":"max-snippet:-1","max-image-preview":"max-image-preview:large","max-video-preview":"max-video-preview:-1"},"canonical":"https:\/\/abaa.mx\/tienda\/manometro-de-tubo-en-u-dwyer-1222-36-d-18-0-18w-c-usando-liquido-de-calibre-rojo\/","og_locale":"es_MX","og_type":"article","og_title":"man\u00f3metro de tubo en u dwyer 1222-36-d (18-0-18\"w.c.) usando l\u00edquido de calibre rojo - Abaa tienda online","og_description":"Mide presiones positivas, negativas y diferenciales. Combine la precisi\u00f3n inherente del simple tubo en \"U\" con la durabilidad de la construcci\u00f3n de pl\u00e1stico resistente y duradera.","og_url":"https:\/\/abaa.mx\/tienda\/manometro-de-tubo-en-u-dwyer-1222-36-d-18-0-18w-c-usando-liquido-de-calibre-rojo\/","og_site_name":"Abaa tienda online","article_modified_time":"2023-09-29T16:01:22+00:00","og_image":[{"width":270,"height":500,"url":"https:\/\/abaa.mx\/tienda\/wp-content\/uploads\/2023\/09\/1222-36-D.jpg","type":"image\/jpeg"}],"twitter_card":"summary_large_image","twitter_misc":{"Tiempo de lectura":"2 minutos"},"schema":{"@context":"https:\/\/schema.org","@graph":[{"@type":"WebPage","@id":"https:\/\/abaa.mx\/tienda\/manometro-de-tubo-en-u-dwyer-1222-36-d-18-0-18w-c-usando-liquido-de-calibre-rojo\/","url":"https:\/\/abaa.mx\/tienda\/manometro-de-tubo-en-u-dwyer-1222-36-d-18-0-18w-c-usando-liquido-de-calibre-rojo\/","name":"man\u00f3metro de tubo en u dwyer 1222-36-d (18-0-18\"w.c.) usando l\u00edquido de calibre rojo - Abaa tienda online","isPartOf":{"@id":"https:\/\/abaa.mx\/tienda\/#website"},"primaryImageOfPage":{"@id":"https:\/\/abaa.mx\/tienda\/manometro-de-tubo-en-u-dwyer-1222-36-d-18-0-18w-c-usando-liquido-de-calibre-rojo\/#primaryimage"},"image":{"@id":"https:\/\/abaa.mx\/tienda\/manometro-de-tubo-en-u-dwyer-1222-36-d-18-0-18w-c-usando-liquido-de-calibre-rojo\/#primaryimage"},"thumbnailUrl":"https:\/\/abaa.mx\/tienda\/wp-content\/uploads\/2023\/09\/1222-36-D.jpg","datePublished":"2023-09-29T16:01:21+00:00","dateModified":"2023-09-29T16:01:22+00:00","breadcrumb":{"@id":"https:\/\/abaa.mx\/tienda\/manometro-de-tubo-en-u-dwyer-1222-36-d-18-0-18w-c-usando-liquido-de-calibre-rojo\/#breadcrumb"},"inLanguage":"es","potentialAction":[{"@type":"ReadAction","target":["https:\/\/abaa.mx\/tienda\/manometro-de-tubo-en-u-dwyer-1222-36-d-18-0-18w-c-usando-liquido-de-calibre-rojo\/"]}]},{"@type":"ImageObject","inLanguage":"es","@id":"https:\/\/abaa.mx\/tienda\/manometro-de-tubo-en-u-dwyer-1222-36-d-18-0-18w-c-usando-liquido-de-calibre-rojo\/#primaryimage","url":"https:\/\/abaa.mx\/tienda\/wp-content\/uploads\/2023\/09\/1222-36-D.jpg","contentUrl":"https:\/\/abaa.mx\/tienda\/wp-content\/uploads\/2023\/09\/1222-36-D.jpg","width":270,"height":500,"caption":"1222-36-D"},{"@type":"BreadcrumbList","@id":"https:\/\/abaa.mx\/tienda\/manometro-de-tubo-en-u-dwyer-1222-36-d-18-0-18w-c-usando-liquido-de-calibre-rojo\/#breadcrumb","itemListElement":[{"@type":"ListItem","position":1,"name":"Inicio","item":"https:\/\/abaa.mx\/tienda\/"},{"@type":"ListItem","position":2,"name":"Tienda","item":"https:\/\/abaa.mx\/tienda\/"},{"@type":"ListItem","position":3,"name":"man\u00f3metro de tubo en u dwyer 1222-36-d (18-0-18&#8243;w.c.) usando l\u00edquido de calibre rojo"}]},{"@type":"WebSite","@id":"https:\/\/abaa.mx\/tienda\/#website","url":"https:\/\/abaa.mx\/tienda\/","name":"Abaa tienda online","description":"Instrumentos de medici\u00f3n","publisher":{"@id":"https:\/\/abaa.mx\/tienda\/#organization"},"potentialAction":[{"@type":"SearchAction","target":{"@type":"EntryPoint","urlTemplate":"https:\/\/abaa.mx\/tienda\/?s={search_term_string}"},"query-input":{"@type":"PropertyValueSpecification","valueRequired":true,"valueName":"search_term_string"}}],"inLanguage":"es"},{"@type":"Organization","@id":"https:\/\/abaa.mx\/tienda\/#organization","name":"Abaa tienda online","url":"https:\/\/abaa.mx\/tienda\/","logo":{"@type":"ImageObject","inLanguage":"es","@id":"https:\/\/abaa.mx\/tienda\/#\/schema\/logo\/image\/","url":"https:\/\/abaa.mx\/tienda\/wp-content\/uploads\/2024\/01\/abaa-metrologia-tienda.png","contentUrl":"https:\/\/abaa.mx\/tienda\/wp-content\/uploads\/2024\/01\/abaa-metrologia-tienda.png","width":300,"height":141,"caption":"Abaa tienda online"},"image":{"@id":"https:\/\/abaa.mx\/tienda\/#\/schema\/logo\/image\/"}}]}},"_links":{"self":[{"href":"https:\/\/abaa.mx\/tienda\/wp-json\/wp\/v2\/product\/3735","targetHints":{"allow":["GET"]}}],"collection":[{"href":"https:\/\/abaa.mx\/tienda\/wp-json\/wp\/v2\/product"}],"about":[{"href":"https:\/\/abaa.mx\/tienda\/wp-json\/wp\/v2\/types\/product"}],"replies":[{"embeddable":true,"href":"https:\/\/abaa.mx\/tienda\/wp-json\/wp\/v2\/comments?post=3735"}],"wp:featuredmedia":[{"embeddable":true,"href":"https:\/\/abaa.mx\/tienda\/wp-json\/wp\/v2\/media\/3740"}],"wp:attachment":[{"href":"https:\/\/abaa.mx\/tienda\/wp-json\/wp\/v2\/media?parent=3735"}],"wp:term":[{"taxonomy":"product_brand","embeddable":true,"href":"https:\/\/abaa.mx\/tienda\/wp-json\/wp\/v2\/product_brand?post=3735"},{"taxonomy":"product_cat","embeddable":true,"href":"https:\/\/abaa.mx\/tienda\/wp-json\/wp\/v2\/product_cat?post=3735"},{"taxonomy":"product_tag","embeddable":true,"href":"https:\/\/abaa.mx\/tienda\/wp-json\/wp\/v2\/product_tag?post=3735"}],"curies":[{"name":"wp","href":"https:\/\/api.w.org\/{rel}","templated":true}]}}