{"id":3702,"date":"2023-09-29T15:41:27","date_gmt":"2023-09-29T15:41:27","guid":{"rendered":"https:\/\/abaa.mx\/tienda\/?post_type=product&#038;p=3702"},"modified":"2023-09-29T15:41:28","modified_gmt":"2023-09-29T15:41:28","slug":"mitutoyo-547-500s-medidor-de-espesor-digimatic-0-470-0-12mm-salida-spc","status":"publish","type":"product","link":"https:\/\/abaa.mx\/tienda\/mitutoyo-547-500s-medidor-de-espesor-digimatic-0-470-0-12mm-salida-spc\/","title":{"rendered":"Mitutoyo 547-500s medidor de espesor digimatic, 0-.470&#8243; (0-12mm), salida spc"},"content":{"rendered":"<h5><strong>Funciones<\/strong><\/h5>\n<ul>\n<li>El medidor de espesor mide de 0 a 0.47&#8243; (0 a 12 mm) con una resoluci\u00f3n de 0.0005&#8243; y una precisi\u00f3n de + o -0.001&#8243;, para medir el grosor de piezas de trabajo de chapa, pl\u00e1stico o caucho<\/li>\n<li>La pantalla LCD se muestra en pulgadas y unidades m\u00e9tricas<\/li>\n<li>El punto de contacto y el yunque tienen caras de medici\u00f3n planas y son cer\u00e1micos para resistencia a la corrosi\u00f3n<\/li>\n<li>Mango de agarre, gatillo del pulgar y husillo accionado por resorte para tomar medidas precisas<\/li>\n<li>Las funciones incluyen ajuste de origen y cambio de direcci\u00f3n<\/li>\n<li>Incorpora indicador digim\u00e1tico de la serie ID-S para proporcionar lecturas LCD sin errores<\/li>\n<li>Yunque plano<\/li>\n<\/ul>\n<h4>Especificaciones<\/h4>\n<table class=\"table table-striped\">\n<tbody>\n<tr>\n<td>Gama<\/td>\n<td>0 a 0,47&#8243; (0 a 12 mm)<\/td>\n<\/tr>\n<tr>\n<td>Resoluci\u00f3n<\/td>\n<td>0,0005&#8243; (0,01 mm)<\/td>\n<\/tr>\n<tr>\n<td>Exactitud<\/td>\n<td>0.001&#8243;<\/td>\n<\/tr>\n<tr>\n<td>Fuerza de medici\u00f3n<\/td>\n<td>Menos de 1,5N<\/td>\n<\/tr>\n<tr>\n<td>Indicador<\/td>\n<td>IDS digim\u00e1tico<\/td>\n<\/tr>\n<\/tbody>\n<\/table>\n","protected":false},"excerpt":{"rendered":"<p class=\"short-description mhide ipad-view-setting\">El medidor de espesor digim\u00e1tico Mitutoyo 547-500S con yunque plano tiene un rango de .47 &#8220;\/ 12 mm con resoluci\u00f3n de .0005 &#8220;\/ 0.01 mm.<\/p>\n<p class=\"comment-tag-product\">\n<div class=\"row-fluid\">\n<div class=\"span12 mobile-pricing-box-padding\">\n<form id=\"85097\" accept-charset=\"utf-8\" action=\"https:\/\/www.globaltestsupply.com\/shop\/add\" method=\"post\" name=\"addTocartFunction\">\n<div><\/div>\n<\/form>\n<\/div>\n<\/div>\n","protected":false},"featured_media":3710,"comment_status":"open","ping_status":"closed","template":"","meta":{"_joinchat":[]},"product_brand":[],"product_cat":[15],"product_tag":[],"class_list":{"0":"post-3702","1":"product","2":"type-product","3":"status-publish","4":"has-post-thumbnail","6":"product_cat-sin-categorizar","8":"first","9":"instock","10":"shipping-taxable","11":"product-type-simple"},"yoast_head":"<!-- This site is optimized with the Yoast SEO plugin v26.4 - https:\/\/yoast.com\/wordpress\/plugins\/seo\/ -->\n<title>Mitutoyo 547-500s medidor de espesor digimatic, 0-.470&quot; (0-12mm), salida spc - Abaa tienda online<\/title>\n<meta name=\"robots\" content=\"index, follow, max-snippet:-1, max-image-preview:large, max-video-preview:-1\" \/>\n<link rel=\"canonical\" href=\"https:\/\/abaa.mx\/tienda\/mitutoyo-547-500s-medidor-de-espesor-digimatic-0-470-0-12mm-salida-spc\/\" \/>\n<meta property=\"og:locale\" content=\"es_MX\" \/>\n<meta property=\"og:type\" content=\"article\" \/>\n<meta property=\"og:title\" content=\"Mitutoyo 547-500s medidor de espesor digimatic, 0-.470&quot; (0-12mm), salida spc - Abaa tienda online\" \/>\n<meta property=\"og:description\" content=\"El medidor de espesor digim\u00e1tico Mitutoyo 547-500S con yunque plano tiene un rango de .47 &quot;\/ 12 mm con resoluci\u00f3n de .0005 &quot;\/ 0.01 mm.\" \/>\n<meta property=\"og:url\" content=\"https:\/\/abaa.mx\/tienda\/mitutoyo-547-500s-medidor-de-espesor-digimatic-0-470-0-12mm-salida-spc\/\" \/>\n<meta property=\"og:site_name\" content=\"Abaa tienda online\" \/>\n<meta property=\"article:modified_time\" content=\"2023-09-29T15:41:28+00:00\" \/>\n<meta property=\"og:image\" content=\"https:\/\/abaa.mx\/tienda\/wp-content\/uploads\/2023\/09\/547-500S.jpg\" \/>\n\t<meta property=\"og:image:width\" content=\"665\" \/>\n\t<meta property=\"og:image:height\" content=\"665\" \/>\n\t<meta property=\"og:image:type\" content=\"image\/jpeg\" \/>\n<meta name=\"twitter:card\" content=\"summary_large_image\" \/>\n<meta name=\"twitter:label1\" content=\"Tiempo de lectura\" \/>\n\t<meta name=\"twitter:data1\" content=\"1 minuto\" \/>\n<script type=\"application\/ld+json\" class=\"yoast-schema-graph\">{\"@context\":\"https:\/\/schema.org\",\"@graph\":[{\"@type\":\"WebPage\",\"@id\":\"https:\/\/abaa.mx\/tienda\/mitutoyo-547-500s-medidor-de-espesor-digimatic-0-470-0-12mm-salida-spc\/\",\"url\":\"https:\/\/abaa.mx\/tienda\/mitutoyo-547-500s-medidor-de-espesor-digimatic-0-470-0-12mm-salida-spc\/\",\"name\":\"Mitutoyo 547-500s medidor de espesor digimatic, 0-.470\\\" (0-12mm), salida spc - Abaa tienda online\",\"isPartOf\":{\"@id\":\"https:\/\/abaa.mx\/tienda\/#website\"},\"primaryImageOfPage\":{\"@id\":\"https:\/\/abaa.mx\/tienda\/mitutoyo-547-500s-medidor-de-espesor-digimatic-0-470-0-12mm-salida-spc\/#primaryimage\"},\"image\":{\"@id\":\"https:\/\/abaa.mx\/tienda\/mitutoyo-547-500s-medidor-de-espesor-digimatic-0-470-0-12mm-salida-spc\/#primaryimage\"},\"thumbnailUrl\":\"https:\/\/abaa.mx\/tienda\/wp-content\/uploads\/2023\/09\/547-500S.jpg\",\"datePublished\":\"2023-09-29T15:41:27+00:00\",\"dateModified\":\"2023-09-29T15:41:28+00:00\",\"breadcrumb\":{\"@id\":\"https:\/\/abaa.mx\/tienda\/mitutoyo-547-500s-medidor-de-espesor-digimatic-0-470-0-12mm-salida-spc\/#breadcrumb\"},\"inLanguage\":\"es\",\"potentialAction\":[{\"@type\":\"ReadAction\",\"target\":[\"https:\/\/abaa.mx\/tienda\/mitutoyo-547-500s-medidor-de-espesor-digimatic-0-470-0-12mm-salida-spc\/\"]}]},{\"@type\":\"ImageObject\",\"inLanguage\":\"es\",\"@id\":\"https:\/\/abaa.mx\/tienda\/mitutoyo-547-500s-medidor-de-espesor-digimatic-0-470-0-12mm-salida-spc\/#primaryimage\",\"url\":\"https:\/\/abaa.mx\/tienda\/wp-content\/uploads\/2023\/09\/547-500S.jpg\",\"contentUrl\":\"https:\/\/abaa.mx\/tienda\/wp-content\/uploads\/2023\/09\/547-500S.jpg\",\"width\":665,\"height\":665,\"caption\":\"mitutoyo-547-500s-medidor-de-espesor-digimatic-0-470-0-12mm-salida-spc\"},{\"@type\":\"BreadcrumbList\",\"@id\":\"https:\/\/abaa.mx\/tienda\/mitutoyo-547-500s-medidor-de-espesor-digimatic-0-470-0-12mm-salida-spc\/#breadcrumb\",\"itemListElement\":[{\"@type\":\"ListItem\",\"position\":1,\"name\":\"Inicio\",\"item\":\"https:\/\/abaa.mx\/tienda\/\"},{\"@type\":\"ListItem\",\"position\":2,\"name\":\"Tienda\",\"item\":\"https:\/\/abaa.mx\/tienda\/\"},{\"@type\":\"ListItem\",\"position\":3,\"name\":\"Mitutoyo 547-500s medidor de espesor digimatic, 0-.470&#8243; (0-12mm), salida spc\"}]},{\"@type\":\"WebSite\",\"@id\":\"https:\/\/abaa.mx\/tienda\/#website\",\"url\":\"https:\/\/abaa.mx\/tienda\/\",\"name\":\"Abaa tienda online\",\"description\":\"Instrumentos de medici\u00f3n\",\"publisher\":{\"@id\":\"https:\/\/abaa.mx\/tienda\/#organization\"},\"potentialAction\":[{\"@type\":\"SearchAction\",\"target\":{\"@type\":\"EntryPoint\",\"urlTemplate\":\"https:\/\/abaa.mx\/tienda\/?s={search_term_string}\"},\"query-input\":{\"@type\":\"PropertyValueSpecification\",\"valueRequired\":true,\"valueName\":\"search_term_string\"}}],\"inLanguage\":\"es\"},{\"@type\":\"Organization\",\"@id\":\"https:\/\/abaa.mx\/tienda\/#organization\",\"name\":\"Abaa tienda online\",\"url\":\"https:\/\/abaa.mx\/tienda\/\",\"logo\":{\"@type\":\"ImageObject\",\"inLanguage\":\"es\",\"@id\":\"https:\/\/abaa.mx\/tienda\/#\/schema\/logo\/image\/\",\"url\":\"https:\/\/abaa.mx\/tienda\/wp-content\/uploads\/2024\/01\/abaa-metrologia-tienda.png\",\"contentUrl\":\"https:\/\/abaa.mx\/tienda\/wp-content\/uploads\/2024\/01\/abaa-metrologia-tienda.png\",\"width\":300,\"height\":141,\"caption\":\"Abaa tienda online\"},\"image\":{\"@id\":\"https:\/\/abaa.mx\/tienda\/#\/schema\/logo\/image\/\"}}]}<\/script>\n<!-- \/ Yoast SEO plugin. -->","yoast_head_json":{"title":"Mitutoyo 547-500s medidor de espesor digimatic, 0-.470\" (0-12mm), salida spc - Abaa tienda online","robots":{"index":"index","follow":"follow","max-snippet":"max-snippet:-1","max-image-preview":"max-image-preview:large","max-video-preview":"max-video-preview:-1"},"canonical":"https:\/\/abaa.mx\/tienda\/mitutoyo-547-500s-medidor-de-espesor-digimatic-0-470-0-12mm-salida-spc\/","og_locale":"es_MX","og_type":"article","og_title":"Mitutoyo 547-500s medidor de espesor digimatic, 0-.470\" (0-12mm), salida spc - Abaa tienda online","og_description":"El medidor de espesor digim\u00e1tico Mitutoyo 547-500S con yunque plano tiene un rango de .47 \"\/ 12 mm con resoluci\u00f3n de .0005 \"\/ 0.01 mm.","og_url":"https:\/\/abaa.mx\/tienda\/mitutoyo-547-500s-medidor-de-espesor-digimatic-0-470-0-12mm-salida-spc\/","og_site_name":"Abaa tienda online","article_modified_time":"2023-09-29T15:41:28+00:00","og_image":[{"width":665,"height":665,"url":"https:\/\/abaa.mx\/tienda\/wp-content\/uploads\/2023\/09\/547-500S.jpg","type":"image\/jpeg"}],"twitter_card":"summary_large_image","twitter_misc":{"Tiempo de lectura":"1 minuto"},"schema":{"@context":"https:\/\/schema.org","@graph":[{"@type":"WebPage","@id":"https:\/\/abaa.mx\/tienda\/mitutoyo-547-500s-medidor-de-espesor-digimatic-0-470-0-12mm-salida-spc\/","url":"https:\/\/abaa.mx\/tienda\/mitutoyo-547-500s-medidor-de-espesor-digimatic-0-470-0-12mm-salida-spc\/","name":"Mitutoyo 547-500s medidor de espesor digimatic, 0-.470\" (0-12mm), salida spc - Abaa tienda online","isPartOf":{"@id":"https:\/\/abaa.mx\/tienda\/#website"},"primaryImageOfPage":{"@id":"https:\/\/abaa.mx\/tienda\/mitutoyo-547-500s-medidor-de-espesor-digimatic-0-470-0-12mm-salida-spc\/#primaryimage"},"image":{"@id":"https:\/\/abaa.mx\/tienda\/mitutoyo-547-500s-medidor-de-espesor-digimatic-0-470-0-12mm-salida-spc\/#primaryimage"},"thumbnailUrl":"https:\/\/abaa.mx\/tienda\/wp-content\/uploads\/2023\/09\/547-500S.jpg","datePublished":"2023-09-29T15:41:27+00:00","dateModified":"2023-09-29T15:41:28+00:00","breadcrumb":{"@id":"https:\/\/abaa.mx\/tienda\/mitutoyo-547-500s-medidor-de-espesor-digimatic-0-470-0-12mm-salida-spc\/#breadcrumb"},"inLanguage":"es","potentialAction":[{"@type":"ReadAction","target":["https:\/\/abaa.mx\/tienda\/mitutoyo-547-500s-medidor-de-espesor-digimatic-0-470-0-12mm-salida-spc\/"]}]},{"@type":"ImageObject","inLanguage":"es","@id":"https:\/\/abaa.mx\/tienda\/mitutoyo-547-500s-medidor-de-espesor-digimatic-0-470-0-12mm-salida-spc\/#primaryimage","url":"https:\/\/abaa.mx\/tienda\/wp-content\/uploads\/2023\/09\/547-500S.jpg","contentUrl":"https:\/\/abaa.mx\/tienda\/wp-content\/uploads\/2023\/09\/547-500S.jpg","width":665,"height":665,"caption":"mitutoyo-547-500s-medidor-de-espesor-digimatic-0-470-0-12mm-salida-spc"},{"@type":"BreadcrumbList","@id":"https:\/\/abaa.mx\/tienda\/mitutoyo-547-500s-medidor-de-espesor-digimatic-0-470-0-12mm-salida-spc\/#breadcrumb","itemListElement":[{"@type":"ListItem","position":1,"name":"Inicio","item":"https:\/\/abaa.mx\/tienda\/"},{"@type":"ListItem","position":2,"name":"Tienda","item":"https:\/\/abaa.mx\/tienda\/"},{"@type":"ListItem","position":3,"name":"Mitutoyo 547-500s medidor de espesor digimatic, 0-.470&#8243; (0-12mm), salida spc"}]},{"@type":"WebSite","@id":"https:\/\/abaa.mx\/tienda\/#website","url":"https:\/\/abaa.mx\/tienda\/","name":"Abaa tienda online","description":"Instrumentos de medici\u00f3n","publisher":{"@id":"https:\/\/abaa.mx\/tienda\/#organization"},"potentialAction":[{"@type":"SearchAction","target":{"@type":"EntryPoint","urlTemplate":"https:\/\/abaa.mx\/tienda\/?s={search_term_string}"},"query-input":{"@type":"PropertyValueSpecification","valueRequired":true,"valueName":"search_term_string"}}],"inLanguage":"es"},{"@type":"Organization","@id":"https:\/\/abaa.mx\/tienda\/#organization","name":"Abaa tienda online","url":"https:\/\/abaa.mx\/tienda\/","logo":{"@type":"ImageObject","inLanguage":"es","@id":"https:\/\/abaa.mx\/tienda\/#\/schema\/logo\/image\/","url":"https:\/\/abaa.mx\/tienda\/wp-content\/uploads\/2024\/01\/abaa-metrologia-tienda.png","contentUrl":"https:\/\/abaa.mx\/tienda\/wp-content\/uploads\/2024\/01\/abaa-metrologia-tienda.png","width":300,"height":141,"caption":"Abaa tienda online"},"image":{"@id":"https:\/\/abaa.mx\/tienda\/#\/schema\/logo\/image\/"}}]}},"_links":{"self":[{"href":"https:\/\/abaa.mx\/tienda\/wp-json\/wp\/v2\/product\/3702","targetHints":{"allow":["GET"]}}],"collection":[{"href":"https:\/\/abaa.mx\/tienda\/wp-json\/wp\/v2\/product"}],"about":[{"href":"https:\/\/abaa.mx\/tienda\/wp-json\/wp\/v2\/types\/product"}],"replies":[{"embeddable":true,"href":"https:\/\/abaa.mx\/tienda\/wp-json\/wp\/v2\/comments?post=3702"}],"wp:featuredmedia":[{"embeddable":true,"href":"https:\/\/abaa.mx\/tienda\/wp-json\/wp\/v2\/media\/3710"}],"wp:attachment":[{"href":"https:\/\/abaa.mx\/tienda\/wp-json\/wp\/v2\/media?parent=3702"}],"wp:term":[{"taxonomy":"product_brand","embeddable":true,"href":"https:\/\/abaa.mx\/tienda\/wp-json\/wp\/v2\/product_brand?post=3702"},{"taxonomy":"product_cat","embeddable":true,"href":"https:\/\/abaa.mx\/tienda\/wp-json\/wp\/v2\/product_cat?post=3702"},{"taxonomy":"product_tag","embeddable":true,"href":"https:\/\/abaa.mx\/tienda\/wp-json\/wp\/v2\/product_tag?post=3702"}],"curies":[{"name":"wp","href":"https:\/\/api.w.org\/{rel}","templated":true}]}}