{"id":3689,"date":"2023-09-29T15:41:24","date_gmt":"2023-09-29T15:41:24","guid":{"rendered":"https:\/\/abaa.mx\/tienda\/?post_type=product&#038;p=3689"},"modified":"2023-09-29T15:41:24","modified_gmt":"2023-09-29T15:41:24","slug":"mitutoyo-513-402-10t-indicador-de-prueba-de-esfera-horizontal-estandar-con-punto-de-contacto-de-carburo-0-a-0-03-imperial","status":"publish","type":"product","link":"https:\/\/abaa.mx\/tienda\/mitutoyo-513-402-10t-indicador-de-prueba-de-esfera-horizontal-estandar-con-punto-de-contacto-de-carburo-0-a-0-03-imperial\/","title":{"rendered":"Mitutoyo 513-402-10t indicador de prueba de esfera horizontal est\u00e1ndar con punto de contacto de carburo, 0 a 0.03 &#8220;, imperial"},"content":{"rendered":"<h4>Mitutoyo 513-402-10T<\/h4>\n<p>Ideal para medir variaciones de superficie en \u00e1reas estrechas o empotradas con alta precisi\u00f3n, este indicador de esfera de tipo horizontal cuenta con una direcci\u00f3n de medici\u00f3n reversible, un punto de contacto ajustable y rodamientos con joyas para una alta sensibilidad y una respuesta r\u00e1pida. Adem\u00e1s, la cara horizontal es paralela al eje del indicador y presenta una cara de cristal plana sin deslumbramiento con un revestimiento resistente a los ara\u00f1azos.<\/p>\n<h5><strong>Funciones<\/strong><\/h5>\n<ul>\n<li>La estructura sin embrague proporciona una inversi\u00f3n autom\u00e1tica de la direcci\u00f3n de medici\u00f3n<\/li>\n<li>El sello de la junta t\u00f3rica y la uni\u00f3n del bisel y el cristal protegen contra el polvo y el aceite mientras giran suavemente<\/li>\n<li>La longitud del punto de contacto est\u00e1 impresa en la esfera para evitar problemas de precisi\u00f3n; Como la longitud del punto de contacto instalado afecta al factor de escala del indicador, la longitud que da un factor de escala de unidad se marca en la esfera para ayudar al cliente a solicitar el punto de contacto de reemplazo correcto.<\/li>\n<li>El soporte del punto de contacto evita la reacci\u00f3n violenta<\/li>\n<li>El punto de contacto tiene punta de carburo para una precisi\u00f3n duradera y durabilidad<\/li>\n<li>La cara plana de cristal sin deslumbramiento permite una f\u00e1cil lectura de las graduaciones<\/li>\n<li>Los recubrimientos multicapa y compuestos permiten un cristal antirreflectante y repelente de manchas<\/li>\n<li>Visibilidad mejorada; El uso de fuentes universales, el cambio del color de la cara del dial y la revisi\u00f3n de la relaci\u00f3n entre el puntero y las marcas de escala han mejorado dr\u00e1sticamente la visibilidad<\/li>\n<li>Sin desprendimiento de bisel; Una brida evita que el bisel se retire involuntariamente debido a la aplicaci\u00f3n de una fuerza al bisel durante la manipulaci\u00f3n<\/li>\n<li>El rodamiento del punto de contacto mejorado proporciona un seguimiento m\u00e1s suave; El m\u00e9todo convencional de montar el tornillo del cojinete de pivote del punto de contacto en el bastidor es propenso a permitir que se desarrolle holgura con el uso prolongado y ahora se ha incorporado en todos los modelos una estructura \u00fanica de subplaca para albergar este tornillo y elimina este problema.<\/li>\n<\/ul>\n<h5><strong>Aplicaciones<\/strong><\/h5>\n<ul>\n<li>Medici\u00f3n de \u00e1reas estrechas o empotradas<\/li>\n<\/ul>\n<h4>\u00a0Especificaciones<\/h4>\n<table class=\"table table-striped\">\n<tbody>\n<tr>\n<td>Gama<\/td>\n<td>0 a 0,03&#8243;<\/td>\n<\/tr>\n<tr>\n<td>Unidades<\/td>\n<td>Pulgadas<\/td>\n<\/tr>\n<tr>\n<td>Punto de contacto<\/td>\n<td>Longitud del<br \/>\ncarburo: 0.78&#8243; (19.9 mm)<\/td>\n<\/tr>\n<tr>\n<td>Graduaci\u00f3n<\/td>\n<td>0.0005&#8243;<\/td>\n<\/tr>\n<tr>\n<td>Conjunto completo<\/td>\n<td>S\u00ed<\/td>\n<\/tr>\n<tr>\n<td>Lectura de marcaci\u00f3n<\/td>\n<td>0 a 15 a 0<\/td>\n<\/tr>\n<tr>\n<td>Exactitud<\/td>\n<td>\u00b10,0005&#8243;<\/td>\n<\/tr>\n<tr>\n<td>Fuerza de medici\u00f3n<\/td>\n<td>0,3 N o menos<\/td>\n<\/tr>\n<tr>\n<td>Error m\u00e1ximo permitido (MPE)<\/td>\n<td>Una rev: \u00b10.0005&#8243;Hist\u00e9resis: 0.0002&#8243;Repetibilidad: \u00b10.0002&#8243;<\/td>\n<\/tr>\n<tr>\n<td>Peso<\/td>\n<td>1,6 onzas (45 g)<\/td>\n<\/tr>\n<\/tbody>\n<\/table>\n","protected":false},"excerpt":{"rendered":"<p class=\"short-description mhide ipad-view-setting\">Realice mediciones f\u00e1ciles y precisas en \u00e1reas estrechas o empotradas con este indicador de prueba de dial de tipo horizontal que proporciona di\u00e1metros exteriores a los que los indicadores de dial no pueden acceder. Adem\u00e1s, este indicador presenta unidades imperiales, un punto de contacto de carburo y un rango de medici\u00f3n de 0 a 0.03&#8243;.<\/p>\n<p class=\"comment-tag-product\">\n<div class=\"row-fluid\">\n<div class=\"span12 mobile-pricing-box-padding\">\n<form id=\"94847\" accept-charset=\"utf-8\" action=\"https:\/\/www.globaltestsupply.com\/shop\/add\" method=\"post\" name=\"addTocartFunction\">\n<div><\/div>\n<\/form>\n<\/div>\n<\/div>\n","protected":false},"featured_media":3707,"comment_status":"open","ping_status":"closed","template":"","meta":{"_joinchat":[]},"product_brand":[],"product_cat":[15],"product_tag":[],"class_list":{"0":"post-3689","1":"product","2":"type-product","3":"status-publish","4":"has-post-thumbnail","6":"product_cat-sin-categorizar","8":"first","9":"instock","10":"shipping-taxable","11":"product-type-simple"},"yoast_head":"<!-- This site is optimized with the Yoast SEO plugin v26.4 - https:\/\/yoast.com\/wordpress\/plugins\/seo\/ -->\n<title>Mitutoyo 513-402-10t indicador de prueba de esfera horizontal est\u00e1ndar con punto de contacto de carburo, 0 a 0.03 &quot;, imperial - Abaa tienda online<\/title>\n<meta name=\"robots\" content=\"index, follow, max-snippet:-1, max-image-preview:large, max-video-preview:-1\" \/>\n<link rel=\"canonical\" href=\"https:\/\/abaa.mx\/tienda\/mitutoyo-513-402-10t-indicador-de-prueba-de-esfera-horizontal-estandar-con-punto-de-contacto-de-carburo-0-a-0-03-imperial\/\" \/>\n<meta property=\"og:locale\" content=\"es_MX\" \/>\n<meta property=\"og:type\" content=\"article\" \/>\n<meta property=\"og:title\" content=\"Mitutoyo 513-402-10t indicador de prueba de esfera horizontal est\u00e1ndar con punto de contacto de carburo, 0 a 0.03 &quot;, imperial - Abaa tienda online\" \/>\n<meta property=\"og:description\" content=\"Realice mediciones f\u00e1ciles y precisas en \u00e1reas estrechas o empotradas con este indicador de prueba de dial de tipo horizontal que proporciona di\u00e1metros exteriores a los que los indicadores de dial no pueden acceder. Adem\u00e1s, este indicador presenta unidades imperiales, un punto de contacto de carburo y un rango de medici\u00f3n de 0 a 0.03&quot;.\" \/>\n<meta property=\"og:url\" content=\"https:\/\/abaa.mx\/tienda\/mitutoyo-513-402-10t-indicador-de-prueba-de-esfera-horizontal-estandar-con-punto-de-contacto-de-carburo-0-a-0-03-imperial\/\" \/>\n<meta property=\"og:site_name\" content=\"Abaa tienda online\" \/>\n<meta property=\"og:image\" content=\"https:\/\/abaa.mx\/tienda\/wp-content\/uploads\/2023\/09\/513-402-10T.jpg\" \/>\n\t<meta property=\"og:image:width\" content=\"500\" \/>\n\t<meta property=\"og:image:height\" content=\"500\" \/>\n\t<meta property=\"og:image:type\" content=\"image\/jpeg\" \/>\n<meta name=\"twitter:card\" content=\"summary_large_image\" \/>\n<meta name=\"twitter:label1\" content=\"Tiempo de lectura\" \/>\n\t<meta name=\"twitter:data1\" content=\"2 minutos\" \/>\n<script type=\"application\/ld+json\" class=\"yoast-schema-graph\">{\"@context\":\"https:\/\/schema.org\",\"@graph\":[{\"@type\":\"WebPage\",\"@id\":\"https:\/\/abaa.mx\/tienda\/mitutoyo-513-402-10t-indicador-de-prueba-de-esfera-horizontal-estandar-con-punto-de-contacto-de-carburo-0-a-0-03-imperial\/\",\"url\":\"https:\/\/abaa.mx\/tienda\/mitutoyo-513-402-10t-indicador-de-prueba-de-esfera-horizontal-estandar-con-punto-de-contacto-de-carburo-0-a-0-03-imperial\/\",\"name\":\"Mitutoyo 513-402-10t indicador de prueba de esfera horizontal est\u00e1ndar con punto de contacto de carburo, 0 a 0.03 \\\", imperial - Abaa tienda online\",\"isPartOf\":{\"@id\":\"https:\/\/abaa.mx\/tienda\/#website\"},\"primaryImageOfPage\":{\"@id\":\"https:\/\/abaa.mx\/tienda\/mitutoyo-513-402-10t-indicador-de-prueba-de-esfera-horizontal-estandar-con-punto-de-contacto-de-carburo-0-a-0-03-imperial\/#primaryimage\"},\"image\":{\"@id\":\"https:\/\/abaa.mx\/tienda\/mitutoyo-513-402-10t-indicador-de-prueba-de-esfera-horizontal-estandar-con-punto-de-contacto-de-carburo-0-a-0-03-imperial\/#primaryimage\"},\"thumbnailUrl\":\"https:\/\/abaa.mx\/tienda\/wp-content\/uploads\/2023\/09\/513-402-10T.jpg\",\"datePublished\":\"2023-09-29T15:41:24+00:00\",\"breadcrumb\":{\"@id\":\"https:\/\/abaa.mx\/tienda\/mitutoyo-513-402-10t-indicador-de-prueba-de-esfera-horizontal-estandar-con-punto-de-contacto-de-carburo-0-a-0-03-imperial\/#breadcrumb\"},\"inLanguage\":\"es\",\"potentialAction\":[{\"@type\":\"ReadAction\",\"target\":[\"https:\/\/abaa.mx\/tienda\/mitutoyo-513-402-10t-indicador-de-prueba-de-esfera-horizontal-estandar-con-punto-de-contacto-de-carburo-0-a-0-03-imperial\/\"]}]},{\"@type\":\"ImageObject\",\"inLanguage\":\"es\",\"@id\":\"https:\/\/abaa.mx\/tienda\/mitutoyo-513-402-10t-indicador-de-prueba-de-esfera-horizontal-estandar-con-punto-de-contacto-de-carburo-0-a-0-03-imperial\/#primaryimage\",\"url\":\"https:\/\/abaa.mx\/tienda\/wp-content\/uploads\/2023\/09\/513-402-10T.jpg\",\"contentUrl\":\"https:\/\/abaa.mx\/tienda\/wp-content\/uploads\/2023\/09\/513-402-10T.jpg\",\"width\":500,\"height\":500,\"caption\":\"513-402-10T\"},{\"@type\":\"BreadcrumbList\",\"@id\":\"https:\/\/abaa.mx\/tienda\/mitutoyo-513-402-10t-indicador-de-prueba-de-esfera-horizontal-estandar-con-punto-de-contacto-de-carburo-0-a-0-03-imperial\/#breadcrumb\",\"itemListElement\":[{\"@type\":\"ListItem\",\"position\":1,\"name\":\"Inicio\",\"item\":\"https:\/\/abaa.mx\/tienda\/\"},{\"@type\":\"ListItem\",\"position\":2,\"name\":\"Tienda\",\"item\":\"https:\/\/abaa.mx\/tienda\/\"},{\"@type\":\"ListItem\",\"position\":3,\"name\":\"Mitutoyo 513-402-10t indicador de prueba de esfera horizontal est\u00e1ndar con punto de contacto de carburo, 0 a 0.03 &#8220;, imperial\"}]},{\"@type\":\"WebSite\",\"@id\":\"https:\/\/abaa.mx\/tienda\/#website\",\"url\":\"https:\/\/abaa.mx\/tienda\/\",\"name\":\"Abaa tienda online\",\"description\":\"Instrumentos de medici\u00f3n\",\"publisher\":{\"@id\":\"https:\/\/abaa.mx\/tienda\/#organization\"},\"potentialAction\":[{\"@type\":\"SearchAction\",\"target\":{\"@type\":\"EntryPoint\",\"urlTemplate\":\"https:\/\/abaa.mx\/tienda\/?s={search_term_string}\"},\"query-input\":{\"@type\":\"PropertyValueSpecification\",\"valueRequired\":true,\"valueName\":\"search_term_string\"}}],\"inLanguage\":\"es\"},{\"@type\":\"Organization\",\"@id\":\"https:\/\/abaa.mx\/tienda\/#organization\",\"name\":\"Abaa tienda online\",\"url\":\"https:\/\/abaa.mx\/tienda\/\",\"logo\":{\"@type\":\"ImageObject\",\"inLanguage\":\"es\",\"@id\":\"https:\/\/abaa.mx\/tienda\/#\/schema\/logo\/image\/\",\"url\":\"https:\/\/abaa.mx\/tienda\/wp-content\/uploads\/2024\/01\/abaa-metrologia-tienda.png\",\"contentUrl\":\"https:\/\/abaa.mx\/tienda\/wp-content\/uploads\/2024\/01\/abaa-metrologia-tienda.png\",\"width\":300,\"height\":141,\"caption\":\"Abaa tienda online\"},\"image\":{\"@id\":\"https:\/\/abaa.mx\/tienda\/#\/schema\/logo\/image\/\"}}]}<\/script>\n<!-- \/ Yoast SEO plugin. -->","yoast_head_json":{"title":"Mitutoyo 513-402-10t indicador de prueba de esfera horizontal est\u00e1ndar con punto de contacto de carburo, 0 a 0.03 \", imperial - Abaa tienda online","robots":{"index":"index","follow":"follow","max-snippet":"max-snippet:-1","max-image-preview":"max-image-preview:large","max-video-preview":"max-video-preview:-1"},"canonical":"https:\/\/abaa.mx\/tienda\/mitutoyo-513-402-10t-indicador-de-prueba-de-esfera-horizontal-estandar-con-punto-de-contacto-de-carburo-0-a-0-03-imperial\/","og_locale":"es_MX","og_type":"article","og_title":"Mitutoyo 513-402-10t indicador de prueba de esfera horizontal est\u00e1ndar con punto de contacto de carburo, 0 a 0.03 \", imperial - Abaa tienda online","og_description":"Realice mediciones f\u00e1ciles y precisas en \u00e1reas estrechas o empotradas con este indicador de prueba de dial de tipo horizontal que proporciona di\u00e1metros exteriores a los que los indicadores de dial no pueden acceder. Adem\u00e1s, este indicador presenta unidades imperiales, un punto de contacto de carburo y un rango de medici\u00f3n de 0 a 0.03\".","og_url":"https:\/\/abaa.mx\/tienda\/mitutoyo-513-402-10t-indicador-de-prueba-de-esfera-horizontal-estandar-con-punto-de-contacto-de-carburo-0-a-0-03-imperial\/","og_site_name":"Abaa tienda online","og_image":[{"width":500,"height":500,"url":"https:\/\/abaa.mx\/tienda\/wp-content\/uploads\/2023\/09\/513-402-10T.jpg","type":"image\/jpeg"}],"twitter_card":"summary_large_image","twitter_misc":{"Tiempo de lectura":"2 minutos"},"schema":{"@context":"https:\/\/schema.org","@graph":[{"@type":"WebPage","@id":"https:\/\/abaa.mx\/tienda\/mitutoyo-513-402-10t-indicador-de-prueba-de-esfera-horizontal-estandar-con-punto-de-contacto-de-carburo-0-a-0-03-imperial\/","url":"https:\/\/abaa.mx\/tienda\/mitutoyo-513-402-10t-indicador-de-prueba-de-esfera-horizontal-estandar-con-punto-de-contacto-de-carburo-0-a-0-03-imperial\/","name":"Mitutoyo 513-402-10t indicador de prueba de esfera horizontal est\u00e1ndar con punto de contacto de carburo, 0 a 0.03 \", imperial - Abaa tienda online","isPartOf":{"@id":"https:\/\/abaa.mx\/tienda\/#website"},"primaryImageOfPage":{"@id":"https:\/\/abaa.mx\/tienda\/mitutoyo-513-402-10t-indicador-de-prueba-de-esfera-horizontal-estandar-con-punto-de-contacto-de-carburo-0-a-0-03-imperial\/#primaryimage"},"image":{"@id":"https:\/\/abaa.mx\/tienda\/mitutoyo-513-402-10t-indicador-de-prueba-de-esfera-horizontal-estandar-con-punto-de-contacto-de-carburo-0-a-0-03-imperial\/#primaryimage"},"thumbnailUrl":"https:\/\/abaa.mx\/tienda\/wp-content\/uploads\/2023\/09\/513-402-10T.jpg","datePublished":"2023-09-29T15:41:24+00:00","breadcrumb":{"@id":"https:\/\/abaa.mx\/tienda\/mitutoyo-513-402-10t-indicador-de-prueba-de-esfera-horizontal-estandar-con-punto-de-contacto-de-carburo-0-a-0-03-imperial\/#breadcrumb"},"inLanguage":"es","potentialAction":[{"@type":"ReadAction","target":["https:\/\/abaa.mx\/tienda\/mitutoyo-513-402-10t-indicador-de-prueba-de-esfera-horizontal-estandar-con-punto-de-contacto-de-carburo-0-a-0-03-imperial\/"]}]},{"@type":"ImageObject","inLanguage":"es","@id":"https:\/\/abaa.mx\/tienda\/mitutoyo-513-402-10t-indicador-de-prueba-de-esfera-horizontal-estandar-con-punto-de-contacto-de-carburo-0-a-0-03-imperial\/#primaryimage","url":"https:\/\/abaa.mx\/tienda\/wp-content\/uploads\/2023\/09\/513-402-10T.jpg","contentUrl":"https:\/\/abaa.mx\/tienda\/wp-content\/uploads\/2023\/09\/513-402-10T.jpg","width":500,"height":500,"caption":"513-402-10T"},{"@type":"BreadcrumbList","@id":"https:\/\/abaa.mx\/tienda\/mitutoyo-513-402-10t-indicador-de-prueba-de-esfera-horizontal-estandar-con-punto-de-contacto-de-carburo-0-a-0-03-imperial\/#breadcrumb","itemListElement":[{"@type":"ListItem","position":1,"name":"Inicio","item":"https:\/\/abaa.mx\/tienda\/"},{"@type":"ListItem","position":2,"name":"Tienda","item":"https:\/\/abaa.mx\/tienda\/"},{"@type":"ListItem","position":3,"name":"Mitutoyo 513-402-10t indicador de prueba de esfera horizontal est\u00e1ndar con punto de contacto de carburo, 0 a 0.03 &#8220;, imperial"}]},{"@type":"WebSite","@id":"https:\/\/abaa.mx\/tienda\/#website","url":"https:\/\/abaa.mx\/tienda\/","name":"Abaa tienda online","description":"Instrumentos de medici\u00f3n","publisher":{"@id":"https:\/\/abaa.mx\/tienda\/#organization"},"potentialAction":[{"@type":"SearchAction","target":{"@type":"EntryPoint","urlTemplate":"https:\/\/abaa.mx\/tienda\/?s={search_term_string}"},"query-input":{"@type":"PropertyValueSpecification","valueRequired":true,"valueName":"search_term_string"}}],"inLanguage":"es"},{"@type":"Organization","@id":"https:\/\/abaa.mx\/tienda\/#organization","name":"Abaa tienda online","url":"https:\/\/abaa.mx\/tienda\/","logo":{"@type":"ImageObject","inLanguage":"es","@id":"https:\/\/abaa.mx\/tienda\/#\/schema\/logo\/image\/","url":"https:\/\/abaa.mx\/tienda\/wp-content\/uploads\/2024\/01\/abaa-metrologia-tienda.png","contentUrl":"https:\/\/abaa.mx\/tienda\/wp-content\/uploads\/2024\/01\/abaa-metrologia-tienda.png","width":300,"height":141,"caption":"Abaa tienda online"},"image":{"@id":"https:\/\/abaa.mx\/tienda\/#\/schema\/logo\/image\/"}}]}},"_links":{"self":[{"href":"https:\/\/abaa.mx\/tienda\/wp-json\/wp\/v2\/product\/3689","targetHints":{"allow":["GET"]}}],"collection":[{"href":"https:\/\/abaa.mx\/tienda\/wp-json\/wp\/v2\/product"}],"about":[{"href":"https:\/\/abaa.mx\/tienda\/wp-json\/wp\/v2\/types\/product"}],"replies":[{"embeddable":true,"href":"https:\/\/abaa.mx\/tienda\/wp-json\/wp\/v2\/comments?post=3689"}],"wp:featuredmedia":[{"embeddable":true,"href":"https:\/\/abaa.mx\/tienda\/wp-json\/wp\/v2\/media\/3707"}],"wp:attachment":[{"href":"https:\/\/abaa.mx\/tienda\/wp-json\/wp\/v2\/media?parent=3689"}],"wp:term":[{"taxonomy":"product_brand","embeddable":true,"href":"https:\/\/abaa.mx\/tienda\/wp-json\/wp\/v2\/product_brand?post=3689"},{"taxonomy":"product_cat","embeddable":true,"href":"https:\/\/abaa.mx\/tienda\/wp-json\/wp\/v2\/product_cat?post=3689"},{"taxonomy":"product_tag","embeddable":true,"href":"https:\/\/abaa.mx\/tienda\/wp-json\/wp\/v2\/product_tag?post=3689"}],"curies":[{"name":"wp","href":"https:\/\/api.w.org\/{rel}","templated":true}]}}