{"id":3667,"date":"2023-09-29T14:57:11","date_gmt":"2023-09-29T14:57:11","guid":{"rendered":"https:\/\/abaa.mx\/tienda\/?post_type=product&#038;p=3667"},"modified":"2023-09-29T14:57:12","modified_gmt":"2023-09-29T14:57:12","slug":"mitutoyo-513-402-10e-indicador-de-prueba-de-dial-de-tipo-horizontal-0-a-0-03-2","status":"publish","type":"product","link":"https:\/\/abaa.mx\/tienda\/mitutoyo-513-402-10e-indicador-de-prueba-de-dial-de-tipo-horizontal-0-a-0-03-2\/","title":{"rendered":"Mitutoyo 513-402-10e indicador de prueba de dial de tipo horizontal, 0 a 0.03&#8243;"},"content":{"rendered":"<h4>Mitutoyo 513-402-10E<\/h4>\n<p>Proporciona mayor durabilidad, sensibilidad, facilidad de uso, funcionalidad y legibilidad, este indicador con direcci\u00f3n de medici\u00f3n reversible y el punto de contacto ajustable es ideal para medir variaciones de superficie en \u00e1reas estrechas o empotradas con alta precisi\u00f3n. La cara es paralela al eje de la unidad, y el indicador se puede montar horizontal o verticalmente desde la parte delantera, superior o posterior.<\/p>\n<h5><strong>Funciones<\/strong><\/h5>\n<ul>\n<li>La estructura sin embrague proporciona una inversi\u00f3n autom\u00e1tica de la direcci\u00f3n de medici\u00f3n<\/li>\n<li>El sello de la junta t\u00f3rica y la uni\u00f3n del bisel y el cristal protegen contra el polvo y el aceite mientras giran suavemente<\/li>\n<li>La longitud del punto de contacto est\u00e1 impresa en la esfera para evitar problemas de precisi\u00f3n<\/li>\n<li>El innovador soporte de punto de contacto de dise\u00f1o evita la reacci\u00f3n violenta<\/li>\n<li>El punto de contacto tiene punta de carburo para una precisi\u00f3n duradera y durabilidad<\/li>\n<li>Crystal es libre de deslumbramiento con un revestimiento resistente a los ara\u00f1azos<\/li>\n<\/ul>\n<h5><strong>Aplicaciones<\/strong><\/h5>\n<ul>\n<li>Fabricaci\u00f3n general<\/li>\n<li>Aeroespacial<\/li>\n<li>Automotor<\/li>\n<li>Defensa<\/li>\n<li>Electr\u00f3nica<\/li>\n<li>Energ\u00eda<\/li>\n<li>Pl\u00e1sticos y caucho<\/li>\n<\/ul>\n<h4>\u00a0Especificaciones<\/h4>\n<table class=\"table table-striped\">\n<tbody>\n<tr>\n<td>Gama<\/td>\n<td>0 a 0,03&#8243;<\/td>\n<\/tr>\n<tr>\n<td>Exactitud<\/td>\n<td>\u00b10,0005&#8243;<\/td>\n<\/tr>\n<tr>\n<td>Fuerza de medici\u00f3n<\/td>\n<td>0,3 N o menos<\/td>\n<\/tr>\n<tr>\n<td>Graduaci\u00f3n<\/td>\n<td>0.0005&#8243;<\/td>\n<\/tr>\n<tr>\n<td>Revoluci\u00f3n<\/td>\n<td>\u00b10,0005&#8243;<\/td>\n<\/tr>\n<tr>\n<td>Hist\u00e9resis<\/td>\n<td>0.0002&#8243;<\/td>\n<\/tr>\n<tr>\n<td>Repetibilidad<\/td>\n<td>0.0002&#8243;<\/td>\n<\/tr>\n<tr>\n<td>Lectura de marcaci\u00f3n<\/td>\n<td>0-15-0<\/td>\n<\/tr>\n<tr>\n<td>Punto de contacto<\/td>\n<td>Tipo: Carburo<br \/>\nLongitud: 0.78&#8243; (19.9 mm)<\/td>\n<\/tr>\n<tr>\n<td>Unidades<\/td>\n<td>Pulgada<\/td>\n<\/tr>\n<tr>\n<td>Peso<\/td>\n<td>1,6 onzas (45 g)<\/td>\n<\/tr>\n<\/tbody>\n<\/table>\n","protected":false},"excerpt":{"rendered":"<p>Realiza mediciones f\u00e1ciles y precisas en \u00e1reas estrechas o empotradas, este indicador de prueba de dial tiene un rango de medici\u00f3n de 0 a 0.03 &#8220;, y es ideal para di\u00e1metros exteriores. Cuenta con un movimiento de una sola pieza para proporcionar una alta resistencia al impacto y durabilidad, mientras que los rodamientos con joyas ofrecen una alta sensibilidad y una respuesta r\u00e1pida.<\/p>\n","protected":false},"featured_media":3681,"comment_status":"open","ping_status":"closed","template":"","meta":{"_joinchat":[]},"product_brand":[],"product_cat":[15],"product_tag":[],"class_list":{"0":"post-3667","1":"product","2":"type-product","3":"status-publish","4":"has-post-thumbnail","6":"product_cat-sin-categorizar","8":"first","9":"instock","10":"shipping-taxable","11":"product-type-simple"},"yoast_head":"<!-- This site is optimized with the Yoast SEO plugin v26.4 - https:\/\/yoast.com\/wordpress\/plugins\/seo\/ -->\n<title>Mitutoyo 513-402-10e indicador de prueba de dial de tipo horizontal, 0 a 0.03&quot; - Abaa tienda online<\/title>\n<meta name=\"robots\" content=\"index, follow, max-snippet:-1, max-image-preview:large, max-video-preview:-1\" \/>\n<link rel=\"canonical\" href=\"https:\/\/abaa.mx\/tienda\/mitutoyo-513-402-10e-indicador-de-prueba-de-dial-de-tipo-horizontal-0-a-0-03-2\/\" \/>\n<meta property=\"og:locale\" content=\"es_MX\" \/>\n<meta property=\"og:type\" content=\"article\" \/>\n<meta property=\"og:title\" content=\"Mitutoyo 513-402-10e indicador de prueba de dial de tipo horizontal, 0 a 0.03&quot; - Abaa tienda online\" \/>\n<meta property=\"og:description\" content=\"Realiza mediciones f\u00e1ciles y precisas en \u00e1reas estrechas o empotradas, este indicador de prueba de dial tiene un rango de medici\u00f3n de 0 a 0.03 &quot;, y es ideal para di\u00e1metros exteriores. Cuenta con un movimiento de una sola pieza para proporcionar una alta resistencia al impacto y durabilidad, mientras que los rodamientos con joyas ofrecen una alta sensibilidad y una respuesta r\u00e1pida.\" \/>\n<meta property=\"og:url\" content=\"https:\/\/abaa.mx\/tienda\/mitutoyo-513-402-10e-indicador-de-prueba-de-dial-de-tipo-horizontal-0-a-0-03-2\/\" \/>\n<meta property=\"og:site_name\" content=\"Abaa tienda online\" \/>\n<meta property=\"article:modified_time\" content=\"2023-09-29T14:57:12+00:00\" \/>\n<meta property=\"og:image\" content=\"https:\/\/abaa.mx\/tienda\/wp-content\/uploads\/2023\/09\/513-402-10E-1.jpg\" \/>\n\t<meta property=\"og:image:width\" content=\"1500\" \/>\n\t<meta property=\"og:image:height\" content=\"1123\" \/>\n\t<meta property=\"og:image:type\" content=\"image\/jpeg\" \/>\n<meta name=\"twitter:card\" content=\"summary_large_image\" \/>\n<meta name=\"twitter:label1\" content=\"Tiempo de lectura\" \/>\n\t<meta name=\"twitter:data1\" content=\"1 minuto\" \/>\n<script type=\"application\/ld+json\" class=\"yoast-schema-graph\">{\"@context\":\"https:\/\/schema.org\",\"@graph\":[{\"@type\":\"WebPage\",\"@id\":\"https:\/\/abaa.mx\/tienda\/mitutoyo-513-402-10e-indicador-de-prueba-de-dial-de-tipo-horizontal-0-a-0-03-2\/\",\"url\":\"https:\/\/abaa.mx\/tienda\/mitutoyo-513-402-10e-indicador-de-prueba-de-dial-de-tipo-horizontal-0-a-0-03-2\/\",\"name\":\"Mitutoyo 513-402-10e indicador de prueba de dial de tipo horizontal, 0 a 0.03\\\" - Abaa tienda online\",\"isPartOf\":{\"@id\":\"https:\/\/abaa.mx\/tienda\/#website\"},\"primaryImageOfPage\":{\"@id\":\"https:\/\/abaa.mx\/tienda\/mitutoyo-513-402-10e-indicador-de-prueba-de-dial-de-tipo-horizontal-0-a-0-03-2\/#primaryimage\"},\"image\":{\"@id\":\"https:\/\/abaa.mx\/tienda\/mitutoyo-513-402-10e-indicador-de-prueba-de-dial-de-tipo-horizontal-0-a-0-03-2\/#primaryimage\"},\"thumbnailUrl\":\"https:\/\/abaa.mx\/tienda\/wp-content\/uploads\/2023\/09\/513-402-10E-1.jpg\",\"datePublished\":\"2023-09-29T14:57:11+00:00\",\"dateModified\":\"2023-09-29T14:57:12+00:00\",\"breadcrumb\":{\"@id\":\"https:\/\/abaa.mx\/tienda\/mitutoyo-513-402-10e-indicador-de-prueba-de-dial-de-tipo-horizontal-0-a-0-03-2\/#breadcrumb\"},\"inLanguage\":\"es\",\"potentialAction\":[{\"@type\":\"ReadAction\",\"target\":[\"https:\/\/abaa.mx\/tienda\/mitutoyo-513-402-10e-indicador-de-prueba-de-dial-de-tipo-horizontal-0-a-0-03-2\/\"]}]},{\"@type\":\"ImageObject\",\"inLanguage\":\"es\",\"@id\":\"https:\/\/abaa.mx\/tienda\/mitutoyo-513-402-10e-indicador-de-prueba-de-dial-de-tipo-horizontal-0-a-0-03-2\/#primaryimage\",\"url\":\"https:\/\/abaa.mx\/tienda\/wp-content\/uploads\/2023\/09\/513-402-10E-1.jpg\",\"contentUrl\":\"https:\/\/abaa.mx\/tienda\/wp-content\/uploads\/2023\/09\/513-402-10E-1.jpg\",\"width\":1500,\"height\":1123,\"caption\":\"mitutoyo-513-402-10e-indicador-de-prueba-de-dial-de-tipo-horizontal-0-a-0-03-2\"},{\"@type\":\"BreadcrumbList\",\"@id\":\"https:\/\/abaa.mx\/tienda\/mitutoyo-513-402-10e-indicador-de-prueba-de-dial-de-tipo-horizontal-0-a-0-03-2\/#breadcrumb\",\"itemListElement\":[{\"@type\":\"ListItem\",\"position\":1,\"name\":\"Inicio\",\"item\":\"https:\/\/abaa.mx\/tienda\/\"},{\"@type\":\"ListItem\",\"position\":2,\"name\":\"Tienda\",\"item\":\"https:\/\/abaa.mx\/tienda\/\"},{\"@type\":\"ListItem\",\"position\":3,\"name\":\"Mitutoyo 513-402-10e indicador de prueba de dial de tipo horizontal, 0 a 0.03&#8243;\"}]},{\"@type\":\"WebSite\",\"@id\":\"https:\/\/abaa.mx\/tienda\/#website\",\"url\":\"https:\/\/abaa.mx\/tienda\/\",\"name\":\"Abaa tienda online\",\"description\":\"Instrumentos de medici\u00f3n\",\"publisher\":{\"@id\":\"https:\/\/abaa.mx\/tienda\/#organization\"},\"potentialAction\":[{\"@type\":\"SearchAction\",\"target\":{\"@type\":\"EntryPoint\",\"urlTemplate\":\"https:\/\/abaa.mx\/tienda\/?s={search_term_string}\"},\"query-input\":{\"@type\":\"PropertyValueSpecification\",\"valueRequired\":true,\"valueName\":\"search_term_string\"}}],\"inLanguage\":\"es\"},{\"@type\":\"Organization\",\"@id\":\"https:\/\/abaa.mx\/tienda\/#organization\",\"name\":\"Abaa tienda online\",\"url\":\"https:\/\/abaa.mx\/tienda\/\",\"logo\":{\"@type\":\"ImageObject\",\"inLanguage\":\"es\",\"@id\":\"https:\/\/abaa.mx\/tienda\/#\/schema\/logo\/image\/\",\"url\":\"https:\/\/abaa.mx\/tienda\/wp-content\/uploads\/2024\/01\/abaa-metrologia-tienda.png\",\"contentUrl\":\"https:\/\/abaa.mx\/tienda\/wp-content\/uploads\/2024\/01\/abaa-metrologia-tienda.png\",\"width\":300,\"height\":141,\"caption\":\"Abaa tienda online\"},\"image\":{\"@id\":\"https:\/\/abaa.mx\/tienda\/#\/schema\/logo\/image\/\"}}]}<\/script>\n<!-- \/ Yoast SEO plugin. -->","yoast_head_json":{"title":"Mitutoyo 513-402-10e indicador de prueba de dial de tipo horizontal, 0 a 0.03\" - Abaa tienda online","robots":{"index":"index","follow":"follow","max-snippet":"max-snippet:-1","max-image-preview":"max-image-preview:large","max-video-preview":"max-video-preview:-1"},"canonical":"https:\/\/abaa.mx\/tienda\/mitutoyo-513-402-10e-indicador-de-prueba-de-dial-de-tipo-horizontal-0-a-0-03-2\/","og_locale":"es_MX","og_type":"article","og_title":"Mitutoyo 513-402-10e indicador de prueba de dial de tipo horizontal, 0 a 0.03\" - Abaa tienda online","og_description":"Realiza mediciones f\u00e1ciles y precisas en \u00e1reas estrechas o empotradas, este indicador de prueba de dial tiene un rango de medici\u00f3n de 0 a 0.03 \", y es ideal para di\u00e1metros exteriores. Cuenta con un movimiento de una sola pieza para proporcionar una alta resistencia al impacto y durabilidad, mientras que los rodamientos con joyas ofrecen una alta sensibilidad y una respuesta r\u00e1pida.","og_url":"https:\/\/abaa.mx\/tienda\/mitutoyo-513-402-10e-indicador-de-prueba-de-dial-de-tipo-horizontal-0-a-0-03-2\/","og_site_name":"Abaa tienda online","article_modified_time":"2023-09-29T14:57:12+00:00","og_image":[{"width":1500,"height":1123,"url":"https:\/\/abaa.mx\/tienda\/wp-content\/uploads\/2023\/09\/513-402-10E-1.jpg","type":"image\/jpeg"}],"twitter_card":"summary_large_image","twitter_misc":{"Tiempo de lectura":"1 minuto"},"schema":{"@context":"https:\/\/schema.org","@graph":[{"@type":"WebPage","@id":"https:\/\/abaa.mx\/tienda\/mitutoyo-513-402-10e-indicador-de-prueba-de-dial-de-tipo-horizontal-0-a-0-03-2\/","url":"https:\/\/abaa.mx\/tienda\/mitutoyo-513-402-10e-indicador-de-prueba-de-dial-de-tipo-horizontal-0-a-0-03-2\/","name":"Mitutoyo 513-402-10e indicador de prueba de dial de tipo horizontal, 0 a 0.03\" - Abaa tienda online","isPartOf":{"@id":"https:\/\/abaa.mx\/tienda\/#website"},"primaryImageOfPage":{"@id":"https:\/\/abaa.mx\/tienda\/mitutoyo-513-402-10e-indicador-de-prueba-de-dial-de-tipo-horizontal-0-a-0-03-2\/#primaryimage"},"image":{"@id":"https:\/\/abaa.mx\/tienda\/mitutoyo-513-402-10e-indicador-de-prueba-de-dial-de-tipo-horizontal-0-a-0-03-2\/#primaryimage"},"thumbnailUrl":"https:\/\/abaa.mx\/tienda\/wp-content\/uploads\/2023\/09\/513-402-10E-1.jpg","datePublished":"2023-09-29T14:57:11+00:00","dateModified":"2023-09-29T14:57:12+00:00","breadcrumb":{"@id":"https:\/\/abaa.mx\/tienda\/mitutoyo-513-402-10e-indicador-de-prueba-de-dial-de-tipo-horizontal-0-a-0-03-2\/#breadcrumb"},"inLanguage":"es","potentialAction":[{"@type":"ReadAction","target":["https:\/\/abaa.mx\/tienda\/mitutoyo-513-402-10e-indicador-de-prueba-de-dial-de-tipo-horizontal-0-a-0-03-2\/"]}]},{"@type":"ImageObject","inLanguage":"es","@id":"https:\/\/abaa.mx\/tienda\/mitutoyo-513-402-10e-indicador-de-prueba-de-dial-de-tipo-horizontal-0-a-0-03-2\/#primaryimage","url":"https:\/\/abaa.mx\/tienda\/wp-content\/uploads\/2023\/09\/513-402-10E-1.jpg","contentUrl":"https:\/\/abaa.mx\/tienda\/wp-content\/uploads\/2023\/09\/513-402-10E-1.jpg","width":1500,"height":1123,"caption":"mitutoyo-513-402-10e-indicador-de-prueba-de-dial-de-tipo-horizontal-0-a-0-03-2"},{"@type":"BreadcrumbList","@id":"https:\/\/abaa.mx\/tienda\/mitutoyo-513-402-10e-indicador-de-prueba-de-dial-de-tipo-horizontal-0-a-0-03-2\/#breadcrumb","itemListElement":[{"@type":"ListItem","position":1,"name":"Inicio","item":"https:\/\/abaa.mx\/tienda\/"},{"@type":"ListItem","position":2,"name":"Tienda","item":"https:\/\/abaa.mx\/tienda\/"},{"@type":"ListItem","position":3,"name":"Mitutoyo 513-402-10e indicador de prueba de dial de tipo horizontal, 0 a 0.03&#8243;"}]},{"@type":"WebSite","@id":"https:\/\/abaa.mx\/tienda\/#website","url":"https:\/\/abaa.mx\/tienda\/","name":"Abaa tienda online","description":"Instrumentos de medici\u00f3n","publisher":{"@id":"https:\/\/abaa.mx\/tienda\/#organization"},"potentialAction":[{"@type":"SearchAction","target":{"@type":"EntryPoint","urlTemplate":"https:\/\/abaa.mx\/tienda\/?s={search_term_string}"},"query-input":{"@type":"PropertyValueSpecification","valueRequired":true,"valueName":"search_term_string"}}],"inLanguage":"es"},{"@type":"Organization","@id":"https:\/\/abaa.mx\/tienda\/#organization","name":"Abaa tienda online","url":"https:\/\/abaa.mx\/tienda\/","logo":{"@type":"ImageObject","inLanguage":"es","@id":"https:\/\/abaa.mx\/tienda\/#\/schema\/logo\/image\/","url":"https:\/\/abaa.mx\/tienda\/wp-content\/uploads\/2024\/01\/abaa-metrologia-tienda.png","contentUrl":"https:\/\/abaa.mx\/tienda\/wp-content\/uploads\/2024\/01\/abaa-metrologia-tienda.png","width":300,"height":141,"caption":"Abaa tienda online"},"image":{"@id":"https:\/\/abaa.mx\/tienda\/#\/schema\/logo\/image\/"}}]}},"_links":{"self":[{"href":"https:\/\/abaa.mx\/tienda\/wp-json\/wp\/v2\/product\/3667","targetHints":{"allow":["GET"]}}],"collection":[{"href":"https:\/\/abaa.mx\/tienda\/wp-json\/wp\/v2\/product"}],"about":[{"href":"https:\/\/abaa.mx\/tienda\/wp-json\/wp\/v2\/types\/product"}],"replies":[{"embeddable":true,"href":"https:\/\/abaa.mx\/tienda\/wp-json\/wp\/v2\/comments?post=3667"}],"wp:featuredmedia":[{"embeddable":true,"href":"https:\/\/abaa.mx\/tienda\/wp-json\/wp\/v2\/media\/3681"}],"wp:attachment":[{"href":"https:\/\/abaa.mx\/tienda\/wp-json\/wp\/v2\/media?parent=3667"}],"wp:term":[{"taxonomy":"product_brand","embeddable":true,"href":"https:\/\/abaa.mx\/tienda\/wp-json\/wp\/v2\/product_brand?post=3667"},{"taxonomy":"product_cat","embeddable":true,"href":"https:\/\/abaa.mx\/tienda\/wp-json\/wp\/v2\/product_cat?post=3667"},{"taxonomy":"product_tag","embeddable":true,"href":"https:\/\/abaa.mx\/tienda\/wp-json\/wp\/v2\/product_tag?post=3667"}],"curies":[{"name":"wp","href":"https:\/\/api.w.org\/{rel}","templated":true}]}}