{"id":3665,"date":"2023-09-29T14:22:39","date_gmt":"2023-09-29T14:22:39","guid":{"rendered":"https:\/\/abaa.mx\/tienda\/?post_type=product&#038;p=3665"},"modified":"2023-09-29T14:22:40","modified_gmt":"2023-09-29T14:22:40","slug":"dwyer-1211-12-manometro-de-tubo-flojo-6-0-6-w-c","status":"publish","type":"product","link":"https:\/\/abaa.mx\/tienda\/dwyer-1211-12-manometro-de-tubo-flojo-6-0-6-w-c\/","title":{"rendered":"dwyer 1211-12 man\u00f3metro de tubo flojo, 6-0-6 &#8220;w.c."},"content":{"rendered":"<p><strong>Funciones<\/strong><\/p>\n<ul>\n<li>Lectura de presi\u00f3n de 6-0-6&#8243;<\/li>\n<li>Pr\u00e1ctico man\u00f3metro enrollable con precisi\u00f3n de laboratorio<\/li>\n<li>Tan precisos como los mejores medidores &#8220;U&#8221; de laboratorio, pero est\u00e1n hechos para enrollarse de forma compacta para facilitar su transporte y soportar un uso brusco<\/li>\n<li>Simplemente desenrolle el man\u00f3metro y config\u00farelo para leer presi\u00f3n est\u00e1tica, vac\u00edo o presi\u00f3n diferencial<\/li>\n<li>Los clips magn\u00e9ticos lo sujetan firmemente a cualquier superficie de acero o lo cuelgan de un clavo<\/li>\n<li>Gire los conectores una revoluci\u00f3n para abrir<\/li>\n<li>Cuando se impone la presi\u00f3n, suma el n\u00famero de pulgadas que recorre una columna hasta el n\u00famero de pulgadas que recorre la otra columna hacia abajo<\/li>\n<li>Cuando se complete la lectura, gire los conectores para sellar las columnas, enrolle el man\u00f3metro en una bobina compacta y gu\u00e1rdelo en su caja de pl\u00e1stico o en una caja de herramientas, sin p\u00e9rdida de l\u00edquido<\/li>\n<li>Sin tapas sueltas ni insertos que perder<\/li>\n<li>Util\u00edcelos para determinar la velocidad y las presiones est\u00e1ticas, para pruebas de fugas, ventiladores y sopladores, calibrar dispositivos de control, verificar la presi\u00f3n del gas y muchas otras aplicaciones.<\/li>\n<li>Columnas flexibles de vinilo-pl\u00e1stico y escala flexible de acero para resortes calibrada en pulgadas de agua usando agua; y pulgadas de mercurio usando mercurio<\/li>\n<li>La escala se monta en el centro entre las columnas para eliminar el error de paralaje y tiene un ajuste completo de cero deslizante de 2&#8243;<\/li>\n<li>Cuenta con exclusivos conjuntos de conectores de tubos de nylon moldeados con dise\u00f1o de cierre r\u00e1pido en una tapa de pl\u00e1stico acr\u00edlico<\/li>\n<li>Una vuelta en sentido contrario a las agujas del reloj y el instrumento est\u00e1 listo para su uso<\/li>\n<li>Otro giro sella los tubos completamente<\/li>\n<li>La construcci\u00f3n moldeada totalmente de nylon hace que este conjunto sea a prueba de corrosi\u00f3n, a prueba de fugas y pr\u00e1cticamente irrompible<\/li>\n<li>Los conectores de tuber\u00eda se extienden horizontalmente permitiendo una libertad de 360\u00b0<\/li>\n<li>Los tubos no se doblan ni pellizcan<\/li>\n<li>Cuenta con trampas de seguridad sobre presi\u00f3n en la parte superior de ambas columnas para evitar la p\u00e9rdida de fluido debido a presiones de sobrerango o sobretensiones en la presi\u00f3n<\/li>\n<li>Adecuado para presi\u00f3n total intermitente de hasta 50 psi y vac\u00edo que no exceda los 20 &#8220;Hg<\/li>\n<li>Evite temperaturas superiores a 130 \u00b0 F y alta presi\u00f3n total continua<\/li>\n<li>No debe usarse con aceite de calibre rojo; Use solo agua o mercurio<\/li>\n<\/ul>\n<h4>Dwyer 1211-12 Especificaciones<\/h4>\n<table class=\"table table-striped\">\n<tbody>\n<tr>\n<td>Gama<\/td>\n<td>6-0-6&#8243;<\/td>\n<\/tr>\n<tr>\n<td>Hg requerido<\/td>\n<td>7 onzas<\/td>\n<\/tr>\n<\/tbody>\n<\/table>\n","protected":false},"excerpt":{"rendered":"<p>Con un pr\u00e1ctico man\u00f3metro enrollable con precisi\u00f3n de laboratorio. Tan precisos como los mejores medidores en &#8220;U&#8221; de laboratorio, pero est\u00e1n hechos para enrollarse de forma compacta para facilitar su transporte y soportar un uso rudo. Requiere 7 onzas de agua o mercurio.<\/p>\n","protected":false},"featured_media":3666,"comment_status":"open","ping_status":"closed","template":"","meta":{"_joinchat":[]},"product_brand":[],"product_cat":[15],"product_tag":[],"class_list":{"0":"post-3665","1":"product","2":"type-product","3":"status-publish","4":"has-post-thumbnail","6":"product_cat-sin-categorizar","8":"first","9":"instock","10":"shipping-taxable","11":"product-type-simple"},"yoast_head":"<!-- This site is optimized with the Yoast SEO plugin v26.4 - https:\/\/yoast.com\/wordpress\/plugins\/seo\/ -->\n<title>dwyer 1211-12 man\u00f3metro de tubo flojo, 6-0-6 &quot;w.c. - Abaa tienda online<\/title>\n<meta name=\"robots\" content=\"index, follow, max-snippet:-1, max-image-preview:large, max-video-preview:-1\" \/>\n<link rel=\"canonical\" href=\"https:\/\/abaa.mx\/tienda\/dwyer-1211-12-manometro-de-tubo-flojo-6-0-6-w-c\/\" \/>\n<meta property=\"og:locale\" content=\"es_MX\" \/>\n<meta property=\"og:type\" content=\"article\" \/>\n<meta property=\"og:title\" content=\"dwyer 1211-12 man\u00f3metro de tubo flojo, 6-0-6 &quot;w.c. - Abaa tienda online\" \/>\n<meta property=\"og:description\" content=\"Con un pr\u00e1ctico man\u00f3metro enrollable con precisi\u00f3n de laboratorio. Tan precisos como los mejores medidores en &quot;U&quot; de laboratorio, pero est\u00e1n hechos para enrollarse de forma compacta para facilitar su transporte y soportar un uso rudo. Requiere 7 onzas de agua o mercurio.\" \/>\n<meta property=\"og:url\" content=\"https:\/\/abaa.mx\/tienda\/dwyer-1211-12-manometro-de-tubo-flojo-6-0-6-w-c\/\" \/>\n<meta property=\"og:site_name\" content=\"Abaa tienda online\" \/>\n<meta property=\"article:modified_time\" content=\"2023-09-29T14:22:40+00:00\" \/>\n<meta property=\"og:image\" content=\"https:\/\/abaa.mx\/tienda\/wp-content\/uploads\/2023\/09\/1211-12.jpg\" \/>\n\t<meta property=\"og:image:width\" content=\"270\" \/>\n\t<meta property=\"og:image:height\" content=\"270\" \/>\n\t<meta property=\"og:image:type\" content=\"image\/jpeg\" \/>\n<meta name=\"twitter:card\" content=\"summary_large_image\" \/>\n<meta name=\"twitter:label1\" content=\"Tiempo de lectura\" \/>\n\t<meta name=\"twitter:data1\" content=\"2 minutos\" \/>\n<script type=\"application\/ld+json\" class=\"yoast-schema-graph\">{\"@context\":\"https:\/\/schema.org\",\"@graph\":[{\"@type\":\"WebPage\",\"@id\":\"https:\/\/abaa.mx\/tienda\/dwyer-1211-12-manometro-de-tubo-flojo-6-0-6-w-c\/\",\"url\":\"https:\/\/abaa.mx\/tienda\/dwyer-1211-12-manometro-de-tubo-flojo-6-0-6-w-c\/\",\"name\":\"dwyer 1211-12 man\u00f3metro de tubo flojo, 6-0-6 \\\"w.c. - Abaa tienda online\",\"isPartOf\":{\"@id\":\"https:\/\/abaa.mx\/tienda\/#website\"},\"primaryImageOfPage\":{\"@id\":\"https:\/\/abaa.mx\/tienda\/dwyer-1211-12-manometro-de-tubo-flojo-6-0-6-w-c\/#primaryimage\"},\"image\":{\"@id\":\"https:\/\/abaa.mx\/tienda\/dwyer-1211-12-manometro-de-tubo-flojo-6-0-6-w-c\/#primaryimage\"},\"thumbnailUrl\":\"https:\/\/abaa.mx\/tienda\/wp-content\/uploads\/2023\/09\/1211-12.jpg\",\"datePublished\":\"2023-09-29T14:22:39+00:00\",\"dateModified\":\"2023-09-29T14:22:40+00:00\",\"breadcrumb\":{\"@id\":\"https:\/\/abaa.mx\/tienda\/dwyer-1211-12-manometro-de-tubo-flojo-6-0-6-w-c\/#breadcrumb\"},\"inLanguage\":\"es\",\"potentialAction\":[{\"@type\":\"ReadAction\",\"target\":[\"https:\/\/abaa.mx\/tienda\/dwyer-1211-12-manometro-de-tubo-flojo-6-0-6-w-c\/\"]}]},{\"@type\":\"ImageObject\",\"inLanguage\":\"es\",\"@id\":\"https:\/\/abaa.mx\/tienda\/dwyer-1211-12-manometro-de-tubo-flojo-6-0-6-w-c\/#primaryimage\",\"url\":\"https:\/\/abaa.mx\/tienda\/wp-content\/uploads\/2023\/09\/1211-12.jpg\",\"contentUrl\":\"https:\/\/abaa.mx\/tienda\/wp-content\/uploads\/2023\/09\/1211-12.jpg\",\"width\":270,\"height\":270,\"caption\":\"1211-12\"},{\"@type\":\"BreadcrumbList\",\"@id\":\"https:\/\/abaa.mx\/tienda\/dwyer-1211-12-manometro-de-tubo-flojo-6-0-6-w-c\/#breadcrumb\",\"itemListElement\":[{\"@type\":\"ListItem\",\"position\":1,\"name\":\"Inicio\",\"item\":\"https:\/\/abaa.mx\/tienda\/\"},{\"@type\":\"ListItem\",\"position\":2,\"name\":\"Tienda\",\"item\":\"https:\/\/abaa.mx\/tienda\/\"},{\"@type\":\"ListItem\",\"position\":3,\"name\":\"dwyer 1211-12 man\u00f3metro de tubo flojo, 6-0-6 &#8220;w.c.\"}]},{\"@type\":\"WebSite\",\"@id\":\"https:\/\/abaa.mx\/tienda\/#website\",\"url\":\"https:\/\/abaa.mx\/tienda\/\",\"name\":\"Abaa tienda online\",\"description\":\"Instrumentos de medici\u00f3n\",\"publisher\":{\"@id\":\"https:\/\/abaa.mx\/tienda\/#organization\"},\"potentialAction\":[{\"@type\":\"SearchAction\",\"target\":{\"@type\":\"EntryPoint\",\"urlTemplate\":\"https:\/\/abaa.mx\/tienda\/?s={search_term_string}\"},\"query-input\":{\"@type\":\"PropertyValueSpecification\",\"valueRequired\":true,\"valueName\":\"search_term_string\"}}],\"inLanguage\":\"es\"},{\"@type\":\"Organization\",\"@id\":\"https:\/\/abaa.mx\/tienda\/#organization\",\"name\":\"Abaa tienda online\",\"url\":\"https:\/\/abaa.mx\/tienda\/\",\"logo\":{\"@type\":\"ImageObject\",\"inLanguage\":\"es\",\"@id\":\"https:\/\/abaa.mx\/tienda\/#\/schema\/logo\/image\/\",\"url\":\"https:\/\/abaa.mx\/tienda\/wp-content\/uploads\/2024\/01\/abaa-metrologia-tienda.png\",\"contentUrl\":\"https:\/\/abaa.mx\/tienda\/wp-content\/uploads\/2024\/01\/abaa-metrologia-tienda.png\",\"width\":300,\"height\":141,\"caption\":\"Abaa tienda online\"},\"image\":{\"@id\":\"https:\/\/abaa.mx\/tienda\/#\/schema\/logo\/image\/\"}}]}<\/script>\n<!-- \/ Yoast SEO plugin. -->","yoast_head_json":{"title":"dwyer 1211-12 man\u00f3metro de tubo flojo, 6-0-6 \"w.c. - Abaa tienda online","robots":{"index":"index","follow":"follow","max-snippet":"max-snippet:-1","max-image-preview":"max-image-preview:large","max-video-preview":"max-video-preview:-1"},"canonical":"https:\/\/abaa.mx\/tienda\/dwyer-1211-12-manometro-de-tubo-flojo-6-0-6-w-c\/","og_locale":"es_MX","og_type":"article","og_title":"dwyer 1211-12 man\u00f3metro de tubo flojo, 6-0-6 \"w.c. - Abaa tienda online","og_description":"Con un pr\u00e1ctico man\u00f3metro enrollable con precisi\u00f3n de laboratorio. Tan precisos como los mejores medidores en \"U\" de laboratorio, pero est\u00e1n hechos para enrollarse de forma compacta para facilitar su transporte y soportar un uso rudo. Requiere 7 onzas de agua o mercurio.","og_url":"https:\/\/abaa.mx\/tienda\/dwyer-1211-12-manometro-de-tubo-flojo-6-0-6-w-c\/","og_site_name":"Abaa tienda online","article_modified_time":"2023-09-29T14:22:40+00:00","og_image":[{"width":270,"height":270,"url":"https:\/\/abaa.mx\/tienda\/wp-content\/uploads\/2023\/09\/1211-12.jpg","type":"image\/jpeg"}],"twitter_card":"summary_large_image","twitter_misc":{"Tiempo de lectura":"2 minutos"},"schema":{"@context":"https:\/\/schema.org","@graph":[{"@type":"WebPage","@id":"https:\/\/abaa.mx\/tienda\/dwyer-1211-12-manometro-de-tubo-flojo-6-0-6-w-c\/","url":"https:\/\/abaa.mx\/tienda\/dwyer-1211-12-manometro-de-tubo-flojo-6-0-6-w-c\/","name":"dwyer 1211-12 man\u00f3metro de tubo flojo, 6-0-6 \"w.c. - Abaa tienda online","isPartOf":{"@id":"https:\/\/abaa.mx\/tienda\/#website"},"primaryImageOfPage":{"@id":"https:\/\/abaa.mx\/tienda\/dwyer-1211-12-manometro-de-tubo-flojo-6-0-6-w-c\/#primaryimage"},"image":{"@id":"https:\/\/abaa.mx\/tienda\/dwyer-1211-12-manometro-de-tubo-flojo-6-0-6-w-c\/#primaryimage"},"thumbnailUrl":"https:\/\/abaa.mx\/tienda\/wp-content\/uploads\/2023\/09\/1211-12.jpg","datePublished":"2023-09-29T14:22:39+00:00","dateModified":"2023-09-29T14:22:40+00:00","breadcrumb":{"@id":"https:\/\/abaa.mx\/tienda\/dwyer-1211-12-manometro-de-tubo-flojo-6-0-6-w-c\/#breadcrumb"},"inLanguage":"es","potentialAction":[{"@type":"ReadAction","target":["https:\/\/abaa.mx\/tienda\/dwyer-1211-12-manometro-de-tubo-flojo-6-0-6-w-c\/"]}]},{"@type":"ImageObject","inLanguage":"es","@id":"https:\/\/abaa.mx\/tienda\/dwyer-1211-12-manometro-de-tubo-flojo-6-0-6-w-c\/#primaryimage","url":"https:\/\/abaa.mx\/tienda\/wp-content\/uploads\/2023\/09\/1211-12.jpg","contentUrl":"https:\/\/abaa.mx\/tienda\/wp-content\/uploads\/2023\/09\/1211-12.jpg","width":270,"height":270,"caption":"1211-12"},{"@type":"BreadcrumbList","@id":"https:\/\/abaa.mx\/tienda\/dwyer-1211-12-manometro-de-tubo-flojo-6-0-6-w-c\/#breadcrumb","itemListElement":[{"@type":"ListItem","position":1,"name":"Inicio","item":"https:\/\/abaa.mx\/tienda\/"},{"@type":"ListItem","position":2,"name":"Tienda","item":"https:\/\/abaa.mx\/tienda\/"},{"@type":"ListItem","position":3,"name":"dwyer 1211-12 man\u00f3metro de tubo flojo, 6-0-6 &#8220;w.c."}]},{"@type":"WebSite","@id":"https:\/\/abaa.mx\/tienda\/#website","url":"https:\/\/abaa.mx\/tienda\/","name":"Abaa tienda online","description":"Instrumentos de medici\u00f3n","publisher":{"@id":"https:\/\/abaa.mx\/tienda\/#organization"},"potentialAction":[{"@type":"SearchAction","target":{"@type":"EntryPoint","urlTemplate":"https:\/\/abaa.mx\/tienda\/?s={search_term_string}"},"query-input":{"@type":"PropertyValueSpecification","valueRequired":true,"valueName":"search_term_string"}}],"inLanguage":"es"},{"@type":"Organization","@id":"https:\/\/abaa.mx\/tienda\/#organization","name":"Abaa tienda online","url":"https:\/\/abaa.mx\/tienda\/","logo":{"@type":"ImageObject","inLanguage":"es","@id":"https:\/\/abaa.mx\/tienda\/#\/schema\/logo\/image\/","url":"https:\/\/abaa.mx\/tienda\/wp-content\/uploads\/2024\/01\/abaa-metrologia-tienda.png","contentUrl":"https:\/\/abaa.mx\/tienda\/wp-content\/uploads\/2024\/01\/abaa-metrologia-tienda.png","width":300,"height":141,"caption":"Abaa tienda online"},"image":{"@id":"https:\/\/abaa.mx\/tienda\/#\/schema\/logo\/image\/"}}]}},"_links":{"self":[{"href":"https:\/\/abaa.mx\/tienda\/wp-json\/wp\/v2\/product\/3665","targetHints":{"allow":["GET"]}}],"collection":[{"href":"https:\/\/abaa.mx\/tienda\/wp-json\/wp\/v2\/product"}],"about":[{"href":"https:\/\/abaa.mx\/tienda\/wp-json\/wp\/v2\/types\/product"}],"replies":[{"embeddable":true,"href":"https:\/\/abaa.mx\/tienda\/wp-json\/wp\/v2\/comments?post=3665"}],"wp:featuredmedia":[{"embeddable":true,"href":"https:\/\/abaa.mx\/tienda\/wp-json\/wp\/v2\/media\/3666"}],"wp:attachment":[{"href":"https:\/\/abaa.mx\/tienda\/wp-json\/wp\/v2\/media?parent=3665"}],"wp:term":[{"taxonomy":"product_brand","embeddable":true,"href":"https:\/\/abaa.mx\/tienda\/wp-json\/wp\/v2\/product_brand?post=3665"},{"taxonomy":"product_cat","embeddable":true,"href":"https:\/\/abaa.mx\/tienda\/wp-json\/wp\/v2\/product_cat?post=3665"},{"taxonomy":"product_tag","embeddable":true,"href":"https:\/\/abaa.mx\/tienda\/wp-json\/wp\/v2\/product_tag?post=3665"}],"curies":[{"name":"wp","href":"https:\/\/api.w.org\/{rel}","templated":true}]}}