{"id":3627,"date":"2023-09-28T21:37:44","date_gmt":"2023-09-28T21:37:44","guid":{"rendered":"https:\/\/abaa.mx\/tienda\/?post_type=product&#038;p=3627"},"modified":"2023-09-28T21:37:45","modified_gmt":"2023-09-28T21:37:45","slug":"manometro-diferencial-digital-dwyer-478a-0-4-a-4w-c","status":"publish","type":"product","link":"https:\/\/abaa.mx\/tienda\/manometro-diferencial-digital-dwyer-478a-0-4-a-4w-c\/","title":{"rendered":"man\u00f3metro diferencial digital dwyer 478a-0 (-4 a 4&#8243;w.c.)"},"content":{"rendered":"<h4>Man\u00f3metro Dwyer 478A-0, -4.00 A 4.00 W.C.<\/h4>\n<ul>\n<li>Apagado autom\u00e1tico.<\/li>\n<li>Pantalla grande y f\u00e1cil de leer.<\/li>\n<li>Caja de aluminio extruido.<\/li>\n<li>Selecci\u00f3n instant\u00e1nea de hasta ocho unidades en ingl\u00e9s\/m\u00e9tricas<\/li>\n<\/ul>\n<p><span><strong>Especificaciones<\/strong>\u00a0Servicio: Aire<br \/>\ny gases compatibles.<br \/>\nMateriales h\u00famedos: Consultar f\u00e1brica.<br \/>\nPrecisi\u00f3n: \u00b11.5% F.S. @ 72\u00b0F (22.2\u00b0C). Incluye linealidad y repetibilidad.<br \/>\nHist\u00e9resis de presi\u00f3n: \u00b10.1% de F.S. L\u00edmites de presi\u00f3n: 5 psig (.<br \/>\n34 bar).<br \/>\nL\u00edmites de temperatura: 0 a 140\u00b0F (-17.8 a 60\u00b0C).<br \/>\nL\u00edmites de temperatura compensados: 32 a 104 \u00b0 F (0 a 40 \u00b0 C).<br \/>\nEfecto t\u00e9rmico: 0.05% F.S.\/\u00b0F. Pantalla: LCD de 4 d\u00edgitos (.425 &#8220;H x .<br \/>\n234&#8243; W d\u00edgitos).<br \/>\nRequisitos de energ\u00eda: bater\u00eda alcalina de 9V. Bater\u00eda incluida pero no conectada.<br \/>\nConexiones de proceso: Conexi\u00f3n de p\u00faas para uso con tubos I.D. de 3\/16&#8243; o 1\/4&#8221;.<br \/>\nPeso: 10.8 oz (306 g).<br \/>\nAprobaciones de agencia: CE.<\/span><\/p>\n<h4>Dwyer 478A-0 Especificaciones<\/h4>\n<table class=\"table table-striped\">\n<tbody>\n<tr>\n<td>Servicio<\/td>\n<td>Aire y gases compatibles<\/td>\n<\/tr>\n<tr>\n<td>Exactitud<\/td>\n<td>\u00b11.5% FS a 72\u00b0F (22.2\u00b0C). Incluye linealidad y repetibilidad<\/td>\n<\/tr>\n<tr>\n<td>Hist\u00e9resis por presi\u00f3n<\/td>\n<td>\u00b10,1% FS<\/td>\n<\/tr>\n<tr>\n<td>L\u00edmites de presi\u00f3n<\/td>\n<td>5 psig (0,74 bar)<\/td>\n<\/tr>\n<tr>\n<td>L\u00edmites de temperatura<\/td>\n<td>0 a 140\u00b0F (-17.8 a 60\u00b0C)<\/td>\n<\/tr>\n<tr>\n<td>L\u00edmites de temperatura compensados<\/td>\n<td>32 a 104\u00b0F (0 a 40\u00b0C)<\/td>\n<\/tr>\n<tr>\n<td>Efecto t\u00e9rmico<\/td>\n<td>0,05% FS\/\u00b0F<\/td>\n<\/tr>\n<tr>\n<td>Monitor<\/td>\n<td>LCD de 4 d\u00edgitos (0,425 x 0,234&#8243; d\u00edgitos)<\/td>\n<\/tr>\n<tr>\n<td>Requisitos de alimentaci\u00f3n<\/td>\n<td>Bater\u00eda alcalina de 9 V, instalada no funcional, reemplazable por el usuario<\/td>\n<\/tr>\n<tr>\n<td>Conexiones de proceso<\/td>\n<td>Para usar con tubos de identificaci\u00f3n de 3\/16&#8243; o 1\/4&#8243;<\/td>\n<\/tr>\n<tr>\n<td>Peso<\/td>\n<td>10,8 onzas (306 g)<\/td>\n<\/tr>\n<tr>\n<td>Aprobaciones de agencias<\/td>\n<td>Despu\u00e9s de Cristo<\/td>\n<\/tr>\n<\/tbody>\n<\/table>\n","protected":false},"excerpt":{"rendered":"<p>Mide las presiones positivas y negativas. Funci\u00f3n de cero autom\u00e1tico con un bot\u00f3n.<\/p>\n<ul>\n<li>Apagado autom\u00e1tico.<\/li>\n<li>Pantalla grande y f\u00e1cil de leer.<\/li>\n<li>Caja de aluminio extruido.<\/li>\n<li>Selecci\u00f3n instant\u00e1nea de hasta ocho unidades en ingl\u00e9s\/m\u00e9tricas<\/li>\n<\/ul>\n","protected":false},"featured_media":3632,"comment_status":"open","ping_status":"closed","template":"","meta":{"_joinchat":[]},"product_brand":[],"product_cat":[15],"product_tag":[],"class_list":{"0":"post-3627","1":"product","2":"type-product","3":"status-publish","4":"has-post-thumbnail","6":"product_cat-sin-categorizar","8":"first","9":"instock","10":"shipping-taxable","11":"product-type-simple"},"yoast_head":"<!-- This site is optimized with the Yoast SEO plugin v26.4 - https:\/\/yoast.com\/wordpress\/plugins\/seo\/ -->\n<title>man\u00f3metro diferencial digital dwyer 478a-0 (-4 a 4&quot;w.c.) - Abaa tienda online<\/title>\n<meta name=\"robots\" content=\"index, follow, max-snippet:-1, max-image-preview:large, max-video-preview:-1\" \/>\n<link rel=\"canonical\" href=\"https:\/\/abaa.mx\/tienda\/manometro-diferencial-digital-dwyer-478a-0-4-a-4w-c\/\" \/>\n<meta property=\"og:locale\" content=\"es_MX\" \/>\n<meta property=\"og:type\" content=\"article\" \/>\n<meta property=\"og:title\" content=\"man\u00f3metro diferencial digital dwyer 478a-0 (-4 a 4&quot;w.c.) - Abaa tienda online\" \/>\n<meta property=\"og:description\" content=\"Mide las presiones positivas y negativas. Funci\u00f3n de cero autom\u00e1tico con un bot\u00f3n.   Apagado autom\u00e1tico.  Pantalla grande y f\u00e1cil de leer.  Caja de aluminio extruido.  Selecci\u00f3n instant\u00e1nea de hasta ocho unidades en ingl\u00e9s\/m\u00e9tricas\" \/>\n<meta property=\"og:url\" content=\"https:\/\/abaa.mx\/tienda\/manometro-diferencial-digital-dwyer-478a-0-4-a-4w-c\/\" \/>\n<meta property=\"og:site_name\" content=\"Abaa tienda online\" \/>\n<meta property=\"article:modified_time\" content=\"2023-09-28T21:37:45+00:00\" \/>\n<meta property=\"og:image\" content=\"https:\/\/abaa.mx\/tienda\/wp-content\/uploads\/2023\/09\/478A-0.jpg\" \/>\n\t<meta property=\"og:image:width\" content=\"270\" \/>\n\t<meta property=\"og:image:height\" content=\"500\" \/>\n\t<meta property=\"og:image:type\" content=\"image\/jpeg\" \/>\n<meta name=\"twitter:card\" content=\"summary_large_image\" \/>\n<meta name=\"twitter:label1\" content=\"Tiempo de lectura\" \/>\n\t<meta name=\"twitter:data1\" content=\"2 minutos\" \/>\n<script type=\"application\/ld+json\" class=\"yoast-schema-graph\">{\"@context\":\"https:\/\/schema.org\",\"@graph\":[{\"@type\":\"WebPage\",\"@id\":\"https:\/\/abaa.mx\/tienda\/manometro-diferencial-digital-dwyer-478a-0-4-a-4w-c\/\",\"url\":\"https:\/\/abaa.mx\/tienda\/manometro-diferencial-digital-dwyer-478a-0-4-a-4w-c\/\",\"name\":\"man\u00f3metro diferencial digital dwyer 478a-0 (-4 a 4\\\"w.c.) - Abaa tienda online\",\"isPartOf\":{\"@id\":\"https:\/\/abaa.mx\/tienda\/#website\"},\"primaryImageOfPage\":{\"@id\":\"https:\/\/abaa.mx\/tienda\/manometro-diferencial-digital-dwyer-478a-0-4-a-4w-c\/#primaryimage\"},\"image\":{\"@id\":\"https:\/\/abaa.mx\/tienda\/manometro-diferencial-digital-dwyer-478a-0-4-a-4w-c\/#primaryimage\"},\"thumbnailUrl\":\"https:\/\/abaa.mx\/tienda\/wp-content\/uploads\/2023\/09\/478A-0.jpg\",\"datePublished\":\"2023-09-28T21:37:44+00:00\",\"dateModified\":\"2023-09-28T21:37:45+00:00\",\"breadcrumb\":{\"@id\":\"https:\/\/abaa.mx\/tienda\/manometro-diferencial-digital-dwyer-478a-0-4-a-4w-c\/#breadcrumb\"},\"inLanguage\":\"es\",\"potentialAction\":[{\"@type\":\"ReadAction\",\"target\":[\"https:\/\/abaa.mx\/tienda\/manometro-diferencial-digital-dwyer-478a-0-4-a-4w-c\/\"]}]},{\"@type\":\"ImageObject\",\"inLanguage\":\"es\",\"@id\":\"https:\/\/abaa.mx\/tienda\/manometro-diferencial-digital-dwyer-478a-0-4-a-4w-c\/#primaryimage\",\"url\":\"https:\/\/abaa.mx\/tienda\/wp-content\/uploads\/2023\/09\/478A-0.jpg\",\"contentUrl\":\"https:\/\/abaa.mx\/tienda\/wp-content\/uploads\/2023\/09\/478A-0.jpg\",\"width\":270,\"height\":500,\"caption\":\"478A-0\"},{\"@type\":\"BreadcrumbList\",\"@id\":\"https:\/\/abaa.mx\/tienda\/manometro-diferencial-digital-dwyer-478a-0-4-a-4w-c\/#breadcrumb\",\"itemListElement\":[{\"@type\":\"ListItem\",\"position\":1,\"name\":\"Inicio\",\"item\":\"https:\/\/abaa.mx\/tienda\/\"},{\"@type\":\"ListItem\",\"position\":2,\"name\":\"Tienda\",\"item\":\"https:\/\/abaa.mx\/tienda\/\"},{\"@type\":\"ListItem\",\"position\":3,\"name\":\"man\u00f3metro diferencial digital dwyer 478a-0 (-4 a 4&#8243;w.c.)\"}]},{\"@type\":\"WebSite\",\"@id\":\"https:\/\/abaa.mx\/tienda\/#website\",\"url\":\"https:\/\/abaa.mx\/tienda\/\",\"name\":\"Abaa tienda online\",\"description\":\"Instrumentos de medici\u00f3n\",\"publisher\":{\"@id\":\"https:\/\/abaa.mx\/tienda\/#organization\"},\"potentialAction\":[{\"@type\":\"SearchAction\",\"target\":{\"@type\":\"EntryPoint\",\"urlTemplate\":\"https:\/\/abaa.mx\/tienda\/?s={search_term_string}\"},\"query-input\":{\"@type\":\"PropertyValueSpecification\",\"valueRequired\":true,\"valueName\":\"search_term_string\"}}],\"inLanguage\":\"es\"},{\"@type\":\"Organization\",\"@id\":\"https:\/\/abaa.mx\/tienda\/#organization\",\"name\":\"Abaa tienda online\",\"url\":\"https:\/\/abaa.mx\/tienda\/\",\"logo\":{\"@type\":\"ImageObject\",\"inLanguage\":\"es\",\"@id\":\"https:\/\/abaa.mx\/tienda\/#\/schema\/logo\/image\/\",\"url\":\"https:\/\/abaa.mx\/tienda\/wp-content\/uploads\/2024\/01\/abaa-metrologia-tienda.png\",\"contentUrl\":\"https:\/\/abaa.mx\/tienda\/wp-content\/uploads\/2024\/01\/abaa-metrologia-tienda.png\",\"width\":300,\"height\":141,\"caption\":\"Abaa tienda online\"},\"image\":{\"@id\":\"https:\/\/abaa.mx\/tienda\/#\/schema\/logo\/image\/\"}}]}<\/script>\n<!-- \/ Yoast SEO plugin. -->","yoast_head_json":{"title":"man\u00f3metro diferencial digital dwyer 478a-0 (-4 a 4\"w.c.) - Abaa tienda online","robots":{"index":"index","follow":"follow","max-snippet":"max-snippet:-1","max-image-preview":"max-image-preview:large","max-video-preview":"max-video-preview:-1"},"canonical":"https:\/\/abaa.mx\/tienda\/manometro-diferencial-digital-dwyer-478a-0-4-a-4w-c\/","og_locale":"es_MX","og_type":"article","og_title":"man\u00f3metro diferencial digital dwyer 478a-0 (-4 a 4\"w.c.) - Abaa tienda online","og_description":"Mide las presiones positivas y negativas. Funci\u00f3n de cero autom\u00e1tico con un bot\u00f3n.   Apagado autom\u00e1tico.  Pantalla grande y f\u00e1cil de leer.  Caja de aluminio extruido.  Selecci\u00f3n instant\u00e1nea de hasta ocho unidades en ingl\u00e9s\/m\u00e9tricas","og_url":"https:\/\/abaa.mx\/tienda\/manometro-diferencial-digital-dwyer-478a-0-4-a-4w-c\/","og_site_name":"Abaa tienda online","article_modified_time":"2023-09-28T21:37:45+00:00","og_image":[{"width":270,"height":500,"url":"https:\/\/abaa.mx\/tienda\/wp-content\/uploads\/2023\/09\/478A-0.jpg","type":"image\/jpeg"}],"twitter_card":"summary_large_image","twitter_misc":{"Tiempo de lectura":"2 minutos"},"schema":{"@context":"https:\/\/schema.org","@graph":[{"@type":"WebPage","@id":"https:\/\/abaa.mx\/tienda\/manometro-diferencial-digital-dwyer-478a-0-4-a-4w-c\/","url":"https:\/\/abaa.mx\/tienda\/manometro-diferencial-digital-dwyer-478a-0-4-a-4w-c\/","name":"man\u00f3metro diferencial digital dwyer 478a-0 (-4 a 4\"w.c.) - Abaa tienda online","isPartOf":{"@id":"https:\/\/abaa.mx\/tienda\/#website"},"primaryImageOfPage":{"@id":"https:\/\/abaa.mx\/tienda\/manometro-diferencial-digital-dwyer-478a-0-4-a-4w-c\/#primaryimage"},"image":{"@id":"https:\/\/abaa.mx\/tienda\/manometro-diferencial-digital-dwyer-478a-0-4-a-4w-c\/#primaryimage"},"thumbnailUrl":"https:\/\/abaa.mx\/tienda\/wp-content\/uploads\/2023\/09\/478A-0.jpg","datePublished":"2023-09-28T21:37:44+00:00","dateModified":"2023-09-28T21:37:45+00:00","breadcrumb":{"@id":"https:\/\/abaa.mx\/tienda\/manometro-diferencial-digital-dwyer-478a-0-4-a-4w-c\/#breadcrumb"},"inLanguage":"es","potentialAction":[{"@type":"ReadAction","target":["https:\/\/abaa.mx\/tienda\/manometro-diferencial-digital-dwyer-478a-0-4-a-4w-c\/"]}]},{"@type":"ImageObject","inLanguage":"es","@id":"https:\/\/abaa.mx\/tienda\/manometro-diferencial-digital-dwyer-478a-0-4-a-4w-c\/#primaryimage","url":"https:\/\/abaa.mx\/tienda\/wp-content\/uploads\/2023\/09\/478A-0.jpg","contentUrl":"https:\/\/abaa.mx\/tienda\/wp-content\/uploads\/2023\/09\/478A-0.jpg","width":270,"height":500,"caption":"478A-0"},{"@type":"BreadcrumbList","@id":"https:\/\/abaa.mx\/tienda\/manometro-diferencial-digital-dwyer-478a-0-4-a-4w-c\/#breadcrumb","itemListElement":[{"@type":"ListItem","position":1,"name":"Inicio","item":"https:\/\/abaa.mx\/tienda\/"},{"@type":"ListItem","position":2,"name":"Tienda","item":"https:\/\/abaa.mx\/tienda\/"},{"@type":"ListItem","position":3,"name":"man\u00f3metro diferencial digital dwyer 478a-0 (-4 a 4&#8243;w.c.)"}]},{"@type":"WebSite","@id":"https:\/\/abaa.mx\/tienda\/#website","url":"https:\/\/abaa.mx\/tienda\/","name":"Abaa tienda online","description":"Instrumentos de medici\u00f3n","publisher":{"@id":"https:\/\/abaa.mx\/tienda\/#organization"},"potentialAction":[{"@type":"SearchAction","target":{"@type":"EntryPoint","urlTemplate":"https:\/\/abaa.mx\/tienda\/?s={search_term_string}"},"query-input":{"@type":"PropertyValueSpecification","valueRequired":true,"valueName":"search_term_string"}}],"inLanguage":"es"},{"@type":"Organization","@id":"https:\/\/abaa.mx\/tienda\/#organization","name":"Abaa tienda online","url":"https:\/\/abaa.mx\/tienda\/","logo":{"@type":"ImageObject","inLanguage":"es","@id":"https:\/\/abaa.mx\/tienda\/#\/schema\/logo\/image\/","url":"https:\/\/abaa.mx\/tienda\/wp-content\/uploads\/2024\/01\/abaa-metrologia-tienda.png","contentUrl":"https:\/\/abaa.mx\/tienda\/wp-content\/uploads\/2024\/01\/abaa-metrologia-tienda.png","width":300,"height":141,"caption":"Abaa tienda online"},"image":{"@id":"https:\/\/abaa.mx\/tienda\/#\/schema\/logo\/image\/"}}]}},"_links":{"self":[{"href":"https:\/\/abaa.mx\/tienda\/wp-json\/wp\/v2\/product\/3627","targetHints":{"allow":["GET"]}}],"collection":[{"href":"https:\/\/abaa.mx\/tienda\/wp-json\/wp\/v2\/product"}],"about":[{"href":"https:\/\/abaa.mx\/tienda\/wp-json\/wp\/v2\/types\/product"}],"replies":[{"embeddable":true,"href":"https:\/\/abaa.mx\/tienda\/wp-json\/wp\/v2\/comments?post=3627"}],"wp:featuredmedia":[{"embeddable":true,"href":"https:\/\/abaa.mx\/tienda\/wp-json\/wp\/v2\/media\/3632"}],"wp:attachment":[{"href":"https:\/\/abaa.mx\/tienda\/wp-json\/wp\/v2\/media?parent=3627"}],"wp:term":[{"taxonomy":"product_brand","embeddable":true,"href":"https:\/\/abaa.mx\/tienda\/wp-json\/wp\/v2\/product_brand?post=3627"},{"taxonomy":"product_cat","embeddable":true,"href":"https:\/\/abaa.mx\/tienda\/wp-json\/wp\/v2\/product_cat?post=3627"},{"taxonomy":"product_tag","embeddable":true,"href":"https:\/\/abaa.mx\/tienda\/wp-json\/wp\/v2\/product_tag?post=3627"}],"curies":[{"name":"wp","href":"https:\/\/api.w.org\/{rel}","templated":true}]}}