{"id":3569,"date":"2023-09-28T20:31:19","date_gmt":"2023-09-28T20:31:19","guid":{"rendered":"https:\/\/abaa.mx\/tienda\/?post_type=product&#038;p=3569"},"modified":"2023-12-06T17:55:22","modified_gmt":"2023-12-06T17:55:22","slug":"dwyer-mark-ii-27-manometro-inclinado-vertical-0-7000fpm-con-aceite-de-calibre-rojo","status":"publish","type":"product","link":"https:\/\/abaa.mx\/tienda\/dwyer-mark-ii-27-manometro-inclinado-vertical-0-7000fpm-con-aceite-de-calibre-rojo\/","title":{"rendered":"Dwyer mark ii 27 man\u00f3metro inclinado-vertical (0-7000fpm) con aceite de calibre rojo"},"content":{"rendered":"<h4>Man\u00f3metro Dwyer 26, MARK II, 0-7<\/h4>\n<ul>\n<li>Construcci\u00f3n &#8211; Los man\u00f3metros Mark II tienen un precio econ\u00f3mico, son compactos y est\u00e1n disponibles en configuraciones estacionarias y port\u00e1tiles.<\/li>\n<li>La construcci\u00f3n es simple con una carcasa de estireno-acrilonitrilo blanco moldeado pr\u00e1cticamente indestructible, que indica pozos de tubo y fluidos, perillas de ABS moldeadas y \u00e9mbolo de ajuste cero, vial de nivel de vidrio montado en choque y sellos de anillo &#8220;O&#8221; a prueba de fugas.<\/li>\n<li>Las sobrepresiones moderadas son acomodadas por un tanque de desbordamiento incorporado. Las trampas de desbordamiento operadas por flotador proporcionan una mayor protecci\u00f3n en el Modelo 40. Las escalas son litograf\u00edas impresas en aluminio y recubiertas de epoxi.<\/li>\n<li>Instalaci\u00f3n &#8211; Los man\u00f3metros Mark II se pueden montar en cualquier superficie vertical con los dos tornillos de montaje suministrados.<\/li>\n<li>Un nivel de alcohol incorporado simplifica la nivelaci\u00f3n antes de apretar los tornillos de montaje. Simplemente llene el dep\u00f3sito, ajuste el nivel de fluido a cero, conecte el tubo y el medidor estar\u00e1 listo para funcionar.<\/li>\n<\/ul>\n<p><strong>Caracter\u00edsticas t\u00e9cnicas<\/strong><\/p>\n<ul>\n<li>Precisi\u00f3n: \u00b13% escala completa.<\/li>\n<li>Temperatura m\u00e1xima de trabajo: inclinada\/vertical Modelos: 140 \u00b0F (60 \u00b0C)<\/li>\n<li>Presi\u00f3n m\u00e1xima interna de trabajo: inclinada\/vertical Modelos: 10 psi (70 kPa)<\/li>\n<\/ul>\n<h4>Dwyer MARK II 27 Especificaciones<\/h4>\n<table class=\"table table-striped\">\n<tbody>\n<tr>\n<td colspan=\"2\"><strong>Inclinado\/Vertical<\/strong><\/td>\n<\/tr>\n<tr>\n<td>Exactitud<\/td>\n<td>\u00b13% FS<\/td>\n<\/tr>\n<tr>\n<td>L\u00edmites de temperatura<\/td>\n<td>140\u00b0F (60\u00b0C)<\/td>\n<\/tr>\n<tr>\n<td>L\u00edmites de presi\u00f3n<\/td>\n<td>10 psi (70 kPa)<\/td>\n<\/tr>\n<tr>\n<td>Peso<\/td>\n<td>1,04 libras (472 g)<\/td>\n<\/tr>\n<tr>\n<td>Aprobaciones de agencias<\/td>\n<td>Cumple con los requisitos t\u00e9cnicos de la Directiva de la UE 2011\/65 \/ UE (RoHS II)<\/td>\n<\/tr>\n<tr>\n<td colspan=\"2\"><strong>Inclinado<\/strong><\/td>\n<\/tr>\n<tr>\n<td>Exactitud<\/td>\n<td>\u00b13% FS<\/td>\n<\/tr>\n<tr>\n<td>L\u00edmites de temperatura<\/td>\n<td>150\u00b0F (65\u00b0C)<\/td>\n<\/tr>\n<tr>\n<td>L\u00edmites de presi\u00f3n<\/td>\n<td>15 psi (100 kPa)<\/td>\n<\/tr>\n<tr>\n<td>Longitud de escala<\/td>\n<td>Aprox. 8 cm (21\/&lt;&gt;&#8221;)<\/td>\n<\/tr>\n<tr>\n<td>Peso<\/td>\n<td>1,23 libras (558 g)<\/td>\n<\/tr>\n<tr>\n<td>Aprobaciones de agencias<\/td>\n<td>Cumple con los requisitos t\u00e9cnicos de la Directiva de la UE 2011\/65 \/ UE (RoHS II)<\/td>\n<\/tr>\n<\/tbody>\n<\/table>\n","protected":false},"excerpt":{"rendered":"<p><strong>Construcci\u00f3n &#8211; Los man\u00f3metros Mark II tienen un precio econ\u00f3mico, son compactos y est\u00e1n disponibles en configuraciones estacionarias y port\u00e1tiles. La construcci\u00f3n es simple con una carcasa de estireno-acrilonitrilo blanco moldeado pr\u00e1cticamente indestructible, que indica pozos de tubo y fluidos, perillas de ABS moldeadas y \u00e9mbolo de ajuste cero, vial de nivel de vidrio montado en choque y sellos de anillo &#8220;O&#8221; a prueba de fugas.<\/strong><\/p>\n","protected":false},"featured_media":3585,"comment_status":"open","ping_status":"closed","template":"","meta":{"_joinchat":[]},"product_brand":[],"product_cat":[15],"product_tag":[],"class_list":{"0":"post-3569","1":"product","2":"type-product","3":"status-publish","4":"has-post-thumbnail","6":"product_cat-sin-categorizar","8":"first","9":"instock","10":"shipping-taxable","11":"product-type-simple"},"yoast_head":"<!-- This site is optimized with the Yoast SEO plugin v26.4 - https:\/\/yoast.com\/wordpress\/plugins\/seo\/ -->\n<title>Dwyer mark ii 27 man\u00f3metro inclinado-vertical (0-7000fpm) con aceite de calibre rojo - Abaa tienda online<\/title>\n<meta name=\"robots\" content=\"index, follow, max-snippet:-1, max-image-preview:large, max-video-preview:-1\" \/>\n<link rel=\"canonical\" href=\"https:\/\/abaa.mx\/tienda\/dwyer-mark-ii-27-manometro-inclinado-vertical-0-7000fpm-con-aceite-de-calibre-rojo\/\" \/>\n<meta property=\"og:locale\" content=\"es_MX\" \/>\n<meta property=\"og:type\" content=\"article\" \/>\n<meta property=\"og:title\" content=\"Dwyer mark ii 27 man\u00f3metro inclinado-vertical (0-7000fpm) con aceite de calibre rojo - Abaa tienda online\" \/>\n<meta property=\"og:description\" content=\"Construcci\u00f3n - Los man\u00f3metros Mark II tienen un precio econ\u00f3mico, son compactos y est\u00e1n disponibles en configuraciones estacionarias y port\u00e1tiles. La construcci\u00f3n es simple con una carcasa de estireno-acrilonitrilo blanco moldeado pr\u00e1cticamente indestructible, que indica pozos de tubo y fluidos, perillas de ABS moldeadas y \u00e9mbolo de ajuste cero, vial de nivel de vidrio montado en choque y sellos de anillo &quot;O&quot; a prueba de fugas.\" \/>\n<meta property=\"og:url\" content=\"https:\/\/abaa.mx\/tienda\/dwyer-mark-ii-27-manometro-inclinado-vertical-0-7000fpm-con-aceite-de-calibre-rojo\/\" \/>\n<meta property=\"og:site_name\" content=\"Abaa tienda online\" \/>\n<meta property=\"article:modified_time\" content=\"2023-12-06T17:55:22+00:00\" \/>\n<meta property=\"og:image\" content=\"https:\/\/abaa.mx\/tienda\/wp-content\/uploads\/2023\/09\/MARK-II-27.jpg\" \/>\n\t<meta property=\"og:image:width\" content=\"270\" \/>\n\t<meta property=\"og:image:height\" content=\"270\" \/>\n\t<meta property=\"og:image:type\" content=\"image\/jpeg\" \/>\n<meta name=\"twitter:card\" content=\"summary_large_image\" \/>\n<meta name=\"twitter:label1\" content=\"Tiempo de lectura\" \/>\n\t<meta name=\"twitter:data1\" content=\"2 minutos\" \/>\n<script type=\"application\/ld+json\" class=\"yoast-schema-graph\">{\"@context\":\"https:\/\/schema.org\",\"@graph\":[{\"@type\":\"WebPage\",\"@id\":\"https:\/\/abaa.mx\/tienda\/dwyer-mark-ii-27-manometro-inclinado-vertical-0-7000fpm-con-aceite-de-calibre-rojo\/\",\"url\":\"https:\/\/abaa.mx\/tienda\/dwyer-mark-ii-27-manometro-inclinado-vertical-0-7000fpm-con-aceite-de-calibre-rojo\/\",\"name\":\"Dwyer mark ii 27 man\u00f3metro inclinado-vertical (0-7000fpm) con aceite de calibre rojo - Abaa tienda online\",\"isPartOf\":{\"@id\":\"https:\/\/abaa.mx\/tienda\/#website\"},\"primaryImageOfPage\":{\"@id\":\"https:\/\/abaa.mx\/tienda\/dwyer-mark-ii-27-manometro-inclinado-vertical-0-7000fpm-con-aceite-de-calibre-rojo\/#primaryimage\"},\"image\":{\"@id\":\"https:\/\/abaa.mx\/tienda\/dwyer-mark-ii-27-manometro-inclinado-vertical-0-7000fpm-con-aceite-de-calibre-rojo\/#primaryimage\"},\"thumbnailUrl\":\"https:\/\/abaa.mx\/tienda\/wp-content\/uploads\/2023\/09\/MARK-II-27.jpg\",\"datePublished\":\"2023-09-28T20:31:19+00:00\",\"dateModified\":\"2023-12-06T17:55:22+00:00\",\"breadcrumb\":{\"@id\":\"https:\/\/abaa.mx\/tienda\/dwyer-mark-ii-27-manometro-inclinado-vertical-0-7000fpm-con-aceite-de-calibre-rojo\/#breadcrumb\"},\"inLanguage\":\"es\",\"potentialAction\":[{\"@type\":\"ReadAction\",\"target\":[\"https:\/\/abaa.mx\/tienda\/dwyer-mark-ii-27-manometro-inclinado-vertical-0-7000fpm-con-aceite-de-calibre-rojo\/\"]}]},{\"@type\":\"ImageObject\",\"inLanguage\":\"es\",\"@id\":\"https:\/\/abaa.mx\/tienda\/dwyer-mark-ii-27-manometro-inclinado-vertical-0-7000fpm-con-aceite-de-calibre-rojo\/#primaryimage\",\"url\":\"https:\/\/abaa.mx\/tienda\/wp-content\/uploads\/2023\/09\/MARK-II-27.jpg\",\"contentUrl\":\"https:\/\/abaa.mx\/tienda\/wp-content\/uploads\/2023\/09\/MARK-II-27.jpg\",\"width\":270,\"height\":270,\"caption\":\"MARK II 27\"},{\"@type\":\"BreadcrumbList\",\"@id\":\"https:\/\/abaa.mx\/tienda\/dwyer-mark-ii-27-manometro-inclinado-vertical-0-7000fpm-con-aceite-de-calibre-rojo\/#breadcrumb\",\"itemListElement\":[{\"@type\":\"ListItem\",\"position\":1,\"name\":\"Inicio\",\"item\":\"https:\/\/abaa.mx\/tienda\/\"},{\"@type\":\"ListItem\",\"position\":2,\"name\":\"Tienda\",\"item\":\"https:\/\/abaa.mx\/tienda\/\"},{\"@type\":\"ListItem\",\"position\":3,\"name\":\"Dwyer mark ii 27 man\u00f3metro inclinado-vertical (0-7000fpm) con aceite de calibre rojo\"}]},{\"@type\":\"WebSite\",\"@id\":\"https:\/\/abaa.mx\/tienda\/#website\",\"url\":\"https:\/\/abaa.mx\/tienda\/\",\"name\":\"Abaa tienda online\",\"description\":\"Instrumentos de medici\u00f3n\",\"publisher\":{\"@id\":\"https:\/\/abaa.mx\/tienda\/#organization\"},\"potentialAction\":[{\"@type\":\"SearchAction\",\"target\":{\"@type\":\"EntryPoint\",\"urlTemplate\":\"https:\/\/abaa.mx\/tienda\/?s={search_term_string}\"},\"query-input\":{\"@type\":\"PropertyValueSpecification\",\"valueRequired\":true,\"valueName\":\"search_term_string\"}}],\"inLanguage\":\"es\"},{\"@type\":\"Organization\",\"@id\":\"https:\/\/abaa.mx\/tienda\/#organization\",\"name\":\"Abaa tienda online\",\"url\":\"https:\/\/abaa.mx\/tienda\/\",\"logo\":{\"@type\":\"ImageObject\",\"inLanguage\":\"es\",\"@id\":\"https:\/\/abaa.mx\/tienda\/#\/schema\/logo\/image\/\",\"url\":\"https:\/\/abaa.mx\/tienda\/wp-content\/uploads\/2024\/01\/abaa-metrologia-tienda.png\",\"contentUrl\":\"https:\/\/abaa.mx\/tienda\/wp-content\/uploads\/2024\/01\/abaa-metrologia-tienda.png\",\"width\":300,\"height\":141,\"caption\":\"Abaa tienda online\"},\"image\":{\"@id\":\"https:\/\/abaa.mx\/tienda\/#\/schema\/logo\/image\/\"}}]}<\/script>\n<!-- \/ Yoast SEO plugin. -->","yoast_head_json":{"title":"Dwyer mark ii 27 man\u00f3metro inclinado-vertical (0-7000fpm) con aceite de calibre rojo - Abaa tienda online","robots":{"index":"index","follow":"follow","max-snippet":"max-snippet:-1","max-image-preview":"max-image-preview:large","max-video-preview":"max-video-preview:-1"},"canonical":"https:\/\/abaa.mx\/tienda\/dwyer-mark-ii-27-manometro-inclinado-vertical-0-7000fpm-con-aceite-de-calibre-rojo\/","og_locale":"es_MX","og_type":"article","og_title":"Dwyer mark ii 27 man\u00f3metro inclinado-vertical (0-7000fpm) con aceite de calibre rojo - Abaa tienda online","og_description":"Construcci\u00f3n - Los man\u00f3metros Mark II tienen un precio econ\u00f3mico, son compactos y est\u00e1n disponibles en configuraciones estacionarias y port\u00e1tiles. La construcci\u00f3n es simple con una carcasa de estireno-acrilonitrilo blanco moldeado pr\u00e1cticamente indestructible, que indica pozos de tubo y fluidos, perillas de ABS moldeadas y \u00e9mbolo de ajuste cero, vial de nivel de vidrio montado en choque y sellos de anillo \"O\" a prueba de fugas.","og_url":"https:\/\/abaa.mx\/tienda\/dwyer-mark-ii-27-manometro-inclinado-vertical-0-7000fpm-con-aceite-de-calibre-rojo\/","og_site_name":"Abaa tienda online","article_modified_time":"2023-12-06T17:55:22+00:00","og_image":[{"width":270,"height":270,"url":"https:\/\/abaa.mx\/tienda\/wp-content\/uploads\/2023\/09\/MARK-II-27.jpg","type":"image\/jpeg"}],"twitter_card":"summary_large_image","twitter_misc":{"Tiempo de lectura":"2 minutos"},"schema":{"@context":"https:\/\/schema.org","@graph":[{"@type":"WebPage","@id":"https:\/\/abaa.mx\/tienda\/dwyer-mark-ii-27-manometro-inclinado-vertical-0-7000fpm-con-aceite-de-calibre-rojo\/","url":"https:\/\/abaa.mx\/tienda\/dwyer-mark-ii-27-manometro-inclinado-vertical-0-7000fpm-con-aceite-de-calibre-rojo\/","name":"Dwyer mark ii 27 man\u00f3metro inclinado-vertical (0-7000fpm) con aceite de calibre rojo - Abaa tienda online","isPartOf":{"@id":"https:\/\/abaa.mx\/tienda\/#website"},"primaryImageOfPage":{"@id":"https:\/\/abaa.mx\/tienda\/dwyer-mark-ii-27-manometro-inclinado-vertical-0-7000fpm-con-aceite-de-calibre-rojo\/#primaryimage"},"image":{"@id":"https:\/\/abaa.mx\/tienda\/dwyer-mark-ii-27-manometro-inclinado-vertical-0-7000fpm-con-aceite-de-calibre-rojo\/#primaryimage"},"thumbnailUrl":"https:\/\/abaa.mx\/tienda\/wp-content\/uploads\/2023\/09\/MARK-II-27.jpg","datePublished":"2023-09-28T20:31:19+00:00","dateModified":"2023-12-06T17:55:22+00:00","breadcrumb":{"@id":"https:\/\/abaa.mx\/tienda\/dwyer-mark-ii-27-manometro-inclinado-vertical-0-7000fpm-con-aceite-de-calibre-rojo\/#breadcrumb"},"inLanguage":"es","potentialAction":[{"@type":"ReadAction","target":["https:\/\/abaa.mx\/tienda\/dwyer-mark-ii-27-manometro-inclinado-vertical-0-7000fpm-con-aceite-de-calibre-rojo\/"]}]},{"@type":"ImageObject","inLanguage":"es","@id":"https:\/\/abaa.mx\/tienda\/dwyer-mark-ii-27-manometro-inclinado-vertical-0-7000fpm-con-aceite-de-calibre-rojo\/#primaryimage","url":"https:\/\/abaa.mx\/tienda\/wp-content\/uploads\/2023\/09\/MARK-II-27.jpg","contentUrl":"https:\/\/abaa.mx\/tienda\/wp-content\/uploads\/2023\/09\/MARK-II-27.jpg","width":270,"height":270,"caption":"MARK II 27"},{"@type":"BreadcrumbList","@id":"https:\/\/abaa.mx\/tienda\/dwyer-mark-ii-27-manometro-inclinado-vertical-0-7000fpm-con-aceite-de-calibre-rojo\/#breadcrumb","itemListElement":[{"@type":"ListItem","position":1,"name":"Inicio","item":"https:\/\/abaa.mx\/tienda\/"},{"@type":"ListItem","position":2,"name":"Tienda","item":"https:\/\/abaa.mx\/tienda\/"},{"@type":"ListItem","position":3,"name":"Dwyer mark ii 27 man\u00f3metro inclinado-vertical (0-7000fpm) con aceite de calibre rojo"}]},{"@type":"WebSite","@id":"https:\/\/abaa.mx\/tienda\/#website","url":"https:\/\/abaa.mx\/tienda\/","name":"Abaa tienda online","description":"Instrumentos de medici\u00f3n","publisher":{"@id":"https:\/\/abaa.mx\/tienda\/#organization"},"potentialAction":[{"@type":"SearchAction","target":{"@type":"EntryPoint","urlTemplate":"https:\/\/abaa.mx\/tienda\/?s={search_term_string}"},"query-input":{"@type":"PropertyValueSpecification","valueRequired":true,"valueName":"search_term_string"}}],"inLanguage":"es"},{"@type":"Organization","@id":"https:\/\/abaa.mx\/tienda\/#organization","name":"Abaa tienda online","url":"https:\/\/abaa.mx\/tienda\/","logo":{"@type":"ImageObject","inLanguage":"es","@id":"https:\/\/abaa.mx\/tienda\/#\/schema\/logo\/image\/","url":"https:\/\/abaa.mx\/tienda\/wp-content\/uploads\/2024\/01\/abaa-metrologia-tienda.png","contentUrl":"https:\/\/abaa.mx\/tienda\/wp-content\/uploads\/2024\/01\/abaa-metrologia-tienda.png","width":300,"height":141,"caption":"Abaa tienda online"},"image":{"@id":"https:\/\/abaa.mx\/tienda\/#\/schema\/logo\/image\/"}}]}},"_links":{"self":[{"href":"https:\/\/abaa.mx\/tienda\/wp-json\/wp\/v2\/product\/3569","targetHints":{"allow":["GET"]}}],"collection":[{"href":"https:\/\/abaa.mx\/tienda\/wp-json\/wp\/v2\/product"}],"about":[{"href":"https:\/\/abaa.mx\/tienda\/wp-json\/wp\/v2\/types\/product"}],"replies":[{"embeddable":true,"href":"https:\/\/abaa.mx\/tienda\/wp-json\/wp\/v2\/comments?post=3569"}],"wp:featuredmedia":[{"embeddable":true,"href":"https:\/\/abaa.mx\/tienda\/wp-json\/wp\/v2\/media\/3585"}],"wp:attachment":[{"href":"https:\/\/abaa.mx\/tienda\/wp-json\/wp\/v2\/media?parent=3569"}],"wp:term":[{"taxonomy":"product_brand","embeddable":true,"href":"https:\/\/abaa.mx\/tienda\/wp-json\/wp\/v2\/product_brand?post=3569"},{"taxonomy":"product_cat","embeddable":true,"href":"https:\/\/abaa.mx\/tienda\/wp-json\/wp\/v2\/product_cat?post=3569"},{"taxonomy":"product_tag","embeddable":true,"href":"https:\/\/abaa.mx\/tienda\/wp-json\/wp\/v2\/product_tag?post=3569"}],"curies":[{"name":"wp","href":"https:\/\/api.w.org\/{rel}","templated":true}]}}