{"id":3568,"date":"2023-09-28T20:27:19","date_gmt":"2023-09-28T20:27:19","guid":{"rendered":"https:\/\/abaa.mx\/tienda\/?post_type=product&#038;p=3568"},"modified":"2023-12-06T17:55:28","modified_gmt":"2023-12-06T17:55:28","slug":"manometro-inclinado-vertical-dwyer-mark-ii-26-0-7w-c-con-aceite-blue-gauge","status":"publish","type":"product","link":"https:\/\/abaa.mx\/tienda\/manometro-inclinado-vertical-dwyer-mark-ii-26-0-7w-c-con-aceite-blue-gauge\/","title":{"rendered":"Man\u00f3metro inclinado-vertical dwyer mark ii 26 (0-7&#8243;w.c.) con aceite blue gauge"},"content":{"rendered":"<h4>Dwyer MARK II 26 Ofertas<\/h4>\n<p>El tubo inclinado-vertical curvo del calibre Modelo 25 proporciona rangos m\u00e1s altos con incrementos de lectura m\u00e1s f\u00e1ciles a lecturas bajas, y es excelente para trabajos de uso general. El medidor inclinado Modelo 40 proporciona calibraci\u00f3n lineal y excelente resoluci\u00f3n en toda su gama, y es ideal para aplicaciones de velocidad del aire y medidor de filtro de aire.<\/p>\n<p><strong>Funciones<\/strong><\/p>\n<ul>\n<li>Amplia gama de incrementos calibrados f\u00e1ciles de leer<\/li>\n<li>Man\u00f3metros ideales para mediciones generales y aplicaciones de aire espec\u00edficas<\/li>\n<li>Dispositivo compacto, estacionario o port\u00e1til, lo convierte en una herramienta f\u00e1cil de usar para la medici\u00f3n de presi\u00f3n en aplicaciones OEM o de usuario<\/li>\n<\/ul>\n<p><strong>Aplicaciones<\/strong><\/p>\n<ul>\n<li>Cabinas de pintura<\/li>\n<li>Medici\u00f3n de la velocidad del aire<\/li>\n<li>Indicador del filtro de aire<\/li>\n<\/ul>\n<h4>Dwyer MARK II 26 Especificaciones<\/h4>\n<table class=\"table table-striped\">\n<tbody>\n<tr>\n<td colspan=\"2\"><strong>Inclinado\/Vertical<\/strong><\/td>\n<\/tr>\n<tr>\n<td>Exactitud<\/td>\n<td>\u00b13% FS<\/td>\n<\/tr>\n<tr>\n<td>L\u00edmites de temperatura<\/td>\n<td>140\u00b0F (60\u00b0C)<\/td>\n<\/tr>\n<tr>\n<td>L\u00edmites de presi\u00f3n<\/td>\n<td>10 psi (70 kPa)<\/td>\n<\/tr>\n<tr>\n<td>Peso<\/td>\n<td>1,04 libras (472 g)<\/td>\n<\/tr>\n<tr>\n<td>Aprobaciones de agencias<\/td>\n<td>Cumple con los requisitos t\u00e9cnicos de la Directiva de la UE 2011\/65 \/ UE (RoHS II)<\/td>\n<\/tr>\n<tr>\n<td colspan=\"2\"><strong>Inclinado<\/strong><\/td>\n<\/tr>\n<tr>\n<td>Exactitud<\/td>\n<td>\u00b13% FS<\/td>\n<\/tr>\n<tr>\n<td>L\u00edmites de temperatura<\/td>\n<td>150\u00b0F (65\u00b0C)<\/td>\n<\/tr>\n<tr>\n<td>L\u00edmites de presi\u00f3n<\/td>\n<td>15 psi (100 kPa)<\/td>\n<\/tr>\n<tr>\n<td>Longitud de escala<\/td>\n<td>Aprox. 8 cm (21\/&lt;&gt;&#8221;)<\/td>\n<\/tr>\n<tr>\n<td>Peso<\/td>\n<td>1,23 libras (558 g)<\/td>\n<\/tr>\n<tr>\n<td>Aprobaciones de agencias<\/td>\n<td>Cumple con los requisitos t\u00e9cnicos de la Directiva de la UE 2011\/65 \/ UE (RoHS II)<\/td>\n<\/tr>\n<\/tbody>\n<\/table>\n","protected":false},"excerpt":{"rendered":"<p class=\"short-description mhide ipad-view-setting\">Construcci\u00f3n &#8211; Los man\u00f3metros Mark II tienen un precio econ\u00f3mico, son compactos y est\u00e1n disponibles en configuraciones estacionarias y port\u00e1tiles. La construcci\u00f3n es simple con una carcasa de estireno-acrilonitrilo blanco moldeado pr\u00e1cticamente indestructible, que indica pozos de tubo y fluidos, perillas de ABS moldeadas y \u00e9mbolo de ajuste cero, vial de nivel de vidrio montado en choque y sellos de anillo &#8220;O&#8221; a prueba de fugas.<\/p>\n<div class=\"row-fluid\">\n<div class=\"span12 mobile-pricing-box-padding\">\n<form id=\"70800\" accept-charset=\"utf-8\" action=\"https:\/\/www.globaltestsupply.com\/shop\/add\" method=\"post\" name=\"addTocartFunction\">\n<div><\/div>\n<\/form>\n<\/div>\n<\/div>\n","protected":false},"featured_media":3584,"comment_status":"open","ping_status":"closed","template":"","meta":{"_joinchat":[]},"product_brand":[],"product_cat":[15],"product_tag":[],"class_list":{"0":"post-3568","1":"product","2":"type-product","3":"status-publish","4":"has-post-thumbnail","6":"product_cat-sin-categorizar","8":"first","9":"instock","10":"shipping-taxable","11":"product-type-simple"},"yoast_head":"<!-- This site is optimized with the Yoast SEO plugin v26.4 - https:\/\/yoast.com\/wordpress\/plugins\/seo\/ -->\n<title>Man\u00f3metro inclinado-vertical dwyer mark ii 26 (0-7&quot;w.c.) con aceite blue gauge - Abaa tienda online<\/title>\n<meta name=\"robots\" content=\"index, follow, max-snippet:-1, max-image-preview:large, max-video-preview:-1\" \/>\n<link rel=\"canonical\" href=\"https:\/\/abaa.mx\/tienda\/manometro-inclinado-vertical-dwyer-mark-ii-26-0-7w-c-con-aceite-blue-gauge\/\" \/>\n<meta property=\"og:locale\" content=\"es_MX\" \/>\n<meta property=\"og:type\" content=\"article\" \/>\n<meta property=\"og:title\" content=\"Man\u00f3metro inclinado-vertical dwyer mark ii 26 (0-7&quot;w.c.) con aceite blue gauge - Abaa tienda online\" \/>\n<meta property=\"og:description\" content=\"Construcci\u00f3n - Los man\u00f3metros Mark II tienen un precio econ\u00f3mico, son compactos y est\u00e1n disponibles en configuraciones estacionarias y port\u00e1tiles. La construcci\u00f3n es simple con una carcasa de estireno-acrilonitrilo blanco moldeado pr\u00e1cticamente indestructible, que indica pozos de tubo y fluidos, perillas de ABS moldeadas y \u00e9mbolo de ajuste cero, vial de nivel de vidrio montado en choque y sellos de anillo &quot;O&quot; a prueba de fugas.\" \/>\n<meta property=\"og:url\" content=\"https:\/\/abaa.mx\/tienda\/manometro-inclinado-vertical-dwyer-mark-ii-26-0-7w-c-con-aceite-blue-gauge\/\" \/>\n<meta property=\"og:site_name\" content=\"Abaa tienda online\" \/>\n<meta property=\"article:modified_time\" content=\"2023-12-06T17:55:28+00:00\" \/>\n<meta property=\"og:image\" content=\"https:\/\/abaa.mx\/tienda\/wp-content\/uploads\/2023\/09\/MARK-II-26.jpg\" \/>\n\t<meta property=\"og:image:width\" content=\"270\" \/>\n\t<meta property=\"og:image:height\" content=\"270\" \/>\n\t<meta property=\"og:image:type\" content=\"image\/jpeg\" \/>\n<meta name=\"twitter:card\" content=\"summary_large_image\" \/>\n<meta name=\"twitter:label1\" content=\"Tiempo de lectura\" \/>\n\t<meta name=\"twitter:data1\" content=\"1 minuto\" \/>\n<script type=\"application\/ld+json\" class=\"yoast-schema-graph\">{\"@context\":\"https:\/\/schema.org\",\"@graph\":[{\"@type\":\"WebPage\",\"@id\":\"https:\/\/abaa.mx\/tienda\/manometro-inclinado-vertical-dwyer-mark-ii-26-0-7w-c-con-aceite-blue-gauge\/\",\"url\":\"https:\/\/abaa.mx\/tienda\/manometro-inclinado-vertical-dwyer-mark-ii-26-0-7w-c-con-aceite-blue-gauge\/\",\"name\":\"Man\u00f3metro inclinado-vertical dwyer mark ii 26 (0-7\\\"w.c.) con aceite blue gauge - Abaa tienda online\",\"isPartOf\":{\"@id\":\"https:\/\/abaa.mx\/tienda\/#website\"},\"primaryImageOfPage\":{\"@id\":\"https:\/\/abaa.mx\/tienda\/manometro-inclinado-vertical-dwyer-mark-ii-26-0-7w-c-con-aceite-blue-gauge\/#primaryimage\"},\"image\":{\"@id\":\"https:\/\/abaa.mx\/tienda\/manometro-inclinado-vertical-dwyer-mark-ii-26-0-7w-c-con-aceite-blue-gauge\/#primaryimage\"},\"thumbnailUrl\":\"https:\/\/abaa.mx\/tienda\/wp-content\/uploads\/2023\/09\/MARK-II-26.jpg\",\"datePublished\":\"2023-09-28T20:27:19+00:00\",\"dateModified\":\"2023-12-06T17:55:28+00:00\",\"breadcrumb\":{\"@id\":\"https:\/\/abaa.mx\/tienda\/manometro-inclinado-vertical-dwyer-mark-ii-26-0-7w-c-con-aceite-blue-gauge\/#breadcrumb\"},\"inLanguage\":\"es\",\"potentialAction\":[{\"@type\":\"ReadAction\",\"target\":[\"https:\/\/abaa.mx\/tienda\/manometro-inclinado-vertical-dwyer-mark-ii-26-0-7w-c-con-aceite-blue-gauge\/\"]}]},{\"@type\":\"ImageObject\",\"inLanguage\":\"es\",\"@id\":\"https:\/\/abaa.mx\/tienda\/manometro-inclinado-vertical-dwyer-mark-ii-26-0-7w-c-con-aceite-blue-gauge\/#primaryimage\",\"url\":\"https:\/\/abaa.mx\/tienda\/wp-content\/uploads\/2023\/09\/MARK-II-26.jpg\",\"contentUrl\":\"https:\/\/abaa.mx\/tienda\/wp-content\/uploads\/2023\/09\/MARK-II-26.jpg\",\"width\":270,\"height\":270,\"caption\":\"MARK II 26\"},{\"@type\":\"BreadcrumbList\",\"@id\":\"https:\/\/abaa.mx\/tienda\/manometro-inclinado-vertical-dwyer-mark-ii-26-0-7w-c-con-aceite-blue-gauge\/#breadcrumb\",\"itemListElement\":[{\"@type\":\"ListItem\",\"position\":1,\"name\":\"Inicio\",\"item\":\"https:\/\/abaa.mx\/tienda\/\"},{\"@type\":\"ListItem\",\"position\":2,\"name\":\"Tienda\",\"item\":\"https:\/\/abaa.mx\/tienda\/\"},{\"@type\":\"ListItem\",\"position\":3,\"name\":\"Man\u00f3metro inclinado-vertical dwyer mark ii 26 (0-7&#8243;w.c.) con aceite blue gauge\"}]},{\"@type\":\"WebSite\",\"@id\":\"https:\/\/abaa.mx\/tienda\/#website\",\"url\":\"https:\/\/abaa.mx\/tienda\/\",\"name\":\"Abaa tienda online\",\"description\":\"Instrumentos de medici\u00f3n\",\"publisher\":{\"@id\":\"https:\/\/abaa.mx\/tienda\/#organization\"},\"potentialAction\":[{\"@type\":\"SearchAction\",\"target\":{\"@type\":\"EntryPoint\",\"urlTemplate\":\"https:\/\/abaa.mx\/tienda\/?s={search_term_string}\"},\"query-input\":{\"@type\":\"PropertyValueSpecification\",\"valueRequired\":true,\"valueName\":\"search_term_string\"}}],\"inLanguage\":\"es\"},{\"@type\":\"Organization\",\"@id\":\"https:\/\/abaa.mx\/tienda\/#organization\",\"name\":\"Abaa tienda online\",\"url\":\"https:\/\/abaa.mx\/tienda\/\",\"logo\":{\"@type\":\"ImageObject\",\"inLanguage\":\"es\",\"@id\":\"https:\/\/abaa.mx\/tienda\/#\/schema\/logo\/image\/\",\"url\":\"https:\/\/abaa.mx\/tienda\/wp-content\/uploads\/2024\/01\/abaa-metrologia-tienda.png\",\"contentUrl\":\"https:\/\/abaa.mx\/tienda\/wp-content\/uploads\/2024\/01\/abaa-metrologia-tienda.png\",\"width\":300,\"height\":141,\"caption\":\"Abaa tienda online\"},\"image\":{\"@id\":\"https:\/\/abaa.mx\/tienda\/#\/schema\/logo\/image\/\"}}]}<\/script>\n<!-- \/ Yoast SEO plugin. -->","yoast_head_json":{"title":"Man\u00f3metro inclinado-vertical dwyer mark ii 26 (0-7\"w.c.) con aceite blue gauge - Abaa tienda online","robots":{"index":"index","follow":"follow","max-snippet":"max-snippet:-1","max-image-preview":"max-image-preview:large","max-video-preview":"max-video-preview:-1"},"canonical":"https:\/\/abaa.mx\/tienda\/manometro-inclinado-vertical-dwyer-mark-ii-26-0-7w-c-con-aceite-blue-gauge\/","og_locale":"es_MX","og_type":"article","og_title":"Man\u00f3metro inclinado-vertical dwyer mark ii 26 (0-7\"w.c.) con aceite blue gauge - Abaa tienda online","og_description":"Construcci\u00f3n - Los man\u00f3metros Mark II tienen un precio econ\u00f3mico, son compactos y est\u00e1n disponibles en configuraciones estacionarias y port\u00e1tiles. La construcci\u00f3n es simple con una carcasa de estireno-acrilonitrilo blanco moldeado pr\u00e1cticamente indestructible, que indica pozos de tubo y fluidos, perillas de ABS moldeadas y \u00e9mbolo de ajuste cero, vial de nivel de vidrio montado en choque y sellos de anillo \"O\" a prueba de fugas.","og_url":"https:\/\/abaa.mx\/tienda\/manometro-inclinado-vertical-dwyer-mark-ii-26-0-7w-c-con-aceite-blue-gauge\/","og_site_name":"Abaa tienda online","article_modified_time":"2023-12-06T17:55:28+00:00","og_image":[{"width":270,"height":270,"url":"https:\/\/abaa.mx\/tienda\/wp-content\/uploads\/2023\/09\/MARK-II-26.jpg","type":"image\/jpeg"}],"twitter_card":"summary_large_image","twitter_misc":{"Tiempo de lectura":"1 minuto"},"schema":{"@context":"https:\/\/schema.org","@graph":[{"@type":"WebPage","@id":"https:\/\/abaa.mx\/tienda\/manometro-inclinado-vertical-dwyer-mark-ii-26-0-7w-c-con-aceite-blue-gauge\/","url":"https:\/\/abaa.mx\/tienda\/manometro-inclinado-vertical-dwyer-mark-ii-26-0-7w-c-con-aceite-blue-gauge\/","name":"Man\u00f3metro inclinado-vertical dwyer mark ii 26 (0-7\"w.c.) con aceite blue gauge - Abaa tienda online","isPartOf":{"@id":"https:\/\/abaa.mx\/tienda\/#website"},"primaryImageOfPage":{"@id":"https:\/\/abaa.mx\/tienda\/manometro-inclinado-vertical-dwyer-mark-ii-26-0-7w-c-con-aceite-blue-gauge\/#primaryimage"},"image":{"@id":"https:\/\/abaa.mx\/tienda\/manometro-inclinado-vertical-dwyer-mark-ii-26-0-7w-c-con-aceite-blue-gauge\/#primaryimage"},"thumbnailUrl":"https:\/\/abaa.mx\/tienda\/wp-content\/uploads\/2023\/09\/MARK-II-26.jpg","datePublished":"2023-09-28T20:27:19+00:00","dateModified":"2023-12-06T17:55:28+00:00","breadcrumb":{"@id":"https:\/\/abaa.mx\/tienda\/manometro-inclinado-vertical-dwyer-mark-ii-26-0-7w-c-con-aceite-blue-gauge\/#breadcrumb"},"inLanguage":"es","potentialAction":[{"@type":"ReadAction","target":["https:\/\/abaa.mx\/tienda\/manometro-inclinado-vertical-dwyer-mark-ii-26-0-7w-c-con-aceite-blue-gauge\/"]}]},{"@type":"ImageObject","inLanguage":"es","@id":"https:\/\/abaa.mx\/tienda\/manometro-inclinado-vertical-dwyer-mark-ii-26-0-7w-c-con-aceite-blue-gauge\/#primaryimage","url":"https:\/\/abaa.mx\/tienda\/wp-content\/uploads\/2023\/09\/MARK-II-26.jpg","contentUrl":"https:\/\/abaa.mx\/tienda\/wp-content\/uploads\/2023\/09\/MARK-II-26.jpg","width":270,"height":270,"caption":"MARK II 26"},{"@type":"BreadcrumbList","@id":"https:\/\/abaa.mx\/tienda\/manometro-inclinado-vertical-dwyer-mark-ii-26-0-7w-c-con-aceite-blue-gauge\/#breadcrumb","itemListElement":[{"@type":"ListItem","position":1,"name":"Inicio","item":"https:\/\/abaa.mx\/tienda\/"},{"@type":"ListItem","position":2,"name":"Tienda","item":"https:\/\/abaa.mx\/tienda\/"},{"@type":"ListItem","position":3,"name":"Man\u00f3metro inclinado-vertical dwyer mark ii 26 (0-7&#8243;w.c.) con aceite blue gauge"}]},{"@type":"WebSite","@id":"https:\/\/abaa.mx\/tienda\/#website","url":"https:\/\/abaa.mx\/tienda\/","name":"Abaa tienda online","description":"Instrumentos de medici\u00f3n","publisher":{"@id":"https:\/\/abaa.mx\/tienda\/#organization"},"potentialAction":[{"@type":"SearchAction","target":{"@type":"EntryPoint","urlTemplate":"https:\/\/abaa.mx\/tienda\/?s={search_term_string}"},"query-input":{"@type":"PropertyValueSpecification","valueRequired":true,"valueName":"search_term_string"}}],"inLanguage":"es"},{"@type":"Organization","@id":"https:\/\/abaa.mx\/tienda\/#organization","name":"Abaa tienda online","url":"https:\/\/abaa.mx\/tienda\/","logo":{"@type":"ImageObject","inLanguage":"es","@id":"https:\/\/abaa.mx\/tienda\/#\/schema\/logo\/image\/","url":"https:\/\/abaa.mx\/tienda\/wp-content\/uploads\/2024\/01\/abaa-metrologia-tienda.png","contentUrl":"https:\/\/abaa.mx\/tienda\/wp-content\/uploads\/2024\/01\/abaa-metrologia-tienda.png","width":300,"height":141,"caption":"Abaa tienda online"},"image":{"@id":"https:\/\/abaa.mx\/tienda\/#\/schema\/logo\/image\/"}}]}},"_links":{"self":[{"href":"https:\/\/abaa.mx\/tienda\/wp-json\/wp\/v2\/product\/3568","targetHints":{"allow":["GET"]}}],"collection":[{"href":"https:\/\/abaa.mx\/tienda\/wp-json\/wp\/v2\/product"}],"about":[{"href":"https:\/\/abaa.mx\/tienda\/wp-json\/wp\/v2\/types\/product"}],"replies":[{"embeddable":true,"href":"https:\/\/abaa.mx\/tienda\/wp-json\/wp\/v2\/comments?post=3568"}],"wp:featuredmedia":[{"embeddable":true,"href":"https:\/\/abaa.mx\/tienda\/wp-json\/wp\/v2\/media\/3584"}],"wp:attachment":[{"href":"https:\/\/abaa.mx\/tienda\/wp-json\/wp\/v2\/media?parent=3568"}],"wp:term":[{"taxonomy":"product_brand","embeddable":true,"href":"https:\/\/abaa.mx\/tienda\/wp-json\/wp\/v2\/product_brand?post=3568"},{"taxonomy":"product_cat","embeddable":true,"href":"https:\/\/abaa.mx\/tienda\/wp-json\/wp\/v2\/product_cat?post=3568"},{"taxonomy":"product_tag","embeddable":true,"href":"https:\/\/abaa.mx\/tienda\/wp-json\/wp\/v2\/product_tag?post=3568"}],"curies":[{"name":"wp","href":"https:\/\/api.w.org\/{rel}","templated":true}]}}