{"id":3566,"date":"2023-09-28T19:42:16","date_gmt":"2023-09-28T19:42:16","guid":{"rendered":"https:\/\/abaa.mx\/tienda\/?post_type=product&#038;p=3566"},"modified":"2023-09-28T19:42:17","modified_gmt":"2023-09-28T19:42:17","slug":"manometro-diferencial-magnehelico-dwyer-2020d-0-a-20inh%e2%82%82o","status":"publish","type":"product","link":"https:\/\/abaa.mx\/tienda\/manometro-diferencial-magnehelico-dwyer-2020d-0-a-20inh%e2%82%82o\/","title":{"rendered":"man\u00f3metro diferencial magneh\u00e9lico dwyer 2020d, 0 a 20inh\u2082o"},"content":{"rendered":"<h4>Ofertas de Dwyer 2020D<\/h4>\n<p>&nbsp;<\/p>\n<p>Instale este man\u00f3metro diferencial magnehelicoidal Dwyer 2020D para monitorear la presi\u00f3n diferencial del aire y las aplicaciones de gases no corrosivos. La esfera de 4&#8243; (101,6 mm) ofrece una escala doble que muestra medidas de 0 a 20 inH\u2082O y de 0 a 5 kPa, mientras que la construcci\u00f3n resistente a la intemperie ayuda a garantizar un uso seguro en una variedad de condiciones.<\/p>\n<p><strong>Funciones<\/strong><\/p>\n<ul>\n<li>El movimiento magneh\u00e9lico sin fricci\u00f3n muestra aire diferencial o presi\u00f3n de gas no corrosiva<\/li>\n<li>Dise\u00f1ado para resistir golpes, vibraciones y sobrepresiones<\/li>\n<li>Clasificaci\u00f3n IP67 resistente a la intemperie<\/li>\n<li>La escala dual ofrece lecturas de 0 a 20 inH2O y de 0 a 5 kPA<\/li>\n<li>Ideal para presiones de conductos, habitaciones o edificios<\/li>\n<li>La caja y el bisel est\u00e1n hechos de aluminio fundido a presi\u00f3n y la cubierta est\u00e1 construida de acr\u00edlico para mayor durabilidad.<\/li>\n<li>Cuando la presi\u00f3n alcanza aproximadamente 25 psig (1,72 bar), el tap\u00f3n de alivio se abre para evitar la acumulaci\u00f3n de sobrepresi\u00f3n<\/li>\n<li>La conexi\u00f3n NPT hembra de 0,125&#8243; simplifica la configuraci\u00f3n<\/li>\n<li>La cara de 4&#8243; (101,6 mm) de di\u00e1metro con escala litoimima de precisi\u00f3n y puntero de punta roja es f\u00e1cil de leer a distancia<\/li>\n<li>El tornillo de ajuste 0 se encuentra en la cubierta de pl\u00e1stico y es f\u00e1cilmente accesible<\/li>\n<\/ul>\n<h4>Dwyer 2020D Especificaciones<\/h4>\n<p>&nbsp;<\/p>\n<table class=\"table table-striped\">\n<tbody>\n<tr>\n<td>Servicio<\/td>\n<td>Aire, gases no combustibles compatibles<\/td>\n<\/tr>\n<tr>\n<td>L\u00edmites de presi\u00f3n<\/td>\n<td>-20&#8243; Hg a 15 psig (-0.677 a 1.034 bar)<\/td>\n<\/tr>\n<tr>\n<td>Conexiones<\/td>\n<td>Grifos duplicados NPT hembra de 0,125&#8243; de alta y baja presi\u00f3n (1 par de lado, 1 par de espaldas)<\/td>\n<\/tr>\n<tr>\n<td>Di\u00e1metro de la cara del dial<\/td>\n<td>4,101 mm (6&#8243;)<\/td>\n<\/tr>\n<tr>\n<td>Clasificaci\u00f3n de la carcasa<\/td>\n<td>IP67<\/td>\n<\/tr>\n<tr>\n<td>Materiales de la carcasa<\/td>\n<td>Aluminio fundido a presi\u00f3n (caja y bisel), acr\u00edlico (cubierta)<\/td>\n<\/tr>\n<tr>\n<td>Gama<\/td>\n<td>0 a 20 inH2O, 0 a 5 kPa<\/td>\n<\/tr>\n<tr>\n<td>Exactitud<\/td>\n<td>\u00b11%<\/td>\n<\/tr>\n<tr>\n<td>L\u00edmites de temperatura<\/td>\n<td>De 20 a 140 \u00b0F (-6,67 a 60 \u00b0C)<\/td>\n<\/tr>\n<tr>\n<td>Cumple con RoHS<\/td>\n<td>S\u00ed<\/td>\n<\/tr>\n<tr>\n<td>Protecci\u00f3n contra sobrepresi\u00f3n<\/td>\n<td>S\u00ed<\/td>\n<\/tr>\n<tr>\n<td>Peso del producto<\/td>\n<td>1,125 libras (510 g)<\/td>\n<\/tr>\n<\/tbody>\n<\/table>\n","protected":false},"excerpt":{"rendered":"<p>Mida la presi\u00f3n diferencial en aplicaciones de aire y gas no corrosivo con este medidor. La escala dual del medidor muestra resultados de 0 a 20 inH\u2082O y de 0 a 5 kPa.<\/p>\n","protected":false},"featured_media":3571,"comment_status":"open","ping_status":"closed","template":"","meta":{"_joinchat":[]},"product_brand":[],"product_cat":[15],"product_tag":[],"class_list":{"0":"post-3566","1":"product","2":"type-product","3":"status-publish","4":"has-post-thumbnail","6":"product_cat-sin-categorizar","8":"first","9":"instock","10":"shipping-taxable","11":"product-type-simple"},"yoast_head":"<!-- This site is optimized with the Yoast SEO plugin v26.4 - https:\/\/yoast.com\/wordpress\/plugins\/seo\/ -->\n<title>man\u00f3metro diferencial magneh\u00e9lico dwyer 2020d, 0 a 20inh\u2082o - Abaa tienda online<\/title>\n<meta name=\"robots\" content=\"index, follow, max-snippet:-1, max-image-preview:large, max-video-preview:-1\" \/>\n<link rel=\"canonical\" href=\"https:\/\/abaa.mx\/tienda\/manometro-diferencial-magnehelico-dwyer-2020d-0-a-20inh\u2082o\/\" \/>\n<meta property=\"og:locale\" content=\"es_MX\" \/>\n<meta property=\"og:type\" content=\"article\" \/>\n<meta property=\"og:title\" content=\"man\u00f3metro diferencial magneh\u00e9lico dwyer 2020d, 0 a 20inh\u2082o - Abaa tienda online\" \/>\n<meta property=\"og:description\" content=\"Mida la presi\u00f3n diferencial en aplicaciones de aire y gas no corrosivo con este medidor. La escala dual del medidor muestra resultados de 0 a 20 inH\u2082O y de 0 a 5 kPa.\" \/>\n<meta property=\"og:url\" content=\"https:\/\/abaa.mx\/tienda\/manometro-diferencial-magnehelico-dwyer-2020d-0-a-20inh\u2082o\/\" \/>\n<meta property=\"og:site_name\" content=\"Abaa tienda online\" \/>\n<meta property=\"article:modified_time\" content=\"2023-09-28T19:42:17+00:00\" \/>\n<meta property=\"og:image\" content=\"https:\/\/abaa.mx\/tienda\/wp-content\/uploads\/2023\/09\/2020D.jpg\" \/>\n\t<meta property=\"og:image:width\" content=\"270\" \/>\n\t<meta property=\"og:image:height\" content=\"253\" \/>\n\t<meta property=\"og:image:type\" content=\"image\/jpeg\" \/>\n<meta name=\"twitter:card\" content=\"summary_large_image\" \/>\n<meta name=\"twitter:label1\" content=\"Tiempo de lectura\" \/>\n\t<meta name=\"twitter:data1\" content=\"2 minutos\" \/>\n<script type=\"application\/ld+json\" class=\"yoast-schema-graph\">{\"@context\":\"https:\/\/schema.org\",\"@graph\":[{\"@type\":\"WebPage\",\"@id\":\"https:\/\/abaa.mx\/tienda\/manometro-diferencial-magnehelico-dwyer-2020d-0-a-20inh%e2%82%82o\/\",\"url\":\"https:\/\/abaa.mx\/tienda\/manometro-diferencial-magnehelico-dwyer-2020d-0-a-20inh%e2%82%82o\/\",\"name\":\"man\u00f3metro diferencial magneh\u00e9lico dwyer 2020d, 0 a 20inh\u2082o - Abaa tienda online\",\"isPartOf\":{\"@id\":\"https:\/\/abaa.mx\/tienda\/#website\"},\"primaryImageOfPage\":{\"@id\":\"https:\/\/abaa.mx\/tienda\/manometro-diferencial-magnehelico-dwyer-2020d-0-a-20inh%e2%82%82o\/#primaryimage\"},\"image\":{\"@id\":\"https:\/\/abaa.mx\/tienda\/manometro-diferencial-magnehelico-dwyer-2020d-0-a-20inh%e2%82%82o\/#primaryimage\"},\"thumbnailUrl\":\"https:\/\/abaa.mx\/tienda\/wp-content\/uploads\/2023\/09\/2020D.jpg\",\"datePublished\":\"2023-09-28T19:42:16+00:00\",\"dateModified\":\"2023-09-28T19:42:17+00:00\",\"breadcrumb\":{\"@id\":\"https:\/\/abaa.mx\/tienda\/manometro-diferencial-magnehelico-dwyer-2020d-0-a-20inh%e2%82%82o\/#breadcrumb\"},\"inLanguage\":\"es\",\"potentialAction\":[{\"@type\":\"ReadAction\",\"target\":[\"https:\/\/abaa.mx\/tienda\/manometro-diferencial-magnehelico-dwyer-2020d-0-a-20inh%e2%82%82o\/\"]}]},{\"@type\":\"ImageObject\",\"inLanguage\":\"es\",\"@id\":\"https:\/\/abaa.mx\/tienda\/manometro-diferencial-magnehelico-dwyer-2020d-0-a-20inh%e2%82%82o\/#primaryimage\",\"url\":\"https:\/\/abaa.mx\/tienda\/wp-content\/uploads\/2023\/09\/2020D.jpg\",\"contentUrl\":\"https:\/\/abaa.mx\/tienda\/wp-content\/uploads\/2023\/09\/2020D.jpg\",\"width\":270,\"height\":253,\"caption\":\"2020D\"},{\"@type\":\"BreadcrumbList\",\"@id\":\"https:\/\/abaa.mx\/tienda\/manometro-diferencial-magnehelico-dwyer-2020d-0-a-20inh%e2%82%82o\/#breadcrumb\",\"itemListElement\":[{\"@type\":\"ListItem\",\"position\":1,\"name\":\"Inicio\",\"item\":\"https:\/\/abaa.mx\/tienda\/\"},{\"@type\":\"ListItem\",\"position\":2,\"name\":\"Tienda\",\"item\":\"https:\/\/abaa.mx\/tienda\/\"},{\"@type\":\"ListItem\",\"position\":3,\"name\":\"man\u00f3metro diferencial magneh\u00e9lico dwyer 2020d, 0 a 20inh\u2082o\"}]},{\"@type\":\"WebSite\",\"@id\":\"https:\/\/abaa.mx\/tienda\/#website\",\"url\":\"https:\/\/abaa.mx\/tienda\/\",\"name\":\"Abaa tienda online\",\"description\":\"Instrumentos de medici\u00f3n\",\"publisher\":{\"@id\":\"https:\/\/abaa.mx\/tienda\/#organization\"},\"potentialAction\":[{\"@type\":\"SearchAction\",\"target\":{\"@type\":\"EntryPoint\",\"urlTemplate\":\"https:\/\/abaa.mx\/tienda\/?s={search_term_string}\"},\"query-input\":{\"@type\":\"PropertyValueSpecification\",\"valueRequired\":true,\"valueName\":\"search_term_string\"}}],\"inLanguage\":\"es\"},{\"@type\":\"Organization\",\"@id\":\"https:\/\/abaa.mx\/tienda\/#organization\",\"name\":\"Abaa tienda online\",\"url\":\"https:\/\/abaa.mx\/tienda\/\",\"logo\":{\"@type\":\"ImageObject\",\"inLanguage\":\"es\",\"@id\":\"https:\/\/abaa.mx\/tienda\/#\/schema\/logo\/image\/\",\"url\":\"https:\/\/abaa.mx\/tienda\/wp-content\/uploads\/2024\/01\/abaa-metrologia-tienda.png\",\"contentUrl\":\"https:\/\/abaa.mx\/tienda\/wp-content\/uploads\/2024\/01\/abaa-metrologia-tienda.png\",\"width\":300,\"height\":141,\"caption\":\"Abaa tienda online\"},\"image\":{\"@id\":\"https:\/\/abaa.mx\/tienda\/#\/schema\/logo\/image\/\"}}]}<\/script>\n<!-- \/ Yoast SEO plugin. -->","yoast_head_json":{"title":"man\u00f3metro diferencial magneh\u00e9lico dwyer 2020d, 0 a 20inh\u2082o - Abaa tienda online","robots":{"index":"index","follow":"follow","max-snippet":"max-snippet:-1","max-image-preview":"max-image-preview:large","max-video-preview":"max-video-preview:-1"},"canonical":"https:\/\/abaa.mx\/tienda\/manometro-diferencial-magnehelico-dwyer-2020d-0-a-20inh\u2082o\/","og_locale":"es_MX","og_type":"article","og_title":"man\u00f3metro diferencial magneh\u00e9lico dwyer 2020d, 0 a 20inh\u2082o - Abaa tienda online","og_description":"Mida la presi\u00f3n diferencial en aplicaciones de aire y gas no corrosivo con este medidor. La escala dual del medidor muestra resultados de 0 a 20 inH\u2082O y de 0 a 5 kPa.","og_url":"https:\/\/abaa.mx\/tienda\/manometro-diferencial-magnehelico-dwyer-2020d-0-a-20inh\u2082o\/","og_site_name":"Abaa tienda online","article_modified_time":"2023-09-28T19:42:17+00:00","og_image":[{"width":270,"height":253,"url":"https:\/\/abaa.mx\/tienda\/wp-content\/uploads\/2023\/09\/2020D.jpg","type":"image\/jpeg"}],"twitter_card":"summary_large_image","twitter_misc":{"Tiempo de lectura":"2 minutos"},"schema":{"@context":"https:\/\/schema.org","@graph":[{"@type":"WebPage","@id":"https:\/\/abaa.mx\/tienda\/manometro-diferencial-magnehelico-dwyer-2020d-0-a-20inh%e2%82%82o\/","url":"https:\/\/abaa.mx\/tienda\/manometro-diferencial-magnehelico-dwyer-2020d-0-a-20inh%e2%82%82o\/","name":"man\u00f3metro diferencial magneh\u00e9lico dwyer 2020d, 0 a 20inh\u2082o - Abaa tienda online","isPartOf":{"@id":"https:\/\/abaa.mx\/tienda\/#website"},"primaryImageOfPage":{"@id":"https:\/\/abaa.mx\/tienda\/manometro-diferencial-magnehelico-dwyer-2020d-0-a-20inh%e2%82%82o\/#primaryimage"},"image":{"@id":"https:\/\/abaa.mx\/tienda\/manometro-diferencial-magnehelico-dwyer-2020d-0-a-20inh%e2%82%82o\/#primaryimage"},"thumbnailUrl":"https:\/\/abaa.mx\/tienda\/wp-content\/uploads\/2023\/09\/2020D.jpg","datePublished":"2023-09-28T19:42:16+00:00","dateModified":"2023-09-28T19:42:17+00:00","breadcrumb":{"@id":"https:\/\/abaa.mx\/tienda\/manometro-diferencial-magnehelico-dwyer-2020d-0-a-20inh%e2%82%82o\/#breadcrumb"},"inLanguage":"es","potentialAction":[{"@type":"ReadAction","target":["https:\/\/abaa.mx\/tienda\/manometro-diferencial-magnehelico-dwyer-2020d-0-a-20inh%e2%82%82o\/"]}]},{"@type":"ImageObject","inLanguage":"es","@id":"https:\/\/abaa.mx\/tienda\/manometro-diferencial-magnehelico-dwyer-2020d-0-a-20inh%e2%82%82o\/#primaryimage","url":"https:\/\/abaa.mx\/tienda\/wp-content\/uploads\/2023\/09\/2020D.jpg","contentUrl":"https:\/\/abaa.mx\/tienda\/wp-content\/uploads\/2023\/09\/2020D.jpg","width":270,"height":253,"caption":"2020D"},{"@type":"BreadcrumbList","@id":"https:\/\/abaa.mx\/tienda\/manometro-diferencial-magnehelico-dwyer-2020d-0-a-20inh%e2%82%82o\/#breadcrumb","itemListElement":[{"@type":"ListItem","position":1,"name":"Inicio","item":"https:\/\/abaa.mx\/tienda\/"},{"@type":"ListItem","position":2,"name":"Tienda","item":"https:\/\/abaa.mx\/tienda\/"},{"@type":"ListItem","position":3,"name":"man\u00f3metro diferencial magneh\u00e9lico dwyer 2020d, 0 a 20inh\u2082o"}]},{"@type":"WebSite","@id":"https:\/\/abaa.mx\/tienda\/#website","url":"https:\/\/abaa.mx\/tienda\/","name":"Abaa tienda online","description":"Instrumentos de medici\u00f3n","publisher":{"@id":"https:\/\/abaa.mx\/tienda\/#organization"},"potentialAction":[{"@type":"SearchAction","target":{"@type":"EntryPoint","urlTemplate":"https:\/\/abaa.mx\/tienda\/?s={search_term_string}"},"query-input":{"@type":"PropertyValueSpecification","valueRequired":true,"valueName":"search_term_string"}}],"inLanguage":"es"},{"@type":"Organization","@id":"https:\/\/abaa.mx\/tienda\/#organization","name":"Abaa tienda online","url":"https:\/\/abaa.mx\/tienda\/","logo":{"@type":"ImageObject","inLanguage":"es","@id":"https:\/\/abaa.mx\/tienda\/#\/schema\/logo\/image\/","url":"https:\/\/abaa.mx\/tienda\/wp-content\/uploads\/2024\/01\/abaa-metrologia-tienda.png","contentUrl":"https:\/\/abaa.mx\/tienda\/wp-content\/uploads\/2024\/01\/abaa-metrologia-tienda.png","width":300,"height":141,"caption":"Abaa tienda online"},"image":{"@id":"https:\/\/abaa.mx\/tienda\/#\/schema\/logo\/image\/"}}]}},"_links":{"self":[{"href":"https:\/\/abaa.mx\/tienda\/wp-json\/wp\/v2\/product\/3566","targetHints":{"allow":["GET"]}}],"collection":[{"href":"https:\/\/abaa.mx\/tienda\/wp-json\/wp\/v2\/product"}],"about":[{"href":"https:\/\/abaa.mx\/tienda\/wp-json\/wp\/v2\/types\/product"}],"replies":[{"embeddable":true,"href":"https:\/\/abaa.mx\/tienda\/wp-json\/wp\/v2\/comments?post=3566"}],"wp:featuredmedia":[{"embeddable":true,"href":"https:\/\/abaa.mx\/tienda\/wp-json\/wp\/v2\/media\/3571"}],"wp:attachment":[{"href":"https:\/\/abaa.mx\/tienda\/wp-json\/wp\/v2\/media?parent=3566"}],"wp:term":[{"taxonomy":"product_brand","embeddable":true,"href":"https:\/\/abaa.mx\/tienda\/wp-json\/wp\/v2\/product_brand?post=3566"},{"taxonomy":"product_cat","embeddable":true,"href":"https:\/\/abaa.mx\/tienda\/wp-json\/wp\/v2\/product_cat?post=3566"},{"taxonomy":"product_tag","embeddable":true,"href":"https:\/\/abaa.mx\/tienda\/wp-json\/wp\/v2\/product_tag?post=3566"}],"curies":[{"name":"wp","href":"https:\/\/api.w.org\/{rel}","templated":true}]}}