{"id":3564,"date":"2023-09-28T19:37:43","date_gmt":"2023-09-28T19:37:43","guid":{"rendered":"https:\/\/abaa.mx\/tienda\/?post_type=product&#038;p=3564"},"modified":"2023-09-28T19:37:44","modified_gmt":"2023-09-28T19:37:44","slug":"manometro-industrial-dwyer-sg1-b11021n-0-a-300-psi-conexion-inferior","status":"publish","type":"product","link":"https:\/\/abaa.mx\/tienda\/manometro-industrial-dwyer-sg1-b11021n-0-a-300-psi-conexion-inferior\/","title":{"rendered":"man\u00f3metro industrial dwyer sg1-b11021n, 0 a 300 psi, conexi\u00f3n inferior"},"content":{"rendered":"<h4>Dwyer SG1-B11021N Ofertas<\/h4>\n<p><strong>Funciones<\/strong><\/p>\n<ul>\n<li>Carcasa de acero inoxidable para resistir la corrosi\u00f3n ambiental para una vida \u00fatil m\u00e1s larga en entornos hostiles<\/li>\n<li>Buen medidor de precisi\u00f3n para aplicaciones sensibles al valor que requieren una medici\u00f3n m\u00e1s precisa y donde la vibraci\u00f3n es una preocupaci\u00f3n<\/li>\n<li>El montaje inferior y el tama\u00f1o compacto proporcionan un montaje con limitaciones dimensionales<\/li>\n<\/ul>\n<p><strong>Aplicaciones<\/strong><\/p>\n<ul>\n<li>Aspiradoras en l\u00edneas de transporte neum\u00e1tico<\/li>\n<li>Presi\u00f3n positiva en cabezales de aire comprimido<\/li>\n<li>Ambientes ambientales corrosivos<\/li>\n<\/ul>\n<h4>Dwyer SG1-B11021N Especificaciones<\/h4>\n<table class=\"table table-striped\">\n<tbody>\n<tr>\n<td>Servicio<\/td>\n<td>L\u00edquidos y gases compatibles<\/td>\n<\/tr>\n<tr>\n<td>Materiales h\u00famedos<\/td>\n<td>Conector de lat\u00f3n, tubo de bronce<\/td>\n<\/tr>\n<tr>\n<td>Vivienda<\/td>\n<td>304 SS<\/td>\n<\/tr>\n<tr>\n<td>Lente<\/td>\n<td>Policarbonato<\/td>\n<\/tr>\n<tr>\n<td>Exactitud<\/td>\n<td>\u00b12,5% FS<\/td>\n<\/tr>\n<tr>\n<td>L\u00edmite de presi\u00f3n<\/td>\n<td>Gama FS<\/td>\n<\/tr>\n<tr>\n<td>L\u00edmites de temperatura<\/td>\n<td>-4 a 140\u00b0F (-20 a 60\u00b0C)<\/td>\n<\/tr>\n<tr>\n<td>Tama\u00f1o<\/td>\n<td>1,5&#8243; (40 mm)<\/td>\n<\/tr>\n<tr>\n<td>Conexiones de proceso<\/td>\n<td>1\/8&#8243; NPT macho<\/td>\n<\/tr>\n<tr>\n<td>Peso<\/td>\n<td>2,2 onzas (63 g)<\/td>\n<\/tr>\n<\/tbody>\n<\/table>\n","protected":false},"excerpt":{"rendered":"<p>Perfecto para aplicaciones donde la resistencia a la corrosi\u00f3n es necesaria, este medidor tiene un rango de 0 a 300 psi y es una opci\u00f3n econ\u00f3mica donde la corrosi\u00f3n ambiental y la vibraci\u00f3n son una preocupaci\u00f3n. Cuenta con caja y anillo de acero inoxidable para una excelente protecci\u00f3n contra procesos agresivos, y es adecuado para fluidos que son compatibles con lat\u00f3n y bronce.<\/p>\n","protected":false},"featured_media":3565,"comment_status":"open","ping_status":"closed","template":"","meta":{"_joinchat":[]},"product_brand":[],"product_cat":[15],"product_tag":[],"class_list":{"0":"post-3564","1":"product","2":"type-product","3":"status-publish","4":"has-post-thumbnail","6":"product_cat-sin-categorizar","8":"first","9":"instock","10":"shipping-taxable","11":"product-type-simple"},"yoast_head":"<!-- This site is optimized with the Yoast SEO plugin v26.4 - https:\/\/yoast.com\/wordpress\/plugins\/seo\/ -->\n<title>man\u00f3metro industrial dwyer sg1-b11021n, 0 a 300 psi, conexi\u00f3n inferior - Abaa tienda online<\/title>\n<meta name=\"robots\" content=\"index, follow, max-snippet:-1, max-image-preview:large, max-video-preview:-1\" \/>\n<link rel=\"canonical\" href=\"https:\/\/abaa.mx\/tienda\/manometro-industrial-dwyer-sg1-b11021n-0-a-300-psi-conexion-inferior\/\" \/>\n<meta property=\"og:locale\" content=\"es_MX\" \/>\n<meta property=\"og:type\" content=\"article\" \/>\n<meta property=\"og:title\" content=\"man\u00f3metro industrial dwyer sg1-b11021n, 0 a 300 psi, conexi\u00f3n inferior - Abaa tienda online\" \/>\n<meta property=\"og:description\" content=\"Perfecto para aplicaciones donde la resistencia a la corrosi\u00f3n es necesaria, este medidor tiene un rango de 0 a 300 psi y es una opci\u00f3n econ\u00f3mica donde la corrosi\u00f3n ambiental y la vibraci\u00f3n son una preocupaci\u00f3n. Cuenta con caja y anillo de acero inoxidable para una excelente protecci\u00f3n contra procesos agresivos, y es adecuado para fluidos que son compatibles con lat\u00f3n y bronce.\" \/>\n<meta property=\"og:url\" content=\"https:\/\/abaa.mx\/tienda\/manometro-industrial-dwyer-sg1-b11021n-0-a-300-psi-conexion-inferior\/\" \/>\n<meta property=\"og:site_name\" content=\"Abaa tienda online\" \/>\n<meta property=\"article:modified_time\" content=\"2023-09-28T19:37:44+00:00\" \/>\n<meta property=\"og:image\" content=\"https:\/\/abaa.mx\/tienda\/wp-content\/uploads\/2023\/09\/SG1-B11021N.jpg\" \/>\n\t<meta property=\"og:image:width\" content=\"270\" \/>\n\t<meta property=\"og:image:height\" content=\"312\" \/>\n\t<meta property=\"og:image:type\" content=\"image\/jpeg\" \/>\n<meta name=\"twitter:card\" content=\"summary_large_image\" \/>\n<meta name=\"twitter:label1\" content=\"Tiempo de lectura\" \/>\n\t<meta name=\"twitter:data1\" content=\"1 minuto\" \/>\n<script type=\"application\/ld+json\" class=\"yoast-schema-graph\">{\"@context\":\"https:\/\/schema.org\",\"@graph\":[{\"@type\":\"WebPage\",\"@id\":\"https:\/\/abaa.mx\/tienda\/manometro-industrial-dwyer-sg1-b11021n-0-a-300-psi-conexion-inferior\/\",\"url\":\"https:\/\/abaa.mx\/tienda\/manometro-industrial-dwyer-sg1-b11021n-0-a-300-psi-conexion-inferior\/\",\"name\":\"man\u00f3metro industrial dwyer sg1-b11021n, 0 a 300 psi, conexi\u00f3n inferior - Abaa tienda online\",\"isPartOf\":{\"@id\":\"https:\/\/abaa.mx\/tienda\/#website\"},\"primaryImageOfPage\":{\"@id\":\"https:\/\/abaa.mx\/tienda\/manometro-industrial-dwyer-sg1-b11021n-0-a-300-psi-conexion-inferior\/#primaryimage\"},\"image\":{\"@id\":\"https:\/\/abaa.mx\/tienda\/manometro-industrial-dwyer-sg1-b11021n-0-a-300-psi-conexion-inferior\/#primaryimage\"},\"thumbnailUrl\":\"https:\/\/abaa.mx\/tienda\/wp-content\/uploads\/2023\/09\/SG1-B11021N.jpg\",\"datePublished\":\"2023-09-28T19:37:43+00:00\",\"dateModified\":\"2023-09-28T19:37:44+00:00\",\"breadcrumb\":{\"@id\":\"https:\/\/abaa.mx\/tienda\/manometro-industrial-dwyer-sg1-b11021n-0-a-300-psi-conexion-inferior\/#breadcrumb\"},\"inLanguage\":\"es\",\"potentialAction\":[{\"@type\":\"ReadAction\",\"target\":[\"https:\/\/abaa.mx\/tienda\/manometro-industrial-dwyer-sg1-b11021n-0-a-300-psi-conexion-inferior\/\"]}]},{\"@type\":\"ImageObject\",\"inLanguage\":\"es\",\"@id\":\"https:\/\/abaa.mx\/tienda\/manometro-industrial-dwyer-sg1-b11021n-0-a-300-psi-conexion-inferior\/#primaryimage\",\"url\":\"https:\/\/abaa.mx\/tienda\/wp-content\/uploads\/2023\/09\/SG1-B11021N.jpg\",\"contentUrl\":\"https:\/\/abaa.mx\/tienda\/wp-content\/uploads\/2023\/09\/SG1-B11021N.jpg\",\"width\":270,\"height\":312,\"caption\":\"SG1-B11021N\"},{\"@type\":\"BreadcrumbList\",\"@id\":\"https:\/\/abaa.mx\/tienda\/manometro-industrial-dwyer-sg1-b11021n-0-a-300-psi-conexion-inferior\/#breadcrumb\",\"itemListElement\":[{\"@type\":\"ListItem\",\"position\":1,\"name\":\"Inicio\",\"item\":\"https:\/\/abaa.mx\/tienda\/\"},{\"@type\":\"ListItem\",\"position\":2,\"name\":\"Tienda\",\"item\":\"https:\/\/abaa.mx\/tienda\/\"},{\"@type\":\"ListItem\",\"position\":3,\"name\":\"man\u00f3metro industrial dwyer sg1-b11021n, 0 a 300 psi, conexi\u00f3n inferior\"}]},{\"@type\":\"WebSite\",\"@id\":\"https:\/\/abaa.mx\/tienda\/#website\",\"url\":\"https:\/\/abaa.mx\/tienda\/\",\"name\":\"Abaa tienda online\",\"description\":\"Instrumentos de medici\u00f3n\",\"publisher\":{\"@id\":\"https:\/\/abaa.mx\/tienda\/#organization\"},\"potentialAction\":[{\"@type\":\"SearchAction\",\"target\":{\"@type\":\"EntryPoint\",\"urlTemplate\":\"https:\/\/abaa.mx\/tienda\/?s={search_term_string}\"},\"query-input\":{\"@type\":\"PropertyValueSpecification\",\"valueRequired\":true,\"valueName\":\"search_term_string\"}}],\"inLanguage\":\"es\"},{\"@type\":\"Organization\",\"@id\":\"https:\/\/abaa.mx\/tienda\/#organization\",\"name\":\"Abaa tienda online\",\"url\":\"https:\/\/abaa.mx\/tienda\/\",\"logo\":{\"@type\":\"ImageObject\",\"inLanguage\":\"es\",\"@id\":\"https:\/\/abaa.mx\/tienda\/#\/schema\/logo\/image\/\",\"url\":\"https:\/\/abaa.mx\/tienda\/wp-content\/uploads\/2024\/01\/abaa-metrologia-tienda.png\",\"contentUrl\":\"https:\/\/abaa.mx\/tienda\/wp-content\/uploads\/2024\/01\/abaa-metrologia-tienda.png\",\"width\":300,\"height\":141,\"caption\":\"Abaa tienda online\"},\"image\":{\"@id\":\"https:\/\/abaa.mx\/tienda\/#\/schema\/logo\/image\/\"}}]}<\/script>\n<!-- \/ Yoast SEO plugin. -->","yoast_head_json":{"title":"man\u00f3metro industrial dwyer sg1-b11021n, 0 a 300 psi, conexi\u00f3n inferior - Abaa tienda online","robots":{"index":"index","follow":"follow","max-snippet":"max-snippet:-1","max-image-preview":"max-image-preview:large","max-video-preview":"max-video-preview:-1"},"canonical":"https:\/\/abaa.mx\/tienda\/manometro-industrial-dwyer-sg1-b11021n-0-a-300-psi-conexion-inferior\/","og_locale":"es_MX","og_type":"article","og_title":"man\u00f3metro industrial dwyer sg1-b11021n, 0 a 300 psi, conexi\u00f3n inferior - Abaa tienda online","og_description":"Perfecto para aplicaciones donde la resistencia a la corrosi\u00f3n es necesaria, este medidor tiene un rango de 0 a 300 psi y es una opci\u00f3n econ\u00f3mica donde la corrosi\u00f3n ambiental y la vibraci\u00f3n son una preocupaci\u00f3n. Cuenta con caja y anillo de acero inoxidable para una excelente protecci\u00f3n contra procesos agresivos, y es adecuado para fluidos que son compatibles con lat\u00f3n y bronce.","og_url":"https:\/\/abaa.mx\/tienda\/manometro-industrial-dwyer-sg1-b11021n-0-a-300-psi-conexion-inferior\/","og_site_name":"Abaa tienda online","article_modified_time":"2023-09-28T19:37:44+00:00","og_image":[{"width":270,"height":312,"url":"https:\/\/abaa.mx\/tienda\/wp-content\/uploads\/2023\/09\/SG1-B11021N.jpg","type":"image\/jpeg"}],"twitter_card":"summary_large_image","twitter_misc":{"Tiempo de lectura":"1 minuto"},"schema":{"@context":"https:\/\/schema.org","@graph":[{"@type":"WebPage","@id":"https:\/\/abaa.mx\/tienda\/manometro-industrial-dwyer-sg1-b11021n-0-a-300-psi-conexion-inferior\/","url":"https:\/\/abaa.mx\/tienda\/manometro-industrial-dwyer-sg1-b11021n-0-a-300-psi-conexion-inferior\/","name":"man\u00f3metro industrial dwyer sg1-b11021n, 0 a 300 psi, conexi\u00f3n inferior - Abaa tienda online","isPartOf":{"@id":"https:\/\/abaa.mx\/tienda\/#website"},"primaryImageOfPage":{"@id":"https:\/\/abaa.mx\/tienda\/manometro-industrial-dwyer-sg1-b11021n-0-a-300-psi-conexion-inferior\/#primaryimage"},"image":{"@id":"https:\/\/abaa.mx\/tienda\/manometro-industrial-dwyer-sg1-b11021n-0-a-300-psi-conexion-inferior\/#primaryimage"},"thumbnailUrl":"https:\/\/abaa.mx\/tienda\/wp-content\/uploads\/2023\/09\/SG1-B11021N.jpg","datePublished":"2023-09-28T19:37:43+00:00","dateModified":"2023-09-28T19:37:44+00:00","breadcrumb":{"@id":"https:\/\/abaa.mx\/tienda\/manometro-industrial-dwyer-sg1-b11021n-0-a-300-psi-conexion-inferior\/#breadcrumb"},"inLanguage":"es","potentialAction":[{"@type":"ReadAction","target":["https:\/\/abaa.mx\/tienda\/manometro-industrial-dwyer-sg1-b11021n-0-a-300-psi-conexion-inferior\/"]}]},{"@type":"ImageObject","inLanguage":"es","@id":"https:\/\/abaa.mx\/tienda\/manometro-industrial-dwyer-sg1-b11021n-0-a-300-psi-conexion-inferior\/#primaryimage","url":"https:\/\/abaa.mx\/tienda\/wp-content\/uploads\/2023\/09\/SG1-B11021N.jpg","contentUrl":"https:\/\/abaa.mx\/tienda\/wp-content\/uploads\/2023\/09\/SG1-B11021N.jpg","width":270,"height":312,"caption":"SG1-B11021N"},{"@type":"BreadcrumbList","@id":"https:\/\/abaa.mx\/tienda\/manometro-industrial-dwyer-sg1-b11021n-0-a-300-psi-conexion-inferior\/#breadcrumb","itemListElement":[{"@type":"ListItem","position":1,"name":"Inicio","item":"https:\/\/abaa.mx\/tienda\/"},{"@type":"ListItem","position":2,"name":"Tienda","item":"https:\/\/abaa.mx\/tienda\/"},{"@type":"ListItem","position":3,"name":"man\u00f3metro industrial dwyer sg1-b11021n, 0 a 300 psi, conexi\u00f3n inferior"}]},{"@type":"WebSite","@id":"https:\/\/abaa.mx\/tienda\/#website","url":"https:\/\/abaa.mx\/tienda\/","name":"Abaa tienda online","description":"Instrumentos de medici\u00f3n","publisher":{"@id":"https:\/\/abaa.mx\/tienda\/#organization"},"potentialAction":[{"@type":"SearchAction","target":{"@type":"EntryPoint","urlTemplate":"https:\/\/abaa.mx\/tienda\/?s={search_term_string}"},"query-input":{"@type":"PropertyValueSpecification","valueRequired":true,"valueName":"search_term_string"}}],"inLanguage":"es"},{"@type":"Organization","@id":"https:\/\/abaa.mx\/tienda\/#organization","name":"Abaa tienda online","url":"https:\/\/abaa.mx\/tienda\/","logo":{"@type":"ImageObject","inLanguage":"es","@id":"https:\/\/abaa.mx\/tienda\/#\/schema\/logo\/image\/","url":"https:\/\/abaa.mx\/tienda\/wp-content\/uploads\/2024\/01\/abaa-metrologia-tienda.png","contentUrl":"https:\/\/abaa.mx\/tienda\/wp-content\/uploads\/2024\/01\/abaa-metrologia-tienda.png","width":300,"height":141,"caption":"Abaa tienda online"},"image":{"@id":"https:\/\/abaa.mx\/tienda\/#\/schema\/logo\/image\/"}}]}},"_links":{"self":[{"href":"https:\/\/abaa.mx\/tienda\/wp-json\/wp\/v2\/product\/3564","targetHints":{"allow":["GET"]}}],"collection":[{"href":"https:\/\/abaa.mx\/tienda\/wp-json\/wp\/v2\/product"}],"about":[{"href":"https:\/\/abaa.mx\/tienda\/wp-json\/wp\/v2\/types\/product"}],"replies":[{"embeddable":true,"href":"https:\/\/abaa.mx\/tienda\/wp-json\/wp\/v2\/comments?post=3564"}],"wp:featuredmedia":[{"embeddable":true,"href":"https:\/\/abaa.mx\/tienda\/wp-json\/wp\/v2\/media\/3565"}],"wp:attachment":[{"href":"https:\/\/abaa.mx\/tienda\/wp-json\/wp\/v2\/media?parent=3564"}],"wp:term":[{"taxonomy":"product_brand","embeddable":true,"href":"https:\/\/abaa.mx\/tienda\/wp-json\/wp\/v2\/product_brand?post=3564"},{"taxonomy":"product_cat","embeddable":true,"href":"https:\/\/abaa.mx\/tienda\/wp-json\/wp\/v2\/product_cat?post=3564"},{"taxonomy":"product_tag","embeddable":true,"href":"https:\/\/abaa.mx\/tienda\/wp-json\/wp\/v2\/product_tag?post=3564"}],"curies":[{"name":"wp","href":"https:\/\/api.w.org\/{rel}","templated":true}]}}