{"id":3525,"date":"2023-09-28T18:04:37","date_gmt":"2023-09-28T18:04:37","guid":{"rendered":"https:\/\/abaa.mx\/tienda\/?post_type=product&#038;p=3525"},"modified":"2023-12-06T17:57:14","modified_gmt":"2023-12-06T17:57:14","slug":"dwyer-pfg2-03-medidor-de-filtro-de-proceso","status":"publish","type":"product","link":"https:\/\/abaa.mx\/tienda\/dwyer-pfg2-03-medidor-de-filtro-de-proceso\/","title":{"rendered":"Dwyer pfg2-03 medidor de filtro de proceso"},"content":{"rendered":"<h4>Dwyer PFG2-03 Medidor de filtro de proceso con rango de 0 a 10 psid<\/h4>\n<p>El medidor de filtro de proceso PFG2 de la serie est\u00e1 dise\u00f1ado para determinar el estado de un filtro en l\u00ednea. El indicador de presi\u00f3n diferencial determina la ca\u00edda de presi\u00f3n a ambos lados de un filtro a trav\u00e9s de sus conexiones de presi\u00f3n NPT hembra de 1\/8&#8243;, y relaciona el valor con una de tres zonas: limpio (verde), cambio (amarillo) o sucio (rojo). La serie PFG2 es perfectamente adecuada para aplicaciones de filtro, p\u00e9rdida de l\u00ednea, ca\u00edda de v\u00e1lvula y muchas otras aplicaciones de presi\u00f3n diferencial donde se necesita un indicador simple. La direcci\u00f3n del flujo del proceso se indica en el dial, con la flecha apuntando al puerto de baja presi\u00f3n. Para cambiar las conexiones de alta y baja presi\u00f3n, simplemente retire el indicador de la base de montaje y gire 180\u00b0. El PFG2 se puede conectar en l\u00ednea a trav\u00e9s de las conexiones de proceso lateral, pero tambi\u00e9n se puede montar directamente a trav\u00e9s de las conexiones de salida\/entrada quitando el bloque de montaje.<\/p>\n<p>Rango 0-10 psid<\/p>\n<ul>\n<li>Zona verde 0-5 psid<\/li>\n<li>Zona amarilla 5-7.5 psid<\/li>\n<li>Zona roja 7.5-10 psid<\/li>\n<\/ul>\n<h4>Dwyer PFG2-03 Especificaciones<\/h4>\n<table class=\"table table-striped\">\n<tbody>\n<tr>\n<td>Servicio<\/td>\n<td>L\u00edquidos\/gases compatibles con SS, GFN y fluoropol\u00edmero<\/td>\n<\/tr>\n<tr>\n<td>Materiales h\u00famedos<\/td>\n<td>Aluminio, SS, nylon relleno de vidrio y fluoropol\u00edmero<\/td>\n<\/tr>\n<tr>\n<td>Exactitud<\/td>\n<td>\u00b15% F.S.<\/td>\n<\/tr>\n<tr>\n<td>L\u00edmite de temperatura<\/td>\n<td>200\u00b0F (93\u00b0C)<\/td>\n<\/tr>\n<tr>\n<td>L\u00edmite de presi\u00f3n<\/td>\n<td>300 psig (20,7 bar)<\/td>\n<\/tr>\n<tr>\n<td>Materiales<\/td>\n<td>Cuerpo: Nylon<br \/>\nrelleno de vidrio Bloque de montaje: Aluminio<br \/>\nLente:<br \/>\nElast\u00f3meros de poli\u00e9ster: Fluoroelast\u00f3mero<\/td>\n<\/tr>\n<tr>\n<td>Conexi\u00f3n de procesos<\/td>\n<td>1\/8&#8243; NPT hembra<\/td>\n<\/tr>\n<tr>\n<td>Orientaci\u00f3n de montaje<\/td>\n<td>Cualquier orientaci\u00f3n con 10 a 32 orificios roscados separados &lt;&gt;\/&lt;&gt;&#8221;<\/td>\n<\/tr>\n<tr>\n<td>Peso<\/td>\n<td>9,6 onzas (272,2 g)<\/td>\n<\/tr>\n<\/tbody>\n<\/table>\n","protected":false},"excerpt":{"rendered":"<p>Rango completo 0-10 psid. Zona Verde 0-5 psid.<\/p>\n<p>El medidor de filtro de proceso PFG2 de la serie est\u00e1 dise\u00f1ado para determinar el estado de un filtro en l\u00ednea. El indicador de presi\u00f3n diferencial determina la ca\u00edda de presi\u00f3n a ambos lados de un filtro a trav\u00e9s de sus conexiones de presi\u00f3n NPT hembra de 1\/8&#8243;, y relaciona el valor con una de tres zonas: limpio (verde), cambio (amarillo) o sucio (rojo). La serie PFG2 es perfectamente adecuada para aplicaciones de filtro, p\u00e9rdida de l\u00ednea, ca\u00edda de v\u00e1lvula y muchas otras aplicaciones de presi\u00f3n diferencial donde se necesita un indicador simple. La direcci\u00f3n del flujo del proceso se indica en el dial, con la flecha apuntando al puerto de baja presi\u00f3n. Para cambiar las conexiones de alta y baja presi\u00f3n, simplemente retire el indicador de la base de montaje y gire 180\u00b0. El PFG2 se puede conectar en l\u00ednea a trav\u00e9s de las conexiones de proceso lateral, pero tambi\u00e9n se puede montar directamente a trav\u00e9s de las conexiones de salida\/entrada quitando el bloque de montaje.<\/p>\n","protected":false},"featured_media":3541,"comment_status":"open","ping_status":"closed","template":"","meta":{"_joinchat":[]},"product_brand":[],"product_cat":[15],"product_tag":[],"class_list":{"0":"post-3525","1":"product","2":"type-product","3":"status-publish","4":"has-post-thumbnail","6":"product_cat-sin-categorizar","8":"first","9":"instock","10":"shipping-taxable","11":"product-type-simple"},"yoast_head":"<!-- This site is optimized with the Yoast SEO plugin v26.4 - https:\/\/yoast.com\/wordpress\/plugins\/seo\/ -->\n<title>Dwyer pfg2-03 medidor de filtro de proceso - Abaa tienda online<\/title>\n<meta name=\"robots\" content=\"index, follow, max-snippet:-1, max-image-preview:large, max-video-preview:-1\" \/>\n<link rel=\"canonical\" href=\"https:\/\/abaa.mx\/tienda\/dwyer-pfg2-03-medidor-de-filtro-de-proceso\/\" \/>\n<meta property=\"og:locale\" content=\"es_MX\" \/>\n<meta property=\"og:type\" content=\"article\" \/>\n<meta property=\"og:title\" content=\"Dwyer pfg2-03 medidor de filtro de proceso - Abaa tienda online\" \/>\n<meta property=\"og:description\" content=\"Rango completo 0-10 psid. Zona Verde 0-5 psid.  El medidor de filtro de proceso PFG2 de la serie est\u00e1 dise\u00f1ado para determinar el estado de un filtro en l\u00ednea. El indicador de presi\u00f3n diferencial determina la ca\u00edda de presi\u00f3n a ambos lados de un filtro a trav\u00e9s de sus conexiones de presi\u00f3n NPT hembra de 1\/8&quot;, y relaciona el valor con una de tres zonas: limpio (verde), cambio (amarillo) o sucio (rojo). La serie PFG2 es perfectamente adecuada para aplicaciones de filtro, p\u00e9rdida de l\u00ednea, ca\u00edda de v\u00e1lvula y muchas otras aplicaciones de presi\u00f3n diferencial donde se necesita un indicador simple. La direcci\u00f3n del flujo del proceso se indica en el dial, con la flecha apuntando al puerto de baja presi\u00f3n. Para cambiar las conexiones de alta y baja presi\u00f3n, simplemente retire el indicador de la base de montaje y gire 180\u00b0. El PFG2 se puede conectar en l\u00ednea a trav\u00e9s de las conexiones de proceso lateral, pero tambi\u00e9n se puede montar directamente a trav\u00e9s de las conexiones de salida\/entrada quitando el bloque de montaje.\" \/>\n<meta property=\"og:url\" content=\"https:\/\/abaa.mx\/tienda\/dwyer-pfg2-03-medidor-de-filtro-de-proceso\/\" \/>\n<meta property=\"og:site_name\" content=\"Abaa tienda online\" \/>\n<meta property=\"article:modified_time\" content=\"2023-12-06T17:57:14+00:00\" \/>\n<meta property=\"og:image\" content=\"https:\/\/abaa.mx\/tienda\/wp-content\/uploads\/2023\/09\/PFG2-03.jpg\" \/>\n\t<meta property=\"og:image:width\" content=\"270\" \/>\n\t<meta property=\"og:image:height\" content=\"270\" \/>\n\t<meta property=\"og:image:type\" content=\"image\/jpeg\" \/>\n<meta name=\"twitter:card\" content=\"summary_large_image\" \/>\n<meta name=\"twitter:label1\" content=\"Tiempo de lectura\" \/>\n\t<meta name=\"twitter:data1\" content=\"2 minutos\" \/>\n<script type=\"application\/ld+json\" class=\"yoast-schema-graph\">{\"@context\":\"https:\/\/schema.org\",\"@graph\":[{\"@type\":\"WebPage\",\"@id\":\"https:\/\/abaa.mx\/tienda\/dwyer-pfg2-03-medidor-de-filtro-de-proceso\/\",\"url\":\"https:\/\/abaa.mx\/tienda\/dwyer-pfg2-03-medidor-de-filtro-de-proceso\/\",\"name\":\"Dwyer pfg2-03 medidor de filtro de proceso - Abaa tienda online\",\"isPartOf\":{\"@id\":\"https:\/\/abaa.mx\/tienda\/#website\"},\"primaryImageOfPage\":{\"@id\":\"https:\/\/abaa.mx\/tienda\/dwyer-pfg2-03-medidor-de-filtro-de-proceso\/#primaryimage\"},\"image\":{\"@id\":\"https:\/\/abaa.mx\/tienda\/dwyer-pfg2-03-medidor-de-filtro-de-proceso\/#primaryimage\"},\"thumbnailUrl\":\"https:\/\/abaa.mx\/tienda\/wp-content\/uploads\/2023\/09\/PFG2-03.jpg\",\"datePublished\":\"2023-09-28T18:04:37+00:00\",\"dateModified\":\"2023-12-06T17:57:14+00:00\",\"breadcrumb\":{\"@id\":\"https:\/\/abaa.mx\/tienda\/dwyer-pfg2-03-medidor-de-filtro-de-proceso\/#breadcrumb\"},\"inLanguage\":\"es\",\"potentialAction\":[{\"@type\":\"ReadAction\",\"target\":[\"https:\/\/abaa.mx\/tienda\/dwyer-pfg2-03-medidor-de-filtro-de-proceso\/\"]}]},{\"@type\":\"ImageObject\",\"inLanguage\":\"es\",\"@id\":\"https:\/\/abaa.mx\/tienda\/dwyer-pfg2-03-medidor-de-filtro-de-proceso\/#primaryimage\",\"url\":\"https:\/\/abaa.mx\/tienda\/wp-content\/uploads\/2023\/09\/PFG2-03.jpg\",\"contentUrl\":\"https:\/\/abaa.mx\/tienda\/wp-content\/uploads\/2023\/09\/PFG2-03.jpg\",\"width\":270,\"height\":270,\"caption\":\"PFG2-03\"},{\"@type\":\"BreadcrumbList\",\"@id\":\"https:\/\/abaa.mx\/tienda\/dwyer-pfg2-03-medidor-de-filtro-de-proceso\/#breadcrumb\",\"itemListElement\":[{\"@type\":\"ListItem\",\"position\":1,\"name\":\"Inicio\",\"item\":\"https:\/\/abaa.mx\/tienda\/\"},{\"@type\":\"ListItem\",\"position\":2,\"name\":\"Tienda\",\"item\":\"https:\/\/abaa.mx\/tienda\/\"},{\"@type\":\"ListItem\",\"position\":3,\"name\":\"Dwyer pfg2-03 medidor de filtro de proceso\"}]},{\"@type\":\"WebSite\",\"@id\":\"https:\/\/abaa.mx\/tienda\/#website\",\"url\":\"https:\/\/abaa.mx\/tienda\/\",\"name\":\"Abaa tienda online\",\"description\":\"Instrumentos de medici\u00f3n\",\"publisher\":{\"@id\":\"https:\/\/abaa.mx\/tienda\/#organization\"},\"potentialAction\":[{\"@type\":\"SearchAction\",\"target\":{\"@type\":\"EntryPoint\",\"urlTemplate\":\"https:\/\/abaa.mx\/tienda\/?s={search_term_string}\"},\"query-input\":{\"@type\":\"PropertyValueSpecification\",\"valueRequired\":true,\"valueName\":\"search_term_string\"}}],\"inLanguage\":\"es\"},{\"@type\":\"Organization\",\"@id\":\"https:\/\/abaa.mx\/tienda\/#organization\",\"name\":\"Abaa tienda online\",\"url\":\"https:\/\/abaa.mx\/tienda\/\",\"logo\":{\"@type\":\"ImageObject\",\"inLanguage\":\"es\",\"@id\":\"https:\/\/abaa.mx\/tienda\/#\/schema\/logo\/image\/\",\"url\":\"https:\/\/abaa.mx\/tienda\/wp-content\/uploads\/2024\/01\/abaa-metrologia-tienda.png\",\"contentUrl\":\"https:\/\/abaa.mx\/tienda\/wp-content\/uploads\/2024\/01\/abaa-metrologia-tienda.png\",\"width\":300,\"height\":141,\"caption\":\"Abaa tienda online\"},\"image\":{\"@id\":\"https:\/\/abaa.mx\/tienda\/#\/schema\/logo\/image\/\"}}]}<\/script>\n<!-- \/ Yoast SEO plugin. -->","yoast_head_json":{"title":"Dwyer pfg2-03 medidor de filtro de proceso - Abaa tienda online","robots":{"index":"index","follow":"follow","max-snippet":"max-snippet:-1","max-image-preview":"max-image-preview:large","max-video-preview":"max-video-preview:-1"},"canonical":"https:\/\/abaa.mx\/tienda\/dwyer-pfg2-03-medidor-de-filtro-de-proceso\/","og_locale":"es_MX","og_type":"article","og_title":"Dwyer pfg2-03 medidor de filtro de proceso - Abaa tienda online","og_description":"Rango completo 0-10 psid. Zona Verde 0-5 psid.  El medidor de filtro de proceso PFG2 de la serie est\u00e1 dise\u00f1ado para determinar el estado de un filtro en l\u00ednea. El indicador de presi\u00f3n diferencial determina la ca\u00edda de presi\u00f3n a ambos lados de un filtro a trav\u00e9s de sus conexiones de presi\u00f3n NPT hembra de 1\/8\", y relaciona el valor con una de tres zonas: limpio (verde), cambio (amarillo) o sucio (rojo). La serie PFG2 es perfectamente adecuada para aplicaciones de filtro, p\u00e9rdida de l\u00ednea, ca\u00edda de v\u00e1lvula y muchas otras aplicaciones de presi\u00f3n diferencial donde se necesita un indicador simple. La direcci\u00f3n del flujo del proceso se indica en el dial, con la flecha apuntando al puerto de baja presi\u00f3n. Para cambiar las conexiones de alta y baja presi\u00f3n, simplemente retire el indicador de la base de montaje y gire 180\u00b0. El PFG2 se puede conectar en l\u00ednea a trav\u00e9s de las conexiones de proceso lateral, pero tambi\u00e9n se puede montar directamente a trav\u00e9s de las conexiones de salida\/entrada quitando el bloque de montaje.","og_url":"https:\/\/abaa.mx\/tienda\/dwyer-pfg2-03-medidor-de-filtro-de-proceso\/","og_site_name":"Abaa tienda online","article_modified_time":"2023-12-06T17:57:14+00:00","og_image":[{"width":270,"height":270,"url":"https:\/\/abaa.mx\/tienda\/wp-content\/uploads\/2023\/09\/PFG2-03.jpg","type":"image\/jpeg"}],"twitter_card":"summary_large_image","twitter_misc":{"Tiempo de lectura":"2 minutos"},"schema":{"@context":"https:\/\/schema.org","@graph":[{"@type":"WebPage","@id":"https:\/\/abaa.mx\/tienda\/dwyer-pfg2-03-medidor-de-filtro-de-proceso\/","url":"https:\/\/abaa.mx\/tienda\/dwyer-pfg2-03-medidor-de-filtro-de-proceso\/","name":"Dwyer pfg2-03 medidor de filtro de proceso - Abaa tienda online","isPartOf":{"@id":"https:\/\/abaa.mx\/tienda\/#website"},"primaryImageOfPage":{"@id":"https:\/\/abaa.mx\/tienda\/dwyer-pfg2-03-medidor-de-filtro-de-proceso\/#primaryimage"},"image":{"@id":"https:\/\/abaa.mx\/tienda\/dwyer-pfg2-03-medidor-de-filtro-de-proceso\/#primaryimage"},"thumbnailUrl":"https:\/\/abaa.mx\/tienda\/wp-content\/uploads\/2023\/09\/PFG2-03.jpg","datePublished":"2023-09-28T18:04:37+00:00","dateModified":"2023-12-06T17:57:14+00:00","breadcrumb":{"@id":"https:\/\/abaa.mx\/tienda\/dwyer-pfg2-03-medidor-de-filtro-de-proceso\/#breadcrumb"},"inLanguage":"es","potentialAction":[{"@type":"ReadAction","target":["https:\/\/abaa.mx\/tienda\/dwyer-pfg2-03-medidor-de-filtro-de-proceso\/"]}]},{"@type":"ImageObject","inLanguage":"es","@id":"https:\/\/abaa.mx\/tienda\/dwyer-pfg2-03-medidor-de-filtro-de-proceso\/#primaryimage","url":"https:\/\/abaa.mx\/tienda\/wp-content\/uploads\/2023\/09\/PFG2-03.jpg","contentUrl":"https:\/\/abaa.mx\/tienda\/wp-content\/uploads\/2023\/09\/PFG2-03.jpg","width":270,"height":270,"caption":"PFG2-03"},{"@type":"BreadcrumbList","@id":"https:\/\/abaa.mx\/tienda\/dwyer-pfg2-03-medidor-de-filtro-de-proceso\/#breadcrumb","itemListElement":[{"@type":"ListItem","position":1,"name":"Inicio","item":"https:\/\/abaa.mx\/tienda\/"},{"@type":"ListItem","position":2,"name":"Tienda","item":"https:\/\/abaa.mx\/tienda\/"},{"@type":"ListItem","position":3,"name":"Dwyer pfg2-03 medidor de filtro de proceso"}]},{"@type":"WebSite","@id":"https:\/\/abaa.mx\/tienda\/#website","url":"https:\/\/abaa.mx\/tienda\/","name":"Abaa tienda online","description":"Instrumentos de medici\u00f3n","publisher":{"@id":"https:\/\/abaa.mx\/tienda\/#organization"},"potentialAction":[{"@type":"SearchAction","target":{"@type":"EntryPoint","urlTemplate":"https:\/\/abaa.mx\/tienda\/?s={search_term_string}"},"query-input":{"@type":"PropertyValueSpecification","valueRequired":true,"valueName":"search_term_string"}}],"inLanguage":"es"},{"@type":"Organization","@id":"https:\/\/abaa.mx\/tienda\/#organization","name":"Abaa tienda online","url":"https:\/\/abaa.mx\/tienda\/","logo":{"@type":"ImageObject","inLanguage":"es","@id":"https:\/\/abaa.mx\/tienda\/#\/schema\/logo\/image\/","url":"https:\/\/abaa.mx\/tienda\/wp-content\/uploads\/2024\/01\/abaa-metrologia-tienda.png","contentUrl":"https:\/\/abaa.mx\/tienda\/wp-content\/uploads\/2024\/01\/abaa-metrologia-tienda.png","width":300,"height":141,"caption":"Abaa tienda online"},"image":{"@id":"https:\/\/abaa.mx\/tienda\/#\/schema\/logo\/image\/"}}]}},"_links":{"self":[{"href":"https:\/\/abaa.mx\/tienda\/wp-json\/wp\/v2\/product\/3525","targetHints":{"allow":["GET"]}}],"collection":[{"href":"https:\/\/abaa.mx\/tienda\/wp-json\/wp\/v2\/product"}],"about":[{"href":"https:\/\/abaa.mx\/tienda\/wp-json\/wp\/v2\/types\/product"}],"replies":[{"embeddable":true,"href":"https:\/\/abaa.mx\/tienda\/wp-json\/wp\/v2\/comments?post=3525"}],"wp:featuredmedia":[{"embeddable":true,"href":"https:\/\/abaa.mx\/tienda\/wp-json\/wp\/v2\/media\/3541"}],"wp:attachment":[{"href":"https:\/\/abaa.mx\/tienda\/wp-json\/wp\/v2\/media?parent=3525"}],"wp:term":[{"taxonomy":"product_brand","embeddable":true,"href":"https:\/\/abaa.mx\/tienda\/wp-json\/wp\/v2\/product_brand?post=3525"},{"taxonomy":"product_cat","embeddable":true,"href":"https:\/\/abaa.mx\/tienda\/wp-json\/wp\/v2\/product_cat?post=3525"},{"taxonomy":"product_tag","embeddable":true,"href":"https:\/\/abaa.mx\/tienda\/wp-json\/wp\/v2\/product_tag?post=3525"}],"curies":[{"name":"wp","href":"https:\/\/api.w.org\/{rel}","templated":true}]}}