{"id":3517,"date":"2023-09-28T17:49:24","date_gmt":"2023-09-28T17:49:24","guid":{"rendered":"https:\/\/abaa.mx\/tienda\/?post_type=product&#038;p=3517"},"modified":"2023-12-15T16:36:37","modified_gmt":"2023-12-15T16:36:37","slug":"dwyer-mp-060-mini-photohelic-pressure-switch-gauge-0-60w-c","status":"publish","type":"product","link":"https:\/\/abaa.mx\/tienda\/dwyer-mp-060-mini-photohelic-pressure-switch-gauge-0-60w-c\/","title":{"rendered":"Dwyer mp-060 mini-fotoh\u00e9lico, presostato-man\u00f3metro, 0-60&#8243;w.c."},"content":{"rendered":"<p>Dise\u00f1ado para medir y controlar presiones positivas, negativas o diferenciales que consisten en gases no combustibles y no corrosivos.<\/p>\n<p><strong>Funciones<\/strong><\/p>\n<ul>\n<li>La lectura del man\u00f3metro no se ve afectada por el funcionamiento del interruptor y continuar\u00e1 leyendo la presi\u00f3n incluso durante la p\u00e9rdida de energ\u00eda<\/li>\n<li>El LED de estado del interruptor visible proporciona una indicaci\u00f3n del estado de conmutaci\u00f3n del punto de ajuste<\/li>\n<li>El dise\u00f1o compacto pero con la potencia de los dispositivos m\u00e1s grandes puede cumplir con las mismas especificaciones de aplicaci\u00f3n<\/li>\n<\/ul>\n<p><strong>Aplicaciones<\/strong><\/p>\n<ul>\n<li>Campanas extractoras<\/li>\n<li>Recolecci\u00f3n de polvo<\/li>\n<li>Transporte neum\u00e1tico<\/li>\n<li>Sala blanca<\/li>\n<\/ul>\n","protected":false},"excerpt":{"rendered":"<p>El presosta\/man\u00f3metro diferencial Dfferential combina el man\u00f3metro diferencial Minihelic II, de eficacia probada, con dos puntos de ajuste de conmutaci\u00f3n SPDT.<\/p>\n","protected":false},"featured_media":3522,"comment_status":"open","ping_status":"closed","template":"","meta":{"_joinchat":[]},"product_brand":[],"product_cat":[15],"product_tag":[],"class_list":{"0":"post-3517","1":"product","2":"type-product","3":"status-publish","4":"has-post-thumbnail","6":"product_cat-sin-categorizar","8":"first","9":"instock","10":"shipping-taxable","11":"product-type-simple"},"yoast_head":"<!-- This site is optimized with the Yoast SEO plugin v26.4 - https:\/\/yoast.com\/wordpress\/plugins\/seo\/ -->\n<title>Dwyer mp-060 mini-fotoh\u00e9lico, presostato-man\u00f3metro, 0-60&quot;w.c. - Abaa tienda online<\/title>\n<meta name=\"robots\" content=\"index, follow, max-snippet:-1, max-image-preview:large, max-video-preview:-1\" \/>\n<link rel=\"canonical\" href=\"https:\/\/abaa.mx\/tienda\/dwyer-mp-060-mini-photohelic-pressure-switch-gauge-0-60w-c\/\" \/>\n<meta property=\"og:locale\" content=\"es_MX\" \/>\n<meta property=\"og:type\" content=\"article\" \/>\n<meta property=\"og:title\" content=\"Dwyer mp-060 mini-fotoh\u00e9lico, presostato-man\u00f3metro, 0-60&quot;w.c. - Abaa tienda online\" \/>\n<meta property=\"og:description\" content=\"El presosta\/man\u00f3metro diferencial Dfferential combina el man\u00f3metro diferencial Minihelic II, de eficacia probada, con dos puntos de ajuste de conmutaci\u00f3n SPDT.\" \/>\n<meta property=\"og:url\" content=\"https:\/\/abaa.mx\/tienda\/dwyer-mp-060-mini-photohelic-pressure-switch-gauge-0-60w-c\/\" \/>\n<meta property=\"og:site_name\" content=\"Abaa tienda online\" \/>\n<meta property=\"article:modified_time\" content=\"2023-12-15T16:36:37+00:00\" \/>\n<meta property=\"og:image\" content=\"https:\/\/abaa.mx\/tienda\/wp-content\/uploads\/2023\/09\/MP-060.jpg\" \/>\n\t<meta property=\"og:image:width\" content=\"270\" \/>\n\t<meta property=\"og:image:height\" content=\"270\" \/>\n\t<meta property=\"og:image:type\" content=\"image\/jpeg\" \/>\n<meta name=\"twitter:card\" content=\"summary_large_image\" \/>\n<meta name=\"twitter:label1\" content=\"Tiempo de lectura\" \/>\n\t<meta name=\"twitter:data1\" content=\"1 minuto\" \/>\n<script type=\"application\/ld+json\" class=\"yoast-schema-graph\">{\"@context\":\"https:\/\/schema.org\",\"@graph\":[{\"@type\":\"WebPage\",\"@id\":\"https:\/\/abaa.mx\/tienda\/dwyer-mp-060-mini-photohelic-pressure-switch-gauge-0-60w-c\/\",\"url\":\"https:\/\/abaa.mx\/tienda\/dwyer-mp-060-mini-photohelic-pressure-switch-gauge-0-60w-c\/\",\"name\":\"Dwyer mp-060 mini-fotoh\u00e9lico, presostato-man\u00f3metro, 0-60\\\"w.c. - Abaa tienda online\",\"isPartOf\":{\"@id\":\"https:\/\/abaa.mx\/tienda\/#website\"},\"primaryImageOfPage\":{\"@id\":\"https:\/\/abaa.mx\/tienda\/dwyer-mp-060-mini-photohelic-pressure-switch-gauge-0-60w-c\/#primaryimage\"},\"image\":{\"@id\":\"https:\/\/abaa.mx\/tienda\/dwyer-mp-060-mini-photohelic-pressure-switch-gauge-0-60w-c\/#primaryimage\"},\"thumbnailUrl\":\"https:\/\/abaa.mx\/tienda\/wp-content\/uploads\/2023\/09\/MP-060.jpg\",\"datePublished\":\"2023-09-28T17:49:24+00:00\",\"dateModified\":\"2023-12-15T16:36:37+00:00\",\"breadcrumb\":{\"@id\":\"https:\/\/abaa.mx\/tienda\/dwyer-mp-060-mini-photohelic-pressure-switch-gauge-0-60w-c\/#breadcrumb\"},\"inLanguage\":\"es\",\"potentialAction\":[{\"@type\":\"ReadAction\",\"target\":[\"https:\/\/abaa.mx\/tienda\/dwyer-mp-060-mini-photohelic-pressure-switch-gauge-0-60w-c\/\"]}]},{\"@type\":\"ImageObject\",\"inLanguage\":\"es\",\"@id\":\"https:\/\/abaa.mx\/tienda\/dwyer-mp-060-mini-photohelic-pressure-switch-gauge-0-60w-c\/#primaryimage\",\"url\":\"https:\/\/abaa.mx\/tienda\/wp-content\/uploads\/2023\/09\/MP-060.jpg\",\"contentUrl\":\"https:\/\/abaa.mx\/tienda\/wp-content\/uploads\/2023\/09\/MP-060.jpg\",\"width\":270,\"height\":270,\"caption\":\"MP-060\"},{\"@type\":\"BreadcrumbList\",\"@id\":\"https:\/\/abaa.mx\/tienda\/dwyer-mp-060-mini-photohelic-pressure-switch-gauge-0-60w-c\/#breadcrumb\",\"itemListElement\":[{\"@type\":\"ListItem\",\"position\":1,\"name\":\"Inicio\",\"item\":\"https:\/\/abaa.mx\/tienda\/\"},{\"@type\":\"ListItem\",\"position\":2,\"name\":\"Tienda\",\"item\":\"https:\/\/abaa.mx\/tienda\/\"},{\"@type\":\"ListItem\",\"position\":3,\"name\":\"Dwyer mp-060 mini-fotoh\u00e9lico, presostato-man\u00f3metro, 0-60&#8243;w.c.\"}]},{\"@type\":\"WebSite\",\"@id\":\"https:\/\/abaa.mx\/tienda\/#website\",\"url\":\"https:\/\/abaa.mx\/tienda\/\",\"name\":\"Abaa tienda online\",\"description\":\"Instrumentos de medici\u00f3n\",\"publisher\":{\"@id\":\"https:\/\/abaa.mx\/tienda\/#organization\"},\"potentialAction\":[{\"@type\":\"SearchAction\",\"target\":{\"@type\":\"EntryPoint\",\"urlTemplate\":\"https:\/\/abaa.mx\/tienda\/?s={search_term_string}\"},\"query-input\":{\"@type\":\"PropertyValueSpecification\",\"valueRequired\":true,\"valueName\":\"search_term_string\"}}],\"inLanguage\":\"es\"},{\"@type\":\"Organization\",\"@id\":\"https:\/\/abaa.mx\/tienda\/#organization\",\"name\":\"Abaa tienda online\",\"url\":\"https:\/\/abaa.mx\/tienda\/\",\"logo\":{\"@type\":\"ImageObject\",\"inLanguage\":\"es\",\"@id\":\"https:\/\/abaa.mx\/tienda\/#\/schema\/logo\/image\/\",\"url\":\"https:\/\/abaa.mx\/tienda\/wp-content\/uploads\/2024\/01\/abaa-metrologia-tienda.png\",\"contentUrl\":\"https:\/\/abaa.mx\/tienda\/wp-content\/uploads\/2024\/01\/abaa-metrologia-tienda.png\",\"width\":300,\"height\":141,\"caption\":\"Abaa tienda online\"},\"image\":{\"@id\":\"https:\/\/abaa.mx\/tienda\/#\/schema\/logo\/image\/\"}}]}<\/script>\n<!-- \/ Yoast SEO plugin. -->","yoast_head_json":{"title":"Dwyer mp-060 mini-fotoh\u00e9lico, presostato-man\u00f3metro, 0-60\"w.c. - Abaa tienda online","robots":{"index":"index","follow":"follow","max-snippet":"max-snippet:-1","max-image-preview":"max-image-preview:large","max-video-preview":"max-video-preview:-1"},"canonical":"https:\/\/abaa.mx\/tienda\/dwyer-mp-060-mini-photohelic-pressure-switch-gauge-0-60w-c\/","og_locale":"es_MX","og_type":"article","og_title":"Dwyer mp-060 mini-fotoh\u00e9lico, presostato-man\u00f3metro, 0-60\"w.c. - Abaa tienda online","og_description":"El presosta\/man\u00f3metro diferencial Dfferential combina el man\u00f3metro diferencial Minihelic II, de eficacia probada, con dos puntos de ajuste de conmutaci\u00f3n SPDT.","og_url":"https:\/\/abaa.mx\/tienda\/dwyer-mp-060-mini-photohelic-pressure-switch-gauge-0-60w-c\/","og_site_name":"Abaa tienda online","article_modified_time":"2023-12-15T16:36:37+00:00","og_image":[{"width":270,"height":270,"url":"https:\/\/abaa.mx\/tienda\/wp-content\/uploads\/2023\/09\/MP-060.jpg","type":"image\/jpeg"}],"twitter_card":"summary_large_image","twitter_misc":{"Tiempo de lectura":"1 minuto"},"schema":{"@context":"https:\/\/schema.org","@graph":[{"@type":"WebPage","@id":"https:\/\/abaa.mx\/tienda\/dwyer-mp-060-mini-photohelic-pressure-switch-gauge-0-60w-c\/","url":"https:\/\/abaa.mx\/tienda\/dwyer-mp-060-mini-photohelic-pressure-switch-gauge-0-60w-c\/","name":"Dwyer mp-060 mini-fotoh\u00e9lico, presostato-man\u00f3metro, 0-60\"w.c. - Abaa tienda online","isPartOf":{"@id":"https:\/\/abaa.mx\/tienda\/#website"},"primaryImageOfPage":{"@id":"https:\/\/abaa.mx\/tienda\/dwyer-mp-060-mini-photohelic-pressure-switch-gauge-0-60w-c\/#primaryimage"},"image":{"@id":"https:\/\/abaa.mx\/tienda\/dwyer-mp-060-mini-photohelic-pressure-switch-gauge-0-60w-c\/#primaryimage"},"thumbnailUrl":"https:\/\/abaa.mx\/tienda\/wp-content\/uploads\/2023\/09\/MP-060.jpg","datePublished":"2023-09-28T17:49:24+00:00","dateModified":"2023-12-15T16:36:37+00:00","breadcrumb":{"@id":"https:\/\/abaa.mx\/tienda\/dwyer-mp-060-mini-photohelic-pressure-switch-gauge-0-60w-c\/#breadcrumb"},"inLanguage":"es","potentialAction":[{"@type":"ReadAction","target":["https:\/\/abaa.mx\/tienda\/dwyer-mp-060-mini-photohelic-pressure-switch-gauge-0-60w-c\/"]}]},{"@type":"ImageObject","inLanguage":"es","@id":"https:\/\/abaa.mx\/tienda\/dwyer-mp-060-mini-photohelic-pressure-switch-gauge-0-60w-c\/#primaryimage","url":"https:\/\/abaa.mx\/tienda\/wp-content\/uploads\/2023\/09\/MP-060.jpg","contentUrl":"https:\/\/abaa.mx\/tienda\/wp-content\/uploads\/2023\/09\/MP-060.jpg","width":270,"height":270,"caption":"MP-060"},{"@type":"BreadcrumbList","@id":"https:\/\/abaa.mx\/tienda\/dwyer-mp-060-mini-photohelic-pressure-switch-gauge-0-60w-c\/#breadcrumb","itemListElement":[{"@type":"ListItem","position":1,"name":"Inicio","item":"https:\/\/abaa.mx\/tienda\/"},{"@type":"ListItem","position":2,"name":"Tienda","item":"https:\/\/abaa.mx\/tienda\/"},{"@type":"ListItem","position":3,"name":"Dwyer mp-060 mini-fotoh\u00e9lico, presostato-man\u00f3metro, 0-60&#8243;w.c."}]},{"@type":"WebSite","@id":"https:\/\/abaa.mx\/tienda\/#website","url":"https:\/\/abaa.mx\/tienda\/","name":"Abaa tienda online","description":"Instrumentos de medici\u00f3n","publisher":{"@id":"https:\/\/abaa.mx\/tienda\/#organization"},"potentialAction":[{"@type":"SearchAction","target":{"@type":"EntryPoint","urlTemplate":"https:\/\/abaa.mx\/tienda\/?s={search_term_string}"},"query-input":{"@type":"PropertyValueSpecification","valueRequired":true,"valueName":"search_term_string"}}],"inLanguage":"es"},{"@type":"Organization","@id":"https:\/\/abaa.mx\/tienda\/#organization","name":"Abaa tienda online","url":"https:\/\/abaa.mx\/tienda\/","logo":{"@type":"ImageObject","inLanguage":"es","@id":"https:\/\/abaa.mx\/tienda\/#\/schema\/logo\/image\/","url":"https:\/\/abaa.mx\/tienda\/wp-content\/uploads\/2024\/01\/abaa-metrologia-tienda.png","contentUrl":"https:\/\/abaa.mx\/tienda\/wp-content\/uploads\/2024\/01\/abaa-metrologia-tienda.png","width":300,"height":141,"caption":"Abaa tienda online"},"image":{"@id":"https:\/\/abaa.mx\/tienda\/#\/schema\/logo\/image\/"}}]}},"_links":{"self":[{"href":"https:\/\/abaa.mx\/tienda\/wp-json\/wp\/v2\/product\/3517","targetHints":{"allow":["GET"]}}],"collection":[{"href":"https:\/\/abaa.mx\/tienda\/wp-json\/wp\/v2\/product"}],"about":[{"href":"https:\/\/abaa.mx\/tienda\/wp-json\/wp\/v2\/types\/product"}],"replies":[{"embeddable":true,"href":"https:\/\/abaa.mx\/tienda\/wp-json\/wp\/v2\/comments?post=3517"}],"wp:featuredmedia":[{"embeddable":true,"href":"https:\/\/abaa.mx\/tienda\/wp-json\/wp\/v2\/media\/3522"}],"wp:attachment":[{"href":"https:\/\/abaa.mx\/tienda\/wp-json\/wp\/v2\/media?parent=3517"}],"wp:term":[{"taxonomy":"product_brand","embeddable":true,"href":"https:\/\/abaa.mx\/tienda\/wp-json\/wp\/v2\/product_brand?post=3517"},{"taxonomy":"product_cat","embeddable":true,"href":"https:\/\/abaa.mx\/tienda\/wp-json\/wp\/v2\/product_cat?post=3517"},{"taxonomy":"product_tag","embeddable":true,"href":"https:\/\/abaa.mx\/tienda\/wp-json\/wp\/v2\/product_tag?post=3517"}],"curies":[{"name":"wp","href":"https:\/\/api.w.org\/{rel}","templated":true}]}}