{"id":3493,"date":"2023-09-28T17:18:34","date_gmt":"2023-09-28T17:18:34","guid":{"rendered":"https:\/\/abaa.mx\/tienda\/?post_type=product&#038;p=3493"},"modified":"2023-12-06T18:00:52","modified_gmt":"2023-12-06T18:00:52","slug":"dwyer-dm-1112-digimag-medidor-de-presion-diferencial-y-flujo-0-100-w-c","status":"publish","type":"product","link":"https:\/\/abaa.mx\/tienda\/dwyer-dm-1112-digimag-medidor-de-presion-diferencial-y-flujo-0-100-w-c\/","title":{"rendered":"Dwyer dm-1112 digimag medidor de presi\u00f3n diferencial y flujo (0-100 &#8220;w.c.)"},"content":{"rendered":"<p>Rango de 0-100&#8243; w.c. Resoluci\u00f3n de 0.100 w.c.<\/p>\n<h4>Man\u00f3metro digital Dwyer DM-1112 DigiMag con rango de 0 a 100 en w.c.<\/h4>\n<p><strong>El man\u00f3metro digital Dwyer DM-1112 DigiMag tiene un rango de 0-100&#8243; w.c. y con una resoluci\u00f3n de 0.100 w.c.<\/strong><\/p>\n<p><strong>Los medidores digitales de presi\u00f3n diferencial y flujo DigiMag serie DM-1000<\/strong> monitorean la presi\u00f3n del aire y los gases compatibles al igual que su famoso predecesor anal\u00f3gico, el medidor de presi\u00f3n diferencial magneh\u00e9lico. Todos los modelos est\u00e1n calibrados de f\u00e1brica para rangos espec\u00edficos. La pantalla LCD de 4 d\u00edgitos puede mostrar lecturas en ingl\u00e9s com\u00fan y unidades m\u00e9tricas, por lo que las conversiones no son necesarias. La operaci\u00f3n simplificada de cuatro botones reduce el tiempo de configuraci\u00f3n y simplifica la calibraci\u00f3n con su pulsador digital cero y span.<\/p>\n<p>Los medidores digitales DigiMag son m\u00e1s vers\u00e1tiles que los medidores anal\u00f3gicos con su capacidad de ser programados en campo para seleccionar la presi\u00f3n, la velocidad del aire o la operaci\u00f3n de flujo seg\u00fan el modelo. Los medidores digitales DigiMag tienen una caracter\u00edstica adicional para aplicaciones de filtro donde se puede ingresar un punto de ajuste donde la pantalla parpadear\u00e1 cuando el filtro est\u00e9 sucio, alertando al usuario de que debe ocurrir una acci\u00f3n de mantenimiento.<\/p>\n<p>La programaci\u00f3n de la Serie DM-1000 es f\u00e1cil utilizando la tecla de men\u00fa para acceder a 4 men\u00fas simplificados que proporcionan acceso a, seg\u00fan el modelo: nivel de seguridad; unidades de ingenier\u00eda; Factor K para uso con varios tubos Pitot y sensores de flujo de tama\u00f1o de conducto circular o rectangular para operaci\u00f3n de flujo volum\u00e9trico; punto de ajuste del filtro; ver lecturas de procesos de picos y valles; amortiguaci\u00f3n digital para suavizar aplicaciones de procesos err\u00e1ticos; actualizaci\u00f3n de la pantalla para conservar la vida \u00fatil de la bater\u00eda; Calibraci\u00f3n de campo de cero y span.<\/p>\n<p>Los medidores digitales de presi\u00f3n diferencial y flujo de aire DigiMag de la serie DM-1000 poseen una precisi\u00f3n a escala completa del 1% en rangos de hasta 2 pulgadas y una precisi\u00f3n del 2% hasta el rango muy bajo de 1 pulgada a 0,25 pulgadas en c.c. Los medidores de presi\u00f3n diferencial digitales DigiMag ofrecen versatilidad de potencia al trabajar con una potencia de l\u00ednea de 9-24 VCC o simplemente una bater\u00eda de 9 V. Si utiliza la alimentaci\u00f3n de l\u00ednea y conecta la bater\u00eda de 9V, la bater\u00eda actuar\u00e1 como respaldo si se pierde o interrumpe la alimentaci\u00f3n de la l\u00ednea.<\/p>\n<h4>Dwyer DM-1112 Especificaciones<\/h4>\n<table class=\"table table-striped\">\n<tbody>\n<tr>\n<td>Servicio<\/td>\n<td>Aire y gases no combustibles, compatibles<\/td>\n<\/tr>\n<tr>\n<td>Materiales de la carcasa<\/td>\n<td>Pl\u00e1stico relleno de vidrio<\/td>\n<\/tr>\n<tr>\n<td>Exactitud<\/td>\n<td>\u00b11% FS incluyendo linealidad, hist\u00e9resis y repetibilidad; \u00b12% FS para rangos de 1 &#8220;w.c. e inferiores<\/td>\n<\/tr>\n<tr>\n<td>L\u00edmites de temperatura<\/td>\n<td>0 a 140\u00b0F (-18 a 60\u00b0C)<\/td>\n<\/tr>\n<tr>\n<td>L\u00edmites de temperatura compensados<\/td>\n<td>De 32 a 122 \u00b0C (de 0 a 50 \u00b0F)<\/td>\n<\/tr>\n<tr>\n<td>Estabilidad a largo plazo<\/td>\n<td>\u00b11% FS por a\u00f1o<\/td>\n<\/tr>\n<tr>\n<td>Efecto t\u00e9rmico<\/td>\n<td>\u00b10.05% FS\/\u00b0F t\u00edpico; \u00b10.10% FS\/\u00b0F t\u00edpico para rangos de 1 &#8220;w.c. e inferiores<\/td>\n<\/tr>\n<tr>\n<td>Monitor<\/td>\n<td>LCD de 4 d\u00edgitos (d\u00edgitos: 0,60 x 0,33&#8243;)<\/td>\n<\/tr>\n<tr>\n<td>Actualizaci\u00f3n de pantalla<\/td>\n<td>Seleccionable durante 1 segundo, 10 minutos o actualizar solo presionando un bot\u00f3n<\/td>\n<\/tr>\n<tr>\n<td>L\u00edmites de presi\u00f3n<\/td>\n<td>Rangos normal y bidireccional 5 &#8220;w.c. e inferior = 2 psi (13.7 kPa); Rangos normal y bidireccional 10 &#8220;w.c. y superior = 11 psi (75 kPa)<\/td>\n<\/tr>\n<tr>\n<td>Unidades de ingenier\u00eda seleccionables<\/td>\n<td>&#8220;w.c., psi, kPa, Pa, mm w.c., mBar, en Hg, mm Hg, FS (0 a 100% FS)<\/td>\n<\/tr>\n<tr>\n<td>Requisitos de alimentaci\u00f3n<\/td>\n<td>Bater\u00eda de 9 V, incluida, reemplazable por el usuario o fuente de alimentaci\u00f3n externa de 9 a 24 VCC<\/td>\n<\/tr>\n<tr>\n<td>Vida \u00fatil de la bater\u00eda<\/td>\n<td>Duraci\u00f3n de la bater\u00eda seg\u00fan la configuraci\u00f3n de Actualizaci\u00f3n de pantalla: 150 horas (t\u00edpica) si Actualizaci\u00f3n de pantalla = 1 segundo;<br \/>\n9 meses (t\u00edpico) si Actualizaci\u00f3n de pantalla = 10 minutos;<br \/>\n1,5 a\u00f1os (normal) si la actualizaci\u00f3n de pantalla est\u00e1 desactivada<br \/>\nLa bater\u00eda puede durar hasta cuatro veces m\u00e1s cuando se utiliza una bater\u00eda a base de litio ULTRALIFE U9VL-J<\/td>\n<\/tr>\n<tr>\n<td>Consumo de corriente<\/td>\n<td>5 mA m\u00e1ximo<\/td>\n<\/tr>\n<tr>\n<td>Conexiones el\u00e9ctricas<\/td>\n<td>Bloque de terminales extra\u00edble de 16 a 26 AWG<\/td>\n<\/tr>\n<tr>\n<td>Entrada el\u00e9ctrica<\/td>\n<td>Prensaestopas para cable de 0,114 a 0,250&#8243; (2,9 a 6,4 mm) de di\u00e1metro<\/td>\n<\/tr>\n<tr>\n<td>Conexiones de proceso<\/td>\n<td>Tubo de identificaci\u00f3n de 1\/8&#8243; (3 mm)<\/td>\n<\/tr>\n<tr>\n<td>Clasificaci\u00f3n de la carcasa<\/td>\n<td>NEMA 4X (IP66)<\/td>\n<\/tr>\n<tr>\n<td>Peso<\/td>\n<td>1,18 libras (535 g)<\/td>\n<\/tr>\n<tr>\n<td>Tama\u00f1o<\/td>\n<td>Cara frontal de 5&#8243; (127 mm) de di\u00e1metro exterior<\/td>\n<\/tr>\n<tr>\n<td>Aprobaciones de agencias<\/td>\n<td>Despu\u00e9s de Cristo<\/td>\n<\/tr>\n<\/tbody>\n<\/table>\n<p>&nbsp;<\/p>\n","protected":false},"excerpt":{"rendered":"<p>Rango de 0-100&#8243; w.c. Resoluci\u00f3n de 0.100 w.c.<\/p>\n<p><strong>Los medidores digitales de presi\u00f3n diferencial y flujo DigiMag serie DM-1000<\/strong> monitorean la presi\u00f3n del aire y los gases compatibles al igual que su famoso predecesor anal\u00f3gico, el medidor de presi\u00f3n diferencial magneh\u00e9lico. Todos los modelos est\u00e1n calibrados de f\u00e1brica para rangos espec\u00edficos. La pantalla LCD de 4 d\u00edgitos puede mostrar lecturas en ingl\u00e9s com\u00fan y unidades m\u00e9tricas, por lo que las conversiones no son necesarias. La operaci\u00f3n simplificada de cuatro botones reduce el tiempo de configuraci\u00f3n y simplifica la calibraci\u00f3n con su pulsador digital cero y span.<\/p>\n","protected":false},"featured_media":3504,"comment_status":"open","ping_status":"closed","template":"","meta":{"_joinchat":[]},"product_brand":[],"product_cat":[15],"product_tag":[],"class_list":{"0":"post-3493","1":"product","2":"type-product","3":"status-publish","4":"has-post-thumbnail","6":"product_cat-sin-categorizar","8":"first","9":"instock","10":"shipping-taxable","11":"product-type-simple"},"yoast_head":"<!-- This site is optimized with the Yoast SEO plugin v26.4 - https:\/\/yoast.com\/wordpress\/plugins\/seo\/ -->\n<title>Dwyer dm-1112 digimag medidor de presi\u00f3n diferencial y flujo (0-100 &quot;w.c.) - Abaa tienda online<\/title>\n<meta name=\"robots\" content=\"index, follow, max-snippet:-1, max-image-preview:large, max-video-preview:-1\" \/>\n<link rel=\"canonical\" href=\"https:\/\/abaa.mx\/tienda\/dwyer-dm-1112-digimag-medidor-de-presion-diferencial-y-flujo-0-100-w-c\/\" \/>\n<meta property=\"og:locale\" content=\"es_MX\" \/>\n<meta property=\"og:type\" content=\"article\" \/>\n<meta property=\"og:title\" content=\"Dwyer dm-1112 digimag medidor de presi\u00f3n diferencial y flujo (0-100 &quot;w.c.) - Abaa tienda online\" \/>\n<meta property=\"og:description\" content=\"Rango de 0-100&quot; w.c. Resoluci\u00f3n de 0.100 w.c.  Los medidores digitales de presi\u00f3n diferencial y flujo DigiMag serie DM-1000 monitorean la presi\u00f3n del aire y los gases compatibles al igual que su famoso predecesor anal\u00f3gico, el medidor de presi\u00f3n diferencial magneh\u00e9lico. Todos los modelos est\u00e1n calibrados de f\u00e1brica para rangos espec\u00edficos. La pantalla LCD de 4 d\u00edgitos puede mostrar lecturas en ingl\u00e9s com\u00fan y unidades m\u00e9tricas, por lo que las conversiones no son necesarias. La operaci\u00f3n simplificada de cuatro botones reduce el tiempo de configuraci\u00f3n y simplifica la calibraci\u00f3n con su pulsador digital cero y span.\" \/>\n<meta property=\"og:url\" content=\"https:\/\/abaa.mx\/tienda\/dwyer-dm-1112-digimag-medidor-de-presion-diferencial-y-flujo-0-100-w-c\/\" \/>\n<meta property=\"og:site_name\" content=\"Abaa tienda online\" \/>\n<meta property=\"article:modified_time\" content=\"2023-12-06T18:00:52+00:00\" \/>\n<meta property=\"og:image\" content=\"https:\/\/abaa.mx\/tienda\/wp-content\/uploads\/2023\/09\/DM-1112.jpg\" \/>\n\t<meta property=\"og:image:width\" content=\"270\" \/>\n\t<meta property=\"og:image:height\" content=\"270\" \/>\n\t<meta property=\"og:image:type\" content=\"image\/jpeg\" \/>\n<meta name=\"twitter:card\" content=\"summary_large_image\" \/>\n<meta name=\"twitter:label1\" content=\"Tiempo de lectura\" \/>\n\t<meta name=\"twitter:data1\" content=\"4 minutos\" \/>\n<script type=\"application\/ld+json\" class=\"yoast-schema-graph\">{\"@context\":\"https:\/\/schema.org\",\"@graph\":[{\"@type\":\"WebPage\",\"@id\":\"https:\/\/abaa.mx\/tienda\/dwyer-dm-1112-digimag-medidor-de-presion-diferencial-y-flujo-0-100-w-c\/\",\"url\":\"https:\/\/abaa.mx\/tienda\/dwyer-dm-1112-digimag-medidor-de-presion-diferencial-y-flujo-0-100-w-c\/\",\"name\":\"Dwyer dm-1112 digimag medidor de presi\u00f3n diferencial y flujo (0-100 \\\"w.c.) - Abaa tienda online\",\"isPartOf\":{\"@id\":\"https:\/\/abaa.mx\/tienda\/#website\"},\"primaryImageOfPage\":{\"@id\":\"https:\/\/abaa.mx\/tienda\/dwyer-dm-1112-digimag-medidor-de-presion-diferencial-y-flujo-0-100-w-c\/#primaryimage\"},\"image\":{\"@id\":\"https:\/\/abaa.mx\/tienda\/dwyer-dm-1112-digimag-medidor-de-presion-diferencial-y-flujo-0-100-w-c\/#primaryimage\"},\"thumbnailUrl\":\"https:\/\/abaa.mx\/tienda\/wp-content\/uploads\/2023\/09\/DM-1112.jpg\",\"datePublished\":\"2023-09-28T17:18:34+00:00\",\"dateModified\":\"2023-12-06T18:00:52+00:00\",\"breadcrumb\":{\"@id\":\"https:\/\/abaa.mx\/tienda\/dwyer-dm-1112-digimag-medidor-de-presion-diferencial-y-flujo-0-100-w-c\/#breadcrumb\"},\"inLanguage\":\"es\",\"potentialAction\":[{\"@type\":\"ReadAction\",\"target\":[\"https:\/\/abaa.mx\/tienda\/dwyer-dm-1112-digimag-medidor-de-presion-diferencial-y-flujo-0-100-w-c\/\"]}]},{\"@type\":\"ImageObject\",\"inLanguage\":\"es\",\"@id\":\"https:\/\/abaa.mx\/tienda\/dwyer-dm-1112-digimag-medidor-de-presion-diferencial-y-flujo-0-100-w-c\/#primaryimage\",\"url\":\"https:\/\/abaa.mx\/tienda\/wp-content\/uploads\/2023\/09\/DM-1112.jpg\",\"contentUrl\":\"https:\/\/abaa.mx\/tienda\/wp-content\/uploads\/2023\/09\/DM-1112.jpg\",\"width\":270,\"height\":270,\"caption\":\"DM-1112\"},{\"@type\":\"BreadcrumbList\",\"@id\":\"https:\/\/abaa.mx\/tienda\/dwyer-dm-1112-digimag-medidor-de-presion-diferencial-y-flujo-0-100-w-c\/#breadcrumb\",\"itemListElement\":[{\"@type\":\"ListItem\",\"position\":1,\"name\":\"Inicio\",\"item\":\"https:\/\/abaa.mx\/tienda\/\"},{\"@type\":\"ListItem\",\"position\":2,\"name\":\"Tienda\",\"item\":\"https:\/\/abaa.mx\/tienda\/\"},{\"@type\":\"ListItem\",\"position\":3,\"name\":\"Dwyer dm-1112 digimag medidor de presi\u00f3n diferencial y flujo (0-100 &#8220;w.c.)\"}]},{\"@type\":\"WebSite\",\"@id\":\"https:\/\/abaa.mx\/tienda\/#website\",\"url\":\"https:\/\/abaa.mx\/tienda\/\",\"name\":\"Abaa tienda online\",\"description\":\"Instrumentos de medici\u00f3n\",\"publisher\":{\"@id\":\"https:\/\/abaa.mx\/tienda\/#organization\"},\"potentialAction\":[{\"@type\":\"SearchAction\",\"target\":{\"@type\":\"EntryPoint\",\"urlTemplate\":\"https:\/\/abaa.mx\/tienda\/?s={search_term_string}\"},\"query-input\":{\"@type\":\"PropertyValueSpecification\",\"valueRequired\":true,\"valueName\":\"search_term_string\"}}],\"inLanguage\":\"es\"},{\"@type\":\"Organization\",\"@id\":\"https:\/\/abaa.mx\/tienda\/#organization\",\"name\":\"Abaa tienda online\",\"url\":\"https:\/\/abaa.mx\/tienda\/\",\"logo\":{\"@type\":\"ImageObject\",\"inLanguage\":\"es\",\"@id\":\"https:\/\/abaa.mx\/tienda\/#\/schema\/logo\/image\/\",\"url\":\"https:\/\/abaa.mx\/tienda\/wp-content\/uploads\/2024\/01\/abaa-metrologia-tienda.png\",\"contentUrl\":\"https:\/\/abaa.mx\/tienda\/wp-content\/uploads\/2024\/01\/abaa-metrologia-tienda.png\",\"width\":300,\"height\":141,\"caption\":\"Abaa tienda online\"},\"image\":{\"@id\":\"https:\/\/abaa.mx\/tienda\/#\/schema\/logo\/image\/\"}}]}<\/script>\n<!-- \/ Yoast SEO plugin. -->","yoast_head_json":{"title":"Dwyer dm-1112 digimag medidor de presi\u00f3n diferencial y flujo (0-100 \"w.c.) - Abaa tienda online","robots":{"index":"index","follow":"follow","max-snippet":"max-snippet:-1","max-image-preview":"max-image-preview:large","max-video-preview":"max-video-preview:-1"},"canonical":"https:\/\/abaa.mx\/tienda\/dwyer-dm-1112-digimag-medidor-de-presion-diferencial-y-flujo-0-100-w-c\/","og_locale":"es_MX","og_type":"article","og_title":"Dwyer dm-1112 digimag medidor de presi\u00f3n diferencial y flujo (0-100 \"w.c.) - Abaa tienda online","og_description":"Rango de 0-100\" w.c. Resoluci\u00f3n de 0.100 w.c.  Los medidores digitales de presi\u00f3n diferencial y flujo DigiMag serie DM-1000 monitorean la presi\u00f3n del aire y los gases compatibles al igual que su famoso predecesor anal\u00f3gico, el medidor de presi\u00f3n diferencial magneh\u00e9lico. Todos los modelos est\u00e1n calibrados de f\u00e1brica para rangos espec\u00edficos. La pantalla LCD de 4 d\u00edgitos puede mostrar lecturas en ingl\u00e9s com\u00fan y unidades m\u00e9tricas, por lo que las conversiones no son necesarias. La operaci\u00f3n simplificada de cuatro botones reduce el tiempo de configuraci\u00f3n y simplifica la calibraci\u00f3n con su pulsador digital cero y span.","og_url":"https:\/\/abaa.mx\/tienda\/dwyer-dm-1112-digimag-medidor-de-presion-diferencial-y-flujo-0-100-w-c\/","og_site_name":"Abaa tienda online","article_modified_time":"2023-12-06T18:00:52+00:00","og_image":[{"width":270,"height":270,"url":"https:\/\/abaa.mx\/tienda\/wp-content\/uploads\/2023\/09\/DM-1112.jpg","type":"image\/jpeg"}],"twitter_card":"summary_large_image","twitter_misc":{"Tiempo de lectura":"4 minutos"},"schema":{"@context":"https:\/\/schema.org","@graph":[{"@type":"WebPage","@id":"https:\/\/abaa.mx\/tienda\/dwyer-dm-1112-digimag-medidor-de-presion-diferencial-y-flujo-0-100-w-c\/","url":"https:\/\/abaa.mx\/tienda\/dwyer-dm-1112-digimag-medidor-de-presion-diferencial-y-flujo-0-100-w-c\/","name":"Dwyer dm-1112 digimag medidor de presi\u00f3n diferencial y flujo (0-100 \"w.c.) - Abaa tienda online","isPartOf":{"@id":"https:\/\/abaa.mx\/tienda\/#website"},"primaryImageOfPage":{"@id":"https:\/\/abaa.mx\/tienda\/dwyer-dm-1112-digimag-medidor-de-presion-diferencial-y-flujo-0-100-w-c\/#primaryimage"},"image":{"@id":"https:\/\/abaa.mx\/tienda\/dwyer-dm-1112-digimag-medidor-de-presion-diferencial-y-flujo-0-100-w-c\/#primaryimage"},"thumbnailUrl":"https:\/\/abaa.mx\/tienda\/wp-content\/uploads\/2023\/09\/DM-1112.jpg","datePublished":"2023-09-28T17:18:34+00:00","dateModified":"2023-12-06T18:00:52+00:00","breadcrumb":{"@id":"https:\/\/abaa.mx\/tienda\/dwyer-dm-1112-digimag-medidor-de-presion-diferencial-y-flujo-0-100-w-c\/#breadcrumb"},"inLanguage":"es","potentialAction":[{"@type":"ReadAction","target":["https:\/\/abaa.mx\/tienda\/dwyer-dm-1112-digimag-medidor-de-presion-diferencial-y-flujo-0-100-w-c\/"]}]},{"@type":"ImageObject","inLanguage":"es","@id":"https:\/\/abaa.mx\/tienda\/dwyer-dm-1112-digimag-medidor-de-presion-diferencial-y-flujo-0-100-w-c\/#primaryimage","url":"https:\/\/abaa.mx\/tienda\/wp-content\/uploads\/2023\/09\/DM-1112.jpg","contentUrl":"https:\/\/abaa.mx\/tienda\/wp-content\/uploads\/2023\/09\/DM-1112.jpg","width":270,"height":270,"caption":"DM-1112"},{"@type":"BreadcrumbList","@id":"https:\/\/abaa.mx\/tienda\/dwyer-dm-1112-digimag-medidor-de-presion-diferencial-y-flujo-0-100-w-c\/#breadcrumb","itemListElement":[{"@type":"ListItem","position":1,"name":"Inicio","item":"https:\/\/abaa.mx\/tienda\/"},{"@type":"ListItem","position":2,"name":"Tienda","item":"https:\/\/abaa.mx\/tienda\/"},{"@type":"ListItem","position":3,"name":"Dwyer dm-1112 digimag medidor de presi\u00f3n diferencial y flujo (0-100 &#8220;w.c.)"}]},{"@type":"WebSite","@id":"https:\/\/abaa.mx\/tienda\/#website","url":"https:\/\/abaa.mx\/tienda\/","name":"Abaa tienda online","description":"Instrumentos de medici\u00f3n","publisher":{"@id":"https:\/\/abaa.mx\/tienda\/#organization"},"potentialAction":[{"@type":"SearchAction","target":{"@type":"EntryPoint","urlTemplate":"https:\/\/abaa.mx\/tienda\/?s={search_term_string}"},"query-input":{"@type":"PropertyValueSpecification","valueRequired":true,"valueName":"search_term_string"}}],"inLanguage":"es"},{"@type":"Organization","@id":"https:\/\/abaa.mx\/tienda\/#organization","name":"Abaa tienda online","url":"https:\/\/abaa.mx\/tienda\/","logo":{"@type":"ImageObject","inLanguage":"es","@id":"https:\/\/abaa.mx\/tienda\/#\/schema\/logo\/image\/","url":"https:\/\/abaa.mx\/tienda\/wp-content\/uploads\/2024\/01\/abaa-metrologia-tienda.png","contentUrl":"https:\/\/abaa.mx\/tienda\/wp-content\/uploads\/2024\/01\/abaa-metrologia-tienda.png","width":300,"height":141,"caption":"Abaa tienda online"},"image":{"@id":"https:\/\/abaa.mx\/tienda\/#\/schema\/logo\/image\/"}}]}},"_links":{"self":[{"href":"https:\/\/abaa.mx\/tienda\/wp-json\/wp\/v2\/product\/3493","targetHints":{"allow":["GET"]}}],"collection":[{"href":"https:\/\/abaa.mx\/tienda\/wp-json\/wp\/v2\/product"}],"about":[{"href":"https:\/\/abaa.mx\/tienda\/wp-json\/wp\/v2\/types\/product"}],"replies":[{"embeddable":true,"href":"https:\/\/abaa.mx\/tienda\/wp-json\/wp\/v2\/comments?post=3493"}],"wp:featuredmedia":[{"embeddable":true,"href":"https:\/\/abaa.mx\/tienda\/wp-json\/wp\/v2\/media\/3504"}],"wp:attachment":[{"href":"https:\/\/abaa.mx\/tienda\/wp-json\/wp\/v2\/media?parent=3493"}],"wp:term":[{"taxonomy":"product_brand","embeddable":true,"href":"https:\/\/abaa.mx\/tienda\/wp-json\/wp\/v2\/product_brand?post=3493"},{"taxonomy":"product_cat","embeddable":true,"href":"https:\/\/abaa.mx\/tienda\/wp-json\/wp\/v2\/product_cat?post=3493"},{"taxonomy":"product_tag","embeddable":true,"href":"https:\/\/abaa.mx\/tienda\/wp-json\/wp\/v2\/product_tag?post=3493"}],"curies":[{"name":"wp","href":"https:\/\/api.w.org\/{rel}","templated":true}]}}