{"id":3487,"date":"2023-09-28T17:13:21","date_gmt":"2023-09-28T17:13:21","guid":{"rendered":"https:\/\/abaa.mx\/tienda\/?post_type=product&#038;p=3487"},"modified":"2023-12-06T18:01:09","modified_gmt":"2023-12-06T18:01:09","slug":"dwyer-dm-1110-digimag-medidor-de-presion-y-flujo-diferencial-0-25-w-c","status":"publish","type":"product","link":"https:\/\/abaa.mx\/tienda\/dwyer-dm-1110-digimag-medidor-de-presion-y-flujo-diferencial-0-25-w-c\/","title":{"rendered":"Dwyer dm-1110 digimag medidor de presi\u00f3n y flujo diferencial (0-25 &#8220;w.c.)"},"content":{"rendered":"<p class=\"short-description mhide ipad-view-setting\">Rango de 0-25&#8243; w.c. Resoluci\u00f3n de 0.010 w.c.<\/p>\n<h4>Man\u00f3metro digital Dwyer DM-1110 DigiMag con rango de 0 a 25 en w.c.<\/h4>\n<p><strong>El man\u00f3metro digital Dwyer DM-1110 DigiMag tiene un rango de 0-25&#8243; w.c. y con una resoluci\u00f3n de 0.010 w.c.<\/strong><\/p>\n<p><strong>Los medidores digitales de presi\u00f3n diferencial y caudal DIGIMag serie DM-1000<\/strong>&#8221; viudas: 2;&#8221; background-position: inicial inicial; repetici\u00f3n de fondo: inicial inicial; monitoree la presi\u00f3n del aire y los gases compatibles al igual que su famoso predecesor anal\u00f3gico, el man\u00f3metro diferencial magneh\u00e9lico. Todos los modelos est\u00e1n calibrados de f\u00e1brica para rangos espec\u00edficos. La pantalla LCD de 4 d\u00edgitos puede mostrar lecturas en ingl\u00e9s com\u00fan y unidades m\u00e9tricas, por lo que las conversiones no son necesarias. La operaci\u00f3n simplificada de cuatro botones reduce el tiempo de configuraci\u00f3n y simplifica la calibraci\u00f3n con su pulsador digital cero y span.<\/p>\n<p>Los medidores digitales DigiMag son m\u00e1s vers\u00e1tiles que los medidores anal\u00f3gicos con su capacidad de ser programados en campo para seleccionar la presi\u00f3n, la velocidad del aire o la operaci\u00f3n de flujo seg\u00fan el modelo. Los medidores digitales DigiMag tienen una caracter\u00edstica adicional para aplicaciones de filtro donde se puede ingresar un punto de ajuste donde la pantalla parpadear\u00e1 cuando el filtro est\u00e9 sucio, alertando al usuario de que debe ocurrir una acci\u00f3n de mantenimiento.<\/p>\n<p>La programaci\u00f3n de la Serie DM-1000 es f\u00e1cil utilizando la tecla de men\u00fa para acceder a 4 men\u00fas simplificados que proporcionan acceso a, seg\u00fan el modelo: nivel de seguridad; unidades de ingenier\u00eda; Factor K para uso con varios tubos Pitot y sensores de flujo de tama\u00f1o de conducto circular o rectangular para operaci\u00f3n de flujo volum\u00e9trico; punto de ajuste del filtro; ver lecturas de procesos de picos y valles; amortiguaci\u00f3n digital para suavizar aplicaciones de procesos err\u00e1ticos; actualizaci\u00f3n de la pantalla para conservar la vida \u00fatil de la bater\u00eda; Calibraci\u00f3n de campo de cero y span.<\/p>\n<p>Los medidores digitales de presi\u00f3n diferencial y flujo de aire DigiMag de la serie DM-1000 poseen una precisi\u00f3n a escala completa del 1% en rangos de hasta 2 pulgadas y una precisi\u00f3n del 2% hasta el rango muy bajo de 1 pulgada a 0,25 pulgadas en c.c. Los medidores de presi\u00f3n diferencial digitales DigiMag ofrecen versatilidad de potencia al trabajar con una potencia de l\u00ednea de 9-24 VCC o simplemente una bater\u00eda de 9 V. Si utiliza la alimentaci\u00f3n de l\u00ednea y conecta la bater\u00eda de 9V, la bater\u00eda actuar\u00e1 como respaldo si se pierde o interrumpe la alimentaci\u00f3n de la l\u00ednea.<\/p>\n<div class=\"row-fluid\">\n<div class=\"span12 mobile-pricing-box-padding\">\n<form id=\"51683\" accept-charset=\"utf-8\" action=\"https:\/\/www.globaltestsupply.com\/shop\/add\" method=\"post\" name=\"addTocartFunction\">\n<div><\/div>\n<\/form>\n<\/div>\n<\/div>\n","protected":false},"excerpt":{"rendered":"<p class=\"short-description mhide ipad-view-setting\">Rango de 0-25&#8243; w.c. Resoluci\u00f3n de 0.010 w.c.<\/p>\n<p><strong>Los medidores digitales de presi\u00f3n diferencial y caudal DIGIMag serie DM-1000<\/strong>&#8221; viudas: 2;&#8221; background-position: inicial inicial; repetici\u00f3n de fondo: inicial inicial; monitoree la presi\u00f3n del aire y los gases compatibles al igual que su famoso predecesor anal\u00f3gico, el man\u00f3metro diferencial magneh\u00e9lico. Todos los modelos est\u00e1n calibrados de f\u00e1brica para rangos espec\u00edficos. La pantalla LCD de 4 d\u00edgitos puede mostrar lecturas en ingl\u00e9s com\u00fan y unidades m\u00e9tricas, por lo que las conversiones no son necesarias. La operaci\u00f3n simplificada de cuatro botones reduce el tiempo de configuraci\u00f3n y simplifica la calibraci\u00f3n con su pulsador digital cero y span.<\/p>\n<div class=\"row-fluid\">\n<div class=\"span12 mobile-pricing-box-padding\">\n<form id=\"51683\" accept-charset=\"utf-8\" action=\"https:\/\/www.globaltestsupply.com\/shop\/add\" method=\"post\" name=\"addTocartFunction\">\n<div><\/div>\n<\/form>\n<\/div>\n<\/div>\n","protected":false},"featured_media":3495,"comment_status":"open","ping_status":"closed","template":"","meta":{"_joinchat":[]},"product_brand":[],"product_cat":[15],"product_tag":[],"class_list":{"0":"post-3487","1":"product","2":"type-product","3":"status-publish","4":"has-post-thumbnail","6":"product_cat-sin-categorizar","8":"first","9":"instock","10":"shipping-taxable","11":"product-type-simple"},"yoast_head":"<!-- This site is optimized with the Yoast SEO plugin v26.4 - https:\/\/yoast.com\/wordpress\/plugins\/seo\/ -->\n<title>Dwyer dm-1110 digimag medidor de presi\u00f3n y flujo diferencial (0-25 &quot;w.c.) - Abaa tienda online<\/title>\n<meta name=\"robots\" content=\"index, follow, max-snippet:-1, max-image-preview:large, max-video-preview:-1\" \/>\n<link rel=\"canonical\" href=\"https:\/\/abaa.mx\/tienda\/dwyer-dm-1110-digimag-medidor-de-presion-y-flujo-diferencial-0-25-w-c\/\" \/>\n<meta property=\"og:locale\" content=\"es_MX\" \/>\n<meta property=\"og:type\" content=\"article\" \/>\n<meta property=\"og:title\" content=\"Dwyer dm-1110 digimag medidor de presi\u00f3n y flujo diferencial (0-25 &quot;w.c.) - Abaa tienda online\" \/>\n<meta property=\"og:description\" content=\"Rango de 0-25&quot; w.c. Resoluci\u00f3n de 0.010 w.c. Los medidores digitales de presi\u00f3n diferencial y caudal DIGIMag serie DM-1000&quot; viudas: 2;&quot; background-position: inicial inicial; repetici\u00f3n de fondo: inicial inicial; monitoree la presi\u00f3n del aire y los gases compatibles al igual que su famoso predecesor anal\u00f3gico, el man\u00f3metro diferencial magneh\u00e9lico. Todos los modelos est\u00e1n calibrados de f\u00e1brica para rangos espec\u00edficos. La pantalla LCD de 4 d\u00edgitos puede mostrar lecturas en ingl\u00e9s com\u00fan y unidades m\u00e9tricas, por lo que las conversiones no son necesarias. La operaci\u00f3n simplificada de cuatro botones reduce el tiempo de configuraci\u00f3n y simplifica la calibraci\u00f3n con su pulsador digital cero y span.\" \/>\n<meta property=\"og:url\" content=\"https:\/\/abaa.mx\/tienda\/dwyer-dm-1110-digimag-medidor-de-presion-y-flujo-diferencial-0-25-w-c\/\" \/>\n<meta property=\"og:site_name\" content=\"Abaa tienda online\" \/>\n<meta property=\"article:modified_time\" content=\"2023-12-06T18:01:09+00:00\" \/>\n<meta property=\"og:image\" content=\"https:\/\/abaa.mx\/tienda\/wp-content\/uploads\/2023\/09\/DM-1110.jpg\" \/>\n\t<meta property=\"og:image:width\" content=\"270\" \/>\n\t<meta property=\"og:image:height\" content=\"270\" \/>\n\t<meta property=\"og:image:type\" content=\"image\/jpeg\" \/>\n<meta name=\"twitter:card\" content=\"summary_large_image\" \/>\n<meta name=\"twitter:label1\" content=\"Tiempo de lectura\" \/>\n\t<meta name=\"twitter:data1\" content=\"2 minutos\" \/>\n<script type=\"application\/ld+json\" class=\"yoast-schema-graph\">{\"@context\":\"https:\/\/schema.org\",\"@graph\":[{\"@type\":\"WebPage\",\"@id\":\"https:\/\/abaa.mx\/tienda\/dwyer-dm-1110-digimag-medidor-de-presion-y-flujo-diferencial-0-25-w-c\/\",\"url\":\"https:\/\/abaa.mx\/tienda\/dwyer-dm-1110-digimag-medidor-de-presion-y-flujo-diferencial-0-25-w-c\/\",\"name\":\"Dwyer dm-1110 digimag medidor de presi\u00f3n y flujo diferencial (0-25 \\\"w.c.) - Abaa tienda online\",\"isPartOf\":{\"@id\":\"https:\/\/abaa.mx\/tienda\/#website\"},\"primaryImageOfPage\":{\"@id\":\"https:\/\/abaa.mx\/tienda\/dwyer-dm-1110-digimag-medidor-de-presion-y-flujo-diferencial-0-25-w-c\/#primaryimage\"},\"image\":{\"@id\":\"https:\/\/abaa.mx\/tienda\/dwyer-dm-1110-digimag-medidor-de-presion-y-flujo-diferencial-0-25-w-c\/#primaryimage\"},\"thumbnailUrl\":\"https:\/\/abaa.mx\/tienda\/wp-content\/uploads\/2023\/09\/DM-1110.jpg\",\"datePublished\":\"2023-09-28T17:13:21+00:00\",\"dateModified\":\"2023-12-06T18:01:09+00:00\",\"breadcrumb\":{\"@id\":\"https:\/\/abaa.mx\/tienda\/dwyer-dm-1110-digimag-medidor-de-presion-y-flujo-diferencial-0-25-w-c\/#breadcrumb\"},\"inLanguage\":\"es\",\"potentialAction\":[{\"@type\":\"ReadAction\",\"target\":[\"https:\/\/abaa.mx\/tienda\/dwyer-dm-1110-digimag-medidor-de-presion-y-flujo-diferencial-0-25-w-c\/\"]}]},{\"@type\":\"ImageObject\",\"inLanguage\":\"es\",\"@id\":\"https:\/\/abaa.mx\/tienda\/dwyer-dm-1110-digimag-medidor-de-presion-y-flujo-diferencial-0-25-w-c\/#primaryimage\",\"url\":\"https:\/\/abaa.mx\/tienda\/wp-content\/uploads\/2023\/09\/DM-1110.jpg\",\"contentUrl\":\"https:\/\/abaa.mx\/tienda\/wp-content\/uploads\/2023\/09\/DM-1110.jpg\",\"width\":270,\"height\":270,\"caption\":\"DM-1110\"},{\"@type\":\"BreadcrumbList\",\"@id\":\"https:\/\/abaa.mx\/tienda\/dwyer-dm-1110-digimag-medidor-de-presion-y-flujo-diferencial-0-25-w-c\/#breadcrumb\",\"itemListElement\":[{\"@type\":\"ListItem\",\"position\":1,\"name\":\"Inicio\",\"item\":\"https:\/\/abaa.mx\/tienda\/\"},{\"@type\":\"ListItem\",\"position\":2,\"name\":\"Tienda\",\"item\":\"https:\/\/abaa.mx\/tienda\/\"},{\"@type\":\"ListItem\",\"position\":3,\"name\":\"Dwyer dm-1110 digimag medidor de presi\u00f3n y flujo diferencial (0-25 &#8220;w.c.)\"}]},{\"@type\":\"WebSite\",\"@id\":\"https:\/\/abaa.mx\/tienda\/#website\",\"url\":\"https:\/\/abaa.mx\/tienda\/\",\"name\":\"Abaa tienda online\",\"description\":\"Instrumentos de medici\u00f3n\",\"publisher\":{\"@id\":\"https:\/\/abaa.mx\/tienda\/#organization\"},\"potentialAction\":[{\"@type\":\"SearchAction\",\"target\":{\"@type\":\"EntryPoint\",\"urlTemplate\":\"https:\/\/abaa.mx\/tienda\/?s={search_term_string}\"},\"query-input\":{\"@type\":\"PropertyValueSpecification\",\"valueRequired\":true,\"valueName\":\"search_term_string\"}}],\"inLanguage\":\"es\"},{\"@type\":\"Organization\",\"@id\":\"https:\/\/abaa.mx\/tienda\/#organization\",\"name\":\"Abaa tienda online\",\"url\":\"https:\/\/abaa.mx\/tienda\/\",\"logo\":{\"@type\":\"ImageObject\",\"inLanguage\":\"es\",\"@id\":\"https:\/\/abaa.mx\/tienda\/#\/schema\/logo\/image\/\",\"url\":\"https:\/\/abaa.mx\/tienda\/wp-content\/uploads\/2024\/01\/abaa-metrologia-tienda.png\",\"contentUrl\":\"https:\/\/abaa.mx\/tienda\/wp-content\/uploads\/2024\/01\/abaa-metrologia-tienda.png\",\"width\":300,\"height\":141,\"caption\":\"Abaa tienda online\"},\"image\":{\"@id\":\"https:\/\/abaa.mx\/tienda\/#\/schema\/logo\/image\/\"}}]}<\/script>\n<!-- \/ Yoast SEO plugin. -->","yoast_head_json":{"title":"Dwyer dm-1110 digimag medidor de presi\u00f3n y flujo diferencial (0-25 \"w.c.) - Abaa tienda online","robots":{"index":"index","follow":"follow","max-snippet":"max-snippet:-1","max-image-preview":"max-image-preview:large","max-video-preview":"max-video-preview:-1"},"canonical":"https:\/\/abaa.mx\/tienda\/dwyer-dm-1110-digimag-medidor-de-presion-y-flujo-diferencial-0-25-w-c\/","og_locale":"es_MX","og_type":"article","og_title":"Dwyer dm-1110 digimag medidor de presi\u00f3n y flujo diferencial (0-25 \"w.c.) - Abaa tienda online","og_description":"Rango de 0-25\" w.c. Resoluci\u00f3n de 0.010 w.c. Los medidores digitales de presi\u00f3n diferencial y caudal DIGIMag serie DM-1000\" viudas: 2;\" background-position: inicial inicial; repetici\u00f3n de fondo: inicial inicial; monitoree la presi\u00f3n del aire y los gases compatibles al igual que su famoso predecesor anal\u00f3gico, el man\u00f3metro diferencial magneh\u00e9lico. Todos los modelos est\u00e1n calibrados de f\u00e1brica para rangos espec\u00edficos. La pantalla LCD de 4 d\u00edgitos puede mostrar lecturas en ingl\u00e9s com\u00fan y unidades m\u00e9tricas, por lo que las conversiones no son necesarias. La operaci\u00f3n simplificada de cuatro botones reduce el tiempo de configuraci\u00f3n y simplifica la calibraci\u00f3n con su pulsador digital cero y span.","og_url":"https:\/\/abaa.mx\/tienda\/dwyer-dm-1110-digimag-medidor-de-presion-y-flujo-diferencial-0-25-w-c\/","og_site_name":"Abaa tienda online","article_modified_time":"2023-12-06T18:01:09+00:00","og_image":[{"width":270,"height":270,"url":"https:\/\/abaa.mx\/tienda\/wp-content\/uploads\/2023\/09\/DM-1110.jpg","type":"image\/jpeg"}],"twitter_card":"summary_large_image","twitter_misc":{"Tiempo de lectura":"2 minutos"},"schema":{"@context":"https:\/\/schema.org","@graph":[{"@type":"WebPage","@id":"https:\/\/abaa.mx\/tienda\/dwyer-dm-1110-digimag-medidor-de-presion-y-flujo-diferencial-0-25-w-c\/","url":"https:\/\/abaa.mx\/tienda\/dwyer-dm-1110-digimag-medidor-de-presion-y-flujo-diferencial-0-25-w-c\/","name":"Dwyer dm-1110 digimag medidor de presi\u00f3n y flujo diferencial (0-25 \"w.c.) - Abaa tienda online","isPartOf":{"@id":"https:\/\/abaa.mx\/tienda\/#website"},"primaryImageOfPage":{"@id":"https:\/\/abaa.mx\/tienda\/dwyer-dm-1110-digimag-medidor-de-presion-y-flujo-diferencial-0-25-w-c\/#primaryimage"},"image":{"@id":"https:\/\/abaa.mx\/tienda\/dwyer-dm-1110-digimag-medidor-de-presion-y-flujo-diferencial-0-25-w-c\/#primaryimage"},"thumbnailUrl":"https:\/\/abaa.mx\/tienda\/wp-content\/uploads\/2023\/09\/DM-1110.jpg","datePublished":"2023-09-28T17:13:21+00:00","dateModified":"2023-12-06T18:01:09+00:00","breadcrumb":{"@id":"https:\/\/abaa.mx\/tienda\/dwyer-dm-1110-digimag-medidor-de-presion-y-flujo-diferencial-0-25-w-c\/#breadcrumb"},"inLanguage":"es","potentialAction":[{"@type":"ReadAction","target":["https:\/\/abaa.mx\/tienda\/dwyer-dm-1110-digimag-medidor-de-presion-y-flujo-diferencial-0-25-w-c\/"]}]},{"@type":"ImageObject","inLanguage":"es","@id":"https:\/\/abaa.mx\/tienda\/dwyer-dm-1110-digimag-medidor-de-presion-y-flujo-diferencial-0-25-w-c\/#primaryimage","url":"https:\/\/abaa.mx\/tienda\/wp-content\/uploads\/2023\/09\/DM-1110.jpg","contentUrl":"https:\/\/abaa.mx\/tienda\/wp-content\/uploads\/2023\/09\/DM-1110.jpg","width":270,"height":270,"caption":"DM-1110"},{"@type":"BreadcrumbList","@id":"https:\/\/abaa.mx\/tienda\/dwyer-dm-1110-digimag-medidor-de-presion-y-flujo-diferencial-0-25-w-c\/#breadcrumb","itemListElement":[{"@type":"ListItem","position":1,"name":"Inicio","item":"https:\/\/abaa.mx\/tienda\/"},{"@type":"ListItem","position":2,"name":"Tienda","item":"https:\/\/abaa.mx\/tienda\/"},{"@type":"ListItem","position":3,"name":"Dwyer dm-1110 digimag medidor de presi\u00f3n y flujo diferencial (0-25 &#8220;w.c.)"}]},{"@type":"WebSite","@id":"https:\/\/abaa.mx\/tienda\/#website","url":"https:\/\/abaa.mx\/tienda\/","name":"Abaa tienda online","description":"Instrumentos de medici\u00f3n","publisher":{"@id":"https:\/\/abaa.mx\/tienda\/#organization"},"potentialAction":[{"@type":"SearchAction","target":{"@type":"EntryPoint","urlTemplate":"https:\/\/abaa.mx\/tienda\/?s={search_term_string}"},"query-input":{"@type":"PropertyValueSpecification","valueRequired":true,"valueName":"search_term_string"}}],"inLanguage":"es"},{"@type":"Organization","@id":"https:\/\/abaa.mx\/tienda\/#organization","name":"Abaa tienda online","url":"https:\/\/abaa.mx\/tienda\/","logo":{"@type":"ImageObject","inLanguage":"es","@id":"https:\/\/abaa.mx\/tienda\/#\/schema\/logo\/image\/","url":"https:\/\/abaa.mx\/tienda\/wp-content\/uploads\/2024\/01\/abaa-metrologia-tienda.png","contentUrl":"https:\/\/abaa.mx\/tienda\/wp-content\/uploads\/2024\/01\/abaa-metrologia-tienda.png","width":300,"height":141,"caption":"Abaa tienda online"},"image":{"@id":"https:\/\/abaa.mx\/tienda\/#\/schema\/logo\/image\/"}}]}},"_links":{"self":[{"href":"https:\/\/abaa.mx\/tienda\/wp-json\/wp\/v2\/product\/3487","targetHints":{"allow":["GET"]}}],"collection":[{"href":"https:\/\/abaa.mx\/tienda\/wp-json\/wp\/v2\/product"}],"about":[{"href":"https:\/\/abaa.mx\/tienda\/wp-json\/wp\/v2\/types\/product"}],"replies":[{"embeddable":true,"href":"https:\/\/abaa.mx\/tienda\/wp-json\/wp\/v2\/comments?post=3487"}],"wp:featuredmedia":[{"embeddable":true,"href":"https:\/\/abaa.mx\/tienda\/wp-json\/wp\/v2\/media\/3495"}],"wp:attachment":[{"href":"https:\/\/abaa.mx\/tienda\/wp-json\/wp\/v2\/media?parent=3487"}],"wp:term":[{"taxonomy":"product_brand","embeddable":true,"href":"https:\/\/abaa.mx\/tienda\/wp-json\/wp\/v2\/product_brand?post=3487"},{"taxonomy":"product_cat","embeddable":true,"href":"https:\/\/abaa.mx\/tienda\/wp-json\/wp\/v2\/product_cat?post=3487"},{"taxonomy":"product_tag","embeddable":true,"href":"https:\/\/abaa.mx\/tienda\/wp-json\/wp\/v2\/product_tag?post=3487"}],"curies":[{"name":"wp","href":"https:\/\/api.w.org\/{rel}","templated":true}]}}