{"id":3476,"date":"2023-09-28T17:14:54","date_gmt":"2023-09-28T17:14:54","guid":{"rendered":"https:\/\/abaa.mx\/tienda\/?post_type=product&#038;p=3476"},"modified":"2023-12-01T19:58:33","modified_gmt":"2023-12-01T19:58:33","slug":"mitutoyo-505-738-pinza-de-esfera-con-mordazas-con-punta-de-carburo-0-6-0-1-revolucion","status":"publish","type":"product","link":"https:\/\/abaa.mx\/tienda\/mitutoyo-505-738-pinza-de-esfera-con-mordazas-con-punta-de-carburo-0-6-0-1-revolucion\/","title":{"rendered":"Mitutoyo 505-738 pinza de esfera con mordazas con punta de carburo, 0-6&#8243;, 0.1&#8243;-revoluci\u00f3n"},"content":{"rendered":"<h4>Mitutoyo 505-738<\/h4>\n<p>&nbsp;<\/p>\n<h5><strong>Funciones<\/strong><\/h5>\n<ul>\n<li>Una revoluci\u00f3n del dial equivale a 0,1&#8243;<\/li>\n<li>Mordazas con punta de carburo para la medici\u00f3n de OD e ID<\/li>\n<li>La cara proporciona una f\u00e1cil legibilidad<\/li>\n<li>Eliminaci\u00f3n del recubrimiento de esta\u00f1o en superficies deslizantes sin sacrificar la vida \u00fatil<\/li>\n<li>Tornillo de bloqueo para el bisel del dial y para sostener la posici\u00f3n de la mand\u00edbula deslizante<\/li>\n<li>Puede medir OD, ID, profundidad y pasos<\/li>\n<li>Se suministra en una caja de pl\u00e1stico ajustada<\/li>\n<\/ul>\n<h5><strong>Aplicaci\u00f3n<\/strong><\/h5>\n<ul>\n<li>Profundidad<\/li>\n<li>Di\u00e1metro interior<\/li>\n<li>Di\u00e1metro exterior<\/li>\n<li>Paso<\/li>\n<\/ul>\n<h4>Especificaciones<\/h4>\n<table class=\"table table-striped\">\n<tbody>\n<tr>\n<td>Rango de medici\u00f3n<\/td>\n<td>0,0000 a 6&#8243; (0,00 a 152,40 mm)<\/td>\n<\/tr>\n<tr>\n<td>Graduaci\u00f3n de Dial<\/td>\n<td>0.001&#8243;<\/td>\n<\/tr>\n<tr>\n<td>Rango por revoluci\u00f3n<\/td>\n<td>0.100&#8243;<\/td>\n<\/tr>\n<tr>\n<td>Color de la cara del dial<\/td>\n<td>Blanco<\/td>\n<\/tr>\n<tr>\n<td>Longitud de la mand\u00edbula<\/td>\n<td>1 9\/16&#8243;<\/td>\n<\/tr>\n<tr>\n<td>Exactitud<\/td>\n<td>0.0010&#8243;<\/td>\n<\/tr>\n<tr>\n<td>Material de la mand\u00edbula<\/td>\n<td>Con punta de carburo<\/td>\n<\/tr>\n<tr>\n<td>Color de la caja de la esfera<\/td>\n<td>Gris<\/td>\n<\/tr>\n<\/tbody>\n<\/table>\n","protected":false},"excerpt":{"rendered":"<p class=\"short-description mhide ipad-view-setting\">Este Dial Caliper tiene un acabado mejorado en las superficies deslizantes para mayor longevidad, y est\u00e1 dise\u00f1ado para tener un deslizamiento ultra suave y una alta protecci\u00f3n contra golpes. Cuenta con mordazas con punta de carburo para mediciones de OD e ID.<\/p>\n<div class=\"row-fluid\">\n<div class=\"span12 mobile-pricing-box-padding\">\n<form id=\"88442\" accept-charset=\"utf-8\" action=\"https:\/\/www.globaltestsupply.com\/shop\/add\" method=\"post\" name=\"addTocartFunction\">\n<div><\/div>\n<\/form>\n<\/div>\n<\/div>\n","protected":false},"featured_media":3496,"comment_status":"open","ping_status":"closed","template":"","meta":{"_joinchat":[]},"product_brand":[],"product_cat":[15],"product_tag":[],"class_list":{"0":"post-3476","1":"product","2":"type-product","3":"status-publish","4":"has-post-thumbnail","6":"product_cat-sin-categorizar","8":"first","9":"instock","10":"shipping-taxable","11":"product-type-simple"},"yoast_head":"<!-- This site is optimized with the Yoast SEO plugin v26.4 - https:\/\/yoast.com\/wordpress\/plugins\/seo\/ -->\n<title>Mitutoyo 505-738 pinza de esfera con mordazas con punta de carburo, 0-6&quot;, 0.1&quot;-revoluci\u00f3n - Abaa tienda online<\/title>\n<meta name=\"robots\" content=\"index, follow, max-snippet:-1, max-image-preview:large, max-video-preview:-1\" \/>\n<link rel=\"canonical\" href=\"https:\/\/abaa.mx\/tienda\/mitutoyo-505-738-pinza-de-esfera-con-mordazas-con-punta-de-carburo-0-6-0-1-revolucion\/\" \/>\n<meta property=\"og:locale\" content=\"es_MX\" \/>\n<meta property=\"og:type\" content=\"article\" \/>\n<meta property=\"og:title\" content=\"Mitutoyo 505-738 pinza de esfera con mordazas con punta de carburo, 0-6&quot;, 0.1&quot;-revoluci\u00f3n - Abaa tienda online\" \/>\n<meta property=\"og:description\" content=\"Este Dial Caliper tiene un acabado mejorado en las superficies deslizantes para mayor longevidad, y est\u00e1 dise\u00f1ado para tener un deslizamiento ultra suave y una alta protecci\u00f3n contra golpes. Cuenta con mordazas con punta de carburo para mediciones de OD e ID.\" \/>\n<meta property=\"og:url\" content=\"https:\/\/abaa.mx\/tienda\/mitutoyo-505-738-pinza-de-esfera-con-mordazas-con-punta-de-carburo-0-6-0-1-revolucion\/\" \/>\n<meta property=\"og:site_name\" content=\"Abaa tienda online\" \/>\n<meta property=\"article:modified_time\" content=\"2023-12-01T19:58:33+00:00\" \/>\n<meta property=\"og:image\" content=\"https:\/\/abaa.mx\/tienda\/wp-content\/uploads\/2023\/09\/505-738.jpg\" \/>\n\t<meta property=\"og:image:width\" content=\"270\" \/>\n\t<meta property=\"og:image:height\" content=\"500\" \/>\n\t<meta property=\"og:image:type\" content=\"image\/jpeg\" \/>\n<meta name=\"twitter:card\" content=\"summary_large_image\" \/>\n<meta name=\"twitter:label1\" content=\"Tiempo de lectura\" \/>\n\t<meta name=\"twitter:data1\" content=\"1 minuto\" \/>\n<script type=\"application\/ld+json\" class=\"yoast-schema-graph\">{\"@context\":\"https:\/\/schema.org\",\"@graph\":[{\"@type\":\"WebPage\",\"@id\":\"https:\/\/abaa.mx\/tienda\/mitutoyo-505-738-pinza-de-esfera-con-mordazas-con-punta-de-carburo-0-6-0-1-revolucion\/\",\"url\":\"https:\/\/abaa.mx\/tienda\/mitutoyo-505-738-pinza-de-esfera-con-mordazas-con-punta-de-carburo-0-6-0-1-revolucion\/\",\"name\":\"Mitutoyo 505-738 pinza de esfera con mordazas con punta de carburo, 0-6\\\", 0.1\\\"-revoluci\u00f3n - Abaa tienda online\",\"isPartOf\":{\"@id\":\"https:\/\/abaa.mx\/tienda\/#website\"},\"primaryImageOfPage\":{\"@id\":\"https:\/\/abaa.mx\/tienda\/mitutoyo-505-738-pinza-de-esfera-con-mordazas-con-punta-de-carburo-0-6-0-1-revolucion\/#primaryimage\"},\"image\":{\"@id\":\"https:\/\/abaa.mx\/tienda\/mitutoyo-505-738-pinza-de-esfera-con-mordazas-con-punta-de-carburo-0-6-0-1-revolucion\/#primaryimage\"},\"thumbnailUrl\":\"https:\/\/abaa.mx\/tienda\/wp-content\/uploads\/2023\/09\/505-738.jpg\",\"datePublished\":\"2023-09-28T17:14:54+00:00\",\"dateModified\":\"2023-12-01T19:58:33+00:00\",\"breadcrumb\":{\"@id\":\"https:\/\/abaa.mx\/tienda\/mitutoyo-505-738-pinza-de-esfera-con-mordazas-con-punta-de-carburo-0-6-0-1-revolucion\/#breadcrumb\"},\"inLanguage\":\"es\",\"potentialAction\":[{\"@type\":\"ReadAction\",\"target\":[\"https:\/\/abaa.mx\/tienda\/mitutoyo-505-738-pinza-de-esfera-con-mordazas-con-punta-de-carburo-0-6-0-1-revolucion\/\"]}]},{\"@type\":\"ImageObject\",\"inLanguage\":\"es\",\"@id\":\"https:\/\/abaa.mx\/tienda\/mitutoyo-505-738-pinza-de-esfera-con-mordazas-con-punta-de-carburo-0-6-0-1-revolucion\/#primaryimage\",\"url\":\"https:\/\/abaa.mx\/tienda\/wp-content\/uploads\/2023\/09\/505-738.jpg\",\"contentUrl\":\"https:\/\/abaa.mx\/tienda\/wp-content\/uploads\/2023\/09\/505-738.jpg\",\"width\":270,\"height\":500,\"caption\":\"mitutoyo-505-738-pinza-de-esfera-con-mordazas-con-punta-de-carburo-0-6-0-1-revolucion\"},{\"@type\":\"BreadcrumbList\",\"@id\":\"https:\/\/abaa.mx\/tienda\/mitutoyo-505-738-pinza-de-esfera-con-mordazas-con-punta-de-carburo-0-6-0-1-revolucion\/#breadcrumb\",\"itemListElement\":[{\"@type\":\"ListItem\",\"position\":1,\"name\":\"Inicio\",\"item\":\"https:\/\/abaa.mx\/tienda\/\"},{\"@type\":\"ListItem\",\"position\":2,\"name\":\"Tienda\",\"item\":\"https:\/\/abaa.mx\/tienda\/\"},{\"@type\":\"ListItem\",\"position\":3,\"name\":\"Mitutoyo 505-738 pinza de esfera con mordazas con punta de carburo, 0-6&#8243;, 0.1&#8243;-revoluci\u00f3n\"}]},{\"@type\":\"WebSite\",\"@id\":\"https:\/\/abaa.mx\/tienda\/#website\",\"url\":\"https:\/\/abaa.mx\/tienda\/\",\"name\":\"Abaa tienda online\",\"description\":\"Instrumentos de medici\u00f3n\",\"publisher\":{\"@id\":\"https:\/\/abaa.mx\/tienda\/#organization\"},\"potentialAction\":[{\"@type\":\"SearchAction\",\"target\":{\"@type\":\"EntryPoint\",\"urlTemplate\":\"https:\/\/abaa.mx\/tienda\/?s={search_term_string}\"},\"query-input\":{\"@type\":\"PropertyValueSpecification\",\"valueRequired\":true,\"valueName\":\"search_term_string\"}}],\"inLanguage\":\"es\"},{\"@type\":\"Organization\",\"@id\":\"https:\/\/abaa.mx\/tienda\/#organization\",\"name\":\"Abaa tienda online\",\"url\":\"https:\/\/abaa.mx\/tienda\/\",\"logo\":{\"@type\":\"ImageObject\",\"inLanguage\":\"es\",\"@id\":\"https:\/\/abaa.mx\/tienda\/#\/schema\/logo\/image\/\",\"url\":\"https:\/\/abaa.mx\/tienda\/wp-content\/uploads\/2024\/01\/abaa-metrologia-tienda.png\",\"contentUrl\":\"https:\/\/abaa.mx\/tienda\/wp-content\/uploads\/2024\/01\/abaa-metrologia-tienda.png\",\"width\":300,\"height\":141,\"caption\":\"Abaa tienda online\"},\"image\":{\"@id\":\"https:\/\/abaa.mx\/tienda\/#\/schema\/logo\/image\/\"}}]}<\/script>\n<!-- \/ Yoast SEO plugin. -->","yoast_head_json":{"title":"Mitutoyo 505-738 pinza de esfera con mordazas con punta de carburo, 0-6\", 0.1\"-revoluci\u00f3n - Abaa tienda online","robots":{"index":"index","follow":"follow","max-snippet":"max-snippet:-1","max-image-preview":"max-image-preview:large","max-video-preview":"max-video-preview:-1"},"canonical":"https:\/\/abaa.mx\/tienda\/mitutoyo-505-738-pinza-de-esfera-con-mordazas-con-punta-de-carburo-0-6-0-1-revolucion\/","og_locale":"es_MX","og_type":"article","og_title":"Mitutoyo 505-738 pinza de esfera con mordazas con punta de carburo, 0-6\", 0.1\"-revoluci\u00f3n - Abaa tienda online","og_description":"Este Dial Caliper tiene un acabado mejorado en las superficies deslizantes para mayor longevidad, y est\u00e1 dise\u00f1ado para tener un deslizamiento ultra suave y una alta protecci\u00f3n contra golpes. Cuenta con mordazas con punta de carburo para mediciones de OD e ID.","og_url":"https:\/\/abaa.mx\/tienda\/mitutoyo-505-738-pinza-de-esfera-con-mordazas-con-punta-de-carburo-0-6-0-1-revolucion\/","og_site_name":"Abaa tienda online","article_modified_time":"2023-12-01T19:58:33+00:00","og_image":[{"width":270,"height":500,"url":"https:\/\/abaa.mx\/tienda\/wp-content\/uploads\/2023\/09\/505-738.jpg","type":"image\/jpeg"}],"twitter_card":"summary_large_image","twitter_misc":{"Tiempo de lectura":"1 minuto"},"schema":{"@context":"https:\/\/schema.org","@graph":[{"@type":"WebPage","@id":"https:\/\/abaa.mx\/tienda\/mitutoyo-505-738-pinza-de-esfera-con-mordazas-con-punta-de-carburo-0-6-0-1-revolucion\/","url":"https:\/\/abaa.mx\/tienda\/mitutoyo-505-738-pinza-de-esfera-con-mordazas-con-punta-de-carburo-0-6-0-1-revolucion\/","name":"Mitutoyo 505-738 pinza de esfera con mordazas con punta de carburo, 0-6\", 0.1\"-revoluci\u00f3n - Abaa tienda online","isPartOf":{"@id":"https:\/\/abaa.mx\/tienda\/#website"},"primaryImageOfPage":{"@id":"https:\/\/abaa.mx\/tienda\/mitutoyo-505-738-pinza-de-esfera-con-mordazas-con-punta-de-carburo-0-6-0-1-revolucion\/#primaryimage"},"image":{"@id":"https:\/\/abaa.mx\/tienda\/mitutoyo-505-738-pinza-de-esfera-con-mordazas-con-punta-de-carburo-0-6-0-1-revolucion\/#primaryimage"},"thumbnailUrl":"https:\/\/abaa.mx\/tienda\/wp-content\/uploads\/2023\/09\/505-738.jpg","datePublished":"2023-09-28T17:14:54+00:00","dateModified":"2023-12-01T19:58:33+00:00","breadcrumb":{"@id":"https:\/\/abaa.mx\/tienda\/mitutoyo-505-738-pinza-de-esfera-con-mordazas-con-punta-de-carburo-0-6-0-1-revolucion\/#breadcrumb"},"inLanguage":"es","potentialAction":[{"@type":"ReadAction","target":["https:\/\/abaa.mx\/tienda\/mitutoyo-505-738-pinza-de-esfera-con-mordazas-con-punta-de-carburo-0-6-0-1-revolucion\/"]}]},{"@type":"ImageObject","inLanguage":"es","@id":"https:\/\/abaa.mx\/tienda\/mitutoyo-505-738-pinza-de-esfera-con-mordazas-con-punta-de-carburo-0-6-0-1-revolucion\/#primaryimage","url":"https:\/\/abaa.mx\/tienda\/wp-content\/uploads\/2023\/09\/505-738.jpg","contentUrl":"https:\/\/abaa.mx\/tienda\/wp-content\/uploads\/2023\/09\/505-738.jpg","width":270,"height":500,"caption":"mitutoyo-505-738-pinza-de-esfera-con-mordazas-con-punta-de-carburo-0-6-0-1-revolucion"},{"@type":"BreadcrumbList","@id":"https:\/\/abaa.mx\/tienda\/mitutoyo-505-738-pinza-de-esfera-con-mordazas-con-punta-de-carburo-0-6-0-1-revolucion\/#breadcrumb","itemListElement":[{"@type":"ListItem","position":1,"name":"Inicio","item":"https:\/\/abaa.mx\/tienda\/"},{"@type":"ListItem","position":2,"name":"Tienda","item":"https:\/\/abaa.mx\/tienda\/"},{"@type":"ListItem","position":3,"name":"Mitutoyo 505-738 pinza de esfera con mordazas con punta de carburo, 0-6&#8243;, 0.1&#8243;-revoluci\u00f3n"}]},{"@type":"WebSite","@id":"https:\/\/abaa.mx\/tienda\/#website","url":"https:\/\/abaa.mx\/tienda\/","name":"Abaa tienda online","description":"Instrumentos de medici\u00f3n","publisher":{"@id":"https:\/\/abaa.mx\/tienda\/#organization"},"potentialAction":[{"@type":"SearchAction","target":{"@type":"EntryPoint","urlTemplate":"https:\/\/abaa.mx\/tienda\/?s={search_term_string}"},"query-input":{"@type":"PropertyValueSpecification","valueRequired":true,"valueName":"search_term_string"}}],"inLanguage":"es"},{"@type":"Organization","@id":"https:\/\/abaa.mx\/tienda\/#organization","name":"Abaa tienda online","url":"https:\/\/abaa.mx\/tienda\/","logo":{"@type":"ImageObject","inLanguage":"es","@id":"https:\/\/abaa.mx\/tienda\/#\/schema\/logo\/image\/","url":"https:\/\/abaa.mx\/tienda\/wp-content\/uploads\/2024\/01\/abaa-metrologia-tienda.png","contentUrl":"https:\/\/abaa.mx\/tienda\/wp-content\/uploads\/2024\/01\/abaa-metrologia-tienda.png","width":300,"height":141,"caption":"Abaa tienda online"},"image":{"@id":"https:\/\/abaa.mx\/tienda\/#\/schema\/logo\/image\/"}}]}},"_links":{"self":[{"href":"https:\/\/abaa.mx\/tienda\/wp-json\/wp\/v2\/product\/3476","targetHints":{"allow":["GET"]}}],"collection":[{"href":"https:\/\/abaa.mx\/tienda\/wp-json\/wp\/v2\/product"}],"about":[{"href":"https:\/\/abaa.mx\/tienda\/wp-json\/wp\/v2\/types\/product"}],"replies":[{"embeddable":true,"href":"https:\/\/abaa.mx\/tienda\/wp-json\/wp\/v2\/comments?post=3476"}],"wp:featuredmedia":[{"embeddable":true,"href":"https:\/\/abaa.mx\/tienda\/wp-json\/wp\/v2\/media\/3496"}],"wp:attachment":[{"href":"https:\/\/abaa.mx\/tienda\/wp-json\/wp\/v2\/media?parent=3476"}],"wp:term":[{"taxonomy":"product_brand","embeddable":true,"href":"https:\/\/abaa.mx\/tienda\/wp-json\/wp\/v2\/product_brand?post=3476"},{"taxonomy":"product_cat","embeddable":true,"href":"https:\/\/abaa.mx\/tienda\/wp-json\/wp\/v2\/product_cat?post=3476"},{"taxonomy":"product_tag","embeddable":true,"href":"https:\/\/abaa.mx\/tienda\/wp-json\/wp\/v2\/product_tag?post=3476"}],"curies":[{"name":"wp","href":"https:\/\/api.w.org\/{rel}","templated":true}]}}