{"id":3453,"date":"2023-09-28T16:41:36","date_gmt":"2023-09-28T16:41:36","guid":{"rendered":"https:\/\/abaa.mx\/tienda\/?post_type=product&#038;p=3453"},"modified":"2023-09-28T16:41:37","modified_gmt":"2023-09-28T16:41:37","slug":"mitutoyo-293-344-30-series-293-micrometros-a-prueba-de-refrigerante","status":"publish","type":"product","link":"https:\/\/abaa.mx\/tienda\/mitutoyo-293-344-30-series-293-micrometros-a-prueba-de-refrigerante\/","title":{"rendered":"Mitutoyo 293-344-30 series 293 micr\u00f3metros a prueba de refrigerante"},"content":{"rendered":"<h4>Mitutoyo 293-344-30 Series 293 Micr\u00f3metros a prueba de refrigerante<\/h4>\n<ul>\n<li>LCD extra grande<\/li>\n<li>Dos modos de medici\u00f3n, ABS (absoluto) e INC (incremental), para una medici\u00f3n eficiente<\/li>\n<li>Se puede vincular al sistema SPC<\/li>\n<li>Caras de medici\u00f3n con punta de carburo<\/li>\n<li>Funci\u00f3n de ajuste de origen (modo ABS): el valor del punto de origen se puede mostrar con solo tocar el bot\u00f3n ORIGIN<\/li>\n<li>Funci\u00f3n de ajuste a cero (modo INC)<\/li>\n<li>Nivel de protecci\u00f3n IP65 Polvo\/Agua<\/li>\n<\/ul>\n<h5><strong>Especificaciones del producto<\/strong><\/h5>\n<ul>\n<li>Rango 0 in [Min], 0 mm [Min], 1 in [Max], 25.400 mm [Max]<\/li>\n<li>Resoluci\u00f3n (longitud) 0,00005 in, 0,00100 mm<\/li>\n<li>Precisi\u00f3n \u00b1.00005 en<\/li>\n<li>Salida sin SPC<\/li>\n<li>Tipo de pantalla LCD digital\/Vernier<\/li>\n<li>Batt. Vida \u00fatil 1.2 a\u00f1os bajo uso normal<\/li>\n<li>Trinquete del mecanismo del dedal<\/li>\n<li>Sistema de medici\u00f3n pulgada\/m\u00e9trico<\/li>\n<li>Tipo de micr\u00f3metro externo<\/li>\n<\/ul>\n<p>&nbsp;<\/p>\n","protected":false},"excerpt":{"rendered":"<h4>Caracter\u00edsticas<\/h4>\n<ul>\n<li>LCD extra grande<\/li>\n<li>Dos modos de medici\u00f3n, ABS (absoluto) e INC (incremental), para una medici\u00f3n eficiente<\/li>\n<li>Se puede vincular al sistema SPC<\/li>\n<li>Caras de medici\u00f3n con punta de carburo<\/li>\n<li>Funci\u00f3n de ajuste de origen (modo ABS): el valor del punto de origen se puede mostrar con solo tocar el bot\u00f3n ORIGIN<\/li>\n<li>Funci\u00f3n de ajuste a cero (modo INC)<\/li>\n<li>Nivel de protecci\u00f3n IP65 Polvo\/Agua<\/li>\n<\/ul>\n","protected":false},"featured_media":3472,"comment_status":"open","ping_status":"closed","template":"","meta":{"_joinchat":[]},"product_brand":[],"product_cat":[15],"product_tag":[],"class_list":{"0":"post-3453","1":"product","2":"type-product","3":"status-publish","4":"has-post-thumbnail","6":"product_cat-sin-categorizar","8":"first","9":"instock","10":"shipping-taxable","11":"product-type-simple"},"yoast_head":"<!-- This site is optimized with the Yoast SEO plugin v26.4 - https:\/\/yoast.com\/wordpress\/plugins\/seo\/ -->\n<title>Mitutoyo 293-344-30 series 293 micr\u00f3metros a prueba de refrigerante - Abaa tienda online<\/title>\n<meta name=\"robots\" content=\"index, follow, max-snippet:-1, max-image-preview:large, max-video-preview:-1\" \/>\n<link rel=\"canonical\" href=\"https:\/\/abaa.mx\/tienda\/mitutoyo-293-344-30-series-293-micrometros-a-prueba-de-refrigerante\/\" \/>\n<meta property=\"og:locale\" content=\"es_MX\" \/>\n<meta property=\"og:type\" content=\"article\" \/>\n<meta property=\"og:title\" content=\"Mitutoyo 293-344-30 series 293 micr\u00f3metros a prueba de refrigerante - Abaa tienda online\" \/>\n<meta property=\"og:description\" content=\"Caracter\u00edsticas   LCD extra grande  Dos modos de medici\u00f3n, ABS (absoluto) e INC (incremental), para una medici\u00f3n eficiente  Se puede vincular al sistema SPC  Caras de medici\u00f3n con punta de carburo  Funci\u00f3n de ajuste de origen (modo ABS): el valor del punto de origen se puede mostrar con solo tocar el bot\u00f3n ORIGIN  Funci\u00f3n de ajuste a cero (modo INC)  Nivel de protecci\u00f3n IP65 Polvo\/Agua\" \/>\n<meta property=\"og:url\" content=\"https:\/\/abaa.mx\/tienda\/mitutoyo-293-344-30-series-293-micrometros-a-prueba-de-refrigerante\/\" \/>\n<meta property=\"og:site_name\" content=\"Abaa tienda online\" \/>\n<meta property=\"article:modified_time\" content=\"2023-09-28T16:41:37+00:00\" \/>\n<meta property=\"og:image\" content=\"https:\/\/abaa.mx\/tienda\/wp-content\/uploads\/2023\/09\/293-344-30.jpg\" \/>\n\t<meta property=\"og:image:width\" content=\"270\" \/>\n\t<meta property=\"og:image:height\" content=\"500\" \/>\n\t<meta property=\"og:image:type\" content=\"image\/jpeg\" \/>\n<meta name=\"twitter:card\" content=\"summary_large_image\" \/>\n<meta name=\"twitter:label1\" content=\"Tiempo de lectura\" \/>\n\t<meta name=\"twitter:data1\" content=\"1 minuto\" \/>\n<script type=\"application\/ld+json\" class=\"yoast-schema-graph\">{\"@context\":\"https:\/\/schema.org\",\"@graph\":[{\"@type\":\"WebPage\",\"@id\":\"https:\/\/abaa.mx\/tienda\/mitutoyo-293-344-30-series-293-micrometros-a-prueba-de-refrigerante\/\",\"url\":\"https:\/\/abaa.mx\/tienda\/mitutoyo-293-344-30-series-293-micrometros-a-prueba-de-refrigerante\/\",\"name\":\"Mitutoyo 293-344-30 series 293 micr\u00f3metros a prueba de refrigerante - Abaa tienda online\",\"isPartOf\":{\"@id\":\"https:\/\/abaa.mx\/tienda\/#website\"},\"primaryImageOfPage\":{\"@id\":\"https:\/\/abaa.mx\/tienda\/mitutoyo-293-344-30-series-293-micrometros-a-prueba-de-refrigerante\/#primaryimage\"},\"image\":{\"@id\":\"https:\/\/abaa.mx\/tienda\/mitutoyo-293-344-30-series-293-micrometros-a-prueba-de-refrigerante\/#primaryimage\"},\"thumbnailUrl\":\"https:\/\/abaa.mx\/tienda\/wp-content\/uploads\/2023\/09\/293-344-30.jpg\",\"datePublished\":\"2023-09-28T16:41:36+00:00\",\"dateModified\":\"2023-09-28T16:41:37+00:00\",\"breadcrumb\":{\"@id\":\"https:\/\/abaa.mx\/tienda\/mitutoyo-293-344-30-series-293-micrometros-a-prueba-de-refrigerante\/#breadcrumb\"},\"inLanguage\":\"es\",\"potentialAction\":[{\"@type\":\"ReadAction\",\"target\":[\"https:\/\/abaa.mx\/tienda\/mitutoyo-293-344-30-series-293-micrometros-a-prueba-de-refrigerante\/\"]}]},{\"@type\":\"ImageObject\",\"inLanguage\":\"es\",\"@id\":\"https:\/\/abaa.mx\/tienda\/mitutoyo-293-344-30-series-293-micrometros-a-prueba-de-refrigerante\/#primaryimage\",\"url\":\"https:\/\/abaa.mx\/tienda\/wp-content\/uploads\/2023\/09\/293-344-30.jpg\",\"contentUrl\":\"https:\/\/abaa.mx\/tienda\/wp-content\/uploads\/2023\/09\/293-344-30.jpg\",\"width\":270,\"height\":500,\"caption\":\"mitutoyo-293-344-30-series-293-micrometros-a-prueba-de-refrigerante\"},{\"@type\":\"BreadcrumbList\",\"@id\":\"https:\/\/abaa.mx\/tienda\/mitutoyo-293-344-30-series-293-micrometros-a-prueba-de-refrigerante\/#breadcrumb\",\"itemListElement\":[{\"@type\":\"ListItem\",\"position\":1,\"name\":\"Inicio\",\"item\":\"https:\/\/abaa.mx\/tienda\/\"},{\"@type\":\"ListItem\",\"position\":2,\"name\":\"Tienda\",\"item\":\"https:\/\/abaa.mx\/tienda\/\"},{\"@type\":\"ListItem\",\"position\":3,\"name\":\"Mitutoyo 293-344-30 series 293 micr\u00f3metros a prueba de refrigerante\"}]},{\"@type\":\"WebSite\",\"@id\":\"https:\/\/abaa.mx\/tienda\/#website\",\"url\":\"https:\/\/abaa.mx\/tienda\/\",\"name\":\"Abaa tienda online\",\"description\":\"Instrumentos de medici\u00f3n\",\"publisher\":{\"@id\":\"https:\/\/abaa.mx\/tienda\/#organization\"},\"potentialAction\":[{\"@type\":\"SearchAction\",\"target\":{\"@type\":\"EntryPoint\",\"urlTemplate\":\"https:\/\/abaa.mx\/tienda\/?s={search_term_string}\"},\"query-input\":{\"@type\":\"PropertyValueSpecification\",\"valueRequired\":true,\"valueName\":\"search_term_string\"}}],\"inLanguage\":\"es\"},{\"@type\":\"Organization\",\"@id\":\"https:\/\/abaa.mx\/tienda\/#organization\",\"name\":\"Abaa tienda online\",\"url\":\"https:\/\/abaa.mx\/tienda\/\",\"logo\":{\"@type\":\"ImageObject\",\"inLanguage\":\"es\",\"@id\":\"https:\/\/abaa.mx\/tienda\/#\/schema\/logo\/image\/\",\"url\":\"https:\/\/abaa.mx\/tienda\/wp-content\/uploads\/2024\/01\/abaa-metrologia-tienda.png\",\"contentUrl\":\"https:\/\/abaa.mx\/tienda\/wp-content\/uploads\/2024\/01\/abaa-metrologia-tienda.png\",\"width\":300,\"height\":141,\"caption\":\"Abaa tienda online\"},\"image\":{\"@id\":\"https:\/\/abaa.mx\/tienda\/#\/schema\/logo\/image\/\"}}]}<\/script>\n<!-- \/ Yoast SEO plugin. -->","yoast_head_json":{"title":"Mitutoyo 293-344-30 series 293 micr\u00f3metros a prueba de refrigerante - Abaa tienda online","robots":{"index":"index","follow":"follow","max-snippet":"max-snippet:-1","max-image-preview":"max-image-preview:large","max-video-preview":"max-video-preview:-1"},"canonical":"https:\/\/abaa.mx\/tienda\/mitutoyo-293-344-30-series-293-micrometros-a-prueba-de-refrigerante\/","og_locale":"es_MX","og_type":"article","og_title":"Mitutoyo 293-344-30 series 293 micr\u00f3metros a prueba de refrigerante - Abaa tienda online","og_description":"Caracter\u00edsticas   LCD extra grande  Dos modos de medici\u00f3n, ABS (absoluto) e INC (incremental), para una medici\u00f3n eficiente  Se puede vincular al sistema SPC  Caras de medici\u00f3n con punta de carburo  Funci\u00f3n de ajuste de origen (modo ABS): el valor del punto de origen se puede mostrar con solo tocar el bot\u00f3n ORIGIN  Funci\u00f3n de ajuste a cero (modo INC)  Nivel de protecci\u00f3n IP65 Polvo\/Agua","og_url":"https:\/\/abaa.mx\/tienda\/mitutoyo-293-344-30-series-293-micrometros-a-prueba-de-refrigerante\/","og_site_name":"Abaa tienda online","article_modified_time":"2023-09-28T16:41:37+00:00","og_image":[{"width":270,"height":500,"url":"https:\/\/abaa.mx\/tienda\/wp-content\/uploads\/2023\/09\/293-344-30.jpg","type":"image\/jpeg"}],"twitter_card":"summary_large_image","twitter_misc":{"Tiempo de lectura":"1 minuto"},"schema":{"@context":"https:\/\/schema.org","@graph":[{"@type":"WebPage","@id":"https:\/\/abaa.mx\/tienda\/mitutoyo-293-344-30-series-293-micrometros-a-prueba-de-refrigerante\/","url":"https:\/\/abaa.mx\/tienda\/mitutoyo-293-344-30-series-293-micrometros-a-prueba-de-refrigerante\/","name":"Mitutoyo 293-344-30 series 293 micr\u00f3metros a prueba de refrigerante - Abaa tienda online","isPartOf":{"@id":"https:\/\/abaa.mx\/tienda\/#website"},"primaryImageOfPage":{"@id":"https:\/\/abaa.mx\/tienda\/mitutoyo-293-344-30-series-293-micrometros-a-prueba-de-refrigerante\/#primaryimage"},"image":{"@id":"https:\/\/abaa.mx\/tienda\/mitutoyo-293-344-30-series-293-micrometros-a-prueba-de-refrigerante\/#primaryimage"},"thumbnailUrl":"https:\/\/abaa.mx\/tienda\/wp-content\/uploads\/2023\/09\/293-344-30.jpg","datePublished":"2023-09-28T16:41:36+00:00","dateModified":"2023-09-28T16:41:37+00:00","breadcrumb":{"@id":"https:\/\/abaa.mx\/tienda\/mitutoyo-293-344-30-series-293-micrometros-a-prueba-de-refrigerante\/#breadcrumb"},"inLanguage":"es","potentialAction":[{"@type":"ReadAction","target":["https:\/\/abaa.mx\/tienda\/mitutoyo-293-344-30-series-293-micrometros-a-prueba-de-refrigerante\/"]}]},{"@type":"ImageObject","inLanguage":"es","@id":"https:\/\/abaa.mx\/tienda\/mitutoyo-293-344-30-series-293-micrometros-a-prueba-de-refrigerante\/#primaryimage","url":"https:\/\/abaa.mx\/tienda\/wp-content\/uploads\/2023\/09\/293-344-30.jpg","contentUrl":"https:\/\/abaa.mx\/tienda\/wp-content\/uploads\/2023\/09\/293-344-30.jpg","width":270,"height":500,"caption":"mitutoyo-293-344-30-series-293-micrometros-a-prueba-de-refrigerante"},{"@type":"BreadcrumbList","@id":"https:\/\/abaa.mx\/tienda\/mitutoyo-293-344-30-series-293-micrometros-a-prueba-de-refrigerante\/#breadcrumb","itemListElement":[{"@type":"ListItem","position":1,"name":"Inicio","item":"https:\/\/abaa.mx\/tienda\/"},{"@type":"ListItem","position":2,"name":"Tienda","item":"https:\/\/abaa.mx\/tienda\/"},{"@type":"ListItem","position":3,"name":"Mitutoyo 293-344-30 series 293 micr\u00f3metros a prueba de refrigerante"}]},{"@type":"WebSite","@id":"https:\/\/abaa.mx\/tienda\/#website","url":"https:\/\/abaa.mx\/tienda\/","name":"Abaa tienda online","description":"Instrumentos de medici\u00f3n","publisher":{"@id":"https:\/\/abaa.mx\/tienda\/#organization"},"potentialAction":[{"@type":"SearchAction","target":{"@type":"EntryPoint","urlTemplate":"https:\/\/abaa.mx\/tienda\/?s={search_term_string}"},"query-input":{"@type":"PropertyValueSpecification","valueRequired":true,"valueName":"search_term_string"}}],"inLanguage":"es"},{"@type":"Organization","@id":"https:\/\/abaa.mx\/tienda\/#organization","name":"Abaa tienda online","url":"https:\/\/abaa.mx\/tienda\/","logo":{"@type":"ImageObject","inLanguage":"es","@id":"https:\/\/abaa.mx\/tienda\/#\/schema\/logo\/image\/","url":"https:\/\/abaa.mx\/tienda\/wp-content\/uploads\/2024\/01\/abaa-metrologia-tienda.png","contentUrl":"https:\/\/abaa.mx\/tienda\/wp-content\/uploads\/2024\/01\/abaa-metrologia-tienda.png","width":300,"height":141,"caption":"Abaa tienda online"},"image":{"@id":"https:\/\/abaa.mx\/tienda\/#\/schema\/logo\/image\/"}}]}},"_links":{"self":[{"href":"https:\/\/abaa.mx\/tienda\/wp-json\/wp\/v2\/product\/3453","targetHints":{"allow":["GET"]}}],"collection":[{"href":"https:\/\/abaa.mx\/tienda\/wp-json\/wp\/v2\/product"}],"about":[{"href":"https:\/\/abaa.mx\/tienda\/wp-json\/wp\/v2\/types\/product"}],"replies":[{"embeddable":true,"href":"https:\/\/abaa.mx\/tienda\/wp-json\/wp\/v2\/comments?post=3453"}],"wp:featuredmedia":[{"embeddable":true,"href":"https:\/\/abaa.mx\/tienda\/wp-json\/wp\/v2\/media\/3472"}],"wp:attachment":[{"href":"https:\/\/abaa.mx\/tienda\/wp-json\/wp\/v2\/media?parent=3453"}],"wp:term":[{"taxonomy":"product_brand","embeddable":true,"href":"https:\/\/abaa.mx\/tienda\/wp-json\/wp\/v2\/product_brand?post=3453"},{"taxonomy":"product_cat","embeddable":true,"href":"https:\/\/abaa.mx\/tienda\/wp-json\/wp\/v2\/product_cat?post=3453"},{"taxonomy":"product_tag","embeddable":true,"href":"https:\/\/abaa.mx\/tienda\/wp-json\/wp\/v2\/product_tag?post=3453"}],"curies":[{"name":"wp","href":"https:\/\/api.w.org\/{rel}","templated":true}]}}