{"id":3452,"date":"2023-09-28T16:41:37","date_gmt":"2023-09-28T16:41:37","guid":{"rendered":"https:\/\/abaa.mx\/tienda\/?post_type=product&#038;p=3452"},"modified":"2023-09-28T16:41:38","modified_gmt":"2023-09-28T16:41:38","slug":"pinza-de-dial-mitutoyo-505-746-de-0-a-12","status":"publish","type":"product","link":"https:\/\/abaa.mx\/tienda\/pinza-de-dial-mitutoyo-505-746-de-0-a-12\/","title":{"rendered":"Pinza de dial mitutoyo 505-746, de 0 a 12&#8243;"},"content":{"rendered":"<h4>Mitutoyo 505-746<\/h4>\n<p>Fiable y precisa, esta pinza proporciona movimiento del dial para una precisi\u00f3n incre\u00edble y una protecci\u00f3n contra golpes altos. Est\u00e1 hecho de acero inoxidable endurecido para un deslizamiento sin esfuerzo y una precisi\u00f3n duradera.<\/p>\n<h5><strong>Funciones<\/strong><\/h5>\n<ul>\n<li>Mide dimensiones externas, dimensiones internas, profundidad y pasos<\/li>\n<li>Revestimiento de nitruro de titanio (TiN) en la superficie deslizante<\/li>\n<li>El tornillo de bloqueo mantiene la medici\u00f3n del dial y la posici\u00f3n de la mand\u00edbula deslizante para obtener una medici\u00f3n precisa<\/li>\n<\/ul>\n<h5><strong>Aplicaciones<\/strong><\/h5>\n<ul>\n<li>Fabricaci\u00f3n general<\/li>\n<li>Aeroespacial<\/li>\n<li>Automotor<\/li>\n<li>Defensa<\/li>\n<li>Electr\u00f3nica<\/li>\n<li>Energ\u00eda<\/li>\n<li>Pl\u00e1sticos y caucho<\/li>\n<\/ul>\n<h4>Especificaciones<\/h4>\n<table class=\"table table-striped\">\n<tbody>\n<tr>\n<td>Gama<\/td>\n<td>0 a 12&#8243;<\/td>\n<\/tr>\n<tr>\n<td>Exactitud<\/td>\n<td>\u00b10,002&#8243;<\/td>\n<\/tr>\n<tr>\n<td>Pitch por revoluci\u00f3n<\/td>\n<td>0.1&#8243;<\/td>\n<\/tr>\n<tr>\n<td>Graduaci\u00f3n<\/td>\n<td>0.001&#8243;<\/td>\n<\/tr>\n<tr>\n<td>Unidades<\/td>\n<td>Pulgada<\/td>\n<\/tr>\n<tr>\n<td>Peso<\/td>\n<td>13,1 onzas (370 g)<\/td>\n<\/tr>\n<\/tbody>\n<\/table>\n","protected":false},"excerpt":{"rendered":"<p class=\"short-description mhide ipad-view-setting\">Dise\u00f1ado para un funcionamiento m\u00e1s suave, una mayor durabilidad y legibilidad, al tiempo que proporciona mediciones de cuatro v\u00edas de alta precisi\u00f3n, este pinza de dial presenta un rango de 0 a 12&#8243;. Adem\u00e1s, el recubrimiento de nitruro de titanio en la superficie deslizante aumenta la resistencia al desgaste, y la esfera ofrece una legibilidad de medici\u00f3n m\u00e1s r\u00e1pida.<\/p>\n<p class=\"comment-tag-product\">\n<div class=\"row-fluid\">\n<div class=\"span12 mobile-pricing-box-padding\">\n<form id=\"88444\" accept-charset=\"utf-8\" action=\"https:\/\/www.globaltestsupply.com\/shop\/add\" method=\"post\" name=\"addTocartFunction\">\n<div><\/div>\n<\/form>\n<\/div>\n<\/div>\n","protected":false},"featured_media":3473,"comment_status":"open","ping_status":"closed","template":"","meta":{"_joinchat":[]},"product_brand":[],"product_cat":[15],"product_tag":[],"class_list":{"0":"post-3452","1":"product","2":"type-product","3":"status-publish","4":"has-post-thumbnail","6":"product_cat-sin-categorizar","8":"first","9":"instock","10":"shipping-taxable","11":"product-type-simple"},"yoast_head":"<!-- This site is optimized with the Yoast SEO plugin v26.4 - https:\/\/yoast.com\/wordpress\/plugins\/seo\/ -->\n<title>Pinza de dial mitutoyo 505-746, de 0 a 12&quot; - Abaa tienda online<\/title>\n<meta name=\"robots\" content=\"index, follow, max-snippet:-1, max-image-preview:large, max-video-preview:-1\" \/>\n<link rel=\"canonical\" href=\"https:\/\/abaa.mx\/tienda\/pinza-de-dial-mitutoyo-505-746-de-0-a-12\/\" \/>\n<meta property=\"og:locale\" content=\"es_MX\" \/>\n<meta property=\"og:type\" content=\"article\" \/>\n<meta property=\"og:title\" content=\"Pinza de dial mitutoyo 505-746, de 0 a 12&quot; - Abaa tienda online\" \/>\n<meta property=\"og:description\" content=\"Dise\u00f1ado para un funcionamiento m\u00e1s suave, una mayor durabilidad y legibilidad, al tiempo que proporciona mediciones de cuatro v\u00edas de alta precisi\u00f3n, este pinza de dial presenta un rango de 0 a 12&quot;. Adem\u00e1s, el recubrimiento de nitruro de titanio en la superficie deslizante aumenta la resistencia al desgaste, y la esfera ofrece una legibilidad de medici\u00f3n m\u00e1s r\u00e1pida.\" \/>\n<meta property=\"og:url\" content=\"https:\/\/abaa.mx\/tienda\/pinza-de-dial-mitutoyo-505-746-de-0-a-12\/\" \/>\n<meta property=\"og:site_name\" content=\"Abaa tienda online\" \/>\n<meta property=\"article:modified_time\" content=\"2023-09-28T16:41:38+00:00\" \/>\n<meta property=\"og:image\" content=\"https:\/\/abaa.mx\/tienda\/wp-content\/uploads\/2023\/09\/505-746.jpg\" \/>\n\t<meta property=\"og:image:width\" content=\"474\" \/>\n\t<meta property=\"og:image:height\" content=\"408\" \/>\n\t<meta property=\"og:image:type\" content=\"image\/jpeg\" \/>\n<meta name=\"twitter:card\" content=\"summary_large_image\" \/>\n<meta name=\"twitter:label1\" content=\"Tiempo de lectura\" \/>\n\t<meta name=\"twitter:data1\" content=\"1 minuto\" \/>\n<script type=\"application\/ld+json\" class=\"yoast-schema-graph\">{\"@context\":\"https:\/\/schema.org\",\"@graph\":[{\"@type\":\"WebPage\",\"@id\":\"https:\/\/abaa.mx\/tienda\/pinza-de-dial-mitutoyo-505-746-de-0-a-12\/\",\"url\":\"https:\/\/abaa.mx\/tienda\/pinza-de-dial-mitutoyo-505-746-de-0-a-12\/\",\"name\":\"Pinza de dial mitutoyo 505-746, de 0 a 12\\\" - Abaa tienda online\",\"isPartOf\":{\"@id\":\"https:\/\/abaa.mx\/tienda\/#website\"},\"primaryImageOfPage\":{\"@id\":\"https:\/\/abaa.mx\/tienda\/pinza-de-dial-mitutoyo-505-746-de-0-a-12\/#primaryimage\"},\"image\":{\"@id\":\"https:\/\/abaa.mx\/tienda\/pinza-de-dial-mitutoyo-505-746-de-0-a-12\/#primaryimage\"},\"thumbnailUrl\":\"https:\/\/abaa.mx\/tienda\/wp-content\/uploads\/2023\/09\/505-746.jpg\",\"datePublished\":\"2023-09-28T16:41:37+00:00\",\"dateModified\":\"2023-09-28T16:41:38+00:00\",\"breadcrumb\":{\"@id\":\"https:\/\/abaa.mx\/tienda\/pinza-de-dial-mitutoyo-505-746-de-0-a-12\/#breadcrumb\"},\"inLanguage\":\"es\",\"potentialAction\":[{\"@type\":\"ReadAction\",\"target\":[\"https:\/\/abaa.mx\/tienda\/pinza-de-dial-mitutoyo-505-746-de-0-a-12\/\"]}]},{\"@type\":\"ImageObject\",\"inLanguage\":\"es\",\"@id\":\"https:\/\/abaa.mx\/tienda\/pinza-de-dial-mitutoyo-505-746-de-0-a-12\/#primaryimage\",\"url\":\"https:\/\/abaa.mx\/tienda\/wp-content\/uploads\/2023\/09\/505-746.jpg\",\"contentUrl\":\"https:\/\/abaa.mx\/tienda\/wp-content\/uploads\/2023\/09\/505-746.jpg\",\"width\":474,\"height\":408,\"caption\":\"pinza-de-dial-mitutoyo-505-746-de-0-a-12\"},{\"@type\":\"BreadcrumbList\",\"@id\":\"https:\/\/abaa.mx\/tienda\/pinza-de-dial-mitutoyo-505-746-de-0-a-12\/#breadcrumb\",\"itemListElement\":[{\"@type\":\"ListItem\",\"position\":1,\"name\":\"Inicio\",\"item\":\"https:\/\/abaa.mx\/tienda\/\"},{\"@type\":\"ListItem\",\"position\":2,\"name\":\"Tienda\",\"item\":\"https:\/\/abaa.mx\/tienda\/\"},{\"@type\":\"ListItem\",\"position\":3,\"name\":\"Pinza de dial mitutoyo 505-746, de 0 a 12&#8243;\"}]},{\"@type\":\"WebSite\",\"@id\":\"https:\/\/abaa.mx\/tienda\/#website\",\"url\":\"https:\/\/abaa.mx\/tienda\/\",\"name\":\"Abaa tienda online\",\"description\":\"Instrumentos de medici\u00f3n\",\"publisher\":{\"@id\":\"https:\/\/abaa.mx\/tienda\/#organization\"},\"potentialAction\":[{\"@type\":\"SearchAction\",\"target\":{\"@type\":\"EntryPoint\",\"urlTemplate\":\"https:\/\/abaa.mx\/tienda\/?s={search_term_string}\"},\"query-input\":{\"@type\":\"PropertyValueSpecification\",\"valueRequired\":true,\"valueName\":\"search_term_string\"}}],\"inLanguage\":\"es\"},{\"@type\":\"Organization\",\"@id\":\"https:\/\/abaa.mx\/tienda\/#organization\",\"name\":\"Abaa tienda online\",\"url\":\"https:\/\/abaa.mx\/tienda\/\",\"logo\":{\"@type\":\"ImageObject\",\"inLanguage\":\"es\",\"@id\":\"https:\/\/abaa.mx\/tienda\/#\/schema\/logo\/image\/\",\"url\":\"https:\/\/abaa.mx\/tienda\/wp-content\/uploads\/2024\/01\/abaa-metrologia-tienda.png\",\"contentUrl\":\"https:\/\/abaa.mx\/tienda\/wp-content\/uploads\/2024\/01\/abaa-metrologia-tienda.png\",\"width\":300,\"height\":141,\"caption\":\"Abaa tienda online\"},\"image\":{\"@id\":\"https:\/\/abaa.mx\/tienda\/#\/schema\/logo\/image\/\"}}]}<\/script>\n<!-- \/ Yoast SEO plugin. -->","yoast_head_json":{"title":"Pinza de dial mitutoyo 505-746, de 0 a 12\" - Abaa tienda online","robots":{"index":"index","follow":"follow","max-snippet":"max-snippet:-1","max-image-preview":"max-image-preview:large","max-video-preview":"max-video-preview:-1"},"canonical":"https:\/\/abaa.mx\/tienda\/pinza-de-dial-mitutoyo-505-746-de-0-a-12\/","og_locale":"es_MX","og_type":"article","og_title":"Pinza de dial mitutoyo 505-746, de 0 a 12\" - Abaa tienda online","og_description":"Dise\u00f1ado para un funcionamiento m\u00e1s suave, una mayor durabilidad y legibilidad, al tiempo que proporciona mediciones de cuatro v\u00edas de alta precisi\u00f3n, este pinza de dial presenta un rango de 0 a 12\". Adem\u00e1s, el recubrimiento de nitruro de titanio en la superficie deslizante aumenta la resistencia al desgaste, y la esfera ofrece una legibilidad de medici\u00f3n m\u00e1s r\u00e1pida.","og_url":"https:\/\/abaa.mx\/tienda\/pinza-de-dial-mitutoyo-505-746-de-0-a-12\/","og_site_name":"Abaa tienda online","article_modified_time":"2023-09-28T16:41:38+00:00","og_image":[{"width":474,"height":408,"url":"https:\/\/abaa.mx\/tienda\/wp-content\/uploads\/2023\/09\/505-746.jpg","type":"image\/jpeg"}],"twitter_card":"summary_large_image","twitter_misc":{"Tiempo de lectura":"1 minuto"},"schema":{"@context":"https:\/\/schema.org","@graph":[{"@type":"WebPage","@id":"https:\/\/abaa.mx\/tienda\/pinza-de-dial-mitutoyo-505-746-de-0-a-12\/","url":"https:\/\/abaa.mx\/tienda\/pinza-de-dial-mitutoyo-505-746-de-0-a-12\/","name":"Pinza de dial mitutoyo 505-746, de 0 a 12\" - Abaa tienda online","isPartOf":{"@id":"https:\/\/abaa.mx\/tienda\/#website"},"primaryImageOfPage":{"@id":"https:\/\/abaa.mx\/tienda\/pinza-de-dial-mitutoyo-505-746-de-0-a-12\/#primaryimage"},"image":{"@id":"https:\/\/abaa.mx\/tienda\/pinza-de-dial-mitutoyo-505-746-de-0-a-12\/#primaryimage"},"thumbnailUrl":"https:\/\/abaa.mx\/tienda\/wp-content\/uploads\/2023\/09\/505-746.jpg","datePublished":"2023-09-28T16:41:37+00:00","dateModified":"2023-09-28T16:41:38+00:00","breadcrumb":{"@id":"https:\/\/abaa.mx\/tienda\/pinza-de-dial-mitutoyo-505-746-de-0-a-12\/#breadcrumb"},"inLanguage":"es","potentialAction":[{"@type":"ReadAction","target":["https:\/\/abaa.mx\/tienda\/pinza-de-dial-mitutoyo-505-746-de-0-a-12\/"]}]},{"@type":"ImageObject","inLanguage":"es","@id":"https:\/\/abaa.mx\/tienda\/pinza-de-dial-mitutoyo-505-746-de-0-a-12\/#primaryimage","url":"https:\/\/abaa.mx\/tienda\/wp-content\/uploads\/2023\/09\/505-746.jpg","contentUrl":"https:\/\/abaa.mx\/tienda\/wp-content\/uploads\/2023\/09\/505-746.jpg","width":474,"height":408,"caption":"pinza-de-dial-mitutoyo-505-746-de-0-a-12"},{"@type":"BreadcrumbList","@id":"https:\/\/abaa.mx\/tienda\/pinza-de-dial-mitutoyo-505-746-de-0-a-12\/#breadcrumb","itemListElement":[{"@type":"ListItem","position":1,"name":"Inicio","item":"https:\/\/abaa.mx\/tienda\/"},{"@type":"ListItem","position":2,"name":"Tienda","item":"https:\/\/abaa.mx\/tienda\/"},{"@type":"ListItem","position":3,"name":"Pinza de dial mitutoyo 505-746, de 0 a 12&#8243;"}]},{"@type":"WebSite","@id":"https:\/\/abaa.mx\/tienda\/#website","url":"https:\/\/abaa.mx\/tienda\/","name":"Abaa tienda online","description":"Instrumentos de medici\u00f3n","publisher":{"@id":"https:\/\/abaa.mx\/tienda\/#organization"},"potentialAction":[{"@type":"SearchAction","target":{"@type":"EntryPoint","urlTemplate":"https:\/\/abaa.mx\/tienda\/?s={search_term_string}"},"query-input":{"@type":"PropertyValueSpecification","valueRequired":true,"valueName":"search_term_string"}}],"inLanguage":"es"},{"@type":"Organization","@id":"https:\/\/abaa.mx\/tienda\/#organization","name":"Abaa tienda online","url":"https:\/\/abaa.mx\/tienda\/","logo":{"@type":"ImageObject","inLanguage":"es","@id":"https:\/\/abaa.mx\/tienda\/#\/schema\/logo\/image\/","url":"https:\/\/abaa.mx\/tienda\/wp-content\/uploads\/2024\/01\/abaa-metrologia-tienda.png","contentUrl":"https:\/\/abaa.mx\/tienda\/wp-content\/uploads\/2024\/01\/abaa-metrologia-tienda.png","width":300,"height":141,"caption":"Abaa tienda online"},"image":{"@id":"https:\/\/abaa.mx\/tienda\/#\/schema\/logo\/image\/"}}]}},"_links":{"self":[{"href":"https:\/\/abaa.mx\/tienda\/wp-json\/wp\/v2\/product\/3452","targetHints":{"allow":["GET"]}}],"collection":[{"href":"https:\/\/abaa.mx\/tienda\/wp-json\/wp\/v2\/product"}],"about":[{"href":"https:\/\/abaa.mx\/tienda\/wp-json\/wp\/v2\/types\/product"}],"replies":[{"embeddable":true,"href":"https:\/\/abaa.mx\/tienda\/wp-json\/wp\/v2\/comments?post=3452"}],"wp:featuredmedia":[{"embeddable":true,"href":"https:\/\/abaa.mx\/tienda\/wp-json\/wp\/v2\/media\/3473"}],"wp:attachment":[{"href":"https:\/\/abaa.mx\/tienda\/wp-json\/wp\/v2\/media?parent=3452"}],"wp:term":[{"taxonomy":"product_brand","embeddable":true,"href":"https:\/\/abaa.mx\/tienda\/wp-json\/wp\/v2\/product_brand?post=3452"},{"taxonomy":"product_cat","embeddable":true,"href":"https:\/\/abaa.mx\/tienda\/wp-json\/wp\/v2\/product_cat?post=3452"},{"taxonomy":"product_tag","embeddable":true,"href":"https:\/\/abaa.mx\/tienda\/wp-json\/wp\/v2\/product_tag?post=3452"}],"curies":[{"name":"wp","href":"https:\/\/api.w.org\/{rel}","templated":true}]}}