{"id":3451,"date":"2023-09-28T16:41:41","date_gmt":"2023-09-28T16:41:41","guid":{"rendered":"https:\/\/abaa.mx\/tienda\/?post_type=product&#038;p=3451"},"modified":"2023-09-28T16:41:42","modified_gmt":"2023-09-28T16:41:42","slug":"mitutoyo-115-153-series-115-micrometros-de-cara-esferica","status":"publish","type":"product","link":"https:\/\/abaa.mx\/tienda\/mitutoyo-115-153-series-115-micrometros-de-cara-esferica\/","title":{"rendered":"Mitutoyo 115-153 series 115 micr\u00f3metros de cara esf\u00e9rica"},"content":{"rendered":"<h4>Mitutoyo 115-153 Series 115 micr\u00f3metros de cara esf\u00e9rica<\/h4>\n<ul>\n<li>\u00datil para medir el grosor de la pared de piezas peque\u00f1as como manguitos, collares, tubos y varias piezas cil\u00edndricas<\/li>\n<li>Se utiliza para medir dimensiones desde el interior de los orificios hasta los bordes exteriores<\/li>\n<li>El yunque esf\u00e9rico contacta con la superficie curva interior proporcionando un solo punto de contacto y permitiendo una medici\u00f3n precisa del grosor de la pared hasta .0001&#8243;<\/li>\n<li>Caras de medici\u00f3n con punta de carburo<\/li>\n<\/ul>\n<h5><strong>Especificaciones del producto<\/strong><\/h5>\n<ul>\n<li>Rango 0 in [Min], 1 in [Max]<\/li>\n<li>Resoluci\u00f3n (longitud) 0.00010 in<\/li>\n<li>Precisi\u00f3n \u00b10.00015 in<\/li>\n<li>Punta de yunque tipo esf\u00e9rica<\/li>\n<li>Di\u00e1mbulo del husillo 1\/2 pulgada<\/li>\n<li>Punta de husillo tipo cil\u00edndrico<\/li>\n<li>Material de la punta Carburo<\/li>\n<li>Tipo de pantalla Vernier<\/li>\n<li>Trinquete del mecanismo del dedal<\/li>\n<li>Sistema de medici\u00f3n en pulgadas<\/li>\n<li>Tipo de micr\u00f3metro externo<\/li>\n<\/ul>\n<p>&nbsp;<\/p>\n","protected":false},"excerpt":{"rendered":"<h4>Caracter\u00edsticas<\/h4>\n<ul>\n<li>\u00datil para medir el grosor de la pared de piezas peque\u00f1as como manguitos, collares, tubos y varias piezas cil\u00edndricas<\/li>\n<li>Se utiliza para medir dimensiones desde el interior de los orificios hasta los bordes exteriores<\/li>\n<li>El yunque esf\u00e9rico contacta con la superficie curva interior proporcionando un solo punto de contacto y permitiendo una medici\u00f3n precisa del grosor de la pared hasta .0001&#8243;<\/li>\n<li>Caras de medici\u00f3n con punta de carburo<\/li>\n<\/ul>\n","protected":false},"featured_media":3474,"comment_status":"open","ping_status":"closed","template":"","meta":{"_joinchat":[]},"product_brand":[],"product_cat":[15],"product_tag":[],"class_list":{"0":"post-3451","1":"product","2":"type-product","3":"status-publish","4":"has-post-thumbnail","6":"product_cat-sin-categorizar","8":"first","9":"instock","10":"shipping-taxable","11":"product-type-simple"},"yoast_head":"<!-- This site is optimized with the Yoast SEO plugin v26.4 - https:\/\/yoast.com\/wordpress\/plugins\/seo\/ -->\n<title>Mitutoyo 115-153 series 115 micr\u00f3metros de cara esf\u00e9rica - Abaa tienda online<\/title>\n<meta name=\"robots\" content=\"index, follow, max-snippet:-1, max-image-preview:large, max-video-preview:-1\" \/>\n<link rel=\"canonical\" href=\"https:\/\/abaa.mx\/tienda\/mitutoyo-115-153-series-115-micrometros-de-cara-esferica\/\" \/>\n<meta property=\"og:locale\" content=\"es_MX\" \/>\n<meta property=\"og:type\" content=\"article\" \/>\n<meta property=\"og:title\" content=\"Mitutoyo 115-153 series 115 micr\u00f3metros de cara esf\u00e9rica - Abaa tienda online\" \/>\n<meta property=\"og:description\" content=\"Caracter\u00edsticas   \u00datil para medir el grosor de la pared de piezas peque\u00f1as como manguitos, collares, tubos y varias piezas cil\u00edndricas  Se utiliza para medir dimensiones desde el interior de los orificios hasta los bordes exteriores  El yunque esf\u00e9rico contacta con la superficie curva interior proporcionando un solo punto de contacto y permitiendo una medici\u00f3n precisa del grosor de la pared hasta .0001&quot;  Caras de medici\u00f3n con punta de carburo\" \/>\n<meta property=\"og:url\" content=\"https:\/\/abaa.mx\/tienda\/mitutoyo-115-153-series-115-micrometros-de-cara-esferica\/\" \/>\n<meta property=\"og:site_name\" content=\"Abaa tienda online\" \/>\n<meta property=\"article:modified_time\" content=\"2023-09-28T16:41:42+00:00\" \/>\n<meta property=\"og:image\" content=\"https:\/\/abaa.mx\/tienda\/wp-content\/uploads\/2023\/09\/115-153.jpg\" \/>\n\t<meta property=\"og:image:width\" content=\"270\" \/>\n\t<meta property=\"og:image:height\" content=\"500\" \/>\n\t<meta property=\"og:image:type\" content=\"image\/jpeg\" \/>\n<meta name=\"twitter:card\" content=\"summary_large_image\" \/>\n<meta name=\"twitter:label1\" content=\"Tiempo de lectura\" \/>\n\t<meta name=\"twitter:data1\" content=\"1 minuto\" \/>\n<script type=\"application\/ld+json\" class=\"yoast-schema-graph\">{\"@context\":\"https:\/\/schema.org\",\"@graph\":[{\"@type\":\"WebPage\",\"@id\":\"https:\/\/abaa.mx\/tienda\/mitutoyo-115-153-series-115-micrometros-de-cara-esferica\/\",\"url\":\"https:\/\/abaa.mx\/tienda\/mitutoyo-115-153-series-115-micrometros-de-cara-esferica\/\",\"name\":\"Mitutoyo 115-153 series 115 micr\u00f3metros de cara esf\u00e9rica - Abaa tienda online\",\"isPartOf\":{\"@id\":\"https:\/\/abaa.mx\/tienda\/#website\"},\"primaryImageOfPage\":{\"@id\":\"https:\/\/abaa.mx\/tienda\/mitutoyo-115-153-series-115-micrometros-de-cara-esferica\/#primaryimage\"},\"image\":{\"@id\":\"https:\/\/abaa.mx\/tienda\/mitutoyo-115-153-series-115-micrometros-de-cara-esferica\/#primaryimage\"},\"thumbnailUrl\":\"https:\/\/abaa.mx\/tienda\/wp-content\/uploads\/2023\/09\/115-153.jpg\",\"datePublished\":\"2023-09-28T16:41:41+00:00\",\"dateModified\":\"2023-09-28T16:41:42+00:00\",\"breadcrumb\":{\"@id\":\"https:\/\/abaa.mx\/tienda\/mitutoyo-115-153-series-115-micrometros-de-cara-esferica\/#breadcrumb\"},\"inLanguage\":\"es\",\"potentialAction\":[{\"@type\":\"ReadAction\",\"target\":[\"https:\/\/abaa.mx\/tienda\/mitutoyo-115-153-series-115-micrometros-de-cara-esferica\/\"]}]},{\"@type\":\"ImageObject\",\"inLanguage\":\"es\",\"@id\":\"https:\/\/abaa.mx\/tienda\/mitutoyo-115-153-series-115-micrometros-de-cara-esferica\/#primaryimage\",\"url\":\"https:\/\/abaa.mx\/tienda\/wp-content\/uploads\/2023\/09\/115-153.jpg\",\"contentUrl\":\"https:\/\/abaa.mx\/tienda\/wp-content\/uploads\/2023\/09\/115-153.jpg\",\"width\":270,\"height\":500,\"caption\":\"mitutoyo-115-153-series-115-micrometros-de-cara-esferica\"},{\"@type\":\"BreadcrumbList\",\"@id\":\"https:\/\/abaa.mx\/tienda\/mitutoyo-115-153-series-115-micrometros-de-cara-esferica\/#breadcrumb\",\"itemListElement\":[{\"@type\":\"ListItem\",\"position\":1,\"name\":\"Inicio\",\"item\":\"https:\/\/abaa.mx\/tienda\/\"},{\"@type\":\"ListItem\",\"position\":2,\"name\":\"Tienda\",\"item\":\"https:\/\/abaa.mx\/tienda\/\"},{\"@type\":\"ListItem\",\"position\":3,\"name\":\"Mitutoyo 115-153 series 115 micr\u00f3metros de cara esf\u00e9rica\"}]},{\"@type\":\"WebSite\",\"@id\":\"https:\/\/abaa.mx\/tienda\/#website\",\"url\":\"https:\/\/abaa.mx\/tienda\/\",\"name\":\"Abaa tienda online\",\"description\":\"Instrumentos de medici\u00f3n\",\"publisher\":{\"@id\":\"https:\/\/abaa.mx\/tienda\/#organization\"},\"potentialAction\":[{\"@type\":\"SearchAction\",\"target\":{\"@type\":\"EntryPoint\",\"urlTemplate\":\"https:\/\/abaa.mx\/tienda\/?s={search_term_string}\"},\"query-input\":{\"@type\":\"PropertyValueSpecification\",\"valueRequired\":true,\"valueName\":\"search_term_string\"}}],\"inLanguage\":\"es\"},{\"@type\":\"Organization\",\"@id\":\"https:\/\/abaa.mx\/tienda\/#organization\",\"name\":\"Abaa tienda online\",\"url\":\"https:\/\/abaa.mx\/tienda\/\",\"logo\":{\"@type\":\"ImageObject\",\"inLanguage\":\"es\",\"@id\":\"https:\/\/abaa.mx\/tienda\/#\/schema\/logo\/image\/\",\"url\":\"https:\/\/abaa.mx\/tienda\/wp-content\/uploads\/2024\/01\/abaa-metrologia-tienda.png\",\"contentUrl\":\"https:\/\/abaa.mx\/tienda\/wp-content\/uploads\/2024\/01\/abaa-metrologia-tienda.png\",\"width\":300,\"height\":141,\"caption\":\"Abaa tienda online\"},\"image\":{\"@id\":\"https:\/\/abaa.mx\/tienda\/#\/schema\/logo\/image\/\"}}]}<\/script>\n<!-- \/ Yoast SEO plugin. -->","yoast_head_json":{"title":"Mitutoyo 115-153 series 115 micr\u00f3metros de cara esf\u00e9rica - Abaa tienda online","robots":{"index":"index","follow":"follow","max-snippet":"max-snippet:-1","max-image-preview":"max-image-preview:large","max-video-preview":"max-video-preview:-1"},"canonical":"https:\/\/abaa.mx\/tienda\/mitutoyo-115-153-series-115-micrometros-de-cara-esferica\/","og_locale":"es_MX","og_type":"article","og_title":"Mitutoyo 115-153 series 115 micr\u00f3metros de cara esf\u00e9rica - Abaa tienda online","og_description":"Caracter\u00edsticas   \u00datil para medir el grosor de la pared de piezas peque\u00f1as como manguitos, collares, tubos y varias piezas cil\u00edndricas  Se utiliza para medir dimensiones desde el interior de los orificios hasta los bordes exteriores  El yunque esf\u00e9rico contacta con la superficie curva interior proporcionando un solo punto de contacto y permitiendo una medici\u00f3n precisa del grosor de la pared hasta .0001\"  Caras de medici\u00f3n con punta de carburo","og_url":"https:\/\/abaa.mx\/tienda\/mitutoyo-115-153-series-115-micrometros-de-cara-esferica\/","og_site_name":"Abaa tienda online","article_modified_time":"2023-09-28T16:41:42+00:00","og_image":[{"width":270,"height":500,"url":"https:\/\/abaa.mx\/tienda\/wp-content\/uploads\/2023\/09\/115-153.jpg","type":"image\/jpeg"}],"twitter_card":"summary_large_image","twitter_misc":{"Tiempo de lectura":"1 minuto"},"schema":{"@context":"https:\/\/schema.org","@graph":[{"@type":"WebPage","@id":"https:\/\/abaa.mx\/tienda\/mitutoyo-115-153-series-115-micrometros-de-cara-esferica\/","url":"https:\/\/abaa.mx\/tienda\/mitutoyo-115-153-series-115-micrometros-de-cara-esferica\/","name":"Mitutoyo 115-153 series 115 micr\u00f3metros de cara esf\u00e9rica - Abaa tienda online","isPartOf":{"@id":"https:\/\/abaa.mx\/tienda\/#website"},"primaryImageOfPage":{"@id":"https:\/\/abaa.mx\/tienda\/mitutoyo-115-153-series-115-micrometros-de-cara-esferica\/#primaryimage"},"image":{"@id":"https:\/\/abaa.mx\/tienda\/mitutoyo-115-153-series-115-micrometros-de-cara-esferica\/#primaryimage"},"thumbnailUrl":"https:\/\/abaa.mx\/tienda\/wp-content\/uploads\/2023\/09\/115-153.jpg","datePublished":"2023-09-28T16:41:41+00:00","dateModified":"2023-09-28T16:41:42+00:00","breadcrumb":{"@id":"https:\/\/abaa.mx\/tienda\/mitutoyo-115-153-series-115-micrometros-de-cara-esferica\/#breadcrumb"},"inLanguage":"es","potentialAction":[{"@type":"ReadAction","target":["https:\/\/abaa.mx\/tienda\/mitutoyo-115-153-series-115-micrometros-de-cara-esferica\/"]}]},{"@type":"ImageObject","inLanguage":"es","@id":"https:\/\/abaa.mx\/tienda\/mitutoyo-115-153-series-115-micrometros-de-cara-esferica\/#primaryimage","url":"https:\/\/abaa.mx\/tienda\/wp-content\/uploads\/2023\/09\/115-153.jpg","contentUrl":"https:\/\/abaa.mx\/tienda\/wp-content\/uploads\/2023\/09\/115-153.jpg","width":270,"height":500,"caption":"mitutoyo-115-153-series-115-micrometros-de-cara-esferica"},{"@type":"BreadcrumbList","@id":"https:\/\/abaa.mx\/tienda\/mitutoyo-115-153-series-115-micrometros-de-cara-esferica\/#breadcrumb","itemListElement":[{"@type":"ListItem","position":1,"name":"Inicio","item":"https:\/\/abaa.mx\/tienda\/"},{"@type":"ListItem","position":2,"name":"Tienda","item":"https:\/\/abaa.mx\/tienda\/"},{"@type":"ListItem","position":3,"name":"Mitutoyo 115-153 series 115 micr\u00f3metros de cara esf\u00e9rica"}]},{"@type":"WebSite","@id":"https:\/\/abaa.mx\/tienda\/#website","url":"https:\/\/abaa.mx\/tienda\/","name":"Abaa tienda online","description":"Instrumentos de medici\u00f3n","publisher":{"@id":"https:\/\/abaa.mx\/tienda\/#organization"},"potentialAction":[{"@type":"SearchAction","target":{"@type":"EntryPoint","urlTemplate":"https:\/\/abaa.mx\/tienda\/?s={search_term_string}"},"query-input":{"@type":"PropertyValueSpecification","valueRequired":true,"valueName":"search_term_string"}}],"inLanguage":"es"},{"@type":"Organization","@id":"https:\/\/abaa.mx\/tienda\/#organization","name":"Abaa tienda online","url":"https:\/\/abaa.mx\/tienda\/","logo":{"@type":"ImageObject","inLanguage":"es","@id":"https:\/\/abaa.mx\/tienda\/#\/schema\/logo\/image\/","url":"https:\/\/abaa.mx\/tienda\/wp-content\/uploads\/2024\/01\/abaa-metrologia-tienda.png","contentUrl":"https:\/\/abaa.mx\/tienda\/wp-content\/uploads\/2024\/01\/abaa-metrologia-tienda.png","width":300,"height":141,"caption":"Abaa tienda online"},"image":{"@id":"https:\/\/abaa.mx\/tienda\/#\/schema\/logo\/image\/"}}]}},"_links":{"self":[{"href":"https:\/\/abaa.mx\/tienda\/wp-json\/wp\/v2\/product\/3451","targetHints":{"allow":["GET"]}}],"collection":[{"href":"https:\/\/abaa.mx\/tienda\/wp-json\/wp\/v2\/product"}],"about":[{"href":"https:\/\/abaa.mx\/tienda\/wp-json\/wp\/v2\/types\/product"}],"replies":[{"embeddable":true,"href":"https:\/\/abaa.mx\/tienda\/wp-json\/wp\/v2\/comments?post=3451"}],"wp:featuredmedia":[{"embeddable":true,"href":"https:\/\/abaa.mx\/tienda\/wp-json\/wp\/v2\/media\/3474"}],"wp:attachment":[{"href":"https:\/\/abaa.mx\/tienda\/wp-json\/wp\/v2\/media?parent=3451"}],"wp:term":[{"taxonomy":"product_brand","embeddable":true,"href":"https:\/\/abaa.mx\/tienda\/wp-json\/wp\/v2\/product_brand?post=3451"},{"taxonomy":"product_cat","embeddable":true,"href":"https:\/\/abaa.mx\/tienda\/wp-json\/wp\/v2\/product_cat?post=3451"},{"taxonomy":"product_tag","embeddable":true,"href":"https:\/\/abaa.mx\/tienda\/wp-json\/wp\/v2\/product_tag?post=3451"}],"curies":[{"name":"wp","href":"https:\/\/api.w.org\/{rel}","templated":true}]}}