{"id":3449,"date":"2023-09-28T16:13:08","date_gmt":"2023-09-28T16:13:08","guid":{"rendered":"https:\/\/abaa.mx\/tienda\/?post_type=product&#038;p=3449"},"modified":"2023-12-06T19:12:23","modified_gmt":"2023-12-06T19:12:23","slug":"dwyer-dhii-007-controlador-de-presion-diferencial-digihelica-10-00w-c","status":"publish","type":"product","link":"https:\/\/abaa.mx\/tienda\/dwyer-dhii-007-controlador-de-presion-diferencial-digihelica-10-00w-c\/","title":{"rendered":"Dwyer dhii-007 controlador de presi\u00f3n diferencial digih\u00e9lica (10.00&#8243;w.c.)"},"content":{"rendered":"<p>Carcasa NEMA 4 (IP66) con LCD grande y brillante, salida de ra\u00edz cuadrada para flujo. La carcasa lo convierte en la opci\u00f3n perfecta cuando se montan controles de presi\u00f3n al aire libre en aplicaciones tales como controladores de aire en la azotea y montaje en superficie en salas limpias o instalaciones donde se utiliza agua o una soluci\u00f3n de limpieza para mantener la limpieza de la planta.<\/p>\n<h4>Dwyer DHII-007 Ofertas<\/h4>\n<p><strong>Funciones<\/strong><\/p>\n<ul>\n<li>La carcasa NEMA 4 permite una amplia gama de usos tanto en exteriores como en interiores donde hay agua presente.<\/li>\n<li>La gran pantalla LCD retroiluminada proporciona lectura local a distancia<\/li>\n<li>Los bloques de terminales desmontables reducen las dificultades de cableado ahorrando tiempo de instalaci\u00f3n<\/li>\n<\/ul>\n<p><strong>Aplicaciones<\/strong><\/p>\n<ul>\n<li>Manejadores de aire<\/li>\n<li>Habitaciones limpias<\/li>\n<\/ul>\n<h4>Dwyer DHII-007 Especificaciones<\/h4>\n<table class=\"table table-striped\">\n<tbody>\n<tr>\n<td>Servicio<\/td>\n<td>Aire y gases no combustibles, compatibles<\/td>\n<\/tr>\n<tr>\n<td>Materiales de la carcasa<\/td>\n<td>Aluminio, vidrio<\/td>\n<\/tr>\n<tr>\n<td>Exactitud<\/td>\n<td>\u00b10.5% a 77\u00b0F (25\u00b0C), incluyendo hist\u00e9resis y repetibilidad (despu\u00e9s de 1 hora de calentamiento)<\/td>\n<\/tr>\n<tr>\n<td>Estabilidad<\/td>\n<td>&lt;\u00b11% anual<\/td>\n<\/tr>\n<tr>\n<td>L\u00edmites de presi\u00f3n<\/td>\n<td>Rangos: \u22642.5 &#8220;w.c. = 2 psi; 5&#8243;: 5 psi; 10&#8243;: 5 psi; 25&#8243;: 5 psi; 50&#8243;: 5 psi, 100&#8221;: 9 psi<\/td>\n<\/tr>\n<tr>\n<td>L\u00edmites de temperatura<\/td>\n<td>32 a 140\u00b0F (0 a 60\u00b0C)<\/td>\n<\/tr>\n<tr>\n<td>L\u00edmites de temperatura compensados<\/td>\n<td>32 a 140\u00b0F (0 a 60\u00b0C)<\/td>\n<\/tr>\n<tr>\n<td>Efectos t\u00e9rmicos<\/td>\n<td>0.020%\/\u00b0F (0.036\/\u00b0C) desde 77\u00b0F (25\u00b0C)<\/td>\n<\/tr>\n<tr>\n<td>Requisitos de alimentaci\u00f3n<\/td>\n<td>Potencia de alto voltaje = 100 a 240 VCA, 50 a 400 Hz o 132 a 240 VCC; Potencia de bajo voltaje = 24 VCC \u00b120%<\/td>\n<\/tr>\n<tr>\n<td>Consumo de energ\u00eda<\/td>\n<td>Potencia de bajo voltaje = 24 VCC &#8211; 130 mA m\u00e1x.; Potencia de alto voltaje = 100 a 240 VCA, 132 a 240 VCC &#8211; 7 VA m\u00e1x.<\/td>\n<\/tr>\n<tr>\n<td>Se\u00f1al de salida<\/td>\n<td>4 a 20 mA CC en 900 \u03a9 m\u00e1x.<\/td>\n<\/tr>\n<tr>\n<td>Ajustes de cero y span<\/td>\n<td>Accesible a trav\u00e9s de men\u00fas<\/td>\n<\/tr>\n<tr>\n<td>Tiempo de respuesta<\/td>\n<td>250 ms (amortiguaci\u00f3n configurada a 1)<\/td>\n<\/tr>\n<tr>\n<td>Monitor<\/td>\n<td>LCD retroiluminada de 4 d\u00edgitos de 0.6&#8243; de altura. Indicadores LED para el punto de ajuste y el estado de alarma<\/td>\n<\/tr>\n<tr>\n<td>Conexiones el\u00e9ctricas<\/td>\n<td>Bloques de terminales extra\u00edbles tipo euro con accesorios de conducto estancos para conductos estancos de 1\/2&#8243;<\/td>\n<\/tr>\n<tr>\n<td>Conexiones de proceso<\/td>\n<td>1\/8&#8243; NPT hembra<\/td>\n<\/tr>\n<tr>\n<td>Clasificaci\u00f3n de la carcasa<\/td>\n<td>Dise\u00f1ado para cumplir con NEMA 4 (IP66)<\/td>\n<\/tr>\n<tr>\n<td>Orientaci\u00f3n de montaje<\/td>\n<td>Unidad de montaje en plano horizontal<\/td>\n<\/tr>\n<tr>\n<td>Peso<\/td>\n<td>2 lbs (1,19 kg)<\/td>\n<\/tr>\n<tr>\n<td>Comunicaciones en serie<\/td>\n<td>Modbus\u00ae RTU, RS485, 9600 baudios<\/td>\n<\/tr>\n<tr>\n<td>Aprobaciones de agencias<\/td>\n<td>CE, UL<\/td>\n<\/tr>\n<tr>\n<td colspan=\"2\"><strong>Interruptor<\/strong><\/td>\n<\/tr>\n<tr>\n<td>Tipo de interruptor<\/td>\n<td>2 rel\u00e9s SPDT<\/td>\n<\/tr>\n<tr>\n<td>Clasificaci\u00f3n el\u00e9ctrica<\/td>\n<td>8 amperios a 240 VCA resistiva<\/td>\n<\/tr>\n<tr>\n<td>Ajuste del punto de ajuste<\/td>\n<td>Ajustable mediante teclado en la cara<\/td>\n<\/tr>\n<\/tbody>\n<\/table>\n","protected":false},"excerpt":{"rendered":"<p>Carcasa NEMA 4 (IP66) con LCD grande y brillante, salida de ra\u00edz cuadrada para flujo. La carcasa lo convierte en la opci\u00f3n perfecta cuando se montan controles de presi\u00f3n al aire libre en aplicaciones tales como controladores de aire en la azotea y montaje en superficie en salas limpias o instalaciones donde se utiliza agua o una soluci\u00f3n de limpieza para mantener la limpieza de la planta.<\/p>\n<h4><\/h4>\n","protected":false},"featured_media":3459,"comment_status":"open","ping_status":"closed","template":"","meta":{"_joinchat":[]},"product_brand":[],"product_cat":[15],"product_tag":[],"class_list":{"0":"post-3449","1":"product","2":"type-product","3":"status-publish","4":"has-post-thumbnail","6":"product_cat-sin-categorizar","8":"first","9":"instock","10":"shipping-taxable","11":"product-type-simple"},"yoast_head":"<!-- This site is optimized with the Yoast SEO plugin v26.4 - https:\/\/yoast.com\/wordpress\/plugins\/seo\/ -->\n<title>Dwyer dhii-007 controlador de presi\u00f3n diferencial digih\u00e9lica (10.00&quot;w.c.) - Abaa tienda online<\/title>\n<meta name=\"robots\" content=\"index, follow, max-snippet:-1, max-image-preview:large, max-video-preview:-1\" \/>\n<link rel=\"canonical\" href=\"https:\/\/abaa.mx\/tienda\/dwyer-dhii-007-controlador-de-presion-diferencial-digihelica-10-00w-c\/\" \/>\n<meta property=\"og:locale\" content=\"es_MX\" \/>\n<meta property=\"og:type\" content=\"article\" \/>\n<meta property=\"og:title\" content=\"Dwyer dhii-007 controlador de presi\u00f3n diferencial digih\u00e9lica (10.00&quot;w.c.) - Abaa tienda online\" \/>\n<meta property=\"og:description\" content=\"Carcasa NEMA 4 (IP66) con LCD grande y brillante, salida de ra\u00edz cuadrada para flujo. La carcasa lo convierte en la opci\u00f3n perfecta cuando se montan controles de presi\u00f3n al aire libre en aplicaciones tales como controladores de aire en la azotea y montaje en superficie en salas limpias o instalaciones donde se utiliza agua o una soluci\u00f3n de limpieza para mantener la limpieza de la planta.\" \/>\n<meta property=\"og:url\" content=\"https:\/\/abaa.mx\/tienda\/dwyer-dhii-007-controlador-de-presion-diferencial-digihelica-10-00w-c\/\" \/>\n<meta property=\"og:site_name\" content=\"Abaa tienda online\" \/>\n<meta property=\"article:modified_time\" content=\"2023-12-06T19:12:23+00:00\" \/>\n<meta property=\"og:image\" content=\"https:\/\/abaa.mx\/tienda\/wp-content\/uploads\/2023\/09\/DHII-007.jpg\" \/>\n\t<meta property=\"og:image:width\" content=\"270\" \/>\n\t<meta property=\"og:image:height\" content=\"270\" \/>\n\t<meta property=\"og:image:type\" content=\"image\/jpeg\" \/>\n<meta name=\"twitter:card\" content=\"summary_large_image\" \/>\n<meta name=\"twitter:label1\" content=\"Tiempo de lectura\" \/>\n\t<meta name=\"twitter:data1\" content=\"2 minutos\" \/>\n<script type=\"application\/ld+json\" class=\"yoast-schema-graph\">{\"@context\":\"https:\/\/schema.org\",\"@graph\":[{\"@type\":\"WebPage\",\"@id\":\"https:\/\/abaa.mx\/tienda\/dwyer-dhii-007-controlador-de-presion-diferencial-digihelica-10-00w-c\/\",\"url\":\"https:\/\/abaa.mx\/tienda\/dwyer-dhii-007-controlador-de-presion-diferencial-digihelica-10-00w-c\/\",\"name\":\"Dwyer dhii-007 controlador de presi\u00f3n diferencial digih\u00e9lica (10.00\\\"w.c.) - Abaa tienda online\",\"isPartOf\":{\"@id\":\"https:\/\/abaa.mx\/tienda\/#website\"},\"primaryImageOfPage\":{\"@id\":\"https:\/\/abaa.mx\/tienda\/dwyer-dhii-007-controlador-de-presion-diferencial-digihelica-10-00w-c\/#primaryimage\"},\"image\":{\"@id\":\"https:\/\/abaa.mx\/tienda\/dwyer-dhii-007-controlador-de-presion-diferencial-digihelica-10-00w-c\/#primaryimage\"},\"thumbnailUrl\":\"https:\/\/abaa.mx\/tienda\/wp-content\/uploads\/2023\/09\/DHII-007.jpg\",\"datePublished\":\"2023-09-28T16:13:08+00:00\",\"dateModified\":\"2023-12-06T19:12:23+00:00\",\"breadcrumb\":{\"@id\":\"https:\/\/abaa.mx\/tienda\/dwyer-dhii-007-controlador-de-presion-diferencial-digihelica-10-00w-c\/#breadcrumb\"},\"inLanguage\":\"es\",\"potentialAction\":[{\"@type\":\"ReadAction\",\"target\":[\"https:\/\/abaa.mx\/tienda\/dwyer-dhii-007-controlador-de-presion-diferencial-digihelica-10-00w-c\/\"]}]},{\"@type\":\"ImageObject\",\"inLanguage\":\"es\",\"@id\":\"https:\/\/abaa.mx\/tienda\/dwyer-dhii-007-controlador-de-presion-diferencial-digihelica-10-00w-c\/#primaryimage\",\"url\":\"https:\/\/abaa.mx\/tienda\/wp-content\/uploads\/2023\/09\/DHII-007.jpg\",\"contentUrl\":\"https:\/\/abaa.mx\/tienda\/wp-content\/uploads\/2023\/09\/DHII-007.jpg\",\"width\":270,\"height\":270,\"caption\":\"DHII-007\"},{\"@type\":\"BreadcrumbList\",\"@id\":\"https:\/\/abaa.mx\/tienda\/dwyer-dhii-007-controlador-de-presion-diferencial-digihelica-10-00w-c\/#breadcrumb\",\"itemListElement\":[{\"@type\":\"ListItem\",\"position\":1,\"name\":\"Inicio\",\"item\":\"https:\/\/abaa.mx\/tienda\/\"},{\"@type\":\"ListItem\",\"position\":2,\"name\":\"Tienda\",\"item\":\"https:\/\/abaa.mx\/tienda\/\"},{\"@type\":\"ListItem\",\"position\":3,\"name\":\"Dwyer dhii-007 controlador de presi\u00f3n diferencial digih\u00e9lica (10.00&#8243;w.c.)\"}]},{\"@type\":\"WebSite\",\"@id\":\"https:\/\/abaa.mx\/tienda\/#website\",\"url\":\"https:\/\/abaa.mx\/tienda\/\",\"name\":\"Abaa tienda online\",\"description\":\"Instrumentos de medici\u00f3n\",\"publisher\":{\"@id\":\"https:\/\/abaa.mx\/tienda\/#organization\"},\"potentialAction\":[{\"@type\":\"SearchAction\",\"target\":{\"@type\":\"EntryPoint\",\"urlTemplate\":\"https:\/\/abaa.mx\/tienda\/?s={search_term_string}\"},\"query-input\":{\"@type\":\"PropertyValueSpecification\",\"valueRequired\":true,\"valueName\":\"search_term_string\"}}],\"inLanguage\":\"es\"},{\"@type\":\"Organization\",\"@id\":\"https:\/\/abaa.mx\/tienda\/#organization\",\"name\":\"Abaa tienda online\",\"url\":\"https:\/\/abaa.mx\/tienda\/\",\"logo\":{\"@type\":\"ImageObject\",\"inLanguage\":\"es\",\"@id\":\"https:\/\/abaa.mx\/tienda\/#\/schema\/logo\/image\/\",\"url\":\"https:\/\/abaa.mx\/tienda\/wp-content\/uploads\/2024\/01\/abaa-metrologia-tienda.png\",\"contentUrl\":\"https:\/\/abaa.mx\/tienda\/wp-content\/uploads\/2024\/01\/abaa-metrologia-tienda.png\",\"width\":300,\"height\":141,\"caption\":\"Abaa tienda online\"},\"image\":{\"@id\":\"https:\/\/abaa.mx\/tienda\/#\/schema\/logo\/image\/\"}}]}<\/script>\n<!-- \/ Yoast SEO plugin. -->","yoast_head_json":{"title":"Dwyer dhii-007 controlador de presi\u00f3n diferencial digih\u00e9lica (10.00\"w.c.) - Abaa tienda online","robots":{"index":"index","follow":"follow","max-snippet":"max-snippet:-1","max-image-preview":"max-image-preview:large","max-video-preview":"max-video-preview:-1"},"canonical":"https:\/\/abaa.mx\/tienda\/dwyer-dhii-007-controlador-de-presion-diferencial-digihelica-10-00w-c\/","og_locale":"es_MX","og_type":"article","og_title":"Dwyer dhii-007 controlador de presi\u00f3n diferencial digih\u00e9lica (10.00\"w.c.) - Abaa tienda online","og_description":"Carcasa NEMA 4 (IP66) con LCD grande y brillante, salida de ra\u00edz cuadrada para flujo. La carcasa lo convierte en la opci\u00f3n perfecta cuando se montan controles de presi\u00f3n al aire libre en aplicaciones tales como controladores de aire en la azotea y montaje en superficie en salas limpias o instalaciones donde se utiliza agua o una soluci\u00f3n de limpieza para mantener la limpieza de la planta.","og_url":"https:\/\/abaa.mx\/tienda\/dwyer-dhii-007-controlador-de-presion-diferencial-digihelica-10-00w-c\/","og_site_name":"Abaa tienda online","article_modified_time":"2023-12-06T19:12:23+00:00","og_image":[{"width":270,"height":270,"url":"https:\/\/abaa.mx\/tienda\/wp-content\/uploads\/2023\/09\/DHII-007.jpg","type":"image\/jpeg"}],"twitter_card":"summary_large_image","twitter_misc":{"Tiempo de lectura":"2 minutos"},"schema":{"@context":"https:\/\/schema.org","@graph":[{"@type":"WebPage","@id":"https:\/\/abaa.mx\/tienda\/dwyer-dhii-007-controlador-de-presion-diferencial-digihelica-10-00w-c\/","url":"https:\/\/abaa.mx\/tienda\/dwyer-dhii-007-controlador-de-presion-diferencial-digihelica-10-00w-c\/","name":"Dwyer dhii-007 controlador de presi\u00f3n diferencial digih\u00e9lica (10.00\"w.c.) - Abaa tienda online","isPartOf":{"@id":"https:\/\/abaa.mx\/tienda\/#website"},"primaryImageOfPage":{"@id":"https:\/\/abaa.mx\/tienda\/dwyer-dhii-007-controlador-de-presion-diferencial-digihelica-10-00w-c\/#primaryimage"},"image":{"@id":"https:\/\/abaa.mx\/tienda\/dwyer-dhii-007-controlador-de-presion-diferencial-digihelica-10-00w-c\/#primaryimage"},"thumbnailUrl":"https:\/\/abaa.mx\/tienda\/wp-content\/uploads\/2023\/09\/DHII-007.jpg","datePublished":"2023-09-28T16:13:08+00:00","dateModified":"2023-12-06T19:12:23+00:00","breadcrumb":{"@id":"https:\/\/abaa.mx\/tienda\/dwyer-dhii-007-controlador-de-presion-diferencial-digihelica-10-00w-c\/#breadcrumb"},"inLanguage":"es","potentialAction":[{"@type":"ReadAction","target":["https:\/\/abaa.mx\/tienda\/dwyer-dhii-007-controlador-de-presion-diferencial-digihelica-10-00w-c\/"]}]},{"@type":"ImageObject","inLanguage":"es","@id":"https:\/\/abaa.mx\/tienda\/dwyer-dhii-007-controlador-de-presion-diferencial-digihelica-10-00w-c\/#primaryimage","url":"https:\/\/abaa.mx\/tienda\/wp-content\/uploads\/2023\/09\/DHII-007.jpg","contentUrl":"https:\/\/abaa.mx\/tienda\/wp-content\/uploads\/2023\/09\/DHII-007.jpg","width":270,"height":270,"caption":"DHII-007"},{"@type":"BreadcrumbList","@id":"https:\/\/abaa.mx\/tienda\/dwyer-dhii-007-controlador-de-presion-diferencial-digihelica-10-00w-c\/#breadcrumb","itemListElement":[{"@type":"ListItem","position":1,"name":"Inicio","item":"https:\/\/abaa.mx\/tienda\/"},{"@type":"ListItem","position":2,"name":"Tienda","item":"https:\/\/abaa.mx\/tienda\/"},{"@type":"ListItem","position":3,"name":"Dwyer dhii-007 controlador de presi\u00f3n diferencial digih\u00e9lica (10.00&#8243;w.c.)"}]},{"@type":"WebSite","@id":"https:\/\/abaa.mx\/tienda\/#website","url":"https:\/\/abaa.mx\/tienda\/","name":"Abaa tienda online","description":"Instrumentos de medici\u00f3n","publisher":{"@id":"https:\/\/abaa.mx\/tienda\/#organization"},"potentialAction":[{"@type":"SearchAction","target":{"@type":"EntryPoint","urlTemplate":"https:\/\/abaa.mx\/tienda\/?s={search_term_string}"},"query-input":{"@type":"PropertyValueSpecification","valueRequired":true,"valueName":"search_term_string"}}],"inLanguage":"es"},{"@type":"Organization","@id":"https:\/\/abaa.mx\/tienda\/#organization","name":"Abaa tienda online","url":"https:\/\/abaa.mx\/tienda\/","logo":{"@type":"ImageObject","inLanguage":"es","@id":"https:\/\/abaa.mx\/tienda\/#\/schema\/logo\/image\/","url":"https:\/\/abaa.mx\/tienda\/wp-content\/uploads\/2024\/01\/abaa-metrologia-tienda.png","contentUrl":"https:\/\/abaa.mx\/tienda\/wp-content\/uploads\/2024\/01\/abaa-metrologia-tienda.png","width":300,"height":141,"caption":"Abaa tienda online"},"image":{"@id":"https:\/\/abaa.mx\/tienda\/#\/schema\/logo\/image\/"}}]}},"_links":{"self":[{"href":"https:\/\/abaa.mx\/tienda\/wp-json\/wp\/v2\/product\/3449","targetHints":{"allow":["GET"]}}],"collection":[{"href":"https:\/\/abaa.mx\/tienda\/wp-json\/wp\/v2\/product"}],"about":[{"href":"https:\/\/abaa.mx\/tienda\/wp-json\/wp\/v2\/types\/product"}],"replies":[{"embeddable":true,"href":"https:\/\/abaa.mx\/tienda\/wp-json\/wp\/v2\/comments?post=3449"}],"wp:featuredmedia":[{"embeddable":true,"href":"https:\/\/abaa.mx\/tienda\/wp-json\/wp\/v2\/media\/3459"}],"wp:attachment":[{"href":"https:\/\/abaa.mx\/tienda\/wp-json\/wp\/v2\/media?parent=3449"}],"wp:term":[{"taxonomy":"product_brand","embeddable":true,"href":"https:\/\/abaa.mx\/tienda\/wp-json\/wp\/v2\/product_brand?post=3449"},{"taxonomy":"product_cat","embeddable":true,"href":"https:\/\/abaa.mx\/tienda\/wp-json\/wp\/v2\/product_cat?post=3449"},{"taxonomy":"product_tag","embeddable":true,"href":"https:\/\/abaa.mx\/tienda\/wp-json\/wp\/v2\/product_tag?post=3449"}],"curies":[{"name":"wp","href":"https:\/\/api.w.org\/{rel}","templated":true}]}}