{"id":3439,"date":"2023-09-27T22:03:59","date_gmt":"2023-09-27T22:03:59","guid":{"rendered":"https:\/\/abaa.mx\/tienda\/?post_type=product&#038;p=3439"},"modified":"2023-11-24T17:18:45","modified_gmt":"2023-11-24T17:18:45","slug":"calibrador-de-proceso-de-documentacion-fluke-754-fpc-con-hart-y-premium-care-de-un-ano","status":"publish","type":"product","link":"https:\/\/abaa.mx\/tienda\/calibrador-de-proceso-de-documentacion-fluke-754-fpc-con-hart-y-premium-care-de-un-ano\/","title":{"rendered":"Calibrador de proceso de documentaci\u00f3n fluke 754-fpc con hart y premium care de un a\u00f1o"},"content":{"rendered":"<p><strong>Fluke 754\/FPC:<\/strong><\/p>\n<p>Al proporcionar resultados confiables, este calibrador de proceso de documentaci\u00f3n monitorea, controla, calibra la instrumentaci\u00f3n HART, registra y almacena los resultados. Proporcione y mida simult\u00e1neamente capacidades y comun\u00edquese a trav\u00e9s de protocolos digitales est\u00e1ndar de la industria.<\/p>\n<p>&nbsp;<\/p>\n<p><strong>Funciones:<\/strong><\/p>\n<ul>\n<li>Multifuncional: calibre la temperatura, la presi\u00f3n, el voltaje, la corriente, la resistencia y la frecuencia; Dado que mide y obtiene, solucione problemas y calibre todo con una herramienta robusta.<\/li>\n<li>Potente, pero f\u00e1cil de usar: la pantalla f\u00e1cil de seguir y basada en men\u00fas le gu\u00eda a trav\u00e9s de cualquier tarea, y las rutinas de calibraci\u00f3n programables le permiten crear y ejecutar procedimientos automatizados seg\u00fan se encuentran\/seg\u00fan la izquierda para garantizar calibraciones r\u00e1pidas y consistentes.<\/li>\n<li>Registra y documenta los resultados: Para admitir ISO-9000 o est\u00e1ndares reglamentarios, captura los resultados de calibraci\u00f3n, eliminando la necesidad de hacer malabares con un bol\u00edgrafo y una almohadilla en el campo, y la interfaz USB le permite transferir los resultados a una PC.<\/li>\n<li>Con\u00e9ctese al software de gesti\u00f3n de calibraci\u00f3n.<\/li>\n<li>Maneja transmisores RTD pulsados r\u00e1pidos y PLC, con pulsos tan cortos como 1 ms.<\/li>\n<li>Mide\/fuente la presi\u00f3n utilizando cualquiera de los 29 m\u00f3dulos de presi\u00f3n 700Pxx de Fluke.<\/li>\n<li>Crea y ejecuta procedimientos automatizados seg\u00fan se encuentran\/seg\u00fan la izquierda para satisfacer programas o regulaciones de calidad, y registra y documenta los resultados.<\/li>\n<li>Contiene hasta una semana completa de procedimientos descargados y resultados de calibraci\u00f3n.<\/li>\n<li>Utiliza muchas funciones como paso autom\u00e1tico, unidades personalizadas, valores ingresados por el usuario durante la prueba, pruebas de interruptores de uno y dos puntos, pruebas de flujo DP de ra\u00edz cuadrada, retardo de medici\u00f3n programable y m\u00e1s.<\/li>\n<li>Proporciona una interfaz multiling\u00fce f\u00e1cil de usar que muestra instrucciones en ingl\u00e9s, franc\u00e9s, alem\u00e1n, espa\u00f1ol e italiano.<\/li>\n<li>Cuenta con una pantalla dual blanca brillante para leer simult\u00e1neamente los par\u00e1metros de origen y medidos.<\/li>\n<li>Verdaderamente port\u00e1til: lo suficientemente peque\u00f1o como para caber f\u00e1cilmente en una bolsa de herramientas y para usar en espacios reducidos, y ejecuta un turno completo en un paquete de bater\u00edas recargables de iones de litio.<\/li>\n<li>Resistente y fiable: la carcasa de uretano sobremoldeada resiste un manejo brusco en entornos industriales.<\/li>\n<li>La pantalla blanca brillante le permite leer los resultados en cualquier tipo de luz, y la luz de fondo tiene tres configuraciones.<\/li>\n<li>Las teclas programables proporcionan acceso con un solo toque a funciones mejoradas como listas de tareas, procedimientos automatizados, escalado, m\u00ednimo\/m\u00e1ximo, paso a paso y rampa, y memoria de revisi\u00f3n.<\/li>\n<li>Tres modos de funcionamiento: Medir, Fuente o Medida\/Fuente simult\u00e1nea permite a los t\u00e9cnicos solucionar problemas, calibrar o mantener la instrumentaci\u00f3n con una sola herramienta.<\/li>\n<li>La capacidad de comunicaci\u00f3n HART integrada le permite programar y controlar la instrumentaci\u00f3n HART.<\/li>\n<li>\u00daselo inmediatamente sin una curva de aprendizaje.<\/li>\n<li>AutoStep permite a los t\u00e9cnicos configurar el calibrador para un inicio retrasado y una secuencia espec\u00edfica de pasos, de modo que pueda ejecutarse sin supervisi\u00f3n como una fuente de prueba que var\u00eda continuamente.<\/li>\n<li>Los valores introducidos por el usuario permiten a los usuarios capturar lecturas medidas u obtenidas por otros dispositivos.<\/li>\n<li>Las unidades personalizadas permiten escalar las lecturas y mostrarlas en cualquier unidad definida por el usuario.<\/li>\n<li>Los procedimientos de calibraci\u00f3n del interruptor realizan una calibraci\u00f3n r\u00e1pida y automatizada de interruptores de uno y dos puntos para voltaje, corriente, temperatura y presi\u00f3n.<\/li>\n<li>Las rutinas de calibraci\u00f3n de instrumentos de flujo de presi\u00f3n diferencial utilizan una funci\u00f3n de ra\u00edz cuadrada para calibrar directamente los instrumentos de flujo DP.<\/li>\n<li>La calculadora algebraica incorporada con cuatro funciones, m\u00e1s la ra\u00edz cuadrada, almacena, recuerda y realiza los c\u00e1lculos necesarios para configurar instrumentos o evaluar datos en el campo; Util\u00edcelo para establecer la funci\u00f3n de origen en un valor calculado.<\/li>\n<li>El retardo de medici\u00f3n programable dentro de los procedimientos automatizados permite calibrar instrumentos que responden lentamente.<\/li>\n<\/ul>\n<p>Ya sea que est\u00e9 calibrando instrumentos, solucionando un problema o ejecutando un mantenimiento de rutina, este calibrador de proceso de documentaci\u00f3n con comunicaci\u00f3n HART puede ayudarlo a realizar el trabajo m\u00e1s r\u00e1pido. Hace tantas tareas diferentes, tan r\u00e1pido y tan bien, que es el \u00fanico calibrador de procesos que necesita llevar. Este calibrador de comunicaci\u00f3n integrado robusto y confiable es ideal para calibrar, mantener y solucionar problemas de HART y otros instrumentos.<\/p>\n<p>Esta unidad es un calibrador de documentaci\u00f3n multifunci\u00f3n de potencia que puede utilizar para descargar procedimientos, listas e instrucciones creadas con software; o cargar datos para imprimirlos, archivarlos y analizarlos. La potente interfaz HART incorporada es capaz de realizar casi todas las tareas diarias que ahora realiza con un comunicador separado.<\/p>\n<p>De hecho, este calibrador hace el trabajo de varias herramientas. Fuente, simula y mide presi\u00f3n, temperatura y se\u00f1ales el\u00e9ctricas con un dispositivo port\u00e1til resistente. Para la documentaci\u00f3n, automatiza los procedimientos de calibraci\u00f3n y captura sus datos y, por supuesto, lo ayuda a cumplir con est\u00e1ndares rigurosos como ISO 9000, FDA, EPA y regulaciones de OSHA. Adem\u00e1s, la pantalla gr\u00e1fica, la bater\u00eda Li-Ion para una vida \u00fatil m\u00e1s larga, el puerto USB y los accesorios lo ayudan a trabajar de manera m\u00e1s inteligente y r\u00e1pida.<\/p>\n<p>&nbsp;<\/p>\n<p><strong>Aplicaciones:<\/strong><\/p>\n<ul>\n<li>Calibraci\u00f3n<\/li>\n<li>Mantenimiento<\/li>\n<li>Soluci\u00f3n de problemas<\/li>\n<\/ul>\n<p>&nbsp;<\/p>\n<h4>Especificaciones de Fluke 754\/FPC<\/h4>\n<table class=\"table table-striped\">\n<tbody>\n<tr>\n<td colspan=\"2\"><strong>Precisi\u00f3n de medici\u00f3n<\/strong><\/td>\n<\/tr>\n<tr>\n<td>Voltaje DC<\/td>\n<td>Rango\/resoluci\u00f3n: 100 mV, 3, 30, 300 V 1 a\u00f1o: 0.02% + 0.005 mV, 0.02% + 0.00005, 0.02% + 0.0005, 0.05% + 0.05 V 2 a\u00f1os: 0.03% + 0.005 mV, 0.03% + 0.00005, 0.03% + 0.0005, 0.07% + 0.05 V<\/td>\n<\/tr>\n<tr>\n<td>Voltaje AC<\/td>\n<td>Rango\/resoluci\u00f3n: 3 V (40 a 500 Hz)\/0,001 V 1 a\u00f1o: 0.5% + 0.002, 0.5% + 0.02, 0.5% + 0.2 V 2 a\u00f1os: 1% + 0.004, 1% + 0.04, 1% + 0.2 V<\/td>\n<\/tr>\n<tr>\n<td>Resistencia<\/td>\n<td>Rango\/resoluci\u00f3n: 10, 100, \u03a9, 1, 10 k\u03a9 1 a\u00f1o: 0.05% + 50, 0.05% + 50, 0.05% + 500 m\u03a9,<br \/>\n0.1% + 10 \u03a9<br \/>\n2 a\u00f1os: 0.07% + 70, 0.07% + 70 m\u03a9, 0.07% + 0.5, 0.15% + 15 \u03a9<\/td>\n<\/tr>\n<tr>\n<td>Frecuencia<\/td>\n<td>Rango\/resoluci\u00f3n: 1 a 110\/0.01, 110.1 a 1100 Hz\/0.1 Hz, 1.101 a 11\/0.001, 11.01 a 50 kHz\/0.01 kHz<br \/>\n2 a\u00f1os: 0.05, 0.5 Hz, 0.0005, 0.05 kHz<\/td>\n<\/tr>\n<tr>\n<td colspan=\"2\"><strong>Precisi\u00f3n de la fuente<\/strong><\/td>\n<\/tr>\n<tr>\n<td>Voltaje DC<\/td>\n<td>Rango\/resoluci\u00f3n: 100 mV, 1, 15 V 1 a\u00f1o: 0.01% + 0.005 mV, 0.01% + 0.00005, 0.01% + 0.0005 V 2 a\u00f1os: 0.015% + 0.005 mV, 0.015% + 0.0005, 0.015% + 0.0005 V<\/td>\n<\/tr>\n<tr>\n<td>DC actual<\/td>\n<td>Rango\/resoluci\u00f3n: 22.000 mA (fuente), Sumidero de corriente (simular)<br \/>\n1 a\u00f1o: 0.01% + 0.003, 0.02% + 0.007 mA 2 a\u00f1os: 0.02% + 0.003, 0.04% + 0.007 mA<\/td>\n<\/tr>\n<tr>\n<td>Resistencia<\/td>\n<td>Rango\/Resoluci\u00f3n: 10, 100 \u03a9, 1, 10 k\u03a9<br \/>\n1 a\u00f1o: 0.01% + 10, 0.01% + 20 m\u03a9, 0.02% + 0.2, 0.02% + 3 \u03a9<br \/>\n2 a\u00f1os: 0.015% + 15, 0.015% + 30 m\u03a9, 0.03% + 0.3, 0.03% + 5 \u03a9<\/td>\n<\/tr>\n<tr>\n<td>Frecuencia<\/td>\n<td>Rango\/resoluci\u00f3n: 0.1 a 10.99, 0.01 a 10.99, 11.00 a 109.99, 110.0 a 1099.9 Hz, 1.100 a 21.999, 22.000 a 50 kHz<br \/>\n2 a\u00f1os: 0.01, 0.01, 0.1, 0.1 Hz, 0.002, 0.005 kHz<\/td>\n<\/tr>\n<tr>\n<td colspan=\"2\"><strong>Especificaciones generales<\/strong><\/td>\n<\/tr>\n<tr>\n<td>Condiciones ambientales<\/td>\n<td>Temperatura de funcionamiento: 14 a 122 \u00b0F (-10 a 50 \u00b0C) Temperatura de almacenamiento: -20 a 140 \u00b0F (-20 a 60 \u00b0C) Resistencia al polvo\/agua: cumple con IP52, IEC 529<br \/>\nAltitud de funcionamiento: 9842&#8242; (3000 m)sobre el nivel medio del mar<\/td>\n<\/tr>\n<tr>\n<td>Aprobaciones de agencias<\/td>\n<td>CAN\/CSA C22.2 No 1010.1-92, ASNI\/ISA S82.01-1994, UL3111 y EN610-1:1993<\/td>\n<\/tr>\n<tr>\n<td>Capacidad de almacenamiento de datos<\/td>\n<td>Una semana de resultados de procedimientos de calibraci\u00f3n<\/td>\n<\/tr>\n<tr>\n<td>Bater\u00eda<\/td>\n<td>Tipo: Bater\u00eda interna Li-ion (7.2 V, 4400 mAh, 30 Wh)<br \/>\nVida: &gt;8 horas t\u00edpica<\/td>\n<\/tr>\n<tr>\n<td>Dimensiones<\/td>\n<td>5,4 x 9,6 x 2,5&#8243; (136 x 245 x 63 mm)<\/td>\n<\/tr>\n<tr>\n<td>Peso<\/td>\n<td>2,7 kg (1,23 lb)<\/td>\n<\/tr>\n<\/tbody>\n<\/table>\n","protected":false},"excerpt":{"rendered":"<p class=\"short-description mhide ipad-view-setting\">Robusto y compacto, este calibrador de proceso de documentaci\u00f3n es potente pero f\u00e1cil de usar, es ideal para solucionar problemas de instrumentaci\u00f3n HART y ofrece funciones de comunicaci\u00f3n y calibraci\u00f3n en una sola herramienta. Adem\u00e1s, mide la presi\u00f3n, la temperatura y las se\u00f1ales el\u00e9ctricas y viene con un plan de atenci\u00f3n premium de un a\u00f1o.<\/p>\n<div class=\"row-fluid\">\n<div class=\"span12 mobile-pricing-box-padding\">\n<form id=\"1189052\" accept-charset=\"utf-8\" action=\"https:\/\/www.globaltestsupply.com\/shop\/add\" method=\"post\" name=\"addTocartFunction\">\n<div><\/div>\n<\/form>\n<\/div>\n<\/div>\n","protected":false},"featured_media":3444,"comment_status":"open","ping_status":"closed","template":"","meta":{"_joinchat":[]},"product_brand":[],"product_cat":[15],"product_tag":[],"class_list":{"0":"post-3439","1":"product","2":"type-product","3":"status-publish","4":"has-post-thumbnail","6":"product_cat-sin-categorizar","8":"first","9":"instock","10":"shipping-taxable","11":"product-type-simple"},"yoast_head":"<!-- This site is optimized with the Yoast SEO plugin v26.4 - https:\/\/yoast.com\/wordpress\/plugins\/seo\/ -->\n<title>Calibrador de proceso de documentaci\u00f3n fluke 754-fpc con hart y premium care de un a\u00f1o - Abaa tienda online<\/title>\n<meta name=\"robots\" content=\"index, follow, max-snippet:-1, max-image-preview:large, max-video-preview:-1\" \/>\n<link rel=\"canonical\" href=\"https:\/\/abaa.mx\/tienda\/calibrador-de-proceso-de-documentacion-fluke-754-fpc-con-hart-y-premium-care-de-un-ano\/\" \/>\n<meta property=\"og:locale\" content=\"es_MX\" \/>\n<meta property=\"og:type\" content=\"article\" \/>\n<meta property=\"og:title\" content=\"Calibrador de proceso de documentaci\u00f3n fluke 754-fpc con hart y premium care de un a\u00f1o - Abaa tienda online\" \/>\n<meta property=\"og:description\" content=\"Robusto y compacto, este calibrador de proceso de documentaci\u00f3n es potente pero f\u00e1cil de usar, es ideal para solucionar problemas de instrumentaci\u00f3n HART y ofrece funciones de comunicaci\u00f3n y calibraci\u00f3n en una sola herramienta. Adem\u00e1s, mide la presi\u00f3n, la temperatura y las se\u00f1ales el\u00e9ctricas y viene con un plan de atenci\u00f3n premium de un a\u00f1o.\" \/>\n<meta property=\"og:url\" content=\"https:\/\/abaa.mx\/tienda\/calibrador-de-proceso-de-documentacion-fluke-754-fpc-con-hart-y-premium-care-de-un-ano\/\" \/>\n<meta property=\"og:site_name\" content=\"Abaa tienda online\" \/>\n<meta property=\"article:modified_time\" content=\"2023-11-24T17:18:45+00:00\" \/>\n<meta property=\"og:image\" content=\"https:\/\/abaa.mx\/tienda\/wp-content\/uploads\/2023\/09\/Fluke_754_Process_Calibrator.jpg\" \/>\n\t<meta property=\"og:image:width\" content=\"557\" \/>\n\t<meta property=\"og:image:height\" content=\"999\" \/>\n\t<meta property=\"og:image:type\" content=\"image\/jpeg\" \/>\n<meta name=\"twitter:card\" content=\"summary_large_image\" \/>\n<meta name=\"twitter:label1\" content=\"Tiempo de lectura\" \/>\n\t<meta name=\"twitter:data1\" content=\"6 minutos\" \/>\n<script type=\"application\/ld+json\" class=\"yoast-schema-graph\">{\"@context\":\"https:\/\/schema.org\",\"@graph\":[{\"@type\":\"WebPage\",\"@id\":\"https:\/\/abaa.mx\/tienda\/calibrador-de-proceso-de-documentacion-fluke-754-fpc-con-hart-y-premium-care-de-un-ano\/\",\"url\":\"https:\/\/abaa.mx\/tienda\/calibrador-de-proceso-de-documentacion-fluke-754-fpc-con-hart-y-premium-care-de-un-ano\/\",\"name\":\"Calibrador de proceso de documentaci\u00f3n fluke 754-fpc con hart y premium care de un a\u00f1o - Abaa tienda online\",\"isPartOf\":{\"@id\":\"https:\/\/abaa.mx\/tienda\/#website\"},\"primaryImageOfPage\":{\"@id\":\"https:\/\/abaa.mx\/tienda\/calibrador-de-proceso-de-documentacion-fluke-754-fpc-con-hart-y-premium-care-de-un-ano\/#primaryimage\"},\"image\":{\"@id\":\"https:\/\/abaa.mx\/tienda\/calibrador-de-proceso-de-documentacion-fluke-754-fpc-con-hart-y-premium-care-de-un-ano\/#primaryimage\"},\"thumbnailUrl\":\"https:\/\/abaa.mx\/tienda\/wp-content\/uploads\/2023\/09\/Fluke_754_Process_Calibrator.jpg\",\"datePublished\":\"2023-09-27T22:03:59+00:00\",\"dateModified\":\"2023-11-24T17:18:45+00:00\",\"breadcrumb\":{\"@id\":\"https:\/\/abaa.mx\/tienda\/calibrador-de-proceso-de-documentacion-fluke-754-fpc-con-hart-y-premium-care-de-un-ano\/#breadcrumb\"},\"inLanguage\":\"es\",\"potentialAction\":[{\"@type\":\"ReadAction\",\"target\":[\"https:\/\/abaa.mx\/tienda\/calibrador-de-proceso-de-documentacion-fluke-754-fpc-con-hart-y-premium-care-de-un-ano\/\"]}]},{\"@type\":\"ImageObject\",\"inLanguage\":\"es\",\"@id\":\"https:\/\/abaa.mx\/tienda\/calibrador-de-proceso-de-documentacion-fluke-754-fpc-con-hart-y-premium-care-de-un-ano\/#primaryimage\",\"url\":\"https:\/\/abaa.mx\/tienda\/wp-content\/uploads\/2023\/09\/Fluke_754_Process_Calibrator.jpg\",\"contentUrl\":\"https:\/\/abaa.mx\/tienda\/wp-content\/uploads\/2023\/09\/Fluke_754_Process_Calibrator.jpg\",\"width\":557,\"height\":999,\"caption\":\"Fluke 754\/FPC\"},{\"@type\":\"BreadcrumbList\",\"@id\":\"https:\/\/abaa.mx\/tienda\/calibrador-de-proceso-de-documentacion-fluke-754-fpc-con-hart-y-premium-care-de-un-ano\/#breadcrumb\",\"itemListElement\":[{\"@type\":\"ListItem\",\"position\":1,\"name\":\"Inicio\",\"item\":\"https:\/\/abaa.mx\/tienda\/\"},{\"@type\":\"ListItem\",\"position\":2,\"name\":\"Tienda\",\"item\":\"https:\/\/abaa.mx\/tienda\/\"},{\"@type\":\"ListItem\",\"position\":3,\"name\":\"Calibrador de proceso de documentaci\u00f3n fluke 754-fpc con hart y premium care de un a\u00f1o\"}]},{\"@type\":\"WebSite\",\"@id\":\"https:\/\/abaa.mx\/tienda\/#website\",\"url\":\"https:\/\/abaa.mx\/tienda\/\",\"name\":\"Abaa tienda online\",\"description\":\"Instrumentos de medici\u00f3n\",\"publisher\":{\"@id\":\"https:\/\/abaa.mx\/tienda\/#organization\"},\"potentialAction\":[{\"@type\":\"SearchAction\",\"target\":{\"@type\":\"EntryPoint\",\"urlTemplate\":\"https:\/\/abaa.mx\/tienda\/?s={search_term_string}\"},\"query-input\":{\"@type\":\"PropertyValueSpecification\",\"valueRequired\":true,\"valueName\":\"search_term_string\"}}],\"inLanguage\":\"es\"},{\"@type\":\"Organization\",\"@id\":\"https:\/\/abaa.mx\/tienda\/#organization\",\"name\":\"Abaa tienda online\",\"url\":\"https:\/\/abaa.mx\/tienda\/\",\"logo\":{\"@type\":\"ImageObject\",\"inLanguage\":\"es\",\"@id\":\"https:\/\/abaa.mx\/tienda\/#\/schema\/logo\/image\/\",\"url\":\"https:\/\/abaa.mx\/tienda\/wp-content\/uploads\/2024\/01\/abaa-metrologia-tienda.png\",\"contentUrl\":\"https:\/\/abaa.mx\/tienda\/wp-content\/uploads\/2024\/01\/abaa-metrologia-tienda.png\",\"width\":300,\"height\":141,\"caption\":\"Abaa tienda online\"},\"image\":{\"@id\":\"https:\/\/abaa.mx\/tienda\/#\/schema\/logo\/image\/\"}}]}<\/script>\n<!-- \/ Yoast SEO plugin. -->","yoast_head_json":{"title":"Calibrador de proceso de documentaci\u00f3n fluke 754-fpc con hart y premium care de un a\u00f1o - Abaa tienda online","robots":{"index":"index","follow":"follow","max-snippet":"max-snippet:-1","max-image-preview":"max-image-preview:large","max-video-preview":"max-video-preview:-1"},"canonical":"https:\/\/abaa.mx\/tienda\/calibrador-de-proceso-de-documentacion-fluke-754-fpc-con-hart-y-premium-care-de-un-ano\/","og_locale":"es_MX","og_type":"article","og_title":"Calibrador de proceso de documentaci\u00f3n fluke 754-fpc con hart y premium care de un a\u00f1o - Abaa tienda online","og_description":"Robusto y compacto, este calibrador de proceso de documentaci\u00f3n es potente pero f\u00e1cil de usar, es ideal para solucionar problemas de instrumentaci\u00f3n HART y ofrece funciones de comunicaci\u00f3n y calibraci\u00f3n en una sola herramienta. Adem\u00e1s, mide la presi\u00f3n, la temperatura y las se\u00f1ales el\u00e9ctricas y viene con un plan de atenci\u00f3n premium de un a\u00f1o.","og_url":"https:\/\/abaa.mx\/tienda\/calibrador-de-proceso-de-documentacion-fluke-754-fpc-con-hart-y-premium-care-de-un-ano\/","og_site_name":"Abaa tienda online","article_modified_time":"2023-11-24T17:18:45+00:00","og_image":[{"width":557,"height":999,"url":"https:\/\/abaa.mx\/tienda\/wp-content\/uploads\/2023\/09\/Fluke_754_Process_Calibrator.jpg","type":"image\/jpeg"}],"twitter_card":"summary_large_image","twitter_misc":{"Tiempo de lectura":"6 minutos"},"schema":{"@context":"https:\/\/schema.org","@graph":[{"@type":"WebPage","@id":"https:\/\/abaa.mx\/tienda\/calibrador-de-proceso-de-documentacion-fluke-754-fpc-con-hart-y-premium-care-de-un-ano\/","url":"https:\/\/abaa.mx\/tienda\/calibrador-de-proceso-de-documentacion-fluke-754-fpc-con-hart-y-premium-care-de-un-ano\/","name":"Calibrador de proceso de documentaci\u00f3n fluke 754-fpc con hart y premium care de un a\u00f1o - Abaa tienda online","isPartOf":{"@id":"https:\/\/abaa.mx\/tienda\/#website"},"primaryImageOfPage":{"@id":"https:\/\/abaa.mx\/tienda\/calibrador-de-proceso-de-documentacion-fluke-754-fpc-con-hart-y-premium-care-de-un-ano\/#primaryimage"},"image":{"@id":"https:\/\/abaa.mx\/tienda\/calibrador-de-proceso-de-documentacion-fluke-754-fpc-con-hart-y-premium-care-de-un-ano\/#primaryimage"},"thumbnailUrl":"https:\/\/abaa.mx\/tienda\/wp-content\/uploads\/2023\/09\/Fluke_754_Process_Calibrator.jpg","datePublished":"2023-09-27T22:03:59+00:00","dateModified":"2023-11-24T17:18:45+00:00","breadcrumb":{"@id":"https:\/\/abaa.mx\/tienda\/calibrador-de-proceso-de-documentacion-fluke-754-fpc-con-hart-y-premium-care-de-un-ano\/#breadcrumb"},"inLanguage":"es","potentialAction":[{"@type":"ReadAction","target":["https:\/\/abaa.mx\/tienda\/calibrador-de-proceso-de-documentacion-fluke-754-fpc-con-hart-y-premium-care-de-un-ano\/"]}]},{"@type":"ImageObject","inLanguage":"es","@id":"https:\/\/abaa.mx\/tienda\/calibrador-de-proceso-de-documentacion-fluke-754-fpc-con-hart-y-premium-care-de-un-ano\/#primaryimage","url":"https:\/\/abaa.mx\/tienda\/wp-content\/uploads\/2023\/09\/Fluke_754_Process_Calibrator.jpg","contentUrl":"https:\/\/abaa.mx\/tienda\/wp-content\/uploads\/2023\/09\/Fluke_754_Process_Calibrator.jpg","width":557,"height":999,"caption":"Fluke 754\/FPC"},{"@type":"BreadcrumbList","@id":"https:\/\/abaa.mx\/tienda\/calibrador-de-proceso-de-documentacion-fluke-754-fpc-con-hart-y-premium-care-de-un-ano\/#breadcrumb","itemListElement":[{"@type":"ListItem","position":1,"name":"Inicio","item":"https:\/\/abaa.mx\/tienda\/"},{"@type":"ListItem","position":2,"name":"Tienda","item":"https:\/\/abaa.mx\/tienda\/"},{"@type":"ListItem","position":3,"name":"Calibrador de proceso de documentaci\u00f3n fluke 754-fpc con hart y premium care de un a\u00f1o"}]},{"@type":"WebSite","@id":"https:\/\/abaa.mx\/tienda\/#website","url":"https:\/\/abaa.mx\/tienda\/","name":"Abaa tienda online","description":"Instrumentos de medici\u00f3n","publisher":{"@id":"https:\/\/abaa.mx\/tienda\/#organization"},"potentialAction":[{"@type":"SearchAction","target":{"@type":"EntryPoint","urlTemplate":"https:\/\/abaa.mx\/tienda\/?s={search_term_string}"},"query-input":{"@type":"PropertyValueSpecification","valueRequired":true,"valueName":"search_term_string"}}],"inLanguage":"es"},{"@type":"Organization","@id":"https:\/\/abaa.mx\/tienda\/#organization","name":"Abaa tienda online","url":"https:\/\/abaa.mx\/tienda\/","logo":{"@type":"ImageObject","inLanguage":"es","@id":"https:\/\/abaa.mx\/tienda\/#\/schema\/logo\/image\/","url":"https:\/\/abaa.mx\/tienda\/wp-content\/uploads\/2024\/01\/abaa-metrologia-tienda.png","contentUrl":"https:\/\/abaa.mx\/tienda\/wp-content\/uploads\/2024\/01\/abaa-metrologia-tienda.png","width":300,"height":141,"caption":"Abaa tienda online"},"image":{"@id":"https:\/\/abaa.mx\/tienda\/#\/schema\/logo\/image\/"}}]}},"_links":{"self":[{"href":"https:\/\/abaa.mx\/tienda\/wp-json\/wp\/v2\/product\/3439","targetHints":{"allow":["GET"]}}],"collection":[{"href":"https:\/\/abaa.mx\/tienda\/wp-json\/wp\/v2\/product"}],"about":[{"href":"https:\/\/abaa.mx\/tienda\/wp-json\/wp\/v2\/types\/product"}],"replies":[{"embeddable":true,"href":"https:\/\/abaa.mx\/tienda\/wp-json\/wp\/v2\/comments?post=3439"}],"wp:featuredmedia":[{"embeddable":true,"href":"https:\/\/abaa.mx\/tienda\/wp-json\/wp\/v2\/media\/3444"}],"wp:attachment":[{"href":"https:\/\/abaa.mx\/tienda\/wp-json\/wp\/v2\/media?parent=3439"}],"wp:term":[{"taxonomy":"product_brand","embeddable":true,"href":"https:\/\/abaa.mx\/tienda\/wp-json\/wp\/v2\/product_brand?post=3439"},{"taxonomy":"product_cat","embeddable":true,"href":"https:\/\/abaa.mx\/tienda\/wp-json\/wp\/v2\/product_cat?post=3439"},{"taxonomy":"product_tag","embeddable":true,"href":"https:\/\/abaa.mx\/tienda\/wp-json\/wp\/v2\/product_tag?post=3439"}],"curies":[{"name":"wp","href":"https:\/\/api.w.org\/{rel}","templated":true}]}}