{"id":3438,"date":"2023-09-27T22:02:31","date_gmt":"2023-09-27T22:02:31","guid":{"rendered":"https:\/\/abaa.mx\/tienda\/?post_type=product&#038;p=3438"},"modified":"2023-11-24T17:24:49","modified_gmt":"2023-11-24T17:24:49","slug":"calibrador-de-proceso-multifuncion-de-precision-fluke-726-fpc-con-premium-care-de-un-ano","status":"publish","type":"product","link":"https:\/\/abaa.mx\/tienda\/calibrador-de-proceso-multifuncion-de-precision-fluke-726-fpc-con-premium-care-de-un-ano\/","title":{"rendered":"Calibrador de proceso multifunci\u00f3n de precisi\u00f3n fluke 726-fpc con premium care de un a\u00f1o"},"content":{"rendered":"<p><strong>\u00a0Fluke 726-FPC:<\/strong><\/p>\n<p>Potente y f\u00e1cil de usar, este calibrador de proceso multifunci\u00f3n de precisi\u00f3n tiene caracter\u00edsticas que necesitan los profesionales de procesos como una amplia cobertura de carga de trabajo, potencia de calibraci\u00f3n y precisi\u00f3n insuperable. Ideal para probar sensores y v\u00e1lvulas, este calibrador puede ayudar a probar transmisores y puede medir y obtener principalmente todos los par\u00e1metros del proceso para calibrar casi cualquier cosa.<\/p>\n<p>&nbsp;<\/p>\n<p><strong>Funciones:<\/strong><\/p>\n<ul>\n<li>Rendimiento de la fuente de calibraci\u00f3n y medici\u00f3n m\u00e1s preciso, precisiones del 0,01%.<\/li>\n<li>C\u00e1lculo del error del transmisor, interprete los resultados de la calibraci\u00f3n sin una calculadora.<\/li>\n<li>Almacenamiento de memoria para hasta ocho resultados de calibraci\u00f3n, devolver datos de calibraci\u00f3n almacenados desde el campo para su posterior an\u00e1lisis..<\/li>\n<li>Totalizador de frecuencia y modo de fuente de tren de pulsos de frecuencia para pruebas mejoradas de caudal\u00edmetro.<\/li>\n<li>El modo HART inserta una resistencia de 250 \u03a9 en la medida mA y la fuente para compatibilidad con la instrumentaci\u00f3n HART.<\/li>\n<li>La prueba del interruptor de presi\u00f3n integrado le permite capturar el conjunto, el restablecimiento y la banda muerta de un interruptor.<\/li>\n<li>Curvas RTD personalizadas, agregue constantes de calibraci\u00f3n para sondas RTD certificadas para una medici\u00f3n de temperatura mejorada.<\/li>\n<li>Dise\u00f1o de protecci\u00f3n de entrada de voltaje para una mayor confiabilidad.<\/li>\n<li>Dos canales separados; Mida, obtenga y vea se\u00f1ales de proceso simult\u00e1neamente.<\/li>\n<li>Mida voltios, mA, RTD, termopares, frecuencia y resistencia para probar sensores y transmisores.<\/li>\n<li>Fuente\/simular voltios, mA, termopares, RTD, frecuencia y presi\u00f3n para calibrar transmisores.<\/li>\n<li>Mida o obtenga la presi\u00f3n con cualquiera de los 29 m\u00f3dulos de presi\u00f3n 700Pxx de Fluke (se requiere bomba de presi\u00f3n).<\/li>\n<li>Fuente mA con medici\u00f3n de presi\u00f3n simult\u00e1nea para realizar pruebas de v\u00e1lvulas e I\/P.<\/li>\n<li>Realice pruebas de linealidad r\u00e1pidas con funciones de paso autom\u00e1tico y rampa autom\u00e1tica.<\/li>\n<li>Transmisores de potencia durante la prueba utilizando alimentaci\u00f3n de bucle de 24 V y medici\u00f3n simult\u00e1nea de mA.<\/li>\n<li>Almacenar configuraciones de prueba de uso frecuente para su uso posterior.<\/li>\n<\/ul>\n<p>&nbsp;<\/p>\n<p><strong>Calibraci\u00f3n de procesos dise\u00f1ada espec\u00edficamente para industrias de procesos.<\/strong><\/p>\n<p>Este calibrador de proceso es un calibrador de campo preciso y potente, pero f\u00e1cil de usar. Cuenta con una amplia cobertura de carga de trabajo, potencia de calibraci\u00f3n y precisi\u00f3n insuperable que necesitan los profesionales de procesos. Mide y obtiene casi todos los par\u00e1metros del proceso para calibrar casi cualquier cosa. \u00daselo para probar sensores y v\u00e1lvulas, y para probar y calibrar transmisores. Interpreta los resultados sin la ayuda de una calculadora y almacena los datos de medici\u00f3n para su posterior an\u00e1lisis.<\/p>\n<p>&nbsp;<\/p>\n<p><strong>Capacidades de medici\u00f3n:<\/strong><\/p>\n<p>Este calibrador multifunci\u00f3n de precisi\u00f3n mide voltios, mA, presi\u00f3n, RTD, termopares, frecuencia y resistencia para probar sensores y transmisores, y tambi\u00e9n fuentes y simula voltios, mA, termopares, RTD, frecuencia para calibrar transmisores. Mide y\/o obtiene la presi\u00f3n utilizando cuando se combina con cualquiera de los 50 m\u00f3dulos de presi\u00f3n de la serie 750P de Fluke para probar y calibrar transmisores de presi\u00f3n y otros dispositivos.<\/p>\n<p>Este calibrador de proceso tambi\u00e9n puede:<\/p>\n<ul>\n<li>Fuente mA con medici\u00f3n de presi\u00f3n simult\u00e1nea para realizar la v\u00e1lvula y la prueba I\/P<\/li>\n<li>Realice pruebas mejoradas del medidor de flujo con totalizador de frecuencia y modo de fuente de tren de pulsos de frecuencia<\/li>\n<\/ul>\n<p>&nbsp;<\/p>\n<p><strong>Dise\u00f1ado para facilitar su uso:<\/strong><\/p>\n<p>Este calibrador tiene caracter\u00edsticas integradas que lo hacen m\u00e1s f\u00e1cil de usar en casi cualquier situaci\u00f3n de medici\u00f3n. Desde su capacidad para almacenar configuraciones de prueba de uso frecuente, hasta la programaci\u00f3n de constantes de calibraci\u00f3n de sonda RTD personalizadas para una medici\u00f3n de temperatura mejorada, o el dise\u00f1o integrado de protecci\u00f3n de entrada de voltaje que mejora la confiabilidad, est\u00e1 dise\u00f1ado para funcionar. El uso de dos canales separados incluso le permite medir, obtener o ver se\u00f1ales de proceso simult\u00e1neamente. La pantalla retroiluminada proporciona una mejor visibilidad en condiciones de poca luz.<\/p>\n<p>Tambi\u00e9n puede usarlo para:<\/p>\n<ul>\n<li>Capture el conjunto, el restablecimiento y la banda muerta de un interruptor de presi\u00f3n con la prueba del interruptor integrado.<\/li>\n<li>Calcule el % de error del transmisor para interpretar los resultados de calibraci\u00f3n sin el uso de una calculadora.<\/li>\n<li>Realice pruebas de linealidad r\u00e1pidas con las funciones de paso autom\u00e1tico y rampa autom\u00e1tica.<\/li>\n<li>Alimente un transmisor durante la prueba utilizando una alimentaci\u00f3n de bucle de 24 V y medici\u00f3n simult\u00e1nea de mA.<\/li>\n<\/ul>\n<p>&nbsp;<\/p>\n<p><strong>Aplicaciones:<\/strong><\/p>\n<ul>\n<li>Industrias de procesos<\/li>\n<li>Calibraci\u00f3n<\/li>\n<\/ul>\n","protected":false},"excerpt":{"rendered":"<p class=\"short-description mhide ipad-view-setting\">Ideal para la industria de procesos con una amplia cobertura de carga de trabajo, potencia de calibraci\u00f3n y precisi\u00f3n insuperable, este calibrador de procesos mide y obtiene muchos par\u00e1metros de proceso y calibra casi cualquier cosa. Adem\u00e1s, interpreta los resultados sin una calculadora, almacena datos de medici\u00f3n y presenta un plan de atenci\u00f3n premium de un a\u00f1o.<\/p>\n<div class=\"row-fluid\">\n<div class=\"span12 mobile-pricing-box-padding\">\n<form id=\"1189053\" accept-charset=\"utf-8\" action=\"https:\/\/www.globaltestsupply.com\/shop\/add\" method=\"post\" name=\"addTocartFunction\">\n<div><\/div>\n<\/form>\n<\/div>\n<\/div>\n","protected":false},"featured_media":3443,"comment_status":"open","ping_status":"closed","template":"","meta":{"_joinchat":[]},"product_brand":[],"product_cat":[15],"product_tag":[],"class_list":{"0":"post-3438","1":"product","2":"type-product","3":"status-publish","4":"has-post-thumbnail","6":"product_cat-sin-categorizar","8":"first","9":"instock","10":"shipping-taxable","11":"product-type-simple"},"yoast_head":"<!-- This site is optimized with the Yoast SEO plugin v26.4 - https:\/\/yoast.com\/wordpress\/plugins\/seo\/ -->\n<title>Calibrador de proceso multifunci\u00f3n de precisi\u00f3n fluke 726-fpc con premium care de un a\u00f1o - Abaa tienda online<\/title>\n<meta name=\"robots\" content=\"index, follow, max-snippet:-1, max-image-preview:large, max-video-preview:-1\" \/>\n<link rel=\"canonical\" href=\"https:\/\/abaa.mx\/tienda\/calibrador-de-proceso-multifuncion-de-precision-fluke-726-fpc-con-premium-care-de-un-ano\/\" \/>\n<meta property=\"og:locale\" content=\"es_MX\" \/>\n<meta property=\"og:type\" content=\"article\" \/>\n<meta property=\"og:title\" content=\"Calibrador de proceso multifunci\u00f3n de precisi\u00f3n fluke 726-fpc con premium care de un a\u00f1o - Abaa tienda online\" \/>\n<meta property=\"og:description\" content=\"Ideal para la industria de procesos con una amplia cobertura de carga de trabajo, potencia de calibraci\u00f3n y precisi\u00f3n insuperable, este calibrador de procesos mide y obtiene muchos par\u00e1metros de proceso y calibra casi cualquier cosa. Adem\u00e1s, interpreta los resultados sin una calculadora, almacena datos de medici\u00f3n y presenta un plan de atenci\u00f3n premium de un a\u00f1o.\" \/>\n<meta property=\"og:url\" content=\"https:\/\/abaa.mx\/tienda\/calibrador-de-proceso-multifuncion-de-precision-fluke-726-fpc-con-premium-care-de-un-ano\/\" \/>\n<meta property=\"og:site_name\" content=\"Abaa tienda online\" \/>\n<meta property=\"article:modified_time\" content=\"2023-11-24T17:24:49+00:00\" \/>\n<meta property=\"og:image\" content=\"https:\/\/abaa.mx\/tienda\/wp-content\/uploads\/2023\/09\/HOOY.jpg\" \/>\n\t<meta property=\"og:image:width\" content=\"474\" \/>\n\t<meta property=\"og:image:height\" content=\"474\" \/>\n\t<meta property=\"og:image:type\" content=\"image\/jpeg\" \/>\n<meta name=\"twitter:card\" content=\"summary_large_image\" \/>\n<meta name=\"twitter:label1\" content=\"Tiempo de lectura\" \/>\n\t<meta name=\"twitter:data1\" content=\"4 minutos\" \/>\n<script type=\"application\/ld+json\" class=\"yoast-schema-graph\">{\"@context\":\"https:\/\/schema.org\",\"@graph\":[{\"@type\":\"WebPage\",\"@id\":\"https:\/\/abaa.mx\/tienda\/calibrador-de-proceso-multifuncion-de-precision-fluke-726-fpc-con-premium-care-de-un-ano\/\",\"url\":\"https:\/\/abaa.mx\/tienda\/calibrador-de-proceso-multifuncion-de-precision-fluke-726-fpc-con-premium-care-de-un-ano\/\",\"name\":\"Calibrador de proceso multifunci\u00f3n de precisi\u00f3n fluke 726-fpc con premium care de un a\u00f1o - Abaa tienda online\",\"isPartOf\":{\"@id\":\"https:\/\/abaa.mx\/tienda\/#website\"},\"primaryImageOfPage\":{\"@id\":\"https:\/\/abaa.mx\/tienda\/calibrador-de-proceso-multifuncion-de-precision-fluke-726-fpc-con-premium-care-de-un-ano\/#primaryimage\"},\"image\":{\"@id\":\"https:\/\/abaa.mx\/tienda\/calibrador-de-proceso-multifuncion-de-precision-fluke-726-fpc-con-premium-care-de-un-ano\/#primaryimage\"},\"thumbnailUrl\":\"https:\/\/abaa.mx\/tienda\/wp-content\/uploads\/2023\/09\/HOOY.jpg\",\"datePublished\":\"2023-09-27T22:02:31+00:00\",\"dateModified\":\"2023-11-24T17:24:49+00:00\",\"breadcrumb\":{\"@id\":\"https:\/\/abaa.mx\/tienda\/calibrador-de-proceso-multifuncion-de-precision-fluke-726-fpc-con-premium-care-de-un-ano\/#breadcrumb\"},\"inLanguage\":\"es\",\"potentialAction\":[{\"@type\":\"ReadAction\",\"target\":[\"https:\/\/abaa.mx\/tienda\/calibrador-de-proceso-multifuncion-de-precision-fluke-726-fpc-con-premium-care-de-un-ano\/\"]}]},{\"@type\":\"ImageObject\",\"inLanguage\":\"es\",\"@id\":\"https:\/\/abaa.mx\/tienda\/calibrador-de-proceso-multifuncion-de-precision-fluke-726-fpc-con-premium-care-de-un-ano\/#primaryimage\",\"url\":\"https:\/\/abaa.mx\/tienda\/wp-content\/uploads\/2023\/09\/HOOY.jpg\",\"contentUrl\":\"https:\/\/abaa.mx\/tienda\/wp-content\/uploads\/2023\/09\/HOOY.jpg\",\"width\":474,\"height\":474,\"caption\":\"Fluke 726-FPC\"},{\"@type\":\"BreadcrumbList\",\"@id\":\"https:\/\/abaa.mx\/tienda\/calibrador-de-proceso-multifuncion-de-precision-fluke-726-fpc-con-premium-care-de-un-ano\/#breadcrumb\",\"itemListElement\":[{\"@type\":\"ListItem\",\"position\":1,\"name\":\"Inicio\",\"item\":\"https:\/\/abaa.mx\/tienda\/\"},{\"@type\":\"ListItem\",\"position\":2,\"name\":\"Tienda\",\"item\":\"https:\/\/abaa.mx\/tienda\/\"},{\"@type\":\"ListItem\",\"position\":3,\"name\":\"Calibrador de proceso multifunci\u00f3n de precisi\u00f3n fluke 726-fpc con premium care de un a\u00f1o\"}]},{\"@type\":\"WebSite\",\"@id\":\"https:\/\/abaa.mx\/tienda\/#website\",\"url\":\"https:\/\/abaa.mx\/tienda\/\",\"name\":\"Abaa tienda online\",\"description\":\"Instrumentos de medici\u00f3n\",\"publisher\":{\"@id\":\"https:\/\/abaa.mx\/tienda\/#organization\"},\"potentialAction\":[{\"@type\":\"SearchAction\",\"target\":{\"@type\":\"EntryPoint\",\"urlTemplate\":\"https:\/\/abaa.mx\/tienda\/?s={search_term_string}\"},\"query-input\":{\"@type\":\"PropertyValueSpecification\",\"valueRequired\":true,\"valueName\":\"search_term_string\"}}],\"inLanguage\":\"es\"},{\"@type\":\"Organization\",\"@id\":\"https:\/\/abaa.mx\/tienda\/#organization\",\"name\":\"Abaa tienda online\",\"url\":\"https:\/\/abaa.mx\/tienda\/\",\"logo\":{\"@type\":\"ImageObject\",\"inLanguage\":\"es\",\"@id\":\"https:\/\/abaa.mx\/tienda\/#\/schema\/logo\/image\/\",\"url\":\"https:\/\/abaa.mx\/tienda\/wp-content\/uploads\/2024\/01\/abaa-metrologia-tienda.png\",\"contentUrl\":\"https:\/\/abaa.mx\/tienda\/wp-content\/uploads\/2024\/01\/abaa-metrologia-tienda.png\",\"width\":300,\"height\":141,\"caption\":\"Abaa tienda online\"},\"image\":{\"@id\":\"https:\/\/abaa.mx\/tienda\/#\/schema\/logo\/image\/\"}}]}<\/script>\n<!-- \/ Yoast SEO plugin. -->","yoast_head_json":{"title":"Calibrador de proceso multifunci\u00f3n de precisi\u00f3n fluke 726-fpc con premium care de un a\u00f1o - Abaa tienda online","robots":{"index":"index","follow":"follow","max-snippet":"max-snippet:-1","max-image-preview":"max-image-preview:large","max-video-preview":"max-video-preview:-1"},"canonical":"https:\/\/abaa.mx\/tienda\/calibrador-de-proceso-multifuncion-de-precision-fluke-726-fpc-con-premium-care-de-un-ano\/","og_locale":"es_MX","og_type":"article","og_title":"Calibrador de proceso multifunci\u00f3n de precisi\u00f3n fluke 726-fpc con premium care de un a\u00f1o - Abaa tienda online","og_description":"Ideal para la industria de procesos con una amplia cobertura de carga de trabajo, potencia de calibraci\u00f3n y precisi\u00f3n insuperable, este calibrador de procesos mide y obtiene muchos par\u00e1metros de proceso y calibra casi cualquier cosa. Adem\u00e1s, interpreta los resultados sin una calculadora, almacena datos de medici\u00f3n y presenta un plan de atenci\u00f3n premium de un a\u00f1o.","og_url":"https:\/\/abaa.mx\/tienda\/calibrador-de-proceso-multifuncion-de-precision-fluke-726-fpc-con-premium-care-de-un-ano\/","og_site_name":"Abaa tienda online","article_modified_time":"2023-11-24T17:24:49+00:00","og_image":[{"width":474,"height":474,"url":"https:\/\/abaa.mx\/tienda\/wp-content\/uploads\/2023\/09\/HOOY.jpg","type":"image\/jpeg"}],"twitter_card":"summary_large_image","twitter_misc":{"Tiempo de lectura":"4 minutos"},"schema":{"@context":"https:\/\/schema.org","@graph":[{"@type":"WebPage","@id":"https:\/\/abaa.mx\/tienda\/calibrador-de-proceso-multifuncion-de-precision-fluke-726-fpc-con-premium-care-de-un-ano\/","url":"https:\/\/abaa.mx\/tienda\/calibrador-de-proceso-multifuncion-de-precision-fluke-726-fpc-con-premium-care-de-un-ano\/","name":"Calibrador de proceso multifunci\u00f3n de precisi\u00f3n fluke 726-fpc con premium care de un a\u00f1o - Abaa tienda online","isPartOf":{"@id":"https:\/\/abaa.mx\/tienda\/#website"},"primaryImageOfPage":{"@id":"https:\/\/abaa.mx\/tienda\/calibrador-de-proceso-multifuncion-de-precision-fluke-726-fpc-con-premium-care-de-un-ano\/#primaryimage"},"image":{"@id":"https:\/\/abaa.mx\/tienda\/calibrador-de-proceso-multifuncion-de-precision-fluke-726-fpc-con-premium-care-de-un-ano\/#primaryimage"},"thumbnailUrl":"https:\/\/abaa.mx\/tienda\/wp-content\/uploads\/2023\/09\/HOOY.jpg","datePublished":"2023-09-27T22:02:31+00:00","dateModified":"2023-11-24T17:24:49+00:00","breadcrumb":{"@id":"https:\/\/abaa.mx\/tienda\/calibrador-de-proceso-multifuncion-de-precision-fluke-726-fpc-con-premium-care-de-un-ano\/#breadcrumb"},"inLanguage":"es","potentialAction":[{"@type":"ReadAction","target":["https:\/\/abaa.mx\/tienda\/calibrador-de-proceso-multifuncion-de-precision-fluke-726-fpc-con-premium-care-de-un-ano\/"]}]},{"@type":"ImageObject","inLanguage":"es","@id":"https:\/\/abaa.mx\/tienda\/calibrador-de-proceso-multifuncion-de-precision-fluke-726-fpc-con-premium-care-de-un-ano\/#primaryimage","url":"https:\/\/abaa.mx\/tienda\/wp-content\/uploads\/2023\/09\/HOOY.jpg","contentUrl":"https:\/\/abaa.mx\/tienda\/wp-content\/uploads\/2023\/09\/HOOY.jpg","width":474,"height":474,"caption":"Fluke 726-FPC"},{"@type":"BreadcrumbList","@id":"https:\/\/abaa.mx\/tienda\/calibrador-de-proceso-multifuncion-de-precision-fluke-726-fpc-con-premium-care-de-un-ano\/#breadcrumb","itemListElement":[{"@type":"ListItem","position":1,"name":"Inicio","item":"https:\/\/abaa.mx\/tienda\/"},{"@type":"ListItem","position":2,"name":"Tienda","item":"https:\/\/abaa.mx\/tienda\/"},{"@type":"ListItem","position":3,"name":"Calibrador de proceso multifunci\u00f3n de precisi\u00f3n fluke 726-fpc con premium care de un a\u00f1o"}]},{"@type":"WebSite","@id":"https:\/\/abaa.mx\/tienda\/#website","url":"https:\/\/abaa.mx\/tienda\/","name":"Abaa tienda online","description":"Instrumentos de medici\u00f3n","publisher":{"@id":"https:\/\/abaa.mx\/tienda\/#organization"},"potentialAction":[{"@type":"SearchAction","target":{"@type":"EntryPoint","urlTemplate":"https:\/\/abaa.mx\/tienda\/?s={search_term_string}"},"query-input":{"@type":"PropertyValueSpecification","valueRequired":true,"valueName":"search_term_string"}}],"inLanguage":"es"},{"@type":"Organization","@id":"https:\/\/abaa.mx\/tienda\/#organization","name":"Abaa tienda online","url":"https:\/\/abaa.mx\/tienda\/","logo":{"@type":"ImageObject","inLanguage":"es","@id":"https:\/\/abaa.mx\/tienda\/#\/schema\/logo\/image\/","url":"https:\/\/abaa.mx\/tienda\/wp-content\/uploads\/2024\/01\/abaa-metrologia-tienda.png","contentUrl":"https:\/\/abaa.mx\/tienda\/wp-content\/uploads\/2024\/01\/abaa-metrologia-tienda.png","width":300,"height":141,"caption":"Abaa tienda online"},"image":{"@id":"https:\/\/abaa.mx\/tienda\/#\/schema\/logo\/image\/"}}]}},"_links":{"self":[{"href":"https:\/\/abaa.mx\/tienda\/wp-json\/wp\/v2\/product\/3438","targetHints":{"allow":["GET"]}}],"collection":[{"href":"https:\/\/abaa.mx\/tienda\/wp-json\/wp\/v2\/product"}],"about":[{"href":"https:\/\/abaa.mx\/tienda\/wp-json\/wp\/v2\/types\/product"}],"replies":[{"embeddable":true,"href":"https:\/\/abaa.mx\/tienda\/wp-json\/wp\/v2\/comments?post=3438"}],"wp:featuredmedia":[{"embeddable":true,"href":"https:\/\/abaa.mx\/tienda\/wp-json\/wp\/v2\/media\/3443"}],"wp:attachment":[{"href":"https:\/\/abaa.mx\/tienda\/wp-json\/wp\/v2\/media?parent=3438"}],"wp:term":[{"taxonomy":"product_brand","embeddable":true,"href":"https:\/\/abaa.mx\/tienda\/wp-json\/wp\/v2\/product_brand?post=3438"},{"taxonomy":"product_cat","embeddable":true,"href":"https:\/\/abaa.mx\/tienda\/wp-json\/wp\/v2\/product_cat?post=3438"},{"taxonomy":"product_tag","embeddable":true,"href":"https:\/\/abaa.mx\/tienda\/wp-json\/wp\/v2\/product_tag?post=3438"}],"curies":[{"name":"wp","href":"https:\/\/api.w.org\/{rel}","templated":true}]}}