{"id":3418,"date":"2023-09-27T21:56:46","date_gmt":"2023-09-27T21:56:46","guid":{"rendered":"https:\/\/abaa.mx\/tienda\/?post_type=product&#038;p=3418"},"modified":"2023-11-24T17:28:50","modified_gmt":"2023-11-24T17:28:50","slug":"calibrador-de-proceso-multifuncion-fluke-725-fpc-con-premium-care-de-un-ano","status":"publish","type":"product","link":"https:\/\/abaa.mx\/tienda\/calibrador-de-proceso-multifuncion-fluke-725-fpc-con-premium-care-de-un-ano\/","title":{"rendered":"Calibrador de proceso multifunci\u00f3n fluke 725 fpc con premium care de un a\u00f1o"},"content":{"rendered":"<p><strong>Funciones:<\/strong><\/p>\n<ul>\n<li>Calibrador de campo potente y f\u00e1cil de usar<\/li>\n<li>La forma peque\u00f1a y aerodin\u00e1mica hace que sea f\u00e1cil de transportar<\/li>\n<li>El dise\u00f1o robusto y fiable resiste el uso en el campo<\/li>\n<li>La pantalla de medici\u00f3n\/fuente f\u00e1cil de leer le permite ver la entrada y la salida simult\u00e1neamente<\/li>\n<li>Mide voltios, mA, presi\u00f3n, RTD, termopares, frecuencia y ohmios para probar sensores y transmisores<\/li>\n<li>Fuentes\/simula voltios DC, mA, termopares, RTD, frecuencia, ohmios y presi\u00f3n para calibrar transmisores<\/li>\n<li>La pantalla de medici\u00f3n\/fuente f\u00e1cil de leer muestra la entrada y la salida simult\u00e1neamente<\/li>\n<li>Alimenta los transmisores durante la prueba utilizando suministro de bucle con medici\u00f3n simult\u00e1nea de mA<\/li>\n<li>Maneja transmisores RTD pulsados r\u00e1pidos y PLC, con pulsos tan cortos como 10 ms<\/li>\n<li>Proporciona una pantalla retroiluminada para proporcionar una mejor visibilidad con poca luz<\/li>\n<li>Cuenta con una forma peque\u00f1a y aerodin\u00e1mica, y un dise\u00f1o resistente y confiable que resiste el uso en el campo<\/li>\n<li>Fuentes mA con medici\u00f3n de presi\u00f3n simult\u00e1nea para realizar pruebas de v\u00e1lvulas e I\/P<\/li>\n<li>Admite pruebas de medidores de flujo con funciones de frecuencia y CPM<\/li>\n<li>Realiza pruebas de linealidad r\u00e1pidas con funciones de paso autom\u00e1tico y rampa autom\u00e1tica<\/li>\n<li>La luz de fondo te permite trabajar con poca luz<\/li>\n<li>Almacenar configuraciones de prueba de uso frecuente para su uso posterior<\/li>\n<\/ul>\n<p>&nbsp;<\/p>\n<p><strong>Aplicaciones:<\/strong><\/p>\n<ul>\n<li>El\u00e9ctrico<\/li>\n<li>Soluci\u00f3n de problemas<\/li>\n<li>En el campo<\/li>\n<\/ul>\n<h4><\/h4>\n<h4>Especificaciones de Fluke 725\/FPC<\/h4>\n<table class=\"table table-striped\">\n<tbody>\n<tr>\n<td colspan=\"2\"><strong>Precisi\u00f3n de medici\u00f3n<\/strong><\/td>\n<\/tr>\n<tr>\n<td>Voltaje DC<\/td>\n<td>30 V: 0,02 % + 2 recuentos (pantalla superior) 30 V: 0,02 % + 2 recuentos (pantalla inferior) 100 mV: 0,02 % + 2 recuentos<br \/>\n-10 a 75 mV: 0,025 % + 1 recuento (a trav\u00e9s del conector TC)<\/td>\n<\/tr>\n<tr>\n<td>DC actual<\/td>\n<td>24 mA: 0.02% + 2 recuentos<\/td>\n<\/tr>\n<tr>\n<td>Resistencia<\/td>\n<td>0 a 400 \u03a9: 0,1 \u03a9 (4 hilos), 0,15 \u03a9 (2 y 3 hilos) 401 a 1500 \u03a9: 0,5 \u03a9 (4 hilos), 1 \u03a9 (2 y 3 hilos) 1500 a 3200 \u03a9: 1 \u03a9 (4 hilos), 1,5 \u03a9 (2 y 3 hilos)<\/td>\n<\/tr>\n<tr>\n<td>Frecuencia<\/td>\n<td>2 a 1000 CPM: 0.05% + 1 conteo 1 a 1100 Hz: 0.05% + 1 conteo<br \/>\n1 a<br \/>\n10 kHz: 0.05% + 1 recuento<br \/>\nSensibilidad: 1 V pico a pico m\u00ednimo<\/td>\n<\/tr>\n<tr>\n<td>Presi\u00f3n<\/td>\n<td>Precisi\u00f3n del 0,025% del rango utilizando cualquiera de los 29 m\u00f3dulos de presi\u00f3n (para obtener especificaciones detalladas, consulte los m\u00f3dulos de presi\u00f3n en opciones y accesorios). M\u00f3dulos disponibles para diferencial, calibre, vac\u00edo, absoluto, doble y alta presi\u00f3n.<\/td>\n<\/tr>\n<tr>\n<td colspan=\"2\"><strong>Precisi\u00f3n de la fuente<\/strong><\/td>\n<\/tr>\n<tr>\n<td>Voltaje DC<\/td>\n<td>100 mV: 0,02% + 2 recuentos 10 V: 0,02% + 2 recuentos<\/p>\n<p>-10 a 75 mV: 0,025% + 1 recuento (a trav\u00e9s del conector TC)<\/td>\n<\/tr>\n<tr>\n<td>DC actual<\/td>\n<td>24 mA (fuente): 0.02% + 2 recuentos 24 mA (simular): 0.02% + 2 recuentos<\/td>\n<\/tr>\n<tr>\n<td>Resistencia<\/td>\n<td>15 a 400 \u03a9: 0,15 \u03a9 (corriente de excitaci\u00f3n 0,15 a 0,5 mA), 0,1 \u03a9 (corriente de excitaci\u00f3n 0,5 a 2 mA) 401 a 1500 \u03a9: 0,5 \u03a9 (corriente de excitaci\u00f3n 0,05 a 0,8 mA) 1500 a 3200 \u03a9: 1 \u03a9 (corriente de excitaci\u00f3n 0,05 a 0,4 mA)<\/td>\n<\/tr>\n<tr>\n<td>Frecuencia<\/td>\n<td>2 a 1000 CPM: 0.05% 1 a 1100 Hz: 0.05% 1 a 10 kHz: 0.25%<\/p>\n<p>Forma de onda: 5 V p-p onda cuadrada, -0.1 V offset<\/td>\n<\/tr>\n<tr>\n<td colspan=\"2\"><strong>RTDs y termopares<\/strong><\/td>\n<\/tr>\n<tr>\n<td>Precisi\u00f3n de la medida<\/td>\n<td>NI-120: 0.2\u00b0C PT-100 (385): 0.33\u00b0C PT-100 (393): 0.3\u00b0C PT-100 (JIS): 0.3\u00b0C PT-200 (385): 0.2\u00b0C PT-500 (385): 0.3\u00b0C PT-1000 (385): 0.2\u00b0C Resoluci\u00f3n: 0.1\u00b0C J: 0.7\u00b0C K: 0.8\u00b0C T: 0.8\u00b0C E: 0.7\u00b0C R: 1.8\u00b0C S: 1.5\u00b0C B: 1.4\u00b0C L: 0.7\u00b0C U: 0.75\u00b0C<\/p>\n<p>N: Resoluci\u00f3n de 0.9 \u00b0C: J, K, T, E, L, N, U: 0.1 \u00b0C, 0.1 \u00b0F B, R, S: 1 \u00b0C, 1 \u00b0F<br \/>\nXK: 0.6 \u00b0C BP: 1.2 \u00b0C<\/td>\n<\/tr>\n<tr>\n<td>Precisi\u00f3n de la fuente<\/td>\n<td>NI-120: 0.2\u00b0C PT-100 (385): 0.33\u00b0C PT-100 (393): 0.3\u00b0C PT-100 (JIS): 0.3\u00b0C PT-200 (385): 0.2\u00b0C PT-500 (385): 0.3\u00b0C PT-1000 (385): 0.2\u00b0C Resoluci\u00f3n: 0.1\u00b0C Precisi\u00f3n indicada para la medici\u00f3n de 4 hilos J: 0.7\u00b0C K: 0.8\u00b0C T: 0.8\u00b0C E: 0.7\u00b0C R: 1.4\u00b0C S: 1.5\u00b0C B: 1.4\u00b0C<\/p>\n<p>L:<br \/>\n0.7\u00b0C U: 0.75\u00b0C N: 0.9\u00b0C Resoluci\u00f3n: J, K, T, E, L, N, U: 0.1\u00b0C, B, R, S: 1\u00b0C XK: 0.6\u00b0C BP: 1.2\u00b0C<\/td>\n<\/tr>\n<tr>\n<td colspan=\"2\"><strong>Funciones<\/strong><\/td>\n<\/tr>\n<tr>\n<td>Rampa<\/td>\n<td>Funciones de la fuente: Voltaje, corriente, resistencia, frecuencia, temperatura<br \/>\nRampas: rampa lenta, rampa r\u00e1pida, 25% rampa escalonada<\/td>\n<\/tr>\n<tr>\n<td>Potencia de bucle<\/td>\n<td>Voltaje: 24 V<br \/>\nPrecisi\u00f3n: 10%<br \/>\nCorriente m\u00e1xima: 22 mA, cortocircuito protegido<\/td>\n<\/tr>\n<tr>\n<td>Paso<\/td>\n<td>Funciones de la fuente: voltaje, corriente, resistencia, frecuencia, temperatura<br \/>\nPasos: 25% del rango, 100% del rango<\/td>\n<\/tr>\n<tr>\n<td colspan=\"2\"><strong>Especificaciones generales<\/strong><\/td>\n<\/tr>\n<tr>\n<td>Medioambiental<\/td>\n<td>Temperatura de funcionamiento: 14 a 131 \u00b0F (-10 a 55 \u00b0C) Temperatura de almacenamiento: -4 a 159.8 \u00b0F (-20 a 71 \u00b0C) Altitud de funcionamiento: 9842.52&#8242; (3000 m)<\/td>\n<\/tr>\n<tr>\n<td>Aprobaciones de agencias<\/td>\n<td>EN 61010-1:1993, ANSI\/ISA S82.01-1994; CAN\/CSA C22.2 No 1010.1:1992<\/td>\n<\/tr>\n<tr>\n<td>Bater\u00eda<\/td>\n<td>Tipo: 4 pilas alcalinas AA Reemplazo: compartimento separado de la bater\u00eda, accesible sin romper el<br \/>\nsello de calibraci\u00f3n<\/td>\n<\/tr>\n<tr>\n<td>Conexiones de puerto lateral<\/td>\n<td>Conector del m\u00f3dulo de presi\u00f3n, tambi\u00e9n utilizado para la programaci\u00f3n remota en tiempo real<\/td>\n<\/tr>\n<tr>\n<td>Dimensiones<\/td>\n<td>5,1 x 9,3 x 2,4&#8243; (130 x 236 x 61 mm)<\/td>\n<\/tr>\n<tr>\n<td>Peso<\/td>\n<td>1,43 lb (0,65 kg)<\/td>\n<\/tr>\n<\/tbody>\n<\/table>\n","protected":false},"excerpt":{"rendered":"<p class=\"short-description mhide ipad-view-setting\">Ligero y f\u00e1cil de usar, este potente calibrador de procesos obtiene y mide muchos par\u00e1metros de proceso y dispositivos de proceso de prueba. Adem\u00e1s, presenta una forma peque\u00f1a y aerodin\u00e1mica y un dise\u00f1o resistente y confiable que lo hace ideal para soportar condiciones de campo adversas, y viene con un plan de atenci\u00f3n premium de un a\u00f1o.<\/p>\n<div class=\"row-fluid\">\n<div class=\"span12 mobile-pricing-box-padding\">\n<form id=\"1189054\" accept-charset=\"utf-8\" action=\"https:\/\/www.globaltestsupply.com\/shop\/add\" method=\"post\" name=\"addTocartFunction\">\n<div><\/div>\n<\/form>\n<\/div>\n<\/div>\n","protected":false},"featured_media":3431,"comment_status":"open","ping_status":"closed","template":"","meta":{"_joinchat":[]},"product_brand":[],"product_cat":[15],"product_tag":[],"class_list":{"0":"post-3418","1":"product","2":"type-product","3":"status-publish","4":"has-post-thumbnail","6":"product_cat-sin-categorizar","8":"first","9":"instock","10":"shipping-taxable","11":"product-type-simple"},"yoast_head":"<!-- This site is optimized with the Yoast SEO plugin v26.4 - https:\/\/yoast.com\/wordpress\/plugins\/seo\/ -->\n<title>Calibrador de proceso multifunci\u00f3n fluke 725 fpc con premium care de un a\u00f1o - Abaa tienda online<\/title>\n<meta name=\"robots\" content=\"index, follow, max-snippet:-1, max-image-preview:large, max-video-preview:-1\" \/>\n<link rel=\"canonical\" href=\"https:\/\/abaa.mx\/tienda\/calibrador-de-proceso-multifuncion-fluke-725-fpc-con-premium-care-de-un-ano\/\" \/>\n<meta property=\"og:locale\" content=\"es_MX\" \/>\n<meta property=\"og:type\" content=\"article\" \/>\n<meta property=\"og:title\" content=\"Calibrador de proceso multifunci\u00f3n fluke 725 fpc con premium care de un a\u00f1o - Abaa tienda online\" \/>\n<meta property=\"og:description\" content=\"Ligero y f\u00e1cil de usar, este potente calibrador de procesos obtiene y mide muchos par\u00e1metros de proceso y dispositivos de proceso de prueba. Adem\u00e1s, presenta una forma peque\u00f1a y aerodin\u00e1mica y un dise\u00f1o resistente y confiable que lo hace ideal para soportar condiciones de campo adversas, y viene con un plan de atenci\u00f3n premium de un a\u00f1o.\" \/>\n<meta property=\"og:url\" content=\"https:\/\/abaa.mx\/tienda\/calibrador-de-proceso-multifuncion-fluke-725-fpc-con-premium-care-de-un-ano\/\" \/>\n<meta property=\"og:site_name\" content=\"Abaa tienda online\" \/>\n<meta property=\"article:modified_time\" content=\"2023-11-24T17:28:50+00:00\" \/>\n<meta property=\"og:image\" content=\"https:\/\/abaa.mx\/tienda\/wp-content\/uploads\/2023\/09\/FPC.jpg\" \/>\n\t<meta property=\"og:image:width\" content=\"600\" \/>\n\t<meta property=\"og:image:height\" content=\"600\" \/>\n\t<meta property=\"og:image:type\" content=\"image\/jpeg\" \/>\n<meta name=\"twitter:card\" content=\"summary_large_image\" \/>\n<meta name=\"twitter:label1\" content=\"Tiempo de lectura\" \/>\n\t<meta name=\"twitter:data1\" content=\"4 minutos\" \/>\n<script type=\"application\/ld+json\" class=\"yoast-schema-graph\">{\"@context\":\"https:\/\/schema.org\",\"@graph\":[{\"@type\":\"WebPage\",\"@id\":\"https:\/\/abaa.mx\/tienda\/calibrador-de-proceso-multifuncion-fluke-725-fpc-con-premium-care-de-un-ano\/\",\"url\":\"https:\/\/abaa.mx\/tienda\/calibrador-de-proceso-multifuncion-fluke-725-fpc-con-premium-care-de-un-ano\/\",\"name\":\"Calibrador de proceso multifunci\u00f3n fluke 725 fpc con premium care de un a\u00f1o - Abaa tienda online\",\"isPartOf\":{\"@id\":\"https:\/\/abaa.mx\/tienda\/#website\"},\"primaryImageOfPage\":{\"@id\":\"https:\/\/abaa.mx\/tienda\/calibrador-de-proceso-multifuncion-fluke-725-fpc-con-premium-care-de-un-ano\/#primaryimage\"},\"image\":{\"@id\":\"https:\/\/abaa.mx\/tienda\/calibrador-de-proceso-multifuncion-fluke-725-fpc-con-premium-care-de-un-ano\/#primaryimage\"},\"thumbnailUrl\":\"https:\/\/abaa.mx\/tienda\/wp-content\/uploads\/2023\/09\/FPC.jpg\",\"datePublished\":\"2023-09-27T21:56:46+00:00\",\"dateModified\":\"2023-11-24T17:28:50+00:00\",\"breadcrumb\":{\"@id\":\"https:\/\/abaa.mx\/tienda\/calibrador-de-proceso-multifuncion-fluke-725-fpc-con-premium-care-de-un-ano\/#breadcrumb\"},\"inLanguage\":\"es\",\"potentialAction\":[{\"@type\":\"ReadAction\",\"target\":[\"https:\/\/abaa.mx\/tienda\/calibrador-de-proceso-multifuncion-fluke-725-fpc-con-premium-care-de-un-ano\/\"]}]},{\"@type\":\"ImageObject\",\"inLanguage\":\"es\",\"@id\":\"https:\/\/abaa.mx\/tienda\/calibrador-de-proceso-multifuncion-fluke-725-fpc-con-premium-care-de-un-ano\/#primaryimage\",\"url\":\"https:\/\/abaa.mx\/tienda\/wp-content\/uploads\/2023\/09\/FPC.jpg\",\"contentUrl\":\"https:\/\/abaa.mx\/tienda\/wp-content\/uploads\/2023\/09\/FPC.jpg\",\"width\":600,\"height\":600,\"caption\":\"calibrador-de-proceso-multifuncion-fluke-725-fpc-con-premium-care-de-un-ano\"},{\"@type\":\"BreadcrumbList\",\"@id\":\"https:\/\/abaa.mx\/tienda\/calibrador-de-proceso-multifuncion-fluke-725-fpc-con-premium-care-de-un-ano\/#breadcrumb\",\"itemListElement\":[{\"@type\":\"ListItem\",\"position\":1,\"name\":\"Inicio\",\"item\":\"https:\/\/abaa.mx\/tienda\/\"},{\"@type\":\"ListItem\",\"position\":2,\"name\":\"Tienda\",\"item\":\"https:\/\/abaa.mx\/tienda\/\"},{\"@type\":\"ListItem\",\"position\":3,\"name\":\"Calibrador de proceso multifunci\u00f3n fluke 725 fpc con premium care de un a\u00f1o\"}]},{\"@type\":\"WebSite\",\"@id\":\"https:\/\/abaa.mx\/tienda\/#website\",\"url\":\"https:\/\/abaa.mx\/tienda\/\",\"name\":\"Abaa tienda online\",\"description\":\"Instrumentos de medici\u00f3n\",\"publisher\":{\"@id\":\"https:\/\/abaa.mx\/tienda\/#organization\"},\"potentialAction\":[{\"@type\":\"SearchAction\",\"target\":{\"@type\":\"EntryPoint\",\"urlTemplate\":\"https:\/\/abaa.mx\/tienda\/?s={search_term_string}\"},\"query-input\":{\"@type\":\"PropertyValueSpecification\",\"valueRequired\":true,\"valueName\":\"search_term_string\"}}],\"inLanguage\":\"es\"},{\"@type\":\"Organization\",\"@id\":\"https:\/\/abaa.mx\/tienda\/#organization\",\"name\":\"Abaa tienda online\",\"url\":\"https:\/\/abaa.mx\/tienda\/\",\"logo\":{\"@type\":\"ImageObject\",\"inLanguage\":\"es\",\"@id\":\"https:\/\/abaa.mx\/tienda\/#\/schema\/logo\/image\/\",\"url\":\"https:\/\/abaa.mx\/tienda\/wp-content\/uploads\/2024\/01\/abaa-metrologia-tienda.png\",\"contentUrl\":\"https:\/\/abaa.mx\/tienda\/wp-content\/uploads\/2024\/01\/abaa-metrologia-tienda.png\",\"width\":300,\"height\":141,\"caption\":\"Abaa tienda online\"},\"image\":{\"@id\":\"https:\/\/abaa.mx\/tienda\/#\/schema\/logo\/image\/\"}}]}<\/script>\n<!-- \/ Yoast SEO plugin. -->","yoast_head_json":{"title":"Calibrador de proceso multifunci\u00f3n fluke 725 fpc con premium care de un a\u00f1o - Abaa tienda online","robots":{"index":"index","follow":"follow","max-snippet":"max-snippet:-1","max-image-preview":"max-image-preview:large","max-video-preview":"max-video-preview:-1"},"canonical":"https:\/\/abaa.mx\/tienda\/calibrador-de-proceso-multifuncion-fluke-725-fpc-con-premium-care-de-un-ano\/","og_locale":"es_MX","og_type":"article","og_title":"Calibrador de proceso multifunci\u00f3n fluke 725 fpc con premium care de un a\u00f1o - Abaa tienda online","og_description":"Ligero y f\u00e1cil de usar, este potente calibrador de procesos obtiene y mide muchos par\u00e1metros de proceso y dispositivos de proceso de prueba. Adem\u00e1s, presenta una forma peque\u00f1a y aerodin\u00e1mica y un dise\u00f1o resistente y confiable que lo hace ideal para soportar condiciones de campo adversas, y viene con un plan de atenci\u00f3n premium de un a\u00f1o.","og_url":"https:\/\/abaa.mx\/tienda\/calibrador-de-proceso-multifuncion-fluke-725-fpc-con-premium-care-de-un-ano\/","og_site_name":"Abaa tienda online","article_modified_time":"2023-11-24T17:28:50+00:00","og_image":[{"width":600,"height":600,"url":"https:\/\/abaa.mx\/tienda\/wp-content\/uploads\/2023\/09\/FPC.jpg","type":"image\/jpeg"}],"twitter_card":"summary_large_image","twitter_misc":{"Tiempo de lectura":"4 minutos"},"schema":{"@context":"https:\/\/schema.org","@graph":[{"@type":"WebPage","@id":"https:\/\/abaa.mx\/tienda\/calibrador-de-proceso-multifuncion-fluke-725-fpc-con-premium-care-de-un-ano\/","url":"https:\/\/abaa.mx\/tienda\/calibrador-de-proceso-multifuncion-fluke-725-fpc-con-premium-care-de-un-ano\/","name":"Calibrador de proceso multifunci\u00f3n fluke 725 fpc con premium care de un a\u00f1o - Abaa tienda online","isPartOf":{"@id":"https:\/\/abaa.mx\/tienda\/#website"},"primaryImageOfPage":{"@id":"https:\/\/abaa.mx\/tienda\/calibrador-de-proceso-multifuncion-fluke-725-fpc-con-premium-care-de-un-ano\/#primaryimage"},"image":{"@id":"https:\/\/abaa.mx\/tienda\/calibrador-de-proceso-multifuncion-fluke-725-fpc-con-premium-care-de-un-ano\/#primaryimage"},"thumbnailUrl":"https:\/\/abaa.mx\/tienda\/wp-content\/uploads\/2023\/09\/FPC.jpg","datePublished":"2023-09-27T21:56:46+00:00","dateModified":"2023-11-24T17:28:50+00:00","breadcrumb":{"@id":"https:\/\/abaa.mx\/tienda\/calibrador-de-proceso-multifuncion-fluke-725-fpc-con-premium-care-de-un-ano\/#breadcrumb"},"inLanguage":"es","potentialAction":[{"@type":"ReadAction","target":["https:\/\/abaa.mx\/tienda\/calibrador-de-proceso-multifuncion-fluke-725-fpc-con-premium-care-de-un-ano\/"]}]},{"@type":"ImageObject","inLanguage":"es","@id":"https:\/\/abaa.mx\/tienda\/calibrador-de-proceso-multifuncion-fluke-725-fpc-con-premium-care-de-un-ano\/#primaryimage","url":"https:\/\/abaa.mx\/tienda\/wp-content\/uploads\/2023\/09\/FPC.jpg","contentUrl":"https:\/\/abaa.mx\/tienda\/wp-content\/uploads\/2023\/09\/FPC.jpg","width":600,"height":600,"caption":"calibrador-de-proceso-multifuncion-fluke-725-fpc-con-premium-care-de-un-ano"},{"@type":"BreadcrumbList","@id":"https:\/\/abaa.mx\/tienda\/calibrador-de-proceso-multifuncion-fluke-725-fpc-con-premium-care-de-un-ano\/#breadcrumb","itemListElement":[{"@type":"ListItem","position":1,"name":"Inicio","item":"https:\/\/abaa.mx\/tienda\/"},{"@type":"ListItem","position":2,"name":"Tienda","item":"https:\/\/abaa.mx\/tienda\/"},{"@type":"ListItem","position":3,"name":"Calibrador de proceso multifunci\u00f3n fluke 725 fpc con premium care de un a\u00f1o"}]},{"@type":"WebSite","@id":"https:\/\/abaa.mx\/tienda\/#website","url":"https:\/\/abaa.mx\/tienda\/","name":"Abaa tienda online","description":"Instrumentos de medici\u00f3n","publisher":{"@id":"https:\/\/abaa.mx\/tienda\/#organization"},"potentialAction":[{"@type":"SearchAction","target":{"@type":"EntryPoint","urlTemplate":"https:\/\/abaa.mx\/tienda\/?s={search_term_string}"},"query-input":{"@type":"PropertyValueSpecification","valueRequired":true,"valueName":"search_term_string"}}],"inLanguage":"es"},{"@type":"Organization","@id":"https:\/\/abaa.mx\/tienda\/#organization","name":"Abaa tienda online","url":"https:\/\/abaa.mx\/tienda\/","logo":{"@type":"ImageObject","inLanguage":"es","@id":"https:\/\/abaa.mx\/tienda\/#\/schema\/logo\/image\/","url":"https:\/\/abaa.mx\/tienda\/wp-content\/uploads\/2024\/01\/abaa-metrologia-tienda.png","contentUrl":"https:\/\/abaa.mx\/tienda\/wp-content\/uploads\/2024\/01\/abaa-metrologia-tienda.png","width":300,"height":141,"caption":"Abaa tienda online"},"image":{"@id":"https:\/\/abaa.mx\/tienda\/#\/schema\/logo\/image\/"}}]}},"_links":{"self":[{"href":"https:\/\/abaa.mx\/tienda\/wp-json\/wp\/v2\/product\/3418","targetHints":{"allow":["GET"]}}],"collection":[{"href":"https:\/\/abaa.mx\/tienda\/wp-json\/wp\/v2\/product"}],"about":[{"href":"https:\/\/abaa.mx\/tienda\/wp-json\/wp\/v2\/types\/product"}],"replies":[{"embeddable":true,"href":"https:\/\/abaa.mx\/tienda\/wp-json\/wp\/v2\/comments?post=3418"}],"wp:featuredmedia":[{"embeddable":true,"href":"https:\/\/abaa.mx\/tienda\/wp-json\/wp\/v2\/media\/3431"}],"wp:attachment":[{"href":"https:\/\/abaa.mx\/tienda\/wp-json\/wp\/v2\/media?parent=3418"}],"wp:term":[{"taxonomy":"product_brand","embeddable":true,"href":"https:\/\/abaa.mx\/tienda\/wp-json\/wp\/v2\/product_brand?post=3418"},{"taxonomy":"product_cat","embeddable":true,"href":"https:\/\/abaa.mx\/tienda\/wp-json\/wp\/v2\/product_cat?post=3418"},{"taxonomy":"product_tag","embeddable":true,"href":"https:\/\/abaa.mx\/tienda\/wp-json\/wp\/v2\/product_tag?post=3418"}],"curies":[{"name":"wp","href":"https:\/\/api.w.org\/{rel}","templated":true}]}}