{"id":3416,"date":"2023-09-27T21:56:40","date_gmt":"2023-09-27T21:56:40","guid":{"rendered":"https:\/\/abaa.mx\/tienda\/?post_type=product&#038;p=3416"},"modified":"2023-11-24T17:36:54","modified_gmt":"2023-11-24T17:36:54","slug":"comparador-de-presion-hidraulica-fluke-p5514b-70m-sellos-viton-70-mpa","status":"publish","type":"product","link":"https:\/\/abaa.mx\/tienda\/comparador-de-presion-hidraulica-fluke-p5514b-70m-sellos-viton-70-mpa\/","title":{"rendered":"Comparador de presi\u00f3n hidr\u00e1ulica fluke p5514b-70m, sellos viton, 70 mpa"},"content":{"rendered":"<p><strong>Fluke P5514B-70M:\u00a0<\/strong><\/p>\n<p>Con un sellado mejorado de la v\u00e1lvula del dep\u00f3sito, este comparador de presi\u00f3n hidr\u00e1ulica proporciona calibraciones precisas y confiables. El dise\u00f1o mejorado del collar giratorio de los puertos de prueba sin herramientas se conecta sin esfuerzo a los dispositivos bajo prueba (DUT).<\/p>\n<p>&nbsp;<\/p>\n<p><strong>Funciones:<\/strong><\/p>\n<ul>\n<li>Genera presiones de hasta 10,000 psi (70 MPA)<\/li>\n<li>El control de ajuste fino Vernier permite calibraciones de punto cardinal<\/li>\n<li>Los conectores de prueba sin herramientas proporcionan conexiones sencillas sin fugas<\/li>\n<li>Dise\u00f1o robusto con sellado mejorado de la v\u00e1lvula del dep\u00f3sito<\/li>\n<li>Los conectores de puerto de prueba incluyen adaptadores para tama\u00f1os comunes de NPT y BSP<\/li>\n<li>Uso en el banco o en el campo<\/li>\n<\/ul>\n<p>&nbsp;<\/p>\n<p><strong>Aplicaciones:<\/strong><\/p>\n<ul>\n<li>Calibraci\u00f3n de alta presi\u00f3n<\/li>\n<\/ul>\n<p>&nbsp;<\/p>\n<h4>Fluke P5514B-70M Especificaciones<\/h4>\n<table class=\"table table-striped\">\n<tbody>\n<tr>\n<td>Rango de presi\u00f3n<\/td>\n<td>0 a 10.000 psi (700 bar)<\/td>\n<\/tr>\n<tr>\n<td>Adaptadores de puerto de prueba<\/td>\n<td>2\/&lt;&gt; &lt;&gt;\/&lt;&gt; &lt;&gt;\/&lt;&gt; y &lt;&gt;\/&lt;&gt; TNP o BSP, &lt;&gt; juegos<\/td>\n<\/tr>\n<tr>\n<td>Volumen del yacimiento<\/td>\n<td>75 cc<\/td>\n<\/tr>\n<tr>\n<td>Desplazamiento de la prensa de tornillo<\/td>\n<td>20 cc<\/td>\n<\/tr>\n<tr>\n<td>Dimensiones<\/td>\n<td>11 x 11 x 10&#8243; (280 x 280 x 254 mm)<\/td>\n<\/tr>\n<tr>\n<td>Peso<\/td>\n<td>11 lbs (5 kg)<\/td>\n<\/tr>\n<\/tbody>\n<\/table>\n","protected":false},"excerpt":{"rendered":"<p class=\"short-description mhide ipad-view-setting\">Simple y robusto, este comparador de presi\u00f3n hidr\u00e1ulica calibra man\u00f3metros, interruptores y transductores con capacidades precisas y de ajuste fino. Con un dise\u00f1o ergon\u00f3mico y moderno, este comparador cuenta con sellos Viton, genera presi\u00f3n de hasta 10,000 psi (70 MPa) y se puede montar f\u00e1cilmente en un banco o usar en aplicaciones m\u00f3viles.<\/p>\n<div class=\"row-fluid\">\n<div class=\"span12 mobile-pricing-box-padding\">\n<form id=\"176743\" accept-charset=\"utf-8\" action=\"https:\/\/www.globaltestsupply.com\/shop\/add\" method=\"post\" name=\"addTocartFunction\">\n<div><\/div>\n<\/form>\n<\/div>\n<\/div>\n","protected":false},"featured_media":3429,"comment_status":"open","ping_status":"closed","template":"","meta":{"_joinchat":[]},"product_brand":[],"product_cat":[15],"product_tag":[],"class_list":{"0":"post-3416","1":"product","2":"type-product","3":"status-publish","4":"has-post-thumbnail","6":"product_cat-sin-categorizar","8":"first","9":"instock","10":"shipping-taxable","11":"product-type-simple"},"yoast_head":"<!-- This site is optimized with the Yoast SEO plugin v26.4 - https:\/\/yoast.com\/wordpress\/plugins\/seo\/ -->\n<title>Comparador de presi\u00f3n hidr\u00e1ulica fluke p5514b-70m, sellos viton, 70 mpa - Abaa tienda online<\/title>\n<meta name=\"robots\" content=\"index, follow, max-snippet:-1, max-image-preview:large, max-video-preview:-1\" \/>\n<link rel=\"canonical\" href=\"https:\/\/abaa.mx\/tienda\/comparador-de-presion-hidraulica-fluke-p5514b-70m-sellos-viton-70-mpa\/\" \/>\n<meta property=\"og:locale\" content=\"es_MX\" \/>\n<meta property=\"og:type\" content=\"article\" \/>\n<meta property=\"og:title\" content=\"Comparador de presi\u00f3n hidr\u00e1ulica fluke p5514b-70m, sellos viton, 70 mpa - Abaa tienda online\" \/>\n<meta property=\"og:description\" content=\"Simple y robusto, este comparador de presi\u00f3n hidr\u00e1ulica calibra man\u00f3metros, interruptores y transductores con capacidades precisas y de ajuste fino. Con un dise\u00f1o ergon\u00f3mico y moderno, este comparador cuenta con sellos Viton, genera presi\u00f3n de hasta 10,000 psi (70 MPa) y se puede montar f\u00e1cilmente en un banco o usar en aplicaciones m\u00f3viles.\" \/>\n<meta property=\"og:url\" content=\"https:\/\/abaa.mx\/tienda\/comparador-de-presion-hidraulica-fluke-p5514b-70m-sellos-viton-70-mpa\/\" \/>\n<meta property=\"og:site_name\" content=\"Abaa tienda online\" \/>\n<meta property=\"article:modified_time\" content=\"2023-11-24T17:36:54+00:00\" \/>\n<meta property=\"og:image\" content=\"https:\/\/abaa.mx\/tienda\/wp-content\/uploads\/2023\/09\/70M.jpg\" \/>\n\t<meta property=\"og:image:width\" content=\"900\" \/>\n\t<meta property=\"og:image:height\" content=\"900\" \/>\n\t<meta property=\"og:image:type\" content=\"image\/jpeg\" \/>\n<meta name=\"twitter:card\" content=\"summary_large_image\" \/>\n<meta name=\"twitter:label1\" content=\"Tiempo de lectura\" \/>\n\t<meta name=\"twitter:data1\" content=\"1 minuto\" \/>\n<script type=\"application\/ld+json\" class=\"yoast-schema-graph\">{\"@context\":\"https:\/\/schema.org\",\"@graph\":[{\"@type\":\"WebPage\",\"@id\":\"https:\/\/abaa.mx\/tienda\/comparador-de-presion-hidraulica-fluke-p5514b-70m-sellos-viton-70-mpa\/\",\"url\":\"https:\/\/abaa.mx\/tienda\/comparador-de-presion-hidraulica-fluke-p5514b-70m-sellos-viton-70-mpa\/\",\"name\":\"Comparador de presi\u00f3n hidr\u00e1ulica fluke p5514b-70m, sellos viton, 70 mpa - Abaa tienda online\",\"isPartOf\":{\"@id\":\"https:\/\/abaa.mx\/tienda\/#website\"},\"primaryImageOfPage\":{\"@id\":\"https:\/\/abaa.mx\/tienda\/comparador-de-presion-hidraulica-fluke-p5514b-70m-sellos-viton-70-mpa\/#primaryimage\"},\"image\":{\"@id\":\"https:\/\/abaa.mx\/tienda\/comparador-de-presion-hidraulica-fluke-p5514b-70m-sellos-viton-70-mpa\/#primaryimage\"},\"thumbnailUrl\":\"https:\/\/abaa.mx\/tienda\/wp-content\/uploads\/2023\/09\/70M.jpg\",\"datePublished\":\"2023-09-27T21:56:40+00:00\",\"dateModified\":\"2023-11-24T17:36:54+00:00\",\"breadcrumb\":{\"@id\":\"https:\/\/abaa.mx\/tienda\/comparador-de-presion-hidraulica-fluke-p5514b-70m-sellos-viton-70-mpa\/#breadcrumb\"},\"inLanguage\":\"es\",\"potentialAction\":[{\"@type\":\"ReadAction\",\"target\":[\"https:\/\/abaa.mx\/tienda\/comparador-de-presion-hidraulica-fluke-p5514b-70m-sellos-viton-70-mpa\/\"]}]},{\"@type\":\"ImageObject\",\"inLanguage\":\"es\",\"@id\":\"https:\/\/abaa.mx\/tienda\/comparador-de-presion-hidraulica-fluke-p5514b-70m-sellos-viton-70-mpa\/#primaryimage\",\"url\":\"https:\/\/abaa.mx\/tienda\/wp-content\/uploads\/2023\/09\/70M.jpg\",\"contentUrl\":\"https:\/\/abaa.mx\/tienda\/wp-content\/uploads\/2023\/09\/70M.jpg\",\"width\":900,\"height\":900,\"caption\":\"Fluke P5514B-70M\"},{\"@type\":\"BreadcrumbList\",\"@id\":\"https:\/\/abaa.mx\/tienda\/comparador-de-presion-hidraulica-fluke-p5514b-70m-sellos-viton-70-mpa\/#breadcrumb\",\"itemListElement\":[{\"@type\":\"ListItem\",\"position\":1,\"name\":\"Inicio\",\"item\":\"https:\/\/abaa.mx\/tienda\/\"},{\"@type\":\"ListItem\",\"position\":2,\"name\":\"Tienda\",\"item\":\"https:\/\/abaa.mx\/tienda\/\"},{\"@type\":\"ListItem\",\"position\":3,\"name\":\"Comparador de presi\u00f3n hidr\u00e1ulica fluke p5514b-70m, sellos viton, 70 mpa\"}]},{\"@type\":\"WebSite\",\"@id\":\"https:\/\/abaa.mx\/tienda\/#website\",\"url\":\"https:\/\/abaa.mx\/tienda\/\",\"name\":\"Abaa tienda online\",\"description\":\"Instrumentos de medici\u00f3n\",\"publisher\":{\"@id\":\"https:\/\/abaa.mx\/tienda\/#organization\"},\"potentialAction\":[{\"@type\":\"SearchAction\",\"target\":{\"@type\":\"EntryPoint\",\"urlTemplate\":\"https:\/\/abaa.mx\/tienda\/?s={search_term_string}\"},\"query-input\":{\"@type\":\"PropertyValueSpecification\",\"valueRequired\":true,\"valueName\":\"search_term_string\"}}],\"inLanguage\":\"es\"},{\"@type\":\"Organization\",\"@id\":\"https:\/\/abaa.mx\/tienda\/#organization\",\"name\":\"Abaa tienda online\",\"url\":\"https:\/\/abaa.mx\/tienda\/\",\"logo\":{\"@type\":\"ImageObject\",\"inLanguage\":\"es\",\"@id\":\"https:\/\/abaa.mx\/tienda\/#\/schema\/logo\/image\/\",\"url\":\"https:\/\/abaa.mx\/tienda\/wp-content\/uploads\/2024\/01\/abaa-metrologia-tienda.png\",\"contentUrl\":\"https:\/\/abaa.mx\/tienda\/wp-content\/uploads\/2024\/01\/abaa-metrologia-tienda.png\",\"width\":300,\"height\":141,\"caption\":\"Abaa tienda online\"},\"image\":{\"@id\":\"https:\/\/abaa.mx\/tienda\/#\/schema\/logo\/image\/\"}}]}<\/script>\n<!-- \/ Yoast SEO plugin. -->","yoast_head_json":{"title":"Comparador de presi\u00f3n hidr\u00e1ulica fluke p5514b-70m, sellos viton, 70 mpa - Abaa tienda online","robots":{"index":"index","follow":"follow","max-snippet":"max-snippet:-1","max-image-preview":"max-image-preview:large","max-video-preview":"max-video-preview:-1"},"canonical":"https:\/\/abaa.mx\/tienda\/comparador-de-presion-hidraulica-fluke-p5514b-70m-sellos-viton-70-mpa\/","og_locale":"es_MX","og_type":"article","og_title":"Comparador de presi\u00f3n hidr\u00e1ulica fluke p5514b-70m, sellos viton, 70 mpa - Abaa tienda online","og_description":"Simple y robusto, este comparador de presi\u00f3n hidr\u00e1ulica calibra man\u00f3metros, interruptores y transductores con capacidades precisas y de ajuste fino. Con un dise\u00f1o ergon\u00f3mico y moderno, este comparador cuenta con sellos Viton, genera presi\u00f3n de hasta 10,000 psi (70 MPa) y se puede montar f\u00e1cilmente en un banco o usar en aplicaciones m\u00f3viles.","og_url":"https:\/\/abaa.mx\/tienda\/comparador-de-presion-hidraulica-fluke-p5514b-70m-sellos-viton-70-mpa\/","og_site_name":"Abaa tienda online","article_modified_time":"2023-11-24T17:36:54+00:00","og_image":[{"width":900,"height":900,"url":"https:\/\/abaa.mx\/tienda\/wp-content\/uploads\/2023\/09\/70M.jpg","type":"image\/jpeg"}],"twitter_card":"summary_large_image","twitter_misc":{"Tiempo de lectura":"1 minuto"},"schema":{"@context":"https:\/\/schema.org","@graph":[{"@type":"WebPage","@id":"https:\/\/abaa.mx\/tienda\/comparador-de-presion-hidraulica-fluke-p5514b-70m-sellos-viton-70-mpa\/","url":"https:\/\/abaa.mx\/tienda\/comparador-de-presion-hidraulica-fluke-p5514b-70m-sellos-viton-70-mpa\/","name":"Comparador de presi\u00f3n hidr\u00e1ulica fluke p5514b-70m, sellos viton, 70 mpa - Abaa tienda online","isPartOf":{"@id":"https:\/\/abaa.mx\/tienda\/#website"},"primaryImageOfPage":{"@id":"https:\/\/abaa.mx\/tienda\/comparador-de-presion-hidraulica-fluke-p5514b-70m-sellos-viton-70-mpa\/#primaryimage"},"image":{"@id":"https:\/\/abaa.mx\/tienda\/comparador-de-presion-hidraulica-fluke-p5514b-70m-sellos-viton-70-mpa\/#primaryimage"},"thumbnailUrl":"https:\/\/abaa.mx\/tienda\/wp-content\/uploads\/2023\/09\/70M.jpg","datePublished":"2023-09-27T21:56:40+00:00","dateModified":"2023-11-24T17:36:54+00:00","breadcrumb":{"@id":"https:\/\/abaa.mx\/tienda\/comparador-de-presion-hidraulica-fluke-p5514b-70m-sellos-viton-70-mpa\/#breadcrumb"},"inLanguage":"es","potentialAction":[{"@type":"ReadAction","target":["https:\/\/abaa.mx\/tienda\/comparador-de-presion-hidraulica-fluke-p5514b-70m-sellos-viton-70-mpa\/"]}]},{"@type":"ImageObject","inLanguage":"es","@id":"https:\/\/abaa.mx\/tienda\/comparador-de-presion-hidraulica-fluke-p5514b-70m-sellos-viton-70-mpa\/#primaryimage","url":"https:\/\/abaa.mx\/tienda\/wp-content\/uploads\/2023\/09\/70M.jpg","contentUrl":"https:\/\/abaa.mx\/tienda\/wp-content\/uploads\/2023\/09\/70M.jpg","width":900,"height":900,"caption":"Fluke P5514B-70M"},{"@type":"BreadcrumbList","@id":"https:\/\/abaa.mx\/tienda\/comparador-de-presion-hidraulica-fluke-p5514b-70m-sellos-viton-70-mpa\/#breadcrumb","itemListElement":[{"@type":"ListItem","position":1,"name":"Inicio","item":"https:\/\/abaa.mx\/tienda\/"},{"@type":"ListItem","position":2,"name":"Tienda","item":"https:\/\/abaa.mx\/tienda\/"},{"@type":"ListItem","position":3,"name":"Comparador de presi\u00f3n hidr\u00e1ulica fluke p5514b-70m, sellos viton, 70 mpa"}]},{"@type":"WebSite","@id":"https:\/\/abaa.mx\/tienda\/#website","url":"https:\/\/abaa.mx\/tienda\/","name":"Abaa tienda online","description":"Instrumentos de medici\u00f3n","publisher":{"@id":"https:\/\/abaa.mx\/tienda\/#organization"},"potentialAction":[{"@type":"SearchAction","target":{"@type":"EntryPoint","urlTemplate":"https:\/\/abaa.mx\/tienda\/?s={search_term_string}"},"query-input":{"@type":"PropertyValueSpecification","valueRequired":true,"valueName":"search_term_string"}}],"inLanguage":"es"},{"@type":"Organization","@id":"https:\/\/abaa.mx\/tienda\/#organization","name":"Abaa tienda online","url":"https:\/\/abaa.mx\/tienda\/","logo":{"@type":"ImageObject","inLanguage":"es","@id":"https:\/\/abaa.mx\/tienda\/#\/schema\/logo\/image\/","url":"https:\/\/abaa.mx\/tienda\/wp-content\/uploads\/2024\/01\/abaa-metrologia-tienda.png","contentUrl":"https:\/\/abaa.mx\/tienda\/wp-content\/uploads\/2024\/01\/abaa-metrologia-tienda.png","width":300,"height":141,"caption":"Abaa tienda online"},"image":{"@id":"https:\/\/abaa.mx\/tienda\/#\/schema\/logo\/image\/"}}]}},"_links":{"self":[{"href":"https:\/\/abaa.mx\/tienda\/wp-json\/wp\/v2\/product\/3416","targetHints":{"allow":["GET"]}}],"collection":[{"href":"https:\/\/abaa.mx\/tienda\/wp-json\/wp\/v2\/product"}],"about":[{"href":"https:\/\/abaa.mx\/tienda\/wp-json\/wp\/v2\/types\/product"}],"replies":[{"embeddable":true,"href":"https:\/\/abaa.mx\/tienda\/wp-json\/wp\/v2\/comments?post=3416"}],"wp:featuredmedia":[{"embeddable":true,"href":"https:\/\/abaa.mx\/tienda\/wp-json\/wp\/v2\/media\/3429"}],"wp:attachment":[{"href":"https:\/\/abaa.mx\/tienda\/wp-json\/wp\/v2\/media?parent=3416"}],"wp:term":[{"taxonomy":"product_brand","embeddable":true,"href":"https:\/\/abaa.mx\/tienda\/wp-json\/wp\/v2\/product_brand?post=3416"},{"taxonomy":"product_cat","embeddable":true,"href":"https:\/\/abaa.mx\/tienda\/wp-json\/wp\/v2\/product_cat?post=3416"},{"taxonomy":"product_tag","embeddable":true,"href":"https:\/\/abaa.mx\/tienda\/wp-json\/wp\/v2\/product_tag?post=3416"}],"curies":[{"name":"wp","href":"https:\/\/api.w.org\/{rel}","templated":true}]}}