{"id":3388,"date":"2023-09-27T21:17:51","date_gmt":"2023-09-27T21:17:51","guid":{"rendered":"https:\/\/abaa.mx\/tienda\/?post_type=product&#038;p=3388"},"modified":"2023-12-06T19:15:40","modified_gmt":"2023-12-06T19:15:40","slug":"dwyer-dh-002-controlador-de-presion-diferencial-digihelica-0-2500-w-c","status":"publish","type":"product","link":"https:\/\/abaa.mx\/tienda\/dwyer-dh-002-controlador-de-presion-diferencial-digihelica-0-2500-w-c\/","title":{"rendered":"Dwyer dh-002 controlador de presi\u00f3n diferencial digih\u00e9lica (0.2500 &#8220;w.c.)"},"content":{"rendered":"<p>Instrumento 3 en 1 que posee un medidor de pantalla digital, interruptores de rel\u00e9 de control y un transmisor con salida de corriente. La combinaci\u00f3n de estas 3 caracter\u00edsticas permite la reducci\u00f3n de varios instrumentos con un solo producto, ahorrando inventario, tiempo de instalaci\u00f3n y dinero.<\/p>\n<h4>Dwyer DH-002 Ofertas<\/h4>\n<p><strong>Funciones<\/strong><\/p>\n<ul>\n<li>El instrumento ideal para aplicaciones de presi\u00f3n, velocidad y flujo, logrando una precisi\u00f3n de escala completa del 0,5% en rangos de 0,25 a 100 pulgadas. W.C<\/li>\n<li>Permite la selecci\u00f3n de la presi\u00f3n, la velocidad o la operaci\u00f3n de flujo volum\u00e9trico en varias unidades de ingenier\u00eda de uso com\u00fan<\/li>\n<li>Se proporcionan dos rel\u00e9s de control SPDT con bandas muertas ajustables junto con una salida de proceso escalable de 4-20 mA<\/li>\n<li>En los modos de velocidad de flujo, se proporciona una salida de ra\u00edz cuadrada en la se\u00f1al de 4-20 mA para que coincida con la curva de flujo real<\/li>\n<li>Proporciona una flexibilidad extrema en el uso de energ\u00eda al permitir una alimentaci\u00f3n de 120\/220 VCA y tambi\u00e9n de 24 VCC que se utiliza a menudo en los paneles de control<\/li>\n<li>La programaci\u00f3n es f\u00e1cil utilizando la tecla de men\u00fa para acceder a 5 men\u00fas simplificados que proporcionan acceso a: nivel de seguridad; selecci\u00f3n de la operaci\u00f3n de presi\u00f3n, velocidad o flujo; selecci\u00f3n de unidades de ingenier\u00eda; Factor K para uso con sensores de flujo; conducto rectangular o circular para el \u00e1rea de entrada en aplicaciones de flujo; control de punto de ajuste o operaci\u00f3n de punto de ajuste y alarma; operaci\u00f3n de alarma como alarma alta, baja o alta \/ baja; reinicio autom\u00e1tico o manual de alarma; retardo de alarma; ver lecturas de procesos de picos y valles; amortiguaci\u00f3n digital para suavizar aplicaciones de procesos err\u00e1ticos; escalar la salida del proceso de 4-20 mA para adaptarse al rango de su aplicaci\u00f3n; Comunicaciones Modbus; y calibraci\u00f3n de campo<\/li>\n<\/ul>\n<p><strong>Aplicaciones<\/strong><\/p>\n<ul>\n<li>Flujo SCFM en conductos<\/li>\n<li>Flujo de aire para hornos industriales<\/li>\n<li>Estado del filtro<\/li>\n<li>Presi\u00f3n de sala limpia<\/li>\n<li>Flujo de aire de campana extractora<\/li>\n<li>Presiones de la sala m\u00e9dica<\/li>\n<li>Presiones est\u00e1ticas en conductos o edificios<\/li>\n<li>Control del amortiguador<\/li>\n<li>Control del ventilador<\/li>\n<\/ul>\n<h4>Dwyer DH-002 Especificaciones<\/h4>\n<table class=\"table table-striped\">\n<tbody>\n<tr>\n<td>Servicio<\/td>\n<td>Aire y gases compatibles no combustibles y no conductores<\/td>\n<\/tr>\n<tr>\n<td>Materiales h\u00famedos<\/td>\n<td>Consultar f\u00e1brica<\/td>\n<\/tr>\n<tr>\n<td>Material de la carcasa<\/td>\n<td>Pl\u00e1stico ABS, aprobado por UL 94-V-0<\/td>\n<\/tr>\n<tr>\n<td>Exactitud<\/td>\n<td>\u00b10.5% a 77\u00b0F (25\u00b0C), incluyendo hist\u00e9resis y repetibilidad<\/td>\n<\/tr>\n<tr>\n<td>Estabilidad<\/td>\n<td>\u2264\u00b11% anual<\/td>\n<\/tr>\n<tr>\n<td>L\u00edmites de temperatura<\/td>\n<td>32 a 140\u00b0F (0 a 60\u00b0C)<\/td>\n<\/tr>\n<tr>\n<td>L\u00edmites de temperatura compensados<\/td>\n<td>32 a 140\u00b0F (0 a 60\u00b0C)<\/td>\n<\/tr>\n<tr>\n<td>Efectos t\u00e9rmicos<\/td>\n<td>0.020%\/\u00b0F (0.036\/\u00b0C) desde 77\u00b0F (25\u00b0C)<\/td>\n<\/tr>\n<tr>\n<td>Potencia de bajo voltaje<\/td>\n<td>24 VCA \u00b120%<\/td>\n<\/tr>\n<tr>\n<td>Potencia de alto voltaje<\/td>\n<td>100 a 240 VCA, 132 a 240 VCC &#8211; 7 VA m\u00e1x.<\/td>\n<\/tr>\n<tr>\n<td>Se\u00f1al de salida<\/td>\n<td>4 a 20 mA CC a 900 ohmios m\u00e1x.<\/td>\n<\/tr>\n<tr>\n<td>Tiempo de respuesta<\/td>\n<td>250 ms<\/td>\n<\/tr>\n<tr>\n<td>Monitor<\/td>\n<td>LCD de 4 d\u00edgitos de 0.4&#8243; de altura. Indicadores LED para el punto de ajuste y el estado de alarma<\/td>\n<\/tr>\n<tr>\n<td>Conexiones el\u00e9ctricas<\/td>\n<td>Terminales de tornillo<\/td>\n<\/tr>\n<tr>\n<td>Conexiones de proceso<\/td>\n<td>Racor de compresi\u00f3n para uso con\u00a0<sup>3<\/sup>\u2044<sub>16<\/sub>Tuber\u00eda de identificaci\u00f3n &#8220;OD x 1\/8&#8221;<\/td>\n<\/tr>\n<tr>\n<td>Clasificaci\u00f3n de la carcasa<\/td>\n<td>Cara dise\u00f1ada para cumplir con NEMA 4X (IP66)<\/td>\n<\/tr>\n<tr>\n<td>Orientaci\u00f3n de montaje<\/td>\n<td>Unidad de montaje en plano horizontal<\/td>\n<\/tr>\n<\/tbody>\n<\/table>\n","protected":false},"excerpt":{"rendered":"<p>Instrumento 3 en 1 que posee un medidor de pantalla digital, interruptores de rel\u00e9 de control y un transmisor con salida de corriente. La combinaci\u00f3n de estas 3 caracter\u00edsticas permite la reducci\u00f3n de varios instrumentos con un solo producto, ahorrando inventario, tiempo de instalaci\u00f3n y dinero.<\/p>\n","protected":false},"featured_media":3394,"comment_status":"open","ping_status":"closed","template":"","meta":{"_joinchat":[]},"product_brand":[],"product_cat":[15],"product_tag":[],"class_list":{"0":"post-3388","1":"product","2":"type-product","3":"status-publish","4":"has-post-thumbnail","6":"product_cat-sin-categorizar","8":"first","9":"instock","10":"shipping-taxable","11":"product-type-simple"},"yoast_head":"<!-- This site is optimized with the Yoast SEO plugin v26.4 - https:\/\/yoast.com\/wordpress\/plugins\/seo\/ -->\n<title>Dwyer dh-002 controlador de presi\u00f3n diferencial digih\u00e9lica (0.2500 &quot;w.c.) - Abaa tienda online<\/title>\n<meta name=\"robots\" content=\"index, follow, max-snippet:-1, max-image-preview:large, max-video-preview:-1\" \/>\n<link rel=\"canonical\" href=\"https:\/\/abaa.mx\/tienda\/dwyer-dh-002-controlador-de-presion-diferencial-digihelica-0-2500-w-c\/\" \/>\n<meta property=\"og:locale\" content=\"es_MX\" \/>\n<meta property=\"og:type\" content=\"article\" \/>\n<meta property=\"og:title\" content=\"Dwyer dh-002 controlador de presi\u00f3n diferencial digih\u00e9lica (0.2500 &quot;w.c.) - Abaa tienda online\" \/>\n<meta property=\"og:description\" content=\"Instrumento 3 en 1 que posee un medidor de pantalla digital, interruptores de rel\u00e9 de control y un transmisor con salida de corriente. La combinaci\u00f3n de estas 3 caracter\u00edsticas permite la reducci\u00f3n de varios instrumentos con un solo producto, ahorrando inventario, tiempo de instalaci\u00f3n y dinero.\" \/>\n<meta property=\"og:url\" content=\"https:\/\/abaa.mx\/tienda\/dwyer-dh-002-controlador-de-presion-diferencial-digihelica-0-2500-w-c\/\" \/>\n<meta property=\"og:site_name\" content=\"Abaa tienda online\" \/>\n<meta property=\"article:modified_time\" content=\"2023-12-06T19:15:40+00:00\" \/>\n<meta property=\"og:image\" content=\"https:\/\/abaa.mx\/tienda\/wp-content\/uploads\/2023\/09\/DH-002.jpg\" \/>\n\t<meta property=\"og:image:width\" content=\"270\" \/>\n\t<meta property=\"og:image:height\" content=\"270\" \/>\n\t<meta property=\"og:image:type\" content=\"image\/jpeg\" \/>\n<meta name=\"twitter:card\" content=\"summary_large_image\" \/>\n<meta name=\"twitter:label1\" content=\"Tiempo de lectura\" \/>\n\t<meta name=\"twitter:data1\" content=\"3 minutos\" \/>\n<script type=\"application\/ld+json\" class=\"yoast-schema-graph\">{\"@context\":\"https:\/\/schema.org\",\"@graph\":[{\"@type\":\"WebPage\",\"@id\":\"https:\/\/abaa.mx\/tienda\/dwyer-dh-002-controlador-de-presion-diferencial-digihelica-0-2500-w-c\/\",\"url\":\"https:\/\/abaa.mx\/tienda\/dwyer-dh-002-controlador-de-presion-diferencial-digihelica-0-2500-w-c\/\",\"name\":\"Dwyer dh-002 controlador de presi\u00f3n diferencial digih\u00e9lica (0.2500 \\\"w.c.) - Abaa tienda online\",\"isPartOf\":{\"@id\":\"https:\/\/abaa.mx\/tienda\/#website\"},\"primaryImageOfPage\":{\"@id\":\"https:\/\/abaa.mx\/tienda\/dwyer-dh-002-controlador-de-presion-diferencial-digihelica-0-2500-w-c\/#primaryimage\"},\"image\":{\"@id\":\"https:\/\/abaa.mx\/tienda\/dwyer-dh-002-controlador-de-presion-diferencial-digihelica-0-2500-w-c\/#primaryimage\"},\"thumbnailUrl\":\"https:\/\/abaa.mx\/tienda\/wp-content\/uploads\/2023\/09\/DH-002.jpg\",\"datePublished\":\"2023-09-27T21:17:51+00:00\",\"dateModified\":\"2023-12-06T19:15:40+00:00\",\"breadcrumb\":{\"@id\":\"https:\/\/abaa.mx\/tienda\/dwyer-dh-002-controlador-de-presion-diferencial-digihelica-0-2500-w-c\/#breadcrumb\"},\"inLanguage\":\"es\",\"potentialAction\":[{\"@type\":\"ReadAction\",\"target\":[\"https:\/\/abaa.mx\/tienda\/dwyer-dh-002-controlador-de-presion-diferencial-digihelica-0-2500-w-c\/\"]}]},{\"@type\":\"ImageObject\",\"inLanguage\":\"es\",\"@id\":\"https:\/\/abaa.mx\/tienda\/dwyer-dh-002-controlador-de-presion-diferencial-digihelica-0-2500-w-c\/#primaryimage\",\"url\":\"https:\/\/abaa.mx\/tienda\/wp-content\/uploads\/2023\/09\/DH-002.jpg\",\"contentUrl\":\"https:\/\/abaa.mx\/tienda\/wp-content\/uploads\/2023\/09\/DH-002.jpg\",\"width\":270,\"height\":270,\"caption\":\"DH-002\"},{\"@type\":\"BreadcrumbList\",\"@id\":\"https:\/\/abaa.mx\/tienda\/dwyer-dh-002-controlador-de-presion-diferencial-digihelica-0-2500-w-c\/#breadcrumb\",\"itemListElement\":[{\"@type\":\"ListItem\",\"position\":1,\"name\":\"Inicio\",\"item\":\"https:\/\/abaa.mx\/tienda\/\"},{\"@type\":\"ListItem\",\"position\":2,\"name\":\"Tienda\",\"item\":\"https:\/\/abaa.mx\/tienda\/\"},{\"@type\":\"ListItem\",\"position\":3,\"name\":\"Dwyer dh-002 controlador de presi\u00f3n diferencial digih\u00e9lica (0.2500 &#8220;w.c.)\"}]},{\"@type\":\"WebSite\",\"@id\":\"https:\/\/abaa.mx\/tienda\/#website\",\"url\":\"https:\/\/abaa.mx\/tienda\/\",\"name\":\"Abaa tienda online\",\"description\":\"Instrumentos de medici\u00f3n\",\"publisher\":{\"@id\":\"https:\/\/abaa.mx\/tienda\/#organization\"},\"potentialAction\":[{\"@type\":\"SearchAction\",\"target\":{\"@type\":\"EntryPoint\",\"urlTemplate\":\"https:\/\/abaa.mx\/tienda\/?s={search_term_string}\"},\"query-input\":{\"@type\":\"PropertyValueSpecification\",\"valueRequired\":true,\"valueName\":\"search_term_string\"}}],\"inLanguage\":\"es\"},{\"@type\":\"Organization\",\"@id\":\"https:\/\/abaa.mx\/tienda\/#organization\",\"name\":\"Abaa tienda online\",\"url\":\"https:\/\/abaa.mx\/tienda\/\",\"logo\":{\"@type\":\"ImageObject\",\"inLanguage\":\"es\",\"@id\":\"https:\/\/abaa.mx\/tienda\/#\/schema\/logo\/image\/\",\"url\":\"https:\/\/abaa.mx\/tienda\/wp-content\/uploads\/2024\/01\/abaa-metrologia-tienda.png\",\"contentUrl\":\"https:\/\/abaa.mx\/tienda\/wp-content\/uploads\/2024\/01\/abaa-metrologia-tienda.png\",\"width\":300,\"height\":141,\"caption\":\"Abaa tienda online\"},\"image\":{\"@id\":\"https:\/\/abaa.mx\/tienda\/#\/schema\/logo\/image\/\"}}]}<\/script>\n<!-- \/ Yoast SEO plugin. -->","yoast_head_json":{"title":"Dwyer dh-002 controlador de presi\u00f3n diferencial digih\u00e9lica (0.2500 \"w.c.) - Abaa tienda online","robots":{"index":"index","follow":"follow","max-snippet":"max-snippet:-1","max-image-preview":"max-image-preview:large","max-video-preview":"max-video-preview:-1"},"canonical":"https:\/\/abaa.mx\/tienda\/dwyer-dh-002-controlador-de-presion-diferencial-digihelica-0-2500-w-c\/","og_locale":"es_MX","og_type":"article","og_title":"Dwyer dh-002 controlador de presi\u00f3n diferencial digih\u00e9lica (0.2500 \"w.c.) - Abaa tienda online","og_description":"Instrumento 3 en 1 que posee un medidor de pantalla digital, interruptores de rel\u00e9 de control y un transmisor con salida de corriente. La combinaci\u00f3n de estas 3 caracter\u00edsticas permite la reducci\u00f3n de varios instrumentos con un solo producto, ahorrando inventario, tiempo de instalaci\u00f3n y dinero.","og_url":"https:\/\/abaa.mx\/tienda\/dwyer-dh-002-controlador-de-presion-diferencial-digihelica-0-2500-w-c\/","og_site_name":"Abaa tienda online","article_modified_time":"2023-12-06T19:15:40+00:00","og_image":[{"width":270,"height":270,"url":"https:\/\/abaa.mx\/tienda\/wp-content\/uploads\/2023\/09\/DH-002.jpg","type":"image\/jpeg"}],"twitter_card":"summary_large_image","twitter_misc":{"Tiempo de lectura":"3 minutos"},"schema":{"@context":"https:\/\/schema.org","@graph":[{"@type":"WebPage","@id":"https:\/\/abaa.mx\/tienda\/dwyer-dh-002-controlador-de-presion-diferencial-digihelica-0-2500-w-c\/","url":"https:\/\/abaa.mx\/tienda\/dwyer-dh-002-controlador-de-presion-diferencial-digihelica-0-2500-w-c\/","name":"Dwyer dh-002 controlador de presi\u00f3n diferencial digih\u00e9lica (0.2500 \"w.c.) - Abaa tienda online","isPartOf":{"@id":"https:\/\/abaa.mx\/tienda\/#website"},"primaryImageOfPage":{"@id":"https:\/\/abaa.mx\/tienda\/dwyer-dh-002-controlador-de-presion-diferencial-digihelica-0-2500-w-c\/#primaryimage"},"image":{"@id":"https:\/\/abaa.mx\/tienda\/dwyer-dh-002-controlador-de-presion-diferencial-digihelica-0-2500-w-c\/#primaryimage"},"thumbnailUrl":"https:\/\/abaa.mx\/tienda\/wp-content\/uploads\/2023\/09\/DH-002.jpg","datePublished":"2023-09-27T21:17:51+00:00","dateModified":"2023-12-06T19:15:40+00:00","breadcrumb":{"@id":"https:\/\/abaa.mx\/tienda\/dwyer-dh-002-controlador-de-presion-diferencial-digihelica-0-2500-w-c\/#breadcrumb"},"inLanguage":"es","potentialAction":[{"@type":"ReadAction","target":["https:\/\/abaa.mx\/tienda\/dwyer-dh-002-controlador-de-presion-diferencial-digihelica-0-2500-w-c\/"]}]},{"@type":"ImageObject","inLanguage":"es","@id":"https:\/\/abaa.mx\/tienda\/dwyer-dh-002-controlador-de-presion-diferencial-digihelica-0-2500-w-c\/#primaryimage","url":"https:\/\/abaa.mx\/tienda\/wp-content\/uploads\/2023\/09\/DH-002.jpg","contentUrl":"https:\/\/abaa.mx\/tienda\/wp-content\/uploads\/2023\/09\/DH-002.jpg","width":270,"height":270,"caption":"DH-002"},{"@type":"BreadcrumbList","@id":"https:\/\/abaa.mx\/tienda\/dwyer-dh-002-controlador-de-presion-diferencial-digihelica-0-2500-w-c\/#breadcrumb","itemListElement":[{"@type":"ListItem","position":1,"name":"Inicio","item":"https:\/\/abaa.mx\/tienda\/"},{"@type":"ListItem","position":2,"name":"Tienda","item":"https:\/\/abaa.mx\/tienda\/"},{"@type":"ListItem","position":3,"name":"Dwyer dh-002 controlador de presi\u00f3n diferencial digih\u00e9lica (0.2500 &#8220;w.c.)"}]},{"@type":"WebSite","@id":"https:\/\/abaa.mx\/tienda\/#website","url":"https:\/\/abaa.mx\/tienda\/","name":"Abaa tienda online","description":"Instrumentos de medici\u00f3n","publisher":{"@id":"https:\/\/abaa.mx\/tienda\/#organization"},"potentialAction":[{"@type":"SearchAction","target":{"@type":"EntryPoint","urlTemplate":"https:\/\/abaa.mx\/tienda\/?s={search_term_string}"},"query-input":{"@type":"PropertyValueSpecification","valueRequired":true,"valueName":"search_term_string"}}],"inLanguage":"es"},{"@type":"Organization","@id":"https:\/\/abaa.mx\/tienda\/#organization","name":"Abaa tienda online","url":"https:\/\/abaa.mx\/tienda\/","logo":{"@type":"ImageObject","inLanguage":"es","@id":"https:\/\/abaa.mx\/tienda\/#\/schema\/logo\/image\/","url":"https:\/\/abaa.mx\/tienda\/wp-content\/uploads\/2024\/01\/abaa-metrologia-tienda.png","contentUrl":"https:\/\/abaa.mx\/tienda\/wp-content\/uploads\/2024\/01\/abaa-metrologia-tienda.png","width":300,"height":141,"caption":"Abaa tienda online"},"image":{"@id":"https:\/\/abaa.mx\/tienda\/#\/schema\/logo\/image\/"}}]}},"_links":{"self":[{"href":"https:\/\/abaa.mx\/tienda\/wp-json\/wp\/v2\/product\/3388","targetHints":{"allow":["GET"]}}],"collection":[{"href":"https:\/\/abaa.mx\/tienda\/wp-json\/wp\/v2\/product"}],"about":[{"href":"https:\/\/abaa.mx\/tienda\/wp-json\/wp\/v2\/types\/product"}],"replies":[{"embeddable":true,"href":"https:\/\/abaa.mx\/tienda\/wp-json\/wp\/v2\/comments?post=3388"}],"wp:featuredmedia":[{"embeddable":true,"href":"https:\/\/abaa.mx\/tienda\/wp-json\/wp\/v2\/media\/3394"}],"wp:attachment":[{"href":"https:\/\/abaa.mx\/tienda\/wp-json\/wp\/v2\/media?parent=3388"}],"wp:term":[{"taxonomy":"product_brand","embeddable":true,"href":"https:\/\/abaa.mx\/tienda\/wp-json\/wp\/v2\/product_brand?post=3388"},{"taxonomy":"product_cat","embeddable":true,"href":"https:\/\/abaa.mx\/tienda\/wp-json\/wp\/v2\/product_cat?post=3388"},{"taxonomy":"product_tag","embeddable":true,"href":"https:\/\/abaa.mx\/tienda\/wp-json\/wp\/v2\/product_tag?post=3388"}],"curies":[{"name":"wp","href":"https:\/\/api.w.org\/{rel}","templated":true}]}}