{"id":3368,"date":"2023-09-27T20:52:31","date_gmt":"2023-09-27T20:52:31","guid":{"rendered":"https:\/\/abaa.mx\/tienda\/?post_type=product&#038;p=3368"},"modified":"2023-12-06T19:18:33","modified_gmt":"2023-12-06T19:18:33","slug":"manometro-de-calibracion-digital-dwyer-dcgii-104-0-a-100-psig","status":"publish","type":"product","link":"https:\/\/abaa.mx\/tienda\/manometro-de-calibracion-digital-dwyer-dcgii-104-0-a-100-psig\/","title":{"rendered":"Man\u00f3metro de calibraci\u00f3n digital dwyer dcgii-104 (0 a 100 psig)"},"content":{"rendered":"<p>El indicador puede mostrar el porcentaje de rango, oscilaciones de presi\u00f3n o puntos de ajuste de alarma. Detecci\u00f3n de picos m\u00ednimos y m\u00e1ximos.<\/p>\n<div class=\"span10\">\n<div class=\"mhide ipad-view-setting\">\n<div class=\"row-fluid ProductTabs\">\n<div class=\"span12\">\n<div class=\"tab-content\">\n<div id=\"tab0\" class=\"product-tabs tab-pane active\">\n<h4>Dwyer DCGII-104 Ofertas<\/h4>\n<p><strong>Funciones<\/strong><\/p>\n<ul>\n<li>El indicador puede mostrar el porcentaje de rango, oscilaciones de presi\u00f3n o puntos de ajuste de alarma<\/li>\n<li>Detecci\u00f3n de picos m\u00ednimos y m\u00e1ximos<\/li>\n<li>Retroiluminaci\u00f3n seleccionable de 10, 20 o 30 segundos<\/li>\n<li>Indicaci\u00f3n de temperatura<\/li>\n<li>Once unidades de presi\u00f3n seleccionables<\/li>\n<li>La m\u00e1s alta precisi\u00f3n proporciona una medici\u00f3n excepcional para la calibraci\u00f3n, minimizando las costosas condiciones fuera de especificaci\u00f3n<\/li>\n<li>La carcasa de acero inoxidable resiste la corrosi\u00f3n ambiental para una vida \u00fatil m\u00e1s larga en entornos hostiles<\/li>\n<li>Ligero y delgado, pero grande f\u00e1cil de leer El medidor alimentado por bater\u00eda los hace f\u00e1ciles de transportar y leer<\/li>\n<li>Especificado con alta clasificaci\u00f3n de temperatura ambiente significa usos m\u00e1s robustos y una vida \u00fatil m\u00e1s larga<\/li>\n<li>El indicador puede mostrar oscilaciones de presi\u00f3n, detecci\u00f3n de picos m\u00ednimos y m\u00e1ximos con puntos de ajuste de alarma proporciona una herramienta multiprop\u00f3sito donde se necesita calibraci\u00f3n cr\u00edtica<\/li>\n<\/ul>\n<h4>Dwyer DCGII-104 Especificaciones<\/h4>\n<table class=\"table table-striped\">\n<tbody>\n<tr>\n<td>Servicio<\/td>\n<td>L\u00edquidos y gases compatibles e incombustibles<\/td>\n<\/tr>\n<tr>\n<td>Materiales h\u00famedos<\/td>\n<td>316 SS<\/td>\n<\/tr>\n<tr>\n<td>Otros materiales<\/td>\n<td>Carcasa: Aleaci\u00f3n<br \/>\nde aluminio Pantalla: Acr\u00edlico MR200<br \/>\nBotones: Gel<br \/>\nde silicona Placa posterior: 304 SS<br \/>\nSello trasero: l\u00e1tex a prueba de aceite<\/td>\n<\/tr>\n<tr>\n<td>Exactitud<\/td>\n<td>0,05% FS; \u00b11 d\u00edgito menos significativo<\/td>\n<\/tr>\n<tr>\n<td>Precisi\u00f3n de temperatura<\/td>\n<td>\u00b11\u00b0C<\/td>\n<\/tr>\n<tr>\n<td>L\u00edmites de presi\u00f3n<\/td>\n<td>120% FS<\/td>\n<\/tr>\n<tr>\n<td>L\u00edmites de temperatura<\/td>\n<td>14 a 122\u00b0F (-10 a 50\u00b0C)<\/td>\n<\/tr>\n<tr>\n<td>L\u00edmites compensados<\/td>\n<td>De 32 a 122 \u00b0C (de 0 a 50 \u00b0F)<\/td>\n<\/tr>\n<tr>\n<td>Conexi\u00f3n de procesos<\/td>\n<td>1\/2&#8243; NPT macho<\/td>\n<\/tr>\n<tr>\n<td>Monitor<\/td>\n<td>LCD de 5 d\u00edgitos con retroiluminaci\u00f3n azul<\/td>\n<\/tr>\n<tr>\n<td>Requisitos de alimentaci\u00f3n<\/td>\n<td>Accesorio de bater\u00eda alcalina o adaptador de corriente de 9 V (no incluido)<\/td>\n<\/tr>\n<tr>\n<td>Duraci\u00f3n de la bater\u00eda<\/td>\n<td>Hasta 10.000 horas (600 horas laborables @ predeterminado 3 veces\/s)<\/td>\n<\/tr>\n<tr>\n<td>Apagado autom\u00e1tico<\/td>\n<td>Luz de fondo: encendido\/apagado, 10 s, 20 s, 30 s<\/td>\n<\/tr>\n<tr>\n<td>Peso<\/td>\n<td>1,28 lb (0,58 kg)<\/td>\n<\/tr>\n<tr>\n<td>Aprobaciones de agencias<\/td>\n<td>Despu\u00e9s de Cristo<\/td>\n<\/tr>\n<\/tbody>\n<\/table>\n<\/div>\n<\/div>\n<\/div>\n<\/div>\n<\/div>\n<\/div>\n","protected":false},"excerpt":{"rendered":"<p>El indicador puede mostrar el porcentaje de rango, oscilaciones de presi\u00f3n o puntos de ajuste de alarma. Detecci\u00f3n de picos m\u00ednimos y m\u00e1ximos.<\/p>\n","protected":false},"featured_media":3370,"comment_status":"open","ping_status":"closed","template":"","meta":{"_joinchat":[]},"product_brand":[],"product_cat":[15],"product_tag":[],"class_list":{"0":"post-3368","1":"product","2":"type-product","3":"status-publish","4":"has-post-thumbnail","6":"product_cat-sin-categorizar","8":"first","9":"instock","10":"shipping-taxable","11":"product-type-simple"},"yoast_head":"<!-- This site is optimized with the Yoast SEO plugin v26.4 - https:\/\/yoast.com\/wordpress\/plugins\/seo\/ -->\n<title>Man\u00f3metro de calibraci\u00f3n digital dwyer dcgii-104 (0 a 100 psig) - Abaa tienda online<\/title>\n<meta name=\"robots\" content=\"index, follow, max-snippet:-1, max-image-preview:large, max-video-preview:-1\" \/>\n<link rel=\"canonical\" href=\"https:\/\/abaa.mx\/tienda\/manometro-de-calibracion-digital-dwyer-dcgii-104-0-a-100-psig\/\" \/>\n<meta property=\"og:locale\" content=\"es_MX\" \/>\n<meta property=\"og:type\" content=\"article\" \/>\n<meta property=\"og:title\" content=\"Man\u00f3metro de calibraci\u00f3n digital dwyer dcgii-104 (0 a 100 psig) - Abaa tienda online\" \/>\n<meta property=\"og:description\" content=\"El indicador puede mostrar el porcentaje de rango, oscilaciones de presi\u00f3n o puntos de ajuste de alarma. Detecci\u00f3n de picos m\u00ednimos y m\u00e1ximos.\" \/>\n<meta property=\"og:url\" content=\"https:\/\/abaa.mx\/tienda\/manometro-de-calibracion-digital-dwyer-dcgii-104-0-a-100-psig\/\" \/>\n<meta property=\"og:site_name\" content=\"Abaa tienda online\" \/>\n<meta property=\"article:modified_time\" content=\"2023-12-06T19:18:33+00:00\" \/>\n<meta property=\"og:image\" content=\"https:\/\/abaa.mx\/tienda\/wp-content\/uploads\/2023\/09\/DCGII-104.jpg\" \/>\n\t<meta property=\"og:image:width\" content=\"270\" \/>\n\t<meta property=\"og:image:height\" content=\"270\" \/>\n\t<meta property=\"og:image:type\" content=\"image\/jpeg\" \/>\n<meta name=\"twitter:card\" content=\"summary_large_image\" \/>\n<meta name=\"twitter:label1\" content=\"Tiempo de lectura\" \/>\n\t<meta name=\"twitter:data1\" content=\"2 minutos\" \/>\n<script type=\"application\/ld+json\" class=\"yoast-schema-graph\">{\"@context\":\"https:\/\/schema.org\",\"@graph\":[{\"@type\":\"WebPage\",\"@id\":\"https:\/\/abaa.mx\/tienda\/manometro-de-calibracion-digital-dwyer-dcgii-104-0-a-100-psig\/\",\"url\":\"https:\/\/abaa.mx\/tienda\/manometro-de-calibracion-digital-dwyer-dcgii-104-0-a-100-psig\/\",\"name\":\"Man\u00f3metro de calibraci\u00f3n digital dwyer dcgii-104 (0 a 100 psig) - Abaa tienda online\",\"isPartOf\":{\"@id\":\"https:\/\/abaa.mx\/tienda\/#website\"},\"primaryImageOfPage\":{\"@id\":\"https:\/\/abaa.mx\/tienda\/manometro-de-calibracion-digital-dwyer-dcgii-104-0-a-100-psig\/#primaryimage\"},\"image\":{\"@id\":\"https:\/\/abaa.mx\/tienda\/manometro-de-calibracion-digital-dwyer-dcgii-104-0-a-100-psig\/#primaryimage\"},\"thumbnailUrl\":\"https:\/\/abaa.mx\/tienda\/wp-content\/uploads\/2023\/09\/DCGII-104.jpg\",\"datePublished\":\"2023-09-27T20:52:31+00:00\",\"dateModified\":\"2023-12-06T19:18:33+00:00\",\"breadcrumb\":{\"@id\":\"https:\/\/abaa.mx\/tienda\/manometro-de-calibracion-digital-dwyer-dcgii-104-0-a-100-psig\/#breadcrumb\"},\"inLanguage\":\"es\",\"potentialAction\":[{\"@type\":\"ReadAction\",\"target\":[\"https:\/\/abaa.mx\/tienda\/manometro-de-calibracion-digital-dwyer-dcgii-104-0-a-100-psig\/\"]}]},{\"@type\":\"ImageObject\",\"inLanguage\":\"es\",\"@id\":\"https:\/\/abaa.mx\/tienda\/manometro-de-calibracion-digital-dwyer-dcgii-104-0-a-100-psig\/#primaryimage\",\"url\":\"https:\/\/abaa.mx\/tienda\/wp-content\/uploads\/2023\/09\/DCGII-104.jpg\",\"contentUrl\":\"https:\/\/abaa.mx\/tienda\/wp-content\/uploads\/2023\/09\/DCGII-104.jpg\",\"width\":270,\"height\":270,\"caption\":\"DCGII-104\"},{\"@type\":\"BreadcrumbList\",\"@id\":\"https:\/\/abaa.mx\/tienda\/manometro-de-calibracion-digital-dwyer-dcgii-104-0-a-100-psig\/#breadcrumb\",\"itemListElement\":[{\"@type\":\"ListItem\",\"position\":1,\"name\":\"Inicio\",\"item\":\"https:\/\/abaa.mx\/tienda\/\"},{\"@type\":\"ListItem\",\"position\":2,\"name\":\"Tienda\",\"item\":\"https:\/\/abaa.mx\/tienda\/\"},{\"@type\":\"ListItem\",\"position\":3,\"name\":\"Man\u00f3metro de calibraci\u00f3n digital dwyer dcgii-104 (0 a 100 psig)\"}]},{\"@type\":\"WebSite\",\"@id\":\"https:\/\/abaa.mx\/tienda\/#website\",\"url\":\"https:\/\/abaa.mx\/tienda\/\",\"name\":\"Abaa tienda online\",\"description\":\"Instrumentos de medici\u00f3n\",\"publisher\":{\"@id\":\"https:\/\/abaa.mx\/tienda\/#organization\"},\"potentialAction\":[{\"@type\":\"SearchAction\",\"target\":{\"@type\":\"EntryPoint\",\"urlTemplate\":\"https:\/\/abaa.mx\/tienda\/?s={search_term_string}\"},\"query-input\":{\"@type\":\"PropertyValueSpecification\",\"valueRequired\":true,\"valueName\":\"search_term_string\"}}],\"inLanguage\":\"es\"},{\"@type\":\"Organization\",\"@id\":\"https:\/\/abaa.mx\/tienda\/#organization\",\"name\":\"Abaa tienda online\",\"url\":\"https:\/\/abaa.mx\/tienda\/\",\"logo\":{\"@type\":\"ImageObject\",\"inLanguage\":\"es\",\"@id\":\"https:\/\/abaa.mx\/tienda\/#\/schema\/logo\/image\/\",\"url\":\"https:\/\/abaa.mx\/tienda\/wp-content\/uploads\/2024\/01\/abaa-metrologia-tienda.png\",\"contentUrl\":\"https:\/\/abaa.mx\/tienda\/wp-content\/uploads\/2024\/01\/abaa-metrologia-tienda.png\",\"width\":300,\"height\":141,\"caption\":\"Abaa tienda online\"},\"image\":{\"@id\":\"https:\/\/abaa.mx\/tienda\/#\/schema\/logo\/image\/\"}}]}<\/script>\n<!-- \/ Yoast SEO plugin. -->","yoast_head_json":{"title":"Man\u00f3metro de calibraci\u00f3n digital dwyer dcgii-104 (0 a 100 psig) - Abaa tienda online","robots":{"index":"index","follow":"follow","max-snippet":"max-snippet:-1","max-image-preview":"max-image-preview:large","max-video-preview":"max-video-preview:-1"},"canonical":"https:\/\/abaa.mx\/tienda\/manometro-de-calibracion-digital-dwyer-dcgii-104-0-a-100-psig\/","og_locale":"es_MX","og_type":"article","og_title":"Man\u00f3metro de calibraci\u00f3n digital dwyer dcgii-104 (0 a 100 psig) - Abaa tienda online","og_description":"El indicador puede mostrar el porcentaje de rango, oscilaciones de presi\u00f3n o puntos de ajuste de alarma. Detecci\u00f3n de picos m\u00ednimos y m\u00e1ximos.","og_url":"https:\/\/abaa.mx\/tienda\/manometro-de-calibracion-digital-dwyer-dcgii-104-0-a-100-psig\/","og_site_name":"Abaa tienda online","article_modified_time":"2023-12-06T19:18:33+00:00","og_image":[{"width":270,"height":270,"url":"https:\/\/abaa.mx\/tienda\/wp-content\/uploads\/2023\/09\/DCGII-104.jpg","type":"image\/jpeg"}],"twitter_card":"summary_large_image","twitter_misc":{"Tiempo de lectura":"2 minutos"},"schema":{"@context":"https:\/\/schema.org","@graph":[{"@type":"WebPage","@id":"https:\/\/abaa.mx\/tienda\/manometro-de-calibracion-digital-dwyer-dcgii-104-0-a-100-psig\/","url":"https:\/\/abaa.mx\/tienda\/manometro-de-calibracion-digital-dwyer-dcgii-104-0-a-100-psig\/","name":"Man\u00f3metro de calibraci\u00f3n digital dwyer dcgii-104 (0 a 100 psig) - Abaa tienda online","isPartOf":{"@id":"https:\/\/abaa.mx\/tienda\/#website"},"primaryImageOfPage":{"@id":"https:\/\/abaa.mx\/tienda\/manometro-de-calibracion-digital-dwyer-dcgii-104-0-a-100-psig\/#primaryimage"},"image":{"@id":"https:\/\/abaa.mx\/tienda\/manometro-de-calibracion-digital-dwyer-dcgii-104-0-a-100-psig\/#primaryimage"},"thumbnailUrl":"https:\/\/abaa.mx\/tienda\/wp-content\/uploads\/2023\/09\/DCGII-104.jpg","datePublished":"2023-09-27T20:52:31+00:00","dateModified":"2023-12-06T19:18:33+00:00","breadcrumb":{"@id":"https:\/\/abaa.mx\/tienda\/manometro-de-calibracion-digital-dwyer-dcgii-104-0-a-100-psig\/#breadcrumb"},"inLanguage":"es","potentialAction":[{"@type":"ReadAction","target":["https:\/\/abaa.mx\/tienda\/manometro-de-calibracion-digital-dwyer-dcgii-104-0-a-100-psig\/"]}]},{"@type":"ImageObject","inLanguage":"es","@id":"https:\/\/abaa.mx\/tienda\/manometro-de-calibracion-digital-dwyer-dcgii-104-0-a-100-psig\/#primaryimage","url":"https:\/\/abaa.mx\/tienda\/wp-content\/uploads\/2023\/09\/DCGII-104.jpg","contentUrl":"https:\/\/abaa.mx\/tienda\/wp-content\/uploads\/2023\/09\/DCGII-104.jpg","width":270,"height":270,"caption":"DCGII-104"},{"@type":"BreadcrumbList","@id":"https:\/\/abaa.mx\/tienda\/manometro-de-calibracion-digital-dwyer-dcgii-104-0-a-100-psig\/#breadcrumb","itemListElement":[{"@type":"ListItem","position":1,"name":"Inicio","item":"https:\/\/abaa.mx\/tienda\/"},{"@type":"ListItem","position":2,"name":"Tienda","item":"https:\/\/abaa.mx\/tienda\/"},{"@type":"ListItem","position":3,"name":"Man\u00f3metro de calibraci\u00f3n digital dwyer dcgii-104 (0 a 100 psig)"}]},{"@type":"WebSite","@id":"https:\/\/abaa.mx\/tienda\/#website","url":"https:\/\/abaa.mx\/tienda\/","name":"Abaa tienda online","description":"Instrumentos de medici\u00f3n","publisher":{"@id":"https:\/\/abaa.mx\/tienda\/#organization"},"potentialAction":[{"@type":"SearchAction","target":{"@type":"EntryPoint","urlTemplate":"https:\/\/abaa.mx\/tienda\/?s={search_term_string}"},"query-input":{"@type":"PropertyValueSpecification","valueRequired":true,"valueName":"search_term_string"}}],"inLanguage":"es"},{"@type":"Organization","@id":"https:\/\/abaa.mx\/tienda\/#organization","name":"Abaa tienda online","url":"https:\/\/abaa.mx\/tienda\/","logo":{"@type":"ImageObject","inLanguage":"es","@id":"https:\/\/abaa.mx\/tienda\/#\/schema\/logo\/image\/","url":"https:\/\/abaa.mx\/tienda\/wp-content\/uploads\/2024\/01\/abaa-metrologia-tienda.png","contentUrl":"https:\/\/abaa.mx\/tienda\/wp-content\/uploads\/2024\/01\/abaa-metrologia-tienda.png","width":300,"height":141,"caption":"Abaa tienda online"},"image":{"@id":"https:\/\/abaa.mx\/tienda\/#\/schema\/logo\/image\/"}}]}},"_links":{"self":[{"href":"https:\/\/abaa.mx\/tienda\/wp-json\/wp\/v2\/product\/3368","targetHints":{"allow":["GET"]}}],"collection":[{"href":"https:\/\/abaa.mx\/tienda\/wp-json\/wp\/v2\/product"}],"about":[{"href":"https:\/\/abaa.mx\/tienda\/wp-json\/wp\/v2\/types\/product"}],"replies":[{"embeddable":true,"href":"https:\/\/abaa.mx\/tienda\/wp-json\/wp\/v2\/comments?post=3368"}],"wp:featuredmedia":[{"embeddable":true,"href":"https:\/\/abaa.mx\/tienda\/wp-json\/wp\/v2\/media\/3370"}],"wp:attachment":[{"href":"https:\/\/abaa.mx\/tienda\/wp-json\/wp\/v2\/media?parent=3368"}],"wp:term":[{"taxonomy":"product_brand","embeddable":true,"href":"https:\/\/abaa.mx\/tienda\/wp-json\/wp\/v2\/product_brand?post=3368"},{"taxonomy":"product_cat","embeddable":true,"href":"https:\/\/abaa.mx\/tienda\/wp-json\/wp\/v2\/product_cat?post=3368"},{"taxonomy":"product_tag","embeddable":true,"href":"https:\/\/abaa.mx\/tienda\/wp-json\/wp\/v2\/product_tag?post=3368"}],"curies":[{"name":"wp","href":"https:\/\/api.w.org\/{rel}","templated":true}]}}