{"id":3362,"date":"2023-09-27T21:03:55","date_gmt":"2023-09-27T21:03:55","guid":{"rendered":"https:\/\/abaa.mx\/tienda\/?post_type=product&#038;p=3362"},"modified":"2023-09-27T21:03:55","modified_gmt":"2023-09-27T21:03:55","slug":"calibrador-de-proceso-de-documentacion-fluke-753","status":"publish","type":"product","link":"https:\/\/abaa.mx\/tienda\/calibrador-de-proceso-de-documentacion-fluke-753\/","title":{"rendered":"Calibrador de proceso de documentaci\u00f3n fluke 753"},"content":{"rendered":"<h4>Fluke 753<\/h4>\n<p>Potente y eficiente, este calibrador cuenta con capacidades de medici\u00f3n de fuente para todos los par\u00e1metros comunes del proceso. Los usuarios pueden automatizar los procedimientos de calibraci\u00f3n y capturar datos para la documentaci\u00f3n. Adem\u00e1s, el calibrador de proceso cumple con est\u00e1ndares como ISO 9000, FDA, EPA y regulaciones de OSHA.<\/p>\n<h5><strong>Funciones<\/strong><\/h5>\n<ul>\n<li>Calibrador de proceso de documentaci\u00f3n con todas las funciones para calibraci\u00f3n y soluci\u00f3n de problemas<\/li>\n<li>Mide voltios, mA, RTD, termopares, frecuencia y ohmios para probar sensores, transmisores y otros instrumentos<\/li>\n<li>Fuentes y simular voltios, mA, presi\u00f3n, termopares, RTD, frecuencia, ohmios y presi\u00f3n para calibrar transmisores<\/li>\n<li>Alimenta los transmisores durante la prueba utilizando suministro de bucle con medici\u00f3n simult\u00e1nea de mA<\/li>\n<li>Medidas y fuentes de presi\u00f3n<\/li>\n<li>Le permite crear y ejecutar procedimientos automatizados seg\u00fan se encuentran\/seg\u00fan la izquierda para satisfacer programas o regulaciones de calidad, y registrar y documentar los resultados<\/li>\n<li>Contiene hasta una semana completa de procedimientos descargados y resultados de calibraci\u00f3n<\/li>\n<li>Ofrece muchas caracter\u00edsticas flexibles como paso autom\u00e1tico, unidades personalizadas, valores ingresados por el usuario durante la prueba, pruebas de interruptores de uno y dos puntos, pruebas de flujo DP de ra\u00edz cuadrada, retardo de medici\u00f3n programable<\/li>\n<li>Ofrece compatibilidad con DPCTrack2 y muchos otros paquetes de software de gesti\u00f3n de activos<\/li>\n<li>Pantalla dual blanca brillante para leer simult\u00e1neamente los par\u00e1metros de origen y medidos<\/li>\n<li>Interfaz multiling\u00fce f\u00e1cil de usar<\/li>\n<li>Indicador de gas y bater\u00eda recargable de iones de litio para un uso ininterrumpido de 10 horas<\/li>\n<\/ul>\n<h4>Especificaciones de Fluke 753<\/h4>\n<table class=\"table table-striped\">\n<tbody>\n<tr>\n<td colspan=\"2\"><strong>Precisi\u00f3n de medici\u00f3n<\/strong><\/td>\n<\/tr>\n<tr>\n<td>Voltaje DC<\/td>\n<td>Rango\/resoluci\u00f3n: 100 mV, 3 V, 30 V, 300 V 1 a\u00f1o: 0.02% + 0.005 mV, 0.02% + 0.00005 V, 0.02% + 0.0005 V, 0.05% + 0.05 V 2 a\u00f1os: 0.03% + 0.005 mV, 0.03% + 0.00005 V, 0.03% + 0.0005 V, 0.07% + 0.05 V<\/td>\n<\/tr>\n<tr>\n<td>Voltaje AC<\/td>\n<td>Rango\/resoluci\u00f3n: 3 (40 a 500 Hz)\/0,001 V, 30 (40 a 500 Hz)\/0,01 V, 300 (40 a 500 Hz)\/0,1 V 1 a\u00f1o: 0,5% + 0,002 V, 0,5% + 0,02 V, 0,5% + 0,2 V 2 a\u00f1os: 1,0% + 0,004 V, 1,0% + 0,04 V, 1,0% + 0,2 V<\/td>\n<\/tr>\n<tr>\n<td>DC actual<\/td>\n<td>Rango\/resoluci\u00f3n: 30 mA, 110 mA 1 a\u00f1o: 0.01% + 5 \u03bcA, 0.01% + 20 \u03bcA 2 a\u00f1os: 0.015% + 7 \u03bcA, 0.015% + 30 \u03bcA<\/td>\n<\/tr>\n<tr>\n<td>Resistencia<\/td>\n<td>Rango\/resoluci\u00f3n: 10 \u03a9, 100 \u03a9, 1 k\u03a9, 10 k\u03a9 1 a\u00f1o: 0.05% + 50 m\u03a9, 0.05% + 50 m\u03a9, 0.05% + 500 m\u03a9,<br \/>\n0.1% + 10 \u03a9<br \/>\n2 a\u00f1os: 0.07% + 70 m\u03a9, 0.07% + 70 m\u03a9, 0.07% + 0.5 \u03a9, 0.15% + 15 \u03a9<\/td>\n<\/tr>\n<tr>\n<td>Frecuencia<\/td>\n<td>Rango\/resoluci\u00f3n: 1,00 a 110,00 Hz\/0,01 Hz, 110,1 a 1100,0 Hz\/0,1 Hz, 1,101 a 11,000 kHz\/0,001 kHz, 11,01 a 50,00 kHz\/0,01 kHz<br \/>\n2 a\u00f1os: 0,05 Hz, 0,5 Hz, 0,005 kHz, 0,05 kHz<\/td>\n<\/tr>\n<tr>\n<td colspan=\"2\"><strong>Precisi\u00f3n de la fuente<\/strong><\/td>\n<\/tr>\n<tr>\n<td>Voltaje DC<\/td>\n<td>Rango\/resoluci\u00f3n: 100 mV, 1 V, 15 V 1 a\u00f1o: 0.01% + 0.005 mV, 0.01% + 0.00005 V, 0.01% + 0.0005 V 2 a\u00f1os: 0.015% + 0.005 mV, 0.015% + 0.0005 V<\/p>\n<p>, 0.015% + 0.0005 V<\/td>\n<\/tr>\n<tr>\n<td>DC actual<\/td>\n<td>Rango\/resoluci\u00f3n: 22 mA (fuente), sumidero de corriente (simular)<br \/>\n1 a\u00f1o: 0.01% + 0.003 mA, 0.02% + 0.007 mA 2 a\u00f1os: 0.02% + 0.003 mA, 0.04% + 0.007 mA<\/td>\n<\/tr>\n<tr>\n<td>Resistencia<\/td>\n<td>Rango\/resoluci\u00f3n: 10 \u03a9, 100 \u03a9, 1 k\u03a9, 10 k\u03a9<br \/>\n1 a\u00f1o: 0.01% + 10 m\u03a9, 0.01% + 20 m\u03a9, 0.02% + 0.2 \u03a9, 0.02% + 3 \u03a9<br \/>\n2 a\u00f1os: 0.015% + 15 m\u03a9, 0.015% + 30 m\u03a9, 0.03% + 0.3 \u03a9, 0.03% + 5 \u03a9<\/td>\n<\/tr>\n<tr>\n<td>Frecuencia<\/td>\n<td>Rango\/resoluci\u00f3n: 0,1 a 10,99 Hz, 0,01 a 10,99 Hz, 11,00 a 109,99 Hz, 110,0 a 1099,9 Hz, 1,100 a 21,999 kHz, 22,000 a 50,000 kHz<br \/>\n2 a\u00f1os: 0,01 Hz, 0,01 Hz, 0,1 Hz, 0,1 Hz, 0,002 kHz, 0,005 kHz<\/td>\n<\/tr>\n<tr>\n<td colspan=\"2\"><strong>Datos t\u00e9cnicos<\/strong><\/td>\n<\/tr>\n<tr>\n<td>Funciones de registro de datos<\/td>\n<td>Funciones de medici\u00f3n: voltaje, corriente, resistencia, frecuencia, temperatura, presi\u00f3n<br \/>\nVelocidad de lectura: 1, 2, 5, 10, 20, 30 o 60 lecturas \/ minuto Longitud m\u00e1xima del registro: 8000 lecturas (7980 para 30 o 60 lecturas \/ minuto<br \/>\n)<\/td>\n<\/tr>\n<tr>\n<td>Funciones de rampa<\/td>\n<td>Funciones de la fuente: voltaje, corriente, resistencia, frecuencia, temperatura<br \/>\nVelocidad: 4 pasos \/ segundo<br \/>\nDetecci\u00f3n de disparo: Continuidad o voltaje (detecci\u00f3n de continuidad no disponible cuando se suministra corriente)<\/td>\n<\/tr>\n<tr>\n<td>Funci\u00f3n de potencia de bucle<\/td>\n<td>Voltaje: seleccionable, 26 V Precisi\u00f3n: 10%, 18 V m\u00ednimo a 22 mA<br \/>\nCorriente m\u00e1xima: 25 mA, cortocircuito protegido<br \/>\nVoltaje m\u00e1ximo de entrada: 50 V<br \/>\nDC<\/td>\n<\/tr>\n<tr>\n<td>Funciones de paso<\/td>\n<td>Funciones de la fuente: voltaje, corriente, resistencia, frecuencia, temperatura<br \/>\nPaso manual: paso seleccionable, cambiar con botones de flecha Autostep: Totalmente programable para la funci\u00f3n, retraso de inicio, valor de<br \/>\npaso, tiempo por paso, repetir<\/td>\n<\/tr>\n<tr>\n<td colspan=\"2\"><strong>Especificaciones ambientales<\/strong><\/td>\n<\/tr>\n<tr>\n<td>Temperatura de funcionamiento<\/td>\n<td>14 a 122\u00b0F (-10 a 50\u00b0C)<\/td>\n<\/tr>\n<tr>\n<td>Temperatura de almacenamiento<\/td>\n<td>-4 a 140\u00b0F (-20 a 60\u00b0C)<\/td>\n<\/tr>\n<tr>\n<td>Resistencia al polvo\/agua<\/td>\n<td>Cumple con IP52, IEC 529<\/td>\n<\/tr>\n<tr>\n<td>Altitud de funcionamiento<\/td>\n<td>9842&#8242; (3000 m) sobre el nivel medio del mar<\/td>\n<\/tr>\n<tr>\n<td colspan=\"2\"><strong>Especificaciones mec\u00e1nicas y generales<\/strong><\/td>\n<\/tr>\n<tr>\n<td>Bater\u00edas<\/td>\n<td>Bater\u00eda interna Li-ion: 7.2 V, 4400 mAh, 30 Wh<\/td>\n<\/tr>\n<tr>\n<td>Duraci\u00f3n de la bater\u00eda<\/td>\n<td>&gt;8 horas t\u00edpicas<\/td>\n<\/tr>\n<tr>\n<td>Reemplazo de la bater\u00eda<\/td>\n<td>A trav\u00e9s de una puerta cerrada a presi\u00f3n sin abrir el calibrador; No se requieren herramientas<\/td>\n<\/tr>\n<tr>\n<td>Conexiones de puerto lateral<\/td>\n<td>Conector<br \/>\ndel m\u00f3dulo de presi\u00f3n Conector USB para conectarse a su PC<br \/>\nConexi\u00f3n para cargador\/eliminador de bater\u00eda opcional<\/td>\n<\/tr>\n<tr>\n<td>Capacidad de almacenamiento de datos<\/td>\n<td>1 semana de resultados de los procedimientos de calibraci\u00f3n<\/td>\n<\/tr>\n<tr>\n<td>Especificaciones de 90 d\u00edas<\/td>\n<td>El intervalo de especificaci\u00f3n est\u00e1ndar es de 1 y 2 a\u00f1os<br \/>\nLa medici\u00f3n t\u00edpica de 90 d\u00edas y la precisi\u00f3n de la fuente se pueden estimar dividiendo las especificaciones de un a\u00f1o &#8220;% de lectura&#8221; o &#8220;% de salida&#8221; por 2.<br \/>\nLas especificaciones del suelo, expresadas como &#8220;% de la escala completa&#8221; o &#8220;recuentos&#8221; u &#8220;ohmios&#8221; permanecen constantes.<\/td>\n<\/tr>\n<tr>\n<td>Dimensiones<\/td>\n<td>5,4 x 9,6 x 2,5&#8243; (136 x 245 x 63 mm)<\/td>\n<\/tr>\n<tr>\n<td>Peso<\/td>\n<td>2,7 lb (1,2 kg)<\/td>\n<\/tr>\n<tr>\n<td colspan=\"2\"><strong>Especificaciones de seguridad<\/strong><\/td>\n<\/tr>\n<tr>\n<td>Aprobaciones de agencias<\/td>\n<td>CAN\/CSA C22.2 No 1010.1-92, ASNI\/ISA S82.01-1994, UL3111 y EN610-1:1993<\/td>\n<\/tr>\n<\/tbody>\n<\/table>\n","protected":false},"excerpt":{"rendered":"<p class=\"short-description mhide ipad-view-setting\">Equipado con una interfaz USB y un cable de comunicaci\u00f3n, este calibrador de proceso puede obtener, simular y medir presi\u00f3n, temperatura y se\u00f1ales el\u00e9ctricas. Los usuarios pueden descargar procedimientos, listas e instrucciones creadas con software, e incluso cargar datos para imprimir, archivar y analizar.<\/p>\n<p class=\"comment-tag-product\">\n<div class=\"row-fluid\">\n<div class=\"span12 mobile-pricing-box-padding\">\n<form id=\"11498\" accept-charset=\"utf-8\" action=\"https:\/\/www.globaltestsupply.com\/shop\/add\" method=\"post\" name=\"addTocartFunction\">\n<div><\/div>\n<\/form>\n<\/div>\n<\/div>\n","protected":false},"featured_media":3379,"comment_status":"open","ping_status":"closed","template":"","meta":{"_joinchat":[]},"product_brand":[],"product_cat":[15],"product_tag":[],"class_list":{"0":"post-3362","1":"product","2":"type-product","3":"status-publish","4":"has-post-thumbnail","6":"product_cat-sin-categorizar","8":"first","9":"instock","10":"shipping-taxable","11":"product-type-simple"},"yoast_head":"<!-- This site is optimized with the Yoast SEO plugin v26.4 - https:\/\/yoast.com\/wordpress\/plugins\/seo\/ -->\n<title>Calibrador de proceso de documentaci\u00f3n fluke 753 - Abaa tienda online<\/title>\n<meta name=\"robots\" content=\"index, follow, max-snippet:-1, max-image-preview:large, max-video-preview:-1\" \/>\n<link rel=\"canonical\" href=\"https:\/\/abaa.mx\/tienda\/calibrador-de-proceso-de-documentacion-fluke-753\/\" \/>\n<meta property=\"og:locale\" content=\"es_MX\" \/>\n<meta property=\"og:type\" content=\"article\" \/>\n<meta property=\"og:title\" content=\"Calibrador de proceso de documentaci\u00f3n fluke 753 - Abaa tienda online\" \/>\n<meta property=\"og:description\" content=\"Equipado con una interfaz USB y un cable de comunicaci\u00f3n, este calibrador de proceso puede obtener, simular y medir presi\u00f3n, temperatura y se\u00f1ales el\u00e9ctricas. Los usuarios pueden descargar procedimientos, listas e instrucciones creadas con software, e incluso cargar datos para imprimir, archivar y analizar.\" \/>\n<meta property=\"og:url\" content=\"https:\/\/abaa.mx\/tienda\/calibrador-de-proceso-de-documentacion-fluke-753\/\" \/>\n<meta property=\"og:site_name\" content=\"Abaa tienda online\" \/>\n<meta property=\"og:image\" content=\"https:\/\/abaa.mx\/tienda\/wp-content\/uploads\/2023\/09\/753.jpg\" \/>\n\t<meta property=\"og:image:width\" content=\"474\" \/>\n\t<meta property=\"og:image:height\" content=\"474\" \/>\n\t<meta property=\"og:image:type\" content=\"image\/jpeg\" \/>\n<meta name=\"twitter:card\" content=\"summary_large_image\" \/>\n<meta name=\"twitter:label1\" content=\"Tiempo de lectura\" \/>\n\t<meta name=\"twitter:data1\" content=\"5 minutos\" \/>\n<script type=\"application\/ld+json\" class=\"yoast-schema-graph\">{\"@context\":\"https:\/\/schema.org\",\"@graph\":[{\"@type\":\"WebPage\",\"@id\":\"https:\/\/abaa.mx\/tienda\/calibrador-de-proceso-de-documentacion-fluke-753\/\",\"url\":\"https:\/\/abaa.mx\/tienda\/calibrador-de-proceso-de-documentacion-fluke-753\/\",\"name\":\"Calibrador de proceso de documentaci\u00f3n fluke 753 - Abaa tienda online\",\"isPartOf\":{\"@id\":\"https:\/\/abaa.mx\/tienda\/#website\"},\"primaryImageOfPage\":{\"@id\":\"https:\/\/abaa.mx\/tienda\/calibrador-de-proceso-de-documentacion-fluke-753\/#primaryimage\"},\"image\":{\"@id\":\"https:\/\/abaa.mx\/tienda\/calibrador-de-proceso-de-documentacion-fluke-753\/#primaryimage\"},\"thumbnailUrl\":\"https:\/\/abaa.mx\/tienda\/wp-content\/uploads\/2023\/09\/753.jpg\",\"datePublished\":\"2023-09-27T21:03:55+00:00\",\"breadcrumb\":{\"@id\":\"https:\/\/abaa.mx\/tienda\/calibrador-de-proceso-de-documentacion-fluke-753\/#breadcrumb\"},\"inLanguage\":\"es\",\"potentialAction\":[{\"@type\":\"ReadAction\",\"target\":[\"https:\/\/abaa.mx\/tienda\/calibrador-de-proceso-de-documentacion-fluke-753\/\"]}]},{\"@type\":\"ImageObject\",\"inLanguage\":\"es\",\"@id\":\"https:\/\/abaa.mx\/tienda\/calibrador-de-proceso-de-documentacion-fluke-753\/#primaryimage\",\"url\":\"https:\/\/abaa.mx\/tienda\/wp-content\/uploads\/2023\/09\/753.jpg\",\"contentUrl\":\"https:\/\/abaa.mx\/tienda\/wp-content\/uploads\/2023\/09\/753.jpg\",\"width\":474,\"height\":474,\"caption\":\"calibrador-de-proceso-de-documentacion-fluke-753\"},{\"@type\":\"BreadcrumbList\",\"@id\":\"https:\/\/abaa.mx\/tienda\/calibrador-de-proceso-de-documentacion-fluke-753\/#breadcrumb\",\"itemListElement\":[{\"@type\":\"ListItem\",\"position\":1,\"name\":\"Inicio\",\"item\":\"https:\/\/abaa.mx\/tienda\/\"},{\"@type\":\"ListItem\",\"position\":2,\"name\":\"Tienda\",\"item\":\"https:\/\/abaa.mx\/tienda\/\"},{\"@type\":\"ListItem\",\"position\":3,\"name\":\"Calibrador de proceso de documentaci\u00f3n fluke 753\"}]},{\"@type\":\"WebSite\",\"@id\":\"https:\/\/abaa.mx\/tienda\/#website\",\"url\":\"https:\/\/abaa.mx\/tienda\/\",\"name\":\"Abaa tienda online\",\"description\":\"Instrumentos de medici\u00f3n\",\"publisher\":{\"@id\":\"https:\/\/abaa.mx\/tienda\/#organization\"},\"potentialAction\":[{\"@type\":\"SearchAction\",\"target\":{\"@type\":\"EntryPoint\",\"urlTemplate\":\"https:\/\/abaa.mx\/tienda\/?s={search_term_string}\"},\"query-input\":{\"@type\":\"PropertyValueSpecification\",\"valueRequired\":true,\"valueName\":\"search_term_string\"}}],\"inLanguage\":\"es\"},{\"@type\":\"Organization\",\"@id\":\"https:\/\/abaa.mx\/tienda\/#organization\",\"name\":\"Abaa tienda online\",\"url\":\"https:\/\/abaa.mx\/tienda\/\",\"logo\":{\"@type\":\"ImageObject\",\"inLanguage\":\"es\",\"@id\":\"https:\/\/abaa.mx\/tienda\/#\/schema\/logo\/image\/\",\"url\":\"https:\/\/abaa.mx\/tienda\/wp-content\/uploads\/2024\/01\/abaa-metrologia-tienda.png\",\"contentUrl\":\"https:\/\/abaa.mx\/tienda\/wp-content\/uploads\/2024\/01\/abaa-metrologia-tienda.png\",\"width\":300,\"height\":141,\"caption\":\"Abaa tienda online\"},\"image\":{\"@id\":\"https:\/\/abaa.mx\/tienda\/#\/schema\/logo\/image\/\"}}]}<\/script>\n<!-- \/ Yoast SEO plugin. -->","yoast_head_json":{"title":"Calibrador de proceso de documentaci\u00f3n fluke 753 - Abaa tienda online","robots":{"index":"index","follow":"follow","max-snippet":"max-snippet:-1","max-image-preview":"max-image-preview:large","max-video-preview":"max-video-preview:-1"},"canonical":"https:\/\/abaa.mx\/tienda\/calibrador-de-proceso-de-documentacion-fluke-753\/","og_locale":"es_MX","og_type":"article","og_title":"Calibrador de proceso de documentaci\u00f3n fluke 753 - Abaa tienda online","og_description":"Equipado con una interfaz USB y un cable de comunicaci\u00f3n, este calibrador de proceso puede obtener, simular y medir presi\u00f3n, temperatura y se\u00f1ales el\u00e9ctricas. Los usuarios pueden descargar procedimientos, listas e instrucciones creadas con software, e incluso cargar datos para imprimir, archivar y analizar.","og_url":"https:\/\/abaa.mx\/tienda\/calibrador-de-proceso-de-documentacion-fluke-753\/","og_site_name":"Abaa tienda online","og_image":[{"width":474,"height":474,"url":"https:\/\/abaa.mx\/tienda\/wp-content\/uploads\/2023\/09\/753.jpg","type":"image\/jpeg"}],"twitter_card":"summary_large_image","twitter_misc":{"Tiempo de lectura":"5 minutos"},"schema":{"@context":"https:\/\/schema.org","@graph":[{"@type":"WebPage","@id":"https:\/\/abaa.mx\/tienda\/calibrador-de-proceso-de-documentacion-fluke-753\/","url":"https:\/\/abaa.mx\/tienda\/calibrador-de-proceso-de-documentacion-fluke-753\/","name":"Calibrador de proceso de documentaci\u00f3n fluke 753 - Abaa tienda online","isPartOf":{"@id":"https:\/\/abaa.mx\/tienda\/#website"},"primaryImageOfPage":{"@id":"https:\/\/abaa.mx\/tienda\/calibrador-de-proceso-de-documentacion-fluke-753\/#primaryimage"},"image":{"@id":"https:\/\/abaa.mx\/tienda\/calibrador-de-proceso-de-documentacion-fluke-753\/#primaryimage"},"thumbnailUrl":"https:\/\/abaa.mx\/tienda\/wp-content\/uploads\/2023\/09\/753.jpg","datePublished":"2023-09-27T21:03:55+00:00","breadcrumb":{"@id":"https:\/\/abaa.mx\/tienda\/calibrador-de-proceso-de-documentacion-fluke-753\/#breadcrumb"},"inLanguage":"es","potentialAction":[{"@type":"ReadAction","target":["https:\/\/abaa.mx\/tienda\/calibrador-de-proceso-de-documentacion-fluke-753\/"]}]},{"@type":"ImageObject","inLanguage":"es","@id":"https:\/\/abaa.mx\/tienda\/calibrador-de-proceso-de-documentacion-fluke-753\/#primaryimage","url":"https:\/\/abaa.mx\/tienda\/wp-content\/uploads\/2023\/09\/753.jpg","contentUrl":"https:\/\/abaa.mx\/tienda\/wp-content\/uploads\/2023\/09\/753.jpg","width":474,"height":474,"caption":"calibrador-de-proceso-de-documentacion-fluke-753"},{"@type":"BreadcrumbList","@id":"https:\/\/abaa.mx\/tienda\/calibrador-de-proceso-de-documentacion-fluke-753\/#breadcrumb","itemListElement":[{"@type":"ListItem","position":1,"name":"Inicio","item":"https:\/\/abaa.mx\/tienda\/"},{"@type":"ListItem","position":2,"name":"Tienda","item":"https:\/\/abaa.mx\/tienda\/"},{"@type":"ListItem","position":3,"name":"Calibrador de proceso de documentaci\u00f3n fluke 753"}]},{"@type":"WebSite","@id":"https:\/\/abaa.mx\/tienda\/#website","url":"https:\/\/abaa.mx\/tienda\/","name":"Abaa tienda online","description":"Instrumentos de medici\u00f3n","publisher":{"@id":"https:\/\/abaa.mx\/tienda\/#organization"},"potentialAction":[{"@type":"SearchAction","target":{"@type":"EntryPoint","urlTemplate":"https:\/\/abaa.mx\/tienda\/?s={search_term_string}"},"query-input":{"@type":"PropertyValueSpecification","valueRequired":true,"valueName":"search_term_string"}}],"inLanguage":"es"},{"@type":"Organization","@id":"https:\/\/abaa.mx\/tienda\/#organization","name":"Abaa tienda online","url":"https:\/\/abaa.mx\/tienda\/","logo":{"@type":"ImageObject","inLanguage":"es","@id":"https:\/\/abaa.mx\/tienda\/#\/schema\/logo\/image\/","url":"https:\/\/abaa.mx\/tienda\/wp-content\/uploads\/2024\/01\/abaa-metrologia-tienda.png","contentUrl":"https:\/\/abaa.mx\/tienda\/wp-content\/uploads\/2024\/01\/abaa-metrologia-tienda.png","width":300,"height":141,"caption":"Abaa tienda online"},"image":{"@id":"https:\/\/abaa.mx\/tienda\/#\/schema\/logo\/image\/"}}]}},"_links":{"self":[{"href":"https:\/\/abaa.mx\/tienda\/wp-json\/wp\/v2\/product\/3362","targetHints":{"allow":["GET"]}}],"collection":[{"href":"https:\/\/abaa.mx\/tienda\/wp-json\/wp\/v2\/product"}],"about":[{"href":"https:\/\/abaa.mx\/tienda\/wp-json\/wp\/v2\/types\/product"}],"replies":[{"embeddable":true,"href":"https:\/\/abaa.mx\/tienda\/wp-json\/wp\/v2\/comments?post=3362"}],"wp:featuredmedia":[{"embeddable":true,"href":"https:\/\/abaa.mx\/tienda\/wp-json\/wp\/v2\/media\/3379"}],"wp:attachment":[{"href":"https:\/\/abaa.mx\/tienda\/wp-json\/wp\/v2\/media?parent=3362"}],"wp:term":[{"taxonomy":"product_brand","embeddable":true,"href":"https:\/\/abaa.mx\/tienda\/wp-json\/wp\/v2\/product_brand?post=3362"},{"taxonomy":"product_cat","embeddable":true,"href":"https:\/\/abaa.mx\/tienda\/wp-json\/wp\/v2\/product_cat?post=3362"},{"taxonomy":"product_tag","embeddable":true,"href":"https:\/\/abaa.mx\/tienda\/wp-json\/wp\/v2\/product_tag?post=3362"}],"curies":[{"name":"wp","href":"https:\/\/api.w.org\/{rel}","templated":true}]}}