{"id":3323,"date":"2023-09-27T19:49:51","date_gmt":"2023-09-27T19:49:51","guid":{"rendered":"https:\/\/abaa.mx\/tienda\/?post_type=product&#038;p=3323"},"modified":"2023-12-06T19:20:44","modified_gmt":"2023-12-06T19:20:44","slug":"dwyer-43400-presosta-manometro-capsu-fotohelico-0-400w-c","status":"publish","type":"product","link":"https:\/\/abaa.mx\/tienda\/dwyer-43400-presosta-manometro-capsu-fotohelico-0-400w-c\/","title":{"rendered":"Dwyer 43400 presosta-man\u00f3metro capsu-fotoh\u00e9lico (0-400&#8243;w.c.)"},"content":{"rendered":"<p>Emplea un elemento de detecci\u00f3n encapsulado para su uso con l\u00edquidos y gases a presiones de hasta 500 psig (34 bar). Se incluyen dos rel\u00e9s DPDT accionados por fototransistores para el control de l\u00edmite bajo\/alto.<\/p>\n<h4>Man\u00f3metro de interruptor de presi\u00f3n Capsu-Photoh\u00e9lic Dwyer 43400 con rango de 0 a 400 en W.C.<\/h4>\n<ul>\n<li>Carcasa robusta de aluminio extruido<\/li>\n<li>Ligero, r\u00e1pido y f\u00e1cil de usar<\/li>\n<li>Unidades inglesas\/m\u00e9tricas seleccionables<\/li>\n<li>Aprobado por FM<\/li>\n<\/ul>\n<p><strong>Caracter\u00edsticas t\u00e9cnicas<\/strong><\/p>\n<p>Servicio: Aire y gases combustibles compatibles.<br \/>\nMateriales h\u00famedos: Consultar f\u00e1brica.<br \/>\nPrecisi\u00f3n: \u00b10.5% F.S., 60 a 78\u00b0F (15.6 a 25.6\u00b0C); \u00b11.5% F.S. de 32 a 60 y de 78 a 104\u00b0F (0 a 15.6 y 25.6 a 40\u00b0C).<br \/>\nHist\u00e9resis de presi\u00f3n: \u00b10,1% de escala completa.<br \/>\nL\u00edmites de presi\u00f3n: Consulte la p\u00e1gina Pedidos.<br \/>\nL\u00edmites de temperatura: 0 a 140\u00b0F (-17.8 a 60\u00b0C).<br \/>\nL\u00edmites de temperatura compensados: 32 a 104 \u00b0 F (0 a 40 \u00b0 C).<br \/>\nL\u00edmites de temperatura de almacenamiento: -4 a 176 \u00b0F (-20 a 80 \u00b0C).<br \/>\nPantalla: LCD de 0 d\u00edgitos (42,10&#8243; (6,4 mm).<br \/>\nRequisitos de energ\u00eda: bater\u00eda alcalina de 9 voltios. Bater\u00eda no conectada.<br \/>\nPeso: 10.8 oz (306 g).<br \/>\nConexiones: Dos conexiones de p\u00faas para usar con tubos I.D. de 1\/8&#8243; (3.18 mm) o 3\/16&#8243; (4.76 mm). Dos accesorios de compresi\u00f3n para usar con tubos I.D. de 1\/8&#8243; (3.18 mm) x 1\/4&#8243; (6.35 mm) de O.D. solo para 475-7-FM y 475-8-FM.<br \/>\nAprobaciones de agencia: FM, CE.<\/p>\n<h4>Dwyer 43400 Especificaciones<\/h4>\n<table class=\"table table-striped\">\n<tbody>\n<tr>\n<td colspan=\"2\"><strong>Especificaciones del interruptor<\/strong><\/td>\n<\/tr>\n<tr>\n<td>Tipo de interruptor<\/td>\n<td>Cada punto de consigna tiene 2 rel\u00e9s de forma C (DPDT)<\/td>\n<\/tr>\n<tr>\n<td>Repetibilidad<\/td>\n<td>\u00b11% de FS<\/td>\n<\/tr>\n<tr>\n<td>Clasificaci\u00f3n el\u00e9ctrica<\/td>\n<td>10 A a 120 VCA<br \/>\n6 A a 240 VCA<br \/>\n60 Hz resoluci\u00f3n<br \/>\n10 A a 28 VCC<\/td>\n<\/tr>\n<tr>\n<td>Conexiones el\u00e9ctricas<\/td>\n<td>Terminales de tornillo<\/td>\n<\/tr>\n<tr>\n<td>Requisitos de alimentaci\u00f3n<\/td>\n<td>Alimentaci\u00f3n de 120 VCA, 50\/60 Hz 240 VCA y<br \/>\n24 VCA (opcional)<\/td>\n<\/tr>\n<tr>\n<td>Orientaci\u00f3n de montaje<\/td>\n<td>Diafragma en posici\u00f3n vertical. Consulte a la f\u00e1brica para otra orientaci\u00f3n de posici\u00f3n<\/td>\n<\/tr>\n<tr>\n<td>Ajuste del punto de ajuste<\/td>\n<td>Perillas ajustables en la cara<\/td>\n<\/tr>\n<tr>\n<td colspan=\"2\"><strong>Especificaciones del medidor<\/strong><\/td>\n<\/tr>\n<tr>\n<td>Servicio<\/td>\n<td>Gases y l\u00edquidos compatibles Opci\u00f3n de caja de<br \/>\nlat\u00f3n requerida para l\u00edquidos a base de agua<\/td>\n<\/tr>\n<tr>\n<td>Materiales h\u00famedos<\/td>\n<td>Consultar f\u00e1brica<\/td>\n<\/tr>\n<tr>\n<td>Exactitud<\/td>\n<td>\u00b13% de FS a 70\u00b0F (21.1\u00b0C) \u00b14% en 43215, 43220 y 43500<\/td>\n<\/tr>\n<tr>\n<td>L\u00edmites de presi\u00f3n<\/td>\n<td>-20 Hg a 500 psig (-0,677 a 34,5 bar)<\/td>\n<\/tr>\n<tr>\n<td>L\u00edmites de temperatura<\/td>\n<td>20 a 120\u00b0F (-6.67 a 48.9\u00b0C)<\/td>\n<\/tr>\n<tr>\n<td>Conexiones de proceso<\/td>\n<td>1\/4&#8243; NPT hembra<\/td>\n<\/tr>\n<tr>\n<td>Dimensiones<\/td>\n<td>Esfera<br \/>\nde 4&#8243; (101,6 mm) 5 x 9<sup>3<\/sup>\u2044<sub>16<\/sub>&#8221; (127 x 233,36 mm)<\/td>\n<\/tr>\n<tr>\n<td>Peso<\/td>\n<td>5 lbs 8 oz (2.49 kg) Lat\u00f3n: 11 lbs 2 oz (5.05 kg)<\/td>\n<\/tr>\n<\/tbody>\n<\/table>\n","protected":false},"excerpt":{"rendered":"<p>Emplea un elemento de detecci\u00f3n encapsulado para su uso con l\u00edquidos y gases a presiones de hasta 500 psig (34 bar). Se incluyen dos rel\u00e9s DPDT accionados por fototransistores para el control de l\u00edmite bajo\/alto.<\/p>\n","protected":false},"featured_media":3331,"comment_status":"open","ping_status":"closed","template":"","meta":{"_joinchat":[]},"product_brand":[],"product_cat":[15],"product_tag":[],"class_list":{"0":"post-3323","1":"product","2":"type-product","3":"status-publish","4":"has-post-thumbnail","6":"product_cat-sin-categorizar","8":"first","9":"instock","10":"shipping-taxable","11":"product-type-simple"},"yoast_head":"<!-- This site is optimized with the Yoast SEO plugin v26.4 - https:\/\/yoast.com\/wordpress\/plugins\/seo\/ -->\n<title>Dwyer 43400 presosta-man\u00f3metro capsu-fotoh\u00e9lico (0-400&quot;w.c.) - Abaa tienda online<\/title>\n<meta name=\"robots\" content=\"index, follow, max-snippet:-1, max-image-preview:large, max-video-preview:-1\" \/>\n<link rel=\"canonical\" href=\"https:\/\/abaa.mx\/tienda\/dwyer-43400-presosta-manometro-capsu-fotohelico-0-400w-c\/\" \/>\n<meta property=\"og:locale\" content=\"es_MX\" \/>\n<meta property=\"og:type\" content=\"article\" \/>\n<meta property=\"og:title\" content=\"Dwyer 43400 presosta-man\u00f3metro capsu-fotoh\u00e9lico (0-400&quot;w.c.) - Abaa tienda online\" \/>\n<meta property=\"og:description\" content=\"Emplea un elemento de detecci\u00f3n encapsulado para su uso con l\u00edquidos y gases a presiones de hasta 500 psig (34 bar). Se incluyen dos rel\u00e9s DPDT accionados por fototransistores para el control de l\u00edmite bajo\/alto.\" \/>\n<meta property=\"og:url\" content=\"https:\/\/abaa.mx\/tienda\/dwyer-43400-presosta-manometro-capsu-fotohelico-0-400w-c\/\" \/>\n<meta property=\"og:site_name\" content=\"Abaa tienda online\" \/>\n<meta property=\"article:modified_time\" content=\"2023-12-06T19:20:44+00:00\" \/>\n<meta property=\"og:image\" content=\"https:\/\/abaa.mx\/tienda\/wp-content\/uploads\/2023\/09\/43400-1.jpg\" \/>\n\t<meta property=\"og:image:width\" content=\"270\" \/>\n\t<meta property=\"og:image:height\" content=\"270\" \/>\n\t<meta property=\"og:image:type\" content=\"image\/jpeg\" \/>\n<meta name=\"twitter:card\" content=\"summary_large_image\" \/>\n<meta name=\"twitter:label1\" content=\"Tiempo de lectura\" \/>\n\t<meta name=\"twitter:data1\" content=\"2 minutos\" \/>\n<script type=\"application\/ld+json\" class=\"yoast-schema-graph\">{\"@context\":\"https:\/\/schema.org\",\"@graph\":[{\"@type\":\"WebPage\",\"@id\":\"https:\/\/abaa.mx\/tienda\/dwyer-43400-presosta-manometro-capsu-fotohelico-0-400w-c\/\",\"url\":\"https:\/\/abaa.mx\/tienda\/dwyer-43400-presosta-manometro-capsu-fotohelico-0-400w-c\/\",\"name\":\"Dwyer 43400 presosta-man\u00f3metro capsu-fotoh\u00e9lico (0-400\\\"w.c.) - Abaa tienda online\",\"isPartOf\":{\"@id\":\"https:\/\/abaa.mx\/tienda\/#website\"},\"primaryImageOfPage\":{\"@id\":\"https:\/\/abaa.mx\/tienda\/dwyer-43400-presosta-manometro-capsu-fotohelico-0-400w-c\/#primaryimage\"},\"image\":{\"@id\":\"https:\/\/abaa.mx\/tienda\/dwyer-43400-presosta-manometro-capsu-fotohelico-0-400w-c\/#primaryimage\"},\"thumbnailUrl\":\"https:\/\/abaa.mx\/tienda\/wp-content\/uploads\/2023\/09\/43400-1.jpg\",\"datePublished\":\"2023-09-27T19:49:51+00:00\",\"dateModified\":\"2023-12-06T19:20:44+00:00\",\"breadcrumb\":{\"@id\":\"https:\/\/abaa.mx\/tienda\/dwyer-43400-presosta-manometro-capsu-fotohelico-0-400w-c\/#breadcrumb\"},\"inLanguage\":\"es\",\"potentialAction\":[{\"@type\":\"ReadAction\",\"target\":[\"https:\/\/abaa.mx\/tienda\/dwyer-43400-presosta-manometro-capsu-fotohelico-0-400w-c\/\"]}]},{\"@type\":\"ImageObject\",\"inLanguage\":\"es\",\"@id\":\"https:\/\/abaa.mx\/tienda\/dwyer-43400-presosta-manometro-capsu-fotohelico-0-400w-c\/#primaryimage\",\"url\":\"https:\/\/abaa.mx\/tienda\/wp-content\/uploads\/2023\/09\/43400-1.jpg\",\"contentUrl\":\"https:\/\/abaa.mx\/tienda\/wp-content\/uploads\/2023\/09\/43400-1.jpg\",\"width\":270,\"height\":270,\"caption\":\"43400\"},{\"@type\":\"BreadcrumbList\",\"@id\":\"https:\/\/abaa.mx\/tienda\/dwyer-43400-presosta-manometro-capsu-fotohelico-0-400w-c\/#breadcrumb\",\"itemListElement\":[{\"@type\":\"ListItem\",\"position\":1,\"name\":\"Inicio\",\"item\":\"https:\/\/abaa.mx\/tienda\/\"},{\"@type\":\"ListItem\",\"position\":2,\"name\":\"Tienda\",\"item\":\"https:\/\/abaa.mx\/tienda\/\"},{\"@type\":\"ListItem\",\"position\":3,\"name\":\"Dwyer 43400 presosta-man\u00f3metro capsu-fotoh\u00e9lico (0-400&#8243;w.c.)\"}]},{\"@type\":\"WebSite\",\"@id\":\"https:\/\/abaa.mx\/tienda\/#website\",\"url\":\"https:\/\/abaa.mx\/tienda\/\",\"name\":\"Abaa tienda online\",\"description\":\"Instrumentos de medici\u00f3n\",\"publisher\":{\"@id\":\"https:\/\/abaa.mx\/tienda\/#organization\"},\"potentialAction\":[{\"@type\":\"SearchAction\",\"target\":{\"@type\":\"EntryPoint\",\"urlTemplate\":\"https:\/\/abaa.mx\/tienda\/?s={search_term_string}\"},\"query-input\":{\"@type\":\"PropertyValueSpecification\",\"valueRequired\":true,\"valueName\":\"search_term_string\"}}],\"inLanguage\":\"es\"},{\"@type\":\"Organization\",\"@id\":\"https:\/\/abaa.mx\/tienda\/#organization\",\"name\":\"Abaa tienda online\",\"url\":\"https:\/\/abaa.mx\/tienda\/\",\"logo\":{\"@type\":\"ImageObject\",\"inLanguage\":\"es\",\"@id\":\"https:\/\/abaa.mx\/tienda\/#\/schema\/logo\/image\/\",\"url\":\"https:\/\/abaa.mx\/tienda\/wp-content\/uploads\/2024\/01\/abaa-metrologia-tienda.png\",\"contentUrl\":\"https:\/\/abaa.mx\/tienda\/wp-content\/uploads\/2024\/01\/abaa-metrologia-tienda.png\",\"width\":300,\"height\":141,\"caption\":\"Abaa tienda online\"},\"image\":{\"@id\":\"https:\/\/abaa.mx\/tienda\/#\/schema\/logo\/image\/\"}}]}<\/script>\n<!-- \/ Yoast SEO plugin. -->","yoast_head_json":{"title":"Dwyer 43400 presosta-man\u00f3metro capsu-fotoh\u00e9lico (0-400\"w.c.) - Abaa tienda online","robots":{"index":"index","follow":"follow","max-snippet":"max-snippet:-1","max-image-preview":"max-image-preview:large","max-video-preview":"max-video-preview:-1"},"canonical":"https:\/\/abaa.mx\/tienda\/dwyer-43400-presosta-manometro-capsu-fotohelico-0-400w-c\/","og_locale":"es_MX","og_type":"article","og_title":"Dwyer 43400 presosta-man\u00f3metro capsu-fotoh\u00e9lico (0-400\"w.c.) - Abaa tienda online","og_description":"Emplea un elemento de detecci\u00f3n encapsulado para su uso con l\u00edquidos y gases a presiones de hasta 500 psig (34 bar). Se incluyen dos rel\u00e9s DPDT accionados por fototransistores para el control de l\u00edmite bajo\/alto.","og_url":"https:\/\/abaa.mx\/tienda\/dwyer-43400-presosta-manometro-capsu-fotohelico-0-400w-c\/","og_site_name":"Abaa tienda online","article_modified_time":"2023-12-06T19:20:44+00:00","og_image":[{"width":270,"height":270,"url":"https:\/\/abaa.mx\/tienda\/wp-content\/uploads\/2023\/09\/43400-1.jpg","type":"image\/jpeg"}],"twitter_card":"summary_large_image","twitter_misc":{"Tiempo de lectura":"2 minutos"},"schema":{"@context":"https:\/\/schema.org","@graph":[{"@type":"WebPage","@id":"https:\/\/abaa.mx\/tienda\/dwyer-43400-presosta-manometro-capsu-fotohelico-0-400w-c\/","url":"https:\/\/abaa.mx\/tienda\/dwyer-43400-presosta-manometro-capsu-fotohelico-0-400w-c\/","name":"Dwyer 43400 presosta-man\u00f3metro capsu-fotoh\u00e9lico (0-400\"w.c.) - Abaa tienda online","isPartOf":{"@id":"https:\/\/abaa.mx\/tienda\/#website"},"primaryImageOfPage":{"@id":"https:\/\/abaa.mx\/tienda\/dwyer-43400-presosta-manometro-capsu-fotohelico-0-400w-c\/#primaryimage"},"image":{"@id":"https:\/\/abaa.mx\/tienda\/dwyer-43400-presosta-manometro-capsu-fotohelico-0-400w-c\/#primaryimage"},"thumbnailUrl":"https:\/\/abaa.mx\/tienda\/wp-content\/uploads\/2023\/09\/43400-1.jpg","datePublished":"2023-09-27T19:49:51+00:00","dateModified":"2023-12-06T19:20:44+00:00","breadcrumb":{"@id":"https:\/\/abaa.mx\/tienda\/dwyer-43400-presosta-manometro-capsu-fotohelico-0-400w-c\/#breadcrumb"},"inLanguage":"es","potentialAction":[{"@type":"ReadAction","target":["https:\/\/abaa.mx\/tienda\/dwyer-43400-presosta-manometro-capsu-fotohelico-0-400w-c\/"]}]},{"@type":"ImageObject","inLanguage":"es","@id":"https:\/\/abaa.mx\/tienda\/dwyer-43400-presosta-manometro-capsu-fotohelico-0-400w-c\/#primaryimage","url":"https:\/\/abaa.mx\/tienda\/wp-content\/uploads\/2023\/09\/43400-1.jpg","contentUrl":"https:\/\/abaa.mx\/tienda\/wp-content\/uploads\/2023\/09\/43400-1.jpg","width":270,"height":270,"caption":"43400"},{"@type":"BreadcrumbList","@id":"https:\/\/abaa.mx\/tienda\/dwyer-43400-presosta-manometro-capsu-fotohelico-0-400w-c\/#breadcrumb","itemListElement":[{"@type":"ListItem","position":1,"name":"Inicio","item":"https:\/\/abaa.mx\/tienda\/"},{"@type":"ListItem","position":2,"name":"Tienda","item":"https:\/\/abaa.mx\/tienda\/"},{"@type":"ListItem","position":3,"name":"Dwyer 43400 presosta-man\u00f3metro capsu-fotoh\u00e9lico (0-400&#8243;w.c.)"}]},{"@type":"WebSite","@id":"https:\/\/abaa.mx\/tienda\/#website","url":"https:\/\/abaa.mx\/tienda\/","name":"Abaa tienda online","description":"Instrumentos de medici\u00f3n","publisher":{"@id":"https:\/\/abaa.mx\/tienda\/#organization"},"potentialAction":[{"@type":"SearchAction","target":{"@type":"EntryPoint","urlTemplate":"https:\/\/abaa.mx\/tienda\/?s={search_term_string}"},"query-input":{"@type":"PropertyValueSpecification","valueRequired":true,"valueName":"search_term_string"}}],"inLanguage":"es"},{"@type":"Organization","@id":"https:\/\/abaa.mx\/tienda\/#organization","name":"Abaa tienda online","url":"https:\/\/abaa.mx\/tienda\/","logo":{"@type":"ImageObject","inLanguage":"es","@id":"https:\/\/abaa.mx\/tienda\/#\/schema\/logo\/image\/","url":"https:\/\/abaa.mx\/tienda\/wp-content\/uploads\/2024\/01\/abaa-metrologia-tienda.png","contentUrl":"https:\/\/abaa.mx\/tienda\/wp-content\/uploads\/2024\/01\/abaa-metrologia-tienda.png","width":300,"height":141,"caption":"Abaa tienda online"},"image":{"@id":"https:\/\/abaa.mx\/tienda\/#\/schema\/logo\/image\/"}}]}},"_links":{"self":[{"href":"https:\/\/abaa.mx\/tienda\/wp-json\/wp\/v2\/product\/3323","targetHints":{"allow":["GET"]}}],"collection":[{"href":"https:\/\/abaa.mx\/tienda\/wp-json\/wp\/v2\/product"}],"about":[{"href":"https:\/\/abaa.mx\/tienda\/wp-json\/wp\/v2\/types\/product"}],"replies":[{"embeddable":true,"href":"https:\/\/abaa.mx\/tienda\/wp-json\/wp\/v2\/comments?post=3323"}],"wp:featuredmedia":[{"embeddable":true,"href":"https:\/\/abaa.mx\/tienda\/wp-json\/wp\/v2\/media\/3331"}],"wp:attachment":[{"href":"https:\/\/abaa.mx\/tienda\/wp-json\/wp\/v2\/media?parent=3323"}],"wp:term":[{"taxonomy":"product_brand","embeddable":true,"href":"https:\/\/abaa.mx\/tienda\/wp-json\/wp\/v2\/product_brand?post=3323"},{"taxonomy":"product_cat","embeddable":true,"href":"https:\/\/abaa.mx\/tienda\/wp-json\/wp\/v2\/product_cat?post=3323"},{"taxonomy":"product_tag","embeddable":true,"href":"https:\/\/abaa.mx\/tienda\/wp-json\/wp\/v2\/product_tag?post=3323"}],"curies":[{"name":"wp","href":"https:\/\/api.w.org\/{rel}","templated":true}]}}