{"id":3318,"date":"2023-09-27T19:40:32","date_gmt":"2023-09-27T19:40:32","guid":{"rendered":"https:\/\/abaa.mx\/tienda\/?post_type=product&#038;p=3318"},"modified":"2023-12-06T19:24:53","modified_gmt":"2023-12-06T19:24:53","slug":"dwyer-43100b-presosta-manometro-capsu-fotohelico-0-100-w-c-cuerpo-de-laton","status":"publish","type":"product","link":"https:\/\/abaa.mx\/tienda\/dwyer-43100b-presosta-manometro-capsu-fotohelico-0-100-w-c-cuerpo-de-laton\/","title":{"rendered":"Dwyer 43100b presosta-man\u00f3metro capsu-fotoh\u00e9lico (0-100&#8243; w.c.), cuerpo de lat\u00f3n"},"content":{"rendered":"<p>Dise\u00f1ado para dar una indicaci\u00f3n r\u00e1pida y precisa de las presiones diferenciales. El medidor se puede utilizar como un dispositivo de lectura cuando se miden fluidos que fluyen, ca\u00edda de presi\u00f3n a trav\u00e9s de filtros, niveles de l\u00edquido en tanques de almacenamiento y muchas otras aplicaciones que involucran presi\u00f3n, vac\u00edo o presi\u00f3n diferencial. Cuenta con un cuerpo de lat\u00f3n para l\u00edquidos a base de agua.<\/p>\n<h4>Dwyer 43100B Man\u00f3metro fotohelicoidal con caja de lat\u00f3n<\/h4>\n<p>Rango: 0-100&#8243; w.c.<\/p>\n<h4>Dwyer 43100B Especificaciones<\/h4>\n<table class=\"table table-striped\">\n<tbody>\n<tr>\n<td colspan=\"2\"><strong>Especificaciones del interruptor<\/strong><\/td>\n<\/tr>\n<tr>\n<td>Tipo de interruptor<\/td>\n<td>Cada punto de consigna tiene 2 rel\u00e9s de forma C (DPDT)<\/td>\n<\/tr>\n<tr>\n<td>Repetibilidad<\/td>\n<td>\u00b11% de FS<\/td>\n<\/tr>\n<tr>\n<td>Clasificaci\u00f3n el\u00e9ctrica<\/td>\n<td>10 A a 120 VCA<br \/>\n6 A a 240 VCA<br \/>\n60 Hz resoluci\u00f3n<br \/>\n10 A a 28 VCC<\/td>\n<\/tr>\n<tr>\n<td>Conexiones el\u00e9ctricas<\/td>\n<td>Terminales de tornillo<\/td>\n<\/tr>\n<tr>\n<td>Requisitos de alimentaci\u00f3n<\/td>\n<td>Alimentaci\u00f3n de 120 VCA, 50\/60 Hz 240 VCA y<br \/>\n24 VCA (opcional)<\/td>\n<\/tr>\n<tr>\n<td>Orientaci\u00f3n de montaje<\/td>\n<td>Diafragma en posici\u00f3n vertical. Consulte a la f\u00e1brica para otra orientaci\u00f3n de posici\u00f3n<\/td>\n<\/tr>\n<tr>\n<td>Ajuste del punto de ajuste<\/td>\n<td>Perillas ajustables en la cara<\/td>\n<\/tr>\n<tr>\n<td colspan=\"2\"><strong>Especificaciones del medidor<\/strong><\/td>\n<\/tr>\n<tr>\n<td>Servicio<\/td>\n<td>Gases y l\u00edquidos compatibles Opci\u00f3n de caja de<br \/>\nlat\u00f3n requerida para l\u00edquidos a base de agua<\/td>\n<\/tr>\n<tr>\n<td>Materiales h\u00famedos<\/td>\n<td>Consultar f\u00e1brica<\/td>\n<\/tr>\n<tr>\n<td>Exactitud<\/td>\n<td>\u00b13% de FS a 70\u00b0F (21.1\u00b0C) \u00b14% en 43215, 43220 y 43500<\/td>\n<\/tr>\n<tr>\n<td>L\u00edmites de presi\u00f3n<\/td>\n<td>-20 Hg a 500 psig (-0,677 a 34,5 bar)<\/td>\n<\/tr>\n<tr>\n<td>L\u00edmites de temperatura<\/td>\n<td>20 a 120\u00b0F (-6.67 a 48.9\u00b0C)<\/td>\n<\/tr>\n<tr>\n<td>Conexiones de proceso<\/td>\n<td>1\/4&#8243; NPT hembra<\/td>\n<\/tr>\n<tr>\n<td>Dimensiones<\/td>\n<td>Esfera<br \/>\nde 4&#8243; (101,6 mm) 5 x 9<sup>3<\/sup>\u2044<sub>16<\/sub>&#8221; (127 x 233,36 mm)<\/td>\n<\/tr>\n<tr>\n<td>Peso<\/td>\n<td>5 lbs 8 oz (2.49 kg) Lat\u00f3n: 11 lbs 2 oz (5.05 kg)<\/td>\n<\/tr>\n<\/tbody>\n<\/table>\n","protected":false},"excerpt":{"rendered":"<p>Dise\u00f1ado para dar una indicaci\u00f3n r\u00e1pida y precisa de las presiones diferenciales. El medidor se puede utilizar como un dispositivo de lectura cuando se miden fluidos que fluyen, ca\u00edda de presi\u00f3n a trav\u00e9s de filtros, niveles de l\u00edquido en tanques de almacenamiento y muchas otras aplicaciones que involucran presi\u00f3n, vac\u00edo o presi\u00f3n diferencial. Cuenta con un cuerpo de lat\u00f3n para l\u00edquidos a base de agua.<\/p>\n","protected":false},"featured_media":3320,"comment_status":"open","ping_status":"closed","template":"","meta":{"_joinchat":[]},"product_brand":[],"product_cat":[15],"product_tag":[],"class_list":{"0":"post-3318","1":"product","2":"type-product","3":"status-publish","4":"has-post-thumbnail","6":"product_cat-sin-categorizar","8":"first","9":"instock","10":"shipping-taxable","11":"product-type-simple"},"yoast_head":"<!-- This site is optimized with the Yoast SEO plugin v26.4 - https:\/\/yoast.com\/wordpress\/plugins\/seo\/ -->\n<title>Dwyer 43100b presosta-man\u00f3metro capsu-fotoh\u00e9lico (0-100&quot; w.c.), cuerpo de lat\u00f3n - Abaa tienda online<\/title>\n<meta name=\"robots\" content=\"index, follow, max-snippet:-1, max-image-preview:large, max-video-preview:-1\" \/>\n<link rel=\"canonical\" href=\"https:\/\/abaa.mx\/tienda\/dwyer-43100b-presosta-manometro-capsu-fotohelico-0-100-w-c-cuerpo-de-laton\/\" \/>\n<meta property=\"og:locale\" content=\"es_MX\" \/>\n<meta property=\"og:type\" content=\"article\" \/>\n<meta property=\"og:title\" content=\"Dwyer 43100b presosta-man\u00f3metro capsu-fotoh\u00e9lico (0-100&quot; w.c.), cuerpo de lat\u00f3n - Abaa tienda online\" \/>\n<meta property=\"og:description\" content=\"Dise\u00f1ado para dar una indicaci\u00f3n r\u00e1pida y precisa de las presiones diferenciales. El medidor se puede utilizar como un dispositivo de lectura cuando se miden fluidos que fluyen, ca\u00edda de presi\u00f3n a trav\u00e9s de filtros, niveles de l\u00edquido en tanques de almacenamiento y muchas otras aplicaciones que involucran presi\u00f3n, vac\u00edo o presi\u00f3n diferencial. Cuenta con un cuerpo de lat\u00f3n para l\u00edquidos a base de agua.\" \/>\n<meta property=\"og:url\" content=\"https:\/\/abaa.mx\/tienda\/dwyer-43100b-presosta-manometro-capsu-fotohelico-0-100-w-c-cuerpo-de-laton\/\" \/>\n<meta property=\"og:site_name\" content=\"Abaa tienda online\" \/>\n<meta property=\"article:modified_time\" content=\"2023-12-06T19:24:53+00:00\" \/>\n<meta property=\"og:image\" content=\"https:\/\/abaa.mx\/tienda\/wp-content\/uploads\/2023\/09\/43100B.jpg\" \/>\n\t<meta property=\"og:image:width\" content=\"270\" \/>\n\t<meta property=\"og:image:height\" content=\"211\" \/>\n\t<meta property=\"og:image:type\" content=\"image\/jpeg\" \/>\n<meta name=\"twitter:card\" content=\"summary_large_image\" \/>\n<meta name=\"twitter:label1\" content=\"Tiempo de lectura\" \/>\n\t<meta name=\"twitter:data1\" content=\"2 minutos\" \/>\n<script type=\"application\/ld+json\" class=\"yoast-schema-graph\">{\"@context\":\"https:\/\/schema.org\",\"@graph\":[{\"@type\":\"WebPage\",\"@id\":\"https:\/\/abaa.mx\/tienda\/dwyer-43100b-presosta-manometro-capsu-fotohelico-0-100-w-c-cuerpo-de-laton\/\",\"url\":\"https:\/\/abaa.mx\/tienda\/dwyer-43100b-presosta-manometro-capsu-fotohelico-0-100-w-c-cuerpo-de-laton\/\",\"name\":\"Dwyer 43100b presosta-man\u00f3metro capsu-fotoh\u00e9lico (0-100\\\" w.c.), cuerpo de lat\u00f3n - Abaa tienda online\",\"isPartOf\":{\"@id\":\"https:\/\/abaa.mx\/tienda\/#website\"},\"primaryImageOfPage\":{\"@id\":\"https:\/\/abaa.mx\/tienda\/dwyer-43100b-presosta-manometro-capsu-fotohelico-0-100-w-c-cuerpo-de-laton\/#primaryimage\"},\"image\":{\"@id\":\"https:\/\/abaa.mx\/tienda\/dwyer-43100b-presosta-manometro-capsu-fotohelico-0-100-w-c-cuerpo-de-laton\/#primaryimage\"},\"thumbnailUrl\":\"https:\/\/abaa.mx\/tienda\/wp-content\/uploads\/2023\/09\/43100B.jpg\",\"datePublished\":\"2023-09-27T19:40:32+00:00\",\"dateModified\":\"2023-12-06T19:24:53+00:00\",\"breadcrumb\":{\"@id\":\"https:\/\/abaa.mx\/tienda\/dwyer-43100b-presosta-manometro-capsu-fotohelico-0-100-w-c-cuerpo-de-laton\/#breadcrumb\"},\"inLanguage\":\"es\",\"potentialAction\":[{\"@type\":\"ReadAction\",\"target\":[\"https:\/\/abaa.mx\/tienda\/dwyer-43100b-presosta-manometro-capsu-fotohelico-0-100-w-c-cuerpo-de-laton\/\"]}]},{\"@type\":\"ImageObject\",\"inLanguage\":\"es\",\"@id\":\"https:\/\/abaa.mx\/tienda\/dwyer-43100b-presosta-manometro-capsu-fotohelico-0-100-w-c-cuerpo-de-laton\/#primaryimage\",\"url\":\"https:\/\/abaa.mx\/tienda\/wp-content\/uploads\/2023\/09\/43100B.jpg\",\"contentUrl\":\"https:\/\/abaa.mx\/tienda\/wp-content\/uploads\/2023\/09\/43100B.jpg\",\"width\":270,\"height\":211,\"caption\":\"43100B\"},{\"@type\":\"BreadcrumbList\",\"@id\":\"https:\/\/abaa.mx\/tienda\/dwyer-43100b-presosta-manometro-capsu-fotohelico-0-100-w-c-cuerpo-de-laton\/#breadcrumb\",\"itemListElement\":[{\"@type\":\"ListItem\",\"position\":1,\"name\":\"Inicio\",\"item\":\"https:\/\/abaa.mx\/tienda\/\"},{\"@type\":\"ListItem\",\"position\":2,\"name\":\"Tienda\",\"item\":\"https:\/\/abaa.mx\/tienda\/\"},{\"@type\":\"ListItem\",\"position\":3,\"name\":\"Dwyer 43100b presosta-man\u00f3metro capsu-fotoh\u00e9lico (0-100&#8243; w.c.), cuerpo de lat\u00f3n\"}]},{\"@type\":\"WebSite\",\"@id\":\"https:\/\/abaa.mx\/tienda\/#website\",\"url\":\"https:\/\/abaa.mx\/tienda\/\",\"name\":\"Abaa tienda online\",\"description\":\"Instrumentos de medici\u00f3n\",\"publisher\":{\"@id\":\"https:\/\/abaa.mx\/tienda\/#organization\"},\"potentialAction\":[{\"@type\":\"SearchAction\",\"target\":{\"@type\":\"EntryPoint\",\"urlTemplate\":\"https:\/\/abaa.mx\/tienda\/?s={search_term_string}\"},\"query-input\":{\"@type\":\"PropertyValueSpecification\",\"valueRequired\":true,\"valueName\":\"search_term_string\"}}],\"inLanguage\":\"es\"},{\"@type\":\"Organization\",\"@id\":\"https:\/\/abaa.mx\/tienda\/#organization\",\"name\":\"Abaa tienda online\",\"url\":\"https:\/\/abaa.mx\/tienda\/\",\"logo\":{\"@type\":\"ImageObject\",\"inLanguage\":\"es\",\"@id\":\"https:\/\/abaa.mx\/tienda\/#\/schema\/logo\/image\/\",\"url\":\"https:\/\/abaa.mx\/tienda\/wp-content\/uploads\/2024\/01\/abaa-metrologia-tienda.png\",\"contentUrl\":\"https:\/\/abaa.mx\/tienda\/wp-content\/uploads\/2024\/01\/abaa-metrologia-tienda.png\",\"width\":300,\"height\":141,\"caption\":\"Abaa tienda online\"},\"image\":{\"@id\":\"https:\/\/abaa.mx\/tienda\/#\/schema\/logo\/image\/\"}}]}<\/script>\n<!-- \/ Yoast SEO plugin. -->","yoast_head_json":{"title":"Dwyer 43100b presosta-man\u00f3metro capsu-fotoh\u00e9lico (0-100\" w.c.), cuerpo de lat\u00f3n - Abaa tienda online","robots":{"index":"index","follow":"follow","max-snippet":"max-snippet:-1","max-image-preview":"max-image-preview:large","max-video-preview":"max-video-preview:-1"},"canonical":"https:\/\/abaa.mx\/tienda\/dwyer-43100b-presosta-manometro-capsu-fotohelico-0-100-w-c-cuerpo-de-laton\/","og_locale":"es_MX","og_type":"article","og_title":"Dwyer 43100b presosta-man\u00f3metro capsu-fotoh\u00e9lico (0-100\" w.c.), cuerpo de lat\u00f3n - Abaa tienda online","og_description":"Dise\u00f1ado para dar una indicaci\u00f3n r\u00e1pida y precisa de las presiones diferenciales. El medidor se puede utilizar como un dispositivo de lectura cuando se miden fluidos que fluyen, ca\u00edda de presi\u00f3n a trav\u00e9s de filtros, niveles de l\u00edquido en tanques de almacenamiento y muchas otras aplicaciones que involucran presi\u00f3n, vac\u00edo o presi\u00f3n diferencial. Cuenta con un cuerpo de lat\u00f3n para l\u00edquidos a base de agua.","og_url":"https:\/\/abaa.mx\/tienda\/dwyer-43100b-presosta-manometro-capsu-fotohelico-0-100-w-c-cuerpo-de-laton\/","og_site_name":"Abaa tienda online","article_modified_time":"2023-12-06T19:24:53+00:00","og_image":[{"width":270,"height":211,"url":"https:\/\/abaa.mx\/tienda\/wp-content\/uploads\/2023\/09\/43100B.jpg","type":"image\/jpeg"}],"twitter_card":"summary_large_image","twitter_misc":{"Tiempo de lectura":"2 minutos"},"schema":{"@context":"https:\/\/schema.org","@graph":[{"@type":"WebPage","@id":"https:\/\/abaa.mx\/tienda\/dwyer-43100b-presosta-manometro-capsu-fotohelico-0-100-w-c-cuerpo-de-laton\/","url":"https:\/\/abaa.mx\/tienda\/dwyer-43100b-presosta-manometro-capsu-fotohelico-0-100-w-c-cuerpo-de-laton\/","name":"Dwyer 43100b presosta-man\u00f3metro capsu-fotoh\u00e9lico (0-100\" w.c.), cuerpo de lat\u00f3n - Abaa tienda online","isPartOf":{"@id":"https:\/\/abaa.mx\/tienda\/#website"},"primaryImageOfPage":{"@id":"https:\/\/abaa.mx\/tienda\/dwyer-43100b-presosta-manometro-capsu-fotohelico-0-100-w-c-cuerpo-de-laton\/#primaryimage"},"image":{"@id":"https:\/\/abaa.mx\/tienda\/dwyer-43100b-presosta-manometro-capsu-fotohelico-0-100-w-c-cuerpo-de-laton\/#primaryimage"},"thumbnailUrl":"https:\/\/abaa.mx\/tienda\/wp-content\/uploads\/2023\/09\/43100B.jpg","datePublished":"2023-09-27T19:40:32+00:00","dateModified":"2023-12-06T19:24:53+00:00","breadcrumb":{"@id":"https:\/\/abaa.mx\/tienda\/dwyer-43100b-presosta-manometro-capsu-fotohelico-0-100-w-c-cuerpo-de-laton\/#breadcrumb"},"inLanguage":"es","potentialAction":[{"@type":"ReadAction","target":["https:\/\/abaa.mx\/tienda\/dwyer-43100b-presosta-manometro-capsu-fotohelico-0-100-w-c-cuerpo-de-laton\/"]}]},{"@type":"ImageObject","inLanguage":"es","@id":"https:\/\/abaa.mx\/tienda\/dwyer-43100b-presosta-manometro-capsu-fotohelico-0-100-w-c-cuerpo-de-laton\/#primaryimage","url":"https:\/\/abaa.mx\/tienda\/wp-content\/uploads\/2023\/09\/43100B.jpg","contentUrl":"https:\/\/abaa.mx\/tienda\/wp-content\/uploads\/2023\/09\/43100B.jpg","width":270,"height":211,"caption":"43100B"},{"@type":"BreadcrumbList","@id":"https:\/\/abaa.mx\/tienda\/dwyer-43100b-presosta-manometro-capsu-fotohelico-0-100-w-c-cuerpo-de-laton\/#breadcrumb","itemListElement":[{"@type":"ListItem","position":1,"name":"Inicio","item":"https:\/\/abaa.mx\/tienda\/"},{"@type":"ListItem","position":2,"name":"Tienda","item":"https:\/\/abaa.mx\/tienda\/"},{"@type":"ListItem","position":3,"name":"Dwyer 43100b presosta-man\u00f3metro capsu-fotoh\u00e9lico (0-100&#8243; w.c.), cuerpo de lat\u00f3n"}]},{"@type":"WebSite","@id":"https:\/\/abaa.mx\/tienda\/#website","url":"https:\/\/abaa.mx\/tienda\/","name":"Abaa tienda online","description":"Instrumentos de medici\u00f3n","publisher":{"@id":"https:\/\/abaa.mx\/tienda\/#organization"},"potentialAction":[{"@type":"SearchAction","target":{"@type":"EntryPoint","urlTemplate":"https:\/\/abaa.mx\/tienda\/?s={search_term_string}"},"query-input":{"@type":"PropertyValueSpecification","valueRequired":true,"valueName":"search_term_string"}}],"inLanguage":"es"},{"@type":"Organization","@id":"https:\/\/abaa.mx\/tienda\/#organization","name":"Abaa tienda online","url":"https:\/\/abaa.mx\/tienda\/","logo":{"@type":"ImageObject","inLanguage":"es","@id":"https:\/\/abaa.mx\/tienda\/#\/schema\/logo\/image\/","url":"https:\/\/abaa.mx\/tienda\/wp-content\/uploads\/2024\/01\/abaa-metrologia-tienda.png","contentUrl":"https:\/\/abaa.mx\/tienda\/wp-content\/uploads\/2024\/01\/abaa-metrologia-tienda.png","width":300,"height":141,"caption":"Abaa tienda online"},"image":{"@id":"https:\/\/abaa.mx\/tienda\/#\/schema\/logo\/image\/"}}]}},"_links":{"self":[{"href":"https:\/\/abaa.mx\/tienda\/wp-json\/wp\/v2\/product\/3318","targetHints":{"allow":["GET"]}}],"collection":[{"href":"https:\/\/abaa.mx\/tienda\/wp-json\/wp\/v2\/product"}],"about":[{"href":"https:\/\/abaa.mx\/tienda\/wp-json\/wp\/v2\/types\/product"}],"replies":[{"embeddable":true,"href":"https:\/\/abaa.mx\/tienda\/wp-json\/wp\/v2\/comments?post=3318"}],"wp:featuredmedia":[{"embeddable":true,"href":"https:\/\/abaa.mx\/tienda\/wp-json\/wp\/v2\/media\/3320"}],"wp:attachment":[{"href":"https:\/\/abaa.mx\/tienda\/wp-json\/wp\/v2\/media?parent=3318"}],"wp:term":[{"taxonomy":"product_brand","embeddable":true,"href":"https:\/\/abaa.mx\/tienda\/wp-json\/wp\/v2\/product_brand?post=3318"},{"taxonomy":"product_cat","embeddable":true,"href":"https:\/\/abaa.mx\/tienda\/wp-json\/wp\/v2\/product_cat?post=3318"},{"taxonomy":"product_tag","embeddable":true,"href":"https:\/\/abaa.mx\/tienda\/wp-json\/wp\/v2\/product_tag?post=3318"}],"curies":[{"name":"wp","href":"https:\/\/api.w.org\/{rel}","templated":true}]}}