{"id":3301,"date":"2023-09-27T19:34:18","date_gmt":"2023-09-27T19:34:18","guid":{"rendered":"https:\/\/abaa.mx\/tienda\/?post_type=product&#038;p=3301"},"modified":"2023-12-06T19:24:58","modified_gmt":"2023-12-06T19:24:58","slug":"dwyer-43030-presosta-manometro-capsu-photohelic-0-30w-c","status":"publish","type":"product","link":"https:\/\/abaa.mx\/tienda\/dwyer-43030-presosta-manometro-capsu-photohelic-0-30w-c\/","title":{"rendered":"Dwyer 43030 presosta-man\u00f3metro capsu-photoh\u00e9lic (0-30&#8243;w.c.)"},"content":{"rendered":"<p>Dise\u00f1ado para dar una indicaci\u00f3n r\u00e1pida y precisa de las presiones diferenciales. El medidor se puede utilizar como un dispositivo de lectura cuando se miden fluidos que fluyen, ca\u00edda de presi\u00f3n a trav\u00e9s de filtros, niveles de l\u00edquido en tanques de almacenamiento y muchas otras aplicaciones que involucran presi\u00f3n, vac\u00edo o presi\u00f3n diferencial.<\/p>\n<h4>Dwyer 43030 CAPSUHELIC\/FOTOH\u00c9LICA, MAN\u00d3METRO, 0\/30<\/h4>\n<ul>\n<li>Utilizando el dise\u00f1o b\u00e1sico del medidor Magnehelic de Dwyer, el medidor Capsuhelic\u00ae\u00ae contiene un movimiento simple y sin fricci\u00f3n que permite lecturas a escala completa tan bajas como una columna de agua de 0.5 pulgadas.<\/li>\n<li>La presi\u00f3n que se mide se mantiene dentro de una c\u00e1psula que es una parte integral del medidor.<\/li>\n<li>Esta contenci\u00f3n de la presi\u00f3n permite el uso del man\u00f3metro en presiones del sistema de hasta 500 psig, incluso cuando los diferenciales a leer son inferiores a 0,1 pulgadas w.c.<\/li>\n<li>El medidor Capsuhelicic accionado por diafragma no requiere l\u00edquido de llenado que pueda limitar sus aplicaciones al aire libre.<\/li>\n<li>Los ajustes de cero y rango se realizan desde fuera del medidor, y no hay necesidad de desmontar el medidor en servicio normal.<\/li>\n<\/ul>\n<p>NOTA: Se puede usar con hidr\u00f3geno donde las presiones son inferiores a 35 psi.\u00a0<strong>Caracter\u00edsticas t\u00e9cnicas:\u00a0<\/strong>Servicio: Aluminio Caja: Aire y gases compatibles y l\u00edquidos a base de aceite. Caja de lat\u00f3n: Aire y gases compatibles y l\u00edquidos a base de agua. Materiales h\u00famedos: Consultar f\u00e1brica. Carcasa: Aluminio fundido a presi\u00f3n con revestimiento duro impregnado, est\u00e1ndar. Se requiere una carcasa de lat\u00f3n forjado opcional para agua o fluidos a base de agua. Diafragmas de material especial disponibles, f\u00e1brica de contacto. Precisi\u00f3n: \u00b13% de la escala completa a 70 \u00b0 F (21.1 \u00b0 C). (\u00b12% en los modelos 4000S, \u00b14% en los modelos 4200, 4210, 4215, 4220, 4300, 4400 y 4500). L\u00edmites de presi\u00f3n: -20&#8243; Hg a 500 psig. (-0,677 bar a 34,4 bar). L\u00edmites de temperatura: 20 a 200 \u00b0 F (-6.67 a 93.3 \u00b0 C). Tama\u00f1o: esfera de 4&#8243; (101,6 mm) de di\u00e1metro. Orientaci\u00f3n de montaje: Diafragma en posici\u00f3n vertical. Consulte a la f\u00e1brica para otras orientaciones de posici\u00f3n. Conexiones de proceso: grifos de alta y baja presi\u00f3n NPT hembra de 1\/4&#8243;, duplicados: un par superior para aire y gas, y un par inferior para l\u00edquidos. Peso: caja de aluminio de 3 lb, 3 oz (1.45 kg); Caja de lat\u00f3n de 7 lb, 13 oz (3,54 kg). Accesorios est\u00e1ndar: Dos enchufes NPT de 1\/4&#8243; para grifos de presi\u00f3n duplicados, cuatro adaptadores de montaje empotrados con tornillos y<\/p>\n<h4>Dwyer 43030 Especificaciones<\/h4>\n<table class=\"table table-striped\">\n<tbody>\n<tr>\n<td colspan=\"2\"><strong>Especificaciones del interruptor<\/strong><\/td>\n<\/tr>\n<tr>\n<td>Tipo de interruptor<\/td>\n<td>Cada punto de consigna tiene 2 rel\u00e9s de forma C (DPDT)<\/td>\n<\/tr>\n<tr>\n<td>Repetibilidad<\/td>\n<td>\u00b11% de FS<\/td>\n<\/tr>\n<tr>\n<td>Clasificaci\u00f3n el\u00e9ctrica<\/td>\n<td>10 A a 120 VCA<br \/>\n6 A a 240 VCA<br \/>\n60 Hz resoluci\u00f3n<br \/>\n10 A a 28 VCC<\/td>\n<\/tr>\n<tr>\n<td>Conexiones el\u00e9ctricas<\/td>\n<td>Terminales de tornillo<\/td>\n<\/tr>\n<tr>\n<td>Requisitos de alimentaci\u00f3n<\/td>\n<td>Alimentaci\u00f3n de 120 VCA, 50\/60 Hz 240 VCA y<br \/>\n24 VCA (opcional)<\/td>\n<\/tr>\n<tr>\n<td>Orientaci\u00f3n de montaje<\/td>\n<td>Diafragma en posici\u00f3n vertical. Consulte a la f\u00e1brica para otra orientaci\u00f3n de posici\u00f3n<\/td>\n<\/tr>\n<tr>\n<td>Ajuste del punto de ajuste<\/td>\n<td>Perillas ajustables en la cara<\/td>\n<\/tr>\n<tr>\n<td colspan=\"2\"><strong>Especificaciones del medidor<\/strong><\/td>\n<\/tr>\n<tr>\n<td>Servicio<\/td>\n<td>Gases y l\u00edquidos compatibles Opci\u00f3n de caja de<br \/>\nlat\u00f3n requerida para l\u00edquidos a base de agua<\/td>\n<\/tr>\n<tr>\n<td>Materiales h\u00famedos<\/td>\n<td>Consultar f\u00e1brica<\/td>\n<\/tr>\n<tr>\n<td>Exactitud<\/td>\n<td>\u00b13% de FS a 70\u00b0F (21.1\u00b0C) \u00b14% en 43215, 43220 y 43500<\/td>\n<\/tr>\n<tr>\n<td>L\u00edmites de presi\u00f3n<\/td>\n<td>-20 Hg a 500 psig (-0,677 a 34,5 bar)<\/td>\n<\/tr>\n<tr>\n<td>L\u00edmites de temperatura<\/td>\n<td>20 a 120\u00b0F (-6.67 a 48.9\u00b0C)<\/td>\n<\/tr>\n<tr>\n<td>Conexiones de proceso<\/td>\n<td>1\/4&#8243; NPT hembra<\/td>\n<\/tr>\n<tr>\n<td>Dimensiones<\/td>\n<td>Esfera<br \/>\nde 4&#8243; (101,6 mm) 5 x 9<sup>3<\/sup>\u2044<sub>16<\/sub>&#8221; (127 x 233,36 mm)<\/td>\n<\/tr>\n<tr>\n<td>Peso<\/td>\n<td>5 lbs 8 oz (2.49 kg) Lat\u00f3n: 11 lbs 2 oz (5.05 kg)<\/td>\n<\/tr>\n<\/tbody>\n<\/table>\n","protected":false},"excerpt":{"rendered":"<p>Dise\u00f1ado para dar una indicaci\u00f3n r\u00e1pida y precisa de las presiones diferenciales. El medidor se puede utilizar como un dispositivo de lectura cuando se miden fluidos que fluyen, ca\u00edda de presi\u00f3n a trav\u00e9s de filtros, niveles de l\u00edquido en tanques de almacenamiento y muchas otras aplicaciones que involucran presi\u00f3n, vac\u00edo o presi\u00f3n diferencial.<\/p>\n","protected":false},"featured_media":3311,"comment_status":"open","ping_status":"closed","template":"","meta":{"_joinchat":[]},"product_brand":[],"product_cat":[15],"product_tag":[],"class_list":{"0":"post-3301","1":"product","2":"type-product","3":"status-publish","4":"has-post-thumbnail","6":"product_cat-sin-categorizar","8":"first","9":"instock","10":"shipping-taxable","11":"product-type-simple"},"yoast_head":"<!-- This site is optimized with the Yoast SEO plugin v26.4 - https:\/\/yoast.com\/wordpress\/plugins\/seo\/ -->\n<title>Dwyer 43030 presosta-man\u00f3metro capsu-photoh\u00e9lic (0-30&quot;w.c.) - Abaa tienda online<\/title>\n<meta name=\"robots\" content=\"index, follow, max-snippet:-1, max-image-preview:large, max-video-preview:-1\" \/>\n<link rel=\"canonical\" href=\"https:\/\/abaa.mx\/tienda\/dwyer-43030-presosta-manometro-capsu-photohelic-0-30w-c\/\" \/>\n<meta property=\"og:locale\" content=\"es_MX\" \/>\n<meta property=\"og:type\" content=\"article\" \/>\n<meta property=\"og:title\" content=\"Dwyer 43030 presosta-man\u00f3metro capsu-photoh\u00e9lic (0-30&quot;w.c.) - Abaa tienda online\" \/>\n<meta property=\"og:description\" content=\"Dise\u00f1ado para dar una indicaci\u00f3n r\u00e1pida y precisa de las presiones diferenciales. El medidor se puede utilizar como un dispositivo de lectura cuando se miden fluidos que fluyen, ca\u00edda de presi\u00f3n a trav\u00e9s de filtros, niveles de l\u00edquido en tanques de almacenamiento y muchas otras aplicaciones que involucran presi\u00f3n, vac\u00edo o presi\u00f3n diferencial.\" \/>\n<meta property=\"og:url\" content=\"https:\/\/abaa.mx\/tienda\/dwyer-43030-presosta-manometro-capsu-photohelic-0-30w-c\/\" \/>\n<meta property=\"og:site_name\" content=\"Abaa tienda online\" \/>\n<meta property=\"article:modified_time\" content=\"2023-12-06T19:24:58+00:00\" \/>\n<meta property=\"og:image\" content=\"https:\/\/abaa.mx\/tienda\/wp-content\/uploads\/2023\/09\/43030.jpg\" \/>\n\t<meta property=\"og:image:width\" content=\"270\" \/>\n\t<meta property=\"og:image:height\" content=\"270\" \/>\n\t<meta property=\"og:image:type\" content=\"image\/jpeg\" \/>\n<meta name=\"twitter:card\" content=\"summary_large_image\" \/>\n<meta name=\"twitter:label1\" content=\"Tiempo de lectura\" \/>\n\t<meta name=\"twitter:data1\" content=\"3 minutos\" \/>\n<script type=\"application\/ld+json\" class=\"yoast-schema-graph\">{\"@context\":\"https:\/\/schema.org\",\"@graph\":[{\"@type\":\"WebPage\",\"@id\":\"https:\/\/abaa.mx\/tienda\/dwyer-43030-presosta-manometro-capsu-photohelic-0-30w-c\/\",\"url\":\"https:\/\/abaa.mx\/tienda\/dwyer-43030-presosta-manometro-capsu-photohelic-0-30w-c\/\",\"name\":\"Dwyer 43030 presosta-man\u00f3metro capsu-photoh\u00e9lic (0-30\\\"w.c.) - Abaa tienda online\",\"isPartOf\":{\"@id\":\"https:\/\/abaa.mx\/tienda\/#website\"},\"primaryImageOfPage\":{\"@id\":\"https:\/\/abaa.mx\/tienda\/dwyer-43030-presosta-manometro-capsu-photohelic-0-30w-c\/#primaryimage\"},\"image\":{\"@id\":\"https:\/\/abaa.mx\/tienda\/dwyer-43030-presosta-manometro-capsu-photohelic-0-30w-c\/#primaryimage\"},\"thumbnailUrl\":\"https:\/\/abaa.mx\/tienda\/wp-content\/uploads\/2023\/09\/43030.jpg\",\"datePublished\":\"2023-09-27T19:34:18+00:00\",\"dateModified\":\"2023-12-06T19:24:58+00:00\",\"breadcrumb\":{\"@id\":\"https:\/\/abaa.mx\/tienda\/dwyer-43030-presosta-manometro-capsu-photohelic-0-30w-c\/#breadcrumb\"},\"inLanguage\":\"es\",\"potentialAction\":[{\"@type\":\"ReadAction\",\"target\":[\"https:\/\/abaa.mx\/tienda\/dwyer-43030-presosta-manometro-capsu-photohelic-0-30w-c\/\"]}]},{\"@type\":\"ImageObject\",\"inLanguage\":\"es\",\"@id\":\"https:\/\/abaa.mx\/tienda\/dwyer-43030-presosta-manometro-capsu-photohelic-0-30w-c\/#primaryimage\",\"url\":\"https:\/\/abaa.mx\/tienda\/wp-content\/uploads\/2023\/09\/43030.jpg\",\"contentUrl\":\"https:\/\/abaa.mx\/tienda\/wp-content\/uploads\/2023\/09\/43030.jpg\",\"width\":270,\"height\":270,\"caption\":\"43030\"},{\"@type\":\"BreadcrumbList\",\"@id\":\"https:\/\/abaa.mx\/tienda\/dwyer-43030-presosta-manometro-capsu-photohelic-0-30w-c\/#breadcrumb\",\"itemListElement\":[{\"@type\":\"ListItem\",\"position\":1,\"name\":\"Inicio\",\"item\":\"https:\/\/abaa.mx\/tienda\/\"},{\"@type\":\"ListItem\",\"position\":2,\"name\":\"Tienda\",\"item\":\"https:\/\/abaa.mx\/tienda\/\"},{\"@type\":\"ListItem\",\"position\":3,\"name\":\"Dwyer 43030 presosta-man\u00f3metro capsu-photoh\u00e9lic (0-30&#8243;w.c.)\"}]},{\"@type\":\"WebSite\",\"@id\":\"https:\/\/abaa.mx\/tienda\/#website\",\"url\":\"https:\/\/abaa.mx\/tienda\/\",\"name\":\"Abaa tienda online\",\"description\":\"Instrumentos de medici\u00f3n\",\"publisher\":{\"@id\":\"https:\/\/abaa.mx\/tienda\/#organization\"},\"potentialAction\":[{\"@type\":\"SearchAction\",\"target\":{\"@type\":\"EntryPoint\",\"urlTemplate\":\"https:\/\/abaa.mx\/tienda\/?s={search_term_string}\"},\"query-input\":{\"@type\":\"PropertyValueSpecification\",\"valueRequired\":true,\"valueName\":\"search_term_string\"}}],\"inLanguage\":\"es\"},{\"@type\":\"Organization\",\"@id\":\"https:\/\/abaa.mx\/tienda\/#organization\",\"name\":\"Abaa tienda online\",\"url\":\"https:\/\/abaa.mx\/tienda\/\",\"logo\":{\"@type\":\"ImageObject\",\"inLanguage\":\"es\",\"@id\":\"https:\/\/abaa.mx\/tienda\/#\/schema\/logo\/image\/\",\"url\":\"https:\/\/abaa.mx\/tienda\/wp-content\/uploads\/2024\/01\/abaa-metrologia-tienda.png\",\"contentUrl\":\"https:\/\/abaa.mx\/tienda\/wp-content\/uploads\/2024\/01\/abaa-metrologia-tienda.png\",\"width\":300,\"height\":141,\"caption\":\"Abaa tienda online\"},\"image\":{\"@id\":\"https:\/\/abaa.mx\/tienda\/#\/schema\/logo\/image\/\"}}]}<\/script>\n<!-- \/ Yoast SEO plugin. -->","yoast_head_json":{"title":"Dwyer 43030 presosta-man\u00f3metro capsu-photoh\u00e9lic (0-30\"w.c.) - Abaa tienda online","robots":{"index":"index","follow":"follow","max-snippet":"max-snippet:-1","max-image-preview":"max-image-preview:large","max-video-preview":"max-video-preview:-1"},"canonical":"https:\/\/abaa.mx\/tienda\/dwyer-43030-presosta-manometro-capsu-photohelic-0-30w-c\/","og_locale":"es_MX","og_type":"article","og_title":"Dwyer 43030 presosta-man\u00f3metro capsu-photoh\u00e9lic (0-30\"w.c.) - Abaa tienda online","og_description":"Dise\u00f1ado para dar una indicaci\u00f3n r\u00e1pida y precisa de las presiones diferenciales. El medidor se puede utilizar como un dispositivo de lectura cuando se miden fluidos que fluyen, ca\u00edda de presi\u00f3n a trav\u00e9s de filtros, niveles de l\u00edquido en tanques de almacenamiento y muchas otras aplicaciones que involucran presi\u00f3n, vac\u00edo o presi\u00f3n diferencial.","og_url":"https:\/\/abaa.mx\/tienda\/dwyer-43030-presosta-manometro-capsu-photohelic-0-30w-c\/","og_site_name":"Abaa tienda online","article_modified_time":"2023-12-06T19:24:58+00:00","og_image":[{"width":270,"height":270,"url":"https:\/\/abaa.mx\/tienda\/wp-content\/uploads\/2023\/09\/43030.jpg","type":"image\/jpeg"}],"twitter_card":"summary_large_image","twitter_misc":{"Tiempo de lectura":"3 minutos"},"schema":{"@context":"https:\/\/schema.org","@graph":[{"@type":"WebPage","@id":"https:\/\/abaa.mx\/tienda\/dwyer-43030-presosta-manometro-capsu-photohelic-0-30w-c\/","url":"https:\/\/abaa.mx\/tienda\/dwyer-43030-presosta-manometro-capsu-photohelic-0-30w-c\/","name":"Dwyer 43030 presosta-man\u00f3metro capsu-photoh\u00e9lic (0-30\"w.c.) - Abaa tienda online","isPartOf":{"@id":"https:\/\/abaa.mx\/tienda\/#website"},"primaryImageOfPage":{"@id":"https:\/\/abaa.mx\/tienda\/dwyer-43030-presosta-manometro-capsu-photohelic-0-30w-c\/#primaryimage"},"image":{"@id":"https:\/\/abaa.mx\/tienda\/dwyer-43030-presosta-manometro-capsu-photohelic-0-30w-c\/#primaryimage"},"thumbnailUrl":"https:\/\/abaa.mx\/tienda\/wp-content\/uploads\/2023\/09\/43030.jpg","datePublished":"2023-09-27T19:34:18+00:00","dateModified":"2023-12-06T19:24:58+00:00","breadcrumb":{"@id":"https:\/\/abaa.mx\/tienda\/dwyer-43030-presosta-manometro-capsu-photohelic-0-30w-c\/#breadcrumb"},"inLanguage":"es","potentialAction":[{"@type":"ReadAction","target":["https:\/\/abaa.mx\/tienda\/dwyer-43030-presosta-manometro-capsu-photohelic-0-30w-c\/"]}]},{"@type":"ImageObject","inLanguage":"es","@id":"https:\/\/abaa.mx\/tienda\/dwyer-43030-presosta-manometro-capsu-photohelic-0-30w-c\/#primaryimage","url":"https:\/\/abaa.mx\/tienda\/wp-content\/uploads\/2023\/09\/43030.jpg","contentUrl":"https:\/\/abaa.mx\/tienda\/wp-content\/uploads\/2023\/09\/43030.jpg","width":270,"height":270,"caption":"43030"},{"@type":"BreadcrumbList","@id":"https:\/\/abaa.mx\/tienda\/dwyer-43030-presosta-manometro-capsu-photohelic-0-30w-c\/#breadcrumb","itemListElement":[{"@type":"ListItem","position":1,"name":"Inicio","item":"https:\/\/abaa.mx\/tienda\/"},{"@type":"ListItem","position":2,"name":"Tienda","item":"https:\/\/abaa.mx\/tienda\/"},{"@type":"ListItem","position":3,"name":"Dwyer 43030 presosta-man\u00f3metro capsu-photoh\u00e9lic (0-30&#8243;w.c.)"}]},{"@type":"WebSite","@id":"https:\/\/abaa.mx\/tienda\/#website","url":"https:\/\/abaa.mx\/tienda\/","name":"Abaa tienda online","description":"Instrumentos de medici\u00f3n","publisher":{"@id":"https:\/\/abaa.mx\/tienda\/#organization"},"potentialAction":[{"@type":"SearchAction","target":{"@type":"EntryPoint","urlTemplate":"https:\/\/abaa.mx\/tienda\/?s={search_term_string}"},"query-input":{"@type":"PropertyValueSpecification","valueRequired":true,"valueName":"search_term_string"}}],"inLanguage":"es"},{"@type":"Organization","@id":"https:\/\/abaa.mx\/tienda\/#organization","name":"Abaa tienda online","url":"https:\/\/abaa.mx\/tienda\/","logo":{"@type":"ImageObject","inLanguage":"es","@id":"https:\/\/abaa.mx\/tienda\/#\/schema\/logo\/image\/","url":"https:\/\/abaa.mx\/tienda\/wp-content\/uploads\/2024\/01\/abaa-metrologia-tienda.png","contentUrl":"https:\/\/abaa.mx\/tienda\/wp-content\/uploads\/2024\/01\/abaa-metrologia-tienda.png","width":300,"height":141,"caption":"Abaa tienda online"},"image":{"@id":"https:\/\/abaa.mx\/tienda\/#\/schema\/logo\/image\/"}}]}},"_links":{"self":[{"href":"https:\/\/abaa.mx\/tienda\/wp-json\/wp\/v2\/product\/3301","targetHints":{"allow":["GET"]}}],"collection":[{"href":"https:\/\/abaa.mx\/tienda\/wp-json\/wp\/v2\/product"}],"about":[{"href":"https:\/\/abaa.mx\/tienda\/wp-json\/wp\/v2\/types\/product"}],"replies":[{"embeddable":true,"href":"https:\/\/abaa.mx\/tienda\/wp-json\/wp\/v2\/comments?post=3301"}],"wp:featuredmedia":[{"embeddable":true,"href":"https:\/\/abaa.mx\/tienda\/wp-json\/wp\/v2\/media\/3311"}],"wp:attachment":[{"href":"https:\/\/abaa.mx\/tienda\/wp-json\/wp\/v2\/media?parent=3301"}],"wp:term":[{"taxonomy":"product_brand","embeddable":true,"href":"https:\/\/abaa.mx\/tienda\/wp-json\/wp\/v2\/product_brand?post=3301"},{"taxonomy":"product_cat","embeddable":true,"href":"https:\/\/abaa.mx\/tienda\/wp-json\/wp\/v2\/product_cat?post=3301"},{"taxonomy":"product_tag","embeddable":true,"href":"https:\/\/abaa.mx\/tienda\/wp-json\/wp\/v2\/product_tag?post=3301"}],"curies":[{"name":"wp","href":"https:\/\/api.w.org\/{rel}","templated":true}]}}